{"id":22614,"date":"2023-05-12T19:55:18","date_gmt":"2023-05-12T17:55:18","guid":{"rendered":"https:\/\/gesundheitsberatung.com\/tierheilkunde\/?post_type=product&#038;p=22614"},"modified":"2025-06-25T09:42:12","modified_gmt":"2025-06-25T07:42:12","slug":"m-gemueth","status":"publish","type":"product","link":"https:\/\/gesundheitsberatung.com\/tierheilkunde\/online-beratung\/tierpsychologen-tierverhaltensberater\/m-gemueth\/","title":{"rendered":"M. Gem\u00fcth"},"content":{"rendered":"<p><span class=\"hinweis_text_single_berater\">* Hund * Katze * Pferd * Naturheilkunde &#8211; TCM &#8211; Verhalten &#8211; Ern\u00e4hrung *<\/span><\/p>\n<p>Hallo und guten Tag,<\/p>\n<p>mein Name ist Michaela Gem\u00fcth.<br \/>\nIch bin Tierheilpraktikerin und Tierpsychologin und betreibe eine mobile Praxis f\u00fcr Naturheilkunde und Verhaltenstherapie f\u00fcr Hunde, Katzen und Pferde.<\/p>\n<p>In meiner ganzheitlichen Arbeit nutze ich die Hom\u00f6opathie, Pflanzenheilkunde, TCM, Kinesiologie u.a. Methoden, um Ihnen und Ihrem Vierbeiner sowohl bei chronischen als auch akuten Situationen mit Rat und Tat zur Seite zu stehen.<\/p>\n<p>Seit vielen Jahren engagiere ich mich auch im Tierschutz und kenne die Schwierigkeiten von Tieren aus 2. Hand\/Tierschutz, die Probleme der Neuank\u00f6mmlinge und die Anzeichen und Auswirkungen von Stress beim Transport, der Futterumstellung bis zur Gew\u00f6hnung an die vielf\u00e4ltigen und neuen Reize im neuen Leben sehr genau. <br \/>\nIch helfe gern schon im Vorfeld den passenden Kandidaten auszuw\u00e4hlen, die richtigen Weichen zu stellen oder bei Fragen zur Erziehung und Verhaltensproblemen.<\/p>\n<p>Rufen Sie mich gern an. Ich freue mich, Ihnen und Ihrem Liebling zu helfen, <\/p>\n<p>Ihre Michaela Gem\u00fcth<span class=\"display_none\">6548<\/span><\/p>\n","protected":false},"excerpt":{"rendered":"<p>Tierheilkunde u. Psychologie\/Stress, Hom\u00f6opathie, Pflanzenheilkunde, Bachbl\u00fcten, Sch\u00fcssler, TCM, Ern\u00e4hrung\/Futtercheck, Bewegungsapparat, Haut, Darm<\/p>\n","protected":false},"featured_media":0,"comment_status":"open","ping_status":"closed","template":"","meta":[],"product_cat":[],"product_tag":[],"class_list":["post-22614","product","type-product","status-publish","hentry","online_berater-ernaehrungsberater-fuer-tiere","online_berater-tierheilpraktiker-osteopathen","online_berater-tierpsychologen-tierverhaltensberater"],"yoast_head":"<!-- This site is optimized with the Yoast SEO plugin v26.0 - https:\/\/yoast.com\/wordpress\/plugins\/seo\/ -->\n<title>M. Gem\u00fcth &#187; Ern\u00e4hrungsberater f\u00fcr Tiere, Tierheilpraktiker, Tierpsychologen \/ Tierverhaltensberater &#187; Vistano \u260e Beratung<\/title>\n<meta name=\"description\" content=\"Vistano Ern\u00e4hrungsberater f\u00fcr Tiere, Tierheilpraktiker, Tierpsychologen \/ Tierverhaltensberater &#187; Tierheilkunde u. Psychologie\/Stress, Hom\u00f6opathie, Pflanzenheilkunde, Bachbl\u00fcten, Sch\u00fcssler, TCM, Ern\u00e4hrung\/Futtercheck, Bewegungsapparat, Haut, Darm\" \/>\n<meta name=\"robots\" content=\"index, follow, max-snippet:-1, max-image-preview:large, max-video-preview:-1\" \/>\n<link rel=\"canonical\" href=\"https:\/\/gesundheitsberatung.com\/tierheilkunde\/online-beratung\/tierpsychologen-tierverhaltensberater\/m-gemueth\/\" \/>\n<meta property=\"og:locale\" content=\"de_DE\" \/>\n<meta property=\"og:type\" content=\"article\" \/>\n<meta property=\"og:title\" content=\"M. Gem\u00fcth &#187; Ern\u00e4hrungsberater f\u00fcr Tiere, Tierheilpraktiker, Tierpsychologen \/ Tierverhaltensberater &#187; Vistano \u260e Beratung\" \/>\n<meta property=\"og:description\" content=\"Vistano Ern\u00e4hrungsberater f\u00fcr Tiere, Tierheilpraktiker, Tierpsychologen \/ Tierverhaltensberater &#187; Tierheilkunde u. Psychologie\/Stress, Hom\u00f6opathie, Pflanzenheilkunde, Bachbl\u00fcten, Sch\u00fcssler, TCM, Ern\u00e4hrung\/Futtercheck, Bewegungsapparat, Haut, Darm\" \/>\n<meta property=\"og:url\" content=\"https:\/\/gesundheitsberatung.com\/tierheilkunde\/online-beratung\/tierpsychologen-tierverhaltensberater\/m-gemueth\/\" \/>\n<meta property=\"og:site_name\" content=\"Tierheilkunde\" \/>\n<meta property=\"article:publisher\" content=\"https:\/\/www.facebook.com\/tierheilkunde\/\" \/>\n<meta property=\"article:modified_time\" content=\"2025-06-25T07:42:12+00:00\" \/>\n<meta property=\"og:image\" content=\"https:\/\/gesundheitsberatung.com\/tierheilkunde\/wp-content\/uploads\/sites\/5\/tierheilkunde-icon.jpg\" \/>\n\t<meta property=\"og:image:width\" content=\"200\" \/>\n\t<meta property=\"og:image:height\" content=\"200\" \/>\n\t<meta property=\"og:image:type\" content=\"image\/jpeg\" \/>\n<meta name=\"twitter:card\" content=\"summary_large_image\" \/>\n<meta name=\"twitter:site\" content=\"@Vistano\" \/>\n<script type=\"application\/ld+json\" class=\"yoast-schema-graph\">{\"@context\":\"https:\/\/schema.org\",\"@graph\":[{\"@type\":\"WebPage\",\"@id\":\"https:\/\/gesundheitsberatung.com\/tierheilkunde\/online-beratung\/tierpsychologen-tierverhaltensberater\/m-gemueth\/\",\"url\":\"https:\/\/gesundheitsberatung.com\/tierheilkunde\/online-beratung\/tierpsychologen-tierverhaltensberater\/m-gemueth\/\",\"name\":\"M. Gem\u00fcth &#187; Ern\u00e4hrungsberater f\u00fcr Tiere, Tierheilpraktiker, Tierpsychologen \/ Tierverhaltensberater &#187; Vistano \u260e Beratung\",\"isPartOf\":{\"@id\":\"https:\/\/gesundheitsberatung.com\/tierheilkunde\/#website\"},\"datePublished\":\"2023-05-12T17:55:18+00:00\",\"dateModified\":\"2025-06-25T07:42:12+00:00\",\"description\":\"Vistano Ern\u00e4hrungsberater f\u00fcr Tiere, Tierheilpraktiker, Tierpsychologen \/ Tierverhaltensberater &#187; Tierheilkunde u. Psychologie\/Stress, Hom\u00f6opathie, Pflanzenheilkunde, Bachbl\u00fcten, Sch\u00fcssler, TCM, Ern\u00e4hrung\/Futtercheck, Bewegungsapparat, Haut, Darm\",\"breadcrumb\":{\"@id\":\"https:\/\/gesundheitsberatung.com\/tierheilkunde\/online-beratung\/tierpsychologen-tierverhaltensberater\/m-gemueth\/#breadcrumb\"},\"inLanguage\":\"de\",\"potentialAction\":[{\"@type\":\"ReadAction\",\"target\":[\"https:\/\/gesundheitsberatung.com\/tierheilkunde\/online-beratung\/tierpsychologen-tierverhaltensberater\/m-gemueth\/\"]}]},{\"@type\":\"BreadcrumbList\",\"@id\":\"https:\/\/gesundheitsberatung.com\/tierheilkunde\/online-beratung\/tierpsychologen-tierverhaltensberater\/m-gemueth\/#breadcrumb\",\"itemListElement\":[{\"@type\":\"ListItem\",\"position\":1,\"name\":\"Home\",\"item\":\"https:\/\/gesundheitsberatung.com\/tierheilkunde\/\"},{\"@type\":\"ListItem\",\"position\":2,\"name\":\"Produkte\",\"item\":\"https:\/\/gesundheitsberatung.com\/tierheilkunde\/shop\/\"},{\"@type\":\"ListItem\",\"position\":3,\"name\":\"Online Beratung\",\"item\":\"https:\/\/gesundheitsberatung.com\/tierheilkunde\/online_berater\/online-beratung\/\"},{\"@type\":\"ListItem\",\"position\":4,\"name\":\"Ern\u00e4hrungsberater f\u00fcr Tiere\",\"item\":\"https:\/\/gesundheitsberatung.com\/tierheilkunde\/online_berater\/ernaehrungsberater-fuer-tiere\/\"},{\"@type\":\"ListItem\",\"position\":5,\"name\":\"M. Gem\u00fcth\"}]},{\"@type\":\"WebSite\",\"@id\":\"https:\/\/gesundheitsberatung.com\/tierheilkunde\/#website\",\"url\":\"https:\/\/gesundheitsberatung.com\/tierheilkunde\/\",\"name\":\"Tierheilkunde\",\"description\":\"Tierheilkunde \u260e Beratung f\u00fcr Nutz- &amp; Haustiere! Jetzt Gratis-Beratung sichern: \u2714 Tier\u00e4rzte \u2714 Tier-Heilpraktiker \u2714 Tier-Hom\u00f6opathen \u2714 Tiertrainer \u2714 Verhaltensberater \u2714 Tier-Psychologen bei Vistano Tierheilkunde.\",\"potentialAction\":[{\"@type\":\"SearchAction\",\"target\":{\"@type\":\"EntryPoint\",\"urlTemplate\":\"https:\/\/gesundheitsberatung.com\/tierheilkunde\/?s={search_term_string}\"},\"query-input\":{\"@type\":\"PropertyValueSpecification\",\"valueRequired\":true,\"valueName\":\"search_term_string\"}}],\"inLanguage\":\"de\"}]}<\/script>\n<!-- \/ Yoast SEO plugin. -->","yoast_head_json":{"title":"M. Gem\u00fcth &#187; Ern\u00e4hrungsberater f\u00fcr Tiere, Tierheilpraktiker, Tierpsychologen \/ Tierverhaltensberater &#187; Vistano \u260e Beratung","description":"Vistano Ern\u00e4hrungsberater f\u00fcr Tiere, Tierheilpraktiker, Tierpsychologen \/ Tierverhaltensberater &#187; Tierheilkunde u. Psychologie\/Stress, Hom\u00f6opathie, Pflanzenheilkunde, Bachbl\u00fcten, Sch\u00fcssler, TCM, Ern\u00e4hrung\/Futtercheck, Bewegungsapparat, Haut, Darm","robots":{"index":"index","follow":"follow","max-snippet":"max-snippet:-1","max-image-preview":"max-image-preview:large","max-video-preview":"max-video-preview:-1"},"canonical":"https:\/\/gesundheitsberatung.com\/tierheilkunde\/online-beratung\/tierpsychologen-tierverhaltensberater\/m-gemueth\/","og_locale":"de_DE","og_type":"article","og_title":"M. Gem\u00fcth &#187; Ern\u00e4hrungsberater f\u00fcr Tiere, Tierheilpraktiker, Tierpsychologen \/ Tierverhaltensberater &#187; Vistano \u260e Beratung","og_description":"Vistano Ern\u00e4hrungsberater f\u00fcr Tiere, Tierheilpraktiker, Tierpsychologen \/ Tierverhaltensberater &#187; Tierheilkunde u. Psychologie\/Stress, Hom\u00f6opathie, Pflanzenheilkunde, Bachbl\u00fcten, Sch\u00fcssler, TCM, Ern\u00e4hrung\/Futtercheck, Bewegungsapparat, Haut, Darm","og_url":"https:\/\/gesundheitsberatung.com\/tierheilkunde\/online-beratung\/tierpsychologen-tierverhaltensberater\/m-gemueth\/","og_site_name":"Tierheilkunde","article_publisher":"https:\/\/www.facebook.com\/tierheilkunde\/","article_modified_time":"2025-06-25T07:42:12+00:00","og_image":[{"width":200,"height":200,"url":"https:\/\/gesundheitsberatung.com\/tierheilkunde\/wp-content\/uploads\/sites\/5\/tierheilkunde-icon.jpg","type":"image\/jpeg"}],"twitter_card":"summary_large_image","twitter_site":"@Vistano","schema":{"@context":"https:\/\/schema.org","@graph":[{"@type":"WebPage","@id":"https:\/\/gesundheitsberatung.com\/tierheilkunde\/online-beratung\/tierpsychologen-tierverhaltensberater\/m-gemueth\/","url":"https:\/\/gesundheitsberatung.com\/tierheilkunde\/online-beratung\/tierpsychologen-tierverhaltensberater\/m-gemueth\/","name":"M. Gem\u00fcth &#187; Ern\u00e4hrungsberater f\u00fcr Tiere, Tierheilpraktiker, Tierpsychologen \/ Tierverhaltensberater &#187; Vistano \u260e Beratung","isPartOf":{"@id":"https:\/\/gesundheitsberatung.com\/tierheilkunde\/#website"},"datePublished":"2023-05-12T17:55:18+00:00","dateModified":"2025-06-25T07:42:12+00:00","description":"Vistano Ern\u00e4hrungsberater f\u00fcr Tiere, Tierheilpraktiker, Tierpsychologen \/ Tierverhaltensberater &#187; Tierheilkunde u. Psychologie\/Stress, Hom\u00f6opathie, Pflanzenheilkunde, Bachbl\u00fcten, Sch\u00fcssler, TCM, Ern\u00e4hrung\/Futtercheck, Bewegungsapparat, Haut, Darm","breadcrumb":{"@id":"https:\/\/gesundheitsberatung.com\/tierheilkunde\/online-beratung\/tierpsychologen-tierverhaltensberater\/m-gemueth\/#breadcrumb"},"inLanguage":"de","potentialAction":[{"@type":"ReadAction","target":["https:\/\/gesundheitsberatung.com\/tierheilkunde\/online-beratung\/tierpsychologen-tierverhaltensberater\/m-gemueth\/"]}]},{"@type":"BreadcrumbList","@id":"https:\/\/gesundheitsberatung.com\/tierheilkunde\/online-beratung\/tierpsychologen-tierverhaltensberater\/m-gemueth\/#breadcrumb","itemListElement":[{"@type":"ListItem","position":1,"name":"Home","item":"https:\/\/gesundheitsberatung.com\/tierheilkunde\/"},{"@type":"ListItem","position":2,"name":"Produkte","item":"https:\/\/gesundheitsberatung.com\/tierheilkunde\/shop\/"},{"@type":"ListItem","position":3,"name":"Online Beratung","item":"https:\/\/gesundheitsberatung.com\/tierheilkunde\/online_berater\/online-beratung\/"},{"@type":"ListItem","position":4,"name":"Ern\u00e4hrungsberater f\u00fcr Tiere","item":"https:\/\/gesundheitsberatung.com\/tierheilkunde\/online_berater\/ernaehrungsberater-fuer-tiere\/"},{"@type":"ListItem","position":5,"name":"M. Gem\u00fcth"}]},{"@type":"WebSite","@id":"https:\/\/gesundheitsberatung.com\/tierheilkunde\/#website","url":"https:\/\/gesundheitsberatung.com\/tierheilkunde\/","name":"Tierheilkunde","description":"Tierheilkunde \u260e Beratung f\u00fcr Nutz- &amp; Haustiere! Jetzt Gratis-Beratung sichern: \u2714 Tier\u00e4rzte \u2714 Tier-Heilpraktiker \u2714 Tier-Hom\u00f6opathen \u2714 Tiertrainer \u2714 Verhaltensberater \u2714 Tier-Psychologen bei Vistano Tierheilkunde.","potentialAction":[{"@type":"SearchAction","target":{"@type":"EntryPoint","urlTemplate":"https:\/\/gesundheitsberatung.com\/tierheilkunde\/?s={search_term_string}"},"query-input":{"@type":"PropertyValueSpecification","valueRequired":true,"valueName":"search_term_string"}}],"inLanguage":"de"}]}},"_links":{"self":[{"href":"https:\/\/gesundheitsberatung.com\/tierheilkunde\/wp-json\/wp\/v2\/product\/22614","targetHints":{"allow":["GET"]}}],"collection":[{"href":"https:\/\/gesundheitsberatung.com\/tierheilkunde\/wp-json\/wp\/v2\/product"}],"about":[{"href":"https:\/\/gesundheitsberatung.com\/tierheilkunde\/wp-json\/wp\/v2\/types\/product"}],"replies":[{"embeddable":true,"href":"https:\/\/gesundheitsberatung.com\/tierheilkunde\/wp-json\/wp\/v2\/comments?post=22614"}],"wp:attachment":[{"href":"https:\/\/gesundheitsberatung.com\/tierheilkunde\/wp-json\/wp\/v2\/media?parent=22614"}],"wp:term":[{"taxonomy":"product_cat","embeddable":true,"href":"https:\/\/gesundheitsberatung.com\/tierheilkunde\/wp-json\/wp\/v2\/product_cat?post=22614"},{"taxonomy":"product_tag","embeddable":true,"href":"https:\/\/gesundheitsberatung.com\/tierheilkunde\/wp-json\/wp\/v2\/product_tag?post=22614"}],"curies":[{"name":"wp","href":"https:\/\/api.w.org\/{rel}","templated":true}]}}