{"id":19391,"date":"2021-02-11T19:26:33","date_gmt":"2021-02-11T18:26:33","guid":{"rendered":"https:\/\/gesundheitsberatung.com\/tierheilkunde\/?post_type=product&#038;p=19391"},"modified":"2025-11-28T23:00:04","modified_gmt":"2025-11-28T22:00:04","slug":"k-greifendorf","status":"publish","type":"product","link":"https:\/\/gesundheitsberatung.com\/tierheilkunde\/online-beratung\/tierkommunikation\/k-greifendorf\/","title":{"rendered":"K. Greifendorf"},"content":{"rendered":"<p><span class=\"hinweis_text_single_berater\">Du bist auf der Suche nach jemandem, der dein Tier wortlos versteht? Ich bin da.<\/span><\/p>\n<p>\u00dcber die intuitive Tierkommunikation kann man Gedanken, W\u00fcnsche und Sorgen der Tiere erfahren, die einem sonst verborgen geblieben w\u00e4ren. Dadurch kann man sein Tier besser verstehen und bei Problemen L\u00f6sungsans\u00e4tze finden. Diese Methode erm\u00f6glicht es auch, neben den Fragen, die Sie an Ihr Tier haben, Ihre Botschaften zu \u00fcberbringen.<\/p>\n<p>Ben\u00f6tigt dein Tier meine Hilfe, finde ich heraus, wo es Schmerzen oder Blockaden hat. Diese k\u00f6nnen dann mit der Energiearbeit (der Matrix) erfolgreich minimiert werden oder sogar ganz verschwinden.<\/p>\n<p>Ich setze mich mit dir oder deinem Tier in Verbindung und erstelle dir die Ergebnisse gerne &#8211; auf Wunsch- auch schriftlich. Ich freue mich von dir zu h\u00f6ren!<br \/>\n<span class=\"display_none\">6439<\/span><\/p>\n","protected":false},"excerpt":{"rendered":"<p>Mit der Tierkommunikation stelle ich durch einen Kanal die Herzverbindung zum Tier her und kann somit direkte Botschaften telepathisch empfangen.<\/p>\n","protected":false},"featured_media":112928,"comment_status":"open","ping_status":"closed","template":"","meta":[],"product_cat":[],"product_tag":[],"class_list":["post-19391","product","type-product","status-publish","has-post-thumbnail","hentry","online_berater-tierkommunikation"],"yoast_head":"<!-- This site is optimized with the Yoast SEO plugin v26.0 - https:\/\/yoast.com\/wordpress\/plugins\/seo\/ -->\n<title>K. Greifendorf &#187; Tierkommunikation &#187; Vistano \u260e Beratung<\/title>\n<meta name=\"description\" content=\"Vistano Tierkommunikation &#187; Mit der Tierkommunikation stelle ich durch einen Kanal die Herzverbindung zum Tier her und kann somit direkte Botschaften telepathisch empfangen.\" \/>\n<meta name=\"robots\" content=\"index, follow, max-snippet:-1, max-image-preview:large, max-video-preview:-1\" \/>\n<link rel=\"canonical\" href=\"https:\/\/gesundheitsberatung.com\/tierheilkunde\/online-beratung\/tierkommunikation\/k-greifendorf\/\" \/>\n<meta property=\"og:locale\" content=\"de_DE\" \/>\n<meta property=\"og:type\" content=\"article\" \/>\n<meta property=\"og:title\" content=\"K. Greifendorf &#187; Tierkommunikation &#187; Vistano \u260e Beratung\" \/>\n<meta property=\"og:description\" content=\"Vistano Tierkommunikation &#187; Mit der Tierkommunikation stelle ich durch einen Kanal die Herzverbindung zum Tier her und kann somit direkte Botschaften telepathisch empfangen.\" \/>\n<meta property=\"og:url\" content=\"https:\/\/gesundheitsberatung.com\/tierheilkunde\/online-beratung\/tierkommunikation\/k-greifendorf\/\" \/>\n<meta property=\"og:site_name\" content=\"Tierheilkunde\" \/>\n<meta property=\"article:publisher\" content=\"https:\/\/www.facebook.com\/tierheilkunde\/\" \/>\n<meta property=\"article:modified_time\" content=\"2025-11-28T22:00:04+00:00\" \/>\n<meta property=\"og:image\" content=\"https:\/\/gesundheitsberatung.com\/tierheilkunde\/wp-content\/uploads\/sites\/5\/k-greifendorf-tierkommunikation-vistano-berater-id-6439-1-1030x1030.jpg\" \/>\n\t<meta property=\"og:image:width\" content=\"1030\" \/>\n\t<meta property=\"og:image:height\" content=\"1030\" \/>\n\t<meta property=\"og:image:type\" content=\"image\/jpeg\" \/>\n<meta name=\"twitter:card\" content=\"summary_large_image\" \/>\n<meta name=\"twitter:site\" content=\"@Vistano\" \/>\n<script type=\"application\/ld+json\" class=\"yoast-schema-graph\">{\"@context\":\"https:\/\/schema.org\",\"@graph\":[{\"@type\":\"WebPage\",\"@id\":\"https:\/\/gesundheitsberatung.com\/tierheilkunde\/online-beratung\/tierkommunikation\/k-greifendorf\/\",\"url\":\"https:\/\/gesundheitsberatung.com\/tierheilkunde\/online-beratung\/tierkommunikation\/k-greifendorf\/\",\"name\":\"K. Greifendorf &#187; Tierkommunikation &#187; Vistano \u260e Beratung\",\"isPartOf\":{\"@id\":\"https:\/\/gesundheitsberatung.com\/tierheilkunde\/#website\"},\"primaryImageOfPage\":{\"@id\":\"https:\/\/gesundheitsberatung.com\/tierheilkunde\/online-beratung\/tierkommunikation\/k-greifendorf\/#primaryimage\"},\"image\":{\"@id\":\"https:\/\/gesundheitsberatung.com\/tierheilkunde\/online-beratung\/tierkommunikation\/k-greifendorf\/#primaryimage\"},\"thumbnailUrl\":\"https:\/\/gesundheitsberatung.com\/tierheilkunde\/wp-content\/uploads\/sites\/5\/k-greifendorf-tierkommunikation-vistano-berater-id-6439.jpg\",\"datePublished\":\"2021-02-11T18:26:33+00:00\",\"dateModified\":\"2025-11-28T22:00:04+00:00\",\"description\":\"Vistano Tierkommunikation &#187; Mit der Tierkommunikation stelle ich durch einen Kanal die Herzverbindung zum Tier her und kann somit direkte Botschaften telepathisch empfangen.\",\"breadcrumb\":{\"@id\":\"https:\/\/gesundheitsberatung.com\/tierheilkunde\/online-beratung\/tierkommunikation\/k-greifendorf\/#breadcrumb\"},\"inLanguage\":\"de\",\"potentialAction\":[{\"@type\":\"ReadAction\",\"target\":[\"https:\/\/gesundheitsberatung.com\/tierheilkunde\/online-beratung\/tierkommunikation\/k-greifendorf\/\"]}]},{\"@type\":\"ImageObject\",\"inLanguage\":\"de\",\"@id\":\"https:\/\/gesundheitsberatung.com\/tierheilkunde\/online-beratung\/tierkommunikation\/k-greifendorf\/#primaryimage\",\"url\":\"https:\/\/gesundheitsberatung.com\/tierheilkunde\/wp-content\/uploads\/sites\/5\/k-greifendorf-tierkommunikation-vistano-berater-id-6439.jpg\",\"contentUrl\":\"https:\/\/gesundheitsberatung.com\/tierheilkunde\/wp-content\/uploads\/sites\/5\/k-greifendorf-tierkommunikation-vistano-berater-id-6439.jpg\",\"width\":2369,\"height\":2369,\"caption\":\"Tierkommunikation K. Greifendorf - Berater-ID: 6439\"},{\"@type\":\"BreadcrumbList\",\"@id\":\"https:\/\/gesundheitsberatung.com\/tierheilkunde\/online-beratung\/tierkommunikation\/k-greifendorf\/#breadcrumb\",\"itemListElement\":[{\"@type\":\"ListItem\",\"position\":1,\"name\":\"Home\",\"item\":\"https:\/\/gesundheitsberatung.com\/tierheilkunde\/\"},{\"@type\":\"ListItem\",\"position\":2,\"name\":\"Produkte\",\"item\":\"https:\/\/gesundheitsberatung.com\/tierheilkunde\/shop\/\"},{\"@type\":\"ListItem\",\"position\":3,\"name\":\"Online Beratung\",\"item\":\"https:\/\/gesundheitsberatung.com\/tierheilkunde\/online_berater\/online-beratung\/\"},{\"@type\":\"ListItem\",\"position\":4,\"name\":\"Tierkommunikation\",\"item\":\"https:\/\/gesundheitsberatung.com\/tierheilkunde\/online_berater\/tierkommunikation\/\"},{\"@type\":\"ListItem\",\"position\":5,\"name\":\"K. Greifendorf\"}]},{\"@type\":\"WebSite\",\"@id\":\"https:\/\/gesundheitsberatung.com\/tierheilkunde\/#website\",\"url\":\"https:\/\/gesundheitsberatung.com\/tierheilkunde\/\",\"name\":\"Tierheilkunde\",\"description\":\"Tierheilkunde \u260e Beratung f\u00fcr Nutz- &amp; Haustiere! Jetzt Gratis-Beratung sichern: \u2714 Tier\u00e4rzte \u2714 Tier-Heilpraktiker \u2714 Tier-Hom\u00f6opathen \u2714 Tiertrainer \u2714 Verhaltensberater \u2714 Tier-Psychologen bei Vistano Tierheilkunde.\",\"potentialAction\":[{\"@type\":\"SearchAction\",\"target\":{\"@type\":\"EntryPoint\",\"urlTemplate\":\"https:\/\/gesundheitsberatung.com\/tierheilkunde\/?s={search_term_string}\"},\"query-input\":{\"@type\":\"PropertyValueSpecification\",\"valueRequired\":true,\"valueName\":\"search_term_string\"}}],\"inLanguage\":\"de\"}]}<\/script>\n<!-- \/ Yoast SEO plugin. -->","yoast_head_json":{"title":"K. Greifendorf &#187; Tierkommunikation &#187; Vistano \u260e Beratung","description":"Vistano Tierkommunikation &#187; Mit der Tierkommunikation stelle ich durch einen Kanal die Herzverbindung zum Tier her und kann somit direkte Botschaften telepathisch empfangen.","robots":{"index":"index","follow":"follow","max-snippet":"max-snippet:-1","max-image-preview":"max-image-preview:large","max-video-preview":"max-video-preview:-1"},"canonical":"https:\/\/gesundheitsberatung.com\/tierheilkunde\/online-beratung\/tierkommunikation\/k-greifendorf\/","og_locale":"de_DE","og_type":"article","og_title":"K. Greifendorf &#187; Tierkommunikation &#187; Vistano \u260e Beratung","og_description":"Vistano Tierkommunikation &#187; Mit der Tierkommunikation stelle ich durch einen Kanal die Herzverbindung zum Tier her und kann somit direkte Botschaften telepathisch empfangen.","og_url":"https:\/\/gesundheitsberatung.com\/tierheilkunde\/online-beratung\/tierkommunikation\/k-greifendorf\/","og_site_name":"Tierheilkunde","article_publisher":"https:\/\/www.facebook.com\/tierheilkunde\/","article_modified_time":"2025-11-28T22:00:04+00:00","og_image":[{"width":1030,"height":1030,"url":"https:\/\/gesundheitsberatung.com\/tierheilkunde\/wp-content\/uploads\/sites\/5\/k-greifendorf-tierkommunikation-vistano-berater-id-6439-1-1030x1030.jpg","type":"image\/jpeg"}],"twitter_card":"summary_large_image","twitter_site":"@Vistano","schema":{"@context":"https:\/\/schema.org","@graph":[{"@type":"WebPage","@id":"https:\/\/gesundheitsberatung.com\/tierheilkunde\/online-beratung\/tierkommunikation\/k-greifendorf\/","url":"https:\/\/gesundheitsberatung.com\/tierheilkunde\/online-beratung\/tierkommunikation\/k-greifendorf\/","name":"K. Greifendorf &#187; Tierkommunikation &#187; Vistano \u260e Beratung","isPartOf":{"@id":"https:\/\/gesundheitsberatung.com\/tierheilkunde\/#website"},"primaryImageOfPage":{"@id":"https:\/\/gesundheitsberatung.com\/tierheilkunde\/online-beratung\/tierkommunikation\/k-greifendorf\/#primaryimage"},"image":{"@id":"https:\/\/gesundheitsberatung.com\/tierheilkunde\/online-beratung\/tierkommunikation\/k-greifendorf\/#primaryimage"},"thumbnailUrl":"https:\/\/gesundheitsberatung.com\/tierheilkunde\/wp-content\/uploads\/sites\/5\/k-greifendorf-tierkommunikation-vistano-berater-id-6439.jpg","datePublished":"2021-02-11T18:26:33+00:00","dateModified":"2025-11-28T22:00:04+00:00","description":"Vistano Tierkommunikation &#187; Mit der Tierkommunikation stelle ich durch einen Kanal die Herzverbindung zum Tier her und kann somit direkte Botschaften telepathisch empfangen.","breadcrumb":{"@id":"https:\/\/gesundheitsberatung.com\/tierheilkunde\/online-beratung\/tierkommunikation\/k-greifendorf\/#breadcrumb"},"inLanguage":"de","potentialAction":[{"@type":"ReadAction","target":["https:\/\/gesundheitsberatung.com\/tierheilkunde\/online-beratung\/tierkommunikation\/k-greifendorf\/"]}]},{"@type":"ImageObject","inLanguage":"de","@id":"https:\/\/gesundheitsberatung.com\/tierheilkunde\/online-beratung\/tierkommunikation\/k-greifendorf\/#primaryimage","url":"https:\/\/gesundheitsberatung.com\/tierheilkunde\/wp-content\/uploads\/sites\/5\/k-greifendorf-tierkommunikation-vistano-berater-id-6439.jpg","contentUrl":"https:\/\/gesundheitsberatung.com\/tierheilkunde\/wp-content\/uploads\/sites\/5\/k-greifendorf-tierkommunikation-vistano-berater-id-6439.jpg","width":2369,"height":2369,"caption":"Tierkommunikation K. Greifendorf - Berater-ID: 6439"},{"@type":"BreadcrumbList","@id":"https:\/\/gesundheitsberatung.com\/tierheilkunde\/online-beratung\/tierkommunikation\/k-greifendorf\/#breadcrumb","itemListElement":[{"@type":"ListItem","position":1,"name":"Home","item":"https:\/\/gesundheitsberatung.com\/tierheilkunde\/"},{"@type":"ListItem","position":2,"name":"Produkte","item":"https:\/\/gesundheitsberatung.com\/tierheilkunde\/shop\/"},{"@type":"ListItem","position":3,"name":"Online Beratung","item":"https:\/\/gesundheitsberatung.com\/tierheilkunde\/online_berater\/online-beratung\/"},{"@type":"ListItem","position":4,"name":"Tierkommunikation","item":"https:\/\/gesundheitsberatung.com\/tierheilkunde\/online_berater\/tierkommunikation\/"},{"@type":"ListItem","position":5,"name":"K. Greifendorf"}]},{"@type":"WebSite","@id":"https:\/\/gesundheitsberatung.com\/tierheilkunde\/#website","url":"https:\/\/gesundheitsberatung.com\/tierheilkunde\/","name":"Tierheilkunde","description":"Tierheilkunde \u260e Beratung f\u00fcr Nutz- &amp; Haustiere! Jetzt Gratis-Beratung sichern: \u2714 Tier\u00e4rzte \u2714 Tier-Heilpraktiker \u2714 Tier-Hom\u00f6opathen \u2714 Tiertrainer \u2714 Verhaltensberater \u2714 Tier-Psychologen bei Vistano Tierheilkunde.","potentialAction":[{"@type":"SearchAction","target":{"@type":"EntryPoint","urlTemplate":"https:\/\/gesundheitsberatung.com\/tierheilkunde\/?s={search_term_string}"},"query-input":{"@type":"PropertyValueSpecification","valueRequired":true,"valueName":"search_term_string"}}],"inLanguage":"de"}]}},"_links":{"self":[{"href":"https:\/\/gesundheitsberatung.com\/tierheilkunde\/wp-json\/wp\/v2\/product\/19391","targetHints":{"allow":["GET"]}}],"collection":[{"href":"https:\/\/gesundheitsberatung.com\/tierheilkunde\/wp-json\/wp\/v2\/product"}],"about":[{"href":"https:\/\/gesundheitsberatung.com\/tierheilkunde\/wp-json\/wp\/v2\/types\/product"}],"replies":[{"embeddable":true,"href":"https:\/\/gesundheitsberatung.com\/tierheilkunde\/wp-json\/wp\/v2\/comments?post=19391"}],"wp:featuredmedia":[{"embeddable":true,"href":"https:\/\/gesundheitsberatung.com\/tierheilkunde\/wp-json\/wp\/v2\/media\/112928"}],"wp:attachment":[{"href":"https:\/\/gesundheitsberatung.com\/tierheilkunde\/wp-json\/wp\/v2\/media?parent=19391"}],"wp:term":[{"taxonomy":"product_cat","embeddable":true,"href":"https:\/\/gesundheitsberatung.com\/tierheilkunde\/wp-json\/wp\/v2\/product_cat?post=19391"},{"taxonomy":"product_tag","embeddable":true,"href":"https:\/\/gesundheitsberatung.com\/tierheilkunde\/wp-json\/wp\/v2\/product_tag?post=19391"}],"curies":[{"name":"wp","href":"https:\/\/api.w.org\/{rel}","templated":true}]}}