{"id":16631,"date":"2017-06-30T13:08:05","date_gmt":"2017-06-30T11:08:05","guid":{"rendered":"https:\/\/gesundheitsberatung.com\/tierheilkunde\/?post_type=product&#038;p=16631"},"modified":"2022-03-05T07:36:02","modified_gmt":"2022-03-05T06:36:02","slug":"i-mastrovita","status":"publish","type":"product","link":"https:\/\/gesundheitsberatung.com\/tierheilkunde\/online-beratung\/tierpsychologen-tierverhaltensberater\/i-mastrovita\/","title":{"rendered":"I. Mastrovita"},"content":{"rendered":"<p><span class=\"hinweis_text_single_berater\">T\u00e4glich mit kleinen Pausen erreichbar<\/span><\/p>\n<p>Tierheilkunde mit Herz<\/p>\n<p>Geboren wurde ich 1976 im sch\u00f6nen Baden-W\u00fcrttemberg und hatte das Gl\u00fcck mit einem ganzen Potpourri an Tieren, darunter Pferde, Hasen, Katzen, Hunde und H\u00fchnern, gro\u00df zu werden. Die Liebe und Verbindung zu allen Tieren war und ist seit meiner j\u00fcngsten Kindheit sehr stark ausgepr\u00e4gt.<\/p>\n<p>Aufgrund immer wieder kehrender verschiedener Krankheiten meiner geliebten Tieren, begann ich 2007, mich mit der Tierheilkunde auseinanderzusetzen und war von den nachhaltigen Ergebnissen \u00fcberw\u00e4ltigt. <br \/>\nSeit 2010 arbeite ich aus vollster \u00dcberzeugung als Tierheilpraktikerin und vermittle mit Herzblut zwischen den Menschen und Ihren Tieren.<br \/>\nWas ich in all den Jahren gelernt habe ist, dass ***K\u00d6RPER &amp; SEELE IM EINKLANG*** stehen.<\/p>\n<p>Ich bin f\u00fcr Euch da mit viel Gef\u00fchl und Empathie:<\/p>\n<p>*F\u00fcr ein besseres Verst\u00e4ndnis zwischen Mensch &amp; Tier<br \/>\n*Was denkt &amp; f\u00fchlt mein Tier?<br \/>\n*Was spiegelt mir mein Tier ?<br \/>\n*Hellf\u00fchlige Beratung zu all deinen Fragen &amp; Sorgen<br \/>\n*Erkennen und l\u00f6sen von k\u00f6rperlichen &amp; seelischen Blockaden<br \/>\n*Energetische Fernbehandlungen (Tier-Reiki)<br \/>\n*Beratung zu allen Fragen der Haltung, Hom\u00f6opathie, Verhalten und Wesen  <\/p>\n<p>Ich freue mich sehr auf Dich &amp; Deine Fellnase!<\/p>\n<p>Herzlichst, Isabelle<span class=\"display_none\">6130<\/span><\/p>\n","protected":false},"excerpt":{"rendered":"<p>Tierheilkunde mit Herz, Seelengespr\u00e4che, liebevolle und hellsichtige Beratung f\u00fcr Deinen Liebling!<\/p>\n","protected":false},"featured_media":16633,"comment_status":"open","ping_status":"closed","template":"","meta":[],"product_cat":[],"product_tag":[],"class_list":["post-16631","product","type-product","status-publish","has-post-thumbnail","hentry","online_berater-tierheilpraktiker-osteopathen","online_berater-tierpsychologen-tierverhaltensberater"],"yoast_head":"<!-- This site is optimized with the Yoast SEO plugin v26.0 - https:\/\/yoast.com\/wordpress\/plugins\/seo\/ -->\n<title>I. Mastrovita &#187; Tierheilpraktiker, Tierpsychologen \/ Tierverhaltensberater &#187; Vistano \u260e Beratung<\/title>\n<meta name=\"description\" content=\"Vistano Tierheilpraktiker, Tierpsychologen \/ Tierverhaltensberater &#187; Tierheilkunde mit Herz, Seelengespr\u00e4che, liebevolle und hellsichtige Beratung f\u00fcr Deinen Liebling!\" \/>\n<meta name=\"robots\" content=\"index, follow, max-snippet:-1, max-image-preview:large, max-video-preview:-1\" \/>\n<link rel=\"canonical\" href=\"https:\/\/gesundheitsberatung.com\/tierheilkunde\/online-beratung\/tierpsychologen-tierverhaltensberater\/i-mastrovita\/\" \/>\n<meta property=\"og:locale\" content=\"de_DE\" \/>\n<meta property=\"og:type\" content=\"article\" \/>\n<meta property=\"og:title\" content=\"I. Mastrovita &#187; Tierheilpraktiker, Tierpsychologen \/ Tierverhaltensberater &#187; Vistano \u260e Beratung\" \/>\n<meta property=\"og:description\" content=\"Vistano Tierheilpraktiker, Tierpsychologen \/ Tierverhaltensberater &#187; Tierheilkunde mit Herz, Seelengespr\u00e4che, liebevolle und hellsichtige Beratung f\u00fcr Deinen Liebling!\" \/>\n<meta property=\"og:url\" content=\"https:\/\/gesundheitsberatung.com\/tierheilkunde\/online-beratung\/tierpsychologen-tierverhaltensberater\/i-mastrovita\/\" \/>\n<meta property=\"og:site_name\" content=\"Tierheilkunde\" \/>\n<meta property=\"article:publisher\" content=\"https:\/\/www.facebook.com\/tierheilkunde\/\" \/>\n<meta property=\"article:modified_time\" content=\"2022-03-05T06:36:02+00:00\" \/>\n<meta property=\"og:image\" content=\"https:\/\/gesundheitsberatung.com\/tierheilkunde\/wp-content\/uploads\/sites\/5\/i-mastrovita-tierheilpraktiker-osteopathen-vistano-berater-id-6130.jpg\" \/>\n\t<meta property=\"og:image:width\" content=\"800\" \/>\n\t<meta property=\"og:image:height\" content=\"800\" \/>\n\t<meta property=\"og:image:type\" content=\"image\/jpeg\" \/>\n<meta name=\"twitter:card\" content=\"summary_large_image\" \/>\n<meta name=\"twitter:site\" content=\"@Vistano\" \/>\n<script type=\"application\/ld+json\" class=\"yoast-schema-graph\">{\"@context\":\"https:\/\/schema.org\",\"@graph\":[{\"@type\":\"WebPage\",\"@id\":\"https:\/\/gesundheitsberatung.com\/tierheilkunde\/online-beratung\/tierpsychologen-tierverhaltensberater\/i-mastrovita\/\",\"url\":\"https:\/\/gesundheitsberatung.com\/tierheilkunde\/online-beratung\/tierpsychologen-tierverhaltensberater\/i-mastrovita\/\",\"name\":\"I. Mastrovita &#187; Tierheilpraktiker, Tierpsychologen \/ Tierverhaltensberater &#187; Vistano \u260e Beratung\",\"isPartOf\":{\"@id\":\"https:\/\/gesundheitsberatung.com\/tierheilkunde\/#website\"},\"primaryImageOfPage\":{\"@id\":\"https:\/\/gesundheitsberatung.com\/tierheilkunde\/online-beratung\/tierpsychologen-tierverhaltensberater\/i-mastrovita\/#primaryimage\"},\"image\":{\"@id\":\"https:\/\/gesundheitsberatung.com\/tierheilkunde\/online-beratung\/tierpsychologen-tierverhaltensberater\/i-mastrovita\/#primaryimage\"},\"thumbnailUrl\":\"https:\/\/gesundheitsberatung.com\/tierheilkunde\/wp-content\/uploads\/sites\/5\/i-mastrovita-tierheilpraktiker-osteopathen-vistano-berater-id-6130.jpg\",\"datePublished\":\"2017-06-30T11:08:05+00:00\",\"dateModified\":\"2022-03-05T06:36:02+00:00\",\"description\":\"Vistano Tierheilpraktiker, Tierpsychologen \/ Tierverhaltensberater &#187; Tierheilkunde mit Herz, Seelengespr\u00e4che, liebevolle und hellsichtige Beratung f\u00fcr Deinen Liebling!\",\"breadcrumb\":{\"@id\":\"https:\/\/gesundheitsberatung.com\/tierheilkunde\/online-beratung\/tierpsychologen-tierverhaltensberater\/i-mastrovita\/#breadcrumb\"},\"inLanguage\":\"de\",\"potentialAction\":[{\"@type\":\"ReadAction\",\"target\":[\"https:\/\/gesundheitsberatung.com\/tierheilkunde\/online-beratung\/tierpsychologen-tierverhaltensberater\/i-mastrovita\/\"]}]},{\"@type\":\"ImageObject\",\"inLanguage\":\"de\",\"@id\":\"https:\/\/gesundheitsberatung.com\/tierheilkunde\/online-beratung\/tierpsychologen-tierverhaltensberater\/i-mastrovita\/#primaryimage\",\"url\":\"https:\/\/gesundheitsberatung.com\/tierheilkunde\/wp-content\/uploads\/sites\/5\/i-mastrovita-tierheilpraktiker-osteopathen-vistano-berater-id-6130.jpg\",\"contentUrl\":\"https:\/\/gesundheitsberatung.com\/tierheilkunde\/wp-content\/uploads\/sites\/5\/i-mastrovita-tierheilpraktiker-osteopathen-vistano-berater-id-6130.jpg\",\"width\":800,\"height\":800,\"caption\":\"Tierheilpraktiker \/ Osteopathen I. Mastrovita - Berater-ID: 6130\"},{\"@type\":\"BreadcrumbList\",\"@id\":\"https:\/\/gesundheitsberatung.com\/tierheilkunde\/online-beratung\/tierpsychologen-tierverhaltensberater\/i-mastrovita\/#breadcrumb\",\"itemListElement\":[{\"@type\":\"ListItem\",\"position\":1,\"name\":\"Home\",\"item\":\"https:\/\/gesundheitsberatung.com\/tierheilkunde\/\"},{\"@type\":\"ListItem\",\"position\":2,\"name\":\"Produkte\",\"item\":\"https:\/\/gesundheitsberatung.com\/tierheilkunde\/shop\/\"},{\"@type\":\"ListItem\",\"position\":3,\"name\":\"Online Beratung\",\"item\":\"https:\/\/gesundheitsberatung.com\/tierheilkunde\/online_berater\/online-beratung\/\"},{\"@type\":\"ListItem\",\"position\":4,\"name\":\"Tierheilpraktiker\",\"item\":\"https:\/\/gesundheitsberatung.com\/tierheilkunde\/online_berater\/tierheilpraktiker-osteopathen\/\"},{\"@type\":\"ListItem\",\"position\":5,\"name\":\"I. Mastrovita\"}]},{\"@type\":\"WebSite\",\"@id\":\"https:\/\/gesundheitsberatung.com\/tierheilkunde\/#website\",\"url\":\"https:\/\/gesundheitsberatung.com\/tierheilkunde\/\",\"name\":\"Tierheilkunde\",\"description\":\"Tierheilkunde \u260e Beratung f\u00fcr Nutz- &amp; Haustiere! Jetzt Gratis-Beratung sichern: \u2714 Tier\u00e4rzte \u2714 Tier-Heilpraktiker \u2714 Tier-Hom\u00f6opathen \u2714 Tiertrainer \u2714 Verhaltensberater \u2714 Tier-Psychologen bei Vistano Tierheilkunde.\",\"potentialAction\":[{\"@type\":\"SearchAction\",\"target\":{\"@type\":\"EntryPoint\",\"urlTemplate\":\"https:\/\/gesundheitsberatung.com\/tierheilkunde\/?s={search_term_string}\"},\"query-input\":{\"@type\":\"PropertyValueSpecification\",\"valueRequired\":true,\"valueName\":\"search_term_string\"}}],\"inLanguage\":\"de\"}]}<\/script>\n<!-- \/ Yoast SEO plugin. -->","yoast_head_json":{"title":"I. Mastrovita &#187; Tierheilpraktiker, Tierpsychologen \/ Tierverhaltensberater &#187; Vistano \u260e Beratung","description":"Vistano Tierheilpraktiker, Tierpsychologen \/ Tierverhaltensberater &#187; Tierheilkunde mit Herz, Seelengespr\u00e4che, liebevolle und hellsichtige Beratung f\u00fcr Deinen Liebling!","robots":{"index":"index","follow":"follow","max-snippet":"max-snippet:-1","max-image-preview":"max-image-preview:large","max-video-preview":"max-video-preview:-1"},"canonical":"https:\/\/gesundheitsberatung.com\/tierheilkunde\/online-beratung\/tierpsychologen-tierverhaltensberater\/i-mastrovita\/","og_locale":"de_DE","og_type":"article","og_title":"I. Mastrovita &#187; Tierheilpraktiker, Tierpsychologen \/ Tierverhaltensberater &#187; Vistano \u260e Beratung","og_description":"Vistano Tierheilpraktiker, Tierpsychologen \/ Tierverhaltensberater &#187; Tierheilkunde mit Herz, Seelengespr\u00e4che, liebevolle und hellsichtige Beratung f\u00fcr Deinen Liebling!","og_url":"https:\/\/gesundheitsberatung.com\/tierheilkunde\/online-beratung\/tierpsychologen-tierverhaltensberater\/i-mastrovita\/","og_site_name":"Tierheilkunde","article_publisher":"https:\/\/www.facebook.com\/tierheilkunde\/","article_modified_time":"2022-03-05T06:36:02+00:00","og_image":[{"width":800,"height":800,"url":"https:\/\/gesundheitsberatung.com\/tierheilkunde\/wp-content\/uploads\/sites\/5\/i-mastrovita-tierheilpraktiker-osteopathen-vistano-berater-id-6130.jpg","type":"image\/jpeg"}],"twitter_card":"summary_large_image","twitter_site":"@Vistano","schema":{"@context":"https:\/\/schema.org","@graph":[{"@type":"WebPage","@id":"https:\/\/gesundheitsberatung.com\/tierheilkunde\/online-beratung\/tierpsychologen-tierverhaltensberater\/i-mastrovita\/","url":"https:\/\/gesundheitsberatung.com\/tierheilkunde\/online-beratung\/tierpsychologen-tierverhaltensberater\/i-mastrovita\/","name":"I. Mastrovita &#187; Tierheilpraktiker, Tierpsychologen \/ Tierverhaltensberater &#187; Vistano \u260e Beratung","isPartOf":{"@id":"https:\/\/gesundheitsberatung.com\/tierheilkunde\/#website"},"primaryImageOfPage":{"@id":"https:\/\/gesundheitsberatung.com\/tierheilkunde\/online-beratung\/tierpsychologen-tierverhaltensberater\/i-mastrovita\/#primaryimage"},"image":{"@id":"https:\/\/gesundheitsberatung.com\/tierheilkunde\/online-beratung\/tierpsychologen-tierverhaltensberater\/i-mastrovita\/#primaryimage"},"thumbnailUrl":"https:\/\/gesundheitsberatung.com\/tierheilkunde\/wp-content\/uploads\/sites\/5\/i-mastrovita-tierheilpraktiker-osteopathen-vistano-berater-id-6130.jpg","datePublished":"2017-06-30T11:08:05+00:00","dateModified":"2022-03-05T06:36:02+00:00","description":"Vistano Tierheilpraktiker, Tierpsychologen \/ Tierverhaltensberater &#187; Tierheilkunde mit Herz, Seelengespr\u00e4che, liebevolle und hellsichtige Beratung f\u00fcr Deinen Liebling!","breadcrumb":{"@id":"https:\/\/gesundheitsberatung.com\/tierheilkunde\/online-beratung\/tierpsychologen-tierverhaltensberater\/i-mastrovita\/#breadcrumb"},"inLanguage":"de","potentialAction":[{"@type":"ReadAction","target":["https:\/\/gesundheitsberatung.com\/tierheilkunde\/online-beratung\/tierpsychologen-tierverhaltensberater\/i-mastrovita\/"]}]},{"@type":"ImageObject","inLanguage":"de","@id":"https:\/\/gesundheitsberatung.com\/tierheilkunde\/online-beratung\/tierpsychologen-tierverhaltensberater\/i-mastrovita\/#primaryimage","url":"https:\/\/gesundheitsberatung.com\/tierheilkunde\/wp-content\/uploads\/sites\/5\/i-mastrovita-tierheilpraktiker-osteopathen-vistano-berater-id-6130.jpg","contentUrl":"https:\/\/gesundheitsberatung.com\/tierheilkunde\/wp-content\/uploads\/sites\/5\/i-mastrovita-tierheilpraktiker-osteopathen-vistano-berater-id-6130.jpg","width":800,"height":800,"caption":"Tierheilpraktiker \/ Osteopathen I. Mastrovita - Berater-ID: 6130"},{"@type":"BreadcrumbList","@id":"https:\/\/gesundheitsberatung.com\/tierheilkunde\/online-beratung\/tierpsychologen-tierverhaltensberater\/i-mastrovita\/#breadcrumb","itemListElement":[{"@type":"ListItem","position":1,"name":"Home","item":"https:\/\/gesundheitsberatung.com\/tierheilkunde\/"},{"@type":"ListItem","position":2,"name":"Produkte","item":"https:\/\/gesundheitsberatung.com\/tierheilkunde\/shop\/"},{"@type":"ListItem","position":3,"name":"Online Beratung","item":"https:\/\/gesundheitsberatung.com\/tierheilkunde\/online_berater\/online-beratung\/"},{"@type":"ListItem","position":4,"name":"Tierheilpraktiker","item":"https:\/\/gesundheitsberatung.com\/tierheilkunde\/online_berater\/tierheilpraktiker-osteopathen\/"},{"@type":"ListItem","position":5,"name":"I. Mastrovita"}]},{"@type":"WebSite","@id":"https:\/\/gesundheitsberatung.com\/tierheilkunde\/#website","url":"https:\/\/gesundheitsberatung.com\/tierheilkunde\/","name":"Tierheilkunde","description":"Tierheilkunde \u260e Beratung f\u00fcr Nutz- &amp; Haustiere! Jetzt Gratis-Beratung sichern: \u2714 Tier\u00e4rzte \u2714 Tier-Heilpraktiker \u2714 Tier-Hom\u00f6opathen \u2714 Tiertrainer \u2714 Verhaltensberater \u2714 Tier-Psychologen bei Vistano Tierheilkunde.","potentialAction":[{"@type":"SearchAction","target":{"@type":"EntryPoint","urlTemplate":"https:\/\/gesundheitsberatung.com\/tierheilkunde\/?s={search_term_string}"},"query-input":{"@type":"PropertyValueSpecification","valueRequired":true,"valueName":"search_term_string"}}],"inLanguage":"de"}]}},"_links":{"self":[{"href":"https:\/\/gesundheitsberatung.com\/tierheilkunde\/wp-json\/wp\/v2\/product\/16631","targetHints":{"allow":["GET"]}}],"collection":[{"href":"https:\/\/gesundheitsberatung.com\/tierheilkunde\/wp-json\/wp\/v2\/product"}],"about":[{"href":"https:\/\/gesundheitsberatung.com\/tierheilkunde\/wp-json\/wp\/v2\/types\/product"}],"replies":[{"embeddable":true,"href":"https:\/\/gesundheitsberatung.com\/tierheilkunde\/wp-json\/wp\/v2\/comments?post=16631"}],"wp:featuredmedia":[{"embeddable":true,"href":"https:\/\/gesundheitsberatung.com\/tierheilkunde\/wp-json\/wp\/v2\/media\/16633"}],"wp:attachment":[{"href":"https:\/\/gesundheitsberatung.com\/tierheilkunde\/wp-json\/wp\/v2\/media?parent=16631"}],"wp:term":[{"taxonomy":"product_cat","embeddable":true,"href":"https:\/\/gesundheitsberatung.com\/tierheilkunde\/wp-json\/wp\/v2\/product_cat?post=16631"},{"taxonomy":"product_tag","embeddable":true,"href":"https:\/\/gesundheitsberatung.com\/tierheilkunde\/wp-json\/wp\/v2\/product_tag?post=16631"}],"curies":[{"name":"wp","href":"https:\/\/api.w.org\/{rel}","templated":true}]}}