{"id":12752,"date":"2016-08-04T16:54:09","date_gmt":"2016-08-04T14:54:09","guid":{"rendered":"https:\/\/gesundheitsberatung.com\/tierheilkunde\/?post_type=product&#038;p=12752"},"modified":"2020-01-22T14:18:25","modified_gmt":"2020-01-22T13:18:25","slug":"k-grenville","status":"publish","type":"product","link":"https:\/\/gesundheitsberatung.com\/tierheilkunde\/online-beratung\/tierheilpraktiker-osteopathen\/k-grenville\/","title":{"rendered":"K. Grenville"},"content":{"rendered":"<p>Herzlich Willkommen auf meiner Homepage. Ich bin ausgebildete Tierheilpraktikerin, Tierkommunikatorin und Schamanische Heilerin. Es gibt f\u00fcr alles eine Ursache und erst wenn man diese kennt, kann man deren Wirkung beeinflussen. Ich habe mich darauf spezialisiert, diese Ursachen und ihre individuellen L\u00f6sungsm\u00f6glichkeiten herauszufinden, damit Ihr Tier sein nat\u00fcrliches Gleichgewicht wiederfindet und im Einklang mit sich selbst leben kann.Die naturheilkundliche Therapie betrachtet das Tier ganzheitlich und individuell.Die k\u00f6rperliche und energetische Ebene bedingen sich gegenseitig und so sollten bei einer Behandlung immer beide ber\u00fccksichtigt werden. Ich m\u00f6chte Sie bitten, verantwortungsvoll mit Ihrem Tier umzugehen.Bei Unf\u00e4llen, Vergiftungen, Schmerzen etc. sollten Sie bitte zur Erstversorgung und Unterst\u00fctzung umgehend einen Tierarzt aufsuchen.F\u00fcr alle anderen Themen rund um Ihr geliebtes Tier stehe ich Ihnen sehr gerne beratend zur Verf\u00fcgung.Rechtlicher Hinweis:Ferndiagnosen ohne direkten Patientenkontakt sind in Deutschland verboten. <span class=\"display_none\">6024<\/span><\/p>\n","protected":false},"excerpt":{"rendered":"<p>Tierheilpraktiker, Tierkommunikation, Ern\u00e4hrung, Hom\u00f6opathie, Naturheilkunde bei akuten und chronischen Erkrankungen, Allergien, Haut, Verdauung, Knochen&amp;Gelenken, Infektionen, Ursache-Wirkung-Prinzip<\/p>\n","protected":false},"featured_media":16593,"comment_status":"open","ping_status":"closed","template":"","meta":[],"product_cat":[],"product_tag":[],"class_list":["post-12752","product","type-product","status-publish","has-post-thumbnail","hentry","online_berater-tierheilpraktiker-osteopathen"],"yoast_head":"<!-- This site is optimized with the Yoast SEO plugin v26.0 - https:\/\/yoast.com\/wordpress\/plugins\/seo\/ -->\n<title>K. Grenville &#187; Tierheilpraktiker &#187; Vistano \u260e Beratung<\/title>\n<meta name=\"description\" content=\"Vistano Tierheilpraktiker &#187; Tierheilpraktiker, Tierkommunikation, Ern\u00e4hrung, Hom\u00f6opathie, Naturheilkunde bei akuten und chronischen Erkrankungen, Allergien, Haut, Verdauung, Knochen&amp;Gelenken, Infektionen, Ursache-Wirkung-Prinzip\" \/>\n<meta name=\"robots\" content=\"index, follow, max-snippet:-1, max-image-preview:large, max-video-preview:-1\" \/>\n<link rel=\"canonical\" href=\"https:\/\/gesundheitsberatung.com\/tierheilkunde\/online-beratung\/tierheilpraktiker-osteopathen\/k-grenville\/\" \/>\n<meta property=\"og:locale\" content=\"de_DE\" \/>\n<meta property=\"og:type\" content=\"article\" \/>\n<meta property=\"og:title\" content=\"K. Grenville &#187; Tierheilpraktiker &#187; Vistano \u260e Beratung\" \/>\n<meta property=\"og:description\" content=\"Vistano Tierheilpraktiker &#187; Tierheilpraktiker, Tierkommunikation, Ern\u00e4hrung, Hom\u00f6opathie, Naturheilkunde bei akuten und chronischen Erkrankungen, Allergien, Haut, Verdauung, Knochen&amp;Gelenken, Infektionen, Ursache-Wirkung-Prinzip\" \/>\n<meta property=\"og:url\" content=\"https:\/\/gesundheitsberatung.com\/tierheilkunde\/online-beratung\/tierheilpraktiker-osteopathen\/k-grenville\/\" \/>\n<meta property=\"og:site_name\" content=\"Tierheilkunde\" \/>\n<meta property=\"article:publisher\" content=\"https:\/\/www.facebook.com\/tierheilkunde\/\" \/>\n<meta property=\"article:modified_time\" content=\"2020-01-22T13:18:25+00:00\" \/>\n<meta property=\"og:image\" content=\"https:\/\/gesundheitsberatung.com\/tierheilkunde\/wp-content\/uploads\/sites\/5\/k-grenville-tierheilpraktiker-osteopathen-vistano-berater-id-6024.jpg\" \/>\n\t<meta property=\"og:image:width\" content=\"787\" \/>\n\t<meta property=\"og:image:height\" content=\"787\" \/>\n\t<meta property=\"og:image:type\" content=\"image\/jpeg\" \/>\n<meta name=\"twitter:card\" content=\"summary_large_image\" \/>\n<meta name=\"twitter:site\" content=\"@Vistano\" \/>\n<script type=\"application\/ld+json\" class=\"yoast-schema-graph\">{\"@context\":\"https:\/\/schema.org\",\"@graph\":[{\"@type\":\"WebPage\",\"@id\":\"https:\/\/gesundheitsberatung.com\/tierheilkunde\/online-beratung\/tierheilpraktiker-osteopathen\/k-grenville\/\",\"url\":\"https:\/\/gesundheitsberatung.com\/tierheilkunde\/online-beratung\/tierheilpraktiker-osteopathen\/k-grenville\/\",\"name\":\"K. Grenville &#187; Tierheilpraktiker &#187; Vistano \u260e Beratung\",\"isPartOf\":{\"@id\":\"https:\/\/gesundheitsberatung.com\/tierheilkunde\/#website\"},\"primaryImageOfPage\":{\"@id\":\"https:\/\/gesundheitsberatung.com\/tierheilkunde\/online-beratung\/tierheilpraktiker-osteopathen\/k-grenville\/#primaryimage\"},\"image\":{\"@id\":\"https:\/\/gesundheitsberatung.com\/tierheilkunde\/online-beratung\/tierheilpraktiker-osteopathen\/k-grenville\/#primaryimage\"},\"thumbnailUrl\":\"https:\/\/gesundheitsberatung.com\/tierheilkunde\/wp-content\/uploads\/sites\/5\/k-grenville-tierheilpraktiker-osteopathen-vistano-berater-id-6024.jpg\",\"datePublished\":\"2016-08-04T14:54:09+00:00\",\"dateModified\":\"2020-01-22T13:18:25+00:00\",\"description\":\"Vistano Tierheilpraktiker &#187; Tierheilpraktiker, Tierkommunikation, Ern\u00e4hrung, Hom\u00f6opathie, Naturheilkunde bei akuten und chronischen Erkrankungen, Allergien, Haut, Verdauung, Knochen&amp;Gelenken, Infektionen, Ursache-Wirkung-Prinzip\",\"breadcrumb\":{\"@id\":\"https:\/\/gesundheitsberatung.com\/tierheilkunde\/online-beratung\/tierheilpraktiker-osteopathen\/k-grenville\/#breadcrumb\"},\"inLanguage\":\"de\",\"potentialAction\":[{\"@type\":\"ReadAction\",\"target\":[\"https:\/\/gesundheitsberatung.com\/tierheilkunde\/online-beratung\/tierheilpraktiker-osteopathen\/k-grenville\/\"]}]},{\"@type\":\"ImageObject\",\"inLanguage\":\"de\",\"@id\":\"https:\/\/gesundheitsberatung.com\/tierheilkunde\/online-beratung\/tierheilpraktiker-osteopathen\/k-grenville\/#primaryimage\",\"url\":\"https:\/\/gesundheitsberatung.com\/tierheilkunde\/wp-content\/uploads\/sites\/5\/k-grenville-tierheilpraktiker-osteopathen-vistano-berater-id-6024.jpg\",\"contentUrl\":\"https:\/\/gesundheitsberatung.com\/tierheilkunde\/wp-content\/uploads\/sites\/5\/k-grenville-tierheilpraktiker-osteopathen-vistano-berater-id-6024.jpg\",\"width\":787,\"height\":787,\"caption\":\"Tierheilpraktiker \/ Osteopathen K. Grenville - Berater-ID: 6024\"},{\"@type\":\"BreadcrumbList\",\"@id\":\"https:\/\/gesundheitsberatung.com\/tierheilkunde\/online-beratung\/tierheilpraktiker-osteopathen\/k-grenville\/#breadcrumb\",\"itemListElement\":[{\"@type\":\"ListItem\",\"position\":1,\"name\":\"Home\",\"item\":\"https:\/\/gesundheitsberatung.com\/tierheilkunde\/\"},{\"@type\":\"ListItem\",\"position\":2,\"name\":\"Produkte\",\"item\":\"https:\/\/gesundheitsberatung.com\/tierheilkunde\/shop\/\"},{\"@type\":\"ListItem\",\"position\":3,\"name\":\"Online Beratung\",\"item\":\"https:\/\/gesundheitsberatung.com\/tierheilkunde\/online_berater\/online-beratung\/\"},{\"@type\":\"ListItem\",\"position\":4,\"name\":\"Tierheilpraktiker\",\"item\":\"https:\/\/gesundheitsberatung.com\/tierheilkunde\/online_berater\/tierheilpraktiker-osteopathen\/\"},{\"@type\":\"ListItem\",\"position\":5,\"name\":\"K. Grenville\"}]},{\"@type\":\"WebSite\",\"@id\":\"https:\/\/gesundheitsberatung.com\/tierheilkunde\/#website\",\"url\":\"https:\/\/gesundheitsberatung.com\/tierheilkunde\/\",\"name\":\"Tierheilkunde\",\"description\":\"Tierheilkunde \u260e Beratung f\u00fcr Nutz- &amp; Haustiere! Jetzt Gratis-Beratung sichern: \u2714 Tier\u00e4rzte \u2714 Tier-Heilpraktiker \u2714 Tier-Hom\u00f6opathen \u2714 Tiertrainer \u2714 Verhaltensberater \u2714 Tier-Psychologen bei Vistano Tierheilkunde.\",\"potentialAction\":[{\"@type\":\"SearchAction\",\"target\":{\"@type\":\"EntryPoint\",\"urlTemplate\":\"https:\/\/gesundheitsberatung.com\/tierheilkunde\/?s={search_term_string}\"},\"query-input\":{\"@type\":\"PropertyValueSpecification\",\"valueRequired\":true,\"valueName\":\"search_term_string\"}}],\"inLanguage\":\"de\"}]}<\/script>\n<!-- \/ Yoast SEO plugin. -->","yoast_head_json":{"title":"K. Grenville &#187; Tierheilpraktiker &#187; Vistano \u260e Beratung","description":"Vistano Tierheilpraktiker &#187; Tierheilpraktiker, Tierkommunikation, Ern\u00e4hrung, Hom\u00f6opathie, Naturheilkunde bei akuten und chronischen Erkrankungen, Allergien, Haut, Verdauung, Knochen&amp;Gelenken, Infektionen, Ursache-Wirkung-Prinzip","robots":{"index":"index","follow":"follow","max-snippet":"max-snippet:-1","max-image-preview":"max-image-preview:large","max-video-preview":"max-video-preview:-1"},"canonical":"https:\/\/gesundheitsberatung.com\/tierheilkunde\/online-beratung\/tierheilpraktiker-osteopathen\/k-grenville\/","og_locale":"de_DE","og_type":"article","og_title":"K. Grenville &#187; Tierheilpraktiker &#187; Vistano \u260e Beratung","og_description":"Vistano Tierheilpraktiker &#187; Tierheilpraktiker, Tierkommunikation, Ern\u00e4hrung, Hom\u00f6opathie, Naturheilkunde bei akuten und chronischen Erkrankungen, Allergien, Haut, Verdauung, Knochen&amp;Gelenken, Infektionen, Ursache-Wirkung-Prinzip","og_url":"https:\/\/gesundheitsberatung.com\/tierheilkunde\/online-beratung\/tierheilpraktiker-osteopathen\/k-grenville\/","og_site_name":"Tierheilkunde","article_publisher":"https:\/\/www.facebook.com\/tierheilkunde\/","article_modified_time":"2020-01-22T13:18:25+00:00","og_image":[{"width":787,"height":787,"url":"https:\/\/gesundheitsberatung.com\/tierheilkunde\/wp-content\/uploads\/sites\/5\/k-grenville-tierheilpraktiker-osteopathen-vistano-berater-id-6024.jpg","type":"image\/jpeg"}],"twitter_card":"summary_large_image","twitter_site":"@Vistano","schema":{"@context":"https:\/\/schema.org","@graph":[{"@type":"WebPage","@id":"https:\/\/gesundheitsberatung.com\/tierheilkunde\/online-beratung\/tierheilpraktiker-osteopathen\/k-grenville\/","url":"https:\/\/gesundheitsberatung.com\/tierheilkunde\/online-beratung\/tierheilpraktiker-osteopathen\/k-grenville\/","name":"K. Grenville &#187; Tierheilpraktiker &#187; Vistano \u260e Beratung","isPartOf":{"@id":"https:\/\/gesundheitsberatung.com\/tierheilkunde\/#website"},"primaryImageOfPage":{"@id":"https:\/\/gesundheitsberatung.com\/tierheilkunde\/online-beratung\/tierheilpraktiker-osteopathen\/k-grenville\/#primaryimage"},"image":{"@id":"https:\/\/gesundheitsberatung.com\/tierheilkunde\/online-beratung\/tierheilpraktiker-osteopathen\/k-grenville\/#primaryimage"},"thumbnailUrl":"https:\/\/gesundheitsberatung.com\/tierheilkunde\/wp-content\/uploads\/sites\/5\/k-grenville-tierheilpraktiker-osteopathen-vistano-berater-id-6024.jpg","datePublished":"2016-08-04T14:54:09+00:00","dateModified":"2020-01-22T13:18:25+00:00","description":"Vistano Tierheilpraktiker &#187; Tierheilpraktiker, Tierkommunikation, Ern\u00e4hrung, Hom\u00f6opathie, Naturheilkunde bei akuten und chronischen Erkrankungen, Allergien, Haut, Verdauung, Knochen&amp;Gelenken, Infektionen, Ursache-Wirkung-Prinzip","breadcrumb":{"@id":"https:\/\/gesundheitsberatung.com\/tierheilkunde\/online-beratung\/tierheilpraktiker-osteopathen\/k-grenville\/#breadcrumb"},"inLanguage":"de","potentialAction":[{"@type":"ReadAction","target":["https:\/\/gesundheitsberatung.com\/tierheilkunde\/online-beratung\/tierheilpraktiker-osteopathen\/k-grenville\/"]}]},{"@type":"ImageObject","inLanguage":"de","@id":"https:\/\/gesundheitsberatung.com\/tierheilkunde\/online-beratung\/tierheilpraktiker-osteopathen\/k-grenville\/#primaryimage","url":"https:\/\/gesundheitsberatung.com\/tierheilkunde\/wp-content\/uploads\/sites\/5\/k-grenville-tierheilpraktiker-osteopathen-vistano-berater-id-6024.jpg","contentUrl":"https:\/\/gesundheitsberatung.com\/tierheilkunde\/wp-content\/uploads\/sites\/5\/k-grenville-tierheilpraktiker-osteopathen-vistano-berater-id-6024.jpg","width":787,"height":787,"caption":"Tierheilpraktiker \/ Osteopathen K. Grenville - Berater-ID: 6024"},{"@type":"BreadcrumbList","@id":"https:\/\/gesundheitsberatung.com\/tierheilkunde\/online-beratung\/tierheilpraktiker-osteopathen\/k-grenville\/#breadcrumb","itemListElement":[{"@type":"ListItem","position":1,"name":"Home","item":"https:\/\/gesundheitsberatung.com\/tierheilkunde\/"},{"@type":"ListItem","position":2,"name":"Produkte","item":"https:\/\/gesundheitsberatung.com\/tierheilkunde\/shop\/"},{"@type":"ListItem","position":3,"name":"Online Beratung","item":"https:\/\/gesundheitsberatung.com\/tierheilkunde\/online_berater\/online-beratung\/"},{"@type":"ListItem","position":4,"name":"Tierheilpraktiker","item":"https:\/\/gesundheitsberatung.com\/tierheilkunde\/online_berater\/tierheilpraktiker-osteopathen\/"},{"@type":"ListItem","position":5,"name":"K. Grenville"}]},{"@type":"WebSite","@id":"https:\/\/gesundheitsberatung.com\/tierheilkunde\/#website","url":"https:\/\/gesundheitsberatung.com\/tierheilkunde\/","name":"Tierheilkunde","description":"Tierheilkunde \u260e Beratung f\u00fcr Nutz- &amp; Haustiere! Jetzt Gratis-Beratung sichern: \u2714 Tier\u00e4rzte \u2714 Tier-Heilpraktiker \u2714 Tier-Hom\u00f6opathen \u2714 Tiertrainer \u2714 Verhaltensberater \u2714 Tier-Psychologen bei Vistano Tierheilkunde.","potentialAction":[{"@type":"SearchAction","target":{"@type":"EntryPoint","urlTemplate":"https:\/\/gesundheitsberatung.com\/tierheilkunde\/?s={search_term_string}"},"query-input":{"@type":"PropertyValueSpecification","valueRequired":true,"valueName":"search_term_string"}}],"inLanguage":"de"}]}},"_links":{"self":[{"href":"https:\/\/gesundheitsberatung.com\/tierheilkunde\/wp-json\/wp\/v2\/product\/12752","targetHints":{"allow":["GET"]}}],"collection":[{"href":"https:\/\/gesundheitsberatung.com\/tierheilkunde\/wp-json\/wp\/v2\/product"}],"about":[{"href":"https:\/\/gesundheitsberatung.com\/tierheilkunde\/wp-json\/wp\/v2\/types\/product"}],"replies":[{"embeddable":true,"href":"https:\/\/gesundheitsberatung.com\/tierheilkunde\/wp-json\/wp\/v2\/comments?post=12752"}],"wp:featuredmedia":[{"embeddable":true,"href":"https:\/\/gesundheitsberatung.com\/tierheilkunde\/wp-json\/wp\/v2\/media\/16593"}],"wp:attachment":[{"href":"https:\/\/gesundheitsberatung.com\/tierheilkunde\/wp-json\/wp\/v2\/media?parent=12752"}],"wp:term":[{"taxonomy":"product_cat","embeddable":true,"href":"https:\/\/gesundheitsberatung.com\/tierheilkunde\/wp-json\/wp\/v2\/product_cat?post=12752"},{"taxonomy":"product_tag","embeddable":true,"href":"https:\/\/gesundheitsberatung.com\/tierheilkunde\/wp-json\/wp\/v2\/product_tag?post=12752"}],"curies":[{"name":"wp","href":"https:\/\/api.w.org\/{rel}","templated":true}]}}