{"id":12748,"date":"2017-06-04T01:50:56","date_gmt":"2017-06-03T23:50:56","guid":{"rendered":"https:\/\/gesundheitsberatung.com\/tierheilkunde\/?post_type=product&#038;p=12748"},"modified":"2020-01-22T14:16:47","modified_gmt":"2020-01-22T13:16:47","slug":"p-koenig","status":"publish","type":"product","link":"https:\/\/gesundheitsberatung.com\/tierheilkunde\/online-beratung\/tierpsychologen-tierverhaltensberater\/p-koenig\/","title":{"rendered":"P. K\u00f6nig"},"content":{"rendered":"<p>Aus der Sicht der Hunde \u00a0\u00a0Haben Sie sich auch schon mal die Frage gestellt &#8220;Warum reagiert mein Hund so und nicht anders?&#8221; Das Verhalten eines Hundes setzt sich aus seinen Bewegungen, Laut\u00e4u\u00dfer\u00fangen und K\u00f6rperhaltungen zusammen. Einzelne Verhaltensweisen k\u00f6nnen angeboren, erworben oder durch Erfahrungen ver\u00e4ndert worden sein. Wenn Sie die Beziehung zu Ihrem Hund bereichern wollen, sollten Sie einiges kennenlernen: Hunde denken, handeln und f\u00fchlen nicht wie wir. Sie sehen die Welt anders.\u00a0Aber eines haben wir gemeinsam: die Gemeinschaft, die Familie, das Rudel. In der Gemeinschaft, in der Familie und im Rudel gibt es f\u00fcr Hunde nur zwei Rollen: die des Anf\u00fchrers oder die des Mitglieds. Folglich hat der Mensch die Wahl, ob er seinem Hund folgen m\u00f6chte ( dadurch k\u00f6nnen viele Verhaltensprobleme enstehen), oder ob er die Rolle des Rudelf\u00fchrers \u00fcbernimmt und so das Verhalten des Hundes kontrollieren und in die richtige Bahn lenken kann. Die Worte &#8220;Dominanz&#8221; und &#8220;Unterordnung&#8221; dr\u00fccken f\u00fcr viele Hundehalter etwas negatives aus. Aber in der Tierwelt ist Dominanz und Unterordnung weder ein moralisches Urteil noch eine emotionale Erfahrung. Es ist nur ein Zustand, ein Verhalten, das in der Natur so selbstverst\u00e4ndlich wie spielen oder fressen ist. \u00c4ndert der Halter sein Verhalten, so \u00e4ndert sich auch der Hund. Zum Positiven oder Negativen. Durch Psychologie und K\u00f6rpersprache k\u00f6nnen Sie viel bewirken.Dabei m\u00f6chte ich Ihnen gerne helfen.Ihre Patricia K\u00f6nig<span class=\"display_none\">5679<\/span><\/p>\n","protected":false},"excerpt":{"rendered":"<p>\u00c4ndert der Halter sein Verhalten, so \u00e4ndert sich auch der Hund. Zum Positiven oder Negativen. Durch kleine Verhaltens\u00e4nderungen Ihrerseits und Psychologie k\u00f6nnen Sie viel bewirken.<\/p>\n","protected":false},"featured_media":16611,"comment_status":"open","ping_status":"closed","template":"","meta":[],"product_cat":[],"product_tag":[],"class_list":["post-12748","product","type-product","status-publish","has-post-thumbnail","hentry","online_berater-tierpsychologen-tierverhaltensberater"],"yoast_head":"<!-- This site is optimized with the Yoast SEO plugin v26.0 - https:\/\/yoast.com\/wordpress\/plugins\/seo\/ -->\n<title>P. K\u00f6nig &#187; Tierpsychologen \/ Tierverhaltensberater &#187; Vistano \u260e Beratung<\/title>\n<meta name=\"description\" content=\"Vistano Tierpsychologen \/ Tierverhaltensberater &#187; \u00c4ndert der Halter sein Verhalten, so \u00e4ndert sich auch der Hund. Zum Positiven oder Negativen. Durch kleine Verhaltens\u00e4nderungen Ihrerseits und Psychologie k\u00f6nnen Sie viel bewirken.\" \/>\n<meta name=\"robots\" content=\"index, follow, max-snippet:-1, max-image-preview:large, max-video-preview:-1\" \/>\n<link rel=\"canonical\" href=\"https:\/\/gesundheitsberatung.com\/tierheilkunde\/online-beratung\/tierpsychologen-tierverhaltensberater\/p-koenig\/\" \/>\n<meta property=\"og:locale\" content=\"de_DE\" \/>\n<meta property=\"og:type\" content=\"article\" \/>\n<meta property=\"og:title\" content=\"P. K\u00f6nig &#187; Tierpsychologen \/ Tierverhaltensberater &#187; Vistano \u260e Beratung\" \/>\n<meta property=\"og:description\" content=\"Vistano Tierpsychologen \/ Tierverhaltensberater &#187; \u00c4ndert der Halter sein Verhalten, so \u00e4ndert sich auch der Hund. Zum Positiven oder Negativen. Durch kleine Verhaltens\u00e4nderungen Ihrerseits und Psychologie k\u00f6nnen Sie viel bewirken.\" \/>\n<meta property=\"og:url\" content=\"https:\/\/gesundheitsberatung.com\/tierheilkunde\/online-beratung\/tierpsychologen-tierverhaltensberater\/p-koenig\/\" \/>\n<meta property=\"og:site_name\" content=\"Tierheilkunde\" \/>\n<meta property=\"article:publisher\" content=\"https:\/\/www.facebook.com\/tierheilkunde\/\" \/>\n<meta property=\"article:modified_time\" content=\"2020-01-22T13:16:47+00:00\" \/>\n<meta property=\"og:image\" content=\"https:\/\/gesundheitsberatung.com\/tierheilkunde\/wp-content\/uploads\/sites\/5\/p-k-nig-tierpsychologen-tierverhaltensberater-vistano-berater-id-5679.jpg\" \/>\n\t<meta property=\"og:image:width\" content=\"700\" \/>\n\t<meta property=\"og:image:height\" content=\"700\" \/>\n\t<meta property=\"og:image:type\" content=\"image\/jpeg\" \/>\n<meta name=\"twitter:card\" content=\"summary_large_image\" \/>\n<meta name=\"twitter:site\" content=\"@Vistano\" \/>\n<script type=\"application\/ld+json\" class=\"yoast-schema-graph\">{\"@context\":\"https:\/\/schema.org\",\"@graph\":[{\"@type\":\"WebPage\",\"@id\":\"https:\/\/gesundheitsberatung.com\/tierheilkunde\/online-beratung\/tierpsychologen-tierverhaltensberater\/p-koenig\/\",\"url\":\"https:\/\/gesundheitsberatung.com\/tierheilkunde\/online-beratung\/tierpsychologen-tierverhaltensberater\/p-koenig\/\",\"name\":\"P. K\u00f6nig &#187; Tierpsychologen \/ Tierverhaltensberater &#187; Vistano \u260e Beratung\",\"isPartOf\":{\"@id\":\"https:\/\/gesundheitsberatung.com\/tierheilkunde\/#website\"},\"primaryImageOfPage\":{\"@id\":\"https:\/\/gesundheitsberatung.com\/tierheilkunde\/online-beratung\/tierpsychologen-tierverhaltensberater\/p-koenig\/#primaryimage\"},\"image\":{\"@id\":\"https:\/\/gesundheitsberatung.com\/tierheilkunde\/online-beratung\/tierpsychologen-tierverhaltensberater\/p-koenig\/#primaryimage\"},\"thumbnailUrl\":\"https:\/\/gesundheitsberatung.com\/tierheilkunde\/wp-content\/uploads\/sites\/5\/p-k-nig-tierpsychologen-tierverhaltensberater-vistano-berater-id-5679.jpg\",\"datePublished\":\"2017-06-03T23:50:56+00:00\",\"dateModified\":\"2020-01-22T13:16:47+00:00\",\"description\":\"Vistano Tierpsychologen \/ Tierverhaltensberater &#187; \u00c4ndert der Halter sein Verhalten, so \u00e4ndert sich auch der Hund. Zum Positiven oder Negativen. Durch kleine Verhaltens\u00e4nderungen Ihrerseits und Psychologie k\u00f6nnen Sie viel bewirken.\",\"breadcrumb\":{\"@id\":\"https:\/\/gesundheitsberatung.com\/tierheilkunde\/online-beratung\/tierpsychologen-tierverhaltensberater\/p-koenig\/#breadcrumb\"},\"inLanguage\":\"de\",\"potentialAction\":[{\"@type\":\"ReadAction\",\"target\":[\"https:\/\/gesundheitsberatung.com\/tierheilkunde\/online-beratung\/tierpsychologen-tierverhaltensberater\/p-koenig\/\"]}]},{\"@type\":\"ImageObject\",\"inLanguage\":\"de\",\"@id\":\"https:\/\/gesundheitsberatung.com\/tierheilkunde\/online-beratung\/tierpsychologen-tierverhaltensberater\/p-koenig\/#primaryimage\",\"url\":\"https:\/\/gesundheitsberatung.com\/tierheilkunde\/wp-content\/uploads\/sites\/5\/p-k-nig-tierpsychologen-tierverhaltensberater-vistano-berater-id-5679.jpg\",\"contentUrl\":\"https:\/\/gesundheitsberatung.com\/tierheilkunde\/wp-content\/uploads\/sites\/5\/p-k-nig-tierpsychologen-tierverhaltensberater-vistano-berater-id-5679.jpg\",\"width\":700,\"height\":700,\"caption\":\"Tierpsychologen \/ Tierverhaltensberater P. K\u00f6nig - Berater-ID: 5679\"},{\"@type\":\"BreadcrumbList\",\"@id\":\"https:\/\/gesundheitsberatung.com\/tierheilkunde\/online-beratung\/tierpsychologen-tierverhaltensberater\/p-koenig\/#breadcrumb\",\"itemListElement\":[{\"@type\":\"ListItem\",\"position\":1,\"name\":\"Home\",\"item\":\"https:\/\/gesundheitsberatung.com\/tierheilkunde\/\"},{\"@type\":\"ListItem\",\"position\":2,\"name\":\"Produkte\",\"item\":\"https:\/\/gesundheitsberatung.com\/tierheilkunde\/shop\/\"},{\"@type\":\"ListItem\",\"position\":3,\"name\":\"Online Beratung\",\"item\":\"https:\/\/gesundheitsberatung.com\/tierheilkunde\/online_berater\/online-beratung\/\"},{\"@type\":\"ListItem\",\"position\":4,\"name\":\"Tierpsychologen \/ Tierverhaltensberater\",\"item\":\"https:\/\/gesundheitsberatung.com\/tierheilkunde\/online_berater\/tierpsychologen-tierverhaltensberater\/\"},{\"@type\":\"ListItem\",\"position\":5,\"name\":\"P. K\u00f6nig\"}]},{\"@type\":\"WebSite\",\"@id\":\"https:\/\/gesundheitsberatung.com\/tierheilkunde\/#website\",\"url\":\"https:\/\/gesundheitsberatung.com\/tierheilkunde\/\",\"name\":\"Tierheilkunde\",\"description\":\"Tierheilkunde \u260e Beratung f\u00fcr Nutz- &amp; Haustiere! Jetzt Gratis-Beratung sichern: \u2714 Tier\u00e4rzte \u2714 Tier-Heilpraktiker \u2714 Tier-Hom\u00f6opathen \u2714 Tiertrainer \u2714 Verhaltensberater \u2714 Tier-Psychologen bei Vistano Tierheilkunde.\",\"potentialAction\":[{\"@type\":\"SearchAction\",\"target\":{\"@type\":\"EntryPoint\",\"urlTemplate\":\"https:\/\/gesundheitsberatung.com\/tierheilkunde\/?s={search_term_string}\"},\"query-input\":{\"@type\":\"PropertyValueSpecification\",\"valueRequired\":true,\"valueName\":\"search_term_string\"}}],\"inLanguage\":\"de\"}]}<\/script>\n<!-- \/ Yoast SEO plugin. -->","yoast_head_json":{"title":"P. K\u00f6nig &#187; Tierpsychologen \/ Tierverhaltensberater &#187; Vistano \u260e Beratung","description":"Vistano Tierpsychologen \/ Tierverhaltensberater &#187; \u00c4ndert der Halter sein Verhalten, so \u00e4ndert sich auch der Hund. Zum Positiven oder Negativen. Durch kleine Verhaltens\u00e4nderungen Ihrerseits und Psychologie k\u00f6nnen Sie viel bewirken.","robots":{"index":"index","follow":"follow","max-snippet":"max-snippet:-1","max-image-preview":"max-image-preview:large","max-video-preview":"max-video-preview:-1"},"canonical":"https:\/\/gesundheitsberatung.com\/tierheilkunde\/online-beratung\/tierpsychologen-tierverhaltensberater\/p-koenig\/","og_locale":"de_DE","og_type":"article","og_title":"P. K\u00f6nig &#187; Tierpsychologen \/ Tierverhaltensberater &#187; Vistano \u260e Beratung","og_description":"Vistano Tierpsychologen \/ Tierverhaltensberater &#187; \u00c4ndert der Halter sein Verhalten, so \u00e4ndert sich auch der Hund. Zum Positiven oder Negativen. Durch kleine Verhaltens\u00e4nderungen Ihrerseits und Psychologie k\u00f6nnen Sie viel bewirken.","og_url":"https:\/\/gesundheitsberatung.com\/tierheilkunde\/online-beratung\/tierpsychologen-tierverhaltensberater\/p-koenig\/","og_site_name":"Tierheilkunde","article_publisher":"https:\/\/www.facebook.com\/tierheilkunde\/","article_modified_time":"2020-01-22T13:16:47+00:00","og_image":[{"width":700,"height":700,"url":"https:\/\/gesundheitsberatung.com\/tierheilkunde\/wp-content\/uploads\/sites\/5\/p-k-nig-tierpsychologen-tierverhaltensberater-vistano-berater-id-5679.jpg","type":"image\/jpeg"}],"twitter_card":"summary_large_image","twitter_site":"@Vistano","schema":{"@context":"https:\/\/schema.org","@graph":[{"@type":"WebPage","@id":"https:\/\/gesundheitsberatung.com\/tierheilkunde\/online-beratung\/tierpsychologen-tierverhaltensberater\/p-koenig\/","url":"https:\/\/gesundheitsberatung.com\/tierheilkunde\/online-beratung\/tierpsychologen-tierverhaltensberater\/p-koenig\/","name":"P. K\u00f6nig &#187; Tierpsychologen \/ Tierverhaltensberater &#187; Vistano \u260e Beratung","isPartOf":{"@id":"https:\/\/gesundheitsberatung.com\/tierheilkunde\/#website"},"primaryImageOfPage":{"@id":"https:\/\/gesundheitsberatung.com\/tierheilkunde\/online-beratung\/tierpsychologen-tierverhaltensberater\/p-koenig\/#primaryimage"},"image":{"@id":"https:\/\/gesundheitsberatung.com\/tierheilkunde\/online-beratung\/tierpsychologen-tierverhaltensberater\/p-koenig\/#primaryimage"},"thumbnailUrl":"https:\/\/gesundheitsberatung.com\/tierheilkunde\/wp-content\/uploads\/sites\/5\/p-k-nig-tierpsychologen-tierverhaltensberater-vistano-berater-id-5679.jpg","datePublished":"2017-06-03T23:50:56+00:00","dateModified":"2020-01-22T13:16:47+00:00","description":"Vistano Tierpsychologen \/ Tierverhaltensberater &#187; \u00c4ndert der Halter sein Verhalten, so \u00e4ndert sich auch der Hund. Zum Positiven oder Negativen. Durch kleine Verhaltens\u00e4nderungen Ihrerseits und Psychologie k\u00f6nnen Sie viel bewirken.","breadcrumb":{"@id":"https:\/\/gesundheitsberatung.com\/tierheilkunde\/online-beratung\/tierpsychologen-tierverhaltensberater\/p-koenig\/#breadcrumb"},"inLanguage":"de","potentialAction":[{"@type":"ReadAction","target":["https:\/\/gesundheitsberatung.com\/tierheilkunde\/online-beratung\/tierpsychologen-tierverhaltensberater\/p-koenig\/"]}]},{"@type":"ImageObject","inLanguage":"de","@id":"https:\/\/gesundheitsberatung.com\/tierheilkunde\/online-beratung\/tierpsychologen-tierverhaltensberater\/p-koenig\/#primaryimage","url":"https:\/\/gesundheitsberatung.com\/tierheilkunde\/wp-content\/uploads\/sites\/5\/p-k-nig-tierpsychologen-tierverhaltensberater-vistano-berater-id-5679.jpg","contentUrl":"https:\/\/gesundheitsberatung.com\/tierheilkunde\/wp-content\/uploads\/sites\/5\/p-k-nig-tierpsychologen-tierverhaltensberater-vistano-berater-id-5679.jpg","width":700,"height":700,"caption":"Tierpsychologen \/ Tierverhaltensberater P. K\u00f6nig - Berater-ID: 5679"},{"@type":"BreadcrumbList","@id":"https:\/\/gesundheitsberatung.com\/tierheilkunde\/online-beratung\/tierpsychologen-tierverhaltensberater\/p-koenig\/#breadcrumb","itemListElement":[{"@type":"ListItem","position":1,"name":"Home","item":"https:\/\/gesundheitsberatung.com\/tierheilkunde\/"},{"@type":"ListItem","position":2,"name":"Produkte","item":"https:\/\/gesundheitsberatung.com\/tierheilkunde\/shop\/"},{"@type":"ListItem","position":3,"name":"Online Beratung","item":"https:\/\/gesundheitsberatung.com\/tierheilkunde\/online_berater\/online-beratung\/"},{"@type":"ListItem","position":4,"name":"Tierpsychologen \/ Tierverhaltensberater","item":"https:\/\/gesundheitsberatung.com\/tierheilkunde\/online_berater\/tierpsychologen-tierverhaltensberater\/"},{"@type":"ListItem","position":5,"name":"P. K\u00f6nig"}]},{"@type":"WebSite","@id":"https:\/\/gesundheitsberatung.com\/tierheilkunde\/#website","url":"https:\/\/gesundheitsberatung.com\/tierheilkunde\/","name":"Tierheilkunde","description":"Tierheilkunde \u260e Beratung f\u00fcr Nutz- &amp; Haustiere! Jetzt Gratis-Beratung sichern: \u2714 Tier\u00e4rzte \u2714 Tier-Heilpraktiker \u2714 Tier-Hom\u00f6opathen \u2714 Tiertrainer \u2714 Verhaltensberater \u2714 Tier-Psychologen bei Vistano Tierheilkunde.","potentialAction":[{"@type":"SearchAction","target":{"@type":"EntryPoint","urlTemplate":"https:\/\/gesundheitsberatung.com\/tierheilkunde\/?s={search_term_string}"},"query-input":{"@type":"PropertyValueSpecification","valueRequired":true,"valueName":"search_term_string"}}],"inLanguage":"de"}]}},"_links":{"self":[{"href":"https:\/\/gesundheitsberatung.com\/tierheilkunde\/wp-json\/wp\/v2\/product\/12748","targetHints":{"allow":["GET"]}}],"collection":[{"href":"https:\/\/gesundheitsberatung.com\/tierheilkunde\/wp-json\/wp\/v2\/product"}],"about":[{"href":"https:\/\/gesundheitsberatung.com\/tierheilkunde\/wp-json\/wp\/v2\/types\/product"}],"replies":[{"embeddable":true,"href":"https:\/\/gesundheitsberatung.com\/tierheilkunde\/wp-json\/wp\/v2\/comments?post=12748"}],"wp:featuredmedia":[{"embeddable":true,"href":"https:\/\/gesundheitsberatung.com\/tierheilkunde\/wp-json\/wp\/v2\/media\/16611"}],"wp:attachment":[{"href":"https:\/\/gesundheitsberatung.com\/tierheilkunde\/wp-json\/wp\/v2\/media?parent=12748"}],"wp:term":[{"taxonomy":"product_cat","embeddable":true,"href":"https:\/\/gesundheitsberatung.com\/tierheilkunde\/wp-json\/wp\/v2\/product_cat?post=12748"},{"taxonomy":"product_tag","embeddable":true,"href":"https:\/\/gesundheitsberatung.com\/tierheilkunde\/wp-json\/wp\/v2\/product_tag?post=12748"}],"curies":[{"name":"wp","href":"https:\/\/api.w.org\/{rel}","templated":true}]}}