{"id":12741,"date":"2016-09-29T15:31:07","date_gmt":"2016-09-29T13:31:07","guid":{"rendered":"https:\/\/gesundheitsberatung.com\/tierheilkunde\/?post_type=product&#038;p=12741"},"modified":"2020-01-22T15:04:55","modified_gmt":"2020-01-22T14:04:55","slug":"d-leikauf","status":"publish","type":"product","link":"https:\/\/gesundheitsberatung.com\/tierheilkunde\/online-beratung\/ernaehrungsberater-fuer-tiere\/d-leikauf\/","title":{"rendered":"D. Leikauf"},"content":{"rendered":"<p>Mein Name ist Daniela Leikauf und ich hei\u00dfe Sie ganz herzlich auf meiner Seite willkommen.<br \/>\nSeit 2006 bin ich mit meiner eigenen mobile Tierheilpraxis unterwegs und betreue Gro\u00df- und Kleintiere nach einem ganzheitlichen Konzept in ihrem gewohnten Umfeld.<br \/>\nDas Thema artgerechte Tiernahrung ist der zentrale Kernpunkt meiner Arbeit. Erst wenn Tiere ihrer Art entsprechend ern\u00e4hrt werden, k\u00f6nnen alternative Therapieformen wie z.B. Hom\u00f6opathie oder Bach-Bl\u00fcten-Therapie einen Ansatz finden und vollst\u00e4ndig wirken und Krankheit heilen.<br \/>\nWenn Ihnen das Thema Ern\u00e4hrung auf den N\u00e4geln brennt oder Sie sich f\u00fcr diesen spannenden Gedanken begeistern k\u00f6nnen, dann berate ich Sie gerne.<br \/>\nNeben der Ern\u00e4hrungsberatung betreue ich Sie ebenfalls gerne als Tierheilpraktikerin zu den nat\u00fcrlichen Heilmethoden.<br \/>\nIch freue mich schon jetzt auf Ihren Anruf oder auf Ihre Chatanfrage bzw. email.<br \/>\nBis dahin w\u00fcnsche ich Ihnen eine gute Zeit und viel Freude mit Ihrem tierischen Freund.Ihre<br \/>\nDaniela Leikauf<br \/>\nTHP<br \/>\nDozent<span class=\"display_none\">5468<\/span><\/p>\n","protected":false},"excerpt":{"rendered":"<p>Tierheilpraktikerin mit den Schwerpunkten auf Hom\u00f6opathie, Bachbl\u00fctentherapie, Sch\u00fc\u00dfler-Salze, kontrollierte Akupunktur, Sterbebegleitung und Beratung zur artgerechten Tiernahrung<\/p>\n","protected":false},"featured_media":16616,"comment_status":"open","ping_status":"closed","template":"","meta":[],"product_cat":[],"product_tag":[],"class_list":["post-12741","product","type-product","status-publish","has-post-thumbnail","hentry","online_berater-ernaehrungsberater-fuer-tiere"],"yoast_head":"<!-- This site is optimized with the Yoast SEO plugin v26.0 - https:\/\/yoast.com\/wordpress\/plugins\/seo\/ -->\n<title>D. Leikauf &#187; Ern\u00e4hrungsberater f\u00fcr Tiere &#187; Vistano \u260e Beratung<\/title>\n<meta name=\"description\" content=\"Vistano Ern\u00e4hrungsberater f\u00fcr Tiere &#187; Tierheilpraktikerin mit den Schwerpunkten auf Hom\u00f6opathie, Bachbl\u00fctentherapie, Sch\u00fc\u00dfler-Salze, kontrollierte Akupunktur, Sterbebegleitung und Beratung zur artgerechten Tiernahrung\" \/>\n<meta name=\"robots\" content=\"index, follow, max-snippet:-1, max-image-preview:large, max-video-preview:-1\" \/>\n<link rel=\"canonical\" href=\"https:\/\/gesundheitsberatung.com\/tierheilkunde\/online-beratung\/ernaehrungsberater-fuer-tiere\/d-leikauf\/\" \/>\n<meta property=\"og:locale\" content=\"de_DE\" \/>\n<meta property=\"og:type\" content=\"article\" \/>\n<meta property=\"og:title\" content=\"D. Leikauf &#187; Ern\u00e4hrungsberater f\u00fcr Tiere &#187; Vistano \u260e Beratung\" \/>\n<meta property=\"og:description\" content=\"Vistano Ern\u00e4hrungsberater f\u00fcr Tiere &#187; Tierheilpraktikerin mit den Schwerpunkten auf Hom\u00f6opathie, Bachbl\u00fctentherapie, Sch\u00fc\u00dfler-Salze, kontrollierte Akupunktur, Sterbebegleitung und Beratung zur artgerechten Tiernahrung\" \/>\n<meta property=\"og:url\" content=\"https:\/\/gesundheitsberatung.com\/tierheilkunde\/online-beratung\/ernaehrungsberater-fuer-tiere\/d-leikauf\/\" \/>\n<meta property=\"og:site_name\" content=\"Tierheilkunde\" \/>\n<meta property=\"article:publisher\" content=\"https:\/\/www.facebook.com\/tierheilkunde\/\" \/>\n<meta property=\"article:modified_time\" content=\"2020-01-22T14:04:55+00:00\" \/>\n<meta property=\"og:image\" content=\"https:\/\/gesundheitsberatung.com\/tierheilkunde\/wp-content\/uploads\/sites\/5\/d-leikauf-ern-hrungsberater-f-r-tiere-vistano-berater-id-5468.jpg\" \/>\n\t<meta property=\"og:image:width\" content=\"700\" \/>\n\t<meta property=\"og:image:height\" content=\"700\" \/>\n\t<meta property=\"og:image:type\" content=\"image\/jpeg\" \/>\n<meta name=\"twitter:card\" content=\"summary_large_image\" \/>\n<meta name=\"twitter:site\" content=\"@Vistano\" \/>\n<script type=\"application\/ld+json\" class=\"yoast-schema-graph\">{\"@context\":\"https:\/\/schema.org\",\"@graph\":[{\"@type\":\"WebPage\",\"@id\":\"https:\/\/gesundheitsberatung.com\/tierheilkunde\/online-beratung\/ernaehrungsberater-fuer-tiere\/d-leikauf\/\",\"url\":\"https:\/\/gesundheitsberatung.com\/tierheilkunde\/online-beratung\/ernaehrungsberater-fuer-tiere\/d-leikauf\/\",\"name\":\"D. Leikauf &#187; Ern\u00e4hrungsberater f\u00fcr Tiere &#187; Vistano \u260e Beratung\",\"isPartOf\":{\"@id\":\"https:\/\/gesundheitsberatung.com\/tierheilkunde\/#website\"},\"primaryImageOfPage\":{\"@id\":\"https:\/\/gesundheitsberatung.com\/tierheilkunde\/online-beratung\/ernaehrungsberater-fuer-tiere\/d-leikauf\/#primaryimage\"},\"image\":{\"@id\":\"https:\/\/gesundheitsberatung.com\/tierheilkunde\/online-beratung\/ernaehrungsberater-fuer-tiere\/d-leikauf\/#primaryimage\"},\"thumbnailUrl\":\"https:\/\/gesundheitsberatung.com\/tierheilkunde\/wp-content\/uploads\/sites\/5\/d-leikauf-ern-hrungsberater-f-r-tiere-vistano-berater-id-5468.jpg\",\"datePublished\":\"2016-09-29T13:31:07+00:00\",\"dateModified\":\"2020-01-22T14:04:55+00:00\",\"description\":\"Vistano Ern\u00e4hrungsberater f\u00fcr Tiere &#187; Tierheilpraktikerin mit den Schwerpunkten auf Hom\u00f6opathie, Bachbl\u00fctentherapie, Sch\u00fc\u00dfler-Salze, kontrollierte Akupunktur, Sterbebegleitung und Beratung zur artgerechten Tiernahrung\",\"breadcrumb\":{\"@id\":\"https:\/\/gesundheitsberatung.com\/tierheilkunde\/online-beratung\/ernaehrungsberater-fuer-tiere\/d-leikauf\/#breadcrumb\"},\"inLanguage\":\"de\",\"potentialAction\":[{\"@type\":\"ReadAction\",\"target\":[\"https:\/\/gesundheitsberatung.com\/tierheilkunde\/online-beratung\/ernaehrungsberater-fuer-tiere\/d-leikauf\/\"]}]},{\"@type\":\"ImageObject\",\"inLanguage\":\"de\",\"@id\":\"https:\/\/gesundheitsberatung.com\/tierheilkunde\/online-beratung\/ernaehrungsberater-fuer-tiere\/d-leikauf\/#primaryimage\",\"url\":\"https:\/\/gesundheitsberatung.com\/tierheilkunde\/wp-content\/uploads\/sites\/5\/d-leikauf-ern-hrungsberater-f-r-tiere-vistano-berater-id-5468.jpg\",\"contentUrl\":\"https:\/\/gesundheitsberatung.com\/tierheilkunde\/wp-content\/uploads\/sites\/5\/d-leikauf-ern-hrungsberater-f-r-tiere-vistano-berater-id-5468.jpg\",\"width\":700,\"height\":700,\"caption\":\"Ern\u00e4hrungsberater f\u00fcr Tiere D. Leikauf - Berater-ID: 5468\"},{\"@type\":\"BreadcrumbList\",\"@id\":\"https:\/\/gesundheitsberatung.com\/tierheilkunde\/online-beratung\/ernaehrungsberater-fuer-tiere\/d-leikauf\/#breadcrumb\",\"itemListElement\":[{\"@type\":\"ListItem\",\"position\":1,\"name\":\"Home\",\"item\":\"https:\/\/gesundheitsberatung.com\/tierheilkunde\/\"},{\"@type\":\"ListItem\",\"position\":2,\"name\":\"Produkte\",\"item\":\"https:\/\/gesundheitsberatung.com\/tierheilkunde\/shop\/\"},{\"@type\":\"ListItem\",\"position\":3,\"name\":\"Online Beratung\",\"item\":\"https:\/\/gesundheitsberatung.com\/tierheilkunde\/online_berater\/online-beratung\/\"},{\"@type\":\"ListItem\",\"position\":4,\"name\":\"Ern\u00e4hrungsberater f\u00fcr Tiere\",\"item\":\"https:\/\/gesundheitsberatung.com\/tierheilkunde\/online_berater\/ernaehrungsberater-fuer-tiere\/\"},{\"@type\":\"ListItem\",\"position\":5,\"name\":\"D. Leikauf\"}]},{\"@type\":\"WebSite\",\"@id\":\"https:\/\/gesundheitsberatung.com\/tierheilkunde\/#website\",\"url\":\"https:\/\/gesundheitsberatung.com\/tierheilkunde\/\",\"name\":\"Tierheilkunde\",\"description\":\"Tierheilkunde \u260e Beratung f\u00fcr Nutz- &amp; Haustiere! Jetzt Gratis-Beratung sichern: \u2714 Tier\u00e4rzte \u2714 Tier-Heilpraktiker \u2714 Tier-Hom\u00f6opathen \u2714 Tiertrainer \u2714 Verhaltensberater \u2714 Tier-Psychologen bei Vistano Tierheilkunde.\",\"potentialAction\":[{\"@type\":\"SearchAction\",\"target\":{\"@type\":\"EntryPoint\",\"urlTemplate\":\"https:\/\/gesundheitsberatung.com\/tierheilkunde\/?s={search_term_string}\"},\"query-input\":{\"@type\":\"PropertyValueSpecification\",\"valueRequired\":true,\"valueName\":\"search_term_string\"}}],\"inLanguage\":\"de\"}]}<\/script>\n<!-- \/ Yoast SEO plugin. -->","yoast_head_json":{"title":"D. Leikauf &#187; Ern\u00e4hrungsberater f\u00fcr Tiere &#187; Vistano \u260e Beratung","description":"Vistano Ern\u00e4hrungsberater f\u00fcr Tiere &#187; Tierheilpraktikerin mit den Schwerpunkten auf Hom\u00f6opathie, Bachbl\u00fctentherapie, Sch\u00fc\u00dfler-Salze, kontrollierte Akupunktur, Sterbebegleitung und Beratung zur artgerechten Tiernahrung","robots":{"index":"index","follow":"follow","max-snippet":"max-snippet:-1","max-image-preview":"max-image-preview:large","max-video-preview":"max-video-preview:-1"},"canonical":"https:\/\/gesundheitsberatung.com\/tierheilkunde\/online-beratung\/ernaehrungsberater-fuer-tiere\/d-leikauf\/","og_locale":"de_DE","og_type":"article","og_title":"D. Leikauf &#187; Ern\u00e4hrungsberater f\u00fcr Tiere &#187; Vistano \u260e Beratung","og_description":"Vistano Ern\u00e4hrungsberater f\u00fcr Tiere &#187; Tierheilpraktikerin mit den Schwerpunkten auf Hom\u00f6opathie, Bachbl\u00fctentherapie, Sch\u00fc\u00dfler-Salze, kontrollierte Akupunktur, Sterbebegleitung und Beratung zur artgerechten Tiernahrung","og_url":"https:\/\/gesundheitsberatung.com\/tierheilkunde\/online-beratung\/ernaehrungsberater-fuer-tiere\/d-leikauf\/","og_site_name":"Tierheilkunde","article_publisher":"https:\/\/www.facebook.com\/tierheilkunde\/","article_modified_time":"2020-01-22T14:04:55+00:00","og_image":[{"width":700,"height":700,"url":"https:\/\/gesundheitsberatung.com\/tierheilkunde\/wp-content\/uploads\/sites\/5\/d-leikauf-ern-hrungsberater-f-r-tiere-vistano-berater-id-5468.jpg","type":"image\/jpeg"}],"twitter_card":"summary_large_image","twitter_site":"@Vistano","schema":{"@context":"https:\/\/schema.org","@graph":[{"@type":"WebPage","@id":"https:\/\/gesundheitsberatung.com\/tierheilkunde\/online-beratung\/ernaehrungsberater-fuer-tiere\/d-leikauf\/","url":"https:\/\/gesundheitsberatung.com\/tierheilkunde\/online-beratung\/ernaehrungsberater-fuer-tiere\/d-leikauf\/","name":"D. Leikauf &#187; Ern\u00e4hrungsberater f\u00fcr Tiere &#187; Vistano \u260e Beratung","isPartOf":{"@id":"https:\/\/gesundheitsberatung.com\/tierheilkunde\/#website"},"primaryImageOfPage":{"@id":"https:\/\/gesundheitsberatung.com\/tierheilkunde\/online-beratung\/ernaehrungsberater-fuer-tiere\/d-leikauf\/#primaryimage"},"image":{"@id":"https:\/\/gesundheitsberatung.com\/tierheilkunde\/online-beratung\/ernaehrungsberater-fuer-tiere\/d-leikauf\/#primaryimage"},"thumbnailUrl":"https:\/\/gesundheitsberatung.com\/tierheilkunde\/wp-content\/uploads\/sites\/5\/d-leikauf-ern-hrungsberater-f-r-tiere-vistano-berater-id-5468.jpg","datePublished":"2016-09-29T13:31:07+00:00","dateModified":"2020-01-22T14:04:55+00:00","description":"Vistano Ern\u00e4hrungsberater f\u00fcr Tiere &#187; Tierheilpraktikerin mit den Schwerpunkten auf Hom\u00f6opathie, Bachbl\u00fctentherapie, Sch\u00fc\u00dfler-Salze, kontrollierte Akupunktur, Sterbebegleitung und Beratung zur artgerechten Tiernahrung","breadcrumb":{"@id":"https:\/\/gesundheitsberatung.com\/tierheilkunde\/online-beratung\/ernaehrungsberater-fuer-tiere\/d-leikauf\/#breadcrumb"},"inLanguage":"de","potentialAction":[{"@type":"ReadAction","target":["https:\/\/gesundheitsberatung.com\/tierheilkunde\/online-beratung\/ernaehrungsberater-fuer-tiere\/d-leikauf\/"]}]},{"@type":"ImageObject","inLanguage":"de","@id":"https:\/\/gesundheitsberatung.com\/tierheilkunde\/online-beratung\/ernaehrungsberater-fuer-tiere\/d-leikauf\/#primaryimage","url":"https:\/\/gesundheitsberatung.com\/tierheilkunde\/wp-content\/uploads\/sites\/5\/d-leikauf-ern-hrungsberater-f-r-tiere-vistano-berater-id-5468.jpg","contentUrl":"https:\/\/gesundheitsberatung.com\/tierheilkunde\/wp-content\/uploads\/sites\/5\/d-leikauf-ern-hrungsberater-f-r-tiere-vistano-berater-id-5468.jpg","width":700,"height":700,"caption":"Ern\u00e4hrungsberater f\u00fcr Tiere D. Leikauf - Berater-ID: 5468"},{"@type":"BreadcrumbList","@id":"https:\/\/gesundheitsberatung.com\/tierheilkunde\/online-beratung\/ernaehrungsberater-fuer-tiere\/d-leikauf\/#breadcrumb","itemListElement":[{"@type":"ListItem","position":1,"name":"Home","item":"https:\/\/gesundheitsberatung.com\/tierheilkunde\/"},{"@type":"ListItem","position":2,"name":"Produkte","item":"https:\/\/gesundheitsberatung.com\/tierheilkunde\/shop\/"},{"@type":"ListItem","position":3,"name":"Online Beratung","item":"https:\/\/gesundheitsberatung.com\/tierheilkunde\/online_berater\/online-beratung\/"},{"@type":"ListItem","position":4,"name":"Ern\u00e4hrungsberater f\u00fcr Tiere","item":"https:\/\/gesundheitsberatung.com\/tierheilkunde\/online_berater\/ernaehrungsberater-fuer-tiere\/"},{"@type":"ListItem","position":5,"name":"D. Leikauf"}]},{"@type":"WebSite","@id":"https:\/\/gesundheitsberatung.com\/tierheilkunde\/#website","url":"https:\/\/gesundheitsberatung.com\/tierheilkunde\/","name":"Tierheilkunde","description":"Tierheilkunde \u260e Beratung f\u00fcr Nutz- &amp; Haustiere! Jetzt Gratis-Beratung sichern: \u2714 Tier\u00e4rzte \u2714 Tier-Heilpraktiker \u2714 Tier-Hom\u00f6opathen \u2714 Tiertrainer \u2714 Verhaltensberater \u2714 Tier-Psychologen bei Vistano Tierheilkunde.","potentialAction":[{"@type":"SearchAction","target":{"@type":"EntryPoint","urlTemplate":"https:\/\/gesundheitsberatung.com\/tierheilkunde\/?s={search_term_string}"},"query-input":{"@type":"PropertyValueSpecification","valueRequired":true,"valueName":"search_term_string"}}],"inLanguage":"de"}]}},"_links":{"self":[{"href":"https:\/\/gesundheitsberatung.com\/tierheilkunde\/wp-json\/wp\/v2\/product\/12741","targetHints":{"allow":["GET"]}}],"collection":[{"href":"https:\/\/gesundheitsberatung.com\/tierheilkunde\/wp-json\/wp\/v2\/product"}],"about":[{"href":"https:\/\/gesundheitsberatung.com\/tierheilkunde\/wp-json\/wp\/v2\/types\/product"}],"replies":[{"embeddable":true,"href":"https:\/\/gesundheitsberatung.com\/tierheilkunde\/wp-json\/wp\/v2\/comments?post=12741"}],"wp:featuredmedia":[{"embeddable":true,"href":"https:\/\/gesundheitsberatung.com\/tierheilkunde\/wp-json\/wp\/v2\/media\/16616"}],"wp:attachment":[{"href":"https:\/\/gesundheitsberatung.com\/tierheilkunde\/wp-json\/wp\/v2\/media?parent=12741"}],"wp:term":[{"taxonomy":"product_cat","embeddable":true,"href":"https:\/\/gesundheitsberatung.com\/tierheilkunde\/wp-json\/wp\/v2\/product_cat?post=12741"},{"taxonomy":"product_tag","embeddable":true,"href":"https:\/\/gesundheitsberatung.com\/tierheilkunde\/wp-json\/wp\/v2\/product_tag?post=12741"}],"curies":[{"name":"wp","href":"https:\/\/api.w.org\/{rel}","templated":true}]}}