{"id":12736,"date":"2016-09-26T11:30:21","date_gmt":"2016-09-26T09:30:21","guid":{"rendered":"https:\/\/gesundheitsberatung.com\/tierheilkunde\/?post_type=product&#038;p=12736"},"modified":"2020-07-08T10:13:41","modified_gmt":"2020-07-08T08:13:41","slug":"s-zeier","status":"publish","type":"product","link":"https:\/\/gesundheitsberatung.com\/tierheilkunde\/online-beratung\/tierpsychologen-tierverhaltensberater\/s-zeier\/","title":{"rendered":"S. Zeier"},"content":{"rendered":"<p><span class=\"hinweis_text_single_berater\">Katzensprechstunde: Ern\u00e4hrung, Hom\u00f6ophatie, Einzel- und Komplexmittel, Verhaltensberatung und Trauerbegleitung. <\/span><\/p>\n<p>Katzensprechstunde der besonderen Art<br \/>\n\u00a0<br \/>\nIch biete Ihnen an: <br \/>\n\u00a0<br \/>\n&#8211; Verhaltensberatung<br \/>\n&#8211; Systemisches Aufstellen<br \/>\n &#8211; Ern\u00e4hrungsberatung<br \/>\n&#8211; klassische Hom\u00f6ophatie und Homotoxikologie<br \/>\n&#8211; Miasmen- und Konstitutionsbehandlung<br \/>\n &#8211; Bachbl\u00fctentherapie<br \/>\n &#8211; Naturheilkunde<br \/>\n&#8211; Gesundheitspr\u00e4vention<br \/>\n &#8211; Erl\u00e4uterung der Blut- und Urinwerte<br \/>\n&#8211; Quantecanalyse auf Anfrage<br \/>\n\u00a0<br \/>\nHerzlichst Susanne<br \/>\nDie Tiere sind in ihrem Dasein nur begrenzt auf dieser Welt. Auch in den schweren Stunden des Abschied nehmens bin ich f\u00fcr Sie da.<span class=\"display_none\">5377<\/span><\/p>\n","protected":false},"excerpt":{"rendered":"<p>Nach meinem Fernstudium befasste ich mich umfassend \u00fcber das Thema Katzen und bin hierf\u00fcr ausschlie\u00dflich Ihr Ratgeber. Ern\u00e4hrung, Hom\u00f6ophatie &#8211; Einzel- und Komplexmittel, Verhaltensberatung<\/p>\n","protected":false},"featured_media":16798,"comment_status":"open","ping_status":"closed","template":"","meta":[],"product_cat":[],"product_tag":[],"class_list":["post-12736","product","type-product","status-publish","has-post-thumbnail","hentry","online_berater-tierheilpraktiker-osteopathen","online_berater-tierpsychologen-tierverhaltensberater"],"yoast_head":"<!-- This site is optimized with the Yoast SEO plugin v26.0 - https:\/\/yoast.com\/wordpress\/plugins\/seo\/ -->\n<title>S. Zeier &#187; Tierheilpraktiker, Tierpsychologen \/ Tierverhaltensberater &#187; Vistano \u260e Beratung<\/title>\n<meta name=\"description\" content=\"Vistano Tierheilpraktiker, Tierpsychologen \/ Tierverhaltensberater &#187; Nach meinem Fernstudium befasste ich mich umfassend \u00fcber das Thema Katzen und bin hierf\u00fcr ausschlie\u00dflich Ihr Ratgeber. Ern\u00e4hrung, Hom\u00f6ophatie - Einzel- und Komplexmittel, Verhaltensberatung\" \/>\n<meta name=\"robots\" content=\"index, follow, max-snippet:-1, max-image-preview:large, max-video-preview:-1\" \/>\n<link rel=\"canonical\" href=\"https:\/\/gesundheitsberatung.com\/tierheilkunde\/online-beratung\/tierpsychologen-tierverhaltensberater\/s-zeier\/\" \/>\n<meta property=\"og:locale\" content=\"de_DE\" \/>\n<meta property=\"og:type\" content=\"article\" \/>\n<meta property=\"og:title\" content=\"S. Zeier &#187; Tierheilpraktiker, Tierpsychologen \/ Tierverhaltensberater &#187; Vistano \u260e Beratung\" \/>\n<meta property=\"og:description\" content=\"Vistano Tierheilpraktiker, Tierpsychologen \/ Tierverhaltensberater &#187; Nach meinem Fernstudium befasste ich mich umfassend \u00fcber das Thema Katzen und bin hierf\u00fcr ausschlie\u00dflich Ihr Ratgeber. Ern\u00e4hrung, Hom\u00f6ophatie - Einzel- und Komplexmittel, Verhaltensberatung\" \/>\n<meta property=\"og:url\" content=\"https:\/\/gesundheitsberatung.com\/tierheilkunde\/online-beratung\/tierpsychologen-tierverhaltensberater\/s-zeier\/\" \/>\n<meta property=\"og:site_name\" content=\"Tierheilkunde\" \/>\n<meta property=\"article:publisher\" content=\"https:\/\/www.facebook.com\/tierheilkunde\/\" \/>\n<meta property=\"article:modified_time\" content=\"2020-07-08T08:13:41+00:00\" \/>\n<meta property=\"og:image\" content=\"https:\/\/gesundheitsberatung.com\/tierheilkunde\/wp-content\/uploads\/sites\/5\/s-zeier-tierheilpraktiker-osteopathen-vistano-berater-id-5377.jpg\" \/>\n\t<meta property=\"og:image:width\" content=\"800\" \/>\n\t<meta property=\"og:image:height\" content=\"800\" \/>\n\t<meta property=\"og:image:type\" content=\"image\/jpeg\" \/>\n<meta name=\"twitter:card\" content=\"summary_large_image\" \/>\n<meta name=\"twitter:site\" content=\"@Vistano\" \/>\n<script type=\"application\/ld+json\" class=\"yoast-schema-graph\">{\"@context\":\"https:\/\/schema.org\",\"@graph\":[{\"@type\":\"WebPage\",\"@id\":\"https:\/\/gesundheitsberatung.com\/tierheilkunde\/online-beratung\/tierpsychologen-tierverhaltensberater\/s-zeier\/\",\"url\":\"https:\/\/gesundheitsberatung.com\/tierheilkunde\/online-beratung\/tierpsychologen-tierverhaltensberater\/s-zeier\/\",\"name\":\"S. Zeier &#187; Tierheilpraktiker, Tierpsychologen \/ Tierverhaltensberater &#187; Vistano \u260e Beratung\",\"isPartOf\":{\"@id\":\"https:\/\/gesundheitsberatung.com\/tierheilkunde\/#website\"},\"primaryImageOfPage\":{\"@id\":\"https:\/\/gesundheitsberatung.com\/tierheilkunde\/online-beratung\/tierpsychologen-tierverhaltensberater\/s-zeier\/#primaryimage\"},\"image\":{\"@id\":\"https:\/\/gesundheitsberatung.com\/tierheilkunde\/online-beratung\/tierpsychologen-tierverhaltensberater\/s-zeier\/#primaryimage\"},\"thumbnailUrl\":\"https:\/\/gesundheitsberatung.com\/tierheilkunde\/wp-content\/uploads\/sites\/5\/s-zeier-tierheilpraktiker-osteopathen-vistano-berater-id-5377.jpg\",\"datePublished\":\"2016-09-26T09:30:21+00:00\",\"dateModified\":\"2020-07-08T08:13:41+00:00\",\"description\":\"Vistano Tierheilpraktiker, Tierpsychologen \/ Tierverhaltensberater &#187; Nach meinem Fernstudium befasste ich mich umfassend \u00fcber das Thema Katzen und bin hierf\u00fcr ausschlie\u00dflich Ihr Ratgeber. Ern\u00e4hrung, Hom\u00f6ophatie - Einzel- und Komplexmittel, Verhaltensberatung\",\"breadcrumb\":{\"@id\":\"https:\/\/gesundheitsberatung.com\/tierheilkunde\/online-beratung\/tierpsychologen-tierverhaltensberater\/s-zeier\/#breadcrumb\"},\"inLanguage\":\"de\",\"potentialAction\":[{\"@type\":\"ReadAction\",\"target\":[\"https:\/\/gesundheitsberatung.com\/tierheilkunde\/online-beratung\/tierpsychologen-tierverhaltensberater\/s-zeier\/\"]}]},{\"@type\":\"ImageObject\",\"inLanguage\":\"de\",\"@id\":\"https:\/\/gesundheitsberatung.com\/tierheilkunde\/online-beratung\/tierpsychologen-tierverhaltensberater\/s-zeier\/#primaryimage\",\"url\":\"https:\/\/gesundheitsberatung.com\/tierheilkunde\/wp-content\/uploads\/sites\/5\/s-zeier-tierheilpraktiker-osteopathen-vistano-berater-id-5377.jpg\",\"contentUrl\":\"https:\/\/gesundheitsberatung.com\/tierheilkunde\/wp-content\/uploads\/sites\/5\/s-zeier-tierheilpraktiker-osteopathen-vistano-berater-id-5377.jpg\",\"width\":800,\"height\":800,\"caption\":\"Tierheilpraktiker \/ Osteopathen S. Zeier - Berater-ID: 5377\"},{\"@type\":\"BreadcrumbList\",\"@id\":\"https:\/\/gesundheitsberatung.com\/tierheilkunde\/online-beratung\/tierpsychologen-tierverhaltensberater\/s-zeier\/#breadcrumb\",\"itemListElement\":[{\"@type\":\"ListItem\",\"position\":1,\"name\":\"Home\",\"item\":\"https:\/\/gesundheitsberatung.com\/tierheilkunde\/\"},{\"@type\":\"ListItem\",\"position\":2,\"name\":\"Produkte\",\"item\":\"https:\/\/gesundheitsberatung.com\/tierheilkunde\/shop\/\"},{\"@type\":\"ListItem\",\"position\":3,\"name\":\"Online Beratung\",\"item\":\"https:\/\/gesundheitsberatung.com\/tierheilkunde\/online_berater\/online-beratung\/\"},{\"@type\":\"ListItem\",\"position\":4,\"name\":\"Tierheilpraktiker\",\"item\":\"https:\/\/gesundheitsberatung.com\/tierheilkunde\/online_berater\/tierheilpraktiker-osteopathen\/\"},{\"@type\":\"ListItem\",\"position\":5,\"name\":\"S. Zeier\"}]},{\"@type\":\"WebSite\",\"@id\":\"https:\/\/gesundheitsberatung.com\/tierheilkunde\/#website\",\"url\":\"https:\/\/gesundheitsberatung.com\/tierheilkunde\/\",\"name\":\"Tierheilkunde\",\"description\":\"Tierheilkunde \u260e Beratung f\u00fcr Nutz- &amp; Haustiere! Jetzt Gratis-Beratung sichern: \u2714 Tier\u00e4rzte \u2714 Tier-Heilpraktiker \u2714 Tier-Hom\u00f6opathen \u2714 Tiertrainer \u2714 Verhaltensberater \u2714 Tier-Psychologen bei Vistano Tierheilkunde.\",\"potentialAction\":[{\"@type\":\"SearchAction\",\"target\":{\"@type\":\"EntryPoint\",\"urlTemplate\":\"https:\/\/gesundheitsberatung.com\/tierheilkunde\/?s={search_term_string}\"},\"query-input\":{\"@type\":\"PropertyValueSpecification\",\"valueRequired\":true,\"valueName\":\"search_term_string\"}}],\"inLanguage\":\"de\"}]}<\/script>\n<!-- \/ Yoast SEO plugin. -->","yoast_head_json":{"title":"S. Zeier &#187; Tierheilpraktiker, Tierpsychologen \/ Tierverhaltensberater &#187; Vistano \u260e Beratung","description":"Vistano Tierheilpraktiker, Tierpsychologen \/ Tierverhaltensberater &#187; Nach meinem Fernstudium befasste ich mich umfassend \u00fcber das Thema Katzen und bin hierf\u00fcr ausschlie\u00dflich Ihr Ratgeber. Ern\u00e4hrung, Hom\u00f6ophatie - Einzel- und Komplexmittel, Verhaltensberatung","robots":{"index":"index","follow":"follow","max-snippet":"max-snippet:-1","max-image-preview":"max-image-preview:large","max-video-preview":"max-video-preview:-1"},"canonical":"https:\/\/gesundheitsberatung.com\/tierheilkunde\/online-beratung\/tierpsychologen-tierverhaltensberater\/s-zeier\/","og_locale":"de_DE","og_type":"article","og_title":"S. Zeier &#187; Tierheilpraktiker, Tierpsychologen \/ Tierverhaltensberater &#187; Vistano \u260e Beratung","og_description":"Vistano Tierheilpraktiker, Tierpsychologen \/ Tierverhaltensberater &#187; Nach meinem Fernstudium befasste ich mich umfassend \u00fcber das Thema Katzen und bin hierf\u00fcr ausschlie\u00dflich Ihr Ratgeber. Ern\u00e4hrung, Hom\u00f6ophatie - Einzel- und Komplexmittel, Verhaltensberatung","og_url":"https:\/\/gesundheitsberatung.com\/tierheilkunde\/online-beratung\/tierpsychologen-tierverhaltensberater\/s-zeier\/","og_site_name":"Tierheilkunde","article_publisher":"https:\/\/www.facebook.com\/tierheilkunde\/","article_modified_time":"2020-07-08T08:13:41+00:00","og_image":[{"width":800,"height":800,"url":"https:\/\/gesundheitsberatung.com\/tierheilkunde\/wp-content\/uploads\/sites\/5\/s-zeier-tierheilpraktiker-osteopathen-vistano-berater-id-5377.jpg","type":"image\/jpeg"}],"twitter_card":"summary_large_image","twitter_site":"@Vistano","schema":{"@context":"https:\/\/schema.org","@graph":[{"@type":"WebPage","@id":"https:\/\/gesundheitsberatung.com\/tierheilkunde\/online-beratung\/tierpsychologen-tierverhaltensberater\/s-zeier\/","url":"https:\/\/gesundheitsberatung.com\/tierheilkunde\/online-beratung\/tierpsychologen-tierverhaltensberater\/s-zeier\/","name":"S. Zeier &#187; Tierheilpraktiker, Tierpsychologen \/ Tierverhaltensberater &#187; Vistano \u260e Beratung","isPartOf":{"@id":"https:\/\/gesundheitsberatung.com\/tierheilkunde\/#website"},"primaryImageOfPage":{"@id":"https:\/\/gesundheitsberatung.com\/tierheilkunde\/online-beratung\/tierpsychologen-tierverhaltensberater\/s-zeier\/#primaryimage"},"image":{"@id":"https:\/\/gesundheitsberatung.com\/tierheilkunde\/online-beratung\/tierpsychologen-tierverhaltensberater\/s-zeier\/#primaryimage"},"thumbnailUrl":"https:\/\/gesundheitsberatung.com\/tierheilkunde\/wp-content\/uploads\/sites\/5\/s-zeier-tierheilpraktiker-osteopathen-vistano-berater-id-5377.jpg","datePublished":"2016-09-26T09:30:21+00:00","dateModified":"2020-07-08T08:13:41+00:00","description":"Vistano Tierheilpraktiker, Tierpsychologen \/ Tierverhaltensberater &#187; Nach meinem Fernstudium befasste ich mich umfassend \u00fcber das Thema Katzen und bin hierf\u00fcr ausschlie\u00dflich Ihr Ratgeber. Ern\u00e4hrung, Hom\u00f6ophatie - Einzel- und Komplexmittel, Verhaltensberatung","breadcrumb":{"@id":"https:\/\/gesundheitsberatung.com\/tierheilkunde\/online-beratung\/tierpsychologen-tierverhaltensberater\/s-zeier\/#breadcrumb"},"inLanguage":"de","potentialAction":[{"@type":"ReadAction","target":["https:\/\/gesundheitsberatung.com\/tierheilkunde\/online-beratung\/tierpsychologen-tierverhaltensberater\/s-zeier\/"]}]},{"@type":"ImageObject","inLanguage":"de","@id":"https:\/\/gesundheitsberatung.com\/tierheilkunde\/online-beratung\/tierpsychologen-tierverhaltensberater\/s-zeier\/#primaryimage","url":"https:\/\/gesundheitsberatung.com\/tierheilkunde\/wp-content\/uploads\/sites\/5\/s-zeier-tierheilpraktiker-osteopathen-vistano-berater-id-5377.jpg","contentUrl":"https:\/\/gesundheitsberatung.com\/tierheilkunde\/wp-content\/uploads\/sites\/5\/s-zeier-tierheilpraktiker-osteopathen-vistano-berater-id-5377.jpg","width":800,"height":800,"caption":"Tierheilpraktiker \/ Osteopathen S. Zeier - Berater-ID: 5377"},{"@type":"BreadcrumbList","@id":"https:\/\/gesundheitsberatung.com\/tierheilkunde\/online-beratung\/tierpsychologen-tierverhaltensberater\/s-zeier\/#breadcrumb","itemListElement":[{"@type":"ListItem","position":1,"name":"Home","item":"https:\/\/gesundheitsberatung.com\/tierheilkunde\/"},{"@type":"ListItem","position":2,"name":"Produkte","item":"https:\/\/gesundheitsberatung.com\/tierheilkunde\/shop\/"},{"@type":"ListItem","position":3,"name":"Online Beratung","item":"https:\/\/gesundheitsberatung.com\/tierheilkunde\/online_berater\/online-beratung\/"},{"@type":"ListItem","position":4,"name":"Tierheilpraktiker","item":"https:\/\/gesundheitsberatung.com\/tierheilkunde\/online_berater\/tierheilpraktiker-osteopathen\/"},{"@type":"ListItem","position":5,"name":"S. Zeier"}]},{"@type":"WebSite","@id":"https:\/\/gesundheitsberatung.com\/tierheilkunde\/#website","url":"https:\/\/gesundheitsberatung.com\/tierheilkunde\/","name":"Tierheilkunde","description":"Tierheilkunde \u260e Beratung f\u00fcr Nutz- &amp; Haustiere! Jetzt Gratis-Beratung sichern: \u2714 Tier\u00e4rzte \u2714 Tier-Heilpraktiker \u2714 Tier-Hom\u00f6opathen \u2714 Tiertrainer \u2714 Verhaltensberater \u2714 Tier-Psychologen bei Vistano Tierheilkunde.","potentialAction":[{"@type":"SearchAction","target":{"@type":"EntryPoint","urlTemplate":"https:\/\/gesundheitsberatung.com\/tierheilkunde\/?s={search_term_string}"},"query-input":{"@type":"PropertyValueSpecification","valueRequired":true,"valueName":"search_term_string"}}],"inLanguage":"de"}]}},"_links":{"self":[{"href":"https:\/\/gesundheitsberatung.com\/tierheilkunde\/wp-json\/wp\/v2\/product\/12736","targetHints":{"allow":["GET"]}}],"collection":[{"href":"https:\/\/gesundheitsberatung.com\/tierheilkunde\/wp-json\/wp\/v2\/product"}],"about":[{"href":"https:\/\/gesundheitsberatung.com\/tierheilkunde\/wp-json\/wp\/v2\/types\/product"}],"replies":[{"embeddable":true,"href":"https:\/\/gesundheitsberatung.com\/tierheilkunde\/wp-json\/wp\/v2\/comments?post=12736"}],"wp:featuredmedia":[{"embeddable":true,"href":"https:\/\/gesundheitsberatung.com\/tierheilkunde\/wp-json\/wp\/v2\/media\/16798"}],"wp:attachment":[{"href":"https:\/\/gesundheitsberatung.com\/tierheilkunde\/wp-json\/wp\/v2\/media?parent=12736"}],"wp:term":[{"taxonomy":"product_cat","embeddable":true,"href":"https:\/\/gesundheitsberatung.com\/tierheilkunde\/wp-json\/wp\/v2\/product_cat?post=12736"},{"taxonomy":"product_tag","embeddable":true,"href":"https:\/\/gesundheitsberatung.com\/tierheilkunde\/wp-json\/wp\/v2\/product_tag?post=12736"}],"curies":[{"name":"wp","href":"https:\/\/api.w.org\/{rel}","templated":true}]}}