{"id":12733,"date":"2016-08-04T16:50:15","date_gmt":"2016-08-04T14:50:15","guid":{"rendered":"https:\/\/gesundheitsberatung.com\/tierheilkunde\/?post_type=product&#038;p=12733"},"modified":"2020-01-22T14:28:09","modified_gmt":"2020-01-22T13:28:09","slug":"s-wiese","status":"publish","type":"product","link":"https:\/\/gesundheitsberatung.com\/tierheilkunde\/online-beratung\/tierheilpraktiker-osteopathen\/s-wiese\/","title":{"rendered":"S. Wiese"},"content":{"rendered":"<p>Herzlich Willkommen auf meiner Homepage. Ich bin ausgebildete Tierheilpraktikerin und Schamanische Heilerin, au\u00dferdem habe ich eine Ausbildung zur Tierkommunikatorin absolviert.Sch\u00f6n, dass Sie sich f\u00fcr meine Arbeit mit Tieren interessieren. Ich arbeite auf allen Ebenen f\u00fcr Ihr Tier. Die Schamanische Heilung erm\u00f6glicht mir, Ihr Tier energetisch (die Aura) zu betrachten und ggf. L\u00f6cher in der Aura oder andere St\u00f6rungen zu erkennen und zu verschlie\u00dfen\/zu harmonisieren. Die Hom\u00f6opathie hilft mir dabei, dem K\u00f6rper die n\u00f6tige Unterst\u00fctzung zur Heilung zu kommen zu lassen. Da sich die k\u00f6rperliche und die geistige Ebene untrennbar aufeinander auswirken, sollte immer beides in der Behandlung ber\u00fccksichtigt werden.Ich m\u00f6chte Sie bitten verantwortungsbewu\u00dft mit der Gesundheit Ihres Tieres umzugehen. <br \/>\nDas hei\u00dft in Situationen wie bei einer Kolik oder nach einem Unfall ist unbedingt die Unterst\u00fctzung durch einen Tierarzt erforderlich um innere Verletzungen etc. auszuschlie\u00dfen und um eine Erstversorgung sicherzustellen. <br \/>\nF\u00fcr alle anderen Problematiken rund um die geistige und k\u00f6rperliche Gesundheit Ihres geliebten Tieres stehe ich Ihnen selbstverst\u00e4ndlich gerne beratend zur Verf\u00fcgung.<\/p>\n<p>Fern-Diagnosen, also Diagnosen, die gestellt werden, ohne das das Tier vom Therapeuten untersucht wurde, sind gesetzlich verboten. Bei Versto\u00df dieses Gesetzes w\u00fcrde ich die Zulassung zum Therapieren verlieren. Ich bitte um Ihr Verst\u00e4ndnis, dass ich mich an die Regeln meines gesch\u00e4tzten Berufsverbandes und und der damit verbundenen Ethik halten m\u00f6chte. <\/p>\n<p>Vielen Dank. <\/p>\n<p><span class=\"display_none\">5132<\/span><\/p>\n","protected":false},"excerpt":{"rendered":"<p>Heilung auf allen Ebenen: Schamanisches Heilen, Tierkommunikation und Hom\u00f6opathie.<\/p>\n","protected":false},"featured_media":16608,"comment_status":"open","ping_status":"closed","template":"","meta":[],"product_cat":[],"product_tag":[],"class_list":["post-12733","product","type-product","status-publish","has-post-thumbnail","hentry","online_berater-tierheilpraktiker-osteopathen"],"yoast_head":"<!-- This site is optimized with the Yoast SEO plugin v26.0 - https:\/\/yoast.com\/wordpress\/plugins\/seo\/ -->\n<title>S. Wiese &#187; Tierheilpraktiker &#187; Vistano \u260e Beratung<\/title>\n<meta name=\"description\" content=\"Vistano Tierheilpraktiker &#187; Heilung auf allen Ebenen: Schamanisches Heilen, Tierkommunikation und Hom\u00f6opathie.\" \/>\n<meta name=\"robots\" content=\"index, follow, max-snippet:-1, max-image-preview:large, max-video-preview:-1\" \/>\n<link rel=\"canonical\" href=\"https:\/\/gesundheitsberatung.com\/tierheilkunde\/online-beratung\/tierheilpraktiker-osteopathen\/s-wiese\/\" \/>\n<meta property=\"og:locale\" content=\"de_DE\" \/>\n<meta property=\"og:type\" content=\"article\" \/>\n<meta property=\"og:title\" content=\"S. Wiese &#187; Tierheilpraktiker &#187; Vistano \u260e Beratung\" \/>\n<meta property=\"og:description\" content=\"Vistano Tierheilpraktiker &#187; Heilung auf allen Ebenen: Schamanisches Heilen, Tierkommunikation und Hom\u00f6opathie.\" \/>\n<meta property=\"og:url\" content=\"https:\/\/gesundheitsberatung.com\/tierheilkunde\/online-beratung\/tierheilpraktiker-osteopathen\/s-wiese\/\" \/>\n<meta property=\"og:site_name\" content=\"Tierheilkunde\" \/>\n<meta property=\"article:publisher\" content=\"https:\/\/www.facebook.com\/tierheilkunde\/\" \/>\n<meta property=\"article:modified_time\" content=\"2020-01-22T13:28:09+00:00\" \/>\n<meta property=\"og:image\" content=\"https:\/\/gesundheitsberatung.com\/tierheilkunde\/wp-content\/uploads\/sites\/5\/s-wiese-tierheilpraktiker-osteopathen-vistano-berater-id-5132.jpg\" \/>\n\t<meta property=\"og:image:width\" content=\"700\" \/>\n\t<meta property=\"og:image:height\" content=\"700\" \/>\n\t<meta property=\"og:image:type\" content=\"image\/jpeg\" \/>\n<meta name=\"twitter:card\" content=\"summary_large_image\" \/>\n<meta name=\"twitter:site\" content=\"@Vistano\" \/>\n<script type=\"application\/ld+json\" class=\"yoast-schema-graph\">{\"@context\":\"https:\/\/schema.org\",\"@graph\":[{\"@type\":\"WebPage\",\"@id\":\"https:\/\/gesundheitsberatung.com\/tierheilkunde\/online-beratung\/tierheilpraktiker-osteopathen\/s-wiese\/\",\"url\":\"https:\/\/gesundheitsberatung.com\/tierheilkunde\/online-beratung\/tierheilpraktiker-osteopathen\/s-wiese\/\",\"name\":\"S. Wiese &#187; Tierheilpraktiker &#187; Vistano \u260e Beratung\",\"isPartOf\":{\"@id\":\"https:\/\/gesundheitsberatung.com\/tierheilkunde\/#website\"},\"primaryImageOfPage\":{\"@id\":\"https:\/\/gesundheitsberatung.com\/tierheilkunde\/online-beratung\/tierheilpraktiker-osteopathen\/s-wiese\/#primaryimage\"},\"image\":{\"@id\":\"https:\/\/gesundheitsberatung.com\/tierheilkunde\/online-beratung\/tierheilpraktiker-osteopathen\/s-wiese\/#primaryimage\"},\"thumbnailUrl\":\"https:\/\/gesundheitsberatung.com\/tierheilkunde\/wp-content\/uploads\/sites\/5\/s-wiese-tierheilpraktiker-osteopathen-vistano-berater-id-5132.jpg\",\"datePublished\":\"2016-08-04T14:50:15+00:00\",\"dateModified\":\"2020-01-22T13:28:09+00:00\",\"description\":\"Vistano Tierheilpraktiker &#187; Heilung auf allen Ebenen: Schamanisches Heilen, Tierkommunikation und Hom\u00f6opathie.\",\"breadcrumb\":{\"@id\":\"https:\/\/gesundheitsberatung.com\/tierheilkunde\/online-beratung\/tierheilpraktiker-osteopathen\/s-wiese\/#breadcrumb\"},\"inLanguage\":\"de\",\"potentialAction\":[{\"@type\":\"ReadAction\",\"target\":[\"https:\/\/gesundheitsberatung.com\/tierheilkunde\/online-beratung\/tierheilpraktiker-osteopathen\/s-wiese\/\"]}]},{\"@type\":\"ImageObject\",\"inLanguage\":\"de\",\"@id\":\"https:\/\/gesundheitsberatung.com\/tierheilkunde\/online-beratung\/tierheilpraktiker-osteopathen\/s-wiese\/#primaryimage\",\"url\":\"https:\/\/gesundheitsberatung.com\/tierheilkunde\/wp-content\/uploads\/sites\/5\/s-wiese-tierheilpraktiker-osteopathen-vistano-berater-id-5132.jpg\",\"contentUrl\":\"https:\/\/gesundheitsberatung.com\/tierheilkunde\/wp-content\/uploads\/sites\/5\/s-wiese-tierheilpraktiker-osteopathen-vistano-berater-id-5132.jpg\",\"width\":700,\"height\":700,\"caption\":\"Tierheilpraktiker \/ Osteopathen S. Wiese - Berater-ID: 5132\"},{\"@type\":\"BreadcrumbList\",\"@id\":\"https:\/\/gesundheitsberatung.com\/tierheilkunde\/online-beratung\/tierheilpraktiker-osteopathen\/s-wiese\/#breadcrumb\",\"itemListElement\":[{\"@type\":\"ListItem\",\"position\":1,\"name\":\"Home\",\"item\":\"https:\/\/gesundheitsberatung.com\/tierheilkunde\/\"},{\"@type\":\"ListItem\",\"position\":2,\"name\":\"Produkte\",\"item\":\"https:\/\/gesundheitsberatung.com\/tierheilkunde\/shop\/\"},{\"@type\":\"ListItem\",\"position\":3,\"name\":\"Online Beratung\",\"item\":\"https:\/\/gesundheitsberatung.com\/tierheilkunde\/online_berater\/online-beratung\/\"},{\"@type\":\"ListItem\",\"position\":4,\"name\":\"Tierheilpraktiker\",\"item\":\"https:\/\/gesundheitsberatung.com\/tierheilkunde\/online_berater\/tierheilpraktiker-osteopathen\/\"},{\"@type\":\"ListItem\",\"position\":5,\"name\":\"S. Wiese\"}]},{\"@type\":\"WebSite\",\"@id\":\"https:\/\/gesundheitsberatung.com\/tierheilkunde\/#website\",\"url\":\"https:\/\/gesundheitsberatung.com\/tierheilkunde\/\",\"name\":\"Tierheilkunde\",\"description\":\"Tierheilkunde \u260e Beratung f\u00fcr Nutz- &amp; Haustiere! Jetzt Gratis-Beratung sichern: \u2714 Tier\u00e4rzte \u2714 Tier-Heilpraktiker \u2714 Tier-Hom\u00f6opathen \u2714 Tiertrainer \u2714 Verhaltensberater \u2714 Tier-Psychologen bei Vistano Tierheilkunde.\",\"potentialAction\":[{\"@type\":\"SearchAction\",\"target\":{\"@type\":\"EntryPoint\",\"urlTemplate\":\"https:\/\/gesundheitsberatung.com\/tierheilkunde\/?s={search_term_string}\"},\"query-input\":{\"@type\":\"PropertyValueSpecification\",\"valueRequired\":true,\"valueName\":\"search_term_string\"}}],\"inLanguage\":\"de\"}]}<\/script>\n<!-- \/ Yoast SEO plugin. -->","yoast_head_json":{"title":"S. Wiese &#187; Tierheilpraktiker &#187; Vistano \u260e Beratung","description":"Vistano Tierheilpraktiker &#187; Heilung auf allen Ebenen: Schamanisches Heilen, Tierkommunikation und Hom\u00f6opathie.","robots":{"index":"index","follow":"follow","max-snippet":"max-snippet:-1","max-image-preview":"max-image-preview:large","max-video-preview":"max-video-preview:-1"},"canonical":"https:\/\/gesundheitsberatung.com\/tierheilkunde\/online-beratung\/tierheilpraktiker-osteopathen\/s-wiese\/","og_locale":"de_DE","og_type":"article","og_title":"S. Wiese &#187; Tierheilpraktiker &#187; Vistano \u260e Beratung","og_description":"Vistano Tierheilpraktiker &#187; Heilung auf allen Ebenen: Schamanisches Heilen, Tierkommunikation und Hom\u00f6opathie.","og_url":"https:\/\/gesundheitsberatung.com\/tierheilkunde\/online-beratung\/tierheilpraktiker-osteopathen\/s-wiese\/","og_site_name":"Tierheilkunde","article_publisher":"https:\/\/www.facebook.com\/tierheilkunde\/","article_modified_time":"2020-01-22T13:28:09+00:00","og_image":[{"width":700,"height":700,"url":"https:\/\/gesundheitsberatung.com\/tierheilkunde\/wp-content\/uploads\/sites\/5\/s-wiese-tierheilpraktiker-osteopathen-vistano-berater-id-5132.jpg","type":"image\/jpeg"}],"twitter_card":"summary_large_image","twitter_site":"@Vistano","schema":{"@context":"https:\/\/schema.org","@graph":[{"@type":"WebPage","@id":"https:\/\/gesundheitsberatung.com\/tierheilkunde\/online-beratung\/tierheilpraktiker-osteopathen\/s-wiese\/","url":"https:\/\/gesundheitsberatung.com\/tierheilkunde\/online-beratung\/tierheilpraktiker-osteopathen\/s-wiese\/","name":"S. Wiese &#187; Tierheilpraktiker &#187; Vistano \u260e Beratung","isPartOf":{"@id":"https:\/\/gesundheitsberatung.com\/tierheilkunde\/#website"},"primaryImageOfPage":{"@id":"https:\/\/gesundheitsberatung.com\/tierheilkunde\/online-beratung\/tierheilpraktiker-osteopathen\/s-wiese\/#primaryimage"},"image":{"@id":"https:\/\/gesundheitsberatung.com\/tierheilkunde\/online-beratung\/tierheilpraktiker-osteopathen\/s-wiese\/#primaryimage"},"thumbnailUrl":"https:\/\/gesundheitsberatung.com\/tierheilkunde\/wp-content\/uploads\/sites\/5\/s-wiese-tierheilpraktiker-osteopathen-vistano-berater-id-5132.jpg","datePublished":"2016-08-04T14:50:15+00:00","dateModified":"2020-01-22T13:28:09+00:00","description":"Vistano Tierheilpraktiker &#187; Heilung auf allen Ebenen: Schamanisches Heilen, Tierkommunikation und Hom\u00f6opathie.","breadcrumb":{"@id":"https:\/\/gesundheitsberatung.com\/tierheilkunde\/online-beratung\/tierheilpraktiker-osteopathen\/s-wiese\/#breadcrumb"},"inLanguage":"de","potentialAction":[{"@type":"ReadAction","target":["https:\/\/gesundheitsberatung.com\/tierheilkunde\/online-beratung\/tierheilpraktiker-osteopathen\/s-wiese\/"]}]},{"@type":"ImageObject","inLanguage":"de","@id":"https:\/\/gesundheitsberatung.com\/tierheilkunde\/online-beratung\/tierheilpraktiker-osteopathen\/s-wiese\/#primaryimage","url":"https:\/\/gesundheitsberatung.com\/tierheilkunde\/wp-content\/uploads\/sites\/5\/s-wiese-tierheilpraktiker-osteopathen-vistano-berater-id-5132.jpg","contentUrl":"https:\/\/gesundheitsberatung.com\/tierheilkunde\/wp-content\/uploads\/sites\/5\/s-wiese-tierheilpraktiker-osteopathen-vistano-berater-id-5132.jpg","width":700,"height":700,"caption":"Tierheilpraktiker \/ Osteopathen S. Wiese - Berater-ID: 5132"},{"@type":"BreadcrumbList","@id":"https:\/\/gesundheitsberatung.com\/tierheilkunde\/online-beratung\/tierheilpraktiker-osteopathen\/s-wiese\/#breadcrumb","itemListElement":[{"@type":"ListItem","position":1,"name":"Home","item":"https:\/\/gesundheitsberatung.com\/tierheilkunde\/"},{"@type":"ListItem","position":2,"name":"Produkte","item":"https:\/\/gesundheitsberatung.com\/tierheilkunde\/shop\/"},{"@type":"ListItem","position":3,"name":"Online Beratung","item":"https:\/\/gesundheitsberatung.com\/tierheilkunde\/online_berater\/online-beratung\/"},{"@type":"ListItem","position":4,"name":"Tierheilpraktiker","item":"https:\/\/gesundheitsberatung.com\/tierheilkunde\/online_berater\/tierheilpraktiker-osteopathen\/"},{"@type":"ListItem","position":5,"name":"S. Wiese"}]},{"@type":"WebSite","@id":"https:\/\/gesundheitsberatung.com\/tierheilkunde\/#website","url":"https:\/\/gesundheitsberatung.com\/tierheilkunde\/","name":"Tierheilkunde","description":"Tierheilkunde \u260e Beratung f\u00fcr Nutz- &amp; Haustiere! Jetzt Gratis-Beratung sichern: \u2714 Tier\u00e4rzte \u2714 Tier-Heilpraktiker \u2714 Tier-Hom\u00f6opathen \u2714 Tiertrainer \u2714 Verhaltensberater \u2714 Tier-Psychologen bei Vistano Tierheilkunde.","potentialAction":[{"@type":"SearchAction","target":{"@type":"EntryPoint","urlTemplate":"https:\/\/gesundheitsberatung.com\/tierheilkunde\/?s={search_term_string}"},"query-input":{"@type":"PropertyValueSpecification","valueRequired":true,"valueName":"search_term_string"}}],"inLanguage":"de"}]}},"_links":{"self":[{"href":"https:\/\/gesundheitsberatung.com\/tierheilkunde\/wp-json\/wp\/v2\/product\/12733","targetHints":{"allow":["GET"]}}],"collection":[{"href":"https:\/\/gesundheitsberatung.com\/tierheilkunde\/wp-json\/wp\/v2\/product"}],"about":[{"href":"https:\/\/gesundheitsberatung.com\/tierheilkunde\/wp-json\/wp\/v2\/types\/product"}],"replies":[{"embeddable":true,"href":"https:\/\/gesundheitsberatung.com\/tierheilkunde\/wp-json\/wp\/v2\/comments?post=12733"}],"wp:featuredmedia":[{"embeddable":true,"href":"https:\/\/gesundheitsberatung.com\/tierheilkunde\/wp-json\/wp\/v2\/media\/16608"}],"wp:attachment":[{"href":"https:\/\/gesundheitsberatung.com\/tierheilkunde\/wp-json\/wp\/v2\/media?parent=12733"}],"wp:term":[{"taxonomy":"product_cat","embeddable":true,"href":"https:\/\/gesundheitsberatung.com\/tierheilkunde\/wp-json\/wp\/v2\/product_cat?post=12733"},{"taxonomy":"product_tag","embeddable":true,"href":"https:\/\/gesundheitsberatung.com\/tierheilkunde\/wp-json\/wp\/v2\/product_tag?post=12733"}],"curies":[{"name":"wp","href":"https:\/\/api.w.org\/{rel}","templated":true}]}}