{"id":12731,"date":"2016-08-04T16:50:05","date_gmt":"2016-08-04T14:50:05","guid":{"rendered":"https:\/\/gesundheitsberatung.com\/tierheilkunde\/?post_type=product&#038;p=12731"},"modified":"2020-01-22T14:27:03","modified_gmt":"2020-01-22T13:27:03","slug":"e-schulze","status":"publish","type":"product","link":"https:\/\/gesundheitsberatung.com\/tierheilkunde\/online-beratung\/tierkommunikation\/e-schulze\/","title":{"rendered":"E. Schulze"},"content":{"rendered":"<p>\nAktueller Hinweis: Aus pers\u00f6nlichen Gr\u00fcnden bin ich bis auf Weiteres leider nicht erreichbar. Ich bin wieder f\u00fcr Euch da, so bald es mir m\u00f6glich ist! Vielen Dank f\u00fcr Euer Verst\u00e4ndnis.\u00a0<br \/>\nTierkommunikation\/ -Suche<\/p>\n<p> Mein Name ist Erika Schulze.<\/p>\n<p> Meine Arbeit beinhaltet die Suche von vermissten Tieren. <\/p>\n<p> Ich sp\u00fcre diese auf und f\u00fchre sie wieder zu ihrem Frauchen und Herrchen. <\/p>\n<p> Ebenso pflege ich den Kontakt zur Geistigen Welt. Sollte eines Deiner Tiere die Seite gewechselt haben, stelle ich den Kontakt zu Deinem lieben Tier gerne her. <\/p>\n<p> Sei Dir gewiss, es freut sich auf den Kontakt und hat Dir noch so vieles mitzuteilen. Es liebt Dich so sehr. <\/p>\n<p> Es will Dir auch DANKE sagen und evtl. sagt es Dir auch, wann es wieder in diese Welt und wo, inkarnieren will. Freue Dich darauf. <\/p>\n<p> Einen lieben Gru\u00df, wo Du auch sein magst. <\/p>\n<p> Erika Schulze und ihre 5 Westis\u00a0<span class=\"display_none\">5112<\/span><\/p>\n","protected":false},"excerpt":{"rendered":"<p>Tierkommunikation und Suche Jenseitskontakt zu Deinem verstorbenen Tier.Nachricht durch den Geistf\u00fchrer.<\/p>\n","protected":false},"featured_media":16606,"comment_status":"open","ping_status":"closed","template":"","meta":[],"product_cat":[],"product_tag":[],"class_list":["post-12731","product","type-product","status-publish","has-post-thumbnail","hentry","online_berater-tierkommunikation"],"yoast_head":"<!-- This site is optimized with the Yoast SEO plugin v26.0 - https:\/\/yoast.com\/wordpress\/plugins\/seo\/ -->\n<title>E. Schulze &#187; Tierkommunikation &#187; Vistano \u260e Beratung<\/title>\n<meta name=\"description\" content=\"Vistano Tierkommunikation &#187; Tierkommunikation und Suche Jenseitskontakt zu Deinem verstorbenen Tier.Nachricht durch den Geistf\u00fchrer.\" \/>\n<meta name=\"robots\" content=\"index, follow, max-snippet:-1, max-image-preview:large, max-video-preview:-1\" \/>\n<link rel=\"canonical\" href=\"https:\/\/gesundheitsberatung.com\/tierheilkunde\/online-beratung\/tierkommunikation\/e-schulze\/\" \/>\n<meta property=\"og:locale\" content=\"de_DE\" \/>\n<meta property=\"og:type\" content=\"article\" \/>\n<meta property=\"og:title\" content=\"E. Schulze &#187; Tierkommunikation &#187; Vistano \u260e Beratung\" \/>\n<meta property=\"og:description\" content=\"Vistano Tierkommunikation &#187; Tierkommunikation und Suche Jenseitskontakt zu Deinem verstorbenen Tier.Nachricht durch den Geistf\u00fchrer.\" \/>\n<meta property=\"og:url\" content=\"https:\/\/gesundheitsberatung.com\/tierheilkunde\/online-beratung\/tierkommunikation\/e-schulze\/\" \/>\n<meta property=\"og:site_name\" content=\"Tierheilkunde\" \/>\n<meta property=\"article:publisher\" content=\"https:\/\/www.facebook.com\/tierheilkunde\/\" \/>\n<meta property=\"article:modified_time\" content=\"2020-01-22T13:27:03+00:00\" \/>\n<meta property=\"og:image\" content=\"https:\/\/gesundheitsberatung.com\/tierheilkunde\/wp-content\/uploads\/sites\/5\/e-schulze-tierkommunikation-vistano-berater-id-5112.jpg\" \/>\n\t<meta property=\"og:image:width\" content=\"700\" \/>\n\t<meta property=\"og:image:height\" content=\"700\" \/>\n\t<meta property=\"og:image:type\" content=\"image\/jpeg\" \/>\n<meta name=\"twitter:card\" content=\"summary_large_image\" \/>\n<meta name=\"twitter:site\" content=\"@Vistano\" \/>\n<script type=\"application\/ld+json\" class=\"yoast-schema-graph\">{\"@context\":\"https:\/\/schema.org\",\"@graph\":[{\"@type\":\"WebPage\",\"@id\":\"https:\/\/gesundheitsberatung.com\/tierheilkunde\/online-beratung\/tierkommunikation\/e-schulze\/\",\"url\":\"https:\/\/gesundheitsberatung.com\/tierheilkunde\/online-beratung\/tierkommunikation\/e-schulze\/\",\"name\":\"E. Schulze &#187; Tierkommunikation &#187; Vistano \u260e Beratung\",\"isPartOf\":{\"@id\":\"https:\/\/gesundheitsberatung.com\/tierheilkunde\/#website\"},\"primaryImageOfPage\":{\"@id\":\"https:\/\/gesundheitsberatung.com\/tierheilkunde\/online-beratung\/tierkommunikation\/e-schulze\/#primaryimage\"},\"image\":{\"@id\":\"https:\/\/gesundheitsberatung.com\/tierheilkunde\/online-beratung\/tierkommunikation\/e-schulze\/#primaryimage\"},\"thumbnailUrl\":\"https:\/\/gesundheitsberatung.com\/tierheilkunde\/wp-content\/uploads\/sites\/5\/e-schulze-tierkommunikation-vistano-berater-id-5112.jpg\",\"datePublished\":\"2016-08-04T14:50:05+00:00\",\"dateModified\":\"2020-01-22T13:27:03+00:00\",\"description\":\"Vistano Tierkommunikation &#187; Tierkommunikation und Suche Jenseitskontakt zu Deinem verstorbenen Tier.Nachricht durch den Geistf\u00fchrer.\",\"breadcrumb\":{\"@id\":\"https:\/\/gesundheitsberatung.com\/tierheilkunde\/online-beratung\/tierkommunikation\/e-schulze\/#breadcrumb\"},\"inLanguage\":\"de\",\"potentialAction\":[{\"@type\":\"ReadAction\",\"target\":[\"https:\/\/gesundheitsberatung.com\/tierheilkunde\/online-beratung\/tierkommunikation\/e-schulze\/\"]}]},{\"@type\":\"ImageObject\",\"inLanguage\":\"de\",\"@id\":\"https:\/\/gesundheitsberatung.com\/tierheilkunde\/online-beratung\/tierkommunikation\/e-schulze\/#primaryimage\",\"url\":\"https:\/\/gesundheitsberatung.com\/tierheilkunde\/wp-content\/uploads\/sites\/5\/e-schulze-tierkommunikation-vistano-berater-id-5112.jpg\",\"contentUrl\":\"https:\/\/gesundheitsberatung.com\/tierheilkunde\/wp-content\/uploads\/sites\/5\/e-schulze-tierkommunikation-vistano-berater-id-5112.jpg\",\"width\":700,\"height\":700,\"caption\":\"Tierkommunikation E. Schulze - Berater-ID: 5112\"},{\"@type\":\"BreadcrumbList\",\"@id\":\"https:\/\/gesundheitsberatung.com\/tierheilkunde\/online-beratung\/tierkommunikation\/e-schulze\/#breadcrumb\",\"itemListElement\":[{\"@type\":\"ListItem\",\"position\":1,\"name\":\"Home\",\"item\":\"https:\/\/gesundheitsberatung.com\/tierheilkunde\/\"},{\"@type\":\"ListItem\",\"position\":2,\"name\":\"Produkte\",\"item\":\"https:\/\/gesundheitsberatung.com\/tierheilkunde\/shop\/\"},{\"@type\":\"ListItem\",\"position\":3,\"name\":\"Online Beratung\",\"item\":\"https:\/\/gesundheitsberatung.com\/tierheilkunde\/online_berater\/online-beratung\/\"},{\"@type\":\"ListItem\",\"position\":4,\"name\":\"Tierkommunikation\",\"item\":\"https:\/\/gesundheitsberatung.com\/tierheilkunde\/online_berater\/tierkommunikation\/\"},{\"@type\":\"ListItem\",\"position\":5,\"name\":\"E. Schulze\"}]},{\"@type\":\"WebSite\",\"@id\":\"https:\/\/gesundheitsberatung.com\/tierheilkunde\/#website\",\"url\":\"https:\/\/gesundheitsberatung.com\/tierheilkunde\/\",\"name\":\"Tierheilkunde\",\"description\":\"Tierheilkunde \u260e Beratung f\u00fcr Nutz- &amp; Haustiere! Jetzt Gratis-Beratung sichern: \u2714 Tier\u00e4rzte \u2714 Tier-Heilpraktiker \u2714 Tier-Hom\u00f6opathen \u2714 Tiertrainer \u2714 Verhaltensberater \u2714 Tier-Psychologen bei Vistano Tierheilkunde.\",\"potentialAction\":[{\"@type\":\"SearchAction\",\"target\":{\"@type\":\"EntryPoint\",\"urlTemplate\":\"https:\/\/gesundheitsberatung.com\/tierheilkunde\/?s={search_term_string}\"},\"query-input\":{\"@type\":\"PropertyValueSpecification\",\"valueRequired\":true,\"valueName\":\"search_term_string\"}}],\"inLanguage\":\"de\"}]}<\/script>\n<!-- \/ Yoast SEO plugin. -->","yoast_head_json":{"title":"E. Schulze &#187; Tierkommunikation &#187; Vistano \u260e Beratung","description":"Vistano Tierkommunikation &#187; Tierkommunikation und Suche Jenseitskontakt zu Deinem verstorbenen Tier.Nachricht durch den Geistf\u00fchrer.","robots":{"index":"index","follow":"follow","max-snippet":"max-snippet:-1","max-image-preview":"max-image-preview:large","max-video-preview":"max-video-preview:-1"},"canonical":"https:\/\/gesundheitsberatung.com\/tierheilkunde\/online-beratung\/tierkommunikation\/e-schulze\/","og_locale":"de_DE","og_type":"article","og_title":"E. Schulze &#187; Tierkommunikation &#187; Vistano \u260e Beratung","og_description":"Vistano Tierkommunikation &#187; Tierkommunikation und Suche Jenseitskontakt zu Deinem verstorbenen Tier.Nachricht durch den Geistf\u00fchrer.","og_url":"https:\/\/gesundheitsberatung.com\/tierheilkunde\/online-beratung\/tierkommunikation\/e-schulze\/","og_site_name":"Tierheilkunde","article_publisher":"https:\/\/www.facebook.com\/tierheilkunde\/","article_modified_time":"2020-01-22T13:27:03+00:00","og_image":[{"width":700,"height":700,"url":"https:\/\/gesundheitsberatung.com\/tierheilkunde\/wp-content\/uploads\/sites\/5\/e-schulze-tierkommunikation-vistano-berater-id-5112.jpg","type":"image\/jpeg"}],"twitter_card":"summary_large_image","twitter_site":"@Vistano","schema":{"@context":"https:\/\/schema.org","@graph":[{"@type":"WebPage","@id":"https:\/\/gesundheitsberatung.com\/tierheilkunde\/online-beratung\/tierkommunikation\/e-schulze\/","url":"https:\/\/gesundheitsberatung.com\/tierheilkunde\/online-beratung\/tierkommunikation\/e-schulze\/","name":"E. Schulze &#187; Tierkommunikation &#187; Vistano \u260e Beratung","isPartOf":{"@id":"https:\/\/gesundheitsberatung.com\/tierheilkunde\/#website"},"primaryImageOfPage":{"@id":"https:\/\/gesundheitsberatung.com\/tierheilkunde\/online-beratung\/tierkommunikation\/e-schulze\/#primaryimage"},"image":{"@id":"https:\/\/gesundheitsberatung.com\/tierheilkunde\/online-beratung\/tierkommunikation\/e-schulze\/#primaryimage"},"thumbnailUrl":"https:\/\/gesundheitsberatung.com\/tierheilkunde\/wp-content\/uploads\/sites\/5\/e-schulze-tierkommunikation-vistano-berater-id-5112.jpg","datePublished":"2016-08-04T14:50:05+00:00","dateModified":"2020-01-22T13:27:03+00:00","description":"Vistano Tierkommunikation &#187; Tierkommunikation und Suche Jenseitskontakt zu Deinem verstorbenen Tier.Nachricht durch den Geistf\u00fchrer.","breadcrumb":{"@id":"https:\/\/gesundheitsberatung.com\/tierheilkunde\/online-beratung\/tierkommunikation\/e-schulze\/#breadcrumb"},"inLanguage":"de","potentialAction":[{"@type":"ReadAction","target":["https:\/\/gesundheitsberatung.com\/tierheilkunde\/online-beratung\/tierkommunikation\/e-schulze\/"]}]},{"@type":"ImageObject","inLanguage":"de","@id":"https:\/\/gesundheitsberatung.com\/tierheilkunde\/online-beratung\/tierkommunikation\/e-schulze\/#primaryimage","url":"https:\/\/gesundheitsberatung.com\/tierheilkunde\/wp-content\/uploads\/sites\/5\/e-schulze-tierkommunikation-vistano-berater-id-5112.jpg","contentUrl":"https:\/\/gesundheitsberatung.com\/tierheilkunde\/wp-content\/uploads\/sites\/5\/e-schulze-tierkommunikation-vistano-berater-id-5112.jpg","width":700,"height":700,"caption":"Tierkommunikation E. Schulze - Berater-ID: 5112"},{"@type":"BreadcrumbList","@id":"https:\/\/gesundheitsberatung.com\/tierheilkunde\/online-beratung\/tierkommunikation\/e-schulze\/#breadcrumb","itemListElement":[{"@type":"ListItem","position":1,"name":"Home","item":"https:\/\/gesundheitsberatung.com\/tierheilkunde\/"},{"@type":"ListItem","position":2,"name":"Produkte","item":"https:\/\/gesundheitsberatung.com\/tierheilkunde\/shop\/"},{"@type":"ListItem","position":3,"name":"Online Beratung","item":"https:\/\/gesundheitsberatung.com\/tierheilkunde\/online_berater\/online-beratung\/"},{"@type":"ListItem","position":4,"name":"Tierkommunikation","item":"https:\/\/gesundheitsberatung.com\/tierheilkunde\/online_berater\/tierkommunikation\/"},{"@type":"ListItem","position":5,"name":"E. Schulze"}]},{"@type":"WebSite","@id":"https:\/\/gesundheitsberatung.com\/tierheilkunde\/#website","url":"https:\/\/gesundheitsberatung.com\/tierheilkunde\/","name":"Tierheilkunde","description":"Tierheilkunde \u260e Beratung f\u00fcr Nutz- &amp; Haustiere! Jetzt Gratis-Beratung sichern: \u2714 Tier\u00e4rzte \u2714 Tier-Heilpraktiker \u2714 Tier-Hom\u00f6opathen \u2714 Tiertrainer \u2714 Verhaltensberater \u2714 Tier-Psychologen bei Vistano Tierheilkunde.","potentialAction":[{"@type":"SearchAction","target":{"@type":"EntryPoint","urlTemplate":"https:\/\/gesundheitsberatung.com\/tierheilkunde\/?s={search_term_string}"},"query-input":{"@type":"PropertyValueSpecification","valueRequired":true,"valueName":"search_term_string"}}],"inLanguage":"de"}]}},"_links":{"self":[{"href":"https:\/\/gesundheitsberatung.com\/tierheilkunde\/wp-json\/wp\/v2\/product\/12731","targetHints":{"allow":["GET"]}}],"collection":[{"href":"https:\/\/gesundheitsberatung.com\/tierheilkunde\/wp-json\/wp\/v2\/product"}],"about":[{"href":"https:\/\/gesundheitsberatung.com\/tierheilkunde\/wp-json\/wp\/v2\/types\/product"}],"replies":[{"embeddable":true,"href":"https:\/\/gesundheitsberatung.com\/tierheilkunde\/wp-json\/wp\/v2\/comments?post=12731"}],"wp:featuredmedia":[{"embeddable":true,"href":"https:\/\/gesundheitsberatung.com\/tierheilkunde\/wp-json\/wp\/v2\/media\/16606"}],"wp:attachment":[{"href":"https:\/\/gesundheitsberatung.com\/tierheilkunde\/wp-json\/wp\/v2\/media?parent=12731"}],"wp:term":[{"taxonomy":"product_cat","embeddable":true,"href":"https:\/\/gesundheitsberatung.com\/tierheilkunde\/wp-json\/wp\/v2\/product_cat?post=12731"},{"taxonomy":"product_tag","embeddable":true,"href":"https:\/\/gesundheitsberatung.com\/tierheilkunde\/wp-json\/wp\/v2\/product_tag?post=12731"}],"curies":[{"name":"wp","href":"https:\/\/api.w.org\/{rel}","templated":true}]}}