{"id":12729,"date":"2017-06-04T01:53:47","date_gmt":"2017-06-03T23:53:47","guid":{"rendered":"https:\/\/gesundheitsberatung.com\/tierheilkunde\/?post_type=product&#038;p=12729"},"modified":"2020-01-22T14:26:42","modified_gmt":"2020-01-22T13:26:42","slug":"s-schmetzer","status":"publish","type":"product","link":"https:\/\/gesundheitsberatung.com\/tierheilkunde\/online-beratung\/tierheilpraktiker-osteopathen\/s-schmetzer\/","title":{"rendered":"S. Schmetzer"},"content":{"rendered":"<p>Mein Name ist Sven Schmetzer und ich freue mich Sie begr\u00fcssen zu d\u00fcrfen. Ich bin ausgebildeter Tierheilpraktiker als auch schamanischer Tierheiler sowie Tierpsychologe, Tierkommunikator und Hundefriseur (groomer).Seit meinem dritten Lebensjahr besch\u00e4ftige ich mit Tieren und jeglicher Art von Energiearbeit und allem was mit Tiergesundheit zu tun hat.St\u00e4ndige Fortbildungen sind f\u00fcr mich selbstverst\u00e4ndlich. Ich betreibe eine mobile Tierheilpraxis und Hundesalon mit den Schwerpunkten: klassische Hom\u00f6opathie, Energiearbeit, Sterbebegleitung, Tierkommunikation, Traumal\u00f6sung und Blockadenl\u00f6sung und vieles mehr.Seit 2008 gebe ich meine langj\u00e4hrigen Erfahrungen auch in Seminaren weiter. Mein Leistungsspektrum: \u00e2\u0080\u00a2Naturheilverfahren f\u00fcr Hunde, Katzen, Kleintiere \u00e2\u0080\u00a2Chakrenausgleich\u00e2\u0080\u00a2klassische Hom\u00f6opathie \u00e2\u0080\u00a2Austestung hom\u00f6opathischer Mittel mittels Tensor \u00e2\u0080\u00a2Beratung bei Tiererziehungsproblemen \u00e2\u0080\u00a2Tierpflege f\u00fcr Hunde und Katzen\u00e2\u0080\u00a2Tierhygiene\u00e2\u0080\u00a2Tierkommunikation und Channeling\u00e2\u0080\u00a2Sterbebegleitung des Tieres\u00e2\u0080\u00a2Beratung vor Anschaffung eines Tieres\u00e2\u0080\u00a2Beratung rund um das Thema Ern\u00e4hrung Sie m\u00f6chten wissen was Ihr Tier denkt und f\u00fchlt ? Sie m\u00f6chten wissen wie Ihr Tier mit einem bevorstehenden Umzug klar kommt?Sie m\u00f6chten wissen ob Ihr entlaufenes Tier zur\u00fcck kommt ? Sie m\u00f6chten einen Jenseitskontakt zu einem verstorbenen Tier ? Sie haben Fragen zur klassischen Hom\u00f6opathie ? Sie m\u00f6chten Wissen wie Sie eine bestehende Therapie naturheilkundlich unterst\u00fctzen k\u00f6nnen ? Sie haben Fragen zur Erziehung und oder Ern\u00e4hrung ? Ihr Tier verh\u00e4lt sich komisch und Sie wissen nicht warum ? Sie m\u00f6chten bestehende Blockaden und Traumatas Ihres Tieres aufgel\u00f6st haben ?Egal was Sie auch f\u00fcr eine Frage haben:Ich stehe Ihnen von Herzen gerne mit Rat und Tat zur Seite.Ebenfalls sind Fragen zu Ihrem Tier auch als Vistanomail m\u00f6glich:1 Frage: 5,00\u00e2\u0082\u00ac 3 Fragen: 14,00\u00e2\u0082\u00acX Fragen: 29,00\u00e2\u0082\u00acIch ben\u00f6tige den Namen Ihres Tieres und nat\u00fcrlich Ihre Fragen.Sie erhalten Ihre Antworten innerhalb von 48std. nach Maileingang. Ich freue mich auf Ihren Anruf und oder Ihre Mail und w\u00fcnsche Ihnen bis dahin alles Liebe. Ihr Sven Schmetzer<span class=\"display_none\">5102<\/span><\/p>\n","protected":false},"excerpt":{"rendered":"<p>Ich bin als Tierheilpraktiker,Tierhom\u00f6opath,Tierkommunikator sehr gerne f\u00fcr Sie da.THP,Tierhom\u00f6opathie,Jenseitskontakte,Trauma und Blockadenl\u00f6sung&#8230; und vieles mehr.<\/p>\n","protected":false},"featured_media":16603,"comment_status":"open","ping_status":"closed","template":"","meta":[],"product_cat":[],"product_tag":[],"class_list":["post-12729","product","type-product","status-publish","has-post-thumbnail","hentry","online_berater-tierheilpraktiker-osteopathen"],"yoast_head":"<!-- This site is optimized with the Yoast SEO plugin v26.0 - https:\/\/yoast.com\/wordpress\/plugins\/seo\/ -->\n<title>S. Schmetzer &#187; Tierheilpraktiker &#187; Vistano \u260e Beratung<\/title>\n<meta name=\"description\" content=\"Vistano Tierheilpraktiker &#187; Ich bin als Tierheilpraktiker,Tierhom\u00f6opath,Tierkommunikator sehr gerne f\u00fcr Sie da.THP,Tierhom\u00f6opathie,Jenseitskontakte,Trauma und Blockadenl\u00f6sung... und vieles mehr.\" \/>\n<meta name=\"robots\" content=\"index, follow, max-snippet:-1, max-image-preview:large, max-video-preview:-1\" \/>\n<link rel=\"canonical\" href=\"https:\/\/gesundheitsberatung.com\/tierheilkunde\/online-beratung\/tierheilpraktiker-osteopathen\/s-schmetzer\/\" \/>\n<meta property=\"og:locale\" content=\"de_DE\" \/>\n<meta property=\"og:type\" content=\"article\" \/>\n<meta property=\"og:title\" content=\"S. Schmetzer &#187; Tierheilpraktiker &#187; Vistano \u260e Beratung\" \/>\n<meta property=\"og:description\" content=\"Vistano Tierheilpraktiker &#187; Ich bin als Tierheilpraktiker,Tierhom\u00f6opath,Tierkommunikator sehr gerne f\u00fcr Sie da.THP,Tierhom\u00f6opathie,Jenseitskontakte,Trauma und Blockadenl\u00f6sung... und vieles mehr.\" \/>\n<meta property=\"og:url\" content=\"https:\/\/gesundheitsberatung.com\/tierheilkunde\/online-beratung\/tierheilpraktiker-osteopathen\/s-schmetzer\/\" \/>\n<meta property=\"og:site_name\" content=\"Tierheilkunde\" \/>\n<meta property=\"article:publisher\" content=\"https:\/\/www.facebook.com\/tierheilkunde\/\" \/>\n<meta property=\"article:modified_time\" content=\"2020-01-22T13:26:42+00:00\" \/>\n<meta property=\"og:image\" content=\"https:\/\/gesundheitsberatung.com\/tierheilkunde\/wp-content\/uploads\/sites\/5\/s-schmetzer-tierheilpraktiker-osteopathen-vistano-berater-id-5102.jpg\" \/>\n\t<meta property=\"og:image:width\" content=\"1177\" \/>\n\t<meta property=\"og:image:height\" content=\"1177\" \/>\n\t<meta property=\"og:image:type\" content=\"image\/jpeg\" \/>\n<meta name=\"twitter:card\" content=\"summary_large_image\" \/>\n<meta name=\"twitter:site\" content=\"@Vistano\" \/>\n<script type=\"application\/ld+json\" class=\"yoast-schema-graph\">{\"@context\":\"https:\/\/schema.org\",\"@graph\":[{\"@type\":\"WebPage\",\"@id\":\"https:\/\/gesundheitsberatung.com\/tierheilkunde\/online-beratung\/tierheilpraktiker-osteopathen\/s-schmetzer\/\",\"url\":\"https:\/\/gesundheitsberatung.com\/tierheilkunde\/online-beratung\/tierheilpraktiker-osteopathen\/s-schmetzer\/\",\"name\":\"S. Schmetzer &#187; Tierheilpraktiker &#187; Vistano \u260e Beratung\",\"isPartOf\":{\"@id\":\"https:\/\/gesundheitsberatung.com\/tierheilkunde\/#website\"},\"primaryImageOfPage\":{\"@id\":\"https:\/\/gesundheitsberatung.com\/tierheilkunde\/online-beratung\/tierheilpraktiker-osteopathen\/s-schmetzer\/#primaryimage\"},\"image\":{\"@id\":\"https:\/\/gesundheitsberatung.com\/tierheilkunde\/online-beratung\/tierheilpraktiker-osteopathen\/s-schmetzer\/#primaryimage\"},\"thumbnailUrl\":\"https:\/\/gesundheitsberatung.com\/tierheilkunde\/wp-content\/uploads\/sites\/5\/s-schmetzer-tierheilpraktiker-osteopathen-vistano-berater-id-5102.jpg\",\"datePublished\":\"2017-06-03T23:53:47+00:00\",\"dateModified\":\"2020-01-22T13:26:42+00:00\",\"description\":\"Vistano Tierheilpraktiker &#187; Ich bin als Tierheilpraktiker,Tierhom\u00f6opath,Tierkommunikator sehr gerne f\u00fcr Sie da.THP,Tierhom\u00f6opathie,Jenseitskontakte,Trauma und Blockadenl\u00f6sung... und vieles mehr.\",\"breadcrumb\":{\"@id\":\"https:\/\/gesundheitsberatung.com\/tierheilkunde\/online-beratung\/tierheilpraktiker-osteopathen\/s-schmetzer\/#breadcrumb\"},\"inLanguage\":\"de\",\"potentialAction\":[{\"@type\":\"ReadAction\",\"target\":[\"https:\/\/gesundheitsberatung.com\/tierheilkunde\/online-beratung\/tierheilpraktiker-osteopathen\/s-schmetzer\/\"]}]},{\"@type\":\"ImageObject\",\"inLanguage\":\"de\",\"@id\":\"https:\/\/gesundheitsberatung.com\/tierheilkunde\/online-beratung\/tierheilpraktiker-osteopathen\/s-schmetzer\/#primaryimage\",\"url\":\"https:\/\/gesundheitsberatung.com\/tierheilkunde\/wp-content\/uploads\/sites\/5\/s-schmetzer-tierheilpraktiker-osteopathen-vistano-berater-id-5102.jpg\",\"contentUrl\":\"https:\/\/gesundheitsberatung.com\/tierheilkunde\/wp-content\/uploads\/sites\/5\/s-schmetzer-tierheilpraktiker-osteopathen-vistano-berater-id-5102.jpg\",\"width\":1177,\"height\":1177,\"caption\":\"Tierheilpraktiker \/ Osteopathen S. Schmetzer - Berater-ID: 5102\"},{\"@type\":\"BreadcrumbList\",\"@id\":\"https:\/\/gesundheitsberatung.com\/tierheilkunde\/online-beratung\/tierheilpraktiker-osteopathen\/s-schmetzer\/#breadcrumb\",\"itemListElement\":[{\"@type\":\"ListItem\",\"position\":1,\"name\":\"Home\",\"item\":\"https:\/\/gesundheitsberatung.com\/tierheilkunde\/\"},{\"@type\":\"ListItem\",\"position\":2,\"name\":\"Produkte\",\"item\":\"https:\/\/gesundheitsberatung.com\/tierheilkunde\/shop\/\"},{\"@type\":\"ListItem\",\"position\":3,\"name\":\"Online Beratung\",\"item\":\"https:\/\/gesundheitsberatung.com\/tierheilkunde\/online_berater\/online-beratung\/\"},{\"@type\":\"ListItem\",\"position\":4,\"name\":\"Tierheilpraktiker\",\"item\":\"https:\/\/gesundheitsberatung.com\/tierheilkunde\/online_berater\/tierheilpraktiker-osteopathen\/\"},{\"@type\":\"ListItem\",\"position\":5,\"name\":\"S. Schmetzer\"}]},{\"@type\":\"WebSite\",\"@id\":\"https:\/\/gesundheitsberatung.com\/tierheilkunde\/#website\",\"url\":\"https:\/\/gesundheitsberatung.com\/tierheilkunde\/\",\"name\":\"Tierheilkunde\",\"description\":\"Tierheilkunde \u260e Beratung f\u00fcr Nutz- &amp; Haustiere! Jetzt Gratis-Beratung sichern: \u2714 Tier\u00e4rzte \u2714 Tier-Heilpraktiker \u2714 Tier-Hom\u00f6opathen \u2714 Tiertrainer \u2714 Verhaltensberater \u2714 Tier-Psychologen bei Vistano Tierheilkunde.\",\"potentialAction\":[{\"@type\":\"SearchAction\",\"target\":{\"@type\":\"EntryPoint\",\"urlTemplate\":\"https:\/\/gesundheitsberatung.com\/tierheilkunde\/?s={search_term_string}\"},\"query-input\":{\"@type\":\"PropertyValueSpecification\",\"valueRequired\":true,\"valueName\":\"search_term_string\"}}],\"inLanguage\":\"de\"}]}<\/script>\n<!-- \/ Yoast SEO plugin. -->","yoast_head_json":{"title":"S. Schmetzer &#187; Tierheilpraktiker &#187; Vistano \u260e Beratung","description":"Vistano Tierheilpraktiker &#187; Ich bin als Tierheilpraktiker,Tierhom\u00f6opath,Tierkommunikator sehr gerne f\u00fcr Sie da.THP,Tierhom\u00f6opathie,Jenseitskontakte,Trauma und Blockadenl\u00f6sung... und vieles mehr.","robots":{"index":"index","follow":"follow","max-snippet":"max-snippet:-1","max-image-preview":"max-image-preview:large","max-video-preview":"max-video-preview:-1"},"canonical":"https:\/\/gesundheitsberatung.com\/tierheilkunde\/online-beratung\/tierheilpraktiker-osteopathen\/s-schmetzer\/","og_locale":"de_DE","og_type":"article","og_title":"S. Schmetzer &#187; Tierheilpraktiker &#187; Vistano \u260e Beratung","og_description":"Vistano Tierheilpraktiker &#187; Ich bin als Tierheilpraktiker,Tierhom\u00f6opath,Tierkommunikator sehr gerne f\u00fcr Sie da.THP,Tierhom\u00f6opathie,Jenseitskontakte,Trauma und Blockadenl\u00f6sung... und vieles mehr.","og_url":"https:\/\/gesundheitsberatung.com\/tierheilkunde\/online-beratung\/tierheilpraktiker-osteopathen\/s-schmetzer\/","og_site_name":"Tierheilkunde","article_publisher":"https:\/\/www.facebook.com\/tierheilkunde\/","article_modified_time":"2020-01-22T13:26:42+00:00","og_image":[{"width":1177,"height":1177,"url":"https:\/\/gesundheitsberatung.com\/tierheilkunde\/wp-content\/uploads\/sites\/5\/s-schmetzer-tierheilpraktiker-osteopathen-vistano-berater-id-5102.jpg","type":"image\/jpeg"}],"twitter_card":"summary_large_image","twitter_site":"@Vistano","schema":{"@context":"https:\/\/schema.org","@graph":[{"@type":"WebPage","@id":"https:\/\/gesundheitsberatung.com\/tierheilkunde\/online-beratung\/tierheilpraktiker-osteopathen\/s-schmetzer\/","url":"https:\/\/gesundheitsberatung.com\/tierheilkunde\/online-beratung\/tierheilpraktiker-osteopathen\/s-schmetzer\/","name":"S. Schmetzer &#187; Tierheilpraktiker &#187; Vistano \u260e Beratung","isPartOf":{"@id":"https:\/\/gesundheitsberatung.com\/tierheilkunde\/#website"},"primaryImageOfPage":{"@id":"https:\/\/gesundheitsberatung.com\/tierheilkunde\/online-beratung\/tierheilpraktiker-osteopathen\/s-schmetzer\/#primaryimage"},"image":{"@id":"https:\/\/gesundheitsberatung.com\/tierheilkunde\/online-beratung\/tierheilpraktiker-osteopathen\/s-schmetzer\/#primaryimage"},"thumbnailUrl":"https:\/\/gesundheitsberatung.com\/tierheilkunde\/wp-content\/uploads\/sites\/5\/s-schmetzer-tierheilpraktiker-osteopathen-vistano-berater-id-5102.jpg","datePublished":"2017-06-03T23:53:47+00:00","dateModified":"2020-01-22T13:26:42+00:00","description":"Vistano Tierheilpraktiker &#187; Ich bin als Tierheilpraktiker,Tierhom\u00f6opath,Tierkommunikator sehr gerne f\u00fcr Sie da.THP,Tierhom\u00f6opathie,Jenseitskontakte,Trauma und Blockadenl\u00f6sung... und vieles mehr.","breadcrumb":{"@id":"https:\/\/gesundheitsberatung.com\/tierheilkunde\/online-beratung\/tierheilpraktiker-osteopathen\/s-schmetzer\/#breadcrumb"},"inLanguage":"de","potentialAction":[{"@type":"ReadAction","target":["https:\/\/gesundheitsberatung.com\/tierheilkunde\/online-beratung\/tierheilpraktiker-osteopathen\/s-schmetzer\/"]}]},{"@type":"ImageObject","inLanguage":"de","@id":"https:\/\/gesundheitsberatung.com\/tierheilkunde\/online-beratung\/tierheilpraktiker-osteopathen\/s-schmetzer\/#primaryimage","url":"https:\/\/gesundheitsberatung.com\/tierheilkunde\/wp-content\/uploads\/sites\/5\/s-schmetzer-tierheilpraktiker-osteopathen-vistano-berater-id-5102.jpg","contentUrl":"https:\/\/gesundheitsberatung.com\/tierheilkunde\/wp-content\/uploads\/sites\/5\/s-schmetzer-tierheilpraktiker-osteopathen-vistano-berater-id-5102.jpg","width":1177,"height":1177,"caption":"Tierheilpraktiker \/ Osteopathen S. Schmetzer - Berater-ID: 5102"},{"@type":"BreadcrumbList","@id":"https:\/\/gesundheitsberatung.com\/tierheilkunde\/online-beratung\/tierheilpraktiker-osteopathen\/s-schmetzer\/#breadcrumb","itemListElement":[{"@type":"ListItem","position":1,"name":"Home","item":"https:\/\/gesundheitsberatung.com\/tierheilkunde\/"},{"@type":"ListItem","position":2,"name":"Produkte","item":"https:\/\/gesundheitsberatung.com\/tierheilkunde\/shop\/"},{"@type":"ListItem","position":3,"name":"Online Beratung","item":"https:\/\/gesundheitsberatung.com\/tierheilkunde\/online_berater\/online-beratung\/"},{"@type":"ListItem","position":4,"name":"Tierheilpraktiker","item":"https:\/\/gesundheitsberatung.com\/tierheilkunde\/online_berater\/tierheilpraktiker-osteopathen\/"},{"@type":"ListItem","position":5,"name":"S. Schmetzer"}]},{"@type":"WebSite","@id":"https:\/\/gesundheitsberatung.com\/tierheilkunde\/#website","url":"https:\/\/gesundheitsberatung.com\/tierheilkunde\/","name":"Tierheilkunde","description":"Tierheilkunde \u260e Beratung f\u00fcr Nutz- &amp; Haustiere! Jetzt Gratis-Beratung sichern: \u2714 Tier\u00e4rzte \u2714 Tier-Heilpraktiker \u2714 Tier-Hom\u00f6opathen \u2714 Tiertrainer \u2714 Verhaltensberater \u2714 Tier-Psychologen bei Vistano Tierheilkunde.","potentialAction":[{"@type":"SearchAction","target":{"@type":"EntryPoint","urlTemplate":"https:\/\/gesundheitsberatung.com\/tierheilkunde\/?s={search_term_string}"},"query-input":{"@type":"PropertyValueSpecification","valueRequired":true,"valueName":"search_term_string"}}],"inLanguage":"de"}]}},"_links":{"self":[{"href":"https:\/\/gesundheitsberatung.com\/tierheilkunde\/wp-json\/wp\/v2\/product\/12729","targetHints":{"allow":["GET"]}}],"collection":[{"href":"https:\/\/gesundheitsberatung.com\/tierheilkunde\/wp-json\/wp\/v2\/product"}],"about":[{"href":"https:\/\/gesundheitsberatung.com\/tierheilkunde\/wp-json\/wp\/v2\/types\/product"}],"replies":[{"embeddable":true,"href":"https:\/\/gesundheitsberatung.com\/tierheilkunde\/wp-json\/wp\/v2\/comments?post=12729"}],"wp:featuredmedia":[{"embeddable":true,"href":"https:\/\/gesundheitsberatung.com\/tierheilkunde\/wp-json\/wp\/v2\/media\/16603"}],"wp:attachment":[{"href":"https:\/\/gesundheitsberatung.com\/tierheilkunde\/wp-json\/wp\/v2\/media?parent=12729"}],"wp:term":[{"taxonomy":"product_cat","embeddable":true,"href":"https:\/\/gesundheitsberatung.com\/tierheilkunde\/wp-json\/wp\/v2\/product_cat?post=12729"},{"taxonomy":"product_tag","embeddable":true,"href":"https:\/\/gesundheitsberatung.com\/tierheilkunde\/wp-json\/wp\/v2\/product_tag?post=12729"}],"curies":[{"name":"wp","href":"https:\/\/api.w.org\/{rel}","templated":true}]}}