{"id":12728,"date":"2016-09-29T15:30:45","date_gmt":"2016-09-29T13:30:45","guid":{"rendered":"https:\/\/gesundheitsberatung.com\/tierheilkunde\/?post_type=product&#038;p=12728"},"modified":"2020-01-22T14:26:25","modified_gmt":"2020-01-22T13:26:25","slug":"h-einwaechter-langer","status":"publish","type":"product","link":"https:\/\/gesundheitsberatung.com\/tierheilkunde\/online-beratung\/tierheilpraktiker-osteopathen\/h-einwaechter-langer\/","title":{"rendered":"H. Einw\u00e4chter-Langer"},"content":{"rendered":"<p>Hallo und guten Tag,<\/p>\n<p>mein Name ist Heike Einw\u00e4chter-Langer. <\/p>\n<p> Ich bin ausgebildete Tierpsychologin sowie Tierheilpraktikerin mit SchwerpunktHom\u00f6opathie und betreibe eine mobile Tierheilpraxis.<\/p>\n<p> Akute und chronische Leiden ihres Tieres werden von mir mit ganzheitlichenNaturheilverfahren, insbesondere hom\u00f6opathisch behandelt.<\/p>\n<p> Bei Fragen zur Ern\u00e4hrung Ihres Tieres stehe ich Ihnen beratend zur Seite. <\/p>\n<p> Ich helfe aber auch bei einer eventuell anstehenden &#8220;Neuanschaffung&#8221; einesVierbeiners, damit dieser dann auch wirklich gut zu Ihnen und ihrer Familie passt, undinformiere bei Fragen zur Erziehung und bei Verhaltensproblemen Ihres Lieblings.<\/p>\n<p> Ich stehe ihren Fragen offen gegen\u00fcber und freue mich auf Ihren Anruf, Ihre <\/p>\n<p> Heike Einw\u00e4chter-Langer<span class=\"display_none\">5095<\/span><\/p>\n","protected":false},"excerpt":{"rendered":"<p>Tierhom\u00f6opathie, Bachbl\u00fcten, Tierpsychologie, Ern\u00e4hrungsfragen, Hautprobleme, Verhaltensauff\u00e4lligkeiten, Bewegungsapparat<\/p>\n","protected":false},"featured_media":16600,"comment_status":"open","ping_status":"closed","template":"","meta":[],"product_cat":[],"product_tag":[],"class_list":["post-12728","product","type-product","status-publish","has-post-thumbnail","hentry","online_berater-tierheilpraktiker-osteopathen"],"yoast_head":"<!-- This site is optimized with the Yoast SEO plugin v26.0 - https:\/\/yoast.com\/wordpress\/plugins\/seo\/ -->\n<title>H. Einw\u00e4chter-Langer &#187; Tierheilpraktiker &#187; Vistano \u260e Beratung<\/title>\n<meta name=\"description\" content=\"Vistano Tierheilpraktiker &#187; Tierhom\u00f6opathie, Bachbl\u00fcten, Tierpsychologie, Ern\u00e4hrungsfragen, Hautprobleme, Verhaltensauff\u00e4lligkeiten, Bewegungsapparat\" \/>\n<meta name=\"robots\" content=\"index, follow, max-snippet:-1, max-image-preview:large, max-video-preview:-1\" \/>\n<link rel=\"canonical\" href=\"https:\/\/gesundheitsberatung.com\/tierheilkunde\/online-beratung\/tierheilpraktiker-osteopathen\/h-einwaechter-langer\/\" \/>\n<meta property=\"og:locale\" content=\"de_DE\" \/>\n<meta property=\"og:type\" content=\"article\" \/>\n<meta property=\"og:title\" content=\"H. Einw\u00e4chter-Langer &#187; Tierheilpraktiker &#187; Vistano \u260e Beratung\" \/>\n<meta property=\"og:description\" content=\"Vistano Tierheilpraktiker &#187; Tierhom\u00f6opathie, Bachbl\u00fcten, Tierpsychologie, Ern\u00e4hrungsfragen, Hautprobleme, Verhaltensauff\u00e4lligkeiten, Bewegungsapparat\" \/>\n<meta property=\"og:url\" content=\"https:\/\/gesundheitsberatung.com\/tierheilkunde\/online-beratung\/tierheilpraktiker-osteopathen\/h-einwaechter-langer\/\" \/>\n<meta property=\"og:site_name\" content=\"Tierheilkunde\" \/>\n<meta property=\"article:publisher\" content=\"https:\/\/www.facebook.com\/tierheilkunde\/\" \/>\n<meta property=\"article:modified_time\" content=\"2020-01-22T13:26:25+00:00\" \/>\n<meta property=\"og:image\" content=\"https:\/\/gesundheitsberatung.com\/tierheilkunde\/wp-content\/uploads\/sites\/5\/h-einw-chter-langer-tierheilpraktiker-osteopathen-vistano-berater-id-5095.jpg\" \/>\n\t<meta property=\"og:image:width\" content=\"700\" \/>\n\t<meta property=\"og:image:height\" content=\"700\" \/>\n\t<meta property=\"og:image:type\" content=\"image\/jpeg\" \/>\n<meta name=\"twitter:card\" content=\"summary_large_image\" \/>\n<meta name=\"twitter:site\" content=\"@Vistano\" \/>\n<script type=\"application\/ld+json\" class=\"yoast-schema-graph\">{\"@context\":\"https:\/\/schema.org\",\"@graph\":[{\"@type\":\"WebPage\",\"@id\":\"https:\/\/gesundheitsberatung.com\/tierheilkunde\/online-beratung\/tierheilpraktiker-osteopathen\/h-einwaechter-langer\/\",\"url\":\"https:\/\/gesundheitsberatung.com\/tierheilkunde\/online-beratung\/tierheilpraktiker-osteopathen\/h-einwaechter-langer\/\",\"name\":\"H. Einw\u00e4chter-Langer &#187; Tierheilpraktiker &#187; Vistano \u260e Beratung\",\"isPartOf\":{\"@id\":\"https:\/\/gesundheitsberatung.com\/tierheilkunde\/#website\"},\"primaryImageOfPage\":{\"@id\":\"https:\/\/gesundheitsberatung.com\/tierheilkunde\/online-beratung\/tierheilpraktiker-osteopathen\/h-einwaechter-langer\/#primaryimage\"},\"image\":{\"@id\":\"https:\/\/gesundheitsberatung.com\/tierheilkunde\/online-beratung\/tierheilpraktiker-osteopathen\/h-einwaechter-langer\/#primaryimage\"},\"thumbnailUrl\":\"https:\/\/gesundheitsberatung.com\/tierheilkunde\/wp-content\/uploads\/sites\/5\/h-einw-chter-langer-tierheilpraktiker-osteopathen-vistano-berater-id-5095.jpg\",\"datePublished\":\"2016-09-29T13:30:45+00:00\",\"dateModified\":\"2020-01-22T13:26:25+00:00\",\"description\":\"Vistano Tierheilpraktiker &#187; Tierhom\u00f6opathie, Bachbl\u00fcten, Tierpsychologie, Ern\u00e4hrungsfragen, Hautprobleme, Verhaltensauff\u00e4lligkeiten, Bewegungsapparat\",\"breadcrumb\":{\"@id\":\"https:\/\/gesundheitsberatung.com\/tierheilkunde\/online-beratung\/tierheilpraktiker-osteopathen\/h-einwaechter-langer\/#breadcrumb\"},\"inLanguage\":\"de\",\"potentialAction\":[{\"@type\":\"ReadAction\",\"target\":[\"https:\/\/gesundheitsberatung.com\/tierheilkunde\/online-beratung\/tierheilpraktiker-osteopathen\/h-einwaechter-langer\/\"]}]},{\"@type\":\"ImageObject\",\"inLanguage\":\"de\",\"@id\":\"https:\/\/gesundheitsberatung.com\/tierheilkunde\/online-beratung\/tierheilpraktiker-osteopathen\/h-einwaechter-langer\/#primaryimage\",\"url\":\"https:\/\/gesundheitsberatung.com\/tierheilkunde\/wp-content\/uploads\/sites\/5\/h-einw-chter-langer-tierheilpraktiker-osteopathen-vistano-berater-id-5095.jpg\",\"contentUrl\":\"https:\/\/gesundheitsberatung.com\/tierheilkunde\/wp-content\/uploads\/sites\/5\/h-einw-chter-langer-tierheilpraktiker-osteopathen-vistano-berater-id-5095.jpg\",\"width\":700,\"height\":700,\"caption\":\"Tierheilpraktiker \/ Osteopathen H. Einw\u00e4chter-Langer - Berater-ID: 5095\"},{\"@type\":\"BreadcrumbList\",\"@id\":\"https:\/\/gesundheitsberatung.com\/tierheilkunde\/online-beratung\/tierheilpraktiker-osteopathen\/h-einwaechter-langer\/#breadcrumb\",\"itemListElement\":[{\"@type\":\"ListItem\",\"position\":1,\"name\":\"Home\",\"item\":\"https:\/\/gesundheitsberatung.com\/tierheilkunde\/\"},{\"@type\":\"ListItem\",\"position\":2,\"name\":\"Produkte\",\"item\":\"https:\/\/gesundheitsberatung.com\/tierheilkunde\/shop\/\"},{\"@type\":\"ListItem\",\"position\":3,\"name\":\"Online Beratung\",\"item\":\"https:\/\/gesundheitsberatung.com\/tierheilkunde\/online_berater\/online-beratung\/\"},{\"@type\":\"ListItem\",\"position\":4,\"name\":\"Tierheilpraktiker\",\"item\":\"https:\/\/gesundheitsberatung.com\/tierheilkunde\/online_berater\/tierheilpraktiker-osteopathen\/\"},{\"@type\":\"ListItem\",\"position\":5,\"name\":\"H. Einw\u00e4chter-Langer\"}]},{\"@type\":\"WebSite\",\"@id\":\"https:\/\/gesundheitsberatung.com\/tierheilkunde\/#website\",\"url\":\"https:\/\/gesundheitsberatung.com\/tierheilkunde\/\",\"name\":\"Tierheilkunde\",\"description\":\"Tierheilkunde \u260e Beratung f\u00fcr Nutz- &amp; Haustiere! Jetzt Gratis-Beratung sichern: \u2714 Tier\u00e4rzte \u2714 Tier-Heilpraktiker \u2714 Tier-Hom\u00f6opathen \u2714 Tiertrainer \u2714 Verhaltensberater \u2714 Tier-Psychologen bei Vistano Tierheilkunde.\",\"potentialAction\":[{\"@type\":\"SearchAction\",\"target\":{\"@type\":\"EntryPoint\",\"urlTemplate\":\"https:\/\/gesundheitsberatung.com\/tierheilkunde\/?s={search_term_string}\"},\"query-input\":{\"@type\":\"PropertyValueSpecification\",\"valueRequired\":true,\"valueName\":\"search_term_string\"}}],\"inLanguage\":\"de\"}]}<\/script>\n<!-- \/ Yoast SEO plugin. -->","yoast_head_json":{"title":"H. Einw\u00e4chter-Langer &#187; Tierheilpraktiker &#187; Vistano \u260e Beratung","description":"Vistano Tierheilpraktiker &#187; Tierhom\u00f6opathie, Bachbl\u00fcten, Tierpsychologie, Ern\u00e4hrungsfragen, Hautprobleme, Verhaltensauff\u00e4lligkeiten, Bewegungsapparat","robots":{"index":"index","follow":"follow","max-snippet":"max-snippet:-1","max-image-preview":"max-image-preview:large","max-video-preview":"max-video-preview:-1"},"canonical":"https:\/\/gesundheitsberatung.com\/tierheilkunde\/online-beratung\/tierheilpraktiker-osteopathen\/h-einwaechter-langer\/","og_locale":"de_DE","og_type":"article","og_title":"H. Einw\u00e4chter-Langer &#187; Tierheilpraktiker &#187; Vistano \u260e Beratung","og_description":"Vistano Tierheilpraktiker &#187; Tierhom\u00f6opathie, Bachbl\u00fcten, Tierpsychologie, Ern\u00e4hrungsfragen, Hautprobleme, Verhaltensauff\u00e4lligkeiten, Bewegungsapparat","og_url":"https:\/\/gesundheitsberatung.com\/tierheilkunde\/online-beratung\/tierheilpraktiker-osteopathen\/h-einwaechter-langer\/","og_site_name":"Tierheilkunde","article_publisher":"https:\/\/www.facebook.com\/tierheilkunde\/","article_modified_time":"2020-01-22T13:26:25+00:00","og_image":[{"width":700,"height":700,"url":"https:\/\/gesundheitsberatung.com\/tierheilkunde\/wp-content\/uploads\/sites\/5\/h-einw-chter-langer-tierheilpraktiker-osteopathen-vistano-berater-id-5095.jpg","type":"image\/jpeg"}],"twitter_card":"summary_large_image","twitter_site":"@Vistano","schema":{"@context":"https:\/\/schema.org","@graph":[{"@type":"WebPage","@id":"https:\/\/gesundheitsberatung.com\/tierheilkunde\/online-beratung\/tierheilpraktiker-osteopathen\/h-einwaechter-langer\/","url":"https:\/\/gesundheitsberatung.com\/tierheilkunde\/online-beratung\/tierheilpraktiker-osteopathen\/h-einwaechter-langer\/","name":"H. Einw\u00e4chter-Langer &#187; Tierheilpraktiker &#187; Vistano \u260e Beratung","isPartOf":{"@id":"https:\/\/gesundheitsberatung.com\/tierheilkunde\/#website"},"primaryImageOfPage":{"@id":"https:\/\/gesundheitsberatung.com\/tierheilkunde\/online-beratung\/tierheilpraktiker-osteopathen\/h-einwaechter-langer\/#primaryimage"},"image":{"@id":"https:\/\/gesundheitsberatung.com\/tierheilkunde\/online-beratung\/tierheilpraktiker-osteopathen\/h-einwaechter-langer\/#primaryimage"},"thumbnailUrl":"https:\/\/gesundheitsberatung.com\/tierheilkunde\/wp-content\/uploads\/sites\/5\/h-einw-chter-langer-tierheilpraktiker-osteopathen-vistano-berater-id-5095.jpg","datePublished":"2016-09-29T13:30:45+00:00","dateModified":"2020-01-22T13:26:25+00:00","description":"Vistano Tierheilpraktiker &#187; Tierhom\u00f6opathie, Bachbl\u00fcten, Tierpsychologie, Ern\u00e4hrungsfragen, Hautprobleme, Verhaltensauff\u00e4lligkeiten, Bewegungsapparat","breadcrumb":{"@id":"https:\/\/gesundheitsberatung.com\/tierheilkunde\/online-beratung\/tierheilpraktiker-osteopathen\/h-einwaechter-langer\/#breadcrumb"},"inLanguage":"de","potentialAction":[{"@type":"ReadAction","target":["https:\/\/gesundheitsberatung.com\/tierheilkunde\/online-beratung\/tierheilpraktiker-osteopathen\/h-einwaechter-langer\/"]}]},{"@type":"ImageObject","inLanguage":"de","@id":"https:\/\/gesundheitsberatung.com\/tierheilkunde\/online-beratung\/tierheilpraktiker-osteopathen\/h-einwaechter-langer\/#primaryimage","url":"https:\/\/gesundheitsberatung.com\/tierheilkunde\/wp-content\/uploads\/sites\/5\/h-einw-chter-langer-tierheilpraktiker-osteopathen-vistano-berater-id-5095.jpg","contentUrl":"https:\/\/gesundheitsberatung.com\/tierheilkunde\/wp-content\/uploads\/sites\/5\/h-einw-chter-langer-tierheilpraktiker-osteopathen-vistano-berater-id-5095.jpg","width":700,"height":700,"caption":"Tierheilpraktiker \/ Osteopathen H. Einw\u00e4chter-Langer - Berater-ID: 5095"},{"@type":"BreadcrumbList","@id":"https:\/\/gesundheitsberatung.com\/tierheilkunde\/online-beratung\/tierheilpraktiker-osteopathen\/h-einwaechter-langer\/#breadcrumb","itemListElement":[{"@type":"ListItem","position":1,"name":"Home","item":"https:\/\/gesundheitsberatung.com\/tierheilkunde\/"},{"@type":"ListItem","position":2,"name":"Produkte","item":"https:\/\/gesundheitsberatung.com\/tierheilkunde\/shop\/"},{"@type":"ListItem","position":3,"name":"Online Beratung","item":"https:\/\/gesundheitsberatung.com\/tierheilkunde\/online_berater\/online-beratung\/"},{"@type":"ListItem","position":4,"name":"Tierheilpraktiker","item":"https:\/\/gesundheitsberatung.com\/tierheilkunde\/online_berater\/tierheilpraktiker-osteopathen\/"},{"@type":"ListItem","position":5,"name":"H. Einw\u00e4chter-Langer"}]},{"@type":"WebSite","@id":"https:\/\/gesundheitsberatung.com\/tierheilkunde\/#website","url":"https:\/\/gesundheitsberatung.com\/tierheilkunde\/","name":"Tierheilkunde","description":"Tierheilkunde \u260e Beratung f\u00fcr Nutz- &amp; Haustiere! Jetzt Gratis-Beratung sichern: \u2714 Tier\u00e4rzte \u2714 Tier-Heilpraktiker \u2714 Tier-Hom\u00f6opathen \u2714 Tiertrainer \u2714 Verhaltensberater \u2714 Tier-Psychologen bei Vistano Tierheilkunde.","potentialAction":[{"@type":"SearchAction","target":{"@type":"EntryPoint","urlTemplate":"https:\/\/gesundheitsberatung.com\/tierheilkunde\/?s={search_term_string}"},"query-input":{"@type":"PropertyValueSpecification","valueRequired":true,"valueName":"search_term_string"}}],"inLanguage":"de"}]}},"_links":{"self":[{"href":"https:\/\/gesundheitsberatung.com\/tierheilkunde\/wp-json\/wp\/v2\/product\/12728","targetHints":{"allow":["GET"]}}],"collection":[{"href":"https:\/\/gesundheitsberatung.com\/tierheilkunde\/wp-json\/wp\/v2\/product"}],"about":[{"href":"https:\/\/gesundheitsberatung.com\/tierheilkunde\/wp-json\/wp\/v2\/types\/product"}],"replies":[{"embeddable":true,"href":"https:\/\/gesundheitsberatung.com\/tierheilkunde\/wp-json\/wp\/v2\/comments?post=12728"}],"wp:featuredmedia":[{"embeddable":true,"href":"https:\/\/gesundheitsberatung.com\/tierheilkunde\/wp-json\/wp\/v2\/media\/16600"}],"wp:attachment":[{"href":"https:\/\/gesundheitsberatung.com\/tierheilkunde\/wp-json\/wp\/v2\/media?parent=12728"}],"wp:term":[{"taxonomy":"product_cat","embeddable":true,"href":"https:\/\/gesundheitsberatung.com\/tierheilkunde\/wp-json\/wp\/v2\/product_cat?post=12728"},{"taxonomy":"product_tag","embeddable":true,"href":"https:\/\/gesundheitsberatung.com\/tierheilkunde\/wp-json\/wp\/v2\/product_tag?post=12728"}],"curies":[{"name":"wp","href":"https:\/\/api.w.org\/{rel}","templated":true}]}}