{"id":12726,"date":"2016-09-26T11:29:21","date_gmt":"2016-09-26T09:29:21","guid":{"rendered":"https:\/\/gesundheitsberatung.com\/tierheilkunde\/?post_type=product&#038;p=12726"},"modified":"2020-05-24T17:06:28","modified_gmt":"2020-05-24T15:06:28","slug":"p-marzy","status":"publish","type":"product","link":"https:\/\/gesundheitsberatung.com\/tierheilkunde\/online-beratung\/tierpsychologen-tierverhaltensberater\/p-marzy\/","title":{"rendered":"P. Marzy"},"content":{"rendered":"<p>\u00a0\u00a0\u00a0\u00a0\u00a0\u00a0 <\/p>\n<p>\u00a0\u00a0\u00a0 <\/p>\n<p>\nHallo lieber Rat-Suchender,<br \/>\nich hei\u00dfe Patricia und helfe dir gerne.<\/p>\n<p>Von Kindesbeinen anbin ich mit Tieren aufgewachsen,und seit dem Jahr 2000 begann ich <br \/>\nselbst Tiere zu haben,mich ihnen zu widmen,sie zu beobachtenund sie zu studieren.<br \/>\nUnd sp\u00fcrte meine wachsendenSt\u00e4rken in der Tier-Beratung undTIER-KOMMUNIKATION.<br \/>\n\u00a0\u00a0\u00a0\u00a0\u00a0\u00a0\u00a0\u00a0 <br \/>\n\u00a0\u00a0\u00a0 Vita:\u00a0\u00a0\u00a0 Es bedurfte vielf\u00e4ltiger beruflicher Erfahrungen bis ich das fand, was mir \u00a0\u00a0\u00a0 Spa\u00df machte.\u00a0\u00a0\u00a0\u00a0 Nachdem dann die Kinder gro\u00df und aus dem Haus waren, und dieser \u00a0\u00a0\u00a0 Lebensabschnitt beendet war, suchte ich neue Aufgaben: \u00a0\u00a0\u00a0 Und fand sie in der Arbeit mit Tieren!\u00a0\u00a0\u00a0\u00a0 Ich suchte mir einen entsprechenden Hof und als ich ihn gefunden hatte, \u00a0\u00a0\u00a0 erf\u00fcllte ich mir einen Herzenswunsch, n\u00e4mlich eine Sch\u00e4ferhunde-Zucht \u00a0\u00a0\u00a0 aufzubauen, in er die Hunde wie im Wolfsrudel leben d\u00fcrfen. \u00a0\u00a0\u00a0\u00a0 Darin bl\u00fchte ich auf und fand meine Erf\u00fcllung. \u00a0\u00a0\u00a0 Mit den Tieren zu leben, sie zu beobachten, sie zu studieren. \u00a0\u00a0\u00a0\u00a0 Sozusagen mitten unter ihnen zu leben als Tier-Fl\u00fcsterer.\u00a0\u00a0\u00a0\u00a0 Nat\u00fcrlich legte ich auch einen amtlichen Sachkundenachweis ab.\u00a0\u00a0\u00a0 Meine Gaben gehen jedoch \u00fcber die Tier-Psychologie hinaus, \u00a0\u00a0\u00a0 da meine hellf\u00fchlenden Gaben hier zur Geltung gelangen. \u00a0\u00a0\u00a0 Denn wir sind alle Eins. Das wu\u00dfte auch schon Franz von Assisi.\u00a0\u00a0\u00a0\u00a0\u00a0<br \/>\n\u00a0 \u00a0\u00a0\u00a0 \u00a0\u00a0\u00a0 Mittlerweile nun seit vielen Jahren gebe ich Ratsuchenden telefonisch \u00a0\u00a0\u00a0 Tipps, bei Erziehungsfragen oder Verhaltensauff\u00e4lligkeiten ihrer Tiere.\u00a0\u00a0\u00a0 Bei den Gespr\u00e4chen ergibt sich, da\u00df es meistens an der gest\u00f6rten \u00a0\u00a0\u00a0 Kommunikation zwischen Mensch und Tier liegt. Hierbei profitieren die \u00a0\u00a0\u00a0 Ratsuchenden aus meinem reichhaltigen Erfahrungsschatz.\u00a0\u00a0\u00a0\u00a0\u00a0 Sonstiges zu meiner Person:\u00a0 \u00a0\u00a0\u00a0 Neben der direkten Schulung durch die geistige Welt, beeindruckten mich \u00a0\u00a0\u00a0 auf meinem Weg das Christentum und der Buddhismus, Jesus Christus, \u00a0\u00a0\u00a0 Buddha, Ghandi, Franz von Assisi und die B\u00fccher von Michael Newton, \u00a0\u00a0\u00a0 Neade Donald Walsch und Jane Roberts, und nat\u00fcrlich auch Filme wie \u00a0\u00a0\u00a0 &#8220;Der Pferdefl\u00fcsterer&#8221; und &#8220;Avatar&#8221;.\u00a0\u00a0\u00a0\u00a0\u00a0 Ich wurde 1964 geboren. Nach meinem Abitur und meinem Abschlu\u00df als \u00a0\u00a0\u00a0 Fachwirtin der Grundst\u00fccks- und Wohnungswirtschaft arbeitete ich als \u00a0\u00a0\u00a0 selbst\u00e4ndige Immobilienmaklerin, als Filialleiterin einer Drogerie, \u00a0\u00a0\u00a0 bevor ich mich im Jahr 2005 in der Tierberatung selbst\u00e4ndig machte. \u00a0\u00a0\u00a0 Ich bilde mich st\u00e4ndig weiter, gef\u00fchrt durch die geistige Welt.\u00a0\u00a0\u00a0\u00a0 \u00a0???????? . ???????? . ???????? . ???????? . ???????? . ???????? . ???????? . ???????? . ???????? . ???????? . ???????? . ???????? .???????? \u00a0\u00a0\u00a0\u00a0 \u00a0\u00a0\u00a0 Meine Themenschwerpunkte:\u00a0\u00a0\u00a0\u00a0\u00a0 verhaltensauff\u00e4llige Tiere, \u00a0\u00a0\u00a0 Tierkommunikation\u00a0\u00a0\u00a0 \u00a0???????? . ???????? . ???????? . ???????? . ???????? . ???????? . ???????? . ???????? . ???????? . ???????? . ???????? . ???????? .???????? \u00a0\u00a0\u00a0 \u00a0\u00a0\u00a0 \u00a0\u00a0\u00a0 Ich freue mich auf Ihren Anruf und darauf, Ihnen weiterhelfen zu d\u00fcrfen!\u00a0\u00a0\u00a0 Ihre Patricia Marzy\u00a0\u00a0\u00a0 (Berater-Kennung: 5086)<\/p>\n<p>~~~~~~~~~~~~~~~~~~~~~~~~~~~~~~~~~~~~~~~~~~\u00a0\u00a0\u00a0 Ich m\u00f6chte meinen treuen Kunden herzlich danken\u00a0\u00a0\u00a0 f\u00fcr das Vertrauen, das sie mir geben.<br \/>\n\u00a0\u00a0\u00a0 Ein ganz besonderes Dankesch\u00f6n f\u00fcr die zahlreichen Bewertungen.~~~~~~~~~~~~~~~~~~~~~~~~~~~~~~~~~~~~~~~~~~\u00a0\u00a0<span class=\"display_none\">5086<\/span><\/p>\n","protected":false},"excerpt":{"rendered":"<p>In Sachen Tierpsychologie sind Sie bei mir liebevoll aufgehoben. Ich freue mich auf Ihren Anruf!<\/p>\n","protected":false},"featured_media":16598,"comment_status":"open","ping_status":"closed","template":"","meta":[],"product_cat":[],"product_tag":[],"class_list":["post-12726","product","type-product","status-publish","has-post-thumbnail","hentry","online_berater-tierpsychologen-tierverhaltensberater"],"yoast_head":"<!-- This site is optimized with the Yoast SEO plugin v26.0 - https:\/\/yoast.com\/wordpress\/plugins\/seo\/ -->\n<title>P. Marzy &#187; Tierpsychologen \/ Tierverhaltensberater &#187; Vistano \u260e Beratung<\/title>\n<meta name=\"description\" content=\"Vistano Tierpsychologen \/ Tierverhaltensberater &#187; In Sachen Tierpsychologie sind Sie bei mir liebevoll aufgehoben. Ich freue mich auf Ihren Anruf!\" \/>\n<meta name=\"robots\" content=\"index, follow, max-snippet:-1, max-image-preview:large, max-video-preview:-1\" \/>\n<link rel=\"canonical\" href=\"https:\/\/gesundheitsberatung.com\/tierheilkunde\/online-beratung\/tierpsychologen-tierverhaltensberater\/p-marzy\/\" \/>\n<meta property=\"og:locale\" content=\"de_DE\" \/>\n<meta property=\"og:type\" content=\"article\" \/>\n<meta property=\"og:title\" content=\"P. Marzy &#187; Tierpsychologen \/ Tierverhaltensberater &#187; Vistano \u260e Beratung\" \/>\n<meta property=\"og:description\" content=\"Vistano Tierpsychologen \/ Tierverhaltensberater &#187; In Sachen Tierpsychologie sind Sie bei mir liebevoll aufgehoben. Ich freue mich auf Ihren Anruf!\" \/>\n<meta property=\"og:url\" content=\"https:\/\/gesundheitsberatung.com\/tierheilkunde\/online-beratung\/tierpsychologen-tierverhaltensberater\/p-marzy\/\" \/>\n<meta property=\"og:site_name\" content=\"Tierheilkunde\" \/>\n<meta property=\"article:publisher\" content=\"https:\/\/www.facebook.com\/tierheilkunde\/\" \/>\n<meta property=\"article:modified_time\" content=\"2020-05-24T15:06:28+00:00\" \/>\n<meta property=\"og:image\" content=\"https:\/\/gesundheitsberatung.com\/tierheilkunde\/wp-content\/uploads\/sites\/5\/p-marzy-tierpsychologen-tierverhaltensberater-vistano-berater-id-5086.jpg\" \/>\n\t<meta property=\"og:image:width\" content=\"642\" \/>\n\t<meta property=\"og:image:height\" content=\"642\" \/>\n\t<meta property=\"og:image:type\" content=\"image\/jpeg\" \/>\n<meta name=\"twitter:card\" content=\"summary_large_image\" \/>\n<meta name=\"twitter:site\" content=\"@Vistano\" \/>\n<script type=\"application\/ld+json\" class=\"yoast-schema-graph\">{\"@context\":\"https:\/\/schema.org\",\"@graph\":[{\"@type\":\"WebPage\",\"@id\":\"https:\/\/gesundheitsberatung.com\/tierheilkunde\/online-beratung\/tierpsychologen-tierverhaltensberater\/p-marzy\/\",\"url\":\"https:\/\/gesundheitsberatung.com\/tierheilkunde\/online-beratung\/tierpsychologen-tierverhaltensberater\/p-marzy\/\",\"name\":\"P. Marzy &#187; Tierpsychologen \/ Tierverhaltensberater &#187; Vistano \u260e Beratung\",\"isPartOf\":{\"@id\":\"https:\/\/gesundheitsberatung.com\/tierheilkunde\/#website\"},\"primaryImageOfPage\":{\"@id\":\"https:\/\/gesundheitsberatung.com\/tierheilkunde\/online-beratung\/tierpsychologen-tierverhaltensberater\/p-marzy\/#primaryimage\"},\"image\":{\"@id\":\"https:\/\/gesundheitsberatung.com\/tierheilkunde\/online-beratung\/tierpsychologen-tierverhaltensberater\/p-marzy\/#primaryimage\"},\"thumbnailUrl\":\"https:\/\/gesundheitsberatung.com\/tierheilkunde\/wp-content\/uploads\/sites\/5\/p-marzy-tierpsychologen-tierverhaltensberater-vistano-berater-id-5086.jpg\",\"datePublished\":\"2016-09-26T09:29:21+00:00\",\"dateModified\":\"2020-05-24T15:06:28+00:00\",\"description\":\"Vistano Tierpsychologen \/ Tierverhaltensberater &#187; In Sachen Tierpsychologie sind Sie bei mir liebevoll aufgehoben. Ich freue mich auf Ihren Anruf!\",\"breadcrumb\":{\"@id\":\"https:\/\/gesundheitsberatung.com\/tierheilkunde\/online-beratung\/tierpsychologen-tierverhaltensberater\/p-marzy\/#breadcrumb\"},\"inLanguage\":\"de\",\"potentialAction\":[{\"@type\":\"ReadAction\",\"target\":[\"https:\/\/gesundheitsberatung.com\/tierheilkunde\/online-beratung\/tierpsychologen-tierverhaltensberater\/p-marzy\/\"]}]},{\"@type\":\"ImageObject\",\"inLanguage\":\"de\",\"@id\":\"https:\/\/gesundheitsberatung.com\/tierheilkunde\/online-beratung\/tierpsychologen-tierverhaltensberater\/p-marzy\/#primaryimage\",\"url\":\"https:\/\/gesundheitsberatung.com\/tierheilkunde\/wp-content\/uploads\/sites\/5\/p-marzy-tierpsychologen-tierverhaltensberater-vistano-berater-id-5086.jpg\",\"contentUrl\":\"https:\/\/gesundheitsberatung.com\/tierheilkunde\/wp-content\/uploads\/sites\/5\/p-marzy-tierpsychologen-tierverhaltensberater-vistano-berater-id-5086.jpg\",\"width\":642,\"height\":642,\"caption\":\"Tierpsychologen \/ Tierverhaltensberater P. Marzy - Berater-ID: 5086\"},{\"@type\":\"BreadcrumbList\",\"@id\":\"https:\/\/gesundheitsberatung.com\/tierheilkunde\/online-beratung\/tierpsychologen-tierverhaltensberater\/p-marzy\/#breadcrumb\",\"itemListElement\":[{\"@type\":\"ListItem\",\"position\":1,\"name\":\"Home\",\"item\":\"https:\/\/gesundheitsberatung.com\/tierheilkunde\/\"},{\"@type\":\"ListItem\",\"position\":2,\"name\":\"Produkte\",\"item\":\"https:\/\/gesundheitsberatung.com\/tierheilkunde\/shop\/\"},{\"@type\":\"ListItem\",\"position\":3,\"name\":\"Online Beratung\",\"item\":\"https:\/\/gesundheitsberatung.com\/tierheilkunde\/online_berater\/online-beratung\/\"},{\"@type\":\"ListItem\",\"position\":4,\"name\":\"Tierpsychologen \/ Tierverhaltensberater\",\"item\":\"https:\/\/gesundheitsberatung.com\/tierheilkunde\/online_berater\/tierpsychologen-tierverhaltensberater\/\"},{\"@type\":\"ListItem\",\"position\":5,\"name\":\"P. Marzy\"}]},{\"@type\":\"WebSite\",\"@id\":\"https:\/\/gesundheitsberatung.com\/tierheilkunde\/#website\",\"url\":\"https:\/\/gesundheitsberatung.com\/tierheilkunde\/\",\"name\":\"Tierheilkunde\",\"description\":\"Tierheilkunde \u260e Beratung f\u00fcr Nutz- &amp; Haustiere! Jetzt Gratis-Beratung sichern: \u2714 Tier\u00e4rzte \u2714 Tier-Heilpraktiker \u2714 Tier-Hom\u00f6opathen \u2714 Tiertrainer \u2714 Verhaltensberater \u2714 Tier-Psychologen bei Vistano Tierheilkunde.\",\"potentialAction\":[{\"@type\":\"SearchAction\",\"target\":{\"@type\":\"EntryPoint\",\"urlTemplate\":\"https:\/\/gesundheitsberatung.com\/tierheilkunde\/?s={search_term_string}\"},\"query-input\":{\"@type\":\"PropertyValueSpecification\",\"valueRequired\":true,\"valueName\":\"search_term_string\"}}],\"inLanguage\":\"de\"}]}<\/script>\n<!-- \/ Yoast SEO plugin. -->","yoast_head_json":{"title":"P. Marzy &#187; Tierpsychologen \/ Tierverhaltensberater &#187; Vistano \u260e Beratung","description":"Vistano Tierpsychologen \/ Tierverhaltensberater &#187; In Sachen Tierpsychologie sind Sie bei mir liebevoll aufgehoben. Ich freue mich auf Ihren Anruf!","robots":{"index":"index","follow":"follow","max-snippet":"max-snippet:-1","max-image-preview":"max-image-preview:large","max-video-preview":"max-video-preview:-1"},"canonical":"https:\/\/gesundheitsberatung.com\/tierheilkunde\/online-beratung\/tierpsychologen-tierverhaltensberater\/p-marzy\/","og_locale":"de_DE","og_type":"article","og_title":"P. Marzy &#187; Tierpsychologen \/ Tierverhaltensberater &#187; Vistano \u260e Beratung","og_description":"Vistano Tierpsychologen \/ Tierverhaltensberater &#187; In Sachen Tierpsychologie sind Sie bei mir liebevoll aufgehoben. Ich freue mich auf Ihren Anruf!","og_url":"https:\/\/gesundheitsberatung.com\/tierheilkunde\/online-beratung\/tierpsychologen-tierverhaltensberater\/p-marzy\/","og_site_name":"Tierheilkunde","article_publisher":"https:\/\/www.facebook.com\/tierheilkunde\/","article_modified_time":"2020-05-24T15:06:28+00:00","og_image":[{"width":642,"height":642,"url":"https:\/\/gesundheitsberatung.com\/tierheilkunde\/wp-content\/uploads\/sites\/5\/p-marzy-tierpsychologen-tierverhaltensberater-vistano-berater-id-5086.jpg","type":"image\/jpeg"}],"twitter_card":"summary_large_image","twitter_site":"@Vistano","schema":{"@context":"https:\/\/schema.org","@graph":[{"@type":"WebPage","@id":"https:\/\/gesundheitsberatung.com\/tierheilkunde\/online-beratung\/tierpsychologen-tierverhaltensberater\/p-marzy\/","url":"https:\/\/gesundheitsberatung.com\/tierheilkunde\/online-beratung\/tierpsychologen-tierverhaltensberater\/p-marzy\/","name":"P. Marzy &#187; Tierpsychologen \/ Tierverhaltensberater &#187; Vistano \u260e Beratung","isPartOf":{"@id":"https:\/\/gesundheitsberatung.com\/tierheilkunde\/#website"},"primaryImageOfPage":{"@id":"https:\/\/gesundheitsberatung.com\/tierheilkunde\/online-beratung\/tierpsychologen-tierverhaltensberater\/p-marzy\/#primaryimage"},"image":{"@id":"https:\/\/gesundheitsberatung.com\/tierheilkunde\/online-beratung\/tierpsychologen-tierverhaltensberater\/p-marzy\/#primaryimage"},"thumbnailUrl":"https:\/\/gesundheitsberatung.com\/tierheilkunde\/wp-content\/uploads\/sites\/5\/p-marzy-tierpsychologen-tierverhaltensberater-vistano-berater-id-5086.jpg","datePublished":"2016-09-26T09:29:21+00:00","dateModified":"2020-05-24T15:06:28+00:00","description":"Vistano Tierpsychologen \/ Tierverhaltensberater &#187; In Sachen Tierpsychologie sind Sie bei mir liebevoll aufgehoben. Ich freue mich auf Ihren Anruf!","breadcrumb":{"@id":"https:\/\/gesundheitsberatung.com\/tierheilkunde\/online-beratung\/tierpsychologen-tierverhaltensberater\/p-marzy\/#breadcrumb"},"inLanguage":"de","potentialAction":[{"@type":"ReadAction","target":["https:\/\/gesundheitsberatung.com\/tierheilkunde\/online-beratung\/tierpsychologen-tierverhaltensberater\/p-marzy\/"]}]},{"@type":"ImageObject","inLanguage":"de","@id":"https:\/\/gesundheitsberatung.com\/tierheilkunde\/online-beratung\/tierpsychologen-tierverhaltensberater\/p-marzy\/#primaryimage","url":"https:\/\/gesundheitsberatung.com\/tierheilkunde\/wp-content\/uploads\/sites\/5\/p-marzy-tierpsychologen-tierverhaltensberater-vistano-berater-id-5086.jpg","contentUrl":"https:\/\/gesundheitsberatung.com\/tierheilkunde\/wp-content\/uploads\/sites\/5\/p-marzy-tierpsychologen-tierverhaltensberater-vistano-berater-id-5086.jpg","width":642,"height":642,"caption":"Tierpsychologen \/ Tierverhaltensberater P. Marzy - Berater-ID: 5086"},{"@type":"BreadcrumbList","@id":"https:\/\/gesundheitsberatung.com\/tierheilkunde\/online-beratung\/tierpsychologen-tierverhaltensberater\/p-marzy\/#breadcrumb","itemListElement":[{"@type":"ListItem","position":1,"name":"Home","item":"https:\/\/gesundheitsberatung.com\/tierheilkunde\/"},{"@type":"ListItem","position":2,"name":"Produkte","item":"https:\/\/gesundheitsberatung.com\/tierheilkunde\/shop\/"},{"@type":"ListItem","position":3,"name":"Online Beratung","item":"https:\/\/gesundheitsberatung.com\/tierheilkunde\/online_berater\/online-beratung\/"},{"@type":"ListItem","position":4,"name":"Tierpsychologen \/ Tierverhaltensberater","item":"https:\/\/gesundheitsberatung.com\/tierheilkunde\/online_berater\/tierpsychologen-tierverhaltensberater\/"},{"@type":"ListItem","position":5,"name":"P. Marzy"}]},{"@type":"WebSite","@id":"https:\/\/gesundheitsberatung.com\/tierheilkunde\/#website","url":"https:\/\/gesundheitsberatung.com\/tierheilkunde\/","name":"Tierheilkunde","description":"Tierheilkunde \u260e Beratung f\u00fcr Nutz- &amp; Haustiere! Jetzt Gratis-Beratung sichern: \u2714 Tier\u00e4rzte \u2714 Tier-Heilpraktiker \u2714 Tier-Hom\u00f6opathen \u2714 Tiertrainer \u2714 Verhaltensberater \u2714 Tier-Psychologen bei Vistano Tierheilkunde.","potentialAction":[{"@type":"SearchAction","target":{"@type":"EntryPoint","urlTemplate":"https:\/\/gesundheitsberatung.com\/tierheilkunde\/?s={search_term_string}"},"query-input":{"@type":"PropertyValueSpecification","valueRequired":true,"valueName":"search_term_string"}}],"inLanguage":"de"}]}},"_links":{"self":[{"href":"https:\/\/gesundheitsberatung.com\/tierheilkunde\/wp-json\/wp\/v2\/product\/12726","targetHints":{"allow":["GET"]}}],"collection":[{"href":"https:\/\/gesundheitsberatung.com\/tierheilkunde\/wp-json\/wp\/v2\/product"}],"about":[{"href":"https:\/\/gesundheitsberatung.com\/tierheilkunde\/wp-json\/wp\/v2\/types\/product"}],"replies":[{"embeddable":true,"href":"https:\/\/gesundheitsberatung.com\/tierheilkunde\/wp-json\/wp\/v2\/comments?post=12726"}],"wp:featuredmedia":[{"embeddable":true,"href":"https:\/\/gesundheitsberatung.com\/tierheilkunde\/wp-json\/wp\/v2\/media\/16598"}],"wp:attachment":[{"href":"https:\/\/gesundheitsberatung.com\/tierheilkunde\/wp-json\/wp\/v2\/media?parent=12726"}],"wp:term":[{"taxonomy":"product_cat","embeddable":true,"href":"https:\/\/gesundheitsberatung.com\/tierheilkunde\/wp-json\/wp\/v2\/product_cat?post=12726"},{"taxonomy":"product_tag","embeddable":true,"href":"https:\/\/gesundheitsberatung.com\/tierheilkunde\/wp-json\/wp\/v2\/product_tag?post=12726"}],"curies":[{"name":"wp","href":"https:\/\/api.w.org\/{rel}","templated":true}]}}