{"id":12725,"date":"2016-08-04T16:49:50","date_gmt":"2016-08-04T14:49:50","guid":{"rendered":"https:\/\/gesundheitsberatung.com\/tierheilkunde\/?post_type=product&#038;p=12725"},"modified":"2020-01-22T15:23:29","modified_gmt":"2020-01-22T14:23:29","slug":"m-schwarz","status":"publish","type":"product","link":"https:\/\/gesundheitsberatung.com\/tierheilkunde\/online-beratung\/ernaehrungsberater-fuer-tiere\/m-schwarz\/","title":{"rendered":"M. Schwarz"},"content":{"rendered":"<p>\nGuten Tag auf meiner pers\u00f6nlichen Seite!<\/p>\n<p>\nIch bin hier, um Ihnen und Ihrem Tier mit Ihrer Frage helfend und kl\u00e4rend zur Seite zu stehen und freue mich sehr, Sie zu Ihrem Liebling beraten zu d\u00fcrfen.<\/p>\n<p>Durch\u00a0meine umfassende fundierte Ausbildung in klassischer und alternativer Tiermedizin\u00a0werden wir, kombiniert mit meiner \u00a0jahrelangen Erfahrung in der Tierbehandlung, die Antworten finden, die individuell auf Sie und Ihr Tier abgestimmt sind.<\/p>\n<p>Seit fr\u00fchester Jugend lebe ich mit Tieren &#8211; Pferden, Hunden, Katzen, Rindern und anderen mehr\u00a0&#8211; und habe direkt nach dem Abitur mein Studium begonnen und damit meine Passion zu meinem Beruf und meiner Berufung gemacht.<\/p>\n<p>Ich habe mich der st\u00e4ndigen Weiterbildung aufs Tiefste verpflichtet und besuche im Jahr viele Seminare und Kurse. Dar\u00fcber hinaus halte ich selber Vortr\u00e4ge und gebe Kurse in vielen Bereichen, die mit Tieren zu tun haben.<\/p>\n<p>Meine Freude am Beobachten von Tieren hat mich zu einer spannenden T\u00e4tigkeit mit Wildtieren in Zoo und Wildpark gef\u00fchrt, und ich habe einige Zeit in Schweden gelebt und mich dort ausf\u00fchrlich mit W\u00f6lfen und Elchen besch\u00e4ftigt.<\/p>\n<p>Diese Zeit hat mich tief gepr\u00e4gt und mein Verst\u00e4ndnis f\u00fcr Tiere auf eine noch tiefere, allumfassendere Ebene gebracht.<\/p>\n<p>Zus\u00e4tzlich zur Tiermedizin weise ich einige andere Qualifikationen auf: So bin ich Amateur-Reitlehrerin und habe ebenfalls jahrelange Erfahrung im Ausbilden und Korrigieren von Reit- und Jungpferden, bin REIKI-Lehrerin und \u2013Meisterin und bin beratend f\u00fcr Hundehalter t\u00e4tig.<\/p>\n<p>\nSie haben Sorgen und N\u00f6te wegen Ihres Haustieres?<\/p>\n<p>Ich berate Sie sehr gerne bei allen anliegenden Fragen rund ums Tier:<\/p>\n<p>Gesunderhaltung und Prophylaxe<br \/>\nBestehende akute oder chronische Krankheiten aller Art<br \/>\nGyn\u00e4kologie und Andrologie<br \/>\nAugenheilkunde<br \/>\nDermatologie<br \/>\nSeelische Imbalancen<br \/>\nAllopathie und Naturheilkunde<br \/>\nTierhaltung<br \/>\nErn\u00e4hrung und Di\u00e4t<br \/>\nAusbildung und Erziehung<br \/>\nVerhaltensauff\u00e4lligkeiten und Stereotypien<br \/>\nOP-Nachsorge<br \/>\nAlternde Tiere und ihre besonderen Bed\u00fcrfnisse<br \/>\nWelches Tier passt zu mir \/ zu uns?\u00a0\u00a0\u00a0<\/p>\n<p>\nM\u00f6chten Sie wissen, \u201eeinfach mal so\u201c, was\u00a0Ihr Tier denkt und f\u00fchlt?<\/p>\n<p>Gerne\u00a0nehme ich f\u00fcr Sie Kontakt mit ihm auf gebe seine Worte, Gef\u00fchle und Gedanken an Sie weiter.<\/p>\n<p>Das &#8220;Gespr\u00e4ch&#8221; findet auf mehreren Ebenen statt: Telepathisch (gesprochene Worte des Tieres), empathisch (gef\u00fchlte Gef\u00fchle des Tieres) und mit gesehenen Bildern, die die Situation, in der das Tier sich befindet, beschreiben. Auf welcher Ebene kommuniziert wird, h\u00e4ngt nicht von mir ab sondern ergibt sich in jedem neuen Gespr\u00e4ch aufs neue und ganz von selbst.<\/p>\n<p>Selbstverst\u00e4ndlich hole ich mir f\u00fcr die Kommunikation mit Ihrem Tier seine Erlaubnis ein.<\/p>\n<p>Bitte bedenken Sie, dass ein Tier naturgegebenerweise nicht wie ein Mensch denken kann und unter Umst\u00e4nden ganz andere Priorit\u00e4ten f\u00fcr ein Gespr\u00e4ch mit Ihnen hat, als von Ihnen urspr\u00fcnglich angedacht.<\/p>\n<p>\nIhr Tier ist, was es frisst!!!<\/p>\n<p>Als F\u00fctterungsberaterin ist es mein Anliegen, dass Ihr Tier eine gesunde und individuell abgestimmte Nahrung mit allen notwendigen Vitaminen und Mineralstoffen erh\u00e4lt. Dazu soll\u00a0das Futter\u00a0schmackhaft sein und optimal zur Lebenssituation und Lebensspanne Ihres Lieblinges passen.<\/p>\n<p>Aus Fehl- oder Mangelern\u00e4hrung\u00a0k\u00f6nnen schnell Imbalancen und Krankheiten auf der K\u00f6rperebene entstehen. Hier wollen wir regulatorisch eingreifen und die Gesundheit unserer Tiere wieder erlangen beziehungsweise optimal erhalten.<\/p>\n<p>Wenn es\u00a0Ihr\u00a0Tier bereits mit einer Krankheit auf der K\u00f6rperebene\u00a0&#8220;erwischt&#8221; hat,\u00a0kann die richtige Di\u00e4t die Heilungsphase und Rekonvaleszenz positiv unterst\u00fctzen. Das gilt selbstverst\u00e4ndlich auch f\u00fcr die Zeit nach \u00fcberstandenen Operationen. Diese besonderen Umst\u00e4nde erfordern eine besondere Heil- und\/oder Schonkost, die ich Ihnen gerne erl\u00e4utere und speziell f\u00fcr Ihr Tier zusammenstellen helfe.<\/p>\n<p>\nVerh\u00e4lt sich\u00a0Ihr Tier anders als gew\u00f6hnlich?<\/p>\n<p>Haben Sie\u00a0es vielleicht mit auff\u00e4lligen Angewohnheiten aus dem Tierheim oder von einem Vorbesitzer \u00fcbernommen? Oder hat sich ein &#8220;unerw\u00fcnschtes&#8221; Verhalten &#8220;eingeschlichen&#8221;?<\/p>\n<p>Oft steht man dann als Tierbesitzer ratlos da&#8230;<\/p>\n<p>Ich stehe\u00a0Ihnen und\u00a0Ihrem Tier sehr gerne mit tierpsychologischem und verhaltenstherapeutischem \u00a0Rat zur Seite, um einen f\u00fcr beide Partner gangbaren Weg zur\u00fcck\u00a0zu Spass und\u00a0Spiel und\u00a0Miteinander-Wohlf\u00fchlen\u00a0zu finden.<\/p>\n<p>\nMit Bachbl\u00fcten und Sch\u00fcsslersalzen&#8230;<\/p>\n<p>&#8230;stehen uns 2 Methoden zur Verf\u00fcgung, die sowohl\u00a0Ihrem Tier wie auch\u00a0Ihnen als Tierhalter auf energetischer und k\u00f6rperlicher Ebene zu Wohlbefinden, Harmonie und Balance verhelfen.\u00a0\u00a0\u00a0<\/p>\n<p>Ich freue mich auf das Gespr\u00e4ch mit Ihnen.<\/p>\n<p>Herzliche Gr\u00fcsse.<\/p>\n<p>Marion Schwarz<\/p>\n<p>\nBitte bedenken Sie, dass ein Anruf hier bei mir NICHT einen eventuell notwendigen Gang zum Tierarzt ersetzen kann, denn ich kann und darf nicht \u00fcber die Ferne Diagnosen stellen und\/oder heilen.<\/p>\n<p>\n\u00a0\u00a0<span class=\"display_none\">4901<\/span><\/p>\n","protected":false},"excerpt":{"rendered":"<p>Mit Kompetenz und Sachverstand biete ich verst\u00e4ndnisvoll und l\u00f6sungsorientiert F\u00fctterungsberatung, Tierkommunikation und ganzheitliche Verhaltenstherapie u. a. mit Bachbl\u00fcten und Sch\u00fcsslersalzen an.<\/p>\n","protected":false},"featured_media":16615,"comment_status":"open","ping_status":"closed","template":"","meta":[],"product_cat":[],"product_tag":[],"class_list":["post-12725","product","type-product","status-publish","has-post-thumbnail","hentry","online_berater-ernaehrungsberater-fuer-tiere"],"yoast_head":"<!-- This site is optimized with the Yoast SEO plugin v26.0 - https:\/\/yoast.com\/wordpress\/plugins\/seo\/ -->\n<title>M. Schwarz &#187; Ern\u00e4hrungsberater f\u00fcr Tiere &#187; Vistano \u260e Beratung<\/title>\n<meta name=\"description\" content=\"Vistano Ern\u00e4hrungsberater f\u00fcr Tiere &#187; Mit Kompetenz und Sachverstand biete ich verst\u00e4ndnisvoll und l\u00f6sungsorientiert F\u00fctterungsberatung, Tierkommunikation und ganzheitliche Verhaltenstherapie u. a. mit Bachbl\u00fcten und Sch\u00fcsslersalzen an.\" \/>\n<meta name=\"robots\" content=\"index, follow, max-snippet:-1, max-image-preview:large, max-video-preview:-1\" \/>\n<link rel=\"canonical\" href=\"https:\/\/gesundheitsberatung.com\/tierheilkunde\/online-beratung\/ernaehrungsberater-fuer-tiere\/m-schwarz\/\" \/>\n<meta property=\"og:locale\" content=\"de_DE\" \/>\n<meta property=\"og:type\" content=\"article\" \/>\n<meta property=\"og:title\" content=\"M. Schwarz &#187; Ern\u00e4hrungsberater f\u00fcr Tiere &#187; Vistano \u260e Beratung\" \/>\n<meta property=\"og:description\" content=\"Vistano Ern\u00e4hrungsberater f\u00fcr Tiere &#187; Mit Kompetenz und Sachverstand biete ich verst\u00e4ndnisvoll und l\u00f6sungsorientiert F\u00fctterungsberatung, Tierkommunikation und ganzheitliche Verhaltenstherapie u. a. mit Bachbl\u00fcten und Sch\u00fcsslersalzen an.\" \/>\n<meta property=\"og:url\" content=\"https:\/\/gesundheitsberatung.com\/tierheilkunde\/online-beratung\/ernaehrungsberater-fuer-tiere\/m-schwarz\/\" \/>\n<meta property=\"og:site_name\" content=\"Tierheilkunde\" \/>\n<meta property=\"article:publisher\" content=\"https:\/\/www.facebook.com\/tierheilkunde\/\" \/>\n<meta property=\"article:modified_time\" content=\"2020-01-22T14:23:29+00:00\" \/>\n<meta property=\"og:image\" content=\"https:\/\/gesundheitsberatung.com\/tierheilkunde\/wp-content\/uploads\/sites\/5\/m-schwarz-ern-hrungsberater-f-r-tiere-vistano-berater-id-4901.jpg\" \/>\n\t<meta property=\"og:image:width\" content=\"710\" \/>\n\t<meta property=\"og:image:height\" content=\"710\" \/>\n\t<meta property=\"og:image:type\" content=\"image\/jpeg\" \/>\n<meta name=\"twitter:card\" content=\"summary_large_image\" \/>\n<meta name=\"twitter:site\" content=\"@Vistano\" \/>\n<script type=\"application\/ld+json\" class=\"yoast-schema-graph\">{\"@context\":\"https:\/\/schema.org\",\"@graph\":[{\"@type\":\"WebPage\",\"@id\":\"https:\/\/gesundheitsberatung.com\/tierheilkunde\/online-beratung\/ernaehrungsberater-fuer-tiere\/m-schwarz\/\",\"url\":\"https:\/\/gesundheitsberatung.com\/tierheilkunde\/online-beratung\/ernaehrungsberater-fuer-tiere\/m-schwarz\/\",\"name\":\"M. Schwarz &#187; Ern\u00e4hrungsberater f\u00fcr Tiere &#187; Vistano \u260e Beratung\",\"isPartOf\":{\"@id\":\"https:\/\/gesundheitsberatung.com\/tierheilkunde\/#website\"},\"primaryImageOfPage\":{\"@id\":\"https:\/\/gesundheitsberatung.com\/tierheilkunde\/online-beratung\/ernaehrungsberater-fuer-tiere\/m-schwarz\/#primaryimage\"},\"image\":{\"@id\":\"https:\/\/gesundheitsberatung.com\/tierheilkunde\/online-beratung\/ernaehrungsberater-fuer-tiere\/m-schwarz\/#primaryimage\"},\"thumbnailUrl\":\"https:\/\/gesundheitsberatung.com\/tierheilkunde\/wp-content\/uploads\/sites\/5\/m-schwarz-ern-hrungsberater-f-r-tiere-vistano-berater-id-4901.jpg\",\"datePublished\":\"2016-08-04T14:49:50+00:00\",\"dateModified\":\"2020-01-22T14:23:29+00:00\",\"description\":\"Vistano Ern\u00e4hrungsberater f\u00fcr Tiere &#187; Mit Kompetenz und Sachverstand biete ich verst\u00e4ndnisvoll und l\u00f6sungsorientiert F\u00fctterungsberatung, Tierkommunikation und ganzheitliche Verhaltenstherapie u. a. mit Bachbl\u00fcten und Sch\u00fcsslersalzen an.\",\"breadcrumb\":{\"@id\":\"https:\/\/gesundheitsberatung.com\/tierheilkunde\/online-beratung\/ernaehrungsberater-fuer-tiere\/m-schwarz\/#breadcrumb\"},\"inLanguage\":\"de\",\"potentialAction\":[{\"@type\":\"ReadAction\",\"target\":[\"https:\/\/gesundheitsberatung.com\/tierheilkunde\/online-beratung\/ernaehrungsberater-fuer-tiere\/m-schwarz\/\"]}]},{\"@type\":\"ImageObject\",\"inLanguage\":\"de\",\"@id\":\"https:\/\/gesundheitsberatung.com\/tierheilkunde\/online-beratung\/ernaehrungsberater-fuer-tiere\/m-schwarz\/#primaryimage\",\"url\":\"https:\/\/gesundheitsberatung.com\/tierheilkunde\/wp-content\/uploads\/sites\/5\/m-schwarz-ern-hrungsberater-f-r-tiere-vistano-berater-id-4901.jpg\",\"contentUrl\":\"https:\/\/gesundheitsberatung.com\/tierheilkunde\/wp-content\/uploads\/sites\/5\/m-schwarz-ern-hrungsberater-f-r-tiere-vistano-berater-id-4901.jpg\",\"width\":710,\"height\":710,\"caption\":\"Ern\u00e4hrungsberater f\u00fcr Tiere M. Schwarz - Berater-ID: 4901\"},{\"@type\":\"BreadcrumbList\",\"@id\":\"https:\/\/gesundheitsberatung.com\/tierheilkunde\/online-beratung\/ernaehrungsberater-fuer-tiere\/m-schwarz\/#breadcrumb\",\"itemListElement\":[{\"@type\":\"ListItem\",\"position\":1,\"name\":\"Home\",\"item\":\"https:\/\/gesundheitsberatung.com\/tierheilkunde\/\"},{\"@type\":\"ListItem\",\"position\":2,\"name\":\"Produkte\",\"item\":\"https:\/\/gesundheitsberatung.com\/tierheilkunde\/shop\/\"},{\"@type\":\"ListItem\",\"position\":3,\"name\":\"Online Beratung\",\"item\":\"https:\/\/gesundheitsberatung.com\/tierheilkunde\/online_berater\/online-beratung\/\"},{\"@type\":\"ListItem\",\"position\":4,\"name\":\"Ern\u00e4hrungsberater f\u00fcr Tiere\",\"item\":\"https:\/\/gesundheitsberatung.com\/tierheilkunde\/online_berater\/ernaehrungsberater-fuer-tiere\/\"},{\"@type\":\"ListItem\",\"position\":5,\"name\":\"M. Schwarz\"}]},{\"@type\":\"WebSite\",\"@id\":\"https:\/\/gesundheitsberatung.com\/tierheilkunde\/#website\",\"url\":\"https:\/\/gesundheitsberatung.com\/tierheilkunde\/\",\"name\":\"Tierheilkunde\",\"description\":\"Tierheilkunde \u260e Beratung f\u00fcr Nutz- &amp; Haustiere! Jetzt Gratis-Beratung sichern: \u2714 Tier\u00e4rzte \u2714 Tier-Heilpraktiker \u2714 Tier-Hom\u00f6opathen \u2714 Tiertrainer \u2714 Verhaltensberater \u2714 Tier-Psychologen bei Vistano Tierheilkunde.\",\"potentialAction\":[{\"@type\":\"SearchAction\",\"target\":{\"@type\":\"EntryPoint\",\"urlTemplate\":\"https:\/\/gesundheitsberatung.com\/tierheilkunde\/?s={search_term_string}\"},\"query-input\":{\"@type\":\"PropertyValueSpecification\",\"valueRequired\":true,\"valueName\":\"search_term_string\"}}],\"inLanguage\":\"de\"}]}<\/script>\n<!-- \/ Yoast SEO plugin. -->","yoast_head_json":{"title":"M. Schwarz &#187; Ern\u00e4hrungsberater f\u00fcr Tiere &#187; Vistano \u260e Beratung","description":"Vistano Ern\u00e4hrungsberater f\u00fcr Tiere &#187; Mit Kompetenz und Sachverstand biete ich verst\u00e4ndnisvoll und l\u00f6sungsorientiert F\u00fctterungsberatung, Tierkommunikation und ganzheitliche Verhaltenstherapie u. a. mit Bachbl\u00fcten und Sch\u00fcsslersalzen an.","robots":{"index":"index","follow":"follow","max-snippet":"max-snippet:-1","max-image-preview":"max-image-preview:large","max-video-preview":"max-video-preview:-1"},"canonical":"https:\/\/gesundheitsberatung.com\/tierheilkunde\/online-beratung\/ernaehrungsberater-fuer-tiere\/m-schwarz\/","og_locale":"de_DE","og_type":"article","og_title":"M. Schwarz &#187; Ern\u00e4hrungsberater f\u00fcr Tiere &#187; Vistano \u260e Beratung","og_description":"Vistano Ern\u00e4hrungsberater f\u00fcr Tiere &#187; Mit Kompetenz und Sachverstand biete ich verst\u00e4ndnisvoll und l\u00f6sungsorientiert F\u00fctterungsberatung, Tierkommunikation und ganzheitliche Verhaltenstherapie u. a. mit Bachbl\u00fcten und Sch\u00fcsslersalzen an.","og_url":"https:\/\/gesundheitsberatung.com\/tierheilkunde\/online-beratung\/ernaehrungsberater-fuer-tiere\/m-schwarz\/","og_site_name":"Tierheilkunde","article_publisher":"https:\/\/www.facebook.com\/tierheilkunde\/","article_modified_time":"2020-01-22T14:23:29+00:00","og_image":[{"width":710,"height":710,"url":"https:\/\/gesundheitsberatung.com\/tierheilkunde\/wp-content\/uploads\/sites\/5\/m-schwarz-ern-hrungsberater-f-r-tiere-vistano-berater-id-4901.jpg","type":"image\/jpeg"}],"twitter_card":"summary_large_image","twitter_site":"@Vistano","schema":{"@context":"https:\/\/schema.org","@graph":[{"@type":"WebPage","@id":"https:\/\/gesundheitsberatung.com\/tierheilkunde\/online-beratung\/ernaehrungsberater-fuer-tiere\/m-schwarz\/","url":"https:\/\/gesundheitsberatung.com\/tierheilkunde\/online-beratung\/ernaehrungsberater-fuer-tiere\/m-schwarz\/","name":"M. Schwarz &#187; Ern\u00e4hrungsberater f\u00fcr Tiere &#187; Vistano \u260e Beratung","isPartOf":{"@id":"https:\/\/gesundheitsberatung.com\/tierheilkunde\/#website"},"primaryImageOfPage":{"@id":"https:\/\/gesundheitsberatung.com\/tierheilkunde\/online-beratung\/ernaehrungsberater-fuer-tiere\/m-schwarz\/#primaryimage"},"image":{"@id":"https:\/\/gesundheitsberatung.com\/tierheilkunde\/online-beratung\/ernaehrungsberater-fuer-tiere\/m-schwarz\/#primaryimage"},"thumbnailUrl":"https:\/\/gesundheitsberatung.com\/tierheilkunde\/wp-content\/uploads\/sites\/5\/m-schwarz-ern-hrungsberater-f-r-tiere-vistano-berater-id-4901.jpg","datePublished":"2016-08-04T14:49:50+00:00","dateModified":"2020-01-22T14:23:29+00:00","description":"Vistano Ern\u00e4hrungsberater f\u00fcr Tiere &#187; Mit Kompetenz und Sachverstand biete ich verst\u00e4ndnisvoll und l\u00f6sungsorientiert F\u00fctterungsberatung, Tierkommunikation und ganzheitliche Verhaltenstherapie u. a. mit Bachbl\u00fcten und Sch\u00fcsslersalzen an.","breadcrumb":{"@id":"https:\/\/gesundheitsberatung.com\/tierheilkunde\/online-beratung\/ernaehrungsberater-fuer-tiere\/m-schwarz\/#breadcrumb"},"inLanguage":"de","potentialAction":[{"@type":"ReadAction","target":["https:\/\/gesundheitsberatung.com\/tierheilkunde\/online-beratung\/ernaehrungsberater-fuer-tiere\/m-schwarz\/"]}]},{"@type":"ImageObject","inLanguage":"de","@id":"https:\/\/gesundheitsberatung.com\/tierheilkunde\/online-beratung\/ernaehrungsberater-fuer-tiere\/m-schwarz\/#primaryimage","url":"https:\/\/gesundheitsberatung.com\/tierheilkunde\/wp-content\/uploads\/sites\/5\/m-schwarz-ern-hrungsberater-f-r-tiere-vistano-berater-id-4901.jpg","contentUrl":"https:\/\/gesundheitsberatung.com\/tierheilkunde\/wp-content\/uploads\/sites\/5\/m-schwarz-ern-hrungsberater-f-r-tiere-vistano-berater-id-4901.jpg","width":710,"height":710,"caption":"Ern\u00e4hrungsberater f\u00fcr Tiere M. Schwarz - Berater-ID: 4901"},{"@type":"BreadcrumbList","@id":"https:\/\/gesundheitsberatung.com\/tierheilkunde\/online-beratung\/ernaehrungsberater-fuer-tiere\/m-schwarz\/#breadcrumb","itemListElement":[{"@type":"ListItem","position":1,"name":"Home","item":"https:\/\/gesundheitsberatung.com\/tierheilkunde\/"},{"@type":"ListItem","position":2,"name":"Produkte","item":"https:\/\/gesundheitsberatung.com\/tierheilkunde\/shop\/"},{"@type":"ListItem","position":3,"name":"Online Beratung","item":"https:\/\/gesundheitsberatung.com\/tierheilkunde\/online_berater\/online-beratung\/"},{"@type":"ListItem","position":4,"name":"Ern\u00e4hrungsberater f\u00fcr Tiere","item":"https:\/\/gesundheitsberatung.com\/tierheilkunde\/online_berater\/ernaehrungsberater-fuer-tiere\/"},{"@type":"ListItem","position":5,"name":"M. Schwarz"}]},{"@type":"WebSite","@id":"https:\/\/gesundheitsberatung.com\/tierheilkunde\/#website","url":"https:\/\/gesundheitsberatung.com\/tierheilkunde\/","name":"Tierheilkunde","description":"Tierheilkunde \u260e Beratung f\u00fcr Nutz- &amp; Haustiere! Jetzt Gratis-Beratung sichern: \u2714 Tier\u00e4rzte \u2714 Tier-Heilpraktiker \u2714 Tier-Hom\u00f6opathen \u2714 Tiertrainer \u2714 Verhaltensberater \u2714 Tier-Psychologen bei Vistano Tierheilkunde.","potentialAction":[{"@type":"SearchAction","target":{"@type":"EntryPoint","urlTemplate":"https:\/\/gesundheitsberatung.com\/tierheilkunde\/?s={search_term_string}"},"query-input":{"@type":"PropertyValueSpecification","valueRequired":true,"valueName":"search_term_string"}}],"inLanguage":"de"}]}},"_links":{"self":[{"href":"https:\/\/gesundheitsberatung.com\/tierheilkunde\/wp-json\/wp\/v2\/product\/12725","targetHints":{"allow":["GET"]}}],"collection":[{"href":"https:\/\/gesundheitsberatung.com\/tierheilkunde\/wp-json\/wp\/v2\/product"}],"about":[{"href":"https:\/\/gesundheitsberatung.com\/tierheilkunde\/wp-json\/wp\/v2\/types\/product"}],"replies":[{"embeddable":true,"href":"https:\/\/gesundheitsberatung.com\/tierheilkunde\/wp-json\/wp\/v2\/comments?post=12725"}],"wp:featuredmedia":[{"embeddable":true,"href":"https:\/\/gesundheitsberatung.com\/tierheilkunde\/wp-json\/wp\/v2\/media\/16615"}],"wp:attachment":[{"href":"https:\/\/gesundheitsberatung.com\/tierheilkunde\/wp-json\/wp\/v2\/media?parent=12725"}],"wp:term":[{"taxonomy":"product_cat","embeddable":true,"href":"https:\/\/gesundheitsberatung.com\/tierheilkunde\/wp-json\/wp\/v2\/product_cat?post=12725"},{"taxonomy":"product_tag","embeddable":true,"href":"https:\/\/gesundheitsberatung.com\/tierheilkunde\/wp-json\/wp\/v2\/product_tag?post=12725"}],"curies":[{"name":"wp","href":"https:\/\/api.w.org\/{rel}","templated":true}]}}