{"id":12724,"date":"2016-09-26T11:28:22","date_gmt":"2016-09-26T09:28:22","guid":{"rendered":"https:\/\/gesundheitsberatung.com\/tierheilkunde\/?post_type=product&#038;p=12724"},"modified":"2025-06-24T03:47:32","modified_gmt":"2025-06-24T01:47:32","slug":"m-brand","status":"publish","type":"product","link":"https:\/\/gesundheitsberatung.com\/tierheilkunde\/online-beratung\/tierpsychologen-tierverhaltensberater\/m-brand\/","title":{"rendered":"M. Brand"},"content":{"rendered":"<p>Herzlich willkommen auf meiner Seite!<\/p>\n<p>Ich arbeite mit HELLSICHT, HELLF\u00dcHLIGKEIT und\u00a0TELEPHATISCHE KONTAKTAUFNAHME\u00a0zu Tieren;<br \/>\nIn unserem Gespr\u00e4ch f\u00fchle ich mich in\u00a0Dein Tier ein und erhalte Informationen und Antworten, die ich gerne an Dich weitergebe.<\/p>\n<p>W\u00e4hrend des Hellf\u00fchlens solltest Du ungest\u00f6rt sein, damit der Energieaustausch flie\u00dfen kann.<\/p>\n<p>Durch meine langj\u00e4hrige Erfahrung als Tierkommunikatorin, Hundetrainerin, Verhaltenstherapeutin und Tierheilpraktikerin berate ich\u00a0Dich auch gerne zu diesen Themen. <\/p>\n<p>Du m\u00f6chtest gerne wissen:<\/p>\n<p>&#8211; Was denkt mein Tier?<br \/>\n&#8211; Was geht in ihm vor?<br \/>\n&#8211; Wie f\u00fchlt es sich?<br \/>\n&#8211; Ist es gl\u00fccklich oder traurig, was kann ich ver\u00e4ndern?<br \/>\n&#8211; W\u00fcnscht es sich etwas von mir, vermisst es etwas?<br \/>\n&#8211;\u00a0M\u00f6chte es\u00a0mir etwas\u00a0sagen?<\/p>\n<p>Tiere freuen sich dar\u00fcber, wenn sie sich uns mitteilen k\u00f6nnen!<\/p>\n<p>Ich freue mich auf ein vertrauensvolles Beratungsgespr\u00e4ch mit Dir\u00a0und\u00a0Deinem Tier!<br \/>\nGerne auch Terminabsprache.<\/p>\n<p>MARIELLA<span class=\"display_none\">4796<\/span><\/p>\n","protected":false},"excerpt":{"rendered":"<p>Was denkt und f\u00fchlt Dein Tier? Was m\u00f6chte es Dir sagen? Telepathische &#8211; -Kommunikation mit allen Tieren!<\/p>\n","protected":false},"featured_media":112665,"comment_status":"open","ping_status":"closed","template":"","meta":[],"product_cat":[],"product_tag":[],"class_list":["post-12724","product","type-product","status-publish","has-post-thumbnail","hentry","online_berater-tierkommunikation","online_berater-tierpsychologen-tierverhaltensberater"],"yoast_head":"<!-- This site is optimized with the Yoast SEO plugin v26.0 - https:\/\/yoast.com\/wordpress\/plugins\/seo\/ -->\n<title>M. Brand &#187; Tierkommunikation, Tierpsychologen \/ Tierverhaltensberater &#187; Vistano \u260e Beratung<\/title>\n<meta name=\"description\" content=\"Vistano Tierkommunikation, Tierpsychologen \/ Tierverhaltensberater &#187; Was denkt und f\u00fchlt Dein Tier? Was m\u00f6chte es Dir sagen? Telepathische - -Kommunikation mit allen Tieren!\" \/>\n<meta name=\"robots\" content=\"index, follow, max-snippet:-1, max-image-preview:large, max-video-preview:-1\" \/>\n<link rel=\"canonical\" href=\"https:\/\/gesundheitsberatung.com\/tierheilkunde\/online-beratung\/tierpsychologen-tierverhaltensberater\/m-brand\/\" \/>\n<meta property=\"og:locale\" content=\"de_DE\" \/>\n<meta property=\"og:type\" content=\"article\" \/>\n<meta property=\"og:title\" content=\"M. Brand &#187; Tierkommunikation, Tierpsychologen \/ Tierverhaltensberater &#187; Vistano \u260e Beratung\" \/>\n<meta property=\"og:description\" content=\"Vistano Tierkommunikation, Tierpsychologen \/ Tierverhaltensberater &#187; Was denkt und f\u00fchlt Dein Tier? Was m\u00f6chte es Dir sagen? Telepathische - -Kommunikation mit allen Tieren!\" \/>\n<meta property=\"og:url\" content=\"https:\/\/gesundheitsberatung.com\/tierheilkunde\/online-beratung\/tierpsychologen-tierverhaltensberater\/m-brand\/\" \/>\n<meta property=\"og:site_name\" content=\"Tierheilkunde\" \/>\n<meta property=\"article:publisher\" content=\"https:\/\/www.facebook.com\/tierheilkunde\/\" \/>\n<meta property=\"article:modified_time\" content=\"2025-06-24T01:47:32+00:00\" \/>\n<meta property=\"og:image\" content=\"https:\/\/gesundheitsberatung.com\/tierheilkunde\/wp-content\/uploads\/sites\/5\/m-brand-tierpsychologen-tierverhaltensberater-vistano-berater-id-4796-1.jpg\" \/>\n\t<meta property=\"og:image:width\" content=\"1204\" \/>\n\t<meta property=\"og:image:height\" content=\"1204\" \/>\n\t<meta property=\"og:image:type\" content=\"image\/jpeg\" \/>\n<meta name=\"twitter:card\" content=\"summary_large_image\" \/>\n<meta name=\"twitter:site\" content=\"@Vistano\" \/>\n<script type=\"application\/ld+json\" class=\"yoast-schema-graph\">{\"@context\":\"https:\/\/schema.org\",\"@graph\":[{\"@type\":\"WebPage\",\"@id\":\"https:\/\/gesundheitsberatung.com\/tierheilkunde\/online-beratung\/tierpsychologen-tierverhaltensberater\/m-brand\/\",\"url\":\"https:\/\/gesundheitsberatung.com\/tierheilkunde\/online-beratung\/tierpsychologen-tierverhaltensberater\/m-brand\/\",\"name\":\"M. Brand &#187; Tierkommunikation, Tierpsychologen \/ Tierverhaltensberater &#187; Vistano \u260e Beratung\",\"isPartOf\":{\"@id\":\"https:\/\/gesundheitsberatung.com\/tierheilkunde\/#website\"},\"primaryImageOfPage\":{\"@id\":\"https:\/\/gesundheitsberatung.com\/tierheilkunde\/online-beratung\/tierpsychologen-tierverhaltensberater\/m-brand\/#primaryimage\"},\"image\":{\"@id\":\"https:\/\/gesundheitsberatung.com\/tierheilkunde\/online-beratung\/tierpsychologen-tierverhaltensberater\/m-brand\/#primaryimage\"},\"thumbnailUrl\":\"https:\/\/gesundheitsberatung.com\/tierheilkunde\/wp-content\/uploads\/sites\/5\/m-brand-tierpsychologen-tierverhaltensberater-vistano-berater-id-4796.jpg\",\"datePublished\":\"2016-09-26T09:28:22+00:00\",\"dateModified\":\"2025-06-24T01:47:32+00:00\",\"description\":\"Vistano Tierkommunikation, Tierpsychologen \/ Tierverhaltensberater &#187; Was denkt und f\u00fchlt Dein Tier? Was m\u00f6chte es Dir sagen? Telepathische - -Kommunikation mit allen Tieren!\",\"breadcrumb\":{\"@id\":\"https:\/\/gesundheitsberatung.com\/tierheilkunde\/online-beratung\/tierpsychologen-tierverhaltensberater\/m-brand\/#breadcrumb\"},\"inLanguage\":\"de\",\"potentialAction\":[{\"@type\":\"ReadAction\",\"target\":[\"https:\/\/gesundheitsberatung.com\/tierheilkunde\/online-beratung\/tierpsychologen-tierverhaltensberater\/m-brand\/\"]}]},{\"@type\":\"ImageObject\",\"inLanguage\":\"de\",\"@id\":\"https:\/\/gesundheitsberatung.com\/tierheilkunde\/online-beratung\/tierpsychologen-tierverhaltensberater\/m-brand\/#primaryimage\",\"url\":\"https:\/\/gesundheitsberatung.com\/tierheilkunde\/wp-content\/uploads\/sites\/5\/m-brand-tierpsychologen-tierverhaltensberater-vistano-berater-id-4796.jpg\",\"contentUrl\":\"https:\/\/gesundheitsberatung.com\/tierheilkunde\/wp-content\/uploads\/sites\/5\/m-brand-tierpsychologen-tierverhaltensberater-vistano-berater-id-4796.jpg\",\"width\":1204,\"height\":1204,\"caption\":\"Tierpsychologen \/ Tierverhaltensberater M. Brand - Berater-ID: 4796\"},{\"@type\":\"BreadcrumbList\",\"@id\":\"https:\/\/gesundheitsberatung.com\/tierheilkunde\/online-beratung\/tierpsychologen-tierverhaltensberater\/m-brand\/#breadcrumb\",\"itemListElement\":[{\"@type\":\"ListItem\",\"position\":1,\"name\":\"Home\",\"item\":\"https:\/\/gesundheitsberatung.com\/tierheilkunde\/\"},{\"@type\":\"ListItem\",\"position\":2,\"name\":\"Produkte\",\"item\":\"https:\/\/gesundheitsberatung.com\/tierheilkunde\/shop\/\"},{\"@type\":\"ListItem\",\"position\":3,\"name\":\"Online Beratung\",\"item\":\"https:\/\/gesundheitsberatung.com\/tierheilkunde\/online_berater\/online-beratung\/\"},{\"@type\":\"ListItem\",\"position\":4,\"name\":\"Tierkommunikation\",\"item\":\"https:\/\/gesundheitsberatung.com\/tierheilkunde\/online_berater\/tierkommunikation\/\"},{\"@type\":\"ListItem\",\"position\":5,\"name\":\"M. Brand\"}]},{\"@type\":\"WebSite\",\"@id\":\"https:\/\/gesundheitsberatung.com\/tierheilkunde\/#website\",\"url\":\"https:\/\/gesundheitsberatung.com\/tierheilkunde\/\",\"name\":\"Tierheilkunde\",\"description\":\"Tierheilkunde \u260e Beratung f\u00fcr Nutz- &amp; Haustiere! Jetzt Gratis-Beratung sichern: \u2714 Tier\u00e4rzte \u2714 Tier-Heilpraktiker \u2714 Tier-Hom\u00f6opathen \u2714 Tiertrainer \u2714 Verhaltensberater \u2714 Tier-Psychologen bei Vistano Tierheilkunde.\",\"potentialAction\":[{\"@type\":\"SearchAction\",\"target\":{\"@type\":\"EntryPoint\",\"urlTemplate\":\"https:\/\/gesundheitsberatung.com\/tierheilkunde\/?s={search_term_string}\"},\"query-input\":{\"@type\":\"PropertyValueSpecification\",\"valueRequired\":true,\"valueName\":\"search_term_string\"}}],\"inLanguage\":\"de\"}]}<\/script>\n<!-- \/ Yoast SEO plugin. -->","yoast_head_json":{"title":"M. Brand &#187; Tierkommunikation, Tierpsychologen \/ Tierverhaltensberater &#187; Vistano \u260e Beratung","description":"Vistano Tierkommunikation, Tierpsychologen \/ Tierverhaltensberater &#187; Was denkt und f\u00fchlt Dein Tier? Was m\u00f6chte es Dir sagen? Telepathische - -Kommunikation mit allen Tieren!","robots":{"index":"index","follow":"follow","max-snippet":"max-snippet:-1","max-image-preview":"max-image-preview:large","max-video-preview":"max-video-preview:-1"},"canonical":"https:\/\/gesundheitsberatung.com\/tierheilkunde\/online-beratung\/tierpsychologen-tierverhaltensberater\/m-brand\/","og_locale":"de_DE","og_type":"article","og_title":"M. Brand &#187; Tierkommunikation, Tierpsychologen \/ Tierverhaltensberater &#187; Vistano \u260e Beratung","og_description":"Vistano Tierkommunikation, Tierpsychologen \/ Tierverhaltensberater &#187; Was denkt und f\u00fchlt Dein Tier? Was m\u00f6chte es Dir sagen? Telepathische - -Kommunikation mit allen Tieren!","og_url":"https:\/\/gesundheitsberatung.com\/tierheilkunde\/online-beratung\/tierpsychologen-tierverhaltensberater\/m-brand\/","og_site_name":"Tierheilkunde","article_publisher":"https:\/\/www.facebook.com\/tierheilkunde\/","article_modified_time":"2025-06-24T01:47:32+00:00","og_image":[{"width":1204,"height":1204,"url":"https:\/\/gesundheitsberatung.com\/tierheilkunde\/wp-content\/uploads\/sites\/5\/m-brand-tierpsychologen-tierverhaltensberater-vistano-berater-id-4796-1.jpg","type":"image\/jpeg"}],"twitter_card":"summary_large_image","twitter_site":"@Vistano","schema":{"@context":"https:\/\/schema.org","@graph":[{"@type":"WebPage","@id":"https:\/\/gesundheitsberatung.com\/tierheilkunde\/online-beratung\/tierpsychologen-tierverhaltensberater\/m-brand\/","url":"https:\/\/gesundheitsberatung.com\/tierheilkunde\/online-beratung\/tierpsychologen-tierverhaltensberater\/m-brand\/","name":"M. Brand &#187; Tierkommunikation, Tierpsychologen \/ Tierverhaltensberater &#187; Vistano \u260e Beratung","isPartOf":{"@id":"https:\/\/gesundheitsberatung.com\/tierheilkunde\/#website"},"primaryImageOfPage":{"@id":"https:\/\/gesundheitsberatung.com\/tierheilkunde\/online-beratung\/tierpsychologen-tierverhaltensberater\/m-brand\/#primaryimage"},"image":{"@id":"https:\/\/gesundheitsberatung.com\/tierheilkunde\/online-beratung\/tierpsychologen-tierverhaltensberater\/m-brand\/#primaryimage"},"thumbnailUrl":"https:\/\/gesundheitsberatung.com\/tierheilkunde\/wp-content\/uploads\/sites\/5\/m-brand-tierpsychologen-tierverhaltensberater-vistano-berater-id-4796.jpg","datePublished":"2016-09-26T09:28:22+00:00","dateModified":"2025-06-24T01:47:32+00:00","description":"Vistano Tierkommunikation, Tierpsychologen \/ Tierverhaltensberater &#187; Was denkt und f\u00fchlt Dein Tier? Was m\u00f6chte es Dir sagen? Telepathische - -Kommunikation mit allen Tieren!","breadcrumb":{"@id":"https:\/\/gesundheitsberatung.com\/tierheilkunde\/online-beratung\/tierpsychologen-tierverhaltensberater\/m-brand\/#breadcrumb"},"inLanguage":"de","potentialAction":[{"@type":"ReadAction","target":["https:\/\/gesundheitsberatung.com\/tierheilkunde\/online-beratung\/tierpsychologen-tierverhaltensberater\/m-brand\/"]}]},{"@type":"ImageObject","inLanguage":"de","@id":"https:\/\/gesundheitsberatung.com\/tierheilkunde\/online-beratung\/tierpsychologen-tierverhaltensberater\/m-brand\/#primaryimage","url":"https:\/\/gesundheitsberatung.com\/tierheilkunde\/wp-content\/uploads\/sites\/5\/m-brand-tierpsychologen-tierverhaltensberater-vistano-berater-id-4796.jpg","contentUrl":"https:\/\/gesundheitsberatung.com\/tierheilkunde\/wp-content\/uploads\/sites\/5\/m-brand-tierpsychologen-tierverhaltensberater-vistano-berater-id-4796.jpg","width":1204,"height":1204,"caption":"Tierpsychologen \/ Tierverhaltensberater M. Brand - Berater-ID: 4796"},{"@type":"BreadcrumbList","@id":"https:\/\/gesundheitsberatung.com\/tierheilkunde\/online-beratung\/tierpsychologen-tierverhaltensberater\/m-brand\/#breadcrumb","itemListElement":[{"@type":"ListItem","position":1,"name":"Home","item":"https:\/\/gesundheitsberatung.com\/tierheilkunde\/"},{"@type":"ListItem","position":2,"name":"Produkte","item":"https:\/\/gesundheitsberatung.com\/tierheilkunde\/shop\/"},{"@type":"ListItem","position":3,"name":"Online Beratung","item":"https:\/\/gesundheitsberatung.com\/tierheilkunde\/online_berater\/online-beratung\/"},{"@type":"ListItem","position":4,"name":"Tierkommunikation","item":"https:\/\/gesundheitsberatung.com\/tierheilkunde\/online_berater\/tierkommunikation\/"},{"@type":"ListItem","position":5,"name":"M. Brand"}]},{"@type":"WebSite","@id":"https:\/\/gesundheitsberatung.com\/tierheilkunde\/#website","url":"https:\/\/gesundheitsberatung.com\/tierheilkunde\/","name":"Tierheilkunde","description":"Tierheilkunde \u260e Beratung f\u00fcr Nutz- &amp; Haustiere! Jetzt Gratis-Beratung sichern: \u2714 Tier\u00e4rzte \u2714 Tier-Heilpraktiker \u2714 Tier-Hom\u00f6opathen \u2714 Tiertrainer \u2714 Verhaltensberater \u2714 Tier-Psychologen bei Vistano Tierheilkunde.","potentialAction":[{"@type":"SearchAction","target":{"@type":"EntryPoint","urlTemplate":"https:\/\/gesundheitsberatung.com\/tierheilkunde\/?s={search_term_string}"},"query-input":{"@type":"PropertyValueSpecification","valueRequired":true,"valueName":"search_term_string"}}],"inLanguage":"de"}]}},"_links":{"self":[{"href":"https:\/\/gesundheitsberatung.com\/tierheilkunde\/wp-json\/wp\/v2\/product\/12724","targetHints":{"allow":["GET"]}}],"collection":[{"href":"https:\/\/gesundheitsberatung.com\/tierheilkunde\/wp-json\/wp\/v2\/product"}],"about":[{"href":"https:\/\/gesundheitsberatung.com\/tierheilkunde\/wp-json\/wp\/v2\/types\/product"}],"replies":[{"embeddable":true,"href":"https:\/\/gesundheitsberatung.com\/tierheilkunde\/wp-json\/wp\/v2\/comments?post=12724"}],"wp:featuredmedia":[{"embeddable":true,"href":"https:\/\/gesundheitsberatung.com\/tierheilkunde\/wp-json\/wp\/v2\/media\/112665"}],"wp:attachment":[{"href":"https:\/\/gesundheitsberatung.com\/tierheilkunde\/wp-json\/wp\/v2\/media?parent=12724"}],"wp:term":[{"taxonomy":"product_cat","embeddable":true,"href":"https:\/\/gesundheitsberatung.com\/tierheilkunde\/wp-json\/wp\/v2\/product_cat?post=12724"},{"taxonomy":"product_tag","embeddable":true,"href":"https:\/\/gesundheitsberatung.com\/tierheilkunde\/wp-json\/wp\/v2\/product_tag?post=12724"}],"curies":[{"name":"wp","href":"https:\/\/api.w.org\/{rel}","templated":true}]}}