{"id":2272,"date":"2013-05-17T21:34:39","date_gmt":"2013-05-17T19:34:39","guid":{"rendered":"http:\/\/gesundheitsberatung.com\/tierheilkunde\/?page_id=2272"},"modified":"2025-07-03T03:16:29","modified_gmt":"2025-07-03T01:16:29","slug":"impressum","status":"publish","type":"page","link":"https:\/\/gesundheitsberatung.com\/tierheilkunde\/impressum\/","title":{"rendered":"Impressum"},"content":{"rendered":"<div id='av-layout-grid-1'  class='av-layout-grid-container av-11rw8lc-aa08952f8f729711bc9f9a39d963bc4b entry-content-wrapper main_color av-fixed-cells  avia-builder-el-0  el_before_av_one_full  avia-builder-el-first  av-small-hide av-mini-hide container_wrap sidebar_right'  >\n\n<style type=\"text\/css\" data-created_by=\"avia_inline_auto\" id=\"style-css-av-zrm7r4-79de2c3a2387c9be356e31cf78dabefb\">\n.flex_cell.av-zrm7r4-79de2c3a2387c9be356e31cf78dabefb{\nvertical-align:bottom;\nheight:200px;\nmin-height:200px;\n}\n.responsive #top #wrap_all .flex_cell.av-zrm7r4-79de2c3a2387c9be356e31cf78dabefb{\npadding:0px 0px 0px 170px !important;\n}\n<\/style>\n<div class='flex_cell av-zrm7r4-79de2c3a2387c9be356e31cf78dabefb av-gridrow-cell av_one_third no_margin  avia-builder-el-1  el_before_av_cell_two_third  avia-builder-el-first '  ><div class='flex_cell_inner'>\n<style type=\"text\/css\" data-created_by=\"avia_inline_auto\" id=\"style-css-av-xktpk0-433aae3f4582a8db31e2dffce0be250f\">\n.avia-image-container.av-xktpk0-433aae3f4582a8db31e2dffce0be250f img.avia_image{\nbox-shadow:none;\n}\n.avia-image-container.av-xktpk0-433aae3f4582a8db31e2dffce0be250f .av-image-caption-overlay-center{\ncolor:#ffffff;\n}\n<\/style>\n<div  class='avia-image-container av-xktpk0-433aae3f4582a8db31e2dffce0be250f av-styling- avia_animated_image av-animated-when-visible-95 fade-in avia-align-center  avia-builder-el-2  avia-builder-el-no-sibling '   itemprop=\"image\" itemscope=\"itemscope\" itemtype=\"https:\/\/schema.org\/ImageObject\" ><div class=\"avia-image-container-inner\"><div class=\"avia-image-overlay-wrap\"><img decoding=\"async\" fetchpriority=\"high\" class='wp-image-3109 avia-img-lazy-loading-not-3109 avia_image ' src=\"https:\/\/gesundheitsberatung.com\/tierheilkunde\/wp-content\/uploads\/sites\/5\/tierheilkunde-fallback-slider.png\" alt='Tierheilkunde Seitenslider Klein' title='Tierheilkunde Seitenslider Klein'  height=\"250\" width=\"180\"  itemprop=\"thumbnailUrl\"  \/><\/div><\/div><\/div>\n<\/div><\/div>\n<style type=\"text\/css\" data-created_by=\"avia_inline_auto\" id=\"style-css-av-wplivk-f52d8b24d93d0caecbdb2692b8b33336\">\n.flex_cell.av-wplivk-f52d8b24d93d0caecbdb2692b8b33336{\nvertical-align:middle;\nheight:200px;\nmin-height:200px;\n}\n.responsive #top #wrap_all .flex_cell.av-wplivk-f52d8b24d93d0caecbdb2692b8b33336{\npadding:0px 0px 0px 0px !important;\n}\n<\/style>\n<div class='flex_cell av-wplivk-f52d8b24d93d0caecbdb2692b8b33336 av-gridrow-cell av_two_third no_margin  avia-builder-el-3  el_after_av_cell_one_third  avia-builder-el-last  av-zero-padding'  ><div class='flex_cell_inner'>\n<style type=\"text\/css\" data-created_by=\"avia_inline_auto\" id=\"style-css-av-v44rkg-dd69b5b050c433c0b157541ae10a1bf9\">\n#top .av-rotator-container.av-v44rkg-dd69b5b050c433c0b157541ae10a1bf9{\ntext-align:left;\ncolor:#8c682c;\n}\n#top #wrap_all .av-rotator-container.av-v44rkg-dd69b5b050c433c0b157541ae10a1bf9 .av-rotator-container-inner{\nfont-size:34px;\n}\n<\/style>\n\n<style type=\"text\/css\" data-created_by=\"avia_inline_auto\" id=\"style-css-sub-av-v44rkg-dd69b5b050c433c0b157541ae10a1bf9\">\n#top .av-rotator-container .av-rotator-text-single.av-t6fz7k-89255b692ab357631930de7e45d52f1b{\ncolor:#8c682c;\n}\n#top .av-rotator-container .av-rotator-text-single.av-r4il0w-e14ffcbcb711a10d546742a1618e1b6c{\ncolor:#cecece;\n}\n#top .av-rotator-container .av-rotator-text-single.av-qbhpa8-310cd62327de9b601e71f731bfbd3dae{\ncolor:#757575;\n}\n<\/style>\n<div  class='av-rotator-container av-rotation-container-left av-v44rkg-dd69b5b050c433c0b157541ae10a1bf9  avia-builder-el-4  avia-builder-el-no-sibling ' data-interval='3' data-animation='0'><p class='av-rotator-container-inner'>VISTANO<span class='av-rotator-text av-rotator-multiline-on'>\n<span class='av-rotator-text-single av-t6fz7k-89255b692ab357631930de7e45d52f1b av-rotator-text-single-1' >Tierheilkunde<\/span>\n<span class='av-rotator-text-single av-r4il0w-e14ffcbcb711a10d546742a1618e1b6c av-rotator-text-single-2' >jederzeit &amp; \u00fcberall...<\/span>\n<span class='av-rotator-text-single av-qbhpa8-310cd62327de9b601e71f731bfbd3dae av-rotator-text-single-3' >gut beraten in jeder Beziehung!<\/span>\n<\/span><\/p><\/div>\n<\/div><\/div>\n<\/div><div id='after_grid_row_1'  class='main_color av_default_container_wrap container_wrap sidebar_right'  ><div class='container av-section-cont-open' ><div class='template-page content  av-content-small alpha units'><div class='post-entry post-entry-type-page post-entry-2272'><div class='entry-content-wrapper clearfix'>\n<div  class='flex_column av-ocs9hc-f956c8131f77e9983fa0eece7c35b6e0 av_one_full  avia-builder-el-5  el_after_av_layout_row  el_before_av_one_third  avia-builder-el-first  first flex_column_div  '     ><p>\n<style type=\"text\/css\" data-created_by=\"avia_inline_auto\" id=\"style-css-av-loqtw0-28b53a13a2ca4de3fa8320ecd39c7d6f\">\n#top .av-special-heading.av-loqtw0-28b53a13a2ca4de3fa8320ecd39c7d6f{\npadding-bottom:0;\n}\nbody .av-special-heading.av-loqtw0-28b53a13a2ca4de3fa8320ecd39c7d6f .av-special-heading-tag .heading-char{\nfont-size:25px;\n}\n.av-special-heading.av-loqtw0-28b53a13a2ca4de3fa8320ecd39c7d6f .av-subheading{\nfont-size:10px;\n}\n<\/style>\n<div  class='av-special-heading av-loqtw0-28b53a13a2ca4de3fa8320ecd39c7d6f av-special-heading-h2 blockquote modern-quote  avia-builder-el-6  el_before_av_hr  avia-builder-el-first '><h2 class='av-special-heading-tag'  itemprop=\"headline\"  >Impressum<\/h2><div class=\"special-heading-border\"><div class=\"special-heading-inner-border\"><\/div><\/div><\/div><br \/>\n<div  class='hr av-kgxyww-6593317bffc714781147c8eb309b932a hr-default  avia-builder-el-7  el_after_av_heading  avia-builder-el-last '><span class='hr-inner '><span class=\"hr-inner-style\"><\/span><\/span><\/div><\/p><\/div>\n<div  class='flex_column av-iemn6o-ac9e3475fe51eb789eeabcece82012c7 av_one_third  avia-builder-el-8  el_after_av_one_full  el_before_av_one_third  first flex_column_div  column-top-margin'     ><section  class='av_textblock_section av-h1y8rk-a4e7748dbe84c9def4c71a2943e4edef '   itemscope=\"itemscope\" itemtype=\"https:\/\/schema.org\/CreativeWork\" ><div class='avia_textblock'  itemprop=\"text\" ><h5>isee newmedia GmbH<\/h5>\n<p>Am Holzweg 26<br \/>\n65830 Kriftel am Taunus<\/p>\n<p>Telefon: <span style=\"display:none\" class=\"notranslate mwn_group-29 mwn_group-29-144\"><span style=\"display:inline-block; width:15px; margin-top: 4px !important; cursor:pointer;\" class=\"mgcl_flag-29 mgcl_flag flag flag-at\" alt=\"\u00d6sterreich\" title=\"\u00d6sterreich\"><\/span><span style=\"padding-left: 4px;\"><span class='no-mobile'>0800-847826<\/span><span class='mobile'><a href='tel:0800-847826' class='v_mobile_link'>0800-847826<\/a><\/span><\/span><\/span><span style=\"display:none\" class=\"notranslate mwn_group-29 mwn_group-29-143\"><span style=\"display:inline-block; width:15px; margin-top: 4px !important; cursor:pointer;\" class=\"mgcl_flag-29 mgcl_flag flag flag-ch\" alt=\"Schweiz\" title=\"Schweiz\"><\/span><span style=\"padding-left: 4px;\"><span class='no-mobile'>0800-847826<\/span><span class='mobile'><a href='tel:0800-847826' class='v_mobile_link'>0800-847826<\/a><\/span><\/span><\/span><span style=\"display:none\" class=\"notranslate mwn_group-29 mwn_group-29-22\"><span style=\"display:inline-block; width:15px; margin-top: 4px !important; cursor:pointer;\" class=\"mgcl_flag-29 mgcl_flag flag flag-de\" alt=\"Deutschland\" title=\"Deutschland\"><\/span><span style=\"padding-left: 4px;\"><span class='no-mobile'>0800-8478266<\/span><span class='mobile'><a href='tel:0800-8478266' class='v_mobile_link'>0800-8478266<\/a><\/span><\/span><\/span><script>\n\t\t\t\t\t\t\t(function($) {\n\t        \t\t\t\t\t$(document).ready(function() {\n\t            \t\t\t\t\t$('.mgcl_flag-29').tooltipster({\n\t                \t\t\t\t\tcontent: $('<span><div style=\"padding-right: 2px;\"><div style=\"display: inline-block; white-space: nowrap; z-index:1000; cursor:pointer; min-width:150px;\" data-mgcltld=\"144\" class=\"mwn_group_cl-29\"><div style=\"float:left; margin-top: 3px !important;\"  class=\"flag flag-at\" alt=\"\u00d6sterreich\" title=\"\u00d6sterreich\"><\/div><div style=\"float:left;\">&nbsp;\u00d6sterreich<\/div><\/div><br><div style=\"display: inline-block; white-space: nowrap; z-index:1000; cursor:pointer; min-width:150px;\" data-mgcltld=\"143\" class=\"mwn_group_cl-29\"><div style=\"float:left; margin-top: 3px !important;\"  class=\"flag flag-ch\" alt=\"Schweiz\" title=\"Schweiz\"><\/div><div style=\"float:left;\">&nbsp;Schweiz<\/div><\/div><br><div style=\"display: inline-block; white-space: nowrap; z-index:1000; cursor:pointer; min-width:150px;\" data-mgcltld=\"22\" class=\"mwn_group_cl-29\"><div style=\"float:left; margin-top: 3px !important;\"  class=\"flag flag-de\" alt=\"Deutschland\" title=\"Deutschland\"><\/div><div style=\"float:left;\">&nbsp;Deutschland<\/div><\/div><br><\/div><\/span>'),\n\t                \t\t\t\t\tautoClose: false,\n\t                \t\t\t\t\ttrigger:'click',\n\t                \t\t\t\t\tinteractive: true,\n\t                \t\t\t\t\toffsetY: 10\n\t            \t\t\t\t\t});\n\t                \t\t\t\t$(window).mousedown(function() {\n\t\t\t\t\t\t\t\t      $('.mgcl_flag-29').tooltipster('hide');\n\t\t\t\t\t\t\t\t   });\n\t        \t\t\t\t\t});\n\t                \t\t})(jQuery); \n\t    \t\t\t\t<\/script><br \/>\nHomepage: www.vistano.com<br \/>\nE-Mail: support@vistano.com<\/p>\n<\/div><\/section><\/div>\n<style type=\"text\/css\" data-created_by=\"avia_inline_auto\" id=\"style-css-av-ftjir4-be18b48c98d69186c78f52f606dd2ae0\">\n.flex_column.av-ftjir4-be18b48c98d69186c78f52f606dd2ae0{\nborder-radius:0px 0px 0px 0px;\npadding:0px 0px 0px 0px;\n}\n<\/style>\n<div  class='flex_column av-ftjir4-be18b48c98d69186c78f52f606dd2ae0 av_one_third  avia-builder-el-10  el_after_av_one_third  el_before_av_one_third  flex_column_div av-zero-column-padding  column-top-margin'     ><section  class='av_textblock_section av-dv2nlc-3bd8da4e7bbf3d80943367a8e83f32ae '   itemscope=\"itemscope\" itemtype=\"https:\/\/schema.org\/CreativeWork\" ><div class='avia_textblock'  itemprop=\"text\" ><h5>Gesch\u00e4ftsleitung<\/h5>\n<p>Gesch\u00e4ftsf\u00fchrer:<br \/>\nRene Kinkel &amp; Marc Bl\u00e4sing<\/p>\n<p>Handelsregister- \/ Steuernummer:<br \/>\nRegisternummer: HRB 49310<br \/>\nRegistergericht:\u00a0Amtsgericht Frankfurt\/Main<br \/>\nUSt-ID-Nr: DE 813 017 002<\/p>\n<\/div><\/section><\/div><\/p>\n\n<style type=\"text\/css\" data-created_by=\"avia_inline_auto\" id=\"style-css-av-cx3ntc-9f7bc24f5a700cde3d70d183af981530\">\n.flex_column.av-cx3ntc-9f7bc24f5a700cde3d70d183af981530{\nborder-radius:0px 0px 0px 0px;\npadding:0px 0px 0px 0px;\n}\n<\/style>\n<div  class='flex_column av-cx3ntc-9f7bc24f5a700cde3d70d183af981530 av_one_third  avia-builder-el-12  el_after_av_one_third  el_before_av_hr  flex_column_div av-zero-column-padding  column-top-margin'     ><div  class='av_gmaps_sc_main_wrap av_gmaps_main_wrap '><div id='av_gmap_0' class='avia-google-map-container avia-google-map-sc av_gmaps_show_unconditionally av-no-fallback-img ' data-mapid='av_gmap_0'  style='height: 170px;'><a class=\"av_gmaps_browser_disabled av_text_confirm_link av_text_confirm_link_visible\" href=\"https:\/\/www.google.com\/maps\/search\/?api=1&#038;query=Bechtenwaldstrasse%205%20%2065931%20Frankfurt%20am%20Main%20%20Germany\" target=\"_blank\" rel=\"noopener\">Aufgrund deiner Datenschutz-Einstellungen k\u00f6nnen wir Ihnen die Karte nicht anzeigen. Klicken Sie hier, um die Karte in einem neuen Fenster zu \u00f6ffnen.<\/a><\/div><\/div><\/div>\n<div  class='hr av-7ioci8-d96dfdd5dc32cbba76dc9e9f657d4f02 hr-default  avia-builder-el-14  el_after_av_one_third  el_before_av_one_full '><span class='hr-inner '><span class=\"hr-inner-style\"><\/span><\/span><\/div>\n<div  class='flex_column av-5zv6k0-f446a2b7387c4c6bb7239749ead25cfd av_one_full  avia-builder-el-15  el_after_av_hr  avia-builder-el-last  first flex_column_div  '     ><section  class='av_textblock_section av-3xj7og-784977df241e15bbc99b65c4c88f83ff '   itemscope=\"itemscope\" itemtype=\"https:\/\/schema.org\/CreativeWork\" ><div class='avia_textblock'  itemprop=\"text\" ><h5>Hinweis und Disclaimer<\/h5>\n<p>F\u00fcr die Inhalte extern verlinkter Seiten und Angebote \u00fcbernimmt Vistano keine Haftung. Vistano ist f\u00fcr den Inhalt verlinkter Seiten nicht verantwortlich. Die Allgemeinen Gesch\u00e4ftsbedingungen von Vistano findest Du <a title=\"Allgemeine Gesch\u00e4ftsbedingungen\" href=\"https:\/\/gesundheitsberatung.com\/tierheilkunde\/allgemeine-geschaeftsbedingungen\/\">hier<\/a>. Hinweise zum Datenschutz und zur Sicherheit findest Du <a href=\"https:\/\/www.vistano.com\/tierheilkunde\/sicherheit-datenschutz-bei-vistano\/\">hier<\/a>.<\/p>\n<\/div><\/section><br \/>\n<section  class='av_textblock_section av-1wwjlc-3e17e63c989dd8023c0dfde658a42ad0 '   itemscope=\"itemscope\" itemtype=\"https:\/\/schema.org\/CreativeWork\" ><div class='avia_textblock'  itemprop=\"text\" ><p>Die Europ\u00e4ische Union hat zur au\u00dfergerichtlichen Beilegung von verbraucherrechtlichen Streitigkeiten eine Online Plattform (OS-Plattform) erstellt: <a href=\"http:\/\/www.ec.europa.eu\/consumers\/odr\" target=\"_blank\" rel=\"noopener\">www.ec.europa.eu\/consumers\/odr<\/a>. Wir weisen darauf hin, dass die isee newmedia GmbH nicht an Streitbeilegungsverfahren vor einer Verbraucherschlichtungsstelle gem\u00e4\u00df \u00a7 36 VSBG teilnimmt.<\/p>\n<\/div><\/section><\/p><\/div>\n","protected":false},"excerpt":{"rendered":"<p>Impressum der isee newmedia GmbH &#8211; Vistano<\/p>\n","protected":false},"author":3,"featured_media":3226,"parent":0,"menu_order":0,"comment_status":"closed","ping_status":"open","template":"","meta":{"footnotes":""},"class_list":["post-2272","page","type-page","status-publish","has-post-thumbnail","hentry"],"yoast_head":"<!-- This site is optimized with the Yoast SEO plugin v26.0 - https:\/\/yoast.com\/wordpress\/plugins\/seo\/ -->\n<title>Impressum &#187; Tierheilkunde<\/title>\n<meta name=\"description\" content=\"Impressum der isee newmedia GmbH - Vistano\" \/>\n<meta name=\"robots\" content=\"noindex, nofollow\" \/>\n<meta property=\"og:locale\" content=\"de_DE\" \/>\n<meta property=\"og:type\" content=\"article\" \/>\n<meta property=\"og:title\" content=\"Impressum &#187; Tierheilkunde\" \/>\n<meta property=\"og:description\" content=\"Impressum der isee newmedia GmbH - Vistano\" \/>\n<meta property=\"og:url\" content=\"https:\/\/gesundheitsberatung.com\/tierheilkunde\/impressum\/\" \/>\n<meta property=\"og:site_name\" content=\"Tierheilkunde\" \/>\n<meta property=\"article:publisher\" content=\"https:\/\/www.facebook.com\/tierheilkunde\/\" \/>\n<meta property=\"article:modified_time\" content=\"2025-07-03T01:16:29+00:00\" \/>\n<meta property=\"og:image\" content=\"https:\/\/gesundheitsberatung.com\/tierheilkunde\/wp-content\/uploads\/sites\/5\/impressum.jpg\" \/>\n\t<meta property=\"og:image:width\" content=\"300\" \/>\n\t<meta property=\"og:image:height\" content=\"300\" \/>\n\t<meta property=\"og:image:type\" content=\"image\/jpeg\" \/>\n<meta name=\"twitter:card\" content=\"summary_large_image\" \/>\n<meta name=\"twitter:site\" content=\"@Vistano\" \/>\n<script type=\"application\/ld+json\" class=\"yoast-schema-graph\">{\"@context\":\"https:\/\/schema.org\",\"@graph\":[{\"@type\":\"WebPage\",\"@id\":\"https:\/\/gesundheitsberatung.com\/tierheilkunde\/impressum\/\",\"url\":\"https:\/\/gesundheitsberatung.com\/tierheilkunde\/impressum\/\",\"name\":\"Impressum &#187; Tierheilkunde\",\"isPartOf\":{\"@id\":\"https:\/\/gesundheitsberatung.com\/tierheilkunde\/#website\"},\"primaryImageOfPage\":{\"@id\":\"https:\/\/gesundheitsberatung.com\/tierheilkunde\/impressum\/#primaryimage\"},\"image\":{\"@id\":\"https:\/\/gesundheitsberatung.com\/tierheilkunde\/impressum\/#primaryimage\"},\"thumbnailUrl\":\"https:\/\/gesundheitsberatung.com\/tierheilkunde\/wp-content\/uploads\/sites\/5\/impressum.jpg\",\"datePublished\":\"2013-05-17T19:34:39+00:00\",\"dateModified\":\"2025-07-03T01:16:29+00:00\",\"description\":\"Impressum der isee newmedia GmbH - Vistano\",\"breadcrumb\":{\"@id\":\"https:\/\/gesundheitsberatung.com\/tierheilkunde\/impressum\/#breadcrumb\"},\"inLanguage\":\"de\",\"potentialAction\":[{\"@type\":\"ReadAction\",\"target\":[\"https:\/\/gesundheitsberatung.com\/tierheilkunde\/impressum\/\"]}]},{\"@type\":\"ImageObject\",\"inLanguage\":\"de\",\"@id\":\"https:\/\/gesundheitsberatung.com\/tierheilkunde\/impressum\/#primaryimage\",\"url\":\"https:\/\/gesundheitsberatung.com\/tierheilkunde\/wp-content\/uploads\/sites\/5\/impressum.jpg\",\"contentUrl\":\"https:\/\/gesundheitsberatung.com\/tierheilkunde\/wp-content\/uploads\/sites\/5\/impressum.jpg\",\"width\":300,\"height\":300,\"caption\":\"Impressum\"},{\"@type\":\"BreadcrumbList\",\"@id\":\"https:\/\/gesundheitsberatung.com\/tierheilkunde\/impressum\/#breadcrumb\",\"itemListElement\":[{\"@type\":\"ListItem\",\"position\":1,\"name\":\"Home\",\"item\":\"https:\/\/gesundheitsberatung.com\/tierheilkunde\/\"},{\"@type\":\"ListItem\",\"position\":2,\"name\":\"Impressum\"}]},{\"@type\":\"WebSite\",\"@id\":\"https:\/\/gesundheitsberatung.com\/tierheilkunde\/#website\",\"url\":\"https:\/\/gesundheitsberatung.com\/tierheilkunde\/\",\"name\":\"Tierheilkunde\",\"description\":\"Tierheilkunde \u260e Beratung f\u00fcr Nutz- &amp; Haustiere! Jetzt Gratis-Beratung sichern: \u2714 Tier\u00e4rzte \u2714 Tier-Heilpraktiker \u2714 Tier-Hom\u00f6opathen \u2714 Tiertrainer \u2714 Verhaltensberater \u2714 Tier-Psychologen bei Vistano Tierheilkunde.\",\"potentialAction\":[{\"@type\":\"SearchAction\",\"target\":{\"@type\":\"EntryPoint\",\"urlTemplate\":\"https:\/\/gesundheitsberatung.com\/tierheilkunde\/?s={search_term_string}\"},\"query-input\":{\"@type\":\"PropertyValueSpecification\",\"valueRequired\":true,\"valueName\":\"search_term_string\"}}],\"inLanguage\":\"de\"}]}<\/script>\n<!-- \/ Yoast SEO plugin. -->","yoast_head_json":{"title":"Impressum &#187; Tierheilkunde","description":"Impressum der isee newmedia GmbH - Vistano","robots":{"index":"noindex","follow":"nofollow"},"og_locale":"de_DE","og_type":"article","og_title":"Impressum &#187; Tierheilkunde","og_description":"Impressum der isee newmedia GmbH - Vistano","og_url":"https:\/\/gesundheitsberatung.com\/tierheilkunde\/impressum\/","og_site_name":"Tierheilkunde","article_publisher":"https:\/\/www.facebook.com\/tierheilkunde\/","article_modified_time":"2025-07-03T01:16:29+00:00","og_image":[{"width":300,"height":300,"url":"https:\/\/gesundheitsberatung.com\/tierheilkunde\/wp-content\/uploads\/sites\/5\/impressum.jpg","type":"image\/jpeg"}],"twitter_card":"summary_large_image","twitter_site":"@Vistano","schema":{"@context":"https:\/\/schema.org","@graph":[{"@type":"WebPage","@id":"https:\/\/gesundheitsberatung.com\/tierheilkunde\/impressum\/","url":"https:\/\/gesundheitsberatung.com\/tierheilkunde\/impressum\/","name":"Impressum &#187; Tierheilkunde","isPartOf":{"@id":"https:\/\/gesundheitsberatung.com\/tierheilkunde\/#website"},"primaryImageOfPage":{"@id":"https:\/\/gesundheitsberatung.com\/tierheilkunde\/impressum\/#primaryimage"},"image":{"@id":"https:\/\/gesundheitsberatung.com\/tierheilkunde\/impressum\/#primaryimage"},"thumbnailUrl":"https:\/\/gesundheitsberatung.com\/tierheilkunde\/wp-content\/uploads\/sites\/5\/impressum.jpg","datePublished":"2013-05-17T19:34:39+00:00","dateModified":"2025-07-03T01:16:29+00:00","description":"Impressum der isee newmedia GmbH - Vistano","breadcrumb":{"@id":"https:\/\/gesundheitsberatung.com\/tierheilkunde\/impressum\/#breadcrumb"},"inLanguage":"de","potentialAction":[{"@type":"ReadAction","target":["https:\/\/gesundheitsberatung.com\/tierheilkunde\/impressum\/"]}]},{"@type":"ImageObject","inLanguage":"de","@id":"https:\/\/gesundheitsberatung.com\/tierheilkunde\/impressum\/#primaryimage","url":"https:\/\/gesundheitsberatung.com\/tierheilkunde\/wp-content\/uploads\/sites\/5\/impressum.jpg","contentUrl":"https:\/\/gesundheitsberatung.com\/tierheilkunde\/wp-content\/uploads\/sites\/5\/impressum.jpg","width":300,"height":300,"caption":"Impressum"},{"@type":"BreadcrumbList","@id":"https:\/\/gesundheitsberatung.com\/tierheilkunde\/impressum\/#breadcrumb","itemListElement":[{"@type":"ListItem","position":1,"name":"Home","item":"https:\/\/gesundheitsberatung.com\/tierheilkunde\/"},{"@type":"ListItem","position":2,"name":"Impressum"}]},{"@type":"WebSite","@id":"https:\/\/gesundheitsberatung.com\/tierheilkunde\/#website","url":"https:\/\/gesundheitsberatung.com\/tierheilkunde\/","name":"Tierheilkunde","description":"Tierheilkunde \u260e Beratung f\u00fcr Nutz- &amp; Haustiere! Jetzt Gratis-Beratung sichern: \u2714 Tier\u00e4rzte \u2714 Tier-Heilpraktiker \u2714 Tier-Hom\u00f6opathen \u2714 Tiertrainer \u2714 Verhaltensberater \u2714 Tier-Psychologen bei Vistano Tierheilkunde.","potentialAction":[{"@type":"SearchAction","target":{"@type":"EntryPoint","urlTemplate":"https:\/\/gesundheitsberatung.com\/tierheilkunde\/?s={search_term_string}"},"query-input":{"@type":"PropertyValueSpecification","valueRequired":true,"valueName":"search_term_string"}}],"inLanguage":"de"}]}},"_links":{"self":[{"href":"https:\/\/gesundheitsberatung.com\/tierheilkunde\/wp-json\/wp\/v2\/pages\/2272","targetHints":{"allow":["GET"]}}],"collection":[{"href":"https:\/\/gesundheitsberatung.com\/tierheilkunde\/wp-json\/wp\/v2\/pages"}],"about":[{"href":"https:\/\/gesundheitsberatung.com\/tierheilkunde\/wp-json\/wp\/v2\/types\/page"}],"author":[{"embeddable":true,"href":"https:\/\/gesundheitsberatung.com\/tierheilkunde\/wp-json\/wp\/v2\/users\/3"}],"replies":[{"embeddable":true,"href":"https:\/\/gesundheitsberatung.com\/tierheilkunde\/wp-json\/wp\/v2\/comments?post=2272"}],"version-history":[{"count":0,"href":"https:\/\/gesundheitsberatung.com\/tierheilkunde\/wp-json\/wp\/v2\/pages\/2272\/revisions"}],"wp:featuredmedia":[{"embeddable":true,"href":"https:\/\/gesundheitsberatung.com\/tierheilkunde\/wp-json\/wp\/v2\/media\/3226"}],"wp:attachment":[{"href":"https:\/\/gesundheitsberatung.com\/tierheilkunde\/wp-json\/wp\/v2\/media?parent=2272"}],"curies":[{"name":"wp","href":"https:\/\/api.w.org\/{rel}","templated":true}]}}