{"id":381994,"date":"2025-10-16T16:16:06","date_gmt":"2025-10-16T14:16:06","guid":{"rendered":"https:\/\/gesundheitsberatung.com\/psychologie\/?post_type=product&#038;p=381994"},"modified":"2025-12-07T19:12:03","modified_gmt":"2025-12-07T18:12:03","slug":"p-aerts","status":"publish","type":"product","link":"https:\/\/gesundheitsberatung.com\/psychologie\/online-beratung\/heilpraktiker-fuer-psychotherapie\/p-aerts\/","title":{"rendered":"P. Aerts"},"content":{"rendered":"<p>Ich coache und berate Sie ganzheitlich bei allen schwierigen Lebenslagen. Auch wenn sie sich in Ihrem Umfeld nicht wirklich wahrgenommen f\u00fchlen, begleite ich Sie l\u00f6sungsorientiert. Manchmal braucht man nur eine neue Sichtweise. Meine Beratungen sind pragmatisch und einf\u00fchlsam ausgerichtet, ohne dabei weitschweifig  oder zu akademisch zu werden. Anders gesagt: menschlich und einf\u00fchlsam. Auch bei akuten Herausforderungen des Alltags oder Beziehungskrisen, biete ich gerne eine Hilfestellung. <span class=\"display_none\">6676<\/span><\/p>\n","protected":false},"excerpt":{"rendered":"<p>Befinden Sie sich momentan in einer Sackgasse? Sie haben das Gef\u00fchl nicht weiter zu kommen? Ich helfe Ihnen gerne bei schwierigen Lebensabschnitten.<\/p>\n","protected":false},"featured_media":382002,"comment_status":"closed","ping_status":"closed","template":"","meta":[],"product_cat":[],"product_tag":[],"class_list":["post-381994","product","type-product","status-publish","has-post-thumbnail","hentry","online_berater-heilpraktiker-fuer-psychotherapie"],"yoast_head":"<!-- This site is optimized with the Yoast SEO plugin v26.0 - https:\/\/yoast.com\/wordpress\/plugins\/seo\/ -->\n<title>P. Aerts &#187; Heilpraktiker f\u00fcr Psychotherapie &#187; Vistano \u260e Beratung<\/title>\n<meta name=\"description\" content=\"Vistano Heilpraktiker f\u00fcr Psychotherapie &#187; Befinden Sie sich momentan in einer Sackgasse? Sie haben das Gef\u00fchl nicht weiter zu kommen? Ich helfe Ihnen gerne bei schwierigen Lebensabschnitten.\" \/>\n<meta name=\"robots\" content=\"index, follow, max-snippet:-1, max-image-preview:large, max-video-preview:-1\" \/>\n<link rel=\"canonical\" href=\"https:\/\/gesundheitsberatung.com\/psychologie\/online-beratung\/heilpraktiker-fuer-psychotherapie\/p-aerts\/\" \/>\n<meta property=\"og:locale\" content=\"de_DE\" \/>\n<meta property=\"og:type\" content=\"article\" \/>\n<meta property=\"og:title\" content=\"P. Aerts &#187; Heilpraktiker f\u00fcr Psychotherapie &#187; Vistano \u260e Beratung\" \/>\n<meta property=\"og:description\" content=\"Vistano Heilpraktiker f\u00fcr Psychotherapie &#187; Befinden Sie sich momentan in einer Sackgasse? Sie haben das Gef\u00fchl nicht weiter zu kommen? Ich helfe Ihnen gerne bei schwierigen Lebensabschnitten.\" \/>\n<meta property=\"og:url\" content=\"https:\/\/gesundheitsberatung.com\/psychologie\/online-beratung\/heilpraktiker-fuer-psychotherapie\/p-aerts\/\" \/>\n<meta property=\"og:site_name\" content=\"Psychologie\" \/>\n<meta property=\"article:publisher\" content=\"https:\/\/www.facebook.com\/psychologie\/\" \/>\n<meta property=\"article:modified_time\" content=\"2025-12-07T18:12:03+00:00\" \/>\n<meta property=\"og:image\" content=\"https:\/\/gesundheitsberatung.com\/psychologie\/wp-content\/uploads\/sites\/2\/p-aerts-heilpraktiker-f-r-psychotherapie-vistano-berater-id-6676.jpg\" \/>\n\t<meta property=\"og:image:width\" content=\"1\" \/>\n\t<meta property=\"og:image:height\" content=\"1\" \/>\n\t<meta property=\"og:image:type\" content=\"image\/jpeg\" \/>\n<meta name=\"twitter:card\" content=\"summary_large_image\" \/>\n<meta name=\"twitter:site\" content=\"@Vistano\" \/>\n<script type=\"application\/ld+json\" class=\"yoast-schema-graph\">{\"@context\":\"https:\/\/schema.org\",\"@graph\":[{\"@type\":\"WebPage\",\"@id\":\"https:\/\/gesundheitsberatung.com\/psychologie\/online-beratung\/heilpraktiker-fuer-psychotherapie\/p-aerts\/\",\"url\":\"https:\/\/gesundheitsberatung.com\/psychologie\/online-beratung\/heilpraktiker-fuer-psychotherapie\/p-aerts\/\",\"name\":\"P. Aerts &#187; Heilpraktiker f\u00fcr Psychotherapie &#187; Vistano \u260e Beratung\",\"isPartOf\":{\"@id\":\"https:\/\/gesundheitsberatung.com\/psychologie\/#website\"},\"primaryImageOfPage\":{\"@id\":\"https:\/\/gesundheitsberatung.com\/psychologie\/online-beratung\/heilpraktiker-fuer-psychotherapie\/p-aerts\/#primaryimage\"},\"image\":{\"@id\":\"https:\/\/gesundheitsberatung.com\/psychologie\/online-beratung\/heilpraktiker-fuer-psychotherapie\/p-aerts\/#primaryimage\"},\"thumbnailUrl\":\"https:\/\/gesundheitsberatung.com\/psychologie\/wp-content\/uploads\/sites\/2\/p-aerts-heilpraktiker-f-r-psychotherapie-vistano-berater-id-6676.jpg\",\"datePublished\":\"2025-10-16T14:16:06+00:00\",\"dateModified\":\"2025-12-07T18:12:03+00:00\",\"description\":\"Vistano Heilpraktiker f\u00fcr Psychotherapie &#187; Befinden Sie sich momentan in einer Sackgasse? Sie haben das Gef\u00fchl nicht weiter zu kommen? Ich helfe Ihnen gerne bei schwierigen Lebensabschnitten.\",\"breadcrumb\":{\"@id\":\"https:\/\/gesundheitsberatung.com\/psychologie\/online-beratung\/heilpraktiker-fuer-psychotherapie\/p-aerts\/#breadcrumb\"},\"inLanguage\":\"de\",\"potentialAction\":[{\"@type\":\"ReadAction\",\"target\":[\"https:\/\/gesundheitsberatung.com\/psychologie\/online-beratung\/heilpraktiker-fuer-psychotherapie\/p-aerts\/\"]}]},{\"@type\":\"ImageObject\",\"inLanguage\":\"de\",\"@id\":\"https:\/\/gesundheitsberatung.com\/psychologie\/online-beratung\/heilpraktiker-fuer-psychotherapie\/p-aerts\/#primaryimage\",\"url\":\"https:\/\/gesundheitsberatung.com\/psychologie\/wp-content\/uploads\/sites\/2\/p-aerts-heilpraktiker-f-r-psychotherapie-vistano-berater-id-6676.jpg\",\"contentUrl\":\"https:\/\/gesundheitsberatung.com\/psychologie\/wp-content\/uploads\/sites\/2\/p-aerts-heilpraktiker-f-r-psychotherapie-vistano-berater-id-6676.jpg\",\"width\":897,\"height\":897,\"caption\":\"Heilpraktiker f\u00fcr Psychotherapie P. Aerts - Berater-ID: 6676\"},{\"@type\":\"BreadcrumbList\",\"@id\":\"https:\/\/gesundheitsberatung.com\/psychologie\/online-beratung\/heilpraktiker-fuer-psychotherapie\/p-aerts\/#breadcrumb\",\"itemListElement\":[{\"@type\":\"ListItem\",\"position\":1,\"name\":\"Home\",\"item\":\"https:\/\/gesundheitsberatung.com\/psychologie\/\"},{\"@type\":\"ListItem\",\"position\":2,\"name\":\"Produkte\",\"item\":\"https:\/\/gesundheitsberatung.com\/psychologie\/shop\/\"},{\"@type\":\"ListItem\",\"position\":3,\"name\":\"Online Beratung\",\"item\":\"https:\/\/gesundheitsberatung.com\/psychologie\/online_berater\/online-beratung\/\"},{\"@type\":\"ListItem\",\"position\":4,\"name\":\"Heilpraktiker f\u00fcr Psychotherapie\",\"item\":\"https:\/\/gesundheitsberatung.com\/psychologie\/online_berater\/heilpraktiker-fuer-psychotherapie\/\"},{\"@type\":\"ListItem\",\"position\":5,\"name\":\"P. Aerts\"}]},{\"@type\":\"WebSite\",\"@id\":\"https:\/\/gesundheitsberatung.com\/psychologie\/#website\",\"url\":\"https:\/\/gesundheitsberatung.com\/psychologie\/\",\"name\":\"Psychologie\",\"description\":\"Psychologie \u260e Beratung durch Psychologen! Jetzt Gratis-Beratung sichern: \u2714 Diplom Psychologen \u2714 Heilpraktiker f\u00fcr Psychotherapie \u2714 Psychotherapeuten \u2714 Psychologische Berater bei Vistano Psychologie.\",\"potentialAction\":[{\"@type\":\"SearchAction\",\"target\":{\"@type\":\"EntryPoint\",\"urlTemplate\":\"https:\/\/gesundheitsberatung.com\/psychologie\/?s={search_term_string}\"},\"query-input\":{\"@type\":\"PropertyValueSpecification\",\"valueRequired\":true,\"valueName\":\"search_term_string\"}}],\"inLanguage\":\"de\"}]}<\/script>\n<!-- \/ Yoast SEO plugin. -->","yoast_head_json":{"title":"P. Aerts &#187; Heilpraktiker f\u00fcr Psychotherapie &#187; Vistano \u260e Beratung","description":"Vistano Heilpraktiker f\u00fcr Psychotherapie &#187; Befinden Sie sich momentan in einer Sackgasse? Sie haben das Gef\u00fchl nicht weiter zu kommen? Ich helfe Ihnen gerne bei schwierigen Lebensabschnitten.","robots":{"index":"index","follow":"follow","max-snippet":"max-snippet:-1","max-image-preview":"max-image-preview:large","max-video-preview":"max-video-preview:-1"},"canonical":"https:\/\/gesundheitsberatung.com\/psychologie\/online-beratung\/heilpraktiker-fuer-psychotherapie\/p-aerts\/","og_locale":"de_DE","og_type":"article","og_title":"P. Aerts &#187; Heilpraktiker f\u00fcr Psychotherapie &#187; Vistano \u260e Beratung","og_description":"Vistano Heilpraktiker f\u00fcr Psychotherapie &#187; Befinden Sie sich momentan in einer Sackgasse? Sie haben das Gef\u00fchl nicht weiter zu kommen? Ich helfe Ihnen gerne bei schwierigen Lebensabschnitten.","og_url":"https:\/\/gesundheitsberatung.com\/psychologie\/online-beratung\/heilpraktiker-fuer-psychotherapie\/p-aerts\/","og_site_name":"Psychologie","article_publisher":"https:\/\/www.facebook.com\/psychologie\/","article_modified_time":"2025-12-07T18:12:03+00:00","og_image":[{"url":"https:\/\/gesundheitsberatung.com\/psychologie\/wp-content\/uploads\/sites\/2\/p-aerts-heilpraktiker-f-r-psychotherapie-vistano-berater-id-6676.jpg","width":1,"height":1,"type":"image\/jpeg"}],"twitter_card":"summary_large_image","twitter_site":"@Vistano","schema":{"@context":"https:\/\/schema.org","@graph":[{"@type":"WebPage","@id":"https:\/\/gesundheitsberatung.com\/psychologie\/online-beratung\/heilpraktiker-fuer-psychotherapie\/p-aerts\/","url":"https:\/\/gesundheitsberatung.com\/psychologie\/online-beratung\/heilpraktiker-fuer-psychotherapie\/p-aerts\/","name":"P. Aerts &#187; Heilpraktiker f\u00fcr Psychotherapie &#187; Vistano \u260e Beratung","isPartOf":{"@id":"https:\/\/gesundheitsberatung.com\/psychologie\/#website"},"primaryImageOfPage":{"@id":"https:\/\/gesundheitsberatung.com\/psychologie\/online-beratung\/heilpraktiker-fuer-psychotherapie\/p-aerts\/#primaryimage"},"image":{"@id":"https:\/\/gesundheitsberatung.com\/psychologie\/online-beratung\/heilpraktiker-fuer-psychotherapie\/p-aerts\/#primaryimage"},"thumbnailUrl":"https:\/\/gesundheitsberatung.com\/psychologie\/wp-content\/uploads\/sites\/2\/p-aerts-heilpraktiker-f-r-psychotherapie-vistano-berater-id-6676.jpg","datePublished":"2025-10-16T14:16:06+00:00","dateModified":"2025-12-07T18:12:03+00:00","description":"Vistano Heilpraktiker f\u00fcr Psychotherapie &#187; Befinden Sie sich momentan in einer Sackgasse? Sie haben das Gef\u00fchl nicht weiter zu kommen? Ich helfe Ihnen gerne bei schwierigen Lebensabschnitten.","breadcrumb":{"@id":"https:\/\/gesundheitsberatung.com\/psychologie\/online-beratung\/heilpraktiker-fuer-psychotherapie\/p-aerts\/#breadcrumb"},"inLanguage":"de","potentialAction":[{"@type":"ReadAction","target":["https:\/\/gesundheitsberatung.com\/psychologie\/online-beratung\/heilpraktiker-fuer-psychotherapie\/p-aerts\/"]}]},{"@type":"ImageObject","inLanguage":"de","@id":"https:\/\/gesundheitsberatung.com\/psychologie\/online-beratung\/heilpraktiker-fuer-psychotherapie\/p-aerts\/#primaryimage","url":"https:\/\/gesundheitsberatung.com\/psychologie\/wp-content\/uploads\/sites\/2\/p-aerts-heilpraktiker-f-r-psychotherapie-vistano-berater-id-6676.jpg","contentUrl":"https:\/\/gesundheitsberatung.com\/psychologie\/wp-content\/uploads\/sites\/2\/p-aerts-heilpraktiker-f-r-psychotherapie-vistano-berater-id-6676.jpg","width":897,"height":897,"caption":"Heilpraktiker f\u00fcr Psychotherapie P. Aerts - Berater-ID: 6676"},{"@type":"BreadcrumbList","@id":"https:\/\/gesundheitsberatung.com\/psychologie\/online-beratung\/heilpraktiker-fuer-psychotherapie\/p-aerts\/#breadcrumb","itemListElement":[{"@type":"ListItem","position":1,"name":"Home","item":"https:\/\/gesundheitsberatung.com\/psychologie\/"},{"@type":"ListItem","position":2,"name":"Produkte","item":"https:\/\/gesundheitsberatung.com\/psychologie\/shop\/"},{"@type":"ListItem","position":3,"name":"Online Beratung","item":"https:\/\/gesundheitsberatung.com\/psychologie\/online_berater\/online-beratung\/"},{"@type":"ListItem","position":4,"name":"Heilpraktiker f\u00fcr Psychotherapie","item":"https:\/\/gesundheitsberatung.com\/psychologie\/online_berater\/heilpraktiker-fuer-psychotherapie\/"},{"@type":"ListItem","position":5,"name":"P. Aerts"}]},{"@type":"WebSite","@id":"https:\/\/gesundheitsberatung.com\/psychologie\/#website","url":"https:\/\/gesundheitsberatung.com\/psychologie\/","name":"Psychologie","description":"Psychologie \u260e Beratung durch Psychologen! Jetzt Gratis-Beratung sichern: \u2714 Diplom Psychologen \u2714 Heilpraktiker f\u00fcr Psychotherapie \u2714 Psychotherapeuten \u2714 Psychologische Berater bei Vistano Psychologie.","potentialAction":[{"@type":"SearchAction","target":{"@type":"EntryPoint","urlTemplate":"https:\/\/gesundheitsberatung.com\/psychologie\/?s={search_term_string}"},"query-input":{"@type":"PropertyValueSpecification","valueRequired":true,"valueName":"search_term_string"}}],"inLanguage":"de"}]}},"_links":{"self":[{"href":"https:\/\/gesundheitsberatung.com\/psychologie\/wp-json\/wp\/v2\/product\/381994","targetHints":{"allow":["GET"]}}],"collection":[{"href":"https:\/\/gesundheitsberatung.com\/psychologie\/wp-json\/wp\/v2\/product"}],"about":[{"href":"https:\/\/gesundheitsberatung.com\/psychologie\/wp-json\/wp\/v2\/types\/product"}],"replies":[{"embeddable":true,"href":"https:\/\/gesundheitsberatung.com\/psychologie\/wp-json\/wp\/v2\/comments?post=381994"}],"wp:featuredmedia":[{"embeddable":true,"href":"https:\/\/gesundheitsberatung.com\/psychologie\/wp-json\/wp\/v2\/media\/382002"}],"wp:attachment":[{"href":"https:\/\/gesundheitsberatung.com\/psychologie\/wp-json\/wp\/v2\/media?parent=381994"}],"wp:term":[{"taxonomy":"product_cat","embeddable":true,"href":"https:\/\/gesundheitsberatung.com\/psychologie\/wp-json\/wp\/v2\/product_cat?post=381994"},{"taxonomy":"product_tag","embeddable":true,"href":"https:\/\/gesundheitsberatung.com\/psychologie\/wp-json\/wp\/v2\/product_tag?post=381994"}],"curies":[{"name":"wp","href":"https:\/\/api.w.org\/{rel}","templated":true}]}}