{"id":26841,"date":"2021-06-24T19:11:15","date_gmt":"2021-06-24T17:11:15","guid":{"rendered":"https:\/\/gesundheitsberatung.com\/psychologie\/?post_type=product&#038;p=26841"},"modified":"2021-07-26T10:11:02","modified_gmt":"2021-07-26T08:11:02","slug":"a-van-den-bergh","status":"publish","type":"product","link":"https:\/\/gesundheitsberatung.com\/psychologie\/online-beratung\/heilpraktiker-fuer-psychotherapie\/a-van-den-bergh\/","title":{"rendered":"A. Van Den Bergh"},"content":{"rendered":"<p><span class=\"hinweis_text_single_berater\">Gerne mit Termin! Beziehungen, Berufliche Neuorientierung, Entscheidungsfindung!<\/span><\/p>\n<p>Auf einmal steht man im Gewitter. Man f\u00fchlt sich ungesch\u00fctzt, verwirrt und ohnm\u00e4chtig, wenn die Krise in Form von Trennungen, Mobbing oder allgemeiner Unzufriedenheit in unser Leben Einzug h\u00e4lt. Der innere Kompass, nach dem wir bisher unser Leben ausgerichtet hatten, wird auf einmal wirkungslos. Unsere Versuche, die alten Wege neu zu gehen, f\u00fchlen sich sinnlos und entfremdet an. Neue Wege machen uns Angst oder scheinen noch gar nicht vorstellbar.<br \/>\nTrauer, Wut und Verzweiflung gehen meist mit starken Selbstzweifeln einher. Wir laufen Gefahr, uns in unseren Emotionen oder in den fremdbestimmten Erwartungen Anderer zu verlieren. <\/p>\n<p>Und doch hat Alles seinen Sinn! <\/p>\n<p>Ein Gespr\u00e4ch mit mir als kompetenter Gespr\u00e4chspartnerin, wird Ihnen zun\u00e4chst einmal erm\u00f6glichen, Ihre Situation anzunehmen. Alles ist menschlich. Die Krise hat immer einen Grund. Unsere gemeinsame Analyse der krisenhaft erlebten Phase hilft Ihnen, die Situation wertungsfrei und angstfrei anzuschauen. So bekommen Sie wieder einen festeren Boden unter die F\u00fc\u00dfe. Damit bekommt alles um Sie herum seinen Platz. Die Situation ist endlich \u00fcberschaubar. <\/p>\n<p>Mit diesem klaren Blick verlieren Sie das Gef\u00fchl der \u00dcberforderung. Ihr neuer Standpunkt f\u00fchrt zu innerer Stabilit\u00e4t. Damit w\u00e4chst die Energie, nun mit dem \u201eAufr\u00e4umen\u201c zu beginnen. Das geht vermutlich nicht, ohne zuvor Entscheidungen zu treffen. Doch es sind dann IHRE Entscheidungen. Und die f\u00fchren Sie zu IHREM authentischen Weg. Die Krise ist zur Chance geworden \u2026<\/p>\n<p><span class=\"display_none\">6469<\/span><\/p>\n","protected":false},"excerpt":{"rendered":"<p>Ein klarer Standpunkt zeigt den Weg. Mein wertsch\u00e4tzend gef\u00fchrtes Gespr\u00e4ch hilft Ihnen, im emotionalen Chaos der Krise Ordnung zu schaffen.<\/p>\n","protected":false},"featured_media":26850,"comment_status":"open","ping_status":"closed","template":"","meta":[],"product_cat":[],"product_tag":[],"class_list":["post-26841","product","type-product","status-publish","has-post-thumbnail","hentry","online_berater-heilpraktiker-fuer-psychotherapie"],"yoast_head":"<!-- This site is optimized with the Yoast SEO plugin v26.0 - https:\/\/yoast.com\/wordpress\/plugins\/seo\/ -->\n<title>A. Van Den Bergh &#187; Heilpraktiker f\u00fcr Psychotherapie &#187; Vistano \u260e Beratung<\/title>\n<meta name=\"description\" content=\"Vistano Heilpraktiker f\u00fcr Psychotherapie &#187; Ein klarer Standpunkt zeigt den Weg. Mein wertsch\u00e4tzend gef\u00fchrtes Gespr\u00e4ch hilft Ihnen, im emotionalen Chaos der Krise Ordnung zu schaffen.\" \/>\n<meta name=\"robots\" content=\"index, follow, max-snippet:-1, max-image-preview:large, max-video-preview:-1\" \/>\n<link rel=\"canonical\" href=\"https:\/\/gesundheitsberatung.com\/psychologie\/online-beratung\/heilpraktiker-fuer-psychotherapie\/a-van-den-bergh\/\" \/>\n<meta property=\"og:locale\" content=\"de_DE\" \/>\n<meta property=\"og:type\" content=\"article\" \/>\n<meta property=\"og:title\" content=\"A. Van Den Bergh &#187; Heilpraktiker f\u00fcr Psychotherapie &#187; Vistano \u260e Beratung\" \/>\n<meta property=\"og:description\" content=\"Vistano Heilpraktiker f\u00fcr Psychotherapie &#187; Ein klarer Standpunkt zeigt den Weg. Mein wertsch\u00e4tzend gef\u00fchrtes Gespr\u00e4ch hilft Ihnen, im emotionalen Chaos der Krise Ordnung zu schaffen.\" \/>\n<meta property=\"og:url\" content=\"https:\/\/gesundheitsberatung.com\/psychologie\/online-beratung\/heilpraktiker-fuer-psychotherapie\/a-van-den-bergh\/\" \/>\n<meta property=\"og:site_name\" content=\"Psychologie\" \/>\n<meta property=\"article:publisher\" content=\"https:\/\/www.facebook.com\/psychologie\/\" \/>\n<meta property=\"article:modified_time\" content=\"2021-07-26T08:11:02+00:00\" \/>\n<meta property=\"og:image\" content=\"https:\/\/gesundheitsberatung.com\/psychologie\/wp-content\/uploads\/sites\/2\/a-van-den-bergh-heilpraktiker-f-r-psychotherapie-vistano-berater-id-6469.jpg\" \/>\n\t<meta property=\"og:image:width\" content=\"800\" \/>\n\t<meta property=\"og:image:height\" content=\"800\" \/>\n\t<meta property=\"og:image:type\" content=\"image\/jpeg\" \/>\n<meta name=\"twitter:card\" content=\"summary_large_image\" \/>\n<meta name=\"twitter:site\" content=\"@Vistano\" \/>\n<script type=\"application\/ld+json\" class=\"yoast-schema-graph\">{\"@context\":\"https:\/\/schema.org\",\"@graph\":[{\"@type\":\"WebPage\",\"@id\":\"https:\/\/gesundheitsberatung.com\/psychologie\/online-beratung\/heilpraktiker-fuer-psychotherapie\/a-van-den-bergh\/\",\"url\":\"https:\/\/gesundheitsberatung.com\/psychologie\/online-beratung\/heilpraktiker-fuer-psychotherapie\/a-van-den-bergh\/\",\"name\":\"A. Van Den Bergh &#187; Heilpraktiker f\u00fcr Psychotherapie &#187; Vistano \u260e Beratung\",\"isPartOf\":{\"@id\":\"https:\/\/gesundheitsberatung.com\/psychologie\/#website\"},\"primaryImageOfPage\":{\"@id\":\"https:\/\/gesundheitsberatung.com\/psychologie\/online-beratung\/heilpraktiker-fuer-psychotherapie\/a-van-den-bergh\/#primaryimage\"},\"image\":{\"@id\":\"https:\/\/gesundheitsberatung.com\/psychologie\/online-beratung\/heilpraktiker-fuer-psychotherapie\/a-van-den-bergh\/#primaryimage\"},\"thumbnailUrl\":\"https:\/\/gesundheitsberatung.com\/psychologie\/wp-content\/uploads\/sites\/2\/a-van-den-bergh-heilpraktiker-f-r-psychotherapie-vistano-berater-id-6469.jpg\",\"datePublished\":\"2021-06-24T17:11:15+00:00\",\"dateModified\":\"2021-07-26T08:11:02+00:00\",\"description\":\"Vistano Heilpraktiker f\u00fcr Psychotherapie &#187; Ein klarer Standpunkt zeigt den Weg. Mein wertsch\u00e4tzend gef\u00fchrtes Gespr\u00e4ch hilft Ihnen, im emotionalen Chaos der Krise Ordnung zu schaffen.\",\"breadcrumb\":{\"@id\":\"https:\/\/gesundheitsberatung.com\/psychologie\/online-beratung\/heilpraktiker-fuer-psychotherapie\/a-van-den-bergh\/#breadcrumb\"},\"inLanguage\":\"de\",\"potentialAction\":[{\"@type\":\"ReadAction\",\"target\":[\"https:\/\/gesundheitsberatung.com\/psychologie\/online-beratung\/heilpraktiker-fuer-psychotherapie\/a-van-den-bergh\/\"]}]},{\"@type\":\"ImageObject\",\"inLanguage\":\"de\",\"@id\":\"https:\/\/gesundheitsberatung.com\/psychologie\/online-beratung\/heilpraktiker-fuer-psychotherapie\/a-van-den-bergh\/#primaryimage\",\"url\":\"https:\/\/gesundheitsberatung.com\/psychologie\/wp-content\/uploads\/sites\/2\/a-van-den-bergh-heilpraktiker-f-r-psychotherapie-vistano-berater-id-6469.jpg\",\"contentUrl\":\"https:\/\/gesundheitsberatung.com\/psychologie\/wp-content\/uploads\/sites\/2\/a-van-den-bergh-heilpraktiker-f-r-psychotherapie-vistano-berater-id-6469.jpg\",\"width\":800,\"height\":800,\"caption\":\"Heilpraktiker f\u00fcr Psychotherapie A. Van Den Bergh - Berater-ID: 6469\"},{\"@type\":\"BreadcrumbList\",\"@id\":\"https:\/\/gesundheitsberatung.com\/psychologie\/online-beratung\/heilpraktiker-fuer-psychotherapie\/a-van-den-bergh\/#breadcrumb\",\"itemListElement\":[{\"@type\":\"ListItem\",\"position\":1,\"name\":\"Home\",\"item\":\"https:\/\/gesundheitsberatung.com\/psychologie\/\"},{\"@type\":\"ListItem\",\"position\":2,\"name\":\"Produkte\",\"item\":\"https:\/\/gesundheitsberatung.com\/psychologie\/shop\/\"},{\"@type\":\"ListItem\",\"position\":3,\"name\":\"Online Beratung\",\"item\":\"https:\/\/gesundheitsberatung.com\/psychologie\/online_berater\/online-beratung\/\"},{\"@type\":\"ListItem\",\"position\":4,\"name\":\"Heilpraktiker f\u00fcr Psychotherapie\",\"item\":\"https:\/\/gesundheitsberatung.com\/psychologie\/online_berater\/heilpraktiker-fuer-psychotherapie\/\"},{\"@type\":\"ListItem\",\"position\":5,\"name\":\"A. Van Den Bergh\"}]},{\"@type\":\"WebSite\",\"@id\":\"https:\/\/gesundheitsberatung.com\/psychologie\/#website\",\"url\":\"https:\/\/gesundheitsberatung.com\/psychologie\/\",\"name\":\"Psychologie\",\"description\":\"Psychologie \u260e Beratung durch Psychologen! Jetzt Gratis-Beratung sichern: \u2714 Diplom Psychologen \u2714 Heilpraktiker f\u00fcr Psychotherapie \u2714 Psychotherapeuten \u2714 Psychologische Berater bei Vistano Psychologie.\",\"potentialAction\":[{\"@type\":\"SearchAction\",\"target\":{\"@type\":\"EntryPoint\",\"urlTemplate\":\"https:\/\/gesundheitsberatung.com\/psychologie\/?s={search_term_string}\"},\"query-input\":{\"@type\":\"PropertyValueSpecification\",\"valueRequired\":true,\"valueName\":\"search_term_string\"}}],\"inLanguage\":\"de\"}]}<\/script>\n<!-- \/ Yoast SEO plugin. -->","yoast_head_json":{"title":"A. Van Den Bergh &#187; Heilpraktiker f\u00fcr Psychotherapie &#187; Vistano \u260e Beratung","description":"Vistano Heilpraktiker f\u00fcr Psychotherapie &#187; Ein klarer Standpunkt zeigt den Weg. Mein wertsch\u00e4tzend gef\u00fchrtes Gespr\u00e4ch hilft Ihnen, im emotionalen Chaos der Krise Ordnung zu schaffen.","robots":{"index":"index","follow":"follow","max-snippet":"max-snippet:-1","max-image-preview":"max-image-preview:large","max-video-preview":"max-video-preview:-1"},"canonical":"https:\/\/gesundheitsberatung.com\/psychologie\/online-beratung\/heilpraktiker-fuer-psychotherapie\/a-van-den-bergh\/","og_locale":"de_DE","og_type":"article","og_title":"A. Van Den Bergh &#187; Heilpraktiker f\u00fcr Psychotherapie &#187; Vistano \u260e Beratung","og_description":"Vistano Heilpraktiker f\u00fcr Psychotherapie &#187; Ein klarer Standpunkt zeigt den Weg. Mein wertsch\u00e4tzend gef\u00fchrtes Gespr\u00e4ch hilft Ihnen, im emotionalen Chaos der Krise Ordnung zu schaffen.","og_url":"https:\/\/gesundheitsberatung.com\/psychologie\/online-beratung\/heilpraktiker-fuer-psychotherapie\/a-van-den-bergh\/","og_site_name":"Psychologie","article_publisher":"https:\/\/www.facebook.com\/psychologie\/","article_modified_time":"2021-07-26T08:11:02+00:00","og_image":[{"width":800,"height":800,"url":"https:\/\/gesundheitsberatung.com\/psychologie\/wp-content\/uploads\/sites\/2\/a-van-den-bergh-heilpraktiker-f-r-psychotherapie-vistano-berater-id-6469.jpg","type":"image\/jpeg"}],"twitter_card":"summary_large_image","twitter_site":"@Vistano","schema":{"@context":"https:\/\/schema.org","@graph":[{"@type":"WebPage","@id":"https:\/\/gesundheitsberatung.com\/psychologie\/online-beratung\/heilpraktiker-fuer-psychotherapie\/a-van-den-bergh\/","url":"https:\/\/gesundheitsberatung.com\/psychologie\/online-beratung\/heilpraktiker-fuer-psychotherapie\/a-van-den-bergh\/","name":"A. Van Den Bergh &#187; Heilpraktiker f\u00fcr Psychotherapie &#187; Vistano \u260e Beratung","isPartOf":{"@id":"https:\/\/gesundheitsberatung.com\/psychologie\/#website"},"primaryImageOfPage":{"@id":"https:\/\/gesundheitsberatung.com\/psychologie\/online-beratung\/heilpraktiker-fuer-psychotherapie\/a-van-den-bergh\/#primaryimage"},"image":{"@id":"https:\/\/gesundheitsberatung.com\/psychologie\/online-beratung\/heilpraktiker-fuer-psychotherapie\/a-van-den-bergh\/#primaryimage"},"thumbnailUrl":"https:\/\/gesundheitsberatung.com\/psychologie\/wp-content\/uploads\/sites\/2\/a-van-den-bergh-heilpraktiker-f-r-psychotherapie-vistano-berater-id-6469.jpg","datePublished":"2021-06-24T17:11:15+00:00","dateModified":"2021-07-26T08:11:02+00:00","description":"Vistano Heilpraktiker f\u00fcr Psychotherapie &#187; Ein klarer Standpunkt zeigt den Weg. Mein wertsch\u00e4tzend gef\u00fchrtes Gespr\u00e4ch hilft Ihnen, im emotionalen Chaos der Krise Ordnung zu schaffen.","breadcrumb":{"@id":"https:\/\/gesundheitsberatung.com\/psychologie\/online-beratung\/heilpraktiker-fuer-psychotherapie\/a-van-den-bergh\/#breadcrumb"},"inLanguage":"de","potentialAction":[{"@type":"ReadAction","target":["https:\/\/gesundheitsberatung.com\/psychologie\/online-beratung\/heilpraktiker-fuer-psychotherapie\/a-van-den-bergh\/"]}]},{"@type":"ImageObject","inLanguage":"de","@id":"https:\/\/gesundheitsberatung.com\/psychologie\/online-beratung\/heilpraktiker-fuer-psychotherapie\/a-van-den-bergh\/#primaryimage","url":"https:\/\/gesundheitsberatung.com\/psychologie\/wp-content\/uploads\/sites\/2\/a-van-den-bergh-heilpraktiker-f-r-psychotherapie-vistano-berater-id-6469.jpg","contentUrl":"https:\/\/gesundheitsberatung.com\/psychologie\/wp-content\/uploads\/sites\/2\/a-van-den-bergh-heilpraktiker-f-r-psychotherapie-vistano-berater-id-6469.jpg","width":800,"height":800,"caption":"Heilpraktiker f\u00fcr Psychotherapie A. Van Den Bergh - Berater-ID: 6469"},{"@type":"BreadcrumbList","@id":"https:\/\/gesundheitsberatung.com\/psychologie\/online-beratung\/heilpraktiker-fuer-psychotherapie\/a-van-den-bergh\/#breadcrumb","itemListElement":[{"@type":"ListItem","position":1,"name":"Home","item":"https:\/\/gesundheitsberatung.com\/psychologie\/"},{"@type":"ListItem","position":2,"name":"Produkte","item":"https:\/\/gesundheitsberatung.com\/psychologie\/shop\/"},{"@type":"ListItem","position":3,"name":"Online Beratung","item":"https:\/\/gesundheitsberatung.com\/psychologie\/online_berater\/online-beratung\/"},{"@type":"ListItem","position":4,"name":"Heilpraktiker f\u00fcr Psychotherapie","item":"https:\/\/gesundheitsberatung.com\/psychologie\/online_berater\/heilpraktiker-fuer-psychotherapie\/"},{"@type":"ListItem","position":5,"name":"A. Van Den Bergh"}]},{"@type":"WebSite","@id":"https:\/\/gesundheitsberatung.com\/psychologie\/#website","url":"https:\/\/gesundheitsberatung.com\/psychologie\/","name":"Psychologie","description":"Psychologie \u260e Beratung durch Psychologen! Jetzt Gratis-Beratung sichern: \u2714 Diplom Psychologen \u2714 Heilpraktiker f\u00fcr Psychotherapie \u2714 Psychotherapeuten \u2714 Psychologische Berater bei Vistano Psychologie.","potentialAction":[{"@type":"SearchAction","target":{"@type":"EntryPoint","urlTemplate":"https:\/\/gesundheitsberatung.com\/psychologie\/?s={search_term_string}"},"query-input":{"@type":"PropertyValueSpecification","valueRequired":true,"valueName":"search_term_string"}}],"inLanguage":"de"}]}},"_links":{"self":[{"href":"https:\/\/gesundheitsberatung.com\/psychologie\/wp-json\/wp\/v2\/product\/26841","targetHints":{"allow":["GET"]}}],"collection":[{"href":"https:\/\/gesundheitsberatung.com\/psychologie\/wp-json\/wp\/v2\/product"}],"about":[{"href":"https:\/\/gesundheitsberatung.com\/psychologie\/wp-json\/wp\/v2\/types\/product"}],"replies":[{"embeddable":true,"href":"https:\/\/gesundheitsberatung.com\/psychologie\/wp-json\/wp\/v2\/comments?post=26841"}],"wp:featuredmedia":[{"embeddable":true,"href":"https:\/\/gesundheitsberatung.com\/psychologie\/wp-json\/wp\/v2\/media\/26850"}],"wp:attachment":[{"href":"https:\/\/gesundheitsberatung.com\/psychologie\/wp-json\/wp\/v2\/media?parent=26841"}],"wp:term":[{"taxonomy":"product_cat","embeddable":true,"href":"https:\/\/gesundheitsberatung.com\/psychologie\/wp-json\/wp\/v2\/product_cat?post=26841"},{"taxonomy":"product_tag","embeddable":true,"href":"https:\/\/gesundheitsberatung.com\/psychologie\/wp-json\/wp\/v2\/product_tag?post=26841"}],"curies":[{"name":"wp","href":"https:\/\/api.w.org\/{rel}","templated":true}]}}