{"id":26809,"date":"2021-03-11T17:31:06","date_gmt":"2021-03-11T16:31:06","guid":{"rendered":"https:\/\/gesundheitsberatung.com\/psychologie\/?post_type=product&#038;p=26809"},"modified":"2021-03-14T16:16:05","modified_gmt":"2021-03-14T15:16:05","slug":"m-stark","status":"publish","type":"product","link":"https:\/\/gesundheitsberatung.com\/psychologie\/online-beratung\/heilpraktiker-fuer-psychotherapie\/m-stark\/","title":{"rendered":"M. Stark"},"content":{"rendered":"<p><span class=\"hinweis_text_single_berater\">Diese Zeiten sind besonders und brauchen eine besondere Art der Hilfe&#8230;<\/span><\/p>\n<p>Hast Du das Gef\u00fchl, still zu stehen, auf der Stelle zu treten?<\/p>\n<p>Du bist energielos, traurig oder \u00e4ngstlich? W\u00fctend, rastlos und innerlich unruhig.<br \/>\nHast den Zugang zu Dir oder anderen verloren?. <br \/>\nDann gew\u00e4hre mir einen Einblick in Dein Leben, in Deine Pers\u00f6nlichkeit.<\/p>\n<p>Zusammen schaffen wir es, Dein emotionales St\u00f6rfeld zu finden und zu entschl\u00fcsseln;<br \/>\ndurch meine eigene Geschichte, die Leidenschaft Menschen zu lesen und diese gewissenhaft therapeutisch zu begleiten-<\/p>\n<p>W\u00e4hrend unseres Gespr\u00e4ches erhalte ich einen tiefen Blick auf Deine verschiedenen Ebenen: K\u00f6rperlich, seelisch, geistig und systemisch<br \/>\n(Geschichte unserer Ahnen, systemische Verstrickungen).<\/p>\n<p>Die Summe aller gro\u00dfen und kleinen Dinge, die diese Ebenen ausmachen, nutze ich und konstruiere Deinen &#8220;individuellen, emotionalen Leitfaden&#8221;.<br \/>\nDas geschieht durch unser psychotherapeutisches Gespr\u00e4ch, Aufzeigen und Aufl\u00f6sen von systemischen Blockaden, Arbeit mit Deinem inneren Kind oder auch die Beratung Deiner passenden Bachbl\u00fcten.<\/p>\n<p>Ein weiterer kostbarer Baustein Deines Leitfadens ist das Erstellen themenbezogen Affirmationen. Die Du dann, mit ein wenig Hilfe meinerseits, selbst in Deinem Bewusstsein verankern kannst (Dies geschieht u.a. \u00fcber das Antippen\/ Anklopfen von Akupunkturpunkten Deines K\u00f6rpers.). Auf diese Weise kannst Du nachhaltig Dein Empfinden, Dein Verhalten und Deine innere Balance positiv beeinflussen.<\/p>\n<p>Aus der F\u00fclle meiner M\u00f6glichkeiten, finde ich auch &#8211; f\u00fcr Dich &#8211; den passenden, gezielten Weg aus Deiner Einbahnstra\u00dfe.<\/p>\n<p>Zur\u00fcck in Deinen Lebensmut, voller Energie- ohne Angst.<br \/>\nSelbstbewusstsein anstatt Zweifel.<\/p>\n<p>Loslassen, damit sich Neues entwickeln kann.<\/p>\n<p>\n&#8220;Vergebe, um in Liebe zu leben&#8221; &#8211; Mareike Stark<span class=\"display_none\">6446<\/span><\/p>\n","protected":false},"excerpt":{"rendered":"<p>Psychotherapeutisches, l\u00f6sungsorientiertes Gespr\u00e4ch. Systemische Arbeit, EFT, Psychokinesiologie, Bachbl\u00fcten, Chakren- Balance, Inneres Kind, u.m.<\/p>\n","protected":false},"featured_media":26810,"comment_status":"open","ping_status":"closed","template":"","meta":[],"product_cat":[],"product_tag":[],"class_list":["post-26809","product","type-product","status-publish","has-post-thumbnail","hentry","online_berater-heilpraktiker-fuer-psychotherapie"],"yoast_head":"<!-- This site is optimized with the Yoast SEO plugin v26.0 - https:\/\/yoast.com\/wordpress\/plugins\/seo\/ -->\n<title>M. Stark &#187; Heilpraktiker f\u00fcr Psychotherapie &#187; Vistano \u260e Beratung<\/title>\n<meta name=\"description\" content=\"Vistano Heilpraktiker f\u00fcr Psychotherapie &#187; Psychotherapeutisches, l\u00f6sungsorientiertes Gespr\u00e4ch. Systemische Arbeit, EFT, Psychokinesiologie, Bachbl\u00fcten, Chakren- Balance, Inneres Kind, u.m.\" \/>\n<meta name=\"robots\" content=\"index, follow, max-snippet:-1, max-image-preview:large, max-video-preview:-1\" \/>\n<link rel=\"canonical\" href=\"https:\/\/gesundheitsberatung.com\/psychologie\/online-beratung\/heilpraktiker-fuer-psychotherapie\/m-stark\/\" \/>\n<meta property=\"og:locale\" content=\"de_DE\" \/>\n<meta property=\"og:type\" content=\"article\" \/>\n<meta property=\"og:title\" content=\"M. Stark &#187; Heilpraktiker f\u00fcr Psychotherapie &#187; Vistano \u260e Beratung\" \/>\n<meta property=\"og:description\" content=\"Vistano Heilpraktiker f\u00fcr Psychotherapie &#187; Psychotherapeutisches, l\u00f6sungsorientiertes Gespr\u00e4ch. Systemische Arbeit, EFT, Psychokinesiologie, Bachbl\u00fcten, Chakren- Balance, Inneres Kind, u.m.\" \/>\n<meta property=\"og:url\" content=\"https:\/\/gesundheitsberatung.com\/psychologie\/online-beratung\/heilpraktiker-fuer-psychotherapie\/m-stark\/\" \/>\n<meta property=\"og:site_name\" content=\"Psychologie\" \/>\n<meta property=\"article:publisher\" content=\"https:\/\/www.facebook.com\/psychologie\/\" \/>\n<meta property=\"article:modified_time\" content=\"2021-03-14T15:16:05+00:00\" \/>\n<meta property=\"og:image\" content=\"https:\/\/gesundheitsberatung.com\/psychologie\/wp-content\/uploads\/sites\/2\/m-stark-heilpraktiker-f-r-psychotherapie-vistano-berater-id-6446.jpg\" \/>\n\t<meta property=\"og:image:width\" content=\"800\" \/>\n\t<meta property=\"og:image:height\" content=\"800\" \/>\n\t<meta property=\"og:image:type\" content=\"image\/jpeg\" \/>\n<meta name=\"twitter:card\" content=\"summary_large_image\" \/>\n<meta name=\"twitter:site\" content=\"@Vistano\" \/>\n<script type=\"application\/ld+json\" class=\"yoast-schema-graph\">{\"@context\":\"https:\/\/schema.org\",\"@graph\":[{\"@type\":\"WebPage\",\"@id\":\"https:\/\/gesundheitsberatung.com\/psychologie\/online-beratung\/heilpraktiker-fuer-psychotherapie\/m-stark\/\",\"url\":\"https:\/\/gesundheitsberatung.com\/psychologie\/online-beratung\/heilpraktiker-fuer-psychotherapie\/m-stark\/\",\"name\":\"M. Stark &#187; Heilpraktiker f\u00fcr Psychotherapie &#187; Vistano \u260e Beratung\",\"isPartOf\":{\"@id\":\"https:\/\/gesundheitsberatung.com\/psychologie\/#website\"},\"primaryImageOfPage\":{\"@id\":\"https:\/\/gesundheitsberatung.com\/psychologie\/online-beratung\/heilpraktiker-fuer-psychotherapie\/m-stark\/#primaryimage\"},\"image\":{\"@id\":\"https:\/\/gesundheitsberatung.com\/psychologie\/online-beratung\/heilpraktiker-fuer-psychotherapie\/m-stark\/#primaryimage\"},\"thumbnailUrl\":\"https:\/\/gesundheitsberatung.com\/psychologie\/wp-content\/uploads\/sites\/2\/m-stark-heilpraktiker-f-r-psychotherapie-vistano-berater-id-6446.jpg\",\"datePublished\":\"2021-03-11T16:31:06+00:00\",\"dateModified\":\"2021-03-14T15:16:05+00:00\",\"description\":\"Vistano Heilpraktiker f\u00fcr Psychotherapie &#187; Psychotherapeutisches, l\u00f6sungsorientiertes Gespr\u00e4ch. Systemische Arbeit, EFT, Psychokinesiologie, Bachbl\u00fcten, Chakren- Balance, Inneres Kind, u.m.\",\"breadcrumb\":{\"@id\":\"https:\/\/gesundheitsberatung.com\/psychologie\/online-beratung\/heilpraktiker-fuer-psychotherapie\/m-stark\/#breadcrumb\"},\"inLanguage\":\"de\",\"potentialAction\":[{\"@type\":\"ReadAction\",\"target\":[\"https:\/\/gesundheitsberatung.com\/psychologie\/online-beratung\/heilpraktiker-fuer-psychotherapie\/m-stark\/\"]}]},{\"@type\":\"ImageObject\",\"inLanguage\":\"de\",\"@id\":\"https:\/\/gesundheitsberatung.com\/psychologie\/online-beratung\/heilpraktiker-fuer-psychotherapie\/m-stark\/#primaryimage\",\"url\":\"https:\/\/gesundheitsberatung.com\/psychologie\/wp-content\/uploads\/sites\/2\/m-stark-heilpraktiker-f-r-psychotherapie-vistano-berater-id-6446.jpg\",\"contentUrl\":\"https:\/\/gesundheitsberatung.com\/psychologie\/wp-content\/uploads\/sites\/2\/m-stark-heilpraktiker-f-r-psychotherapie-vistano-berater-id-6446.jpg\",\"width\":800,\"height\":800,\"caption\":\"Heilpraktiker f\u00fcr Psychotherapie M. Stark - Berater-ID: 6446\"},{\"@type\":\"BreadcrumbList\",\"@id\":\"https:\/\/gesundheitsberatung.com\/psychologie\/online-beratung\/heilpraktiker-fuer-psychotherapie\/m-stark\/#breadcrumb\",\"itemListElement\":[{\"@type\":\"ListItem\",\"position\":1,\"name\":\"Home\",\"item\":\"https:\/\/gesundheitsberatung.com\/psychologie\/\"},{\"@type\":\"ListItem\",\"position\":2,\"name\":\"Produkte\",\"item\":\"https:\/\/gesundheitsberatung.com\/psychologie\/shop\/\"},{\"@type\":\"ListItem\",\"position\":3,\"name\":\"Online Beratung\",\"item\":\"https:\/\/gesundheitsberatung.com\/psychologie\/online_berater\/online-beratung\/\"},{\"@type\":\"ListItem\",\"position\":4,\"name\":\"Heilpraktiker f\u00fcr Psychotherapie\",\"item\":\"https:\/\/gesundheitsberatung.com\/psychologie\/online_berater\/heilpraktiker-fuer-psychotherapie\/\"},{\"@type\":\"ListItem\",\"position\":5,\"name\":\"M. Stark\"}]},{\"@type\":\"WebSite\",\"@id\":\"https:\/\/gesundheitsberatung.com\/psychologie\/#website\",\"url\":\"https:\/\/gesundheitsberatung.com\/psychologie\/\",\"name\":\"Psychologie\",\"description\":\"Psychologie \u260e Beratung durch Psychologen! Jetzt Gratis-Beratung sichern: \u2714 Diplom Psychologen \u2714 Heilpraktiker f\u00fcr Psychotherapie \u2714 Psychotherapeuten \u2714 Psychologische Berater bei Vistano Psychologie.\",\"potentialAction\":[{\"@type\":\"SearchAction\",\"target\":{\"@type\":\"EntryPoint\",\"urlTemplate\":\"https:\/\/gesundheitsberatung.com\/psychologie\/?s={search_term_string}\"},\"query-input\":{\"@type\":\"PropertyValueSpecification\",\"valueRequired\":true,\"valueName\":\"search_term_string\"}}],\"inLanguage\":\"de\"}]}<\/script>\n<!-- \/ Yoast SEO plugin. -->","yoast_head_json":{"title":"M. Stark &#187; Heilpraktiker f\u00fcr Psychotherapie &#187; Vistano \u260e Beratung","description":"Vistano Heilpraktiker f\u00fcr Psychotherapie &#187; Psychotherapeutisches, l\u00f6sungsorientiertes Gespr\u00e4ch. Systemische Arbeit, EFT, Psychokinesiologie, Bachbl\u00fcten, Chakren- Balance, Inneres Kind, u.m.","robots":{"index":"index","follow":"follow","max-snippet":"max-snippet:-1","max-image-preview":"max-image-preview:large","max-video-preview":"max-video-preview:-1"},"canonical":"https:\/\/gesundheitsberatung.com\/psychologie\/online-beratung\/heilpraktiker-fuer-psychotherapie\/m-stark\/","og_locale":"de_DE","og_type":"article","og_title":"M. Stark &#187; Heilpraktiker f\u00fcr Psychotherapie &#187; Vistano \u260e Beratung","og_description":"Vistano Heilpraktiker f\u00fcr Psychotherapie &#187; Psychotherapeutisches, l\u00f6sungsorientiertes Gespr\u00e4ch. Systemische Arbeit, EFT, Psychokinesiologie, Bachbl\u00fcten, Chakren- Balance, Inneres Kind, u.m.","og_url":"https:\/\/gesundheitsberatung.com\/psychologie\/online-beratung\/heilpraktiker-fuer-psychotherapie\/m-stark\/","og_site_name":"Psychologie","article_publisher":"https:\/\/www.facebook.com\/psychologie\/","article_modified_time":"2021-03-14T15:16:05+00:00","og_image":[{"width":800,"height":800,"url":"https:\/\/gesundheitsberatung.com\/psychologie\/wp-content\/uploads\/sites\/2\/m-stark-heilpraktiker-f-r-psychotherapie-vistano-berater-id-6446.jpg","type":"image\/jpeg"}],"twitter_card":"summary_large_image","twitter_site":"@Vistano","schema":{"@context":"https:\/\/schema.org","@graph":[{"@type":"WebPage","@id":"https:\/\/gesundheitsberatung.com\/psychologie\/online-beratung\/heilpraktiker-fuer-psychotherapie\/m-stark\/","url":"https:\/\/gesundheitsberatung.com\/psychologie\/online-beratung\/heilpraktiker-fuer-psychotherapie\/m-stark\/","name":"M. Stark &#187; Heilpraktiker f\u00fcr Psychotherapie &#187; Vistano \u260e Beratung","isPartOf":{"@id":"https:\/\/gesundheitsberatung.com\/psychologie\/#website"},"primaryImageOfPage":{"@id":"https:\/\/gesundheitsberatung.com\/psychologie\/online-beratung\/heilpraktiker-fuer-psychotherapie\/m-stark\/#primaryimage"},"image":{"@id":"https:\/\/gesundheitsberatung.com\/psychologie\/online-beratung\/heilpraktiker-fuer-psychotherapie\/m-stark\/#primaryimage"},"thumbnailUrl":"https:\/\/gesundheitsberatung.com\/psychologie\/wp-content\/uploads\/sites\/2\/m-stark-heilpraktiker-f-r-psychotherapie-vistano-berater-id-6446.jpg","datePublished":"2021-03-11T16:31:06+00:00","dateModified":"2021-03-14T15:16:05+00:00","description":"Vistano Heilpraktiker f\u00fcr Psychotherapie &#187; Psychotherapeutisches, l\u00f6sungsorientiertes Gespr\u00e4ch. Systemische Arbeit, EFT, Psychokinesiologie, Bachbl\u00fcten, Chakren- Balance, Inneres Kind, u.m.","breadcrumb":{"@id":"https:\/\/gesundheitsberatung.com\/psychologie\/online-beratung\/heilpraktiker-fuer-psychotherapie\/m-stark\/#breadcrumb"},"inLanguage":"de","potentialAction":[{"@type":"ReadAction","target":["https:\/\/gesundheitsberatung.com\/psychologie\/online-beratung\/heilpraktiker-fuer-psychotherapie\/m-stark\/"]}]},{"@type":"ImageObject","inLanguage":"de","@id":"https:\/\/gesundheitsberatung.com\/psychologie\/online-beratung\/heilpraktiker-fuer-psychotherapie\/m-stark\/#primaryimage","url":"https:\/\/gesundheitsberatung.com\/psychologie\/wp-content\/uploads\/sites\/2\/m-stark-heilpraktiker-f-r-psychotherapie-vistano-berater-id-6446.jpg","contentUrl":"https:\/\/gesundheitsberatung.com\/psychologie\/wp-content\/uploads\/sites\/2\/m-stark-heilpraktiker-f-r-psychotherapie-vistano-berater-id-6446.jpg","width":800,"height":800,"caption":"Heilpraktiker f\u00fcr Psychotherapie M. Stark - Berater-ID: 6446"},{"@type":"BreadcrumbList","@id":"https:\/\/gesundheitsberatung.com\/psychologie\/online-beratung\/heilpraktiker-fuer-psychotherapie\/m-stark\/#breadcrumb","itemListElement":[{"@type":"ListItem","position":1,"name":"Home","item":"https:\/\/gesundheitsberatung.com\/psychologie\/"},{"@type":"ListItem","position":2,"name":"Produkte","item":"https:\/\/gesundheitsberatung.com\/psychologie\/shop\/"},{"@type":"ListItem","position":3,"name":"Online Beratung","item":"https:\/\/gesundheitsberatung.com\/psychologie\/online_berater\/online-beratung\/"},{"@type":"ListItem","position":4,"name":"Heilpraktiker f\u00fcr Psychotherapie","item":"https:\/\/gesundheitsberatung.com\/psychologie\/online_berater\/heilpraktiker-fuer-psychotherapie\/"},{"@type":"ListItem","position":5,"name":"M. Stark"}]},{"@type":"WebSite","@id":"https:\/\/gesundheitsberatung.com\/psychologie\/#website","url":"https:\/\/gesundheitsberatung.com\/psychologie\/","name":"Psychologie","description":"Psychologie \u260e Beratung durch Psychologen! Jetzt Gratis-Beratung sichern: \u2714 Diplom Psychologen \u2714 Heilpraktiker f\u00fcr Psychotherapie \u2714 Psychotherapeuten \u2714 Psychologische Berater bei Vistano Psychologie.","potentialAction":[{"@type":"SearchAction","target":{"@type":"EntryPoint","urlTemplate":"https:\/\/gesundheitsberatung.com\/psychologie\/?s={search_term_string}"},"query-input":{"@type":"PropertyValueSpecification","valueRequired":true,"valueName":"search_term_string"}}],"inLanguage":"de"}]}},"_links":{"self":[{"href":"https:\/\/gesundheitsberatung.com\/psychologie\/wp-json\/wp\/v2\/product\/26809","targetHints":{"allow":["GET"]}}],"collection":[{"href":"https:\/\/gesundheitsberatung.com\/psychologie\/wp-json\/wp\/v2\/product"}],"about":[{"href":"https:\/\/gesundheitsberatung.com\/psychologie\/wp-json\/wp\/v2\/types\/product"}],"replies":[{"embeddable":true,"href":"https:\/\/gesundheitsberatung.com\/psychologie\/wp-json\/wp\/v2\/comments?post=26809"}],"wp:featuredmedia":[{"embeddable":true,"href":"https:\/\/gesundheitsberatung.com\/psychologie\/wp-json\/wp\/v2\/media\/26810"}],"wp:attachment":[{"href":"https:\/\/gesundheitsberatung.com\/psychologie\/wp-json\/wp\/v2\/media?parent=26809"}],"wp:term":[{"taxonomy":"product_cat","embeddable":true,"href":"https:\/\/gesundheitsberatung.com\/psychologie\/wp-json\/wp\/v2\/product_cat?post=26809"},{"taxonomy":"product_tag","embeddable":true,"href":"https:\/\/gesundheitsberatung.com\/psychologie\/wp-json\/wp\/v2\/product_tag?post=26809"}],"curies":[{"name":"wp","href":"https:\/\/api.w.org\/{rel}","templated":true}]}}