{"id":26646,"date":"2020-06-22T07:06:03","date_gmt":"2020-06-22T05:06:03","guid":{"rendered":"https:\/\/gesundheitsberatung.com\/psychologie\/?post_type=product&#038;p=26646"},"modified":"2026-03-30T00:00:08","modified_gmt":"2026-03-29T22:00:08","slug":"j-winter","status":"publish","type":"product","link":"https:\/\/gesundheitsberatung.com\/psychologie\/online-beratung\/psychologische-berater\/j-winter\/","title":{"rendered":"J. Winter"},"content":{"rendered":"<p><span class=\"hinweis_text_single_berater\">Verf\u00fcgbar von 8 Uhr bis 23 Uhr, kleine Pausen dazwischen. Ich freue mich auf Sie<\/span><\/p>\n<p>Auf Ihrem ureigenen Lebensweg holt Jana Winter Sie in Ihren Gef\u00fchlen, Emotionen, Lebenssituationen und Visionen dort ab, wo Sie gerade stehen und geleitet Sie einf\u00fchlsam und intuitiv mit Paarberatung oder l\u00f6sungsorientierter Beratung und Energiearbeit auf Ihrem Weg. in den Lebensflow. Mit einem Systemisch orientierten Ansatz, durch die Arbeit zum Beispiel mit dem inneren Kind, der verletzten Kindsheitsmuster, die bewusst, als auch unbewusst zu inneren und  \u00e4u\u00dferen Blockaden gef\u00fchrt haben.  Wenn diese begleitend durch Energiearbeit und eine psychologische Beratung als Muster erkannt und integriert werden geschieht der Lebensflow und Visionen k\u00f6nnen gelebt werden. Gern berate, unterst\u00fctze und begleite ich Sie mit meinen vielseitigen Angeboten und schamanischer psychologischer Energiearbeit f\u00fcr Ihr Wohlergehen. Ich freue mich auf ein Gespr\u00e4ch mit Ihnen, Ihre Jana Winter<span class=\"display_none\">6388<\/span><\/p>\n","protected":false},"excerpt":{"rendered":"<p>Empathisches &amp; l\u00f6sungsorientierte psychologische Energiearbeit &amp;  Coaching. Hilfe bei Mobbing\/Burnout. Familienstellen, Arbeit Inneres Kind<\/p>\n","protected":false},"featured_media":26647,"comment_status":"open","ping_status":"closed","template":"","meta":[],"product_cat":[],"product_tag":[],"class_list":["post-26646","product","type-product","status-publish","has-post-thumbnail","hentry","online_berater-psychologische-berater"],"yoast_head":"<!-- This site is optimized with the Yoast SEO plugin v26.0 - https:\/\/yoast.com\/wordpress\/plugins\/seo\/ -->\n<title>J. Winter &#187; Psychologische Berater &#187; Vistano \u260e Beratung<\/title>\n<meta name=\"description\" content=\"Vistano Psychologische Berater &#187; Empathisches &amp; l\u00f6sungsorientierte psychologische Energiearbeit &amp; Coaching. Hilfe bei Mobbing\/Burnout. Familienstellen, Arbeit Inneres Kind\" \/>\n<meta name=\"robots\" content=\"index, follow, max-snippet:-1, max-image-preview:large, max-video-preview:-1\" \/>\n<link rel=\"canonical\" href=\"https:\/\/gesundheitsberatung.com\/psychologie\/online-beratung\/psychologische-berater\/j-winter\/\" \/>\n<meta property=\"og:locale\" content=\"de_DE\" \/>\n<meta property=\"og:type\" content=\"article\" \/>\n<meta property=\"og:title\" content=\"J. Winter &#187; Psychologische Berater &#187; Vistano \u260e Beratung\" \/>\n<meta property=\"og:description\" content=\"Vistano Psychologische Berater &#187; Empathisches &amp; l\u00f6sungsorientierte psychologische Energiearbeit &amp; Coaching. Hilfe bei Mobbing\/Burnout. Familienstellen, Arbeit Inneres Kind\" \/>\n<meta property=\"og:url\" content=\"https:\/\/gesundheitsberatung.com\/psychologie\/online-beratung\/psychologische-berater\/j-winter\/\" \/>\n<meta property=\"og:site_name\" content=\"Psychologie\" \/>\n<meta property=\"article:publisher\" content=\"https:\/\/www.facebook.com\/psychologie\/\" \/>\n<meta property=\"article:modified_time\" content=\"2026-03-29T22:00:08+00:00\" \/>\n<meta property=\"og:image\" content=\"https:\/\/gesundheitsberatung.com\/psychologie\/wp-content\/uploads\/sites\/2\/j-winter-psychologische-berater-vistano-berater-id-6388.jpg\" \/>\n\t<meta property=\"og:image:width\" content=\"800\" \/>\n\t<meta property=\"og:image:height\" content=\"800\" \/>\n\t<meta property=\"og:image:type\" content=\"image\/jpeg\" \/>\n<meta name=\"twitter:card\" content=\"summary_large_image\" \/>\n<meta name=\"twitter:site\" content=\"@Vistano\" \/>\n<script type=\"application\/ld+json\" class=\"yoast-schema-graph\">{\"@context\":\"https:\/\/schema.org\",\"@graph\":[{\"@type\":\"WebPage\",\"@id\":\"https:\/\/gesundheitsberatung.com\/psychologie\/online-beratung\/psychologische-berater\/j-winter\/\",\"url\":\"https:\/\/gesundheitsberatung.com\/psychologie\/online-beratung\/psychologische-berater\/j-winter\/\",\"name\":\"J. Winter &#187; Psychologische Berater &#187; Vistano \u260e Beratung\",\"isPartOf\":{\"@id\":\"https:\/\/gesundheitsberatung.com\/psychologie\/#website\"},\"primaryImageOfPage\":{\"@id\":\"https:\/\/gesundheitsberatung.com\/psychologie\/online-beratung\/psychologische-berater\/j-winter\/#primaryimage\"},\"image\":{\"@id\":\"https:\/\/gesundheitsberatung.com\/psychologie\/online-beratung\/psychologische-berater\/j-winter\/#primaryimage\"},\"thumbnailUrl\":\"https:\/\/gesundheitsberatung.com\/psychologie\/wp-content\/uploads\/sites\/2\/j-winter-psychologische-berater-vistano-berater-id-6388.jpg\",\"datePublished\":\"2020-06-22T05:06:03+00:00\",\"dateModified\":\"2026-03-29T22:00:08+00:00\",\"description\":\"Vistano Psychologische Berater &#187; Empathisches &amp; l\u00f6sungsorientierte psychologische Energiearbeit &amp; Coaching. Hilfe bei Mobbing\/Burnout. Familienstellen, Arbeit Inneres Kind\",\"breadcrumb\":{\"@id\":\"https:\/\/gesundheitsberatung.com\/psychologie\/online-beratung\/psychologische-berater\/j-winter\/#breadcrumb\"},\"inLanguage\":\"de\",\"potentialAction\":[{\"@type\":\"ReadAction\",\"target\":[\"https:\/\/gesundheitsberatung.com\/psychologie\/online-beratung\/psychologische-berater\/j-winter\/\"]}]},{\"@type\":\"ImageObject\",\"inLanguage\":\"de\",\"@id\":\"https:\/\/gesundheitsberatung.com\/psychologie\/online-beratung\/psychologische-berater\/j-winter\/#primaryimage\",\"url\":\"https:\/\/gesundheitsberatung.com\/psychologie\/wp-content\/uploads\/sites\/2\/j-winter-psychologische-berater-vistano-berater-id-6388.jpg\",\"contentUrl\":\"https:\/\/gesundheitsberatung.com\/psychologie\/wp-content\/uploads\/sites\/2\/j-winter-psychologische-berater-vistano-berater-id-6388.jpg\",\"width\":800,\"height\":800,\"caption\":\"Psychologische Berater J. Winter - Berater-ID: 6388\"},{\"@type\":\"BreadcrumbList\",\"@id\":\"https:\/\/gesundheitsberatung.com\/psychologie\/online-beratung\/psychologische-berater\/j-winter\/#breadcrumb\",\"itemListElement\":[{\"@type\":\"ListItem\",\"position\":1,\"name\":\"Home\",\"item\":\"https:\/\/gesundheitsberatung.com\/psychologie\/\"},{\"@type\":\"ListItem\",\"position\":2,\"name\":\"Produkte\",\"item\":\"https:\/\/gesundheitsberatung.com\/psychologie\/shop\/\"},{\"@type\":\"ListItem\",\"position\":3,\"name\":\"Online Beratung\",\"item\":\"https:\/\/gesundheitsberatung.com\/psychologie\/online_berater\/online-beratung\/\"},{\"@type\":\"ListItem\",\"position\":4,\"name\":\"Psychologische Berater\",\"item\":\"https:\/\/gesundheitsberatung.com\/psychologie\/online_berater\/psychologische-berater\/\"},{\"@type\":\"ListItem\",\"position\":5,\"name\":\"J. Winter\"}]},{\"@type\":\"WebSite\",\"@id\":\"https:\/\/gesundheitsberatung.com\/psychologie\/#website\",\"url\":\"https:\/\/gesundheitsberatung.com\/psychologie\/\",\"name\":\"Psychologie\",\"description\":\"Psychologie \u260e Beratung durch Psychologen! Jetzt Gratis-Beratung sichern: \u2714 Diplom Psychologen \u2714 Heilpraktiker f\u00fcr Psychotherapie \u2714 Psychotherapeuten \u2714 Psychologische Berater bei Vistano Psychologie.\",\"potentialAction\":[{\"@type\":\"SearchAction\",\"target\":{\"@type\":\"EntryPoint\",\"urlTemplate\":\"https:\/\/gesundheitsberatung.com\/psychologie\/?s={search_term_string}\"},\"query-input\":{\"@type\":\"PropertyValueSpecification\",\"valueRequired\":true,\"valueName\":\"search_term_string\"}}],\"inLanguage\":\"de\"}]}<\/script>\n<!-- \/ Yoast SEO plugin. -->","yoast_head_json":{"title":"J. Winter &#187; Psychologische Berater &#187; Vistano \u260e Beratung","description":"Vistano Psychologische Berater &#187; Empathisches &amp; l\u00f6sungsorientierte psychologische Energiearbeit &amp; Coaching. Hilfe bei Mobbing\/Burnout. Familienstellen, Arbeit Inneres Kind","robots":{"index":"index","follow":"follow","max-snippet":"max-snippet:-1","max-image-preview":"max-image-preview:large","max-video-preview":"max-video-preview:-1"},"canonical":"https:\/\/gesundheitsberatung.com\/psychologie\/online-beratung\/psychologische-berater\/j-winter\/","og_locale":"de_DE","og_type":"article","og_title":"J. Winter &#187; Psychologische Berater &#187; Vistano \u260e Beratung","og_description":"Vistano Psychologische Berater &#187; Empathisches &amp; l\u00f6sungsorientierte psychologische Energiearbeit &amp; Coaching. Hilfe bei Mobbing\/Burnout. Familienstellen, Arbeit Inneres Kind","og_url":"https:\/\/gesundheitsberatung.com\/psychologie\/online-beratung\/psychologische-berater\/j-winter\/","og_site_name":"Psychologie","article_publisher":"https:\/\/www.facebook.com\/psychologie\/","article_modified_time":"2026-03-29T22:00:08+00:00","og_image":[{"width":800,"height":800,"url":"https:\/\/gesundheitsberatung.com\/psychologie\/wp-content\/uploads\/sites\/2\/j-winter-psychologische-berater-vistano-berater-id-6388.jpg","type":"image\/jpeg"}],"twitter_card":"summary_large_image","twitter_site":"@Vistano","schema":{"@context":"https:\/\/schema.org","@graph":[{"@type":"WebPage","@id":"https:\/\/gesundheitsberatung.com\/psychologie\/online-beratung\/psychologische-berater\/j-winter\/","url":"https:\/\/gesundheitsberatung.com\/psychologie\/online-beratung\/psychologische-berater\/j-winter\/","name":"J. Winter &#187; Psychologische Berater &#187; Vistano \u260e Beratung","isPartOf":{"@id":"https:\/\/gesundheitsberatung.com\/psychologie\/#website"},"primaryImageOfPage":{"@id":"https:\/\/gesundheitsberatung.com\/psychologie\/online-beratung\/psychologische-berater\/j-winter\/#primaryimage"},"image":{"@id":"https:\/\/gesundheitsberatung.com\/psychologie\/online-beratung\/psychologische-berater\/j-winter\/#primaryimage"},"thumbnailUrl":"https:\/\/gesundheitsberatung.com\/psychologie\/wp-content\/uploads\/sites\/2\/j-winter-psychologische-berater-vistano-berater-id-6388.jpg","datePublished":"2020-06-22T05:06:03+00:00","dateModified":"2026-03-29T22:00:08+00:00","description":"Vistano Psychologische Berater &#187; Empathisches &amp; l\u00f6sungsorientierte psychologische Energiearbeit &amp; Coaching. Hilfe bei Mobbing\/Burnout. Familienstellen, Arbeit Inneres Kind","breadcrumb":{"@id":"https:\/\/gesundheitsberatung.com\/psychologie\/online-beratung\/psychologische-berater\/j-winter\/#breadcrumb"},"inLanguage":"de","potentialAction":[{"@type":"ReadAction","target":["https:\/\/gesundheitsberatung.com\/psychologie\/online-beratung\/psychologische-berater\/j-winter\/"]}]},{"@type":"ImageObject","inLanguage":"de","@id":"https:\/\/gesundheitsberatung.com\/psychologie\/online-beratung\/psychologische-berater\/j-winter\/#primaryimage","url":"https:\/\/gesundheitsberatung.com\/psychologie\/wp-content\/uploads\/sites\/2\/j-winter-psychologische-berater-vistano-berater-id-6388.jpg","contentUrl":"https:\/\/gesundheitsberatung.com\/psychologie\/wp-content\/uploads\/sites\/2\/j-winter-psychologische-berater-vistano-berater-id-6388.jpg","width":800,"height":800,"caption":"Psychologische Berater J. Winter - Berater-ID: 6388"},{"@type":"BreadcrumbList","@id":"https:\/\/gesundheitsberatung.com\/psychologie\/online-beratung\/psychologische-berater\/j-winter\/#breadcrumb","itemListElement":[{"@type":"ListItem","position":1,"name":"Home","item":"https:\/\/gesundheitsberatung.com\/psychologie\/"},{"@type":"ListItem","position":2,"name":"Produkte","item":"https:\/\/gesundheitsberatung.com\/psychologie\/shop\/"},{"@type":"ListItem","position":3,"name":"Online Beratung","item":"https:\/\/gesundheitsberatung.com\/psychologie\/online_berater\/online-beratung\/"},{"@type":"ListItem","position":4,"name":"Psychologische Berater","item":"https:\/\/gesundheitsberatung.com\/psychologie\/online_berater\/psychologische-berater\/"},{"@type":"ListItem","position":5,"name":"J. Winter"}]},{"@type":"WebSite","@id":"https:\/\/gesundheitsberatung.com\/psychologie\/#website","url":"https:\/\/gesundheitsberatung.com\/psychologie\/","name":"Psychologie","description":"Psychologie \u260e Beratung durch Psychologen! Jetzt Gratis-Beratung sichern: \u2714 Diplom Psychologen \u2714 Heilpraktiker f\u00fcr Psychotherapie \u2714 Psychotherapeuten \u2714 Psychologische Berater bei Vistano Psychologie.","potentialAction":[{"@type":"SearchAction","target":{"@type":"EntryPoint","urlTemplate":"https:\/\/gesundheitsberatung.com\/psychologie\/?s={search_term_string}"},"query-input":{"@type":"PropertyValueSpecification","valueRequired":true,"valueName":"search_term_string"}}],"inLanguage":"de"}]}},"_links":{"self":[{"href":"https:\/\/gesundheitsberatung.com\/psychologie\/wp-json\/wp\/v2\/product\/26646","targetHints":{"allow":["GET"]}}],"collection":[{"href":"https:\/\/gesundheitsberatung.com\/psychologie\/wp-json\/wp\/v2\/product"}],"about":[{"href":"https:\/\/gesundheitsberatung.com\/psychologie\/wp-json\/wp\/v2\/types\/product"}],"replies":[{"embeddable":true,"href":"https:\/\/gesundheitsberatung.com\/psychologie\/wp-json\/wp\/v2\/comments?post=26646"}],"wp:featuredmedia":[{"embeddable":true,"href":"https:\/\/gesundheitsberatung.com\/psychologie\/wp-json\/wp\/v2\/media\/26647"}],"wp:attachment":[{"href":"https:\/\/gesundheitsberatung.com\/psychologie\/wp-json\/wp\/v2\/media?parent=26646"}],"wp:term":[{"taxonomy":"product_cat","embeddable":true,"href":"https:\/\/gesundheitsberatung.com\/psychologie\/wp-json\/wp\/v2\/product_cat?post=26646"},{"taxonomy":"product_tag","embeddable":true,"href":"https:\/\/gesundheitsberatung.com\/psychologie\/wp-json\/wp\/v2\/product_tag?post=26646"}],"curies":[{"name":"wp","href":"https:\/\/api.w.org\/{rel}","templated":true}]}}