{"id":26601,"date":"2020-04-16T09:16:13","date_gmt":"2020-04-16T07:16:13","guid":{"rendered":"https:\/\/gesundheitsberatung.com\/psychologie\/?post_type=product&#038;p=26601"},"modified":"2020-05-13T20:46:07","modified_gmt":"2020-05-13T18:46:07","slug":"d-arncken","status":"publish","type":"product","link":"https:\/\/gesundheitsberatung.com\/psychologie\/online-beratung\/psychologische-berater\/d-arncken\/","title":{"rendered":"D. Arncken"},"content":{"rendered":"<p>&#8220;Alles ist schwer bevor es einfach wird &#8211; alles scheitert, bis es klappt.&#8221;<\/p>\n<p>Wir Menschen verf\u00fcgen \u00fcber eine wunderbare Intuition, eine innere Stimme die uns auf ganz nat\u00fcrliche Weise sagt,<br \/>\nwas gut f\u00fcr uns ist, was uns gl\u00fccklich macht und in welche Richtung der Weg des Lebens gehen soll.<br \/>\nLeider haben viele von uns Menschen den Kontakt zu diesen inneren Wegweisern verloren oder mussten ihn, <br \/>\naufgrund vergangener emotionaler Verletzungen, blockieren.<\/p>\n<p>Ich begleite dich als einf\u00fchlsamer und wertsch\u00e4tzender Zuh\u00f6rer, mit Akzeptanz und Empathie zur\u00fcck zum Kontakt zu dir selbst.<br \/>\nDu bist der Experte deiner Gef\u00fchle, du weisst am besten, was gut f\u00fcr dich ist. Ich gebe dir Werkzeuge an die Hand, um dies herauszufinden.<\/p>\n<p>Gemeinsam blicken wir auf Problemstellungen und Situationen in deinem Leben die dir, im wahrsten Sinne des Wortes, Bauchschmerzen bereiten.<br \/>\nIm Anschluss legen wir den Fokus auf die Gef\u00fchle die dahinter liegen.<\/p>\n<p>Mit dieser Methode k\u00f6nnen wir uns jedem Thema oder Anliegen widmen, das bei dir gerade ansteht.<br \/>\nDies k\u00f6nnen \u00c4ngste, Unsicherheiten, Trennung, Verlust, Sucht, Stress, Burnout, Konflikte mit Personen in deinem Umfeld, berufliche Unzufriedenheit oder Gef\u00fchle von Leere und Sinnlosigkeit sein. Gerade in Krisensituationen biete ich dir gerne einen Ort an dem du sein darfst wie du bist. Mit all deiner Trauer, Verzweiflung oder Angst.<\/p>\n<p>Wir arbeiten gemeinsam ohne Druck oder Erfolgsstress w\u00e4hrend du das Tempo bestimmst und entscheidest wie tief du gehen m\u00f6chtest. <br \/>\nDeine Befindlichkeit steht im Vordergrund unseres Gespr\u00e4ches.<\/p>\n<p>Ich bereite dir einen gesch\u00fctzten Raum in dem alles was wir gemeinsam besprechen, selbstverst\u00e4ndlich der Schweigepflicht unterliegt.<br \/>\nBasis meiner Arbeit sind Methoden, Mittel und die Haltung der &#8220;Gestalttherapie&#8221;.<\/p>\n<p>Gerne k\u00f6nnen wir auch verbindliche Termine Vereinbaren.<\/p>\n<p>Ich freue mich auf deinen Anruf und dich.<span class=\"display_none\">6345<\/span><\/p>\n","protected":false},"excerpt":{"rendered":"<p>Dein Bauchgef\u00fchl und deine Intuition wissen genau wie du gl\u00fccklich wirst. Ich begleite dich voller Empathie zur\u00fcck zu deinen inneren Wegweisern.<\/p>\n","protected":false},"featured_media":26602,"comment_status":"open","ping_status":"closed","template":"","meta":[],"product_cat":[],"product_tag":[],"class_list":["post-26601","product","type-product","status-publish","has-post-thumbnail","hentry","online_berater-paedagogen","online_berater-psychologische-berater"],"yoast_head":"<!-- This site is optimized with the Yoast SEO plugin v26.0 - https:\/\/yoast.com\/wordpress\/plugins\/seo\/ -->\n<title>D. Arncken &#187; P\u00e4dagogen, Psychologische Berater &#187; Vistano \u260e Beratung<\/title>\n<meta name=\"description\" content=\"Vistano P\u00e4dagogen, Psychologische Berater &#187; Dein Bauchgef\u00fchl und deine Intuition wissen genau wie du gl\u00fccklich wirst. Ich begleite dich voller Empathie zur\u00fcck zu deinen inneren Wegweisern.\" \/>\n<meta name=\"robots\" content=\"index, follow, max-snippet:-1, max-image-preview:large, max-video-preview:-1\" \/>\n<link rel=\"canonical\" href=\"https:\/\/gesundheitsberatung.com\/psychologie\/online-beratung\/psychologische-berater\/d-arncken\/\" \/>\n<meta property=\"og:locale\" content=\"de_DE\" \/>\n<meta property=\"og:type\" content=\"article\" \/>\n<meta property=\"og:title\" content=\"D. Arncken &#187; P\u00e4dagogen, Psychologische Berater &#187; Vistano \u260e Beratung\" \/>\n<meta property=\"og:description\" content=\"Vistano P\u00e4dagogen, Psychologische Berater &#187; Dein Bauchgef\u00fchl und deine Intuition wissen genau wie du gl\u00fccklich wirst. Ich begleite dich voller Empathie zur\u00fcck zu deinen inneren Wegweisern.\" \/>\n<meta property=\"og:url\" content=\"https:\/\/gesundheitsberatung.com\/psychologie\/online-beratung\/psychologische-berater\/d-arncken\/\" \/>\n<meta property=\"og:site_name\" content=\"Psychologie\" \/>\n<meta property=\"article:publisher\" content=\"https:\/\/www.facebook.com\/psychologie\/\" \/>\n<meta property=\"article:modified_time\" content=\"2020-05-13T18:46:07+00:00\" \/>\n<meta property=\"og:image\" content=\"https:\/\/gesundheitsberatung.com\/psychologie\/wp-content\/uploads\/sites\/2\/d-arncken-p-dagogen-vistano-berater-id-6345.jpg\" \/>\n\t<meta property=\"og:image:width\" content=\"800\" \/>\n\t<meta property=\"og:image:height\" content=\"800\" \/>\n\t<meta property=\"og:image:type\" content=\"image\/jpeg\" \/>\n<meta name=\"twitter:card\" content=\"summary_large_image\" \/>\n<meta name=\"twitter:site\" content=\"@Vistano\" \/>\n<script type=\"application\/ld+json\" class=\"yoast-schema-graph\">{\"@context\":\"https:\/\/schema.org\",\"@graph\":[{\"@type\":\"WebPage\",\"@id\":\"https:\/\/gesundheitsberatung.com\/psychologie\/online-beratung\/psychologische-berater\/d-arncken\/\",\"url\":\"https:\/\/gesundheitsberatung.com\/psychologie\/online-beratung\/psychologische-berater\/d-arncken\/\",\"name\":\"D. Arncken &#187; P\u00e4dagogen, Psychologische Berater &#187; Vistano \u260e Beratung\",\"isPartOf\":{\"@id\":\"https:\/\/gesundheitsberatung.com\/psychologie\/#website\"},\"primaryImageOfPage\":{\"@id\":\"https:\/\/gesundheitsberatung.com\/psychologie\/online-beratung\/psychologische-berater\/d-arncken\/#primaryimage\"},\"image\":{\"@id\":\"https:\/\/gesundheitsberatung.com\/psychologie\/online-beratung\/psychologische-berater\/d-arncken\/#primaryimage\"},\"thumbnailUrl\":\"https:\/\/gesundheitsberatung.com\/psychologie\/wp-content\/uploads\/sites\/2\/d-arncken-p-dagogen-vistano-berater-id-6345.jpg\",\"datePublished\":\"2020-04-16T07:16:13+00:00\",\"dateModified\":\"2020-05-13T18:46:07+00:00\",\"description\":\"Vistano P\u00e4dagogen, Psychologische Berater &#187; Dein Bauchgef\u00fchl und deine Intuition wissen genau wie du gl\u00fccklich wirst. Ich begleite dich voller Empathie zur\u00fcck zu deinen inneren Wegweisern.\",\"breadcrumb\":{\"@id\":\"https:\/\/gesundheitsberatung.com\/psychologie\/online-beratung\/psychologische-berater\/d-arncken\/#breadcrumb\"},\"inLanguage\":\"de\",\"potentialAction\":[{\"@type\":\"ReadAction\",\"target\":[\"https:\/\/gesundheitsberatung.com\/psychologie\/online-beratung\/psychologische-berater\/d-arncken\/\"]}]},{\"@type\":\"ImageObject\",\"inLanguage\":\"de\",\"@id\":\"https:\/\/gesundheitsberatung.com\/psychologie\/online-beratung\/psychologische-berater\/d-arncken\/#primaryimage\",\"url\":\"https:\/\/gesundheitsberatung.com\/psychologie\/wp-content\/uploads\/sites\/2\/d-arncken-p-dagogen-vistano-berater-id-6345.jpg\",\"contentUrl\":\"https:\/\/gesundheitsberatung.com\/psychologie\/wp-content\/uploads\/sites\/2\/d-arncken-p-dagogen-vistano-berater-id-6345.jpg\",\"width\":800,\"height\":800,\"caption\":\"P\u00e4dagogen D. Arncken - Berater-ID: 6345\"},{\"@type\":\"BreadcrumbList\",\"@id\":\"https:\/\/gesundheitsberatung.com\/psychologie\/online-beratung\/psychologische-berater\/d-arncken\/#breadcrumb\",\"itemListElement\":[{\"@type\":\"ListItem\",\"position\":1,\"name\":\"Home\",\"item\":\"https:\/\/gesundheitsberatung.com\/psychologie\/\"},{\"@type\":\"ListItem\",\"position\":2,\"name\":\"Produkte\",\"item\":\"https:\/\/gesundheitsberatung.com\/psychologie\/shop\/\"},{\"@type\":\"ListItem\",\"position\":3,\"name\":\"Online Beratung\",\"item\":\"https:\/\/gesundheitsberatung.com\/psychologie\/online_berater\/online-beratung\/\"},{\"@type\":\"ListItem\",\"position\":4,\"name\":\"P\u00e4dagogen\",\"item\":\"https:\/\/gesundheitsberatung.com\/psychologie\/online_berater\/paedagogen\/\"},{\"@type\":\"ListItem\",\"position\":5,\"name\":\"D. Arncken\"}]},{\"@type\":\"WebSite\",\"@id\":\"https:\/\/gesundheitsberatung.com\/psychologie\/#website\",\"url\":\"https:\/\/gesundheitsberatung.com\/psychologie\/\",\"name\":\"Psychologie\",\"description\":\"Psychologie \u260e Beratung durch Psychologen! Jetzt Gratis-Beratung sichern: \u2714 Diplom Psychologen \u2714 Heilpraktiker f\u00fcr Psychotherapie \u2714 Psychotherapeuten \u2714 Psychologische Berater bei Vistano Psychologie.\",\"potentialAction\":[{\"@type\":\"SearchAction\",\"target\":{\"@type\":\"EntryPoint\",\"urlTemplate\":\"https:\/\/gesundheitsberatung.com\/psychologie\/?s={search_term_string}\"},\"query-input\":{\"@type\":\"PropertyValueSpecification\",\"valueRequired\":true,\"valueName\":\"search_term_string\"}}],\"inLanguage\":\"de\"}]}<\/script>\n<!-- \/ Yoast SEO plugin. -->","yoast_head_json":{"title":"D. Arncken &#187; P\u00e4dagogen, Psychologische Berater &#187; Vistano \u260e Beratung","description":"Vistano P\u00e4dagogen, Psychologische Berater &#187; Dein Bauchgef\u00fchl und deine Intuition wissen genau wie du gl\u00fccklich wirst. Ich begleite dich voller Empathie zur\u00fcck zu deinen inneren Wegweisern.","robots":{"index":"index","follow":"follow","max-snippet":"max-snippet:-1","max-image-preview":"max-image-preview:large","max-video-preview":"max-video-preview:-1"},"canonical":"https:\/\/gesundheitsberatung.com\/psychologie\/online-beratung\/psychologische-berater\/d-arncken\/","og_locale":"de_DE","og_type":"article","og_title":"D. Arncken &#187; P\u00e4dagogen, Psychologische Berater &#187; Vistano \u260e Beratung","og_description":"Vistano P\u00e4dagogen, Psychologische Berater &#187; Dein Bauchgef\u00fchl und deine Intuition wissen genau wie du gl\u00fccklich wirst. Ich begleite dich voller Empathie zur\u00fcck zu deinen inneren Wegweisern.","og_url":"https:\/\/gesundheitsberatung.com\/psychologie\/online-beratung\/psychologische-berater\/d-arncken\/","og_site_name":"Psychologie","article_publisher":"https:\/\/www.facebook.com\/psychologie\/","article_modified_time":"2020-05-13T18:46:07+00:00","og_image":[{"width":800,"height":800,"url":"https:\/\/gesundheitsberatung.com\/psychologie\/wp-content\/uploads\/sites\/2\/d-arncken-p-dagogen-vistano-berater-id-6345.jpg","type":"image\/jpeg"}],"twitter_card":"summary_large_image","twitter_site":"@Vistano","schema":{"@context":"https:\/\/schema.org","@graph":[{"@type":"WebPage","@id":"https:\/\/gesundheitsberatung.com\/psychologie\/online-beratung\/psychologische-berater\/d-arncken\/","url":"https:\/\/gesundheitsberatung.com\/psychologie\/online-beratung\/psychologische-berater\/d-arncken\/","name":"D. Arncken &#187; P\u00e4dagogen, Psychologische Berater &#187; Vistano \u260e Beratung","isPartOf":{"@id":"https:\/\/gesundheitsberatung.com\/psychologie\/#website"},"primaryImageOfPage":{"@id":"https:\/\/gesundheitsberatung.com\/psychologie\/online-beratung\/psychologische-berater\/d-arncken\/#primaryimage"},"image":{"@id":"https:\/\/gesundheitsberatung.com\/psychologie\/online-beratung\/psychologische-berater\/d-arncken\/#primaryimage"},"thumbnailUrl":"https:\/\/gesundheitsberatung.com\/psychologie\/wp-content\/uploads\/sites\/2\/d-arncken-p-dagogen-vistano-berater-id-6345.jpg","datePublished":"2020-04-16T07:16:13+00:00","dateModified":"2020-05-13T18:46:07+00:00","description":"Vistano P\u00e4dagogen, Psychologische Berater &#187; Dein Bauchgef\u00fchl und deine Intuition wissen genau wie du gl\u00fccklich wirst. Ich begleite dich voller Empathie zur\u00fcck zu deinen inneren Wegweisern.","breadcrumb":{"@id":"https:\/\/gesundheitsberatung.com\/psychologie\/online-beratung\/psychologische-berater\/d-arncken\/#breadcrumb"},"inLanguage":"de","potentialAction":[{"@type":"ReadAction","target":["https:\/\/gesundheitsberatung.com\/psychologie\/online-beratung\/psychologische-berater\/d-arncken\/"]}]},{"@type":"ImageObject","inLanguage":"de","@id":"https:\/\/gesundheitsberatung.com\/psychologie\/online-beratung\/psychologische-berater\/d-arncken\/#primaryimage","url":"https:\/\/gesundheitsberatung.com\/psychologie\/wp-content\/uploads\/sites\/2\/d-arncken-p-dagogen-vistano-berater-id-6345.jpg","contentUrl":"https:\/\/gesundheitsberatung.com\/psychologie\/wp-content\/uploads\/sites\/2\/d-arncken-p-dagogen-vistano-berater-id-6345.jpg","width":800,"height":800,"caption":"P\u00e4dagogen D. Arncken - Berater-ID: 6345"},{"@type":"BreadcrumbList","@id":"https:\/\/gesundheitsberatung.com\/psychologie\/online-beratung\/psychologische-berater\/d-arncken\/#breadcrumb","itemListElement":[{"@type":"ListItem","position":1,"name":"Home","item":"https:\/\/gesundheitsberatung.com\/psychologie\/"},{"@type":"ListItem","position":2,"name":"Produkte","item":"https:\/\/gesundheitsberatung.com\/psychologie\/shop\/"},{"@type":"ListItem","position":3,"name":"Online Beratung","item":"https:\/\/gesundheitsberatung.com\/psychologie\/online_berater\/online-beratung\/"},{"@type":"ListItem","position":4,"name":"P\u00e4dagogen","item":"https:\/\/gesundheitsberatung.com\/psychologie\/online_berater\/paedagogen\/"},{"@type":"ListItem","position":5,"name":"D. Arncken"}]},{"@type":"WebSite","@id":"https:\/\/gesundheitsberatung.com\/psychologie\/#website","url":"https:\/\/gesundheitsberatung.com\/psychologie\/","name":"Psychologie","description":"Psychologie \u260e Beratung durch Psychologen! Jetzt Gratis-Beratung sichern: \u2714 Diplom Psychologen \u2714 Heilpraktiker f\u00fcr Psychotherapie \u2714 Psychotherapeuten \u2714 Psychologische Berater bei Vistano Psychologie.","potentialAction":[{"@type":"SearchAction","target":{"@type":"EntryPoint","urlTemplate":"https:\/\/gesundheitsberatung.com\/psychologie\/?s={search_term_string}"},"query-input":{"@type":"PropertyValueSpecification","valueRequired":true,"valueName":"search_term_string"}}],"inLanguage":"de"}]}},"_links":{"self":[{"href":"https:\/\/gesundheitsberatung.com\/psychologie\/wp-json\/wp\/v2\/product\/26601","targetHints":{"allow":["GET"]}}],"collection":[{"href":"https:\/\/gesundheitsberatung.com\/psychologie\/wp-json\/wp\/v2\/product"}],"about":[{"href":"https:\/\/gesundheitsberatung.com\/psychologie\/wp-json\/wp\/v2\/types\/product"}],"replies":[{"embeddable":true,"href":"https:\/\/gesundheitsberatung.com\/psychologie\/wp-json\/wp\/v2\/comments?post=26601"}],"wp:featuredmedia":[{"embeddable":true,"href":"https:\/\/gesundheitsberatung.com\/psychologie\/wp-json\/wp\/v2\/media\/26602"}],"wp:attachment":[{"href":"https:\/\/gesundheitsberatung.com\/psychologie\/wp-json\/wp\/v2\/media?parent=26601"}],"wp:term":[{"taxonomy":"product_cat","embeddable":true,"href":"https:\/\/gesundheitsberatung.com\/psychologie\/wp-json\/wp\/v2\/product_cat?post=26601"},{"taxonomy":"product_tag","embeddable":true,"href":"https:\/\/gesundheitsberatung.com\/psychologie\/wp-json\/wp\/v2\/product_tag?post=26601"}],"curies":[{"name":"wp","href":"https:\/\/api.w.org\/{rel}","templated":true}]}}