{"id":25986,"date":"2019-07-30T20:16:21","date_gmt":"2019-07-30T18:16:21","guid":{"rendered":"https:\/\/gesundheitsberatung.com\/psychologie\/?post_type=product&#038;p=25986"},"modified":"2021-03-11T19:31:03","modified_gmt":"2021-03-11T18:31:03","slug":"k-teifke","status":"publish","type":"product","link":"https:\/\/gesundheitsberatung.com\/psychologie\/online-beratung\/psychologische-berater\/k-teifke\/","title":{"rendered":"K. Teifke"},"content":{"rendered":"<p><span class=\"hinweis_text_single_berater\">Du wei\u00dft nicht weiter? Lass uns dar\u00fcber reden.<\/span><\/p>\n<p>All Deine \u00dcberzeugungen, Annahmen, Gedanken, Deine Pr\u00e4gungen und Erfahrungen ab Deiner Zeugung, bilden Deine Meinung \u00fcber das, was ist. Auf dieser Basis beurteilst und bewertest Du Situationen in Deinem Leben und das Verhalten Deiner Mitmenschen. Du hast also einen entscheidenden Einfluss darauf, wie Du Dich f\u00fchlst, was Du denkst, ob Dich jemand oder etwas traurig macht, gl\u00fccklich oder Dich gleichg\u00fcltig bleiben l\u00e4sst. Ich verspreche Dir nichts. Aber vielleicht kommst Du mit meiner Begleitung in ein offenes Gespr\u00e4ch mit Dir selbst. Es geht nicht darum, Deine Meinung mit Zwang oder gar einer Art Gehirnw\u00e4sche und Druck ver\u00e4ndern zu wollen. Sondern es geht um das Verstehen. \u00d6ffne Deinen Gedankenraum f\u00fcr neue\/andere Perspektiven, denn die Realit\u00e4t ist meist v\u00f6llig neutral, weder \u201egut\u201c noch \u201eschlecht\u201c, auch wenn sie Dich scheinbar gerade aus der Bahn wirft. Stelle Dir selbst die richtigen Fragen, um die Vielf\u00e4ltigkeit der Realit\u00e4t kennen zu lernen. Damit vergr\u00f6\u00dferst Du auch Deinen Handlungsspielraum, um mit schwierigen Situationen umzugehen. Destruktive Glaubenss\u00e4tze k\u00f6nnen so aufgesp\u00fcrt, hinterfragt, gegebenenfalls korrigiert, oder sogar g\u00e4nzlich \u00fcber Bord geworfen werden. Das Einzige, was Du daf\u00fcr ben\u00f6tigst, ist ein offenes Herz und ein offener Geist, der sich traut, neue, vielleicht unbekannte Wege zu gehen.<span class=\"display_none\">6313<\/span><\/p>\n","protected":false},"excerpt":{"rendered":"<p>Wirkliche Ver\u00e4nderung beginnt in Dir selbst. Doch manchmal braucht es Input von au\u00dfen, um eigene St\u00e4rken (wieder) zu entdecken. Reden wir dr\u00fcber :-)<\/p>\n","protected":false},"featured_media":26530,"comment_status":"open","ping_status":"closed","template":"","meta":[],"product_cat":[],"product_tag":[],"class_list":["post-25986","product","type-product","status-publish","has-post-thumbnail","hentry","online_berater-psychologische-berater"],"yoast_head":"<!-- This site is optimized with the Yoast SEO plugin v26.0 - https:\/\/yoast.com\/wordpress\/plugins\/seo\/ -->\n<title>K. Teifke &#187; Psychologische Berater &#187; Vistano \u260e Beratung<\/title>\n<meta name=\"description\" content=\"Vistano Psychologische Berater &#187; Wirkliche Ver\u00e4nderung beginnt in Dir selbst. Doch manchmal braucht es Input von au\u00dfen, um eigene St\u00e4rken (wieder) zu entdecken. Reden wir dr\u00fcber :-)\" \/>\n<meta name=\"robots\" content=\"index, follow, max-snippet:-1, max-image-preview:large, max-video-preview:-1\" \/>\n<link rel=\"canonical\" href=\"https:\/\/gesundheitsberatung.com\/psychologie\/online-beratung\/psychologische-berater\/k-teifke\/\" \/>\n<meta property=\"og:locale\" content=\"de_DE\" \/>\n<meta property=\"og:type\" content=\"article\" \/>\n<meta property=\"og:title\" content=\"K. Teifke &#187; Psychologische Berater &#187; Vistano \u260e Beratung\" \/>\n<meta property=\"og:description\" content=\"Vistano Psychologische Berater &#187; Wirkliche Ver\u00e4nderung beginnt in Dir selbst. Doch manchmal braucht es Input von au\u00dfen, um eigene St\u00e4rken (wieder) zu entdecken. Reden wir dr\u00fcber :-)\" \/>\n<meta property=\"og:url\" content=\"https:\/\/gesundheitsberatung.com\/psychologie\/online-beratung\/psychologische-berater\/k-teifke\/\" \/>\n<meta property=\"og:site_name\" content=\"Psychologie\" \/>\n<meta property=\"article:publisher\" content=\"https:\/\/www.facebook.com\/psychologie\/\" \/>\n<meta property=\"article:modified_time\" content=\"2021-03-11T18:31:03+00:00\" \/>\n<meta property=\"og:image\" content=\"https:\/\/gesundheitsberatung.com\/psychologie\/wp-content\/uploads\/sites\/2\/k-teifke-psychologische-berater-vistano-berater-id-6313.jpg\" \/>\n\t<meta property=\"og:image:width\" content=\"800\" \/>\n\t<meta property=\"og:image:height\" content=\"800\" \/>\n\t<meta property=\"og:image:type\" content=\"image\/jpeg\" \/>\n<meta name=\"twitter:card\" content=\"summary_large_image\" \/>\n<meta name=\"twitter:site\" content=\"@Vistano\" \/>\n<script type=\"application\/ld+json\" class=\"yoast-schema-graph\">{\"@context\":\"https:\/\/schema.org\",\"@graph\":[{\"@type\":\"WebPage\",\"@id\":\"https:\/\/gesundheitsberatung.com\/psychologie\/online-beratung\/psychologische-berater\/k-teifke\/\",\"url\":\"https:\/\/gesundheitsberatung.com\/psychologie\/online-beratung\/psychologische-berater\/k-teifke\/\",\"name\":\"K. Teifke &#187; Psychologische Berater &#187; Vistano \u260e Beratung\",\"isPartOf\":{\"@id\":\"https:\/\/gesundheitsberatung.com\/psychologie\/#website\"},\"primaryImageOfPage\":{\"@id\":\"https:\/\/gesundheitsberatung.com\/psychologie\/online-beratung\/psychologische-berater\/k-teifke\/#primaryimage\"},\"image\":{\"@id\":\"https:\/\/gesundheitsberatung.com\/psychologie\/online-beratung\/psychologische-berater\/k-teifke\/#primaryimage\"},\"thumbnailUrl\":\"https:\/\/gesundheitsberatung.com\/psychologie\/wp-content\/uploads\/sites\/2\/k-teifke-psychologische-berater-vistano-berater-id-6313.jpg\",\"datePublished\":\"2019-07-30T18:16:21+00:00\",\"dateModified\":\"2021-03-11T18:31:03+00:00\",\"description\":\"Vistano Psychologische Berater &#187; Wirkliche Ver\u00e4nderung beginnt in Dir selbst. Doch manchmal braucht es Input von au\u00dfen, um eigene St\u00e4rken (wieder) zu entdecken. Reden wir dr\u00fcber :-)\",\"breadcrumb\":{\"@id\":\"https:\/\/gesundheitsberatung.com\/psychologie\/online-beratung\/psychologische-berater\/k-teifke\/#breadcrumb\"},\"inLanguage\":\"de\",\"potentialAction\":[{\"@type\":\"ReadAction\",\"target\":[\"https:\/\/gesundheitsberatung.com\/psychologie\/online-beratung\/psychologische-berater\/k-teifke\/\"]}]},{\"@type\":\"ImageObject\",\"inLanguage\":\"de\",\"@id\":\"https:\/\/gesundheitsberatung.com\/psychologie\/online-beratung\/psychologische-berater\/k-teifke\/#primaryimage\",\"url\":\"https:\/\/gesundheitsberatung.com\/psychologie\/wp-content\/uploads\/sites\/2\/k-teifke-psychologische-berater-vistano-berater-id-6313.jpg\",\"contentUrl\":\"https:\/\/gesundheitsberatung.com\/psychologie\/wp-content\/uploads\/sites\/2\/k-teifke-psychologische-berater-vistano-berater-id-6313.jpg\",\"width\":800,\"height\":800,\"caption\":\"Psychologische Berater K. Teifke - Berater-ID: 6313\"},{\"@type\":\"BreadcrumbList\",\"@id\":\"https:\/\/gesundheitsberatung.com\/psychologie\/online-beratung\/psychologische-berater\/k-teifke\/#breadcrumb\",\"itemListElement\":[{\"@type\":\"ListItem\",\"position\":1,\"name\":\"Home\",\"item\":\"https:\/\/gesundheitsberatung.com\/psychologie\/\"},{\"@type\":\"ListItem\",\"position\":2,\"name\":\"Produkte\",\"item\":\"https:\/\/gesundheitsberatung.com\/psychologie\/shop\/\"},{\"@type\":\"ListItem\",\"position\":3,\"name\":\"Online Beratung\",\"item\":\"https:\/\/gesundheitsberatung.com\/psychologie\/online_berater\/online-beratung\/\"},{\"@type\":\"ListItem\",\"position\":4,\"name\":\"Psychologische Berater\",\"item\":\"https:\/\/gesundheitsberatung.com\/psychologie\/online_berater\/psychologische-berater\/\"},{\"@type\":\"ListItem\",\"position\":5,\"name\":\"K. Teifke\"}]},{\"@type\":\"WebSite\",\"@id\":\"https:\/\/gesundheitsberatung.com\/psychologie\/#website\",\"url\":\"https:\/\/gesundheitsberatung.com\/psychologie\/\",\"name\":\"Psychologie\",\"description\":\"Psychologie \u260e Beratung durch Psychologen! Jetzt Gratis-Beratung sichern: \u2714 Diplom Psychologen \u2714 Heilpraktiker f\u00fcr Psychotherapie \u2714 Psychotherapeuten \u2714 Psychologische Berater bei Vistano Psychologie.\",\"potentialAction\":[{\"@type\":\"SearchAction\",\"target\":{\"@type\":\"EntryPoint\",\"urlTemplate\":\"https:\/\/gesundheitsberatung.com\/psychologie\/?s={search_term_string}\"},\"query-input\":{\"@type\":\"PropertyValueSpecification\",\"valueRequired\":true,\"valueName\":\"search_term_string\"}}],\"inLanguage\":\"de\"}]}<\/script>\n<!-- \/ Yoast SEO plugin. -->","yoast_head_json":{"title":"K. Teifke &#187; Psychologische Berater &#187; Vistano \u260e Beratung","description":"Vistano Psychologische Berater &#187; Wirkliche Ver\u00e4nderung beginnt in Dir selbst. Doch manchmal braucht es Input von au\u00dfen, um eigene St\u00e4rken (wieder) zu entdecken. Reden wir dr\u00fcber :-)","robots":{"index":"index","follow":"follow","max-snippet":"max-snippet:-1","max-image-preview":"max-image-preview:large","max-video-preview":"max-video-preview:-1"},"canonical":"https:\/\/gesundheitsberatung.com\/psychologie\/online-beratung\/psychologische-berater\/k-teifke\/","og_locale":"de_DE","og_type":"article","og_title":"K. Teifke &#187; Psychologische Berater &#187; Vistano \u260e Beratung","og_description":"Vistano Psychologische Berater &#187; Wirkliche Ver\u00e4nderung beginnt in Dir selbst. Doch manchmal braucht es Input von au\u00dfen, um eigene St\u00e4rken (wieder) zu entdecken. Reden wir dr\u00fcber :-)","og_url":"https:\/\/gesundheitsberatung.com\/psychologie\/online-beratung\/psychologische-berater\/k-teifke\/","og_site_name":"Psychologie","article_publisher":"https:\/\/www.facebook.com\/psychologie\/","article_modified_time":"2021-03-11T18:31:03+00:00","og_image":[{"width":800,"height":800,"url":"https:\/\/gesundheitsberatung.com\/psychologie\/wp-content\/uploads\/sites\/2\/k-teifke-psychologische-berater-vistano-berater-id-6313.jpg","type":"image\/jpeg"}],"twitter_card":"summary_large_image","twitter_site":"@Vistano","schema":{"@context":"https:\/\/schema.org","@graph":[{"@type":"WebPage","@id":"https:\/\/gesundheitsberatung.com\/psychologie\/online-beratung\/psychologische-berater\/k-teifke\/","url":"https:\/\/gesundheitsberatung.com\/psychologie\/online-beratung\/psychologische-berater\/k-teifke\/","name":"K. Teifke &#187; Psychologische Berater &#187; Vistano \u260e Beratung","isPartOf":{"@id":"https:\/\/gesundheitsberatung.com\/psychologie\/#website"},"primaryImageOfPage":{"@id":"https:\/\/gesundheitsberatung.com\/psychologie\/online-beratung\/psychologische-berater\/k-teifke\/#primaryimage"},"image":{"@id":"https:\/\/gesundheitsberatung.com\/psychologie\/online-beratung\/psychologische-berater\/k-teifke\/#primaryimage"},"thumbnailUrl":"https:\/\/gesundheitsberatung.com\/psychologie\/wp-content\/uploads\/sites\/2\/k-teifke-psychologische-berater-vistano-berater-id-6313.jpg","datePublished":"2019-07-30T18:16:21+00:00","dateModified":"2021-03-11T18:31:03+00:00","description":"Vistano Psychologische Berater &#187; Wirkliche Ver\u00e4nderung beginnt in Dir selbst. Doch manchmal braucht es Input von au\u00dfen, um eigene St\u00e4rken (wieder) zu entdecken. Reden wir dr\u00fcber :-)","breadcrumb":{"@id":"https:\/\/gesundheitsberatung.com\/psychologie\/online-beratung\/psychologische-berater\/k-teifke\/#breadcrumb"},"inLanguage":"de","potentialAction":[{"@type":"ReadAction","target":["https:\/\/gesundheitsberatung.com\/psychologie\/online-beratung\/psychologische-berater\/k-teifke\/"]}]},{"@type":"ImageObject","inLanguage":"de","@id":"https:\/\/gesundheitsberatung.com\/psychologie\/online-beratung\/psychologische-berater\/k-teifke\/#primaryimage","url":"https:\/\/gesundheitsberatung.com\/psychologie\/wp-content\/uploads\/sites\/2\/k-teifke-psychologische-berater-vistano-berater-id-6313.jpg","contentUrl":"https:\/\/gesundheitsberatung.com\/psychologie\/wp-content\/uploads\/sites\/2\/k-teifke-psychologische-berater-vistano-berater-id-6313.jpg","width":800,"height":800,"caption":"Psychologische Berater K. Teifke - Berater-ID: 6313"},{"@type":"BreadcrumbList","@id":"https:\/\/gesundheitsberatung.com\/psychologie\/online-beratung\/psychologische-berater\/k-teifke\/#breadcrumb","itemListElement":[{"@type":"ListItem","position":1,"name":"Home","item":"https:\/\/gesundheitsberatung.com\/psychologie\/"},{"@type":"ListItem","position":2,"name":"Produkte","item":"https:\/\/gesundheitsberatung.com\/psychologie\/shop\/"},{"@type":"ListItem","position":3,"name":"Online Beratung","item":"https:\/\/gesundheitsberatung.com\/psychologie\/online_berater\/online-beratung\/"},{"@type":"ListItem","position":4,"name":"Psychologische Berater","item":"https:\/\/gesundheitsberatung.com\/psychologie\/online_berater\/psychologische-berater\/"},{"@type":"ListItem","position":5,"name":"K. Teifke"}]},{"@type":"WebSite","@id":"https:\/\/gesundheitsberatung.com\/psychologie\/#website","url":"https:\/\/gesundheitsberatung.com\/psychologie\/","name":"Psychologie","description":"Psychologie \u260e Beratung durch Psychologen! Jetzt Gratis-Beratung sichern: \u2714 Diplom Psychologen \u2714 Heilpraktiker f\u00fcr Psychotherapie \u2714 Psychotherapeuten \u2714 Psychologische Berater bei Vistano Psychologie.","potentialAction":[{"@type":"SearchAction","target":{"@type":"EntryPoint","urlTemplate":"https:\/\/gesundheitsberatung.com\/psychologie\/?s={search_term_string}"},"query-input":{"@type":"PropertyValueSpecification","valueRequired":true,"valueName":"search_term_string"}}],"inLanguage":"de"}]}},"_links":{"self":[{"href":"https:\/\/gesundheitsberatung.com\/psychologie\/wp-json\/wp\/v2\/product\/25986","targetHints":{"allow":["GET"]}}],"collection":[{"href":"https:\/\/gesundheitsberatung.com\/psychologie\/wp-json\/wp\/v2\/product"}],"about":[{"href":"https:\/\/gesundheitsberatung.com\/psychologie\/wp-json\/wp\/v2\/types\/product"}],"replies":[{"embeddable":true,"href":"https:\/\/gesundheitsberatung.com\/psychologie\/wp-json\/wp\/v2\/comments?post=25986"}],"wp:featuredmedia":[{"embeddable":true,"href":"https:\/\/gesundheitsberatung.com\/psychologie\/wp-json\/wp\/v2\/media\/26530"}],"wp:attachment":[{"href":"https:\/\/gesundheitsberatung.com\/psychologie\/wp-json\/wp\/v2\/media?parent=25986"}],"wp:term":[{"taxonomy":"product_cat","embeddable":true,"href":"https:\/\/gesundheitsberatung.com\/psychologie\/wp-json\/wp\/v2\/product_cat?post=25986"},{"taxonomy":"product_tag","embeddable":true,"href":"https:\/\/gesundheitsberatung.com\/psychologie\/wp-json\/wp\/v2\/product_tag?post=25986"}],"curies":[{"name":"wp","href":"https:\/\/api.w.org\/{rel}","templated":true}]}}