{"id":25977,"date":"2019-07-24T20:51:21","date_gmt":"2019-07-24T18:51:21","guid":{"rendered":"https:\/\/gesundheitsberatung.com\/psychologie\/?post_type=product&#038;p=25977"},"modified":"2020-02-27T17:08:30","modified_gmt":"2020-02-27T16:08:30","slug":"s-boelling","status":"publish","type":"product","link":"https:\/\/gesundheitsberatung.com\/psychologie\/online-beratung\/heilpraktiker-fuer-psychotherapie\/s-boelling\/","title":{"rendered":"S. B\u00f6lling"},"content":{"rendered":"<p><span class=\"hinweis_text_single_berater\">Positive Selbstbeziehung als Grundlage f\u00fcr alles &#8211; Selbstliebe als Schl\u00fcssel<\/span><\/p>\n<p>Meine gr\u00f6\u00dfte Leidenschaft ist es, anderen Menschen die Hand zu reichen, mit ihnen gemeinsam zu erleben wie sich St\u00e4rke, Kraft und Wachstum entwickelt. Das vorhandene Potential zum Vorschein kommt!<\/p>\n<p>Empathie, unbedingte Wertsch\u00e4tzung und Akzeptanz (Toleranz) und das echte Interesse am Leben anderer, das macht mich als Therapeut aus. Aber auch meine positive, offene und humorvolle Art bekommen gerade in meiner Methode (PEP) ihren Platz. Humor und Leichtigkeit in der Therapie oder Beratung sind tolle, eindrucksvolle und lange ignorierte Faktoren in der Psychotherapie.<\/p>\n<p>Meine Ausrichtung und mein Verst\u00e4ndnis von Psychotherapie ist gepr\u00e4gt durch die ganzheitliche Psychologie. <br \/>\nGanzheitlich hei\u00dft: K\u00f6rper\/Geist und Seele. Der Mensch als dieses Ganze im gesamten System seiner Umwelt.<br \/>\nIn der Beratung h\u00f6re ich Ihnen zun\u00e4chst einmal aufrichtig und mitf\u00fchlend zu, dann blicken wir auf die Ressourcen, die Sie bereits mitbringen. Bereiche, die Sie noch als verbesserungsw\u00fcrdig erleben, erweitern wir zusammen um Ihre eigenen St\u00e4rken. Wir st\u00e4rken Ihre Selbstbeziehung und positive Selbstwahrnehmung, denn Sie sind l\u00e4ngst ein Gewinner!<br \/>\nEs geht nicht immer um die Analyse des Vergangenen, sondern um die f\u00fcrsorgliche Gestaltung der eigenen Zukunft, nach eigenen Vorstellungen und Bed\u00fcrfnissen.<\/p>\n<p>Ich freue mich sehr auf Sie, Ihre Susanne B\u00f6lling<\/p>\n<p>&#8211; Psychotherapie in eigener Praxis, psychotherapeutische Beratung und Coaching &#8211; <span class=\"display_none\">6307<\/span><\/p>\n","protected":false},"excerpt":{"rendered":"<p>Ihr Ansprechpartner in emotionalen Krisen. Spezialisiert auf Angstst\u00f6rungen aller Art, Coaching zu Beziehung, Selbstverwirklichung und Neuanfang. <\/p>\n","protected":false},"featured_media":26525,"comment_status":"open","ping_status":"closed","template":"","meta":[],"product_cat":[],"product_tag":[],"class_list":["post-25977","product","type-product","status-publish","has-post-thumbnail","hentry","online_berater-heilpraktiker-fuer-psychotherapie"],"yoast_head":"<!-- This site is optimized with the Yoast SEO plugin v26.0 - https:\/\/yoast.com\/wordpress\/plugins\/seo\/ -->\n<title>S. B\u00f6lling &#187; Heilpraktiker f\u00fcr Psychotherapie &#187; Vistano \u260e Beratung<\/title>\n<meta name=\"description\" content=\"Vistano Heilpraktiker f\u00fcr Psychotherapie &#187; Ihr Ansprechpartner in emotionalen Krisen. Spezialisiert auf Angstst\u00f6rungen aller Art, Coaching zu Beziehung, Selbstverwirklichung und Neuanfang.\" \/>\n<meta name=\"robots\" content=\"index, follow, max-snippet:-1, max-image-preview:large, max-video-preview:-1\" \/>\n<link rel=\"canonical\" href=\"https:\/\/gesundheitsberatung.com\/psychologie\/online-beratung\/heilpraktiker-fuer-psychotherapie\/s-boelling\/\" \/>\n<meta property=\"og:locale\" content=\"de_DE\" \/>\n<meta property=\"og:type\" content=\"article\" \/>\n<meta property=\"og:title\" content=\"S. B\u00f6lling &#187; Heilpraktiker f\u00fcr Psychotherapie &#187; Vistano \u260e Beratung\" \/>\n<meta property=\"og:description\" content=\"Vistano Heilpraktiker f\u00fcr Psychotherapie &#187; Ihr Ansprechpartner in emotionalen Krisen. Spezialisiert auf Angstst\u00f6rungen aller Art, Coaching zu Beziehung, Selbstverwirklichung und Neuanfang.\" \/>\n<meta property=\"og:url\" content=\"https:\/\/gesundheitsberatung.com\/psychologie\/online-beratung\/heilpraktiker-fuer-psychotherapie\/s-boelling\/\" \/>\n<meta property=\"og:site_name\" content=\"Psychologie\" \/>\n<meta property=\"article:publisher\" content=\"https:\/\/www.facebook.com\/psychologie\/\" \/>\n<meta property=\"article:modified_time\" content=\"2020-02-27T16:08:30+00:00\" \/>\n<meta property=\"og:image\" content=\"https:\/\/gesundheitsberatung.com\/psychologie\/wp-content\/uploads\/sites\/2\/s-b-lling-heilpraktiker-f-r-psychotherapie-vistano-berater-id-6307.jpg\" \/>\n\t<meta property=\"og:image:width\" content=\"800\" \/>\n\t<meta property=\"og:image:height\" content=\"800\" \/>\n\t<meta property=\"og:image:type\" content=\"image\/jpeg\" \/>\n<meta name=\"twitter:card\" content=\"summary_large_image\" \/>\n<meta name=\"twitter:site\" content=\"@Vistano\" \/>\n<script type=\"application\/ld+json\" class=\"yoast-schema-graph\">{\"@context\":\"https:\/\/schema.org\",\"@graph\":[{\"@type\":\"WebPage\",\"@id\":\"https:\/\/gesundheitsberatung.com\/psychologie\/online-beratung\/heilpraktiker-fuer-psychotherapie\/s-boelling\/\",\"url\":\"https:\/\/gesundheitsberatung.com\/psychologie\/online-beratung\/heilpraktiker-fuer-psychotherapie\/s-boelling\/\",\"name\":\"S. B\u00f6lling &#187; Heilpraktiker f\u00fcr Psychotherapie &#187; Vistano \u260e Beratung\",\"isPartOf\":{\"@id\":\"https:\/\/gesundheitsberatung.com\/psychologie\/#website\"},\"primaryImageOfPage\":{\"@id\":\"https:\/\/gesundheitsberatung.com\/psychologie\/online-beratung\/heilpraktiker-fuer-psychotherapie\/s-boelling\/#primaryimage\"},\"image\":{\"@id\":\"https:\/\/gesundheitsberatung.com\/psychologie\/online-beratung\/heilpraktiker-fuer-psychotherapie\/s-boelling\/#primaryimage\"},\"thumbnailUrl\":\"https:\/\/gesundheitsberatung.com\/psychologie\/wp-content\/uploads\/sites\/2\/s-b-lling-heilpraktiker-f-r-psychotherapie-vistano-berater-id-6307.jpg\",\"datePublished\":\"2019-07-24T18:51:21+00:00\",\"dateModified\":\"2020-02-27T16:08:30+00:00\",\"description\":\"Vistano Heilpraktiker f\u00fcr Psychotherapie &#187; Ihr Ansprechpartner in emotionalen Krisen. Spezialisiert auf Angstst\u00f6rungen aller Art, Coaching zu Beziehung, Selbstverwirklichung und Neuanfang.\",\"breadcrumb\":{\"@id\":\"https:\/\/gesundheitsberatung.com\/psychologie\/online-beratung\/heilpraktiker-fuer-psychotherapie\/s-boelling\/#breadcrumb\"},\"inLanguage\":\"de\",\"potentialAction\":[{\"@type\":\"ReadAction\",\"target\":[\"https:\/\/gesundheitsberatung.com\/psychologie\/online-beratung\/heilpraktiker-fuer-psychotherapie\/s-boelling\/\"]}]},{\"@type\":\"ImageObject\",\"inLanguage\":\"de\",\"@id\":\"https:\/\/gesundheitsberatung.com\/psychologie\/online-beratung\/heilpraktiker-fuer-psychotherapie\/s-boelling\/#primaryimage\",\"url\":\"https:\/\/gesundheitsberatung.com\/psychologie\/wp-content\/uploads\/sites\/2\/s-b-lling-heilpraktiker-f-r-psychotherapie-vistano-berater-id-6307.jpg\",\"contentUrl\":\"https:\/\/gesundheitsberatung.com\/psychologie\/wp-content\/uploads\/sites\/2\/s-b-lling-heilpraktiker-f-r-psychotherapie-vistano-berater-id-6307.jpg\",\"width\":800,\"height\":800,\"caption\":\"Heilpraktiker f\u00fcr Psychotherapie S. B\u00f6lling - Berater-ID: 6307\"},{\"@type\":\"BreadcrumbList\",\"@id\":\"https:\/\/gesundheitsberatung.com\/psychologie\/online-beratung\/heilpraktiker-fuer-psychotherapie\/s-boelling\/#breadcrumb\",\"itemListElement\":[{\"@type\":\"ListItem\",\"position\":1,\"name\":\"Home\",\"item\":\"https:\/\/gesundheitsberatung.com\/psychologie\/\"},{\"@type\":\"ListItem\",\"position\":2,\"name\":\"Produkte\",\"item\":\"https:\/\/gesundheitsberatung.com\/psychologie\/shop\/\"},{\"@type\":\"ListItem\",\"position\":3,\"name\":\"Online Beratung\",\"item\":\"https:\/\/gesundheitsberatung.com\/psychologie\/online_berater\/online-beratung\/\"},{\"@type\":\"ListItem\",\"position\":4,\"name\":\"Heilpraktiker f\u00fcr Psychotherapie\",\"item\":\"https:\/\/gesundheitsberatung.com\/psychologie\/online_berater\/heilpraktiker-fuer-psychotherapie\/\"},{\"@type\":\"ListItem\",\"position\":5,\"name\":\"S. B\u00f6lling\"}]},{\"@type\":\"WebSite\",\"@id\":\"https:\/\/gesundheitsberatung.com\/psychologie\/#website\",\"url\":\"https:\/\/gesundheitsberatung.com\/psychologie\/\",\"name\":\"Psychologie\",\"description\":\"Psychologie \u260e Beratung durch Psychologen! Jetzt Gratis-Beratung sichern: \u2714 Diplom Psychologen \u2714 Heilpraktiker f\u00fcr Psychotherapie \u2714 Psychotherapeuten \u2714 Psychologische Berater bei Vistano Psychologie.\",\"potentialAction\":[{\"@type\":\"SearchAction\",\"target\":{\"@type\":\"EntryPoint\",\"urlTemplate\":\"https:\/\/gesundheitsberatung.com\/psychologie\/?s={search_term_string}\"},\"query-input\":{\"@type\":\"PropertyValueSpecification\",\"valueRequired\":true,\"valueName\":\"search_term_string\"}}],\"inLanguage\":\"de\"}]}<\/script>\n<!-- \/ Yoast SEO plugin. -->","yoast_head_json":{"title":"S. B\u00f6lling &#187; Heilpraktiker f\u00fcr Psychotherapie &#187; Vistano \u260e Beratung","description":"Vistano Heilpraktiker f\u00fcr Psychotherapie &#187; Ihr Ansprechpartner in emotionalen Krisen. Spezialisiert auf Angstst\u00f6rungen aller Art, Coaching zu Beziehung, Selbstverwirklichung und Neuanfang.","robots":{"index":"index","follow":"follow","max-snippet":"max-snippet:-1","max-image-preview":"max-image-preview:large","max-video-preview":"max-video-preview:-1"},"canonical":"https:\/\/gesundheitsberatung.com\/psychologie\/online-beratung\/heilpraktiker-fuer-psychotherapie\/s-boelling\/","og_locale":"de_DE","og_type":"article","og_title":"S. B\u00f6lling &#187; Heilpraktiker f\u00fcr Psychotherapie &#187; Vistano \u260e Beratung","og_description":"Vistano Heilpraktiker f\u00fcr Psychotherapie &#187; Ihr Ansprechpartner in emotionalen Krisen. Spezialisiert auf Angstst\u00f6rungen aller Art, Coaching zu Beziehung, Selbstverwirklichung und Neuanfang.","og_url":"https:\/\/gesundheitsberatung.com\/psychologie\/online-beratung\/heilpraktiker-fuer-psychotherapie\/s-boelling\/","og_site_name":"Psychologie","article_publisher":"https:\/\/www.facebook.com\/psychologie\/","article_modified_time":"2020-02-27T16:08:30+00:00","og_image":[{"width":800,"height":800,"url":"https:\/\/gesundheitsberatung.com\/psychologie\/wp-content\/uploads\/sites\/2\/s-b-lling-heilpraktiker-f-r-psychotherapie-vistano-berater-id-6307.jpg","type":"image\/jpeg"}],"twitter_card":"summary_large_image","twitter_site":"@Vistano","schema":{"@context":"https:\/\/schema.org","@graph":[{"@type":"WebPage","@id":"https:\/\/gesundheitsberatung.com\/psychologie\/online-beratung\/heilpraktiker-fuer-psychotherapie\/s-boelling\/","url":"https:\/\/gesundheitsberatung.com\/psychologie\/online-beratung\/heilpraktiker-fuer-psychotherapie\/s-boelling\/","name":"S. B\u00f6lling &#187; Heilpraktiker f\u00fcr Psychotherapie &#187; Vistano \u260e Beratung","isPartOf":{"@id":"https:\/\/gesundheitsberatung.com\/psychologie\/#website"},"primaryImageOfPage":{"@id":"https:\/\/gesundheitsberatung.com\/psychologie\/online-beratung\/heilpraktiker-fuer-psychotherapie\/s-boelling\/#primaryimage"},"image":{"@id":"https:\/\/gesundheitsberatung.com\/psychologie\/online-beratung\/heilpraktiker-fuer-psychotherapie\/s-boelling\/#primaryimage"},"thumbnailUrl":"https:\/\/gesundheitsberatung.com\/psychologie\/wp-content\/uploads\/sites\/2\/s-b-lling-heilpraktiker-f-r-psychotherapie-vistano-berater-id-6307.jpg","datePublished":"2019-07-24T18:51:21+00:00","dateModified":"2020-02-27T16:08:30+00:00","description":"Vistano Heilpraktiker f\u00fcr Psychotherapie &#187; Ihr Ansprechpartner in emotionalen Krisen. Spezialisiert auf Angstst\u00f6rungen aller Art, Coaching zu Beziehung, Selbstverwirklichung und Neuanfang.","breadcrumb":{"@id":"https:\/\/gesundheitsberatung.com\/psychologie\/online-beratung\/heilpraktiker-fuer-psychotherapie\/s-boelling\/#breadcrumb"},"inLanguage":"de","potentialAction":[{"@type":"ReadAction","target":["https:\/\/gesundheitsberatung.com\/psychologie\/online-beratung\/heilpraktiker-fuer-psychotherapie\/s-boelling\/"]}]},{"@type":"ImageObject","inLanguage":"de","@id":"https:\/\/gesundheitsberatung.com\/psychologie\/online-beratung\/heilpraktiker-fuer-psychotherapie\/s-boelling\/#primaryimage","url":"https:\/\/gesundheitsberatung.com\/psychologie\/wp-content\/uploads\/sites\/2\/s-b-lling-heilpraktiker-f-r-psychotherapie-vistano-berater-id-6307.jpg","contentUrl":"https:\/\/gesundheitsberatung.com\/psychologie\/wp-content\/uploads\/sites\/2\/s-b-lling-heilpraktiker-f-r-psychotherapie-vistano-berater-id-6307.jpg","width":800,"height":800,"caption":"Heilpraktiker f\u00fcr Psychotherapie S. B\u00f6lling - Berater-ID: 6307"},{"@type":"BreadcrumbList","@id":"https:\/\/gesundheitsberatung.com\/psychologie\/online-beratung\/heilpraktiker-fuer-psychotherapie\/s-boelling\/#breadcrumb","itemListElement":[{"@type":"ListItem","position":1,"name":"Home","item":"https:\/\/gesundheitsberatung.com\/psychologie\/"},{"@type":"ListItem","position":2,"name":"Produkte","item":"https:\/\/gesundheitsberatung.com\/psychologie\/shop\/"},{"@type":"ListItem","position":3,"name":"Online Beratung","item":"https:\/\/gesundheitsberatung.com\/psychologie\/online_berater\/online-beratung\/"},{"@type":"ListItem","position":4,"name":"Heilpraktiker f\u00fcr Psychotherapie","item":"https:\/\/gesundheitsberatung.com\/psychologie\/online_berater\/heilpraktiker-fuer-psychotherapie\/"},{"@type":"ListItem","position":5,"name":"S. B\u00f6lling"}]},{"@type":"WebSite","@id":"https:\/\/gesundheitsberatung.com\/psychologie\/#website","url":"https:\/\/gesundheitsberatung.com\/psychologie\/","name":"Psychologie","description":"Psychologie \u260e Beratung durch Psychologen! Jetzt Gratis-Beratung sichern: \u2714 Diplom Psychologen \u2714 Heilpraktiker f\u00fcr Psychotherapie \u2714 Psychotherapeuten \u2714 Psychologische Berater bei Vistano Psychologie.","potentialAction":[{"@type":"SearchAction","target":{"@type":"EntryPoint","urlTemplate":"https:\/\/gesundheitsberatung.com\/psychologie\/?s={search_term_string}"},"query-input":{"@type":"PropertyValueSpecification","valueRequired":true,"valueName":"search_term_string"}}],"inLanguage":"de"}]}},"_links":{"self":[{"href":"https:\/\/gesundheitsberatung.com\/psychologie\/wp-json\/wp\/v2\/product\/25977","targetHints":{"allow":["GET"]}}],"collection":[{"href":"https:\/\/gesundheitsberatung.com\/psychologie\/wp-json\/wp\/v2\/product"}],"about":[{"href":"https:\/\/gesundheitsberatung.com\/psychologie\/wp-json\/wp\/v2\/types\/product"}],"replies":[{"embeddable":true,"href":"https:\/\/gesundheitsberatung.com\/psychologie\/wp-json\/wp\/v2\/comments?post=25977"}],"wp:featuredmedia":[{"embeddable":true,"href":"https:\/\/gesundheitsberatung.com\/psychologie\/wp-json\/wp\/v2\/media\/26525"}],"wp:attachment":[{"href":"https:\/\/gesundheitsberatung.com\/psychologie\/wp-json\/wp\/v2\/media?parent=25977"}],"wp:term":[{"taxonomy":"product_cat","embeddable":true,"href":"https:\/\/gesundheitsberatung.com\/psychologie\/wp-json\/wp\/v2\/product_cat?post=25977"},{"taxonomy":"product_tag","embeddable":true,"href":"https:\/\/gesundheitsberatung.com\/psychologie\/wp-json\/wp\/v2\/product_tag?post=25977"}],"curies":[{"name":"wp","href":"https:\/\/api.w.org\/{rel}","templated":true}]}}