{"id":25975,"date":"2019-07-24T20:16:12","date_gmt":"2019-07-24T18:16:12","guid":{"rendered":"https:\/\/gesundheitsberatung.com\/psychologie\/?post_type=product&#038;p=25975"},"modified":"2020-02-27T17:08:05","modified_gmt":"2020-02-27T16:08:05","slug":"h-laber","status":"publish","type":"product","link":"https:\/\/gesundheitsberatung.com\/psychologie\/online-beratung\/heilpraktiker-fuer-psychotherapie\/h-laber\/","title":{"rendered":"H. Laber"},"content":{"rendered":"<p>Telefonische Familien- und Selbstfindungs-Aufstellungen haben sich seit mehr als 8 Jahren bew\u00e4hrt.Ankommen bei sich durch Selbst-Integration &#8211; Famili\u00e4re Verstrickungen l\u00f6sen &#8211; Familien- und Ahnenthemen heilen &#8211; \u00fcbernommenes Fremdes verabschieden &#8211; Klarheit im Denken und F\u00fchlen erfahren &#8211; falsche Identifikationen loslassen &#8211; fremde Seelenr\u00e4ume verlassen &#8211; eigenen Seelenraum in Besitz nehmen &#8211; das ureigene Potenzial entdecken &#8211; die Kraft gesunder Abgrenzung sp\u00fcren &#8211; Sinn k\u00f6rperlicher Erkrankung erkennen &#8211; Selbstheilungskr\u00e4fte aktivieren &#8211; Trauma sanft und wirksam bearbeiten &#8211; Verletztes Inneres Kind heilen &#8211; Blockiertes ins Flie\u00dfen bringen &#8211; Altes befrieden und hinter sich lassen &#8211; aus dem Leid als Opfer in die Sch\u00f6pferkraft findenVorbereitungWas Sie an Utensilien dazu brauchen sind einige leere Bl\u00e4tter, oder kleine Figuren, Stift, einen Schal, Kette oder Lineal, einen etwas schwereren Stein und ein offenes Herz f\u00fcr sich selbst. Telefonische Aufstellungen haben sich bei meinen Klienten hundertfach bew\u00e4hrt.Seit 1999 biete ich Hilfestellung bei \u2026Beziehungskonflikten in Partnerschaft, Familie oder Beruf &#8211; Verhaltensauff\u00e4lligkeiten der Kinder, AD(H)S &#8211; Unklarheit in den eigenen Gef\u00fchlen &#8211; K\u00f6rperlichen Symptomen und Erkrankungen &#8211; \u00dcberforderung, \u00dcberlastung, Stress, Burnout, Depressionen, Mobbing.Meine HaltungIch sehe auf den Menschen in seiner Ganzheit von K\u00f6rper, Geist und Seele &#8211; eingebunden in sein Generationen \u00fcbergreifendes Familien- und Ahnensystem &#8211; sich entfaltend im f\u00fchlenden Erkennen der Wirkungen grundlegender Lebens- und Naturgesetze.Die eigene Identit\u00e4t \u2013 Das wahre SelbstJeder Mensch besitzt einen einzigartigen und unzerst\u00f6rbaren Kern, sein wahres Selbst, in dem sein vollkommenes Potenzial angelegt ist und alle Antworten auf die Herausforderungen des Lebens. Nur wenige Menschen sind damit verbunden im eigenen Seelenraum und leben was sie wirklich ausmacht. Vielfach ist der eigene Seelenraum von Anspr\u00fcchen anderer besetzt.Ersatz-IdentifikationenViele sind unbemerkt famili\u00e4r verstrickt, versuchen es anderen recht zu machen, strengen sich an, streben nach Anerkennung und Sicherheit, verlieren sich in ihren Beziehungen und Aktivit\u00e4ten, lenken von sich ab, identifizieren sich mit K\u00f6rper, Beruf oder Erfolg und bleiben innerlich doch unzufrieden und leer.Selbst-IntegrationDurch Selbst-Integration seinen wahren Wesenskern kennen lernen \u2013 integrieren \u2013 mehr und mehr leben und bewahren.Dann freue ich mich auf Ihre Reise zu sich selbst.<span class=\"display_none\">6306<\/span><\/p>\n","protected":false},"excerpt":{"rendered":"<p>Telefonische Familien-Aufstellungen &#8211; und System-Aufstellungen f\u00fcr Selbst-Integration zeigen schnell Thema hinter dem Problem und L\u00f6sungen auf \u2026.<\/p>\n","protected":false},"featured_media":26522,"comment_status":"open","ping_status":"closed","template":"","meta":[],"product_cat":[],"product_tag":[],"class_list":["post-25975","product","type-product","status-publish","has-post-thumbnail","hentry","online_berater-heilpraktiker-fuer-psychotherapie"],"yoast_head":"<!-- This site is optimized with the Yoast SEO plugin v26.0 - https:\/\/yoast.com\/wordpress\/plugins\/seo\/ -->\n<title>H. Laber &#187; Heilpraktiker f\u00fcr Psychotherapie &#187; Vistano \u260e Beratung<\/title>\n<meta name=\"description\" content=\"Vistano Heilpraktiker f\u00fcr Psychotherapie &#187; Telefonische Familien-Aufstellungen - und System-Aufstellungen f\u00fcr Selbst-Integration zeigen schnell Thema hinter dem Problem und L\u00f6sungen auf \u2026.\" \/>\n<meta name=\"robots\" content=\"index, follow, max-snippet:-1, max-image-preview:large, max-video-preview:-1\" \/>\n<link rel=\"canonical\" href=\"https:\/\/gesundheitsberatung.com\/psychologie\/online-beratung\/heilpraktiker-fuer-psychotherapie\/h-laber\/\" \/>\n<meta property=\"og:locale\" content=\"de_DE\" \/>\n<meta property=\"og:type\" content=\"article\" \/>\n<meta property=\"og:title\" content=\"H. Laber &#187; Heilpraktiker f\u00fcr Psychotherapie &#187; Vistano \u260e Beratung\" \/>\n<meta property=\"og:description\" content=\"Vistano Heilpraktiker f\u00fcr Psychotherapie &#187; Telefonische Familien-Aufstellungen - und System-Aufstellungen f\u00fcr Selbst-Integration zeigen schnell Thema hinter dem Problem und L\u00f6sungen auf \u2026.\" \/>\n<meta property=\"og:url\" content=\"https:\/\/gesundheitsberatung.com\/psychologie\/online-beratung\/heilpraktiker-fuer-psychotherapie\/h-laber\/\" \/>\n<meta property=\"og:site_name\" content=\"Psychologie\" \/>\n<meta property=\"article:publisher\" content=\"https:\/\/www.facebook.com\/psychologie\/\" \/>\n<meta property=\"article:modified_time\" content=\"2020-02-27T16:08:05+00:00\" \/>\n<meta property=\"og:image\" content=\"https:\/\/gesundheitsberatung.com\/psychologie\/wp-content\/uploads\/sites\/2\/h-laber-heilpraktiker-f-r-psychotherapie-vistano-berater-id-6306.jpg\" \/>\n\t<meta property=\"og:image:width\" content=\"800\" \/>\n\t<meta property=\"og:image:height\" content=\"800\" \/>\n\t<meta property=\"og:image:type\" content=\"image\/jpeg\" \/>\n<meta name=\"twitter:card\" content=\"summary_large_image\" \/>\n<meta name=\"twitter:site\" content=\"@Vistano\" \/>\n<script type=\"application\/ld+json\" class=\"yoast-schema-graph\">{\"@context\":\"https:\/\/schema.org\",\"@graph\":[{\"@type\":\"WebPage\",\"@id\":\"https:\/\/gesundheitsberatung.com\/psychologie\/online-beratung\/heilpraktiker-fuer-psychotherapie\/h-laber\/\",\"url\":\"https:\/\/gesundheitsberatung.com\/psychologie\/online-beratung\/heilpraktiker-fuer-psychotherapie\/h-laber\/\",\"name\":\"H. Laber &#187; Heilpraktiker f\u00fcr Psychotherapie &#187; Vistano \u260e Beratung\",\"isPartOf\":{\"@id\":\"https:\/\/gesundheitsberatung.com\/psychologie\/#website\"},\"primaryImageOfPage\":{\"@id\":\"https:\/\/gesundheitsberatung.com\/psychologie\/online-beratung\/heilpraktiker-fuer-psychotherapie\/h-laber\/#primaryimage\"},\"image\":{\"@id\":\"https:\/\/gesundheitsberatung.com\/psychologie\/online-beratung\/heilpraktiker-fuer-psychotherapie\/h-laber\/#primaryimage\"},\"thumbnailUrl\":\"https:\/\/gesundheitsberatung.com\/psychologie\/wp-content\/uploads\/sites\/2\/h-laber-heilpraktiker-f-r-psychotherapie-vistano-berater-id-6306.jpg\",\"datePublished\":\"2019-07-24T18:16:12+00:00\",\"dateModified\":\"2020-02-27T16:08:05+00:00\",\"description\":\"Vistano Heilpraktiker f\u00fcr Psychotherapie &#187; Telefonische Familien-Aufstellungen - und System-Aufstellungen f\u00fcr Selbst-Integration zeigen schnell Thema hinter dem Problem und L\u00f6sungen auf \u2026.\",\"breadcrumb\":{\"@id\":\"https:\/\/gesundheitsberatung.com\/psychologie\/online-beratung\/heilpraktiker-fuer-psychotherapie\/h-laber\/#breadcrumb\"},\"inLanguage\":\"de\",\"potentialAction\":[{\"@type\":\"ReadAction\",\"target\":[\"https:\/\/gesundheitsberatung.com\/psychologie\/online-beratung\/heilpraktiker-fuer-psychotherapie\/h-laber\/\"]}]},{\"@type\":\"ImageObject\",\"inLanguage\":\"de\",\"@id\":\"https:\/\/gesundheitsberatung.com\/psychologie\/online-beratung\/heilpraktiker-fuer-psychotherapie\/h-laber\/#primaryimage\",\"url\":\"https:\/\/gesundheitsberatung.com\/psychologie\/wp-content\/uploads\/sites\/2\/h-laber-heilpraktiker-f-r-psychotherapie-vistano-berater-id-6306.jpg\",\"contentUrl\":\"https:\/\/gesundheitsberatung.com\/psychologie\/wp-content\/uploads\/sites\/2\/h-laber-heilpraktiker-f-r-psychotherapie-vistano-berater-id-6306.jpg\",\"width\":800,\"height\":800,\"caption\":\"Heilpraktiker f\u00fcr Psychotherapie H. Laber - Berater-ID: 6306\"},{\"@type\":\"BreadcrumbList\",\"@id\":\"https:\/\/gesundheitsberatung.com\/psychologie\/online-beratung\/heilpraktiker-fuer-psychotherapie\/h-laber\/#breadcrumb\",\"itemListElement\":[{\"@type\":\"ListItem\",\"position\":1,\"name\":\"Home\",\"item\":\"https:\/\/gesundheitsberatung.com\/psychologie\/\"},{\"@type\":\"ListItem\",\"position\":2,\"name\":\"Produkte\",\"item\":\"https:\/\/gesundheitsberatung.com\/psychologie\/shop\/\"},{\"@type\":\"ListItem\",\"position\":3,\"name\":\"Online Beratung\",\"item\":\"https:\/\/gesundheitsberatung.com\/psychologie\/online_berater\/online-beratung\/\"},{\"@type\":\"ListItem\",\"position\":4,\"name\":\"Heilpraktiker f\u00fcr Psychotherapie\",\"item\":\"https:\/\/gesundheitsberatung.com\/psychologie\/online_berater\/heilpraktiker-fuer-psychotherapie\/\"},{\"@type\":\"ListItem\",\"position\":5,\"name\":\"H. Laber\"}]},{\"@type\":\"WebSite\",\"@id\":\"https:\/\/gesundheitsberatung.com\/psychologie\/#website\",\"url\":\"https:\/\/gesundheitsberatung.com\/psychologie\/\",\"name\":\"Psychologie\",\"description\":\"Psychologie \u260e Beratung durch Psychologen! Jetzt Gratis-Beratung sichern: \u2714 Diplom Psychologen \u2714 Heilpraktiker f\u00fcr Psychotherapie \u2714 Psychotherapeuten \u2714 Psychologische Berater bei Vistano Psychologie.\",\"potentialAction\":[{\"@type\":\"SearchAction\",\"target\":{\"@type\":\"EntryPoint\",\"urlTemplate\":\"https:\/\/gesundheitsberatung.com\/psychologie\/?s={search_term_string}\"},\"query-input\":{\"@type\":\"PropertyValueSpecification\",\"valueRequired\":true,\"valueName\":\"search_term_string\"}}],\"inLanguage\":\"de\"}]}<\/script>\n<!-- \/ Yoast SEO plugin. -->","yoast_head_json":{"title":"H. Laber &#187; Heilpraktiker f\u00fcr Psychotherapie &#187; Vistano \u260e Beratung","description":"Vistano Heilpraktiker f\u00fcr Psychotherapie &#187; Telefonische Familien-Aufstellungen - und System-Aufstellungen f\u00fcr Selbst-Integration zeigen schnell Thema hinter dem Problem und L\u00f6sungen auf \u2026.","robots":{"index":"index","follow":"follow","max-snippet":"max-snippet:-1","max-image-preview":"max-image-preview:large","max-video-preview":"max-video-preview:-1"},"canonical":"https:\/\/gesundheitsberatung.com\/psychologie\/online-beratung\/heilpraktiker-fuer-psychotherapie\/h-laber\/","og_locale":"de_DE","og_type":"article","og_title":"H. Laber &#187; Heilpraktiker f\u00fcr Psychotherapie &#187; Vistano \u260e Beratung","og_description":"Vistano Heilpraktiker f\u00fcr Psychotherapie &#187; Telefonische Familien-Aufstellungen - und System-Aufstellungen f\u00fcr Selbst-Integration zeigen schnell Thema hinter dem Problem und L\u00f6sungen auf \u2026.","og_url":"https:\/\/gesundheitsberatung.com\/psychologie\/online-beratung\/heilpraktiker-fuer-psychotherapie\/h-laber\/","og_site_name":"Psychologie","article_publisher":"https:\/\/www.facebook.com\/psychologie\/","article_modified_time":"2020-02-27T16:08:05+00:00","og_image":[{"width":800,"height":800,"url":"https:\/\/gesundheitsberatung.com\/psychologie\/wp-content\/uploads\/sites\/2\/h-laber-heilpraktiker-f-r-psychotherapie-vistano-berater-id-6306.jpg","type":"image\/jpeg"}],"twitter_card":"summary_large_image","twitter_site":"@Vistano","schema":{"@context":"https:\/\/schema.org","@graph":[{"@type":"WebPage","@id":"https:\/\/gesundheitsberatung.com\/psychologie\/online-beratung\/heilpraktiker-fuer-psychotherapie\/h-laber\/","url":"https:\/\/gesundheitsberatung.com\/psychologie\/online-beratung\/heilpraktiker-fuer-psychotherapie\/h-laber\/","name":"H. Laber &#187; Heilpraktiker f\u00fcr Psychotherapie &#187; Vistano \u260e Beratung","isPartOf":{"@id":"https:\/\/gesundheitsberatung.com\/psychologie\/#website"},"primaryImageOfPage":{"@id":"https:\/\/gesundheitsberatung.com\/psychologie\/online-beratung\/heilpraktiker-fuer-psychotherapie\/h-laber\/#primaryimage"},"image":{"@id":"https:\/\/gesundheitsberatung.com\/psychologie\/online-beratung\/heilpraktiker-fuer-psychotherapie\/h-laber\/#primaryimage"},"thumbnailUrl":"https:\/\/gesundheitsberatung.com\/psychologie\/wp-content\/uploads\/sites\/2\/h-laber-heilpraktiker-f-r-psychotherapie-vistano-berater-id-6306.jpg","datePublished":"2019-07-24T18:16:12+00:00","dateModified":"2020-02-27T16:08:05+00:00","description":"Vistano Heilpraktiker f\u00fcr Psychotherapie &#187; Telefonische Familien-Aufstellungen - und System-Aufstellungen f\u00fcr Selbst-Integration zeigen schnell Thema hinter dem Problem und L\u00f6sungen auf \u2026.","breadcrumb":{"@id":"https:\/\/gesundheitsberatung.com\/psychologie\/online-beratung\/heilpraktiker-fuer-psychotherapie\/h-laber\/#breadcrumb"},"inLanguage":"de","potentialAction":[{"@type":"ReadAction","target":["https:\/\/gesundheitsberatung.com\/psychologie\/online-beratung\/heilpraktiker-fuer-psychotherapie\/h-laber\/"]}]},{"@type":"ImageObject","inLanguage":"de","@id":"https:\/\/gesundheitsberatung.com\/psychologie\/online-beratung\/heilpraktiker-fuer-psychotherapie\/h-laber\/#primaryimage","url":"https:\/\/gesundheitsberatung.com\/psychologie\/wp-content\/uploads\/sites\/2\/h-laber-heilpraktiker-f-r-psychotherapie-vistano-berater-id-6306.jpg","contentUrl":"https:\/\/gesundheitsberatung.com\/psychologie\/wp-content\/uploads\/sites\/2\/h-laber-heilpraktiker-f-r-psychotherapie-vistano-berater-id-6306.jpg","width":800,"height":800,"caption":"Heilpraktiker f\u00fcr Psychotherapie H. Laber - Berater-ID: 6306"},{"@type":"BreadcrumbList","@id":"https:\/\/gesundheitsberatung.com\/psychologie\/online-beratung\/heilpraktiker-fuer-psychotherapie\/h-laber\/#breadcrumb","itemListElement":[{"@type":"ListItem","position":1,"name":"Home","item":"https:\/\/gesundheitsberatung.com\/psychologie\/"},{"@type":"ListItem","position":2,"name":"Produkte","item":"https:\/\/gesundheitsberatung.com\/psychologie\/shop\/"},{"@type":"ListItem","position":3,"name":"Online Beratung","item":"https:\/\/gesundheitsberatung.com\/psychologie\/online_berater\/online-beratung\/"},{"@type":"ListItem","position":4,"name":"Heilpraktiker f\u00fcr Psychotherapie","item":"https:\/\/gesundheitsberatung.com\/psychologie\/online_berater\/heilpraktiker-fuer-psychotherapie\/"},{"@type":"ListItem","position":5,"name":"H. Laber"}]},{"@type":"WebSite","@id":"https:\/\/gesundheitsberatung.com\/psychologie\/#website","url":"https:\/\/gesundheitsberatung.com\/psychologie\/","name":"Psychologie","description":"Psychologie \u260e Beratung durch Psychologen! Jetzt Gratis-Beratung sichern: \u2714 Diplom Psychologen \u2714 Heilpraktiker f\u00fcr Psychotherapie \u2714 Psychotherapeuten \u2714 Psychologische Berater bei Vistano Psychologie.","potentialAction":[{"@type":"SearchAction","target":{"@type":"EntryPoint","urlTemplate":"https:\/\/gesundheitsberatung.com\/psychologie\/?s={search_term_string}"},"query-input":{"@type":"PropertyValueSpecification","valueRequired":true,"valueName":"search_term_string"}}],"inLanguage":"de"}]}},"_links":{"self":[{"href":"https:\/\/gesundheitsberatung.com\/psychologie\/wp-json\/wp\/v2\/product\/25975","targetHints":{"allow":["GET"]}}],"collection":[{"href":"https:\/\/gesundheitsberatung.com\/psychologie\/wp-json\/wp\/v2\/product"}],"about":[{"href":"https:\/\/gesundheitsberatung.com\/psychologie\/wp-json\/wp\/v2\/types\/product"}],"replies":[{"embeddable":true,"href":"https:\/\/gesundheitsberatung.com\/psychologie\/wp-json\/wp\/v2\/comments?post=25975"}],"wp:featuredmedia":[{"embeddable":true,"href":"https:\/\/gesundheitsberatung.com\/psychologie\/wp-json\/wp\/v2\/media\/26522"}],"wp:attachment":[{"href":"https:\/\/gesundheitsberatung.com\/psychologie\/wp-json\/wp\/v2\/media?parent=25975"}],"wp:term":[{"taxonomy":"product_cat","embeddable":true,"href":"https:\/\/gesundheitsberatung.com\/psychologie\/wp-json\/wp\/v2\/product_cat?post=25975"},{"taxonomy":"product_tag","embeddable":true,"href":"https:\/\/gesundheitsberatung.com\/psychologie\/wp-json\/wp\/v2\/product_tag?post=25975"}],"curies":[{"name":"wp","href":"https:\/\/api.w.org\/{rel}","templated":true}]}}