{"id":25827,"date":"2019-05-09T11:16:16","date_gmt":"2019-05-09T09:16:16","guid":{"rendered":"https:\/\/gesundheitsberatung.com\/psychologie\/?post_type=product&#038;p=25827"},"modified":"2020-02-27T17:21:15","modified_gmt":"2020-02-27T16:21:15","slug":"s-braun","status":"publish","type":"product","link":"https:\/\/gesundheitsberatung.com\/psychologie\/online-beratung\/psychologische-berater\/s-braun\/","title":{"rendered":"S. Braun"},"content":{"rendered":"<p>Als  Heilpraktikerin f\u00fcr Psychotherapie und medizinische Fach-Angestellte bin ich eine gute Ansprechpartnerin f\u00fcr verschiedene Probleme im Bereich K\u00f6prer, Geist und Seele. Ich habe bereits eine gr. Fachfortbildung im Bereich Psychologie und kognitiver Verhaltenstherpaie absolviert. Seit Jahren bin ich Dozentin an der VHS und in eigener Praxis und bilde Seminarleiter in Progressive Muskelentspannung und autogenes Training aus. <br \/>\nF\u00fcr Beratung im Bereich<br \/>\n-Ehe und Beziehung<br \/>\n-Kindererziehung<br \/>\n-Orientierung im Job oder privat<br \/>\n-Raucherentw\u00f6hnung und Gewichtsreduktion<br \/>\n-Ver\u00e4nderung im Alltag annehmen<br \/>\n-Ekel vor Spinnen und anderen Tieren<br \/>\n-med. Befunde erl\u00e4utern<br \/>\n<span class=\"display_none\">6295<\/span><\/p>\n","protected":false},"excerpt":{"rendered":"<p>Ich bin angehende Heilpraktikerin und habe bereits eine gr. Fachschulung im Bereich psychologische Beratung und kognitiver Verhaltenstherapie absolviert<\/p>\n","protected":false},"featured_media":26541,"comment_status":"open","ping_status":"closed","template":"","meta":[],"product_cat":[],"product_tag":[],"class_list":["post-25827","product","type-product","status-publish","has-post-thumbnail","hentry","online_berater-heilpraktiker-fuer-psychotherapie","online_berater-psychologische-berater"],"yoast_head":"<!-- This site is optimized with the Yoast SEO plugin v26.0 - https:\/\/yoast.com\/wordpress\/plugins\/seo\/ -->\n<title>S. Braun &#187; Heilpraktiker f\u00fcr Psychotherapie, Psychologische Berater &#187; Vistano \u260e Beratung<\/title>\n<meta name=\"description\" content=\"Vistano Heilpraktiker f\u00fcr Psychotherapie, Psychologische Berater &#187; Ich bin angehende Heilpraktikerin und habe bereits eine gr. Fachschulung im Bereich psychologische Beratung und kognitiver Verhaltenstherapie absolviert\" \/>\n<meta name=\"robots\" content=\"index, follow, max-snippet:-1, max-image-preview:large, max-video-preview:-1\" \/>\n<link rel=\"canonical\" href=\"https:\/\/gesundheitsberatung.com\/psychologie\/online-beratung\/psychologische-berater\/s-braun\/\" \/>\n<meta property=\"og:locale\" content=\"de_DE\" \/>\n<meta property=\"og:type\" content=\"article\" \/>\n<meta property=\"og:title\" content=\"S. Braun &#187; Heilpraktiker f\u00fcr Psychotherapie, Psychologische Berater &#187; Vistano \u260e Beratung\" \/>\n<meta property=\"og:description\" content=\"Vistano Heilpraktiker f\u00fcr Psychotherapie, Psychologische Berater &#187; Ich bin angehende Heilpraktikerin und habe bereits eine gr. Fachschulung im Bereich psychologische Beratung und kognitiver Verhaltenstherapie absolviert\" \/>\n<meta property=\"og:url\" content=\"https:\/\/gesundheitsberatung.com\/psychologie\/online-beratung\/psychologische-berater\/s-braun\/\" \/>\n<meta property=\"og:site_name\" content=\"Psychologie\" \/>\n<meta property=\"article:publisher\" content=\"https:\/\/www.facebook.com\/psychologie\/\" \/>\n<meta property=\"article:modified_time\" content=\"2020-02-27T16:21:15+00:00\" \/>\n<meta property=\"og:image\" content=\"https:\/\/gesundheitsberatung.com\/psychologie\/wp-content\/uploads\/sites\/2\/s-braun-heilpraktiker-f-r-psychotherapie-vistano-berater-id-6295.jpg\" \/>\n\t<meta property=\"og:image:width\" content=\"800\" \/>\n\t<meta property=\"og:image:height\" content=\"800\" \/>\n\t<meta property=\"og:image:type\" content=\"image\/jpeg\" \/>\n<meta name=\"twitter:card\" content=\"summary_large_image\" \/>\n<meta name=\"twitter:site\" content=\"@Vistano\" \/>\n<script type=\"application\/ld+json\" class=\"yoast-schema-graph\">{\"@context\":\"https:\/\/schema.org\",\"@graph\":[{\"@type\":\"WebPage\",\"@id\":\"https:\/\/gesundheitsberatung.com\/psychologie\/online-beratung\/psychologische-berater\/s-braun\/\",\"url\":\"https:\/\/gesundheitsberatung.com\/psychologie\/online-beratung\/psychologische-berater\/s-braun\/\",\"name\":\"S. Braun &#187; Heilpraktiker f\u00fcr Psychotherapie, Psychologische Berater &#187; Vistano \u260e Beratung\",\"isPartOf\":{\"@id\":\"https:\/\/gesundheitsberatung.com\/psychologie\/#website\"},\"primaryImageOfPage\":{\"@id\":\"https:\/\/gesundheitsberatung.com\/psychologie\/online-beratung\/psychologische-berater\/s-braun\/#primaryimage\"},\"image\":{\"@id\":\"https:\/\/gesundheitsberatung.com\/psychologie\/online-beratung\/psychologische-berater\/s-braun\/#primaryimage\"},\"thumbnailUrl\":\"https:\/\/gesundheitsberatung.com\/psychologie\/wp-content\/uploads\/sites\/2\/s-braun-heilpraktiker-f-r-psychotherapie-vistano-berater-id-6295.jpg\",\"datePublished\":\"2019-05-09T09:16:16+00:00\",\"dateModified\":\"2020-02-27T16:21:15+00:00\",\"description\":\"Vistano Heilpraktiker f\u00fcr Psychotherapie, Psychologische Berater &#187; Ich bin angehende Heilpraktikerin und habe bereits eine gr. Fachschulung im Bereich psychologische Beratung und kognitiver Verhaltenstherapie absolviert\",\"breadcrumb\":{\"@id\":\"https:\/\/gesundheitsberatung.com\/psychologie\/online-beratung\/psychologische-berater\/s-braun\/#breadcrumb\"},\"inLanguage\":\"de\",\"potentialAction\":[{\"@type\":\"ReadAction\",\"target\":[\"https:\/\/gesundheitsberatung.com\/psychologie\/online-beratung\/psychologische-berater\/s-braun\/\"]}]},{\"@type\":\"ImageObject\",\"inLanguage\":\"de\",\"@id\":\"https:\/\/gesundheitsberatung.com\/psychologie\/online-beratung\/psychologische-berater\/s-braun\/#primaryimage\",\"url\":\"https:\/\/gesundheitsberatung.com\/psychologie\/wp-content\/uploads\/sites\/2\/s-braun-heilpraktiker-f-r-psychotherapie-vistano-berater-id-6295.jpg\",\"contentUrl\":\"https:\/\/gesundheitsberatung.com\/psychologie\/wp-content\/uploads\/sites\/2\/s-braun-heilpraktiker-f-r-psychotherapie-vistano-berater-id-6295.jpg\",\"width\":800,\"height\":800,\"caption\":\"Heilpraktiker f\u00fcr Psychotherapie S. Braun - Berater-ID: 6295\"},{\"@type\":\"BreadcrumbList\",\"@id\":\"https:\/\/gesundheitsberatung.com\/psychologie\/online-beratung\/psychologische-berater\/s-braun\/#breadcrumb\",\"itemListElement\":[{\"@type\":\"ListItem\",\"position\":1,\"name\":\"Home\",\"item\":\"https:\/\/gesundheitsberatung.com\/psychologie\/\"},{\"@type\":\"ListItem\",\"position\":2,\"name\":\"Produkte\",\"item\":\"https:\/\/gesundheitsberatung.com\/psychologie\/shop\/\"},{\"@type\":\"ListItem\",\"position\":3,\"name\":\"Online Beratung\",\"item\":\"https:\/\/gesundheitsberatung.com\/psychologie\/online_berater\/online-beratung\/\"},{\"@type\":\"ListItem\",\"position\":4,\"name\":\"Heilpraktiker f\u00fcr Psychotherapie\",\"item\":\"https:\/\/gesundheitsberatung.com\/psychologie\/online_berater\/heilpraktiker-fuer-psychotherapie\/\"},{\"@type\":\"ListItem\",\"position\":5,\"name\":\"S. Braun\"}]},{\"@type\":\"WebSite\",\"@id\":\"https:\/\/gesundheitsberatung.com\/psychologie\/#website\",\"url\":\"https:\/\/gesundheitsberatung.com\/psychologie\/\",\"name\":\"Psychologie\",\"description\":\"Psychologie \u260e Beratung durch Psychologen! Jetzt Gratis-Beratung sichern: \u2714 Diplom Psychologen \u2714 Heilpraktiker f\u00fcr Psychotherapie \u2714 Psychotherapeuten \u2714 Psychologische Berater bei Vistano Psychologie.\",\"potentialAction\":[{\"@type\":\"SearchAction\",\"target\":{\"@type\":\"EntryPoint\",\"urlTemplate\":\"https:\/\/gesundheitsberatung.com\/psychologie\/?s={search_term_string}\"},\"query-input\":{\"@type\":\"PropertyValueSpecification\",\"valueRequired\":true,\"valueName\":\"search_term_string\"}}],\"inLanguage\":\"de\"}]}<\/script>\n<!-- \/ Yoast SEO plugin. -->","yoast_head_json":{"title":"S. Braun &#187; Heilpraktiker f\u00fcr Psychotherapie, Psychologische Berater &#187; Vistano \u260e Beratung","description":"Vistano Heilpraktiker f\u00fcr Psychotherapie, Psychologische Berater &#187; Ich bin angehende Heilpraktikerin und habe bereits eine gr. Fachschulung im Bereich psychologische Beratung und kognitiver Verhaltenstherapie absolviert","robots":{"index":"index","follow":"follow","max-snippet":"max-snippet:-1","max-image-preview":"max-image-preview:large","max-video-preview":"max-video-preview:-1"},"canonical":"https:\/\/gesundheitsberatung.com\/psychologie\/online-beratung\/psychologische-berater\/s-braun\/","og_locale":"de_DE","og_type":"article","og_title":"S. Braun &#187; Heilpraktiker f\u00fcr Psychotherapie, Psychologische Berater &#187; Vistano \u260e Beratung","og_description":"Vistano Heilpraktiker f\u00fcr Psychotherapie, Psychologische Berater &#187; Ich bin angehende Heilpraktikerin und habe bereits eine gr. Fachschulung im Bereich psychologische Beratung und kognitiver Verhaltenstherapie absolviert","og_url":"https:\/\/gesundheitsberatung.com\/psychologie\/online-beratung\/psychologische-berater\/s-braun\/","og_site_name":"Psychologie","article_publisher":"https:\/\/www.facebook.com\/psychologie\/","article_modified_time":"2020-02-27T16:21:15+00:00","og_image":[{"width":800,"height":800,"url":"https:\/\/gesundheitsberatung.com\/psychologie\/wp-content\/uploads\/sites\/2\/s-braun-heilpraktiker-f-r-psychotherapie-vistano-berater-id-6295.jpg","type":"image\/jpeg"}],"twitter_card":"summary_large_image","twitter_site":"@Vistano","schema":{"@context":"https:\/\/schema.org","@graph":[{"@type":"WebPage","@id":"https:\/\/gesundheitsberatung.com\/psychologie\/online-beratung\/psychologische-berater\/s-braun\/","url":"https:\/\/gesundheitsberatung.com\/psychologie\/online-beratung\/psychologische-berater\/s-braun\/","name":"S. Braun &#187; Heilpraktiker f\u00fcr Psychotherapie, Psychologische Berater &#187; Vistano \u260e Beratung","isPartOf":{"@id":"https:\/\/gesundheitsberatung.com\/psychologie\/#website"},"primaryImageOfPage":{"@id":"https:\/\/gesundheitsberatung.com\/psychologie\/online-beratung\/psychologische-berater\/s-braun\/#primaryimage"},"image":{"@id":"https:\/\/gesundheitsberatung.com\/psychologie\/online-beratung\/psychologische-berater\/s-braun\/#primaryimage"},"thumbnailUrl":"https:\/\/gesundheitsberatung.com\/psychologie\/wp-content\/uploads\/sites\/2\/s-braun-heilpraktiker-f-r-psychotherapie-vistano-berater-id-6295.jpg","datePublished":"2019-05-09T09:16:16+00:00","dateModified":"2020-02-27T16:21:15+00:00","description":"Vistano Heilpraktiker f\u00fcr Psychotherapie, Psychologische Berater &#187; Ich bin angehende Heilpraktikerin und habe bereits eine gr. Fachschulung im Bereich psychologische Beratung und kognitiver Verhaltenstherapie absolviert","breadcrumb":{"@id":"https:\/\/gesundheitsberatung.com\/psychologie\/online-beratung\/psychologische-berater\/s-braun\/#breadcrumb"},"inLanguage":"de","potentialAction":[{"@type":"ReadAction","target":["https:\/\/gesundheitsberatung.com\/psychologie\/online-beratung\/psychologische-berater\/s-braun\/"]}]},{"@type":"ImageObject","inLanguage":"de","@id":"https:\/\/gesundheitsberatung.com\/psychologie\/online-beratung\/psychologische-berater\/s-braun\/#primaryimage","url":"https:\/\/gesundheitsberatung.com\/psychologie\/wp-content\/uploads\/sites\/2\/s-braun-heilpraktiker-f-r-psychotherapie-vistano-berater-id-6295.jpg","contentUrl":"https:\/\/gesundheitsberatung.com\/psychologie\/wp-content\/uploads\/sites\/2\/s-braun-heilpraktiker-f-r-psychotherapie-vistano-berater-id-6295.jpg","width":800,"height":800,"caption":"Heilpraktiker f\u00fcr Psychotherapie S. Braun - Berater-ID: 6295"},{"@type":"BreadcrumbList","@id":"https:\/\/gesundheitsberatung.com\/psychologie\/online-beratung\/psychologische-berater\/s-braun\/#breadcrumb","itemListElement":[{"@type":"ListItem","position":1,"name":"Home","item":"https:\/\/gesundheitsberatung.com\/psychologie\/"},{"@type":"ListItem","position":2,"name":"Produkte","item":"https:\/\/gesundheitsberatung.com\/psychologie\/shop\/"},{"@type":"ListItem","position":3,"name":"Online Beratung","item":"https:\/\/gesundheitsberatung.com\/psychologie\/online_berater\/online-beratung\/"},{"@type":"ListItem","position":4,"name":"Heilpraktiker f\u00fcr Psychotherapie","item":"https:\/\/gesundheitsberatung.com\/psychologie\/online_berater\/heilpraktiker-fuer-psychotherapie\/"},{"@type":"ListItem","position":5,"name":"S. Braun"}]},{"@type":"WebSite","@id":"https:\/\/gesundheitsberatung.com\/psychologie\/#website","url":"https:\/\/gesundheitsberatung.com\/psychologie\/","name":"Psychologie","description":"Psychologie \u260e Beratung durch Psychologen! Jetzt Gratis-Beratung sichern: \u2714 Diplom Psychologen \u2714 Heilpraktiker f\u00fcr Psychotherapie \u2714 Psychotherapeuten \u2714 Psychologische Berater bei Vistano Psychologie.","potentialAction":[{"@type":"SearchAction","target":{"@type":"EntryPoint","urlTemplate":"https:\/\/gesundheitsberatung.com\/psychologie\/?s={search_term_string}"},"query-input":{"@type":"PropertyValueSpecification","valueRequired":true,"valueName":"search_term_string"}}],"inLanguage":"de"}]}},"_links":{"self":[{"href":"https:\/\/gesundheitsberatung.com\/psychologie\/wp-json\/wp\/v2\/product\/25827","targetHints":{"allow":["GET"]}}],"collection":[{"href":"https:\/\/gesundheitsberatung.com\/psychologie\/wp-json\/wp\/v2\/product"}],"about":[{"href":"https:\/\/gesundheitsberatung.com\/psychologie\/wp-json\/wp\/v2\/types\/product"}],"replies":[{"embeddable":true,"href":"https:\/\/gesundheitsberatung.com\/psychologie\/wp-json\/wp\/v2\/comments?post=25827"}],"wp:featuredmedia":[{"embeddable":true,"href":"https:\/\/gesundheitsberatung.com\/psychologie\/wp-json\/wp\/v2\/media\/26541"}],"wp:attachment":[{"href":"https:\/\/gesundheitsberatung.com\/psychologie\/wp-json\/wp\/v2\/media?parent=25827"}],"wp:term":[{"taxonomy":"product_cat","embeddable":true,"href":"https:\/\/gesundheitsberatung.com\/psychologie\/wp-json\/wp\/v2\/product_cat?post=25827"},{"taxonomy":"product_tag","embeddable":true,"href":"https:\/\/gesundheitsberatung.com\/psychologie\/wp-json\/wp\/v2\/product_tag?post=25827"}],"curies":[{"name":"wp","href":"https:\/\/api.w.org\/{rel}","templated":true}]}}