{"id":25446,"date":"2018-12-14T13:37:44","date_gmt":"2018-12-14T12:37:44","guid":{"rendered":"https:\/\/gesundheitsberatung.com\/psychologie\/?post_type=product&#038;p=25446"},"modified":"2025-06-25T09:41:11","modified_gmt":"2025-06-25T07:41:11","slug":"m-koenig","status":"publish","type":"product","link":"https:\/\/gesundheitsberatung.com\/psychologie\/online-beratung\/diplompsychologen-msc-psychologie\/m-koenig\/","title":{"rendered":"M. K\u00f6nig"},"content":{"rendered":"<p><span class=\"hinweis_text_single_berater\">T\u00e4glich flexibel erreichbar, auch zu ungew\u00f6hnlichen Zeiten und am Wochenende<\/span><\/p>\n<p>Herzlich Willkommen! <br \/>\nEs ist kein Zufall, dass wir uns hier begegnen! DU suchst Hilfe &#8211; ICH bringe mehr als 30 Jahre Erfahrung in Beratung und Coaching mit.<\/p>\n<p>Ich nehme Anteil an deinen Sorgen und Problemen. Ich h\u00f6re dir unvoreingenommen, warmherzig und auf Augenh\u00f6he zu.<\/p>\n<p>DU stehst im Mittelpunkt. Gemeinsam suchen und finden WIR die Ursachen f\u00fcr deine N\u00f6te und deine Traurigkeit. <br \/>\nUnd wir finden deine St\u00e4rken, \u00fcber die du verf\u00fcgst &#8211; sie aber gerade nur nicht siehst. <br \/>\nEs gibt immer einen Weg aus dem Dunklen ins Helle, einen Weg wie du wieder gl\u00fccklich sein und sogar vom Kummer profitieren kannst. <\/p>\n<p>Mein Studium der Psychologie, meine Lebenserfahrung und  die Arbeit mit unz\u00e4hligen ratsuchenden Menschen haben mich gepr\u00e4gt und f\u00fcr diese Beratungsform qualifiziert.<\/p>\n<p>Eines meiner Spezialgebiete sind Partner- und Beziehungsprobleme. Oft haben sich Verhaltensweisen eingeschlichen, die das Paar selbst nicht mehr bemerkt, die aber Ursache f\u00fcr Unzufriedenheit, Streit, Missverst\u00e4ndnisse, Liebesentzug und Sprachlosigkeit sind. Da hilft mein neutraler Blick auf die aktuelle Situation.<\/p>\n<p>Aff\u00e4ren, Flirts und L\u00fcgen sind manchmal das letzte Warnsignal. Vertrauen geht verloren, Eifersucht vertieft die Krise.<br \/>\nMeist kann ich dabei helfen, eine Beziehung wieder zum Laufen zu bringen, in einer Partnerschaft wieder das \\&#8221;Wir-Gef\u00fchl\\&#8221; entstehen zu lassen. <br \/>\nManchmal allerdings geht es auch um eine Trennung auf Augenh\u00f6he<\/p>\n<p>Ich bin selbstverst\u00e4ndlich auch bei Liebeskummer, bei Einsamkeit, bei Trauer und pers\u00f6nlichen Konflikten f\u00fcr dich da.<br \/>\nIch helfe dir gern bei der Partnersuche, bei ersten Kontakten und Dates.<\/p>\n<p>Gern begleite ich dich auch langfristig auf deinem Weg &#8211; deinem neuen Weg.<\/p>\n<p>Ich biete dir Hilfe zur Selbsthilfe. <br \/>\nTRAU DICH &#8211; ES GEHT UM DICH 1<\/p>\n<p><span class=\"display_none\">6266<\/span><\/p>\n","protected":false},"excerpt":{"rendered":"<p>Professionelle, empathische, l\u00f6sungsorientierte SOS-Hilfe: Beziehungskrisen\/Familie\/Trennung\/Scheidung\/Partnersuche\/ Verlust\/ Trauer\/\u00c4ngste\/ Burnout<\/p>\n","protected":false},"featured_media":26535,"comment_status":"open","ping_status":"closed","template":"","meta":[],"product_cat":[],"product_tag":[],"class_list":["post-25446","product","type-product","status-publish","has-post-thumbnail","hentry","online_berater-diplompsychologen-msc-psychologie"],"yoast_head":"<!-- This site is optimized with the Yoast SEO plugin v26.0 - https:\/\/yoast.com\/wordpress\/plugins\/seo\/ -->\n<title>M. K\u00f6nig &#187; Diplompsychologen \/ M.Sc. Psychologie &#187; Vistano \u260e Beratung<\/title>\n<meta name=\"description\" content=\"Vistano Diplompsychologen \/ M.Sc. Psychologie &#187; Professionelle, empathische, l\u00f6sungsorientierte SOS-Hilfe: Beziehungskrisen\/Familie\/Trennung\/Scheidung\/Partnersuche\/ Verlust\/ Trauer\/\u00c4ngste\/ Burnout\" \/>\n<meta name=\"robots\" content=\"index, follow, max-snippet:-1, max-image-preview:large, max-video-preview:-1\" \/>\n<link rel=\"canonical\" href=\"https:\/\/gesundheitsberatung.com\/psychologie\/online-beratung\/diplompsychologen-msc-psychologie\/m-koenig\/\" \/>\n<meta property=\"og:locale\" content=\"de_DE\" \/>\n<meta property=\"og:type\" content=\"article\" \/>\n<meta property=\"og:title\" content=\"M. K\u00f6nig &#187; Diplompsychologen \/ M.Sc. Psychologie &#187; Vistano \u260e Beratung\" \/>\n<meta property=\"og:description\" content=\"Vistano Diplompsychologen \/ M.Sc. Psychologie &#187; Professionelle, empathische, l\u00f6sungsorientierte SOS-Hilfe: Beziehungskrisen\/Familie\/Trennung\/Scheidung\/Partnersuche\/ Verlust\/ Trauer\/\u00c4ngste\/ Burnout\" \/>\n<meta property=\"og:url\" content=\"https:\/\/gesundheitsberatung.com\/psychologie\/online-beratung\/diplompsychologen-msc-psychologie\/m-koenig\/\" \/>\n<meta property=\"og:site_name\" content=\"Psychologie\" \/>\n<meta property=\"article:publisher\" content=\"https:\/\/www.facebook.com\/psychologie\/\" \/>\n<meta property=\"article:modified_time\" content=\"2025-06-25T07:41:11+00:00\" \/>\n<meta property=\"og:image\" content=\"https:\/\/gesundheitsberatung.com\/psychologie\/wp-content\/uploads\/sites\/2\/m-k-nig-diplompsychologen-m-sc-psychologie--vistano-berater-id-6266.jpg\" \/>\n\t<meta property=\"og:image:width\" content=\"800\" \/>\n\t<meta property=\"og:image:height\" content=\"800\" \/>\n\t<meta property=\"og:image:type\" content=\"image\/jpeg\" \/>\n<meta name=\"twitter:card\" content=\"summary_large_image\" \/>\n<meta name=\"twitter:site\" content=\"@Vistano\" \/>\n<script type=\"application\/ld+json\" class=\"yoast-schema-graph\">{\"@context\":\"https:\/\/schema.org\",\"@graph\":[{\"@type\":\"WebPage\",\"@id\":\"https:\/\/gesundheitsberatung.com\/psychologie\/online-beratung\/diplompsychologen-msc-psychologie\/m-koenig\/\",\"url\":\"https:\/\/gesundheitsberatung.com\/psychologie\/online-beratung\/diplompsychologen-msc-psychologie\/m-koenig\/\",\"name\":\"M. K\u00f6nig &#187; Diplompsychologen \/ M.Sc. Psychologie &#187; Vistano \u260e Beratung\",\"isPartOf\":{\"@id\":\"https:\/\/gesundheitsberatung.com\/psychologie\/#website\"},\"primaryImageOfPage\":{\"@id\":\"https:\/\/gesundheitsberatung.com\/psychologie\/online-beratung\/diplompsychologen-msc-psychologie\/m-koenig\/#primaryimage\"},\"image\":{\"@id\":\"https:\/\/gesundheitsberatung.com\/psychologie\/online-beratung\/diplompsychologen-msc-psychologie\/m-koenig\/#primaryimage\"},\"thumbnailUrl\":\"https:\/\/gesundheitsberatung.com\/psychologie\/wp-content\/uploads\/sites\/2\/m-k-nig-diplompsychologen-m-sc-psychologie--vistano-berater-id-6266.jpg\",\"datePublished\":\"2018-12-14T12:37:44+00:00\",\"dateModified\":\"2025-06-25T07:41:11+00:00\",\"description\":\"Vistano Diplompsychologen \/ M.Sc. Psychologie &#187; Professionelle, empathische, l\u00f6sungsorientierte SOS-Hilfe: Beziehungskrisen\/Familie\/Trennung\/Scheidung\/Partnersuche\/ Verlust\/ Trauer\/\u00c4ngste\/ Burnout\",\"breadcrumb\":{\"@id\":\"https:\/\/gesundheitsberatung.com\/psychologie\/online-beratung\/diplompsychologen-msc-psychologie\/m-koenig\/#breadcrumb\"},\"inLanguage\":\"de\",\"potentialAction\":[{\"@type\":\"ReadAction\",\"target\":[\"https:\/\/gesundheitsberatung.com\/psychologie\/online-beratung\/diplompsychologen-msc-psychologie\/m-koenig\/\"]}]},{\"@type\":\"ImageObject\",\"inLanguage\":\"de\",\"@id\":\"https:\/\/gesundheitsberatung.com\/psychologie\/online-beratung\/diplompsychologen-msc-psychologie\/m-koenig\/#primaryimage\",\"url\":\"https:\/\/gesundheitsberatung.com\/psychologie\/wp-content\/uploads\/sites\/2\/m-k-nig-diplompsychologen-m-sc-psychologie--vistano-berater-id-6266.jpg\",\"contentUrl\":\"https:\/\/gesundheitsberatung.com\/psychologie\/wp-content\/uploads\/sites\/2\/m-k-nig-diplompsychologen-m-sc-psychologie--vistano-berater-id-6266.jpg\",\"width\":800,\"height\":800,\"caption\":\"Diplompsychologen \/ M. Sc. Psychologie M. K\u00f6nig - Berater-ID: 6266\"},{\"@type\":\"BreadcrumbList\",\"@id\":\"https:\/\/gesundheitsberatung.com\/psychologie\/online-beratung\/diplompsychologen-msc-psychologie\/m-koenig\/#breadcrumb\",\"itemListElement\":[{\"@type\":\"ListItem\",\"position\":1,\"name\":\"Home\",\"item\":\"https:\/\/gesundheitsberatung.com\/psychologie\/\"},{\"@type\":\"ListItem\",\"position\":2,\"name\":\"Produkte\",\"item\":\"https:\/\/gesundheitsberatung.com\/psychologie\/shop\/\"},{\"@type\":\"ListItem\",\"position\":3,\"name\":\"Online Beratung\",\"item\":\"https:\/\/gesundheitsberatung.com\/psychologie\/online_berater\/online-beratung\/\"},{\"@type\":\"ListItem\",\"position\":4,\"name\":\"Diplompsychologen \/ M.Sc. Psychologie\",\"item\":\"https:\/\/gesundheitsberatung.com\/psychologie\/online_berater\/diplompsychologen-msc-psychologie\/\"},{\"@type\":\"ListItem\",\"position\":5,\"name\":\"M. K\u00f6nig\"}]},{\"@type\":\"WebSite\",\"@id\":\"https:\/\/gesundheitsberatung.com\/psychologie\/#website\",\"url\":\"https:\/\/gesundheitsberatung.com\/psychologie\/\",\"name\":\"Psychologie\",\"description\":\"Psychologie \u260e Beratung durch Psychologen! Jetzt Gratis-Beratung sichern: \u2714 Diplom Psychologen \u2714 Heilpraktiker f\u00fcr Psychotherapie \u2714 Psychotherapeuten \u2714 Psychologische Berater bei Vistano Psychologie.\",\"potentialAction\":[{\"@type\":\"SearchAction\",\"target\":{\"@type\":\"EntryPoint\",\"urlTemplate\":\"https:\/\/gesundheitsberatung.com\/psychologie\/?s={search_term_string}\"},\"query-input\":{\"@type\":\"PropertyValueSpecification\",\"valueRequired\":true,\"valueName\":\"search_term_string\"}}],\"inLanguage\":\"de\"}]}<\/script>\n<!-- \/ Yoast SEO plugin. -->","yoast_head_json":{"title":"M. K\u00f6nig &#187; Diplompsychologen \/ M.Sc. Psychologie &#187; Vistano \u260e Beratung","description":"Vistano Diplompsychologen \/ M.Sc. Psychologie &#187; Professionelle, empathische, l\u00f6sungsorientierte SOS-Hilfe: Beziehungskrisen\/Familie\/Trennung\/Scheidung\/Partnersuche\/ Verlust\/ Trauer\/\u00c4ngste\/ Burnout","robots":{"index":"index","follow":"follow","max-snippet":"max-snippet:-1","max-image-preview":"max-image-preview:large","max-video-preview":"max-video-preview:-1"},"canonical":"https:\/\/gesundheitsberatung.com\/psychologie\/online-beratung\/diplompsychologen-msc-psychologie\/m-koenig\/","og_locale":"de_DE","og_type":"article","og_title":"M. K\u00f6nig &#187; Diplompsychologen \/ M.Sc. Psychologie &#187; Vistano \u260e Beratung","og_description":"Vistano Diplompsychologen \/ M.Sc. Psychologie &#187; Professionelle, empathische, l\u00f6sungsorientierte SOS-Hilfe: Beziehungskrisen\/Familie\/Trennung\/Scheidung\/Partnersuche\/ Verlust\/ Trauer\/\u00c4ngste\/ Burnout","og_url":"https:\/\/gesundheitsberatung.com\/psychologie\/online-beratung\/diplompsychologen-msc-psychologie\/m-koenig\/","og_site_name":"Psychologie","article_publisher":"https:\/\/www.facebook.com\/psychologie\/","article_modified_time":"2025-06-25T07:41:11+00:00","og_image":[{"width":800,"height":800,"url":"https:\/\/gesundheitsberatung.com\/psychologie\/wp-content\/uploads\/sites\/2\/m-k-nig-diplompsychologen-m-sc-psychologie--vistano-berater-id-6266.jpg","type":"image\/jpeg"}],"twitter_card":"summary_large_image","twitter_site":"@Vistano","schema":{"@context":"https:\/\/schema.org","@graph":[{"@type":"WebPage","@id":"https:\/\/gesundheitsberatung.com\/psychologie\/online-beratung\/diplompsychologen-msc-psychologie\/m-koenig\/","url":"https:\/\/gesundheitsberatung.com\/psychologie\/online-beratung\/diplompsychologen-msc-psychologie\/m-koenig\/","name":"M. K\u00f6nig &#187; Diplompsychologen \/ M.Sc. Psychologie &#187; Vistano \u260e Beratung","isPartOf":{"@id":"https:\/\/gesundheitsberatung.com\/psychologie\/#website"},"primaryImageOfPage":{"@id":"https:\/\/gesundheitsberatung.com\/psychologie\/online-beratung\/diplompsychologen-msc-psychologie\/m-koenig\/#primaryimage"},"image":{"@id":"https:\/\/gesundheitsberatung.com\/psychologie\/online-beratung\/diplompsychologen-msc-psychologie\/m-koenig\/#primaryimage"},"thumbnailUrl":"https:\/\/gesundheitsberatung.com\/psychologie\/wp-content\/uploads\/sites\/2\/m-k-nig-diplompsychologen-m-sc-psychologie--vistano-berater-id-6266.jpg","datePublished":"2018-12-14T12:37:44+00:00","dateModified":"2025-06-25T07:41:11+00:00","description":"Vistano Diplompsychologen \/ M.Sc. Psychologie &#187; Professionelle, empathische, l\u00f6sungsorientierte SOS-Hilfe: Beziehungskrisen\/Familie\/Trennung\/Scheidung\/Partnersuche\/ Verlust\/ Trauer\/\u00c4ngste\/ Burnout","breadcrumb":{"@id":"https:\/\/gesundheitsberatung.com\/psychologie\/online-beratung\/diplompsychologen-msc-psychologie\/m-koenig\/#breadcrumb"},"inLanguage":"de","potentialAction":[{"@type":"ReadAction","target":["https:\/\/gesundheitsberatung.com\/psychologie\/online-beratung\/diplompsychologen-msc-psychologie\/m-koenig\/"]}]},{"@type":"ImageObject","inLanguage":"de","@id":"https:\/\/gesundheitsberatung.com\/psychologie\/online-beratung\/diplompsychologen-msc-psychologie\/m-koenig\/#primaryimage","url":"https:\/\/gesundheitsberatung.com\/psychologie\/wp-content\/uploads\/sites\/2\/m-k-nig-diplompsychologen-m-sc-psychologie--vistano-berater-id-6266.jpg","contentUrl":"https:\/\/gesundheitsberatung.com\/psychologie\/wp-content\/uploads\/sites\/2\/m-k-nig-diplompsychologen-m-sc-psychologie--vistano-berater-id-6266.jpg","width":800,"height":800,"caption":"Diplompsychologen \/ M. Sc. Psychologie M. K\u00f6nig - Berater-ID: 6266"},{"@type":"BreadcrumbList","@id":"https:\/\/gesundheitsberatung.com\/psychologie\/online-beratung\/diplompsychologen-msc-psychologie\/m-koenig\/#breadcrumb","itemListElement":[{"@type":"ListItem","position":1,"name":"Home","item":"https:\/\/gesundheitsberatung.com\/psychologie\/"},{"@type":"ListItem","position":2,"name":"Produkte","item":"https:\/\/gesundheitsberatung.com\/psychologie\/shop\/"},{"@type":"ListItem","position":3,"name":"Online Beratung","item":"https:\/\/gesundheitsberatung.com\/psychologie\/online_berater\/online-beratung\/"},{"@type":"ListItem","position":4,"name":"Diplompsychologen \/ M.Sc. Psychologie","item":"https:\/\/gesundheitsberatung.com\/psychologie\/online_berater\/diplompsychologen-msc-psychologie\/"},{"@type":"ListItem","position":5,"name":"M. K\u00f6nig"}]},{"@type":"WebSite","@id":"https:\/\/gesundheitsberatung.com\/psychologie\/#website","url":"https:\/\/gesundheitsberatung.com\/psychologie\/","name":"Psychologie","description":"Psychologie \u260e Beratung durch Psychologen! Jetzt Gratis-Beratung sichern: \u2714 Diplom Psychologen \u2714 Heilpraktiker f\u00fcr Psychotherapie \u2714 Psychotherapeuten \u2714 Psychologische Berater bei Vistano Psychologie.","potentialAction":[{"@type":"SearchAction","target":{"@type":"EntryPoint","urlTemplate":"https:\/\/gesundheitsberatung.com\/psychologie\/?s={search_term_string}"},"query-input":{"@type":"PropertyValueSpecification","valueRequired":true,"valueName":"search_term_string"}}],"inLanguage":"de"}]}},"_links":{"self":[{"href":"https:\/\/gesundheitsberatung.com\/psychologie\/wp-json\/wp\/v2\/product\/25446","targetHints":{"allow":["GET"]}}],"collection":[{"href":"https:\/\/gesundheitsberatung.com\/psychologie\/wp-json\/wp\/v2\/product"}],"about":[{"href":"https:\/\/gesundheitsberatung.com\/psychologie\/wp-json\/wp\/v2\/types\/product"}],"replies":[{"embeddable":true,"href":"https:\/\/gesundheitsberatung.com\/psychologie\/wp-json\/wp\/v2\/comments?post=25446"}],"wp:featuredmedia":[{"embeddable":true,"href":"https:\/\/gesundheitsberatung.com\/psychologie\/wp-json\/wp\/v2\/media\/26535"}],"wp:attachment":[{"href":"https:\/\/gesundheitsberatung.com\/psychologie\/wp-json\/wp\/v2\/media?parent=25446"}],"wp:term":[{"taxonomy":"product_cat","embeddable":true,"href":"https:\/\/gesundheitsberatung.com\/psychologie\/wp-json\/wp\/v2\/product_cat?post=25446"},{"taxonomy":"product_tag","embeddable":true,"href":"https:\/\/gesundheitsberatung.com\/psychologie\/wp-json\/wp\/v2\/product_tag?post=25446"}],"curies":[{"name":"wp","href":"https:\/\/api.w.org\/{rel}","templated":true}]}}