{"id":24730,"date":"2018-06-01T21:46:25","date_gmt":"2018-06-01T19:46:25","guid":{"rendered":"https:\/\/gesundheitsberatung.com\/psychologie\/?post_type=product&#038;p=24730"},"modified":"2020-02-27T17:18:32","modified_gmt":"2020-02-27T16:18:32","slug":"m-stahl-2","status":"publish","type":"product","link":"https:\/\/gesundheitsberatung.com\/psychologie\/online-beratung\/psychologische-berater\/m-stahl-2\/","title":{"rendered":"M. Stahl"},"content":{"rendered":"<p><span class=\"hinweis_text_single_berater\">Ich bin heute von 11 Uhr bis 15 Uhr online, f\u00fcr Sie und alle Ihre Fragen.<\/span><\/p>\n<p>Ich helfe Dir Deinen Selbstwert zu st\u00e4rken, die Angst vor Ablehnung und die Angst zu versagen zu \u00fcberwinden, sodass Du nicht nur ein freies sondern auch ein gl\u00fcckliches Leben f\u00fchrst.<\/p>\n<p>Wie sch\u00f6n dass wir uns hier treffen!<\/p>\n<p>Hat das Leben Dich zusammengefaltet?<br \/>\nIst Dein t\u00e4glicher Stress unertr\u00e4glich?<\/p>\n<p>Anspannung, Zeitdruck, \u00dcberlastung und ungel\u00f6ste Probleme k\u00f6nnen den Alltag zur H\u00f6lle machen. <\/p>\n<p>Das Leben ist mein bester Lehrer. Es hat mich durch viele Stationen geleitet, positive wie negative. Der Gewinn daraus ist meine Lebenserfahrung, sie kommt mir heute zu Gute und fliesst in meine Beratungen mit ein. Viele Themen und Probleme meiner Klienten sind mir vertraut und ich kann sie authentisch beraten.<\/p>\n<p>Seit \u00fcber 40 Jahren fasziniert mich die Tatsache dass jeder von uns mit seinen Gedanken ein machtvolles Werkzeug besitzt um sein Leben selbst zu gestalten. Das war mein Antrieb Entspannungs- und Stressl\u00f6setechniken zu lernen und in der Praxis anzuwenden. Seither bilde ich mich laufend in den neuesten Methoden weiter.<\/p>\n<p>Seit 2004 bin ich selbstst\u00e4ndig in eigener Praxis und meine Leidenschaft ist es, meinen Klienten zu zeigen wie sie ihren individuellen Weg gehen k\u00f6nnen:<br \/>\n \u201cRaus aus dem Dramaland \u2013 hinein ins Erfolgsreich!\u201c<\/p>\n<p>In meinen Online Beratungen hier bei Vistano bekommst Du w\u00e4hrend unseres Gespr\u00e4chs bereits die erste Transformation Deines Themas, die Erleichterung ist sp\u00fcrbar f\u00fcr Dich.<\/p>\n<p>F\u00fcr die optimalste Beratung, Kl\u00e4rung und Ver\u00e4nderung Deiner vielseitigen Themen steht Dir meine ganze Palette erprobter Methoden zur Verf\u00fcgung, sie k\u00f6nnen Dir dabei helfen: <\/p>\n<p>&#8211; Blockaden und \u00c4ngste aufl\u00f6sen <br \/>\n&#8211; hinderliche Glaubenss\u00e4tze\/\u00dcberzeugungen transformieren &#8211;<br \/>\n&#8211; Schock und traumatische Erlebnisse l\u00f6schen<br \/>\n&#8211; Sabotageprogramme transformieren<br \/>\n&#8211; Symptome von Krankheiten verstehen<br \/>\n&#8211; Abh\u00e4ngigkeiten aufl\u00f6sen<br \/>\n&#8211; Zellregeneration aktivieren<br \/>\n&#8211; mehr Zuversicht und Leichtigkeit<br \/>\n&#8211; schneller Entscheidungen treffen<br \/>\n&#8211; mehr Vertrauen und Mut<br \/>\n&#8211; mehr Spa\u00df und Freude <br \/>\n&#8211; mehr Lebenskraft und Energie<br \/>\n&#8211; mehr Kreativit\u00e4t und Zuversicht <br \/>\n&#8211; mehr Selbstliebe, Selbstbewusstsein und Selbstwert <br \/>\n&#8211; mehr Ruhe und Gelassenheit<br \/>\n&#8211; mehr Zufriedenheit und Wohlbefinden <br \/>\n&#8211; Ziele erreichen und Tr\u00e4ume verwirklichen<br \/>\n\tund noch vieles mehr!<\/p>\n<p>Wenn Du Dich von meinem Angebot angesprochen f\u00fchlst dann freue ich mich sehr von Dir zu h\u00f6ren.<\/p>\n<p>Herzlichst<br \/>\nMarita<\/p>\n<p>\n<span class=\"display_none\">6208<\/span><\/p>\n","protected":false},"excerpt":{"rendered":"<p>Du bist sch\u00fcchtern, hast Hemmungen im Mittelpunkt zu stehen und leidest unter Deiner Unsicherheit. Du brauchst mehr Mut um Dich zu zeigen?<\/p>\n","protected":false},"featured_media":26537,"comment_status":"open","ping_status":"closed","template":"","meta":[],"product_cat":[],"product_tag":[],"class_list":["post-24730","product","type-product","status-publish","has-post-thumbnail","hentry","online_berater-psychologische-berater"],"yoast_head":"<!-- This site is optimized with the Yoast SEO plugin v26.0 - https:\/\/yoast.com\/wordpress\/plugins\/seo\/ -->\n<title>M. Stahl &#187; Psychologische Berater &#187; Vistano \u260e Beratung<\/title>\n<meta name=\"description\" content=\"Vistano Psychologische Berater &#187; Du bist sch\u00fcchtern, hast Hemmungen im Mittelpunkt zu stehen und leidest unter Deiner Unsicherheit. Du brauchst mehr Mut um Dich zu zeigen?\" \/>\n<meta name=\"robots\" content=\"index, follow, max-snippet:-1, max-image-preview:large, max-video-preview:-1\" \/>\n<link rel=\"canonical\" href=\"https:\/\/gesundheitsberatung.com\/psychologie\/online-beratung\/psychologische-berater\/m-stahl-2\/\" \/>\n<meta property=\"og:locale\" content=\"de_DE\" \/>\n<meta property=\"og:type\" content=\"article\" \/>\n<meta property=\"og:title\" content=\"M. Stahl &#187; Psychologische Berater &#187; Vistano \u260e Beratung\" \/>\n<meta property=\"og:description\" content=\"Vistano Psychologische Berater &#187; Du bist sch\u00fcchtern, hast Hemmungen im Mittelpunkt zu stehen und leidest unter Deiner Unsicherheit. Du brauchst mehr Mut um Dich zu zeigen?\" \/>\n<meta property=\"og:url\" content=\"https:\/\/gesundheitsberatung.com\/psychologie\/online-beratung\/psychologische-berater\/m-stahl-2\/\" \/>\n<meta property=\"og:site_name\" content=\"Psychologie\" \/>\n<meta property=\"article:publisher\" content=\"https:\/\/www.facebook.com\/psychologie\/\" \/>\n<meta property=\"article:modified_time\" content=\"2020-02-27T16:18:32+00:00\" \/>\n<meta property=\"og:image\" content=\"https:\/\/gesundheitsberatung.com\/psychologie\/wp-content\/uploads\/sites\/2\/m-stahl-psychologische-berater-vistano-berater-id-6208.jpg\" \/>\n\t<meta property=\"og:image:width\" content=\"800\" \/>\n\t<meta property=\"og:image:height\" content=\"800\" \/>\n\t<meta property=\"og:image:type\" content=\"image\/jpeg\" \/>\n<meta name=\"twitter:card\" content=\"summary_large_image\" \/>\n<meta name=\"twitter:site\" content=\"@Vistano\" \/>\n<script type=\"application\/ld+json\" class=\"yoast-schema-graph\">{\"@context\":\"https:\/\/schema.org\",\"@graph\":[{\"@type\":\"WebPage\",\"@id\":\"https:\/\/gesundheitsberatung.com\/psychologie\/online-beratung\/psychologische-berater\/m-stahl-2\/\",\"url\":\"https:\/\/gesundheitsberatung.com\/psychologie\/online-beratung\/psychologische-berater\/m-stahl-2\/\",\"name\":\"M. Stahl &#187; Psychologische Berater &#187; Vistano \u260e Beratung\",\"isPartOf\":{\"@id\":\"https:\/\/gesundheitsberatung.com\/psychologie\/#website\"},\"primaryImageOfPage\":{\"@id\":\"https:\/\/gesundheitsberatung.com\/psychologie\/online-beratung\/psychologische-berater\/m-stahl-2\/#primaryimage\"},\"image\":{\"@id\":\"https:\/\/gesundheitsberatung.com\/psychologie\/online-beratung\/psychologische-berater\/m-stahl-2\/#primaryimage\"},\"thumbnailUrl\":\"https:\/\/gesundheitsberatung.com\/psychologie\/wp-content\/uploads\/sites\/2\/m-stahl-psychologische-berater-vistano-berater-id-6208.jpg\",\"datePublished\":\"2018-06-01T19:46:25+00:00\",\"dateModified\":\"2020-02-27T16:18:32+00:00\",\"description\":\"Vistano Psychologische Berater &#187; Du bist sch\u00fcchtern, hast Hemmungen im Mittelpunkt zu stehen und leidest unter Deiner Unsicherheit. Du brauchst mehr Mut um Dich zu zeigen?\",\"breadcrumb\":{\"@id\":\"https:\/\/gesundheitsberatung.com\/psychologie\/online-beratung\/psychologische-berater\/m-stahl-2\/#breadcrumb\"},\"inLanguage\":\"de\",\"potentialAction\":[{\"@type\":\"ReadAction\",\"target\":[\"https:\/\/gesundheitsberatung.com\/psychologie\/online-beratung\/psychologische-berater\/m-stahl-2\/\"]}]},{\"@type\":\"ImageObject\",\"inLanguage\":\"de\",\"@id\":\"https:\/\/gesundheitsberatung.com\/psychologie\/online-beratung\/psychologische-berater\/m-stahl-2\/#primaryimage\",\"url\":\"https:\/\/gesundheitsberatung.com\/psychologie\/wp-content\/uploads\/sites\/2\/m-stahl-psychologische-berater-vistano-berater-id-6208.jpg\",\"contentUrl\":\"https:\/\/gesundheitsberatung.com\/psychologie\/wp-content\/uploads\/sites\/2\/m-stahl-psychologische-berater-vistano-berater-id-6208.jpg\",\"width\":800,\"height\":800,\"caption\":\"Psychologische Berater M. Stahl - Berater-ID: 6208\"},{\"@type\":\"BreadcrumbList\",\"@id\":\"https:\/\/gesundheitsberatung.com\/psychologie\/online-beratung\/psychologische-berater\/m-stahl-2\/#breadcrumb\",\"itemListElement\":[{\"@type\":\"ListItem\",\"position\":1,\"name\":\"Home\",\"item\":\"https:\/\/gesundheitsberatung.com\/psychologie\/\"},{\"@type\":\"ListItem\",\"position\":2,\"name\":\"Produkte\",\"item\":\"https:\/\/gesundheitsberatung.com\/psychologie\/shop\/\"},{\"@type\":\"ListItem\",\"position\":3,\"name\":\"Online Beratung\",\"item\":\"https:\/\/gesundheitsberatung.com\/psychologie\/online_berater\/online-beratung\/\"},{\"@type\":\"ListItem\",\"position\":4,\"name\":\"Psychologische Berater\",\"item\":\"https:\/\/gesundheitsberatung.com\/psychologie\/online_berater\/psychologische-berater\/\"},{\"@type\":\"ListItem\",\"position\":5,\"name\":\"M. Stahl\"}]},{\"@type\":\"WebSite\",\"@id\":\"https:\/\/gesundheitsberatung.com\/psychologie\/#website\",\"url\":\"https:\/\/gesundheitsberatung.com\/psychologie\/\",\"name\":\"Psychologie\",\"description\":\"Psychologie \u260e Beratung durch Psychologen! Jetzt Gratis-Beratung sichern: \u2714 Diplom Psychologen \u2714 Heilpraktiker f\u00fcr Psychotherapie \u2714 Psychotherapeuten \u2714 Psychologische Berater bei Vistano Psychologie.\",\"potentialAction\":[{\"@type\":\"SearchAction\",\"target\":{\"@type\":\"EntryPoint\",\"urlTemplate\":\"https:\/\/gesundheitsberatung.com\/psychologie\/?s={search_term_string}\"},\"query-input\":{\"@type\":\"PropertyValueSpecification\",\"valueRequired\":true,\"valueName\":\"search_term_string\"}}],\"inLanguage\":\"de\"}]}<\/script>\n<!-- \/ Yoast SEO plugin. -->","yoast_head_json":{"title":"M. Stahl &#187; Psychologische Berater &#187; Vistano \u260e Beratung","description":"Vistano Psychologische Berater &#187; Du bist sch\u00fcchtern, hast Hemmungen im Mittelpunkt zu stehen und leidest unter Deiner Unsicherheit. Du brauchst mehr Mut um Dich zu zeigen?","robots":{"index":"index","follow":"follow","max-snippet":"max-snippet:-1","max-image-preview":"max-image-preview:large","max-video-preview":"max-video-preview:-1"},"canonical":"https:\/\/gesundheitsberatung.com\/psychologie\/online-beratung\/psychologische-berater\/m-stahl-2\/","og_locale":"de_DE","og_type":"article","og_title":"M. Stahl &#187; Psychologische Berater &#187; Vistano \u260e Beratung","og_description":"Vistano Psychologische Berater &#187; Du bist sch\u00fcchtern, hast Hemmungen im Mittelpunkt zu stehen und leidest unter Deiner Unsicherheit. Du brauchst mehr Mut um Dich zu zeigen?","og_url":"https:\/\/gesundheitsberatung.com\/psychologie\/online-beratung\/psychologische-berater\/m-stahl-2\/","og_site_name":"Psychologie","article_publisher":"https:\/\/www.facebook.com\/psychologie\/","article_modified_time":"2020-02-27T16:18:32+00:00","og_image":[{"width":800,"height":800,"url":"https:\/\/gesundheitsberatung.com\/psychologie\/wp-content\/uploads\/sites\/2\/m-stahl-psychologische-berater-vistano-berater-id-6208.jpg","type":"image\/jpeg"}],"twitter_card":"summary_large_image","twitter_site":"@Vistano","schema":{"@context":"https:\/\/schema.org","@graph":[{"@type":"WebPage","@id":"https:\/\/gesundheitsberatung.com\/psychologie\/online-beratung\/psychologische-berater\/m-stahl-2\/","url":"https:\/\/gesundheitsberatung.com\/psychologie\/online-beratung\/psychologische-berater\/m-stahl-2\/","name":"M. Stahl &#187; Psychologische Berater &#187; Vistano \u260e Beratung","isPartOf":{"@id":"https:\/\/gesundheitsberatung.com\/psychologie\/#website"},"primaryImageOfPage":{"@id":"https:\/\/gesundheitsberatung.com\/psychologie\/online-beratung\/psychologische-berater\/m-stahl-2\/#primaryimage"},"image":{"@id":"https:\/\/gesundheitsberatung.com\/psychologie\/online-beratung\/psychologische-berater\/m-stahl-2\/#primaryimage"},"thumbnailUrl":"https:\/\/gesundheitsberatung.com\/psychologie\/wp-content\/uploads\/sites\/2\/m-stahl-psychologische-berater-vistano-berater-id-6208.jpg","datePublished":"2018-06-01T19:46:25+00:00","dateModified":"2020-02-27T16:18:32+00:00","description":"Vistano Psychologische Berater &#187; Du bist sch\u00fcchtern, hast Hemmungen im Mittelpunkt zu stehen und leidest unter Deiner Unsicherheit. Du brauchst mehr Mut um Dich zu zeigen?","breadcrumb":{"@id":"https:\/\/gesundheitsberatung.com\/psychologie\/online-beratung\/psychologische-berater\/m-stahl-2\/#breadcrumb"},"inLanguage":"de","potentialAction":[{"@type":"ReadAction","target":["https:\/\/gesundheitsberatung.com\/psychologie\/online-beratung\/psychologische-berater\/m-stahl-2\/"]}]},{"@type":"ImageObject","inLanguage":"de","@id":"https:\/\/gesundheitsberatung.com\/psychologie\/online-beratung\/psychologische-berater\/m-stahl-2\/#primaryimage","url":"https:\/\/gesundheitsberatung.com\/psychologie\/wp-content\/uploads\/sites\/2\/m-stahl-psychologische-berater-vistano-berater-id-6208.jpg","contentUrl":"https:\/\/gesundheitsberatung.com\/psychologie\/wp-content\/uploads\/sites\/2\/m-stahl-psychologische-berater-vistano-berater-id-6208.jpg","width":800,"height":800,"caption":"Psychologische Berater M. Stahl - Berater-ID: 6208"},{"@type":"BreadcrumbList","@id":"https:\/\/gesundheitsberatung.com\/psychologie\/online-beratung\/psychologische-berater\/m-stahl-2\/#breadcrumb","itemListElement":[{"@type":"ListItem","position":1,"name":"Home","item":"https:\/\/gesundheitsberatung.com\/psychologie\/"},{"@type":"ListItem","position":2,"name":"Produkte","item":"https:\/\/gesundheitsberatung.com\/psychologie\/shop\/"},{"@type":"ListItem","position":3,"name":"Online Beratung","item":"https:\/\/gesundheitsberatung.com\/psychologie\/online_berater\/online-beratung\/"},{"@type":"ListItem","position":4,"name":"Psychologische Berater","item":"https:\/\/gesundheitsberatung.com\/psychologie\/online_berater\/psychologische-berater\/"},{"@type":"ListItem","position":5,"name":"M. Stahl"}]},{"@type":"WebSite","@id":"https:\/\/gesundheitsberatung.com\/psychologie\/#website","url":"https:\/\/gesundheitsberatung.com\/psychologie\/","name":"Psychologie","description":"Psychologie \u260e Beratung durch Psychologen! Jetzt Gratis-Beratung sichern: \u2714 Diplom Psychologen \u2714 Heilpraktiker f\u00fcr Psychotherapie \u2714 Psychotherapeuten \u2714 Psychologische Berater bei Vistano Psychologie.","potentialAction":[{"@type":"SearchAction","target":{"@type":"EntryPoint","urlTemplate":"https:\/\/gesundheitsberatung.com\/psychologie\/?s={search_term_string}"},"query-input":{"@type":"PropertyValueSpecification","valueRequired":true,"valueName":"search_term_string"}}],"inLanguage":"de"}]}},"_links":{"self":[{"href":"https:\/\/gesundheitsberatung.com\/psychologie\/wp-json\/wp\/v2\/product\/24730","targetHints":{"allow":["GET"]}}],"collection":[{"href":"https:\/\/gesundheitsberatung.com\/psychologie\/wp-json\/wp\/v2\/product"}],"about":[{"href":"https:\/\/gesundheitsberatung.com\/psychologie\/wp-json\/wp\/v2\/types\/product"}],"replies":[{"embeddable":true,"href":"https:\/\/gesundheitsberatung.com\/psychologie\/wp-json\/wp\/v2\/comments?post=24730"}],"wp:featuredmedia":[{"embeddable":true,"href":"https:\/\/gesundheitsberatung.com\/psychologie\/wp-json\/wp\/v2\/media\/26537"}],"wp:attachment":[{"href":"https:\/\/gesundheitsberatung.com\/psychologie\/wp-json\/wp\/v2\/media?parent=24730"}],"wp:term":[{"taxonomy":"product_cat","embeddable":true,"href":"https:\/\/gesundheitsberatung.com\/psychologie\/wp-json\/wp\/v2\/product_cat?post=24730"},{"taxonomy":"product_tag","embeddable":true,"href":"https:\/\/gesundheitsberatung.com\/psychologie\/wp-json\/wp\/v2\/product_tag?post=24730"}],"curies":[{"name":"wp","href":"https:\/\/api.w.org\/{rel}","templated":true}]}}