{"id":226076,"date":"2024-07-02T17:58:16","date_gmt":"2024-07-02T15:58:16","guid":{"rendered":"https:\/\/gesundheitsberatung.com\/psychologie\/?post_type=product&#038;p=226076"},"modified":"2025-06-25T08:20:14","modified_gmt":"2025-06-25T06:20:14","slug":"w-kulms","status":"publish","type":"product","link":"https:\/\/gesundheitsberatung.com\/psychologie\/online-beratung\/heilpraktiker-fuer-psychotherapie\/w-kulms\/","title":{"rendered":"W. Kulms"},"content":{"rendered":"<p>Du m\u00f6chtest mit jemandem reden?Was bewegt Dich? Existenzsorgen,      Beziehungsprobleme, eine pers\u00f6nliche Krise.Als Heilpraktiker und Lebensberater mit  vierzigj\u00e4hriger Berufserfahrung helfe ich Dir den wahren Menschen in Dir wieder zu entdecken.Du hast ein Recht auf ein Selbstbestimmtes Leben in einer gl\u00fccklichen Zukunft.Ich begleite Dich bis sich Deine schwierigeLebenssituation zum Positiven gewendet hat.Als einf\u00fchlsamer und kompetenter Berater stehe ich Dir gern f\u00fcr ein ausf\u00fchrliches Gespr\u00e4ch zur Verf\u00fcgung.<span class=\"display_none\">6606<\/span><\/p>\n","protected":false},"excerpt":{"rendered":"<p>Gespr\u00e4chstherapie &#8211; Arbeit m. d. inneren Kind &#8211; Traumanalyse &#8211; Pers\u00f6nlichkeitsentwicklung &#8211; Partnerschaft &#8211; einf\u00fchlsame Beratung seit 1986 <\/p>\n","protected":false},"featured_media":381364,"comment_status":"closed","ping_status":"closed","template":"","meta":[],"product_cat":[],"product_tag":[],"class_list":["post-226076","product","type-product","status-publish","has-post-thumbnail","hentry","online_berater-heilpraktiker-fuer-psychotherapie"],"yoast_head":"<!-- This site is optimized with the Yoast SEO plugin v26.0 - https:\/\/yoast.com\/wordpress\/plugins\/seo\/ -->\n<title>W. Kulms &#187; Heilpraktiker f\u00fcr Psychotherapie &#187; Vistano \u260e Beratung<\/title>\n<meta name=\"description\" content=\"Vistano Heilpraktiker f\u00fcr Psychotherapie &#187; Gespr\u00e4chstherapie - Arbeit m. d. inneren Kind - Traumanalyse - Pers\u00f6nlichkeitsentwicklung - Partnerschaft - einf\u00fchlsame Beratung seit 1986\" \/>\n<meta name=\"robots\" content=\"index, follow, max-snippet:-1, max-image-preview:large, max-video-preview:-1\" \/>\n<link rel=\"canonical\" href=\"https:\/\/gesundheitsberatung.com\/psychologie\/online-beratung\/heilpraktiker-fuer-psychotherapie\/w-kulms\/\" \/>\n<meta property=\"og:locale\" content=\"de_DE\" \/>\n<meta property=\"og:type\" content=\"article\" \/>\n<meta property=\"og:title\" content=\"W. Kulms &#187; Heilpraktiker f\u00fcr Psychotherapie &#187; Vistano \u260e Beratung\" \/>\n<meta property=\"og:description\" content=\"Vistano Heilpraktiker f\u00fcr Psychotherapie &#187; Gespr\u00e4chstherapie - Arbeit m. d. inneren Kind - Traumanalyse - Pers\u00f6nlichkeitsentwicklung - Partnerschaft - einf\u00fchlsame Beratung seit 1986\" \/>\n<meta property=\"og:url\" content=\"https:\/\/gesundheitsberatung.com\/psychologie\/online-beratung\/heilpraktiker-fuer-psychotherapie\/w-kulms\/\" \/>\n<meta property=\"og:site_name\" content=\"Psychologie\" \/>\n<meta property=\"article:publisher\" content=\"https:\/\/www.facebook.com\/psychologie\/\" \/>\n<meta property=\"article:modified_time\" content=\"2025-06-25T06:20:14+00:00\" \/>\n<meta property=\"og:image\" content=\"https:\/\/gesundheitsberatung.com\/psychologie\/wp-content\/uploads\/sites\/2\/w-kulms-heilpraktiker-f-r-psychotherapie-vistano-berater-id-6606.jpg\" \/>\n\t<meta property=\"og:image:width\" content=\"774\" \/>\n\t<meta property=\"og:image:height\" content=\"774\" \/>\n\t<meta property=\"og:image:type\" content=\"image\/jpeg\" \/>\n<meta name=\"twitter:card\" content=\"summary_large_image\" \/>\n<meta name=\"twitter:site\" content=\"@Vistano\" \/>\n<script type=\"application\/ld+json\" class=\"yoast-schema-graph\">{\"@context\":\"https:\/\/schema.org\",\"@graph\":[{\"@type\":\"WebPage\",\"@id\":\"https:\/\/gesundheitsberatung.com\/psychologie\/online-beratung\/heilpraktiker-fuer-psychotherapie\/w-kulms\/\",\"url\":\"https:\/\/gesundheitsberatung.com\/psychologie\/online-beratung\/heilpraktiker-fuer-psychotherapie\/w-kulms\/\",\"name\":\"W. Kulms &#187; Heilpraktiker f\u00fcr Psychotherapie &#187; Vistano \u260e Beratung\",\"isPartOf\":{\"@id\":\"https:\/\/gesundheitsberatung.com\/psychologie\/#website\"},\"primaryImageOfPage\":{\"@id\":\"https:\/\/gesundheitsberatung.com\/psychologie\/online-beratung\/heilpraktiker-fuer-psychotherapie\/w-kulms\/#primaryimage\"},\"image\":{\"@id\":\"https:\/\/gesundheitsberatung.com\/psychologie\/online-beratung\/heilpraktiker-fuer-psychotherapie\/w-kulms\/#primaryimage\"},\"thumbnailUrl\":\"https:\/\/gesundheitsberatung.com\/psychologie\/wp-content\/uploads\/sites\/2\/w-kulms-heilpraktiker-f-r-psychotherapie-vistano-berater-id-6606.jpg\",\"datePublished\":\"2024-07-02T15:58:16+00:00\",\"dateModified\":\"2025-06-25T06:20:14+00:00\",\"description\":\"Vistano Heilpraktiker f\u00fcr Psychotherapie &#187; Gespr\u00e4chstherapie - Arbeit m. d. inneren Kind - Traumanalyse - Pers\u00f6nlichkeitsentwicklung - Partnerschaft - einf\u00fchlsame Beratung seit 1986\",\"breadcrumb\":{\"@id\":\"https:\/\/gesundheitsberatung.com\/psychologie\/online-beratung\/heilpraktiker-fuer-psychotherapie\/w-kulms\/#breadcrumb\"},\"inLanguage\":\"de\",\"potentialAction\":[{\"@type\":\"ReadAction\",\"target\":[\"https:\/\/gesundheitsberatung.com\/psychologie\/online-beratung\/heilpraktiker-fuer-psychotherapie\/w-kulms\/\"]}]},{\"@type\":\"ImageObject\",\"inLanguage\":\"de\",\"@id\":\"https:\/\/gesundheitsberatung.com\/psychologie\/online-beratung\/heilpraktiker-fuer-psychotherapie\/w-kulms\/#primaryimage\",\"url\":\"https:\/\/gesundheitsberatung.com\/psychologie\/wp-content\/uploads\/sites\/2\/w-kulms-heilpraktiker-f-r-psychotherapie-vistano-berater-id-6606.jpg\",\"contentUrl\":\"https:\/\/gesundheitsberatung.com\/psychologie\/wp-content\/uploads\/sites\/2\/w-kulms-heilpraktiker-f-r-psychotherapie-vistano-berater-id-6606.jpg\",\"width\":640,\"height\":640,\"caption\":\"Heilpraktiker f\u00fcr Psychotherapie W. Kulms - Berater-ID: 6606\"},{\"@type\":\"BreadcrumbList\",\"@id\":\"https:\/\/gesundheitsberatung.com\/psychologie\/online-beratung\/heilpraktiker-fuer-psychotherapie\/w-kulms\/#breadcrumb\",\"itemListElement\":[{\"@type\":\"ListItem\",\"position\":1,\"name\":\"Home\",\"item\":\"https:\/\/gesundheitsberatung.com\/psychologie\/\"},{\"@type\":\"ListItem\",\"position\":2,\"name\":\"Produkte\",\"item\":\"https:\/\/gesundheitsberatung.com\/psychologie\/shop\/\"},{\"@type\":\"ListItem\",\"position\":3,\"name\":\"Online Beratung\",\"item\":\"https:\/\/gesundheitsberatung.com\/psychologie\/online_berater\/online-beratung\/\"},{\"@type\":\"ListItem\",\"position\":4,\"name\":\"Heilpraktiker f\u00fcr Psychotherapie\",\"item\":\"https:\/\/gesundheitsberatung.com\/psychologie\/online_berater\/heilpraktiker-fuer-psychotherapie\/\"},{\"@type\":\"ListItem\",\"position\":5,\"name\":\"W. Kulms\"}]},{\"@type\":\"WebSite\",\"@id\":\"https:\/\/gesundheitsberatung.com\/psychologie\/#website\",\"url\":\"https:\/\/gesundheitsberatung.com\/psychologie\/\",\"name\":\"Psychologie\",\"description\":\"Psychologie \u260e Beratung durch Psychologen! Jetzt Gratis-Beratung sichern: \u2714 Diplom Psychologen \u2714 Heilpraktiker f\u00fcr Psychotherapie \u2714 Psychotherapeuten \u2714 Psychologische Berater bei Vistano Psychologie.\",\"potentialAction\":[{\"@type\":\"SearchAction\",\"target\":{\"@type\":\"EntryPoint\",\"urlTemplate\":\"https:\/\/gesundheitsberatung.com\/psychologie\/?s={search_term_string}\"},\"query-input\":{\"@type\":\"PropertyValueSpecification\",\"valueRequired\":true,\"valueName\":\"search_term_string\"}}],\"inLanguage\":\"de\"}]}<\/script>\n<!-- \/ Yoast SEO plugin. -->","yoast_head_json":{"title":"W. Kulms &#187; Heilpraktiker f\u00fcr Psychotherapie &#187; Vistano \u260e Beratung","description":"Vistano Heilpraktiker f\u00fcr Psychotherapie &#187; Gespr\u00e4chstherapie - Arbeit m. d. inneren Kind - Traumanalyse - Pers\u00f6nlichkeitsentwicklung - Partnerschaft - einf\u00fchlsame Beratung seit 1986","robots":{"index":"index","follow":"follow","max-snippet":"max-snippet:-1","max-image-preview":"max-image-preview:large","max-video-preview":"max-video-preview:-1"},"canonical":"https:\/\/gesundheitsberatung.com\/psychologie\/online-beratung\/heilpraktiker-fuer-psychotherapie\/w-kulms\/","og_locale":"de_DE","og_type":"article","og_title":"W. Kulms &#187; Heilpraktiker f\u00fcr Psychotherapie &#187; Vistano \u260e Beratung","og_description":"Vistano Heilpraktiker f\u00fcr Psychotherapie &#187; Gespr\u00e4chstherapie - Arbeit m. d. inneren Kind - Traumanalyse - Pers\u00f6nlichkeitsentwicklung - Partnerschaft - einf\u00fchlsame Beratung seit 1986","og_url":"https:\/\/gesundheitsberatung.com\/psychologie\/online-beratung\/heilpraktiker-fuer-psychotherapie\/w-kulms\/","og_site_name":"Psychologie","article_publisher":"https:\/\/www.facebook.com\/psychologie\/","article_modified_time":"2025-06-25T06:20:14+00:00","og_image":[{"width":774,"height":774,"url":"https:\/\/gesundheitsberatung.com\/psychologie\/wp-content\/uploads\/sites\/2\/w-kulms-heilpraktiker-f-r-psychotherapie-vistano-berater-id-6606.jpg","type":"image\/jpeg"}],"twitter_card":"summary_large_image","twitter_site":"@Vistano","schema":{"@context":"https:\/\/schema.org","@graph":[{"@type":"WebPage","@id":"https:\/\/gesundheitsberatung.com\/psychologie\/online-beratung\/heilpraktiker-fuer-psychotherapie\/w-kulms\/","url":"https:\/\/gesundheitsberatung.com\/psychologie\/online-beratung\/heilpraktiker-fuer-psychotherapie\/w-kulms\/","name":"W. Kulms &#187; Heilpraktiker f\u00fcr Psychotherapie &#187; Vistano \u260e Beratung","isPartOf":{"@id":"https:\/\/gesundheitsberatung.com\/psychologie\/#website"},"primaryImageOfPage":{"@id":"https:\/\/gesundheitsberatung.com\/psychologie\/online-beratung\/heilpraktiker-fuer-psychotherapie\/w-kulms\/#primaryimage"},"image":{"@id":"https:\/\/gesundheitsberatung.com\/psychologie\/online-beratung\/heilpraktiker-fuer-psychotherapie\/w-kulms\/#primaryimage"},"thumbnailUrl":"https:\/\/gesundheitsberatung.com\/psychologie\/wp-content\/uploads\/sites\/2\/w-kulms-heilpraktiker-f-r-psychotherapie-vistano-berater-id-6606.jpg","datePublished":"2024-07-02T15:58:16+00:00","dateModified":"2025-06-25T06:20:14+00:00","description":"Vistano Heilpraktiker f\u00fcr Psychotherapie &#187; Gespr\u00e4chstherapie - Arbeit m. d. inneren Kind - Traumanalyse - Pers\u00f6nlichkeitsentwicklung - Partnerschaft - einf\u00fchlsame Beratung seit 1986","breadcrumb":{"@id":"https:\/\/gesundheitsberatung.com\/psychologie\/online-beratung\/heilpraktiker-fuer-psychotherapie\/w-kulms\/#breadcrumb"},"inLanguage":"de","potentialAction":[{"@type":"ReadAction","target":["https:\/\/gesundheitsberatung.com\/psychologie\/online-beratung\/heilpraktiker-fuer-psychotherapie\/w-kulms\/"]}]},{"@type":"ImageObject","inLanguage":"de","@id":"https:\/\/gesundheitsberatung.com\/psychologie\/online-beratung\/heilpraktiker-fuer-psychotherapie\/w-kulms\/#primaryimage","url":"https:\/\/gesundheitsberatung.com\/psychologie\/wp-content\/uploads\/sites\/2\/w-kulms-heilpraktiker-f-r-psychotherapie-vistano-berater-id-6606.jpg","contentUrl":"https:\/\/gesundheitsberatung.com\/psychologie\/wp-content\/uploads\/sites\/2\/w-kulms-heilpraktiker-f-r-psychotherapie-vistano-berater-id-6606.jpg","width":640,"height":640,"caption":"Heilpraktiker f\u00fcr Psychotherapie W. Kulms - Berater-ID: 6606"},{"@type":"BreadcrumbList","@id":"https:\/\/gesundheitsberatung.com\/psychologie\/online-beratung\/heilpraktiker-fuer-psychotherapie\/w-kulms\/#breadcrumb","itemListElement":[{"@type":"ListItem","position":1,"name":"Home","item":"https:\/\/gesundheitsberatung.com\/psychologie\/"},{"@type":"ListItem","position":2,"name":"Produkte","item":"https:\/\/gesundheitsberatung.com\/psychologie\/shop\/"},{"@type":"ListItem","position":3,"name":"Online Beratung","item":"https:\/\/gesundheitsberatung.com\/psychologie\/online_berater\/online-beratung\/"},{"@type":"ListItem","position":4,"name":"Heilpraktiker f\u00fcr Psychotherapie","item":"https:\/\/gesundheitsberatung.com\/psychologie\/online_berater\/heilpraktiker-fuer-psychotherapie\/"},{"@type":"ListItem","position":5,"name":"W. Kulms"}]},{"@type":"WebSite","@id":"https:\/\/gesundheitsberatung.com\/psychologie\/#website","url":"https:\/\/gesundheitsberatung.com\/psychologie\/","name":"Psychologie","description":"Psychologie \u260e Beratung durch Psychologen! Jetzt Gratis-Beratung sichern: \u2714 Diplom Psychologen \u2714 Heilpraktiker f\u00fcr Psychotherapie \u2714 Psychotherapeuten \u2714 Psychologische Berater bei Vistano Psychologie.","potentialAction":[{"@type":"SearchAction","target":{"@type":"EntryPoint","urlTemplate":"https:\/\/gesundheitsberatung.com\/psychologie\/?s={search_term_string}"},"query-input":{"@type":"PropertyValueSpecification","valueRequired":true,"valueName":"search_term_string"}}],"inLanguage":"de"}]}},"_links":{"self":[{"href":"https:\/\/gesundheitsberatung.com\/psychologie\/wp-json\/wp\/v2\/product\/226076","targetHints":{"allow":["GET"]}}],"collection":[{"href":"https:\/\/gesundheitsberatung.com\/psychologie\/wp-json\/wp\/v2\/product"}],"about":[{"href":"https:\/\/gesundheitsberatung.com\/psychologie\/wp-json\/wp\/v2\/types\/product"}],"replies":[{"embeddable":true,"href":"https:\/\/gesundheitsberatung.com\/psychologie\/wp-json\/wp\/v2\/comments?post=226076"}],"wp:featuredmedia":[{"embeddable":true,"href":"https:\/\/gesundheitsberatung.com\/psychologie\/wp-json\/wp\/v2\/media\/381364"}],"wp:attachment":[{"href":"https:\/\/gesundheitsberatung.com\/psychologie\/wp-json\/wp\/v2\/media?parent=226076"}],"wp:term":[{"taxonomy":"product_cat","embeddable":true,"href":"https:\/\/gesundheitsberatung.com\/psychologie\/wp-json\/wp\/v2\/product_cat?post=226076"},{"taxonomy":"product_tag","embeddable":true,"href":"https:\/\/gesundheitsberatung.com\/psychologie\/wp-json\/wp\/v2\/product_tag?post=226076"}],"curies":[{"name":"wp","href":"https:\/\/api.w.org\/{rel}","templated":true}]}}