{"id":21902,"date":"2017-02-13T15:51:04","date_gmt":"2017-02-13T14:51:04","guid":{"rendered":"https:\/\/gesundheitsberatung.com\/psychologie\/?post_type=product&#038;p=21902"},"modified":"2020-01-22T14:19:06","modified_gmt":"2020-01-22T13:19:06","slug":"a-vitzthum","status":"publish","type":"product","link":"https:\/\/gesundheitsberatung.com\/psychologie\/online-beratung\/psychologische-berater\/a-vitzthum\/","title":{"rendered":"A. Vitzthum"},"content":{"rendered":"<p><span class=\"hinweis_text_single_berater\">Ich berate Sie erfahren und vertraulich zu psychologischen Themen, in Lebensfragen oder -krisen.<\/span><\/p>\n<p>Ich h\u00f6re Ihnen unbefangen und aufmerksam zu. Je nach Anliegen, Bedarf und zeitlichem Rahmen werden wir Ihre pers\u00f6nliche Thematik strukturieren, Bedingungen analysieren und neue Perspektiven erarbeiten.<br \/>\nIch werde Ihnen dabei keine vorgefertigte L\u00f6sung vorsetzen, sondern Sie dabei begleiten, diese vor dem Hintergrund Ihrer individuellen Situation und Ihrer pers\u00f6nlichen St\u00e4rken Schritt f\u00fcr Schritt zu erkunden, damit Sie auch in der Zukunft von den dadurch gewonnenen F\u00e4higkeiten profitieren k\u00f6nnen.<\/p>\n<p>In meinen Beratungen nutze ich l\u00f6sungs- und ressourcenorientierte, personenzentrierte und kognitiv-behaviorale Elemente. Eine ganzheitliche Betrachtung Ihrer Situation ist mir dabei sehr wichtig.<\/p>\n<p>Ich unterst\u00fctze Sie in Lebenskrisen, bei Entscheidungsfindungen, zwischenmenschlichen Konflikten und Beziehungsproblemen, Stress(-bew\u00e4ltigung), depressiven Verstimmungen, Selbstunsicherheit, sozialen \u00c4ngsten, Leistungsdruck und Pr\u00fcfungsangst, Karriereplanung\/beruflicher Umorientierung, bei Fragen zum Thema Psychotherapie wie auch Therapieplatzsuche und sonstigen psychologischen Fragestellungen.<\/p>\n<p>Zus\u00e4tzlich bin ich spezialisiert auf die psychologische Beratung und das Coaching von Musikern.<span class=\"display_none\">6100<\/span><\/p>\n","protected":false},"excerpt":{"rendered":"<p>Die Herausforderungen des Lebens sind vielf\u00e4ltig. Ebenso wie m\u00f6gliche L\u00f6sungans\u00e4tze oder Blickwinkel auf selbige. Ich unterst\u00fctze Sie in Ihren pers\u00f6nlichen Anliegen &#8211; unvoreingenommen und einf\u00fchlsam.<\/p>\n","protected":false},"featured_media":22000,"comment_status":"open","ping_status":"closed","template":"","meta":[],"product_cat":[],"product_tag":[],"class_list":["post-21902","product","type-product","status-publish","has-post-thumbnail","hentry","online_berater-psychologische-berater"],"yoast_head":"<!-- This site is optimized with the Yoast SEO plugin v26.0 - https:\/\/yoast.com\/wordpress\/plugins\/seo\/ -->\n<title>A. Vitzthum &#187; Psychologische Berater &#187; Vistano \u260e Beratung<\/title>\n<meta name=\"description\" content=\"Vistano Psychologische Berater &#187; Die Herausforderungen des Lebens sind vielf\u00e4ltig. Ebenso wie m\u00f6gliche L\u00f6sungans\u00e4tze oder Blickwinkel auf selbige. Ich unterst\u00fctze Sie in Ihren pers\u00f6nlichen Anliegen - unvoreingenommen und einf\u00fchlsam.\" \/>\n<meta name=\"robots\" content=\"index, follow, max-snippet:-1, max-image-preview:large, max-video-preview:-1\" \/>\n<link rel=\"canonical\" href=\"https:\/\/gesundheitsberatung.com\/psychologie\/online-beratung\/psychologische-berater\/a-vitzthum\/\" \/>\n<meta property=\"og:locale\" content=\"de_DE\" \/>\n<meta property=\"og:type\" content=\"article\" \/>\n<meta property=\"og:title\" content=\"A. Vitzthum &#187; Psychologische Berater &#187; Vistano \u260e Beratung\" \/>\n<meta property=\"og:description\" content=\"Vistano Psychologische Berater &#187; Die Herausforderungen des Lebens sind vielf\u00e4ltig. Ebenso wie m\u00f6gliche L\u00f6sungans\u00e4tze oder Blickwinkel auf selbige. Ich unterst\u00fctze Sie in Ihren pers\u00f6nlichen Anliegen - unvoreingenommen und einf\u00fchlsam.\" \/>\n<meta property=\"og:url\" content=\"https:\/\/gesundheitsberatung.com\/psychologie\/online-beratung\/psychologische-berater\/a-vitzthum\/\" \/>\n<meta property=\"og:site_name\" content=\"Psychologie\" \/>\n<meta property=\"article:publisher\" content=\"https:\/\/www.facebook.com\/psychologie\/\" \/>\n<meta property=\"article:modified_time\" content=\"2020-01-22T13:19:06+00:00\" \/>\n<meta property=\"og:image\" content=\"https:\/\/gesundheitsberatung.com\/psychologie\/wp-content\/uploads\/sites\/2\/a-vitzthum-psychologische-berater-vistano-berater-id-6100.jpg\" \/>\n\t<meta property=\"og:image:width\" content=\"800\" \/>\n\t<meta property=\"og:image:height\" content=\"800\" \/>\n\t<meta property=\"og:image:type\" content=\"image\/jpeg\" \/>\n<meta name=\"twitter:card\" content=\"summary_large_image\" \/>\n<meta name=\"twitter:site\" content=\"@Vistano\" \/>\n<script type=\"application\/ld+json\" class=\"yoast-schema-graph\">{\"@context\":\"https:\/\/schema.org\",\"@graph\":[{\"@type\":\"WebPage\",\"@id\":\"https:\/\/gesundheitsberatung.com\/psychologie\/online-beratung\/psychologische-berater\/a-vitzthum\/\",\"url\":\"https:\/\/gesundheitsberatung.com\/psychologie\/online-beratung\/psychologische-berater\/a-vitzthum\/\",\"name\":\"A. Vitzthum &#187; Psychologische Berater &#187; Vistano \u260e Beratung\",\"isPartOf\":{\"@id\":\"https:\/\/gesundheitsberatung.com\/psychologie\/#website\"},\"primaryImageOfPage\":{\"@id\":\"https:\/\/gesundheitsberatung.com\/psychologie\/online-beratung\/psychologische-berater\/a-vitzthum\/#primaryimage\"},\"image\":{\"@id\":\"https:\/\/gesundheitsberatung.com\/psychologie\/online-beratung\/psychologische-berater\/a-vitzthum\/#primaryimage\"},\"thumbnailUrl\":\"https:\/\/gesundheitsberatung.com\/psychologie\/wp-content\/uploads\/sites\/2\/a-vitzthum-psychologische-berater-vistano-berater-id-6100.jpg\",\"datePublished\":\"2017-02-13T14:51:04+00:00\",\"dateModified\":\"2020-01-22T13:19:06+00:00\",\"description\":\"Vistano Psychologische Berater &#187; Die Herausforderungen des Lebens sind vielf\u00e4ltig. Ebenso wie m\u00f6gliche L\u00f6sungans\u00e4tze oder Blickwinkel auf selbige. Ich unterst\u00fctze Sie in Ihren pers\u00f6nlichen Anliegen - unvoreingenommen und einf\u00fchlsam.\",\"breadcrumb\":{\"@id\":\"https:\/\/gesundheitsberatung.com\/psychologie\/online-beratung\/psychologische-berater\/a-vitzthum\/#breadcrumb\"},\"inLanguage\":\"de\",\"potentialAction\":[{\"@type\":\"ReadAction\",\"target\":[\"https:\/\/gesundheitsberatung.com\/psychologie\/online-beratung\/psychologische-berater\/a-vitzthum\/\"]}]},{\"@type\":\"ImageObject\",\"inLanguage\":\"de\",\"@id\":\"https:\/\/gesundheitsberatung.com\/psychologie\/online-beratung\/psychologische-berater\/a-vitzthum\/#primaryimage\",\"url\":\"https:\/\/gesundheitsberatung.com\/psychologie\/wp-content\/uploads\/sites\/2\/a-vitzthum-psychologische-berater-vistano-berater-id-6100.jpg\",\"contentUrl\":\"https:\/\/gesundheitsberatung.com\/psychologie\/wp-content\/uploads\/sites\/2\/a-vitzthum-psychologische-berater-vistano-berater-id-6100.jpg\",\"width\":800,\"height\":800,\"caption\":\"Psychologische Berater A. Vitzthum - Berater-ID: 6100\"},{\"@type\":\"BreadcrumbList\",\"@id\":\"https:\/\/gesundheitsberatung.com\/psychologie\/online-beratung\/psychologische-berater\/a-vitzthum\/#breadcrumb\",\"itemListElement\":[{\"@type\":\"ListItem\",\"position\":1,\"name\":\"Home\",\"item\":\"https:\/\/gesundheitsberatung.com\/psychologie\/\"},{\"@type\":\"ListItem\",\"position\":2,\"name\":\"Produkte\",\"item\":\"https:\/\/gesundheitsberatung.com\/psychologie\/shop\/\"},{\"@type\":\"ListItem\",\"position\":3,\"name\":\"Online Beratung\",\"item\":\"https:\/\/gesundheitsberatung.com\/psychologie\/online_berater\/online-beratung\/\"},{\"@type\":\"ListItem\",\"position\":4,\"name\":\"Psychologische Berater\",\"item\":\"https:\/\/gesundheitsberatung.com\/psychologie\/online_berater\/psychologische-berater\/\"},{\"@type\":\"ListItem\",\"position\":5,\"name\":\"A. Vitzthum\"}]},{\"@type\":\"WebSite\",\"@id\":\"https:\/\/gesundheitsberatung.com\/psychologie\/#website\",\"url\":\"https:\/\/gesundheitsberatung.com\/psychologie\/\",\"name\":\"Psychologie\",\"description\":\"Psychologie \u260e Beratung durch Psychologen! Jetzt Gratis-Beratung sichern: \u2714 Diplom Psychologen \u2714 Heilpraktiker f\u00fcr Psychotherapie \u2714 Psychotherapeuten \u2714 Psychologische Berater bei Vistano Psychologie.\",\"potentialAction\":[{\"@type\":\"SearchAction\",\"target\":{\"@type\":\"EntryPoint\",\"urlTemplate\":\"https:\/\/gesundheitsberatung.com\/psychologie\/?s={search_term_string}\"},\"query-input\":{\"@type\":\"PropertyValueSpecification\",\"valueRequired\":true,\"valueName\":\"search_term_string\"}}],\"inLanguage\":\"de\"}]}<\/script>\n<!-- \/ Yoast SEO plugin. -->","yoast_head_json":{"title":"A. Vitzthum &#187; Psychologische Berater &#187; Vistano \u260e Beratung","description":"Vistano Psychologische Berater &#187; Die Herausforderungen des Lebens sind vielf\u00e4ltig. Ebenso wie m\u00f6gliche L\u00f6sungans\u00e4tze oder Blickwinkel auf selbige. Ich unterst\u00fctze Sie in Ihren pers\u00f6nlichen Anliegen - unvoreingenommen und einf\u00fchlsam.","robots":{"index":"index","follow":"follow","max-snippet":"max-snippet:-1","max-image-preview":"max-image-preview:large","max-video-preview":"max-video-preview:-1"},"canonical":"https:\/\/gesundheitsberatung.com\/psychologie\/online-beratung\/psychologische-berater\/a-vitzthum\/","og_locale":"de_DE","og_type":"article","og_title":"A. Vitzthum &#187; Psychologische Berater &#187; Vistano \u260e Beratung","og_description":"Vistano Psychologische Berater &#187; Die Herausforderungen des Lebens sind vielf\u00e4ltig. Ebenso wie m\u00f6gliche L\u00f6sungans\u00e4tze oder Blickwinkel auf selbige. Ich unterst\u00fctze Sie in Ihren pers\u00f6nlichen Anliegen - unvoreingenommen und einf\u00fchlsam.","og_url":"https:\/\/gesundheitsberatung.com\/psychologie\/online-beratung\/psychologische-berater\/a-vitzthum\/","og_site_name":"Psychologie","article_publisher":"https:\/\/www.facebook.com\/psychologie\/","article_modified_time":"2020-01-22T13:19:06+00:00","og_image":[{"width":800,"height":800,"url":"https:\/\/gesundheitsberatung.com\/psychologie\/wp-content\/uploads\/sites\/2\/a-vitzthum-psychologische-berater-vistano-berater-id-6100.jpg","type":"image\/jpeg"}],"twitter_card":"summary_large_image","twitter_site":"@Vistano","schema":{"@context":"https:\/\/schema.org","@graph":[{"@type":"WebPage","@id":"https:\/\/gesundheitsberatung.com\/psychologie\/online-beratung\/psychologische-berater\/a-vitzthum\/","url":"https:\/\/gesundheitsberatung.com\/psychologie\/online-beratung\/psychologische-berater\/a-vitzthum\/","name":"A. Vitzthum &#187; Psychologische Berater &#187; Vistano \u260e Beratung","isPartOf":{"@id":"https:\/\/gesundheitsberatung.com\/psychologie\/#website"},"primaryImageOfPage":{"@id":"https:\/\/gesundheitsberatung.com\/psychologie\/online-beratung\/psychologische-berater\/a-vitzthum\/#primaryimage"},"image":{"@id":"https:\/\/gesundheitsberatung.com\/psychologie\/online-beratung\/psychologische-berater\/a-vitzthum\/#primaryimage"},"thumbnailUrl":"https:\/\/gesundheitsberatung.com\/psychologie\/wp-content\/uploads\/sites\/2\/a-vitzthum-psychologische-berater-vistano-berater-id-6100.jpg","datePublished":"2017-02-13T14:51:04+00:00","dateModified":"2020-01-22T13:19:06+00:00","description":"Vistano Psychologische Berater &#187; Die Herausforderungen des Lebens sind vielf\u00e4ltig. Ebenso wie m\u00f6gliche L\u00f6sungans\u00e4tze oder Blickwinkel auf selbige. Ich unterst\u00fctze Sie in Ihren pers\u00f6nlichen Anliegen - unvoreingenommen und einf\u00fchlsam.","breadcrumb":{"@id":"https:\/\/gesundheitsberatung.com\/psychologie\/online-beratung\/psychologische-berater\/a-vitzthum\/#breadcrumb"},"inLanguage":"de","potentialAction":[{"@type":"ReadAction","target":["https:\/\/gesundheitsberatung.com\/psychologie\/online-beratung\/psychologische-berater\/a-vitzthum\/"]}]},{"@type":"ImageObject","inLanguage":"de","@id":"https:\/\/gesundheitsberatung.com\/psychologie\/online-beratung\/psychologische-berater\/a-vitzthum\/#primaryimage","url":"https:\/\/gesundheitsberatung.com\/psychologie\/wp-content\/uploads\/sites\/2\/a-vitzthum-psychologische-berater-vistano-berater-id-6100.jpg","contentUrl":"https:\/\/gesundheitsberatung.com\/psychologie\/wp-content\/uploads\/sites\/2\/a-vitzthum-psychologische-berater-vistano-berater-id-6100.jpg","width":800,"height":800,"caption":"Psychologische Berater A. Vitzthum - Berater-ID: 6100"},{"@type":"BreadcrumbList","@id":"https:\/\/gesundheitsberatung.com\/psychologie\/online-beratung\/psychologische-berater\/a-vitzthum\/#breadcrumb","itemListElement":[{"@type":"ListItem","position":1,"name":"Home","item":"https:\/\/gesundheitsberatung.com\/psychologie\/"},{"@type":"ListItem","position":2,"name":"Produkte","item":"https:\/\/gesundheitsberatung.com\/psychologie\/shop\/"},{"@type":"ListItem","position":3,"name":"Online Beratung","item":"https:\/\/gesundheitsberatung.com\/psychologie\/online_berater\/online-beratung\/"},{"@type":"ListItem","position":4,"name":"Psychologische Berater","item":"https:\/\/gesundheitsberatung.com\/psychologie\/online_berater\/psychologische-berater\/"},{"@type":"ListItem","position":5,"name":"A. Vitzthum"}]},{"@type":"WebSite","@id":"https:\/\/gesundheitsberatung.com\/psychologie\/#website","url":"https:\/\/gesundheitsberatung.com\/psychologie\/","name":"Psychologie","description":"Psychologie \u260e Beratung durch Psychologen! Jetzt Gratis-Beratung sichern: \u2714 Diplom Psychologen \u2714 Heilpraktiker f\u00fcr Psychotherapie \u2714 Psychotherapeuten \u2714 Psychologische Berater bei Vistano Psychologie.","potentialAction":[{"@type":"SearchAction","target":{"@type":"EntryPoint","urlTemplate":"https:\/\/gesundheitsberatung.com\/psychologie\/?s={search_term_string}"},"query-input":{"@type":"PropertyValueSpecification","valueRequired":true,"valueName":"search_term_string"}}],"inLanguage":"de"}]}},"_links":{"self":[{"href":"https:\/\/gesundheitsberatung.com\/psychologie\/wp-json\/wp\/v2\/product\/21902","targetHints":{"allow":["GET"]}}],"collection":[{"href":"https:\/\/gesundheitsberatung.com\/psychologie\/wp-json\/wp\/v2\/product"}],"about":[{"href":"https:\/\/gesundheitsberatung.com\/psychologie\/wp-json\/wp\/v2\/types\/product"}],"replies":[{"embeddable":true,"href":"https:\/\/gesundheitsberatung.com\/psychologie\/wp-json\/wp\/v2\/comments?post=21902"}],"wp:featuredmedia":[{"embeddable":true,"href":"https:\/\/gesundheitsberatung.com\/psychologie\/wp-json\/wp\/v2\/media\/22000"}],"wp:attachment":[{"href":"https:\/\/gesundheitsberatung.com\/psychologie\/wp-json\/wp\/v2\/media?parent=21902"}],"wp:term":[{"taxonomy":"product_cat","embeddable":true,"href":"https:\/\/gesundheitsberatung.com\/psychologie\/wp-json\/wp\/v2\/product_cat?post=21902"},{"taxonomy":"product_tag","embeddable":true,"href":"https:\/\/gesundheitsberatung.com\/psychologie\/wp-json\/wp\/v2\/product_tag?post=21902"}],"curies":[{"name":"wp","href":"https:\/\/api.w.org\/{rel}","templated":true}]}}