{"id":21838,"date":"2017-02-10T17:06:05","date_gmt":"2017-02-10T16:06:05","guid":{"rendered":"https:\/\/gesundheitsberatung.com\/psychologie\/?post_type=product&#038;p=21838"},"modified":"2020-01-22T14:19:05","modified_gmt":"2020-01-22T13:19:05","slug":"a-kroemer","status":"publish","type":"product","link":"https:\/\/gesundheitsberatung.com\/psychologie\/online-beratung\/psychologische-berater\/a-kroemer\/","title":{"rendered":"A. Kr\u00f6mer"},"content":{"rendered":"<p><span class=\"hinweis_text_single_berater\">Pflege- und Adoptivfamilie, pflegende Angeh\u00f6rige, Behinderung, Erziehung, Ehe<\/span><\/p>\n<p>Auch aus Steinen,<br \/>\ndie einem in den Weg gelegt werden,<br \/>\nkann man sch\u00f6nes bauen.<br \/>\n(Johann Wolfgang von Goethe)<\/p>\n<p>Ich bin f\u00fcr Sie und Angeh\u00f6rige da bei Themen wie<br \/>\n&#8211;\tErziehungsberatung<br \/>\n&#8211;\tPartnerschaft und Trauma<br \/>\n&#8211;\tPflegende Angeh\u00f6rige<br \/>\n&#8211;\tLeben mit einer k\u00f6rperlichen, geistigen und\/oder seelischen Behinderung oder einer schweren Erkrankung<br \/>\n&#8211;\tPflege- und\/oder Adoptivfamilien<br \/>\n&#8211;\tSinn, Werte, Spiritualit\u00e4t<br \/>\nIch habe Sozialp\u00e4dagogik studiert und war dann einige Jahre leitend in der Behindertenarbeit t\u00e4tig. Seit \u00fcber drei\u00dfig Jahren bin ich Adoptiv- und Pflegemutter und habe auch selbst noch eigene Kinder. Als Pflegemutter eines schwerstbehinderten Kindes kenne ich die Situation pflegender Angeh\u00f6riger aus eigener Erfahrung. Da ich selbst auch eine Sehbehinderung habe, kenne ich die gro\u00dfen und kleinen H\u00fcrden, die es im Leben eines behinderten Menschen gibt, ebenfalls.<br \/>\nVor anderthalb Jahren habe ich mein Fernstudium zur psychologischen Beraterin an der Hamburger Akademie f\u00fcr Fernstudium abgeschlossen. Meine  jahrelange ehrenamtliche Arbeit in diesem Bereich war hierf\u00fcr die Motivation.<br \/>\nAls kompetenter Begleiter mit viel theoretischem Wissen und praktischen Erfahrungen begleite ich Sie gern ein St\u00fcck auf einer schwierigen Wegstrecke  Ihres Lebens.<\/p>\n<p>Krisen im leben<br \/>\nrei\u00dfen uns aus unserem Alltagstrott<br \/>\nWir f\u00fchlen uns ohnm\u00e4chtig, traurig und w\u00fctend.<\/p>\n<p>und doch<br \/>\ner\u00f6ffnen sie  neue Wege<br \/>\nbisher ungeahnte Kr\u00e4fte in unserem Innersten werden durch sie aktiviert und<br \/>\nlassen uns manchmal weit \u00fcber uns hinauswachsen<\/p>\n<p>eine Reise beginnt<br \/>\nsie beginnt mit dem ersten kleinen Schritt<\/p>\n<p>und an ihrem Ende steht hoffentlich das neue Licht und das neu gewonnene Vertrauen in uns und all die bisher verborgenen Sch\u00e4tze, die jeder von uns in sich tr\u00e4gt, auch schwere Wegstrecken bew\u00e4ltigen zu k\u00f6nnen.<\/p>\n<p>Und manchmal tut es gut auf schwierigen Lebenswegstrecken einen Begleiter an seiner Seite zu haben, der<br \/>\nDa ist und einen h\u00e4lt wenn man meint zu fallen<br \/>\nDer einem hilft das Chaos, was in einem tobt zu sortieren<br \/>\nDer andere Blickwinkel auf die Krise aufzeigt und den Blick weitet <br \/>\nDer ermutigt und best\u00e4rkt<\/p>\n<p>\n<span class=\"display_none\">6099<\/span><\/p>\n","protected":false},"excerpt":{"rendered":"<p>Psychologische Beratung zu den Themen: Pflege- und Adoptivfamilie, pflegende Angeh\u00f6rige, leben mit Behinderungen, Erziehung, Partnerschaft<\/p>\n","protected":false},"featured_media":21905,"comment_status":"open","ping_status":"closed","template":"","meta":[],"product_cat":[],"product_tag":[],"class_list":["post-21838","product","type-product","status-publish","has-post-thumbnail","hentry","online_berater-psychologische-berater"],"yoast_head":"<!-- This site is optimized with the Yoast SEO plugin v26.0 - https:\/\/yoast.com\/wordpress\/plugins\/seo\/ -->\n<title>A. Kr\u00f6mer &#187; Psychologische Berater &#187; Vistano \u260e Beratung<\/title>\n<meta name=\"description\" content=\"Vistano Psychologische Berater &#187; Psychologische Beratung zu den Themen: Pflege- und Adoptivfamilie, pflegende Angeh\u00f6rige, leben mit Behinderungen, Erziehung, Partnerschaft\" \/>\n<meta name=\"robots\" content=\"index, follow, max-snippet:-1, max-image-preview:large, max-video-preview:-1\" \/>\n<link rel=\"canonical\" href=\"https:\/\/gesundheitsberatung.com\/psychologie\/online-beratung\/psychologische-berater\/a-kroemer\/\" \/>\n<meta property=\"og:locale\" content=\"de_DE\" \/>\n<meta property=\"og:type\" content=\"article\" \/>\n<meta property=\"og:title\" content=\"A. Kr\u00f6mer &#187; Psychologische Berater &#187; Vistano \u260e Beratung\" \/>\n<meta property=\"og:description\" content=\"Vistano Psychologische Berater &#187; Psychologische Beratung zu den Themen: Pflege- und Adoptivfamilie, pflegende Angeh\u00f6rige, leben mit Behinderungen, Erziehung, Partnerschaft\" \/>\n<meta property=\"og:url\" content=\"https:\/\/gesundheitsberatung.com\/psychologie\/online-beratung\/psychologische-berater\/a-kroemer\/\" \/>\n<meta property=\"og:site_name\" content=\"Psychologie\" \/>\n<meta property=\"article:publisher\" content=\"https:\/\/www.facebook.com\/psychologie\/\" \/>\n<meta property=\"article:modified_time\" content=\"2020-01-22T13:19:05+00:00\" \/>\n<meta property=\"og:image\" content=\"https:\/\/gesundheitsberatung.com\/psychologie\/wp-content\/uploads\/sites\/2\/a-kr-mer-psychologische-berater-vistano-berater-id-6099.jpg\" \/>\n\t<meta property=\"og:image:width\" content=\"800\" \/>\n\t<meta property=\"og:image:height\" content=\"800\" \/>\n\t<meta property=\"og:image:type\" content=\"image\/jpeg\" \/>\n<meta name=\"twitter:card\" content=\"summary_large_image\" \/>\n<meta name=\"twitter:site\" content=\"@Vistano\" \/>\n<script type=\"application\/ld+json\" class=\"yoast-schema-graph\">{\"@context\":\"https:\/\/schema.org\",\"@graph\":[{\"@type\":\"WebPage\",\"@id\":\"https:\/\/gesundheitsberatung.com\/psychologie\/online-beratung\/psychologische-berater\/a-kroemer\/\",\"url\":\"https:\/\/gesundheitsberatung.com\/psychologie\/online-beratung\/psychologische-berater\/a-kroemer\/\",\"name\":\"A. Kr\u00f6mer &#187; Psychologische Berater &#187; Vistano \u260e Beratung\",\"isPartOf\":{\"@id\":\"https:\/\/gesundheitsberatung.com\/psychologie\/#website\"},\"primaryImageOfPage\":{\"@id\":\"https:\/\/gesundheitsberatung.com\/psychologie\/online-beratung\/psychologische-berater\/a-kroemer\/#primaryimage\"},\"image\":{\"@id\":\"https:\/\/gesundheitsberatung.com\/psychologie\/online-beratung\/psychologische-berater\/a-kroemer\/#primaryimage\"},\"thumbnailUrl\":\"https:\/\/gesundheitsberatung.com\/psychologie\/wp-content\/uploads\/sites\/2\/a-kr-mer-psychologische-berater-vistano-berater-id-6099.jpg\",\"datePublished\":\"2017-02-10T16:06:05+00:00\",\"dateModified\":\"2020-01-22T13:19:05+00:00\",\"description\":\"Vistano Psychologische Berater &#187; Psychologische Beratung zu den Themen: Pflege- und Adoptivfamilie, pflegende Angeh\u00f6rige, leben mit Behinderungen, Erziehung, Partnerschaft\",\"breadcrumb\":{\"@id\":\"https:\/\/gesundheitsberatung.com\/psychologie\/online-beratung\/psychologische-berater\/a-kroemer\/#breadcrumb\"},\"inLanguage\":\"de\",\"potentialAction\":[{\"@type\":\"ReadAction\",\"target\":[\"https:\/\/gesundheitsberatung.com\/psychologie\/online-beratung\/psychologische-berater\/a-kroemer\/\"]}]},{\"@type\":\"ImageObject\",\"inLanguage\":\"de\",\"@id\":\"https:\/\/gesundheitsberatung.com\/psychologie\/online-beratung\/psychologische-berater\/a-kroemer\/#primaryimage\",\"url\":\"https:\/\/gesundheitsberatung.com\/psychologie\/wp-content\/uploads\/sites\/2\/a-kr-mer-psychologische-berater-vistano-berater-id-6099.jpg\",\"contentUrl\":\"https:\/\/gesundheitsberatung.com\/psychologie\/wp-content\/uploads\/sites\/2\/a-kr-mer-psychologische-berater-vistano-berater-id-6099.jpg\",\"width\":800,\"height\":800,\"caption\":\"Psychologische Berater A. Kr\u00f6mer - Berater-ID: 6099\"},{\"@type\":\"BreadcrumbList\",\"@id\":\"https:\/\/gesundheitsberatung.com\/psychologie\/online-beratung\/psychologische-berater\/a-kroemer\/#breadcrumb\",\"itemListElement\":[{\"@type\":\"ListItem\",\"position\":1,\"name\":\"Home\",\"item\":\"https:\/\/gesundheitsberatung.com\/psychologie\/\"},{\"@type\":\"ListItem\",\"position\":2,\"name\":\"Produkte\",\"item\":\"https:\/\/gesundheitsberatung.com\/psychologie\/shop\/\"},{\"@type\":\"ListItem\",\"position\":3,\"name\":\"Online Beratung\",\"item\":\"https:\/\/gesundheitsberatung.com\/psychologie\/online_berater\/online-beratung\/\"},{\"@type\":\"ListItem\",\"position\":4,\"name\":\"Psychologische Berater\",\"item\":\"https:\/\/gesundheitsberatung.com\/psychologie\/online_berater\/psychologische-berater\/\"},{\"@type\":\"ListItem\",\"position\":5,\"name\":\"A. Kr\u00f6mer\"}]},{\"@type\":\"WebSite\",\"@id\":\"https:\/\/gesundheitsberatung.com\/psychologie\/#website\",\"url\":\"https:\/\/gesundheitsberatung.com\/psychologie\/\",\"name\":\"Psychologie\",\"description\":\"Psychologie \u260e Beratung durch Psychologen! Jetzt Gratis-Beratung sichern: \u2714 Diplom Psychologen \u2714 Heilpraktiker f\u00fcr Psychotherapie \u2714 Psychotherapeuten \u2714 Psychologische Berater bei Vistano Psychologie.\",\"potentialAction\":[{\"@type\":\"SearchAction\",\"target\":{\"@type\":\"EntryPoint\",\"urlTemplate\":\"https:\/\/gesundheitsberatung.com\/psychologie\/?s={search_term_string}\"},\"query-input\":{\"@type\":\"PropertyValueSpecification\",\"valueRequired\":true,\"valueName\":\"search_term_string\"}}],\"inLanguage\":\"de\"}]}<\/script>\n<!-- \/ Yoast SEO plugin. -->","yoast_head_json":{"title":"A. Kr\u00f6mer &#187; Psychologische Berater &#187; Vistano \u260e Beratung","description":"Vistano Psychologische Berater &#187; Psychologische Beratung zu den Themen: Pflege- und Adoptivfamilie, pflegende Angeh\u00f6rige, leben mit Behinderungen, Erziehung, Partnerschaft","robots":{"index":"index","follow":"follow","max-snippet":"max-snippet:-1","max-image-preview":"max-image-preview:large","max-video-preview":"max-video-preview:-1"},"canonical":"https:\/\/gesundheitsberatung.com\/psychologie\/online-beratung\/psychologische-berater\/a-kroemer\/","og_locale":"de_DE","og_type":"article","og_title":"A. Kr\u00f6mer &#187; Psychologische Berater &#187; Vistano \u260e Beratung","og_description":"Vistano Psychologische Berater &#187; Psychologische Beratung zu den Themen: Pflege- und Adoptivfamilie, pflegende Angeh\u00f6rige, leben mit Behinderungen, Erziehung, Partnerschaft","og_url":"https:\/\/gesundheitsberatung.com\/psychologie\/online-beratung\/psychologische-berater\/a-kroemer\/","og_site_name":"Psychologie","article_publisher":"https:\/\/www.facebook.com\/psychologie\/","article_modified_time":"2020-01-22T13:19:05+00:00","og_image":[{"width":800,"height":800,"url":"https:\/\/gesundheitsberatung.com\/psychologie\/wp-content\/uploads\/sites\/2\/a-kr-mer-psychologische-berater-vistano-berater-id-6099.jpg","type":"image\/jpeg"}],"twitter_card":"summary_large_image","twitter_site":"@Vistano","schema":{"@context":"https:\/\/schema.org","@graph":[{"@type":"WebPage","@id":"https:\/\/gesundheitsberatung.com\/psychologie\/online-beratung\/psychologische-berater\/a-kroemer\/","url":"https:\/\/gesundheitsberatung.com\/psychologie\/online-beratung\/psychologische-berater\/a-kroemer\/","name":"A. Kr\u00f6mer &#187; Psychologische Berater &#187; Vistano \u260e Beratung","isPartOf":{"@id":"https:\/\/gesundheitsberatung.com\/psychologie\/#website"},"primaryImageOfPage":{"@id":"https:\/\/gesundheitsberatung.com\/psychologie\/online-beratung\/psychologische-berater\/a-kroemer\/#primaryimage"},"image":{"@id":"https:\/\/gesundheitsberatung.com\/psychologie\/online-beratung\/psychologische-berater\/a-kroemer\/#primaryimage"},"thumbnailUrl":"https:\/\/gesundheitsberatung.com\/psychologie\/wp-content\/uploads\/sites\/2\/a-kr-mer-psychologische-berater-vistano-berater-id-6099.jpg","datePublished":"2017-02-10T16:06:05+00:00","dateModified":"2020-01-22T13:19:05+00:00","description":"Vistano Psychologische Berater &#187; Psychologische Beratung zu den Themen: Pflege- und Adoptivfamilie, pflegende Angeh\u00f6rige, leben mit Behinderungen, Erziehung, Partnerschaft","breadcrumb":{"@id":"https:\/\/gesundheitsberatung.com\/psychologie\/online-beratung\/psychologische-berater\/a-kroemer\/#breadcrumb"},"inLanguage":"de","potentialAction":[{"@type":"ReadAction","target":["https:\/\/gesundheitsberatung.com\/psychologie\/online-beratung\/psychologische-berater\/a-kroemer\/"]}]},{"@type":"ImageObject","inLanguage":"de","@id":"https:\/\/gesundheitsberatung.com\/psychologie\/online-beratung\/psychologische-berater\/a-kroemer\/#primaryimage","url":"https:\/\/gesundheitsberatung.com\/psychologie\/wp-content\/uploads\/sites\/2\/a-kr-mer-psychologische-berater-vistano-berater-id-6099.jpg","contentUrl":"https:\/\/gesundheitsberatung.com\/psychologie\/wp-content\/uploads\/sites\/2\/a-kr-mer-psychologische-berater-vistano-berater-id-6099.jpg","width":800,"height":800,"caption":"Psychologische Berater A. Kr\u00f6mer - Berater-ID: 6099"},{"@type":"BreadcrumbList","@id":"https:\/\/gesundheitsberatung.com\/psychologie\/online-beratung\/psychologische-berater\/a-kroemer\/#breadcrumb","itemListElement":[{"@type":"ListItem","position":1,"name":"Home","item":"https:\/\/gesundheitsberatung.com\/psychologie\/"},{"@type":"ListItem","position":2,"name":"Produkte","item":"https:\/\/gesundheitsberatung.com\/psychologie\/shop\/"},{"@type":"ListItem","position":3,"name":"Online Beratung","item":"https:\/\/gesundheitsberatung.com\/psychologie\/online_berater\/online-beratung\/"},{"@type":"ListItem","position":4,"name":"Psychologische Berater","item":"https:\/\/gesundheitsberatung.com\/psychologie\/online_berater\/psychologische-berater\/"},{"@type":"ListItem","position":5,"name":"A. Kr\u00f6mer"}]},{"@type":"WebSite","@id":"https:\/\/gesundheitsberatung.com\/psychologie\/#website","url":"https:\/\/gesundheitsberatung.com\/psychologie\/","name":"Psychologie","description":"Psychologie \u260e Beratung durch Psychologen! Jetzt Gratis-Beratung sichern: \u2714 Diplom Psychologen \u2714 Heilpraktiker f\u00fcr Psychotherapie \u2714 Psychotherapeuten \u2714 Psychologische Berater bei Vistano Psychologie.","potentialAction":[{"@type":"SearchAction","target":{"@type":"EntryPoint","urlTemplate":"https:\/\/gesundheitsberatung.com\/psychologie\/?s={search_term_string}"},"query-input":{"@type":"PropertyValueSpecification","valueRequired":true,"valueName":"search_term_string"}}],"inLanguage":"de"}]}},"_links":{"self":[{"href":"https:\/\/gesundheitsberatung.com\/psychologie\/wp-json\/wp\/v2\/product\/21838","targetHints":{"allow":["GET"]}}],"collection":[{"href":"https:\/\/gesundheitsberatung.com\/psychologie\/wp-json\/wp\/v2\/product"}],"about":[{"href":"https:\/\/gesundheitsberatung.com\/psychologie\/wp-json\/wp\/v2\/types\/product"}],"replies":[{"embeddable":true,"href":"https:\/\/gesundheitsberatung.com\/psychologie\/wp-json\/wp\/v2\/comments?post=21838"}],"wp:featuredmedia":[{"embeddable":true,"href":"https:\/\/gesundheitsberatung.com\/psychologie\/wp-json\/wp\/v2\/media\/21905"}],"wp:attachment":[{"href":"https:\/\/gesundheitsberatung.com\/psychologie\/wp-json\/wp\/v2\/media?parent=21838"}],"wp:term":[{"taxonomy":"product_cat","embeddable":true,"href":"https:\/\/gesundheitsberatung.com\/psychologie\/wp-json\/wp\/v2\/product_cat?post=21838"},{"taxonomy":"product_tag","embeddable":true,"href":"https:\/\/gesundheitsberatung.com\/psychologie\/wp-json\/wp\/v2\/product_tag?post=21838"}],"curies":[{"name":"wp","href":"https:\/\/api.w.org\/{rel}","templated":true}]}}