{"id":18099,"date":"2016-09-29T15:42:46","date_gmt":"2016-09-29T13:42:46","guid":{"rendered":"https:\/\/gesundheitsberatung.com\/psychologie\/?post_type=product&#038;p=18099"},"modified":"2025-06-24T03:47:44","modified_gmt":"2025-06-24T01:47:44","slug":"d-hanschk","status":"publish","type":"product","link":"https:\/\/gesundheitsberatung.com\/psychologie\/online-beratung\/psychologische-berater\/d-hanschk\/","title":{"rendered":"D. Hanschk"},"content":{"rendered":"<p>\u201eKrisen sind die Angebote des Lebens, sich zu wandeln.\u201c ( Luise Rinser)  <\/p>\n<p>Krisen sind nicht immer die sch\u00f6nsten Momente im Leben, ja das wissen wir wohl alle. Dazu liegt die L\u00f6sung dummerweise auch noch in unserem Innersten manchmal echt gut versteckt. Da haben wir oft ganz gute Arbeit geleistet und vieles, was wir aus der Notl\u00f6sung heraus taten, hatte auch mal einen f\u00fcr uns wichtigen Sinn. Zum damaligen Zeitpunkt. Nun haben wir uns allerdings im Leben vorw\u00e4rts bewegt, gewandelt, entwickelt. Oft haben wir selbst weniger oder mehr erfolgreich nach L\u00f6sungen, nach \u00d6ffnungen im Chaos gesucht. <\/p>\n<p>Dann gibt es diese Momente, in denen wir das Gef\u00fchl haben &#8211;\u00a0 nichts geht mehr vorw\u00e4rts. Es f\u00fchlt sich an wie im Schaukelstuhl zu sitzen, immer in Bewegung, allerdings nie vorw\u00e4rts.  Momente, in denen wir unsere &#8220;Verschlusssachen&#8221; neu \u00fcberdenken sollten und wollen. Niemand erwartet von Ihnen, dass Sie grunds\u00e4tzlich danach alleine auf die Suche gehen m\u00fcssen. Mein Angebot an Sie da zu sein, zu zu h\u00f6ren, eine begleitenden Unterst\u00fctzung zu sein und gemeinsam zu zweit auf den Weg der L\u00f6sungssuche loszugehen, gemeinsam zu forschen, neue T\u00fcren zu \u00f6ffnen&#8230;auch mal interaktiv und ganzheitlich mit allen Sinnen. <\/p>\n<p>&#8220;Probleme kann man niemals mit derselben Denkweise l\u00f6sen, durch die sie entstanden sind&#8221;. sagte schon der kluge Kopf Albert Einstein. Den Zustand der Problemtrance kennen Sie wahrscheinlich schon ziemlich gut und lange. Die meisten Menschen sind darin wahre Profis. Nun scheint es ja ein inneres Bed\u00fcrfnis bei Ihnen zu geben, das fragt, das kann es doch jetzt nicht alles gewesen sein? Nein, nat\u00fcrlich war das noch nicht alles. Da geht viel mehr und da war wahrscheinlich auch schon viel mehr. Was in die eine Richtung geht, geht logischerweise auch in die andere. Und das ist gut so und toll. Ich spreche da aus eigener Erfahrung. Sonst w\u00fcrde ich mich auch nicht trauen, das so zu sagen. Lassen Sie uns, lassen Sie uns gemeinsam die Perspektive einfach mal \u00e4ndern, einen anderen Blickwinkel einnehmen, das Problem, die Krise aus einer anderen Position, einer anderen Richtung betrachten und in die L\u00f6sungssuche kommen. Zu verlieren gibts dabei wenig oder gar nichts, nur zu gewinnen&#8230;nachhaltig. Viele sch\u00f6ne Dinge. sofern Sie dazu bereit sind,  Sie das Bed\u00fcrfnis und den Mut dazu haben. Das ist die Voraussetzung. Laufen m\u00fcssen Sie trotzdem selbst. Ich begleite &#8220;nur&#8221; auf dem Weg und das sehr gerne. <\/p>\n<p>Was brauchen Sie gerade? Ich bin f\u00fcr Sie jetzt da. Ich freue mich auf Sie, Ihre bereichernde und einmalige Lebensgeschichte und unseren kleinen gemeinsamen Ausflug. <\/p>\n<p>&#8211;  Wertsch\u00e4tzende Systemische und Psychologische und spirituelle Beratung<br \/>\n&#8211; L\u00f6sungsorientiertes Kurzzeitcoaching<br \/>\n&#8211; Achtsamkeitstraining und -vertiefung<br \/>\n&#8211; Trance und Higher Self Healing mit und durch die geistigen Welt und deine Helfer<br \/>\n&#8211; EMDR Traumal\u00f6sung<br \/>\n&#8211; Unterst\u00fctzung von Borderline- und Depressionsangeh\u00f6rigen <br \/>\n&#8211; Ressourcencoachin<br \/>\n&#8211; Innere Teilearbeit<br \/>\n&#8211; Aufstellungsarbeit<br \/>\n&#8211; Gewaltfreie Kommunikation (GFK)<br \/>\n&#8211; Sternensaat<br \/>\n&#8230;<\/p>\n<p>Das ich, das du, das wir.<\/p>\n<p>Beziehungen, Familie, Krisen, St\u00f6rungen, Missbrauch, Trauma, Mobbing, Sexualit\u00e4t, Stress, Burn-out, Sucht, Trauer,  Angeh\u00f6rigenberatung bei Depression, Pers\u00f6nlichkeitsst\u00f6rung \/ Borderline, Sucht, <br \/>\nPers\u00f6nlichkeitscoaching, Ressourcencoaching, Teilearbeit, Aufstellungsarbeit, Energetische Arbeit, Trance Healing mit der geistigen Welt, Achtsamkeitscoaching, Psychologische Beratung, Systemisch-l\u00f6sungsgsorientierte Beratung, Aufstellungsarbeit, Bachbl\u00fcten, Engelkarten,  uvm.<br \/>\n <span class=\"display_none\">6036<\/span><\/p>\n","protected":false},"excerpt":{"rendered":"<p>Krisen sind die Angebote des Lebens, sich zu wandeln. Wie kann ich Sie emphatisch und mit der geistigen Welt in der jetzigen Situation unterst\u00fctzen? <\/p>\n","protected":false},"featured_media":23148,"comment_status":"open","ping_status":"closed","template":"","meta":[],"product_cat":[],"product_tag":[],"class_list":["post-18099","product","type-product","status-publish","has-post-thumbnail","hentry","online_berater-psychologische-berater"],"yoast_head":"<!-- This site is optimized with the Yoast SEO plugin v26.0 - https:\/\/yoast.com\/wordpress\/plugins\/seo\/ -->\n<title>D. Hanschk &#187; Psychologische Berater &#187; Vistano \u260e Beratung<\/title>\n<meta name=\"description\" content=\"Vistano Psychologische Berater &#187; Krisen sind die Angebote des Lebens, sich zu wandeln. Wie kann ich Sie emphatisch und mit der geistigen Welt in der jetzigen Situation unterst\u00fctzen?\" \/>\n<meta name=\"robots\" content=\"index, follow, max-snippet:-1, max-image-preview:large, max-video-preview:-1\" \/>\n<link rel=\"canonical\" href=\"https:\/\/gesundheitsberatung.com\/psychologie\/online-beratung\/psychologische-berater\/d-hanschk\/\" \/>\n<meta property=\"og:locale\" content=\"de_DE\" \/>\n<meta property=\"og:type\" content=\"article\" \/>\n<meta property=\"og:title\" content=\"D. Hanschk &#187; Psychologische Berater &#187; Vistano \u260e Beratung\" \/>\n<meta property=\"og:description\" content=\"Vistano Psychologische Berater &#187; Krisen sind die Angebote des Lebens, sich zu wandeln. Wie kann ich Sie emphatisch und mit der geistigen Welt in der jetzigen Situation unterst\u00fctzen?\" \/>\n<meta property=\"og:url\" content=\"https:\/\/gesundheitsberatung.com\/psychologie\/online-beratung\/psychologische-berater\/d-hanschk\/\" \/>\n<meta property=\"og:site_name\" content=\"Psychologie\" \/>\n<meta property=\"article:publisher\" content=\"https:\/\/www.facebook.com\/psychologie\/\" \/>\n<meta property=\"article:modified_time\" content=\"2025-06-24T01:47:44+00:00\" \/>\n<meta property=\"og:image\" content=\"https:\/\/gesundheitsberatung.com\/psychologie\/wp-content\/uploads\/sites\/2\/d-hanschk-psychologische-berater-vistano-berater-id-6036.jpg\" \/>\n\t<meta property=\"og:image:width\" content=\"700\" \/>\n\t<meta property=\"og:image:height\" content=\"700\" \/>\n\t<meta property=\"og:image:type\" content=\"image\/jpeg\" \/>\n<meta name=\"twitter:card\" content=\"summary_large_image\" \/>\n<meta name=\"twitter:site\" content=\"@Vistano\" \/>\n<script type=\"application\/ld+json\" class=\"yoast-schema-graph\">{\"@context\":\"https:\/\/schema.org\",\"@graph\":[{\"@type\":\"WebPage\",\"@id\":\"https:\/\/gesundheitsberatung.com\/psychologie\/online-beratung\/psychologische-berater\/d-hanschk\/\",\"url\":\"https:\/\/gesundheitsberatung.com\/psychologie\/online-beratung\/psychologische-berater\/d-hanschk\/\",\"name\":\"D. Hanschk &#187; Psychologische Berater &#187; Vistano \u260e Beratung\",\"isPartOf\":{\"@id\":\"https:\/\/gesundheitsberatung.com\/psychologie\/#website\"},\"primaryImageOfPage\":{\"@id\":\"https:\/\/gesundheitsberatung.com\/psychologie\/online-beratung\/psychologische-berater\/d-hanschk\/#primaryimage\"},\"image\":{\"@id\":\"https:\/\/gesundheitsberatung.com\/psychologie\/online-beratung\/psychologische-berater\/d-hanschk\/#primaryimage\"},\"thumbnailUrl\":\"https:\/\/gesundheitsberatung.com\/psychologie\/wp-content\/uploads\/sites\/2\/d-hanschk-psychologische-berater-vistano-berater-id-6036.jpg\",\"datePublished\":\"2016-09-29T13:42:46+00:00\",\"dateModified\":\"2025-06-24T01:47:44+00:00\",\"description\":\"Vistano Psychologische Berater &#187; Krisen sind die Angebote des Lebens, sich zu wandeln. Wie kann ich Sie emphatisch und mit der geistigen Welt in der jetzigen Situation unterst\u00fctzen?\",\"breadcrumb\":{\"@id\":\"https:\/\/gesundheitsberatung.com\/psychologie\/online-beratung\/psychologische-berater\/d-hanschk\/#breadcrumb\"},\"inLanguage\":\"de\",\"potentialAction\":[{\"@type\":\"ReadAction\",\"target\":[\"https:\/\/gesundheitsberatung.com\/psychologie\/online-beratung\/psychologische-berater\/d-hanschk\/\"]}]},{\"@type\":\"ImageObject\",\"inLanguage\":\"de\",\"@id\":\"https:\/\/gesundheitsberatung.com\/psychologie\/online-beratung\/psychologische-berater\/d-hanschk\/#primaryimage\",\"url\":\"https:\/\/gesundheitsberatung.com\/psychologie\/wp-content\/uploads\/sites\/2\/d-hanschk-psychologische-berater-vistano-berater-id-6036.jpg\",\"contentUrl\":\"https:\/\/gesundheitsberatung.com\/psychologie\/wp-content\/uploads\/sites\/2\/d-hanschk-psychologische-berater-vistano-berater-id-6036.jpg\",\"width\":700,\"height\":700,\"caption\":\"Psychologische Berater D. Hanschk - Berater-ID: 6036\"},{\"@type\":\"BreadcrumbList\",\"@id\":\"https:\/\/gesundheitsberatung.com\/psychologie\/online-beratung\/psychologische-berater\/d-hanschk\/#breadcrumb\",\"itemListElement\":[{\"@type\":\"ListItem\",\"position\":1,\"name\":\"Home\",\"item\":\"https:\/\/gesundheitsberatung.com\/psychologie\/\"},{\"@type\":\"ListItem\",\"position\":2,\"name\":\"Produkte\",\"item\":\"https:\/\/gesundheitsberatung.com\/psychologie\/shop\/\"},{\"@type\":\"ListItem\",\"position\":3,\"name\":\"Online Beratung\",\"item\":\"https:\/\/gesundheitsberatung.com\/psychologie\/online_berater\/online-beratung\/\"},{\"@type\":\"ListItem\",\"position\":4,\"name\":\"Psychologische Berater\",\"item\":\"https:\/\/gesundheitsberatung.com\/psychologie\/online_berater\/psychologische-berater\/\"},{\"@type\":\"ListItem\",\"position\":5,\"name\":\"D. Hanschk\"}]},{\"@type\":\"WebSite\",\"@id\":\"https:\/\/gesundheitsberatung.com\/psychologie\/#website\",\"url\":\"https:\/\/gesundheitsberatung.com\/psychologie\/\",\"name\":\"Psychologie\",\"description\":\"Psychologie \u260e Beratung durch Psychologen! Jetzt Gratis-Beratung sichern: \u2714 Diplom Psychologen \u2714 Heilpraktiker f\u00fcr Psychotherapie \u2714 Psychotherapeuten \u2714 Psychologische Berater bei Vistano Psychologie.\",\"potentialAction\":[{\"@type\":\"SearchAction\",\"target\":{\"@type\":\"EntryPoint\",\"urlTemplate\":\"https:\/\/gesundheitsberatung.com\/psychologie\/?s={search_term_string}\"},\"query-input\":{\"@type\":\"PropertyValueSpecification\",\"valueRequired\":true,\"valueName\":\"search_term_string\"}}],\"inLanguage\":\"de\"}]}<\/script>\n<!-- \/ Yoast SEO plugin. -->","yoast_head_json":{"title":"D. Hanschk &#187; Psychologische Berater &#187; Vistano \u260e Beratung","description":"Vistano Psychologische Berater &#187; Krisen sind die Angebote des Lebens, sich zu wandeln. Wie kann ich Sie emphatisch und mit der geistigen Welt in der jetzigen Situation unterst\u00fctzen?","robots":{"index":"index","follow":"follow","max-snippet":"max-snippet:-1","max-image-preview":"max-image-preview:large","max-video-preview":"max-video-preview:-1"},"canonical":"https:\/\/gesundheitsberatung.com\/psychologie\/online-beratung\/psychologische-berater\/d-hanschk\/","og_locale":"de_DE","og_type":"article","og_title":"D. Hanschk &#187; Psychologische Berater &#187; Vistano \u260e Beratung","og_description":"Vistano Psychologische Berater &#187; Krisen sind die Angebote des Lebens, sich zu wandeln. Wie kann ich Sie emphatisch und mit der geistigen Welt in der jetzigen Situation unterst\u00fctzen?","og_url":"https:\/\/gesundheitsberatung.com\/psychologie\/online-beratung\/psychologische-berater\/d-hanschk\/","og_site_name":"Psychologie","article_publisher":"https:\/\/www.facebook.com\/psychologie\/","article_modified_time":"2025-06-24T01:47:44+00:00","og_image":[{"width":700,"height":700,"url":"https:\/\/gesundheitsberatung.com\/psychologie\/wp-content\/uploads\/sites\/2\/d-hanschk-psychologische-berater-vistano-berater-id-6036.jpg","type":"image\/jpeg"}],"twitter_card":"summary_large_image","twitter_site":"@Vistano","schema":{"@context":"https:\/\/schema.org","@graph":[{"@type":"WebPage","@id":"https:\/\/gesundheitsberatung.com\/psychologie\/online-beratung\/psychologische-berater\/d-hanschk\/","url":"https:\/\/gesundheitsberatung.com\/psychologie\/online-beratung\/psychologische-berater\/d-hanschk\/","name":"D. Hanschk &#187; Psychologische Berater &#187; Vistano \u260e Beratung","isPartOf":{"@id":"https:\/\/gesundheitsberatung.com\/psychologie\/#website"},"primaryImageOfPage":{"@id":"https:\/\/gesundheitsberatung.com\/psychologie\/online-beratung\/psychologische-berater\/d-hanschk\/#primaryimage"},"image":{"@id":"https:\/\/gesundheitsberatung.com\/psychologie\/online-beratung\/psychologische-berater\/d-hanschk\/#primaryimage"},"thumbnailUrl":"https:\/\/gesundheitsberatung.com\/psychologie\/wp-content\/uploads\/sites\/2\/d-hanschk-psychologische-berater-vistano-berater-id-6036.jpg","datePublished":"2016-09-29T13:42:46+00:00","dateModified":"2025-06-24T01:47:44+00:00","description":"Vistano Psychologische Berater &#187; Krisen sind die Angebote des Lebens, sich zu wandeln. Wie kann ich Sie emphatisch und mit der geistigen Welt in der jetzigen Situation unterst\u00fctzen?","breadcrumb":{"@id":"https:\/\/gesundheitsberatung.com\/psychologie\/online-beratung\/psychologische-berater\/d-hanschk\/#breadcrumb"},"inLanguage":"de","potentialAction":[{"@type":"ReadAction","target":["https:\/\/gesundheitsberatung.com\/psychologie\/online-beratung\/psychologische-berater\/d-hanschk\/"]}]},{"@type":"ImageObject","inLanguage":"de","@id":"https:\/\/gesundheitsberatung.com\/psychologie\/online-beratung\/psychologische-berater\/d-hanschk\/#primaryimage","url":"https:\/\/gesundheitsberatung.com\/psychologie\/wp-content\/uploads\/sites\/2\/d-hanschk-psychologische-berater-vistano-berater-id-6036.jpg","contentUrl":"https:\/\/gesundheitsberatung.com\/psychologie\/wp-content\/uploads\/sites\/2\/d-hanschk-psychologische-berater-vistano-berater-id-6036.jpg","width":700,"height":700,"caption":"Psychologische Berater D. Hanschk - Berater-ID: 6036"},{"@type":"BreadcrumbList","@id":"https:\/\/gesundheitsberatung.com\/psychologie\/online-beratung\/psychologische-berater\/d-hanschk\/#breadcrumb","itemListElement":[{"@type":"ListItem","position":1,"name":"Home","item":"https:\/\/gesundheitsberatung.com\/psychologie\/"},{"@type":"ListItem","position":2,"name":"Produkte","item":"https:\/\/gesundheitsberatung.com\/psychologie\/shop\/"},{"@type":"ListItem","position":3,"name":"Online Beratung","item":"https:\/\/gesundheitsberatung.com\/psychologie\/online_berater\/online-beratung\/"},{"@type":"ListItem","position":4,"name":"Psychologische Berater","item":"https:\/\/gesundheitsberatung.com\/psychologie\/online_berater\/psychologische-berater\/"},{"@type":"ListItem","position":5,"name":"D. Hanschk"}]},{"@type":"WebSite","@id":"https:\/\/gesundheitsberatung.com\/psychologie\/#website","url":"https:\/\/gesundheitsberatung.com\/psychologie\/","name":"Psychologie","description":"Psychologie \u260e Beratung durch Psychologen! Jetzt Gratis-Beratung sichern: \u2714 Diplom Psychologen \u2714 Heilpraktiker f\u00fcr Psychotherapie \u2714 Psychotherapeuten \u2714 Psychologische Berater bei Vistano Psychologie.","potentialAction":[{"@type":"SearchAction","target":{"@type":"EntryPoint","urlTemplate":"https:\/\/gesundheitsberatung.com\/psychologie\/?s={search_term_string}"},"query-input":{"@type":"PropertyValueSpecification","valueRequired":true,"valueName":"search_term_string"}}],"inLanguage":"de"}]}},"_links":{"self":[{"href":"https:\/\/gesundheitsberatung.com\/psychologie\/wp-json\/wp\/v2\/product\/18099","targetHints":{"allow":["GET"]}}],"collection":[{"href":"https:\/\/gesundheitsberatung.com\/psychologie\/wp-json\/wp\/v2\/product"}],"about":[{"href":"https:\/\/gesundheitsberatung.com\/psychologie\/wp-json\/wp\/v2\/types\/product"}],"replies":[{"embeddable":true,"href":"https:\/\/gesundheitsberatung.com\/psychologie\/wp-json\/wp\/v2\/comments?post=18099"}],"wp:featuredmedia":[{"embeddable":true,"href":"https:\/\/gesundheitsberatung.com\/psychologie\/wp-json\/wp\/v2\/media\/23148"}],"wp:attachment":[{"href":"https:\/\/gesundheitsberatung.com\/psychologie\/wp-json\/wp\/v2\/media?parent=18099"}],"wp:term":[{"taxonomy":"product_cat","embeddable":true,"href":"https:\/\/gesundheitsberatung.com\/psychologie\/wp-json\/wp\/v2\/product_cat?post=18099"},{"taxonomy":"product_tag","embeddable":true,"href":"https:\/\/gesundheitsberatung.com\/psychologie\/wp-json\/wp\/v2\/product_tag?post=18099"}],"curies":[{"name":"wp","href":"https:\/\/api.w.org\/{rel}","templated":true}]}}