{"id":17789,"date":"2016-08-04T16:54:10","date_gmt":"2016-08-04T14:54:10","guid":{"rendered":"https:\/\/gesundheitsberatung.com\/psychologie\/?post_type=product&#038;p=17789"},"modified":"2020-01-22T14:18:25","modified_gmt":"2020-01-22T13:18:25","slug":"k-grenville","status":"publish","type":"product","link":"https:\/\/gesundheitsberatung.com\/psychologie\/online-beratung\/heilpraktiker-fuer-psychotherapie\/k-grenville\/","title":{"rendered":"K. Grenville"},"content":{"rendered":"<p>Herzlich Willkommen auf meiner Homepage. Ich bin Heilpraktiker f\u00fcr Psychotherapie und arbeite mit l\u00f6sungsorientierter Gespr\u00e4chsf\u00fchrung, Wingwave und energetischer Balance.Es gibt f\u00fcr alles eine Ursache und erst wenn man diese kennt, kann man deren Wirkung beeinflussen.Ich habe mich darauf spezialisiert, diese Ursachen und ihre individuellen L\u00f6sungsm\u00f6glichkeiten herauszufinden, damit Sie in Ihre Balance kommen k\u00f6nnen. So k\u00f6nnen Sie Blockaden aufl\u00f6sen, \u00c4ngste, Stress und Trauer loslassen und erreichen Klarheit, L\u00f6sungen und Selbstvertrauen. Sie k\u00f6nnen Ihre eigenen Ressourcen st\u00e4rken und sind wieder motivierter, konzentrierter und gl\u00fccklicher.Wir k\u00f6nnen nicht die Welt \u00e4ndern \u00e2\u0080\u0093 \u00ac aber unsere Einstellung zu ihr.Ziel ist es, f\u00fcr jeden Patienten den besten Weg zu finden: den eigenen.Ich m\u00f6chte Sie bitten, verantwortungsvoll mit sich umzugehen.Zur Erstversorgung und Unterst\u00fctzung suchen Sie bitte einen Arzt auf.F\u00fcr alle anderen Themen stehe ich Ihnen sehr gerne beratend zur Verf\u00fcgung.Rechtlicher Hinweis:Ferndiagnosen ohne direkten Patientenkontakt sind in Deutschland verboten. <span class=\"display_none\">6025<\/span><\/p>\n","protected":false},"excerpt":{"rendered":"<p>Klarheit. L\u00f6sungen. Selbstvertrauen. Blockaden aufl\u00f6sen, \u00c4ngste, Stress und Trauer loslassen, eigene Ressourcen st\u00e4rken und wieder motivierter, konzentrierter und gl\u00fccklicher sein.<\/p>\n","protected":false},"featured_media":22936,"comment_status":"open","ping_status":"closed","template":"","meta":[],"product_cat":[],"product_tag":[],"class_list":["post-17789","product","type-product","status-publish","has-post-thumbnail","hentry","online_berater-heilpraktiker-fuer-psychotherapie"],"yoast_head":"<!-- This site is optimized with the Yoast SEO plugin v26.0 - https:\/\/yoast.com\/wordpress\/plugins\/seo\/ -->\n<title>K. Grenville &#187; Heilpraktiker f\u00fcr Psychotherapie &#187; Vistano \u260e Beratung<\/title>\n<meta name=\"description\" content=\"Vistano Heilpraktiker f\u00fcr Psychotherapie &#187; Klarheit. L\u00f6sungen. Selbstvertrauen. Blockaden aufl\u00f6sen, \u00c4ngste, Stress und Trauer loslassen, eigene Ressourcen st\u00e4rken und wieder motivierter, konzentrierter und gl\u00fccklicher sein.\" \/>\n<meta name=\"robots\" content=\"index, follow, max-snippet:-1, max-image-preview:large, max-video-preview:-1\" \/>\n<link rel=\"canonical\" href=\"https:\/\/gesundheitsberatung.com\/psychologie\/online-beratung\/heilpraktiker-fuer-psychotherapie\/k-grenville\/\" \/>\n<meta property=\"og:locale\" content=\"de_DE\" \/>\n<meta property=\"og:type\" content=\"article\" \/>\n<meta property=\"og:title\" content=\"K. Grenville &#187; Heilpraktiker f\u00fcr Psychotherapie &#187; Vistano \u260e Beratung\" \/>\n<meta property=\"og:description\" content=\"Vistano Heilpraktiker f\u00fcr Psychotherapie &#187; Klarheit. L\u00f6sungen. Selbstvertrauen. Blockaden aufl\u00f6sen, \u00c4ngste, Stress und Trauer loslassen, eigene Ressourcen st\u00e4rken und wieder motivierter, konzentrierter und gl\u00fccklicher sein.\" \/>\n<meta property=\"og:url\" content=\"https:\/\/gesundheitsberatung.com\/psychologie\/online-beratung\/heilpraktiker-fuer-psychotherapie\/k-grenville\/\" \/>\n<meta property=\"og:site_name\" content=\"Psychologie\" \/>\n<meta property=\"article:publisher\" content=\"https:\/\/www.facebook.com\/psychologie\/\" \/>\n<meta property=\"article:modified_time\" content=\"2020-01-22T13:18:25+00:00\" \/>\n<meta property=\"og:image\" content=\"https:\/\/gesundheitsberatung.com\/psychologie\/wp-content\/uploads\/sites\/2\/k-grenville-heilpraktiker-f-r-psychotherapie-vistano-berater-id-6025.jpg\" \/>\n\t<meta property=\"og:image:width\" content=\"1181\" \/>\n\t<meta property=\"og:image:height\" content=\"1181\" \/>\n\t<meta property=\"og:image:type\" content=\"image\/jpeg\" \/>\n<meta name=\"twitter:card\" content=\"summary_large_image\" \/>\n<meta name=\"twitter:site\" content=\"@Vistano\" \/>\n<script type=\"application\/ld+json\" class=\"yoast-schema-graph\">{\"@context\":\"https:\/\/schema.org\",\"@graph\":[{\"@type\":\"WebPage\",\"@id\":\"https:\/\/gesundheitsberatung.com\/psychologie\/online-beratung\/heilpraktiker-fuer-psychotherapie\/k-grenville\/\",\"url\":\"https:\/\/gesundheitsberatung.com\/psychologie\/online-beratung\/heilpraktiker-fuer-psychotherapie\/k-grenville\/\",\"name\":\"K. Grenville &#187; Heilpraktiker f\u00fcr Psychotherapie &#187; Vistano \u260e Beratung\",\"isPartOf\":{\"@id\":\"https:\/\/gesundheitsberatung.com\/psychologie\/#website\"},\"primaryImageOfPage\":{\"@id\":\"https:\/\/gesundheitsberatung.com\/psychologie\/online-beratung\/heilpraktiker-fuer-psychotherapie\/k-grenville\/#primaryimage\"},\"image\":{\"@id\":\"https:\/\/gesundheitsberatung.com\/psychologie\/online-beratung\/heilpraktiker-fuer-psychotherapie\/k-grenville\/#primaryimage\"},\"thumbnailUrl\":\"https:\/\/gesundheitsberatung.com\/psychologie\/wp-content\/uploads\/sites\/2\/k-grenville-heilpraktiker-f-r-psychotherapie-vistano-berater-id-6025.jpg\",\"datePublished\":\"2016-08-04T14:54:10+00:00\",\"dateModified\":\"2020-01-22T13:18:25+00:00\",\"description\":\"Vistano Heilpraktiker f\u00fcr Psychotherapie &#187; Klarheit. L\u00f6sungen. Selbstvertrauen. Blockaden aufl\u00f6sen, \u00c4ngste, Stress und Trauer loslassen, eigene Ressourcen st\u00e4rken und wieder motivierter, konzentrierter und gl\u00fccklicher sein.\",\"breadcrumb\":{\"@id\":\"https:\/\/gesundheitsberatung.com\/psychologie\/online-beratung\/heilpraktiker-fuer-psychotherapie\/k-grenville\/#breadcrumb\"},\"inLanguage\":\"de\",\"potentialAction\":[{\"@type\":\"ReadAction\",\"target\":[\"https:\/\/gesundheitsberatung.com\/psychologie\/online-beratung\/heilpraktiker-fuer-psychotherapie\/k-grenville\/\"]}]},{\"@type\":\"ImageObject\",\"inLanguage\":\"de\",\"@id\":\"https:\/\/gesundheitsberatung.com\/psychologie\/online-beratung\/heilpraktiker-fuer-psychotherapie\/k-grenville\/#primaryimage\",\"url\":\"https:\/\/gesundheitsberatung.com\/psychologie\/wp-content\/uploads\/sites\/2\/k-grenville-heilpraktiker-f-r-psychotherapie-vistano-berater-id-6025.jpg\",\"contentUrl\":\"https:\/\/gesundheitsberatung.com\/psychologie\/wp-content\/uploads\/sites\/2\/k-grenville-heilpraktiker-f-r-psychotherapie-vistano-berater-id-6025.jpg\",\"width\":1181,\"height\":1181,\"caption\":\"Heilpraktiker f\u00fcr Psychotherapie K. Grenville - Berater-ID: 6025\"},{\"@type\":\"BreadcrumbList\",\"@id\":\"https:\/\/gesundheitsberatung.com\/psychologie\/online-beratung\/heilpraktiker-fuer-psychotherapie\/k-grenville\/#breadcrumb\",\"itemListElement\":[{\"@type\":\"ListItem\",\"position\":1,\"name\":\"Home\",\"item\":\"https:\/\/gesundheitsberatung.com\/psychologie\/\"},{\"@type\":\"ListItem\",\"position\":2,\"name\":\"Produkte\",\"item\":\"https:\/\/gesundheitsberatung.com\/psychologie\/shop\/\"},{\"@type\":\"ListItem\",\"position\":3,\"name\":\"Online Beratung\",\"item\":\"https:\/\/gesundheitsberatung.com\/psychologie\/online_berater\/online-beratung\/\"},{\"@type\":\"ListItem\",\"position\":4,\"name\":\"Heilpraktiker f\u00fcr Psychotherapie\",\"item\":\"https:\/\/gesundheitsberatung.com\/psychologie\/online_berater\/heilpraktiker-fuer-psychotherapie\/\"},{\"@type\":\"ListItem\",\"position\":5,\"name\":\"K. Grenville\"}]},{\"@type\":\"WebSite\",\"@id\":\"https:\/\/gesundheitsberatung.com\/psychologie\/#website\",\"url\":\"https:\/\/gesundheitsberatung.com\/psychologie\/\",\"name\":\"Psychologie\",\"description\":\"Psychologie \u260e Beratung durch Psychologen! Jetzt Gratis-Beratung sichern: \u2714 Diplom Psychologen \u2714 Heilpraktiker f\u00fcr Psychotherapie \u2714 Psychotherapeuten \u2714 Psychologische Berater bei Vistano Psychologie.\",\"potentialAction\":[{\"@type\":\"SearchAction\",\"target\":{\"@type\":\"EntryPoint\",\"urlTemplate\":\"https:\/\/gesundheitsberatung.com\/psychologie\/?s={search_term_string}\"},\"query-input\":{\"@type\":\"PropertyValueSpecification\",\"valueRequired\":true,\"valueName\":\"search_term_string\"}}],\"inLanguage\":\"de\"}]}<\/script>\n<!-- \/ Yoast SEO plugin. -->","yoast_head_json":{"title":"K. Grenville &#187; Heilpraktiker f\u00fcr Psychotherapie &#187; Vistano \u260e Beratung","description":"Vistano Heilpraktiker f\u00fcr Psychotherapie &#187; Klarheit. L\u00f6sungen. Selbstvertrauen. Blockaden aufl\u00f6sen, \u00c4ngste, Stress und Trauer loslassen, eigene Ressourcen st\u00e4rken und wieder motivierter, konzentrierter und gl\u00fccklicher sein.","robots":{"index":"index","follow":"follow","max-snippet":"max-snippet:-1","max-image-preview":"max-image-preview:large","max-video-preview":"max-video-preview:-1"},"canonical":"https:\/\/gesundheitsberatung.com\/psychologie\/online-beratung\/heilpraktiker-fuer-psychotherapie\/k-grenville\/","og_locale":"de_DE","og_type":"article","og_title":"K. Grenville &#187; Heilpraktiker f\u00fcr Psychotherapie &#187; Vistano \u260e Beratung","og_description":"Vistano Heilpraktiker f\u00fcr Psychotherapie &#187; Klarheit. L\u00f6sungen. Selbstvertrauen. Blockaden aufl\u00f6sen, \u00c4ngste, Stress und Trauer loslassen, eigene Ressourcen st\u00e4rken und wieder motivierter, konzentrierter und gl\u00fccklicher sein.","og_url":"https:\/\/gesundheitsberatung.com\/psychologie\/online-beratung\/heilpraktiker-fuer-psychotherapie\/k-grenville\/","og_site_name":"Psychologie","article_publisher":"https:\/\/www.facebook.com\/psychologie\/","article_modified_time":"2020-01-22T13:18:25+00:00","og_image":[{"width":1181,"height":1181,"url":"https:\/\/gesundheitsberatung.com\/psychologie\/wp-content\/uploads\/sites\/2\/k-grenville-heilpraktiker-f-r-psychotherapie-vistano-berater-id-6025.jpg","type":"image\/jpeg"}],"twitter_card":"summary_large_image","twitter_site":"@Vistano","schema":{"@context":"https:\/\/schema.org","@graph":[{"@type":"WebPage","@id":"https:\/\/gesundheitsberatung.com\/psychologie\/online-beratung\/heilpraktiker-fuer-psychotherapie\/k-grenville\/","url":"https:\/\/gesundheitsberatung.com\/psychologie\/online-beratung\/heilpraktiker-fuer-psychotherapie\/k-grenville\/","name":"K. Grenville &#187; Heilpraktiker f\u00fcr Psychotherapie &#187; Vistano \u260e Beratung","isPartOf":{"@id":"https:\/\/gesundheitsberatung.com\/psychologie\/#website"},"primaryImageOfPage":{"@id":"https:\/\/gesundheitsberatung.com\/psychologie\/online-beratung\/heilpraktiker-fuer-psychotherapie\/k-grenville\/#primaryimage"},"image":{"@id":"https:\/\/gesundheitsberatung.com\/psychologie\/online-beratung\/heilpraktiker-fuer-psychotherapie\/k-grenville\/#primaryimage"},"thumbnailUrl":"https:\/\/gesundheitsberatung.com\/psychologie\/wp-content\/uploads\/sites\/2\/k-grenville-heilpraktiker-f-r-psychotherapie-vistano-berater-id-6025.jpg","datePublished":"2016-08-04T14:54:10+00:00","dateModified":"2020-01-22T13:18:25+00:00","description":"Vistano Heilpraktiker f\u00fcr Psychotherapie &#187; Klarheit. L\u00f6sungen. Selbstvertrauen. Blockaden aufl\u00f6sen, \u00c4ngste, Stress und Trauer loslassen, eigene Ressourcen st\u00e4rken und wieder motivierter, konzentrierter und gl\u00fccklicher sein.","breadcrumb":{"@id":"https:\/\/gesundheitsberatung.com\/psychologie\/online-beratung\/heilpraktiker-fuer-psychotherapie\/k-grenville\/#breadcrumb"},"inLanguage":"de","potentialAction":[{"@type":"ReadAction","target":["https:\/\/gesundheitsberatung.com\/psychologie\/online-beratung\/heilpraktiker-fuer-psychotherapie\/k-grenville\/"]}]},{"@type":"ImageObject","inLanguage":"de","@id":"https:\/\/gesundheitsberatung.com\/psychologie\/online-beratung\/heilpraktiker-fuer-psychotherapie\/k-grenville\/#primaryimage","url":"https:\/\/gesundheitsberatung.com\/psychologie\/wp-content\/uploads\/sites\/2\/k-grenville-heilpraktiker-f-r-psychotherapie-vistano-berater-id-6025.jpg","contentUrl":"https:\/\/gesundheitsberatung.com\/psychologie\/wp-content\/uploads\/sites\/2\/k-grenville-heilpraktiker-f-r-psychotherapie-vistano-berater-id-6025.jpg","width":1181,"height":1181,"caption":"Heilpraktiker f\u00fcr Psychotherapie K. Grenville - Berater-ID: 6025"},{"@type":"BreadcrumbList","@id":"https:\/\/gesundheitsberatung.com\/psychologie\/online-beratung\/heilpraktiker-fuer-psychotherapie\/k-grenville\/#breadcrumb","itemListElement":[{"@type":"ListItem","position":1,"name":"Home","item":"https:\/\/gesundheitsberatung.com\/psychologie\/"},{"@type":"ListItem","position":2,"name":"Produkte","item":"https:\/\/gesundheitsberatung.com\/psychologie\/shop\/"},{"@type":"ListItem","position":3,"name":"Online Beratung","item":"https:\/\/gesundheitsberatung.com\/psychologie\/online_berater\/online-beratung\/"},{"@type":"ListItem","position":4,"name":"Heilpraktiker f\u00fcr Psychotherapie","item":"https:\/\/gesundheitsberatung.com\/psychologie\/online_berater\/heilpraktiker-fuer-psychotherapie\/"},{"@type":"ListItem","position":5,"name":"K. Grenville"}]},{"@type":"WebSite","@id":"https:\/\/gesundheitsberatung.com\/psychologie\/#website","url":"https:\/\/gesundheitsberatung.com\/psychologie\/","name":"Psychologie","description":"Psychologie \u260e Beratung durch Psychologen! Jetzt Gratis-Beratung sichern: \u2714 Diplom Psychologen \u2714 Heilpraktiker f\u00fcr Psychotherapie \u2714 Psychotherapeuten \u2714 Psychologische Berater bei Vistano Psychologie.","potentialAction":[{"@type":"SearchAction","target":{"@type":"EntryPoint","urlTemplate":"https:\/\/gesundheitsberatung.com\/psychologie\/?s={search_term_string}"},"query-input":{"@type":"PropertyValueSpecification","valueRequired":true,"valueName":"search_term_string"}}],"inLanguage":"de"}]}},"_links":{"self":[{"href":"https:\/\/gesundheitsberatung.com\/psychologie\/wp-json\/wp\/v2\/product\/17789","targetHints":{"allow":["GET"]}}],"collection":[{"href":"https:\/\/gesundheitsberatung.com\/psychologie\/wp-json\/wp\/v2\/product"}],"about":[{"href":"https:\/\/gesundheitsberatung.com\/psychologie\/wp-json\/wp\/v2\/types\/product"}],"replies":[{"embeddable":true,"href":"https:\/\/gesundheitsberatung.com\/psychologie\/wp-json\/wp\/v2\/comments?post=17789"}],"wp:featuredmedia":[{"embeddable":true,"href":"https:\/\/gesundheitsberatung.com\/psychologie\/wp-json\/wp\/v2\/media\/22936"}],"wp:attachment":[{"href":"https:\/\/gesundheitsberatung.com\/psychologie\/wp-json\/wp\/v2\/media?parent=17789"}],"wp:term":[{"taxonomy":"product_cat","embeddable":true,"href":"https:\/\/gesundheitsberatung.com\/psychologie\/wp-json\/wp\/v2\/product_cat?post=17789"},{"taxonomy":"product_tag","embeddable":true,"href":"https:\/\/gesundheitsberatung.com\/psychologie\/wp-json\/wp\/v2\/product_tag?post=17789"}],"curies":[{"name":"wp","href":"https:\/\/api.w.org\/{rel}","templated":true}]}}