{"id":17787,"date":"2016-09-29T19:10:33","date_gmt":"2016-09-29T17:10:33","guid":{"rendered":"https:\/\/gesundheitsberatung.com\/psychologie\/?post_type=product&#038;p=17787"},"modified":"2020-01-22T14:18:03","modified_gmt":"2020-01-22T13:18:03","slug":"j-kalbitz","status":"publish","type":"product","link":"https:\/\/gesundheitsberatung.com\/psychologie\/online-beratung\/psychologische-berater\/j-kalbitz\/","title":{"rendered":"J. Kalbitz"},"content":{"rendered":"<p>Herzlich willkommen!<br \/>\nSeit einigen Jahren begleite ich in meiner Praxis zum Thema &#8220;Selbstbestimmt leben&#8221;.\u00a0Du versuchst die Anforderungen anderer zu erf\u00fcllen?Du hast das Gef\u00fchl, dass Dir kaum Zeit f\u00fcr Dich bleibt, um das zu tun, was Dich erf\u00fcllt?Du schaffst es selten &#8220;nein&#8221; zu sagen, weil Du Sorge hast, dass die Konsequzenzen unangenehm w\u00e4ren?Dann bist Du bei mir genau richtig!\u00a0Ich freue mich auf Deinen Anruf!\u00a0<span class=\"display_none\">5982<\/span><\/p>\n","protected":false},"excerpt":{"rendered":"<p>Sprenge die Ketten der Fremdbestimmung!<\/p>\n","protected":false},"featured_media":23518,"comment_status":"open","ping_status":"closed","template":"","meta":[],"product_cat":[],"product_tag":[],"class_list":["post-17787","product","type-product","status-publish","has-post-thumbnail","hentry","online_berater-psychologische-berater"],"yoast_head":"<!-- This site is optimized with the Yoast SEO plugin v26.0 - https:\/\/yoast.com\/wordpress\/plugins\/seo\/ -->\n<title>J. Kalbitz &#187; Psychologische Berater &#187; Vistano \u260e Beratung<\/title>\n<meta name=\"description\" content=\"Vistano Psychologische Berater &#187; Sprenge die Ketten der Fremdbestimmung!\" \/>\n<meta name=\"robots\" content=\"index, follow, max-snippet:-1, max-image-preview:large, max-video-preview:-1\" \/>\n<link rel=\"canonical\" href=\"https:\/\/gesundheitsberatung.com\/psychologie\/online-beratung\/psychologische-berater\/j-kalbitz\/\" \/>\n<meta property=\"og:locale\" content=\"de_DE\" \/>\n<meta property=\"og:type\" content=\"article\" \/>\n<meta property=\"og:title\" content=\"J. Kalbitz &#187; Psychologische Berater &#187; Vistano \u260e Beratung\" \/>\n<meta property=\"og:description\" content=\"Vistano Psychologische Berater &#187; Sprenge die Ketten der Fremdbestimmung!\" \/>\n<meta property=\"og:url\" content=\"https:\/\/gesundheitsberatung.com\/psychologie\/online-beratung\/psychologische-berater\/j-kalbitz\/\" \/>\n<meta property=\"og:site_name\" content=\"Psychologie\" \/>\n<meta property=\"article:publisher\" content=\"https:\/\/www.facebook.com\/psychologie\/\" \/>\n<meta property=\"article:modified_time\" content=\"2020-01-22T13:18:03+00:00\" \/>\n<meta property=\"og:image\" content=\"https:\/\/gesundheitsberatung.com\/psychologie\/wp-content\/uploads\/sites\/2\/j-kalbitz-psychologische-berater-vistano-berater-id-5982.jpg\" \/>\n\t<meta property=\"og:image:width\" content=\"800\" \/>\n\t<meta property=\"og:image:height\" content=\"800\" \/>\n\t<meta property=\"og:image:type\" content=\"image\/jpeg\" \/>\n<meta name=\"twitter:card\" content=\"summary_large_image\" \/>\n<meta name=\"twitter:site\" content=\"@Vistano\" \/>\n<script type=\"application\/ld+json\" class=\"yoast-schema-graph\">{\"@context\":\"https:\/\/schema.org\",\"@graph\":[{\"@type\":\"WebPage\",\"@id\":\"https:\/\/gesundheitsberatung.com\/psychologie\/online-beratung\/psychologische-berater\/j-kalbitz\/\",\"url\":\"https:\/\/gesundheitsberatung.com\/psychologie\/online-beratung\/psychologische-berater\/j-kalbitz\/\",\"name\":\"J. Kalbitz &#187; Psychologische Berater &#187; Vistano \u260e Beratung\",\"isPartOf\":{\"@id\":\"https:\/\/gesundheitsberatung.com\/psychologie\/#website\"},\"primaryImageOfPage\":{\"@id\":\"https:\/\/gesundheitsberatung.com\/psychologie\/online-beratung\/psychologische-berater\/j-kalbitz\/#primaryimage\"},\"image\":{\"@id\":\"https:\/\/gesundheitsberatung.com\/psychologie\/online-beratung\/psychologische-berater\/j-kalbitz\/#primaryimage\"},\"thumbnailUrl\":\"https:\/\/gesundheitsberatung.com\/psychologie\/wp-content\/uploads\/sites\/2\/j-kalbitz-psychologische-berater-vistano-berater-id-5982.jpg\",\"datePublished\":\"2016-09-29T17:10:33+00:00\",\"dateModified\":\"2020-01-22T13:18:03+00:00\",\"description\":\"Vistano Psychologische Berater &#187; Sprenge die Ketten der Fremdbestimmung!\",\"breadcrumb\":{\"@id\":\"https:\/\/gesundheitsberatung.com\/psychologie\/online-beratung\/psychologische-berater\/j-kalbitz\/#breadcrumb\"},\"inLanguage\":\"de\",\"potentialAction\":[{\"@type\":\"ReadAction\",\"target\":[\"https:\/\/gesundheitsberatung.com\/psychologie\/online-beratung\/psychologische-berater\/j-kalbitz\/\"]}]},{\"@type\":\"ImageObject\",\"inLanguage\":\"de\",\"@id\":\"https:\/\/gesundheitsberatung.com\/psychologie\/online-beratung\/psychologische-berater\/j-kalbitz\/#primaryimage\",\"url\":\"https:\/\/gesundheitsberatung.com\/psychologie\/wp-content\/uploads\/sites\/2\/j-kalbitz-psychologische-berater-vistano-berater-id-5982.jpg\",\"contentUrl\":\"https:\/\/gesundheitsberatung.com\/psychologie\/wp-content\/uploads\/sites\/2\/j-kalbitz-psychologische-berater-vistano-berater-id-5982.jpg\",\"width\":800,\"height\":800,\"caption\":\"Psychologische Berater J. Kalbitz - Berater-ID: 5982\"},{\"@type\":\"BreadcrumbList\",\"@id\":\"https:\/\/gesundheitsberatung.com\/psychologie\/online-beratung\/psychologische-berater\/j-kalbitz\/#breadcrumb\",\"itemListElement\":[{\"@type\":\"ListItem\",\"position\":1,\"name\":\"Home\",\"item\":\"https:\/\/gesundheitsberatung.com\/psychologie\/\"},{\"@type\":\"ListItem\",\"position\":2,\"name\":\"Produkte\",\"item\":\"https:\/\/gesundheitsberatung.com\/psychologie\/shop\/\"},{\"@type\":\"ListItem\",\"position\":3,\"name\":\"Online Beratung\",\"item\":\"https:\/\/gesundheitsberatung.com\/psychologie\/online_berater\/online-beratung\/\"},{\"@type\":\"ListItem\",\"position\":4,\"name\":\"Psychologische Berater\",\"item\":\"https:\/\/gesundheitsberatung.com\/psychologie\/online_berater\/psychologische-berater\/\"},{\"@type\":\"ListItem\",\"position\":5,\"name\":\"J. Kalbitz\"}]},{\"@type\":\"WebSite\",\"@id\":\"https:\/\/gesundheitsberatung.com\/psychologie\/#website\",\"url\":\"https:\/\/gesundheitsberatung.com\/psychologie\/\",\"name\":\"Psychologie\",\"description\":\"Psychologie \u260e Beratung durch Psychologen! Jetzt Gratis-Beratung sichern: \u2714 Diplom Psychologen \u2714 Heilpraktiker f\u00fcr Psychotherapie \u2714 Psychotherapeuten \u2714 Psychologische Berater bei Vistano Psychologie.\",\"potentialAction\":[{\"@type\":\"SearchAction\",\"target\":{\"@type\":\"EntryPoint\",\"urlTemplate\":\"https:\/\/gesundheitsberatung.com\/psychologie\/?s={search_term_string}\"},\"query-input\":{\"@type\":\"PropertyValueSpecification\",\"valueRequired\":true,\"valueName\":\"search_term_string\"}}],\"inLanguage\":\"de\"}]}<\/script>\n<!-- \/ Yoast SEO plugin. -->","yoast_head_json":{"title":"J. Kalbitz &#187; Psychologische Berater &#187; Vistano \u260e Beratung","description":"Vistano Psychologische Berater &#187; Sprenge die Ketten der Fremdbestimmung!","robots":{"index":"index","follow":"follow","max-snippet":"max-snippet:-1","max-image-preview":"max-image-preview:large","max-video-preview":"max-video-preview:-1"},"canonical":"https:\/\/gesundheitsberatung.com\/psychologie\/online-beratung\/psychologische-berater\/j-kalbitz\/","og_locale":"de_DE","og_type":"article","og_title":"J. Kalbitz &#187; Psychologische Berater &#187; Vistano \u260e Beratung","og_description":"Vistano Psychologische Berater &#187; Sprenge die Ketten der Fremdbestimmung!","og_url":"https:\/\/gesundheitsberatung.com\/psychologie\/online-beratung\/psychologische-berater\/j-kalbitz\/","og_site_name":"Psychologie","article_publisher":"https:\/\/www.facebook.com\/psychologie\/","article_modified_time":"2020-01-22T13:18:03+00:00","og_image":[{"width":800,"height":800,"url":"https:\/\/gesundheitsberatung.com\/psychologie\/wp-content\/uploads\/sites\/2\/j-kalbitz-psychologische-berater-vistano-berater-id-5982.jpg","type":"image\/jpeg"}],"twitter_card":"summary_large_image","twitter_site":"@Vistano","schema":{"@context":"https:\/\/schema.org","@graph":[{"@type":"WebPage","@id":"https:\/\/gesundheitsberatung.com\/psychologie\/online-beratung\/psychologische-berater\/j-kalbitz\/","url":"https:\/\/gesundheitsberatung.com\/psychologie\/online-beratung\/psychologische-berater\/j-kalbitz\/","name":"J. Kalbitz &#187; Psychologische Berater &#187; Vistano \u260e Beratung","isPartOf":{"@id":"https:\/\/gesundheitsberatung.com\/psychologie\/#website"},"primaryImageOfPage":{"@id":"https:\/\/gesundheitsberatung.com\/psychologie\/online-beratung\/psychologische-berater\/j-kalbitz\/#primaryimage"},"image":{"@id":"https:\/\/gesundheitsberatung.com\/psychologie\/online-beratung\/psychologische-berater\/j-kalbitz\/#primaryimage"},"thumbnailUrl":"https:\/\/gesundheitsberatung.com\/psychologie\/wp-content\/uploads\/sites\/2\/j-kalbitz-psychologische-berater-vistano-berater-id-5982.jpg","datePublished":"2016-09-29T17:10:33+00:00","dateModified":"2020-01-22T13:18:03+00:00","description":"Vistano Psychologische Berater &#187; Sprenge die Ketten der Fremdbestimmung!","breadcrumb":{"@id":"https:\/\/gesundheitsberatung.com\/psychologie\/online-beratung\/psychologische-berater\/j-kalbitz\/#breadcrumb"},"inLanguage":"de","potentialAction":[{"@type":"ReadAction","target":["https:\/\/gesundheitsberatung.com\/psychologie\/online-beratung\/psychologische-berater\/j-kalbitz\/"]}]},{"@type":"ImageObject","inLanguage":"de","@id":"https:\/\/gesundheitsberatung.com\/psychologie\/online-beratung\/psychologische-berater\/j-kalbitz\/#primaryimage","url":"https:\/\/gesundheitsberatung.com\/psychologie\/wp-content\/uploads\/sites\/2\/j-kalbitz-psychologische-berater-vistano-berater-id-5982.jpg","contentUrl":"https:\/\/gesundheitsberatung.com\/psychologie\/wp-content\/uploads\/sites\/2\/j-kalbitz-psychologische-berater-vistano-berater-id-5982.jpg","width":800,"height":800,"caption":"Psychologische Berater J. Kalbitz - Berater-ID: 5982"},{"@type":"BreadcrumbList","@id":"https:\/\/gesundheitsberatung.com\/psychologie\/online-beratung\/psychologische-berater\/j-kalbitz\/#breadcrumb","itemListElement":[{"@type":"ListItem","position":1,"name":"Home","item":"https:\/\/gesundheitsberatung.com\/psychologie\/"},{"@type":"ListItem","position":2,"name":"Produkte","item":"https:\/\/gesundheitsberatung.com\/psychologie\/shop\/"},{"@type":"ListItem","position":3,"name":"Online Beratung","item":"https:\/\/gesundheitsberatung.com\/psychologie\/online_berater\/online-beratung\/"},{"@type":"ListItem","position":4,"name":"Psychologische Berater","item":"https:\/\/gesundheitsberatung.com\/psychologie\/online_berater\/psychologische-berater\/"},{"@type":"ListItem","position":5,"name":"J. Kalbitz"}]},{"@type":"WebSite","@id":"https:\/\/gesundheitsberatung.com\/psychologie\/#website","url":"https:\/\/gesundheitsberatung.com\/psychologie\/","name":"Psychologie","description":"Psychologie \u260e Beratung durch Psychologen! Jetzt Gratis-Beratung sichern: \u2714 Diplom Psychologen \u2714 Heilpraktiker f\u00fcr Psychotherapie \u2714 Psychotherapeuten \u2714 Psychologische Berater bei Vistano Psychologie.","potentialAction":[{"@type":"SearchAction","target":{"@type":"EntryPoint","urlTemplate":"https:\/\/gesundheitsberatung.com\/psychologie\/?s={search_term_string}"},"query-input":{"@type":"PropertyValueSpecification","valueRequired":true,"valueName":"search_term_string"}}],"inLanguage":"de"}]}},"_links":{"self":[{"href":"https:\/\/gesundheitsberatung.com\/psychologie\/wp-json\/wp\/v2\/product\/17787","targetHints":{"allow":["GET"]}}],"collection":[{"href":"https:\/\/gesundheitsberatung.com\/psychologie\/wp-json\/wp\/v2\/product"}],"about":[{"href":"https:\/\/gesundheitsberatung.com\/psychologie\/wp-json\/wp\/v2\/types\/product"}],"replies":[{"embeddable":true,"href":"https:\/\/gesundheitsberatung.com\/psychologie\/wp-json\/wp\/v2\/comments?post=17787"}],"wp:featuredmedia":[{"embeddable":true,"href":"https:\/\/gesundheitsberatung.com\/psychologie\/wp-json\/wp\/v2\/media\/23518"}],"wp:attachment":[{"href":"https:\/\/gesundheitsberatung.com\/psychologie\/wp-json\/wp\/v2\/media?parent=17787"}],"wp:term":[{"taxonomy":"product_cat","embeddable":true,"href":"https:\/\/gesundheitsberatung.com\/psychologie\/wp-json\/wp\/v2\/product_cat?post=17787"},{"taxonomy":"product_tag","embeddable":true,"href":"https:\/\/gesundheitsberatung.com\/psychologie\/wp-json\/wp\/v2\/product_tag?post=17787"}],"curies":[{"name":"wp","href":"https:\/\/api.w.org\/{rel}","templated":true}]}}