{"id":17784,"date":"2016-08-04T16:54:17","date_gmt":"2016-08-04T14:54:17","guid":{"rendered":"https:\/\/gesundheitsberatung.com\/psychologie\/?post_type=product&#038;p=17784"},"modified":"2020-01-22T14:17:54","modified_gmt":"2020-01-22T13:17:54","slug":"s-wirth","status":"publish","type":"product","link":"https:\/\/gesundheitsberatung.com\/psychologie\/online-beratung\/psychologische-berater\/s-wirth\/","title":{"rendered":"S. Wirth"},"content":{"rendered":"<p>&#8220;Es ist nicht das was uns passiert, was uns zu Boden reisst, sondern wie wir damit umgehen!&#8221;\u00a0Sonnenstrahlberatung Sabine Wirth ist Lebensberatung mit Herz bei den unterschiedlichsten Problemfeldern: Beziehungs- und Eheprobleme k\u00f6nnen sehr belastbar sein. Der Umgang mit zwischenmenschlichen Konflikten, sowie der Sexualit\u00e4t erfordert den Blick \u00fcber den Tellerrand hinaus. Ich helfe Ihnen, diesen zu finden.Mobbing, Stress und Burn-out sind Schlagworte, die in unserer schnelllebigen Welt leider viel zu oft Verwendung finden. Ich bin Ihnen eine einf\u00fchlsame Zuh\u00f6rerin und Ratgeberin und helfe Ihnen, Sinn- und Lebenskrisen als das zu begreifen was Sie sind: Keine Einbahnstra\u00dfe, sondern Chance! Verlust, Trauer, Angst und Hoffnungslosigkeit- Gef\u00fchle, vor den leider niemand gefeit ist. Manchmal ist es eine Trennung jeglicher Art und manchmal auch der Tod. Ich helfe Ihnen mit Gespr\u00e4chen bei der Trauerbew\u00e4ltigung. Traumatische Erlebnisse, Krankheit, Abh\u00e4ngigkeit und Sucht sind sehr belastend und pr\u00e4gen uns ein Leben lang. Manchmal tut es gut, mit jemanden Au\u00dfenstehenden dar\u00fcber zu sprechen. Ich bin eine einf\u00fchlsame Zuh\u00f6rerin und gebe Ihnen St\u00e4rke mit auf den Weg. Alopecia Areata &#8211; kreisrunder Haarausfall. Die Diagnose dieser Autoimmunerkrankung st\u00fcrzt vor Allem Eltern und Frauen in ein gro\u00dfes Loch. Das Selbstbewusstsein und die psychische Stabilit\u00e4t leidet sehr darunter. Gerne berate ich Betroffene und helfe beim Aufbau eines neuen Selbstvertrauens. Ver\u00e4nderungen machen Angst &#8211; doch Ver\u00e4nderungen sind auch spannend! Ich begleite Sie in Ver\u00e4nderungsprozessen und mache Ihnen Mut, f\u00fcr Ihre Ziele und W\u00fcnsche einzutreten und etwas aus Ihrem Leben zu machen!Selbstbewusstsein = sich selbst bewusst sein: mangelndes Selbstbewusstsein und Selbstvertrauen haben viele, doch in die Wiege gelegt bekommen haben wir etwas anderes. Ich helfe Ihnen, Ihren inneren Kritiker zu \u00fcberlisten &#8211; und Spa\u00df dabei haben Sie nebenbei auch noch! <\/p>\n<p><span class=\"display_none\">5964<\/span><\/p>\n","protected":false},"excerpt":{"rendered":"<p>&#8220;Es ist nicht das was uns passiert, was uns zu Boden rei\u00dft, sondern wie wir damit umgehen!&#8221; Beziehungs- und Eheprobleme, Sexualit\u00e4t,  Mobbing, Stress- und Burnout, Tod und Trauer, Trauma, Sucht uvm.<\/p>\n","protected":false},"featured_media":22924,"comment_status":"open","ping_status":"closed","template":"","meta":[],"product_cat":[],"product_tag":[],"class_list":["post-17784","product","type-product","status-publish","has-post-thumbnail","hentry","online_berater-psychologische-berater"],"yoast_head":"<!-- This site is optimized with the Yoast SEO plugin v26.0 - https:\/\/yoast.com\/wordpress\/plugins\/seo\/ -->\n<title>S. Wirth &#187; Psychologische Berater &#187; Vistano \u260e Beratung<\/title>\n<meta name=\"description\" content=\"Vistano Psychologische Berater &#187; &quot;Es ist nicht das was uns passiert, was uns zu Boden rei\u00dft, sondern wie wir damit umgehen!&quot; Beziehungs- und Eheprobleme, Sexualit\u00e4t, Mobbing, Stress- und Burnout, Tod und Trauer, Trauma, Sucht uvm.\" \/>\n<meta name=\"robots\" content=\"index, follow, max-snippet:-1, max-image-preview:large, max-video-preview:-1\" \/>\n<link rel=\"canonical\" href=\"https:\/\/gesundheitsberatung.com\/psychologie\/online-beratung\/psychologische-berater\/s-wirth\/\" \/>\n<meta property=\"og:locale\" content=\"de_DE\" \/>\n<meta property=\"og:type\" content=\"article\" \/>\n<meta property=\"og:title\" content=\"S. Wirth &#187; Psychologische Berater &#187; Vistano \u260e Beratung\" \/>\n<meta property=\"og:description\" content=\"Vistano Psychologische Berater &#187; &quot;Es ist nicht das was uns passiert, was uns zu Boden rei\u00dft, sondern wie wir damit umgehen!&quot; Beziehungs- und Eheprobleme, Sexualit\u00e4t, Mobbing, Stress- und Burnout, Tod und Trauer, Trauma, Sucht uvm.\" \/>\n<meta property=\"og:url\" content=\"https:\/\/gesundheitsberatung.com\/psychologie\/online-beratung\/psychologische-berater\/s-wirth\/\" \/>\n<meta property=\"og:site_name\" content=\"Psychologie\" \/>\n<meta property=\"article:publisher\" content=\"https:\/\/www.facebook.com\/psychologie\/\" \/>\n<meta property=\"article:modified_time\" content=\"2020-01-22T13:17:54+00:00\" \/>\n<meta property=\"og:image\" content=\"https:\/\/gesundheitsberatung.com\/psychologie\/wp-content\/uploads\/sites\/2\/s-wirth-psychologische-berater-vistano-berater-id-5964.jpg\" \/>\n\t<meta property=\"og:image:width\" content=\"735\" \/>\n\t<meta property=\"og:image:height\" content=\"735\" \/>\n\t<meta property=\"og:image:type\" content=\"image\/jpeg\" \/>\n<meta name=\"twitter:card\" content=\"summary_large_image\" \/>\n<meta name=\"twitter:site\" content=\"@Vistano\" \/>\n<script type=\"application\/ld+json\" class=\"yoast-schema-graph\">{\"@context\":\"https:\/\/schema.org\",\"@graph\":[{\"@type\":\"WebPage\",\"@id\":\"https:\/\/gesundheitsberatung.com\/psychologie\/online-beratung\/psychologische-berater\/s-wirth\/\",\"url\":\"https:\/\/gesundheitsberatung.com\/psychologie\/online-beratung\/psychologische-berater\/s-wirth\/\",\"name\":\"S. Wirth &#187; Psychologische Berater &#187; Vistano \u260e Beratung\",\"isPartOf\":{\"@id\":\"https:\/\/gesundheitsberatung.com\/psychologie\/#website\"},\"primaryImageOfPage\":{\"@id\":\"https:\/\/gesundheitsberatung.com\/psychologie\/online-beratung\/psychologische-berater\/s-wirth\/#primaryimage\"},\"image\":{\"@id\":\"https:\/\/gesundheitsberatung.com\/psychologie\/online-beratung\/psychologische-berater\/s-wirth\/#primaryimage\"},\"thumbnailUrl\":\"https:\/\/gesundheitsberatung.com\/psychologie\/wp-content\/uploads\/sites\/2\/s-wirth-psychologische-berater-vistano-berater-id-5964.jpg\",\"datePublished\":\"2016-08-04T14:54:17+00:00\",\"dateModified\":\"2020-01-22T13:17:54+00:00\",\"description\":\"Vistano Psychologische Berater &#187; \\\"Es ist nicht das was uns passiert, was uns zu Boden rei\u00dft, sondern wie wir damit umgehen!\\\" Beziehungs- und Eheprobleme, Sexualit\u00e4t, Mobbing, Stress- und Burnout, Tod und Trauer, Trauma, Sucht uvm.\",\"breadcrumb\":{\"@id\":\"https:\/\/gesundheitsberatung.com\/psychologie\/online-beratung\/psychologische-berater\/s-wirth\/#breadcrumb\"},\"inLanguage\":\"de\",\"potentialAction\":[{\"@type\":\"ReadAction\",\"target\":[\"https:\/\/gesundheitsberatung.com\/psychologie\/online-beratung\/psychologische-berater\/s-wirth\/\"]}]},{\"@type\":\"ImageObject\",\"inLanguage\":\"de\",\"@id\":\"https:\/\/gesundheitsberatung.com\/psychologie\/online-beratung\/psychologische-berater\/s-wirth\/#primaryimage\",\"url\":\"https:\/\/gesundheitsberatung.com\/psychologie\/wp-content\/uploads\/sites\/2\/s-wirth-psychologische-berater-vistano-berater-id-5964.jpg\",\"contentUrl\":\"https:\/\/gesundheitsberatung.com\/psychologie\/wp-content\/uploads\/sites\/2\/s-wirth-psychologische-berater-vistano-berater-id-5964.jpg\",\"width\":735,\"height\":735,\"caption\":\"Psychologische Berater S. Wirth - Berater-ID: 5964\"},{\"@type\":\"BreadcrumbList\",\"@id\":\"https:\/\/gesundheitsberatung.com\/psychologie\/online-beratung\/psychologische-berater\/s-wirth\/#breadcrumb\",\"itemListElement\":[{\"@type\":\"ListItem\",\"position\":1,\"name\":\"Home\",\"item\":\"https:\/\/gesundheitsberatung.com\/psychologie\/\"},{\"@type\":\"ListItem\",\"position\":2,\"name\":\"Produkte\",\"item\":\"https:\/\/gesundheitsberatung.com\/psychologie\/shop\/\"},{\"@type\":\"ListItem\",\"position\":3,\"name\":\"Online Beratung\",\"item\":\"https:\/\/gesundheitsberatung.com\/psychologie\/online_berater\/online-beratung\/\"},{\"@type\":\"ListItem\",\"position\":4,\"name\":\"Psychologische Berater\",\"item\":\"https:\/\/gesundheitsberatung.com\/psychologie\/online_berater\/psychologische-berater\/\"},{\"@type\":\"ListItem\",\"position\":5,\"name\":\"S. Wirth\"}]},{\"@type\":\"WebSite\",\"@id\":\"https:\/\/gesundheitsberatung.com\/psychologie\/#website\",\"url\":\"https:\/\/gesundheitsberatung.com\/psychologie\/\",\"name\":\"Psychologie\",\"description\":\"Psychologie \u260e Beratung durch Psychologen! Jetzt Gratis-Beratung sichern: \u2714 Diplom Psychologen \u2714 Heilpraktiker f\u00fcr Psychotherapie \u2714 Psychotherapeuten \u2714 Psychologische Berater bei Vistano Psychologie.\",\"potentialAction\":[{\"@type\":\"SearchAction\",\"target\":{\"@type\":\"EntryPoint\",\"urlTemplate\":\"https:\/\/gesundheitsberatung.com\/psychologie\/?s={search_term_string}\"},\"query-input\":{\"@type\":\"PropertyValueSpecification\",\"valueRequired\":true,\"valueName\":\"search_term_string\"}}],\"inLanguage\":\"de\"}]}<\/script>\n<!-- \/ Yoast SEO plugin. -->","yoast_head_json":{"title":"S. Wirth &#187; Psychologische Berater &#187; Vistano \u260e Beratung","description":"Vistano Psychologische Berater &#187; \"Es ist nicht das was uns passiert, was uns zu Boden rei\u00dft, sondern wie wir damit umgehen!\" Beziehungs- und Eheprobleme, Sexualit\u00e4t, Mobbing, Stress- und Burnout, Tod und Trauer, Trauma, Sucht uvm.","robots":{"index":"index","follow":"follow","max-snippet":"max-snippet:-1","max-image-preview":"max-image-preview:large","max-video-preview":"max-video-preview:-1"},"canonical":"https:\/\/gesundheitsberatung.com\/psychologie\/online-beratung\/psychologische-berater\/s-wirth\/","og_locale":"de_DE","og_type":"article","og_title":"S. Wirth &#187; Psychologische Berater &#187; Vistano \u260e Beratung","og_description":"Vistano Psychologische Berater &#187; \"Es ist nicht das was uns passiert, was uns zu Boden rei\u00dft, sondern wie wir damit umgehen!\" Beziehungs- und Eheprobleme, Sexualit\u00e4t, Mobbing, Stress- und Burnout, Tod und Trauer, Trauma, Sucht uvm.","og_url":"https:\/\/gesundheitsberatung.com\/psychologie\/online-beratung\/psychologische-berater\/s-wirth\/","og_site_name":"Psychologie","article_publisher":"https:\/\/www.facebook.com\/psychologie\/","article_modified_time":"2020-01-22T13:17:54+00:00","og_image":[{"width":735,"height":735,"url":"https:\/\/gesundheitsberatung.com\/psychologie\/wp-content\/uploads\/sites\/2\/s-wirth-psychologische-berater-vistano-berater-id-5964.jpg","type":"image\/jpeg"}],"twitter_card":"summary_large_image","twitter_site":"@Vistano","schema":{"@context":"https:\/\/schema.org","@graph":[{"@type":"WebPage","@id":"https:\/\/gesundheitsberatung.com\/psychologie\/online-beratung\/psychologische-berater\/s-wirth\/","url":"https:\/\/gesundheitsberatung.com\/psychologie\/online-beratung\/psychologische-berater\/s-wirth\/","name":"S. Wirth &#187; Psychologische Berater &#187; Vistano \u260e Beratung","isPartOf":{"@id":"https:\/\/gesundheitsberatung.com\/psychologie\/#website"},"primaryImageOfPage":{"@id":"https:\/\/gesundheitsberatung.com\/psychologie\/online-beratung\/psychologische-berater\/s-wirth\/#primaryimage"},"image":{"@id":"https:\/\/gesundheitsberatung.com\/psychologie\/online-beratung\/psychologische-berater\/s-wirth\/#primaryimage"},"thumbnailUrl":"https:\/\/gesundheitsberatung.com\/psychologie\/wp-content\/uploads\/sites\/2\/s-wirth-psychologische-berater-vistano-berater-id-5964.jpg","datePublished":"2016-08-04T14:54:17+00:00","dateModified":"2020-01-22T13:17:54+00:00","description":"Vistano Psychologische Berater &#187; \"Es ist nicht das was uns passiert, was uns zu Boden rei\u00dft, sondern wie wir damit umgehen!\" Beziehungs- und Eheprobleme, Sexualit\u00e4t, Mobbing, Stress- und Burnout, Tod und Trauer, Trauma, Sucht uvm.","breadcrumb":{"@id":"https:\/\/gesundheitsberatung.com\/psychologie\/online-beratung\/psychologische-berater\/s-wirth\/#breadcrumb"},"inLanguage":"de","potentialAction":[{"@type":"ReadAction","target":["https:\/\/gesundheitsberatung.com\/psychologie\/online-beratung\/psychologische-berater\/s-wirth\/"]}]},{"@type":"ImageObject","inLanguage":"de","@id":"https:\/\/gesundheitsberatung.com\/psychologie\/online-beratung\/psychologische-berater\/s-wirth\/#primaryimage","url":"https:\/\/gesundheitsberatung.com\/psychologie\/wp-content\/uploads\/sites\/2\/s-wirth-psychologische-berater-vistano-berater-id-5964.jpg","contentUrl":"https:\/\/gesundheitsberatung.com\/psychologie\/wp-content\/uploads\/sites\/2\/s-wirth-psychologische-berater-vistano-berater-id-5964.jpg","width":735,"height":735,"caption":"Psychologische Berater S. Wirth - Berater-ID: 5964"},{"@type":"BreadcrumbList","@id":"https:\/\/gesundheitsberatung.com\/psychologie\/online-beratung\/psychologische-berater\/s-wirth\/#breadcrumb","itemListElement":[{"@type":"ListItem","position":1,"name":"Home","item":"https:\/\/gesundheitsberatung.com\/psychologie\/"},{"@type":"ListItem","position":2,"name":"Produkte","item":"https:\/\/gesundheitsberatung.com\/psychologie\/shop\/"},{"@type":"ListItem","position":3,"name":"Online Beratung","item":"https:\/\/gesundheitsberatung.com\/psychologie\/online_berater\/online-beratung\/"},{"@type":"ListItem","position":4,"name":"Psychologische Berater","item":"https:\/\/gesundheitsberatung.com\/psychologie\/online_berater\/psychologische-berater\/"},{"@type":"ListItem","position":5,"name":"S. Wirth"}]},{"@type":"WebSite","@id":"https:\/\/gesundheitsberatung.com\/psychologie\/#website","url":"https:\/\/gesundheitsberatung.com\/psychologie\/","name":"Psychologie","description":"Psychologie \u260e Beratung durch Psychologen! Jetzt Gratis-Beratung sichern: \u2714 Diplom Psychologen \u2714 Heilpraktiker f\u00fcr Psychotherapie \u2714 Psychotherapeuten \u2714 Psychologische Berater bei Vistano Psychologie.","potentialAction":[{"@type":"SearchAction","target":{"@type":"EntryPoint","urlTemplate":"https:\/\/gesundheitsberatung.com\/psychologie\/?s={search_term_string}"},"query-input":{"@type":"PropertyValueSpecification","valueRequired":true,"valueName":"search_term_string"}}],"inLanguage":"de"}]}},"_links":{"self":[{"href":"https:\/\/gesundheitsberatung.com\/psychologie\/wp-json\/wp\/v2\/product\/17784","targetHints":{"allow":["GET"]}}],"collection":[{"href":"https:\/\/gesundheitsberatung.com\/psychologie\/wp-json\/wp\/v2\/product"}],"about":[{"href":"https:\/\/gesundheitsberatung.com\/psychologie\/wp-json\/wp\/v2\/types\/product"}],"replies":[{"embeddable":true,"href":"https:\/\/gesundheitsberatung.com\/psychologie\/wp-json\/wp\/v2\/comments?post=17784"}],"wp:featuredmedia":[{"embeddable":true,"href":"https:\/\/gesundheitsberatung.com\/psychologie\/wp-json\/wp\/v2\/media\/22924"}],"wp:attachment":[{"href":"https:\/\/gesundheitsberatung.com\/psychologie\/wp-json\/wp\/v2\/media?parent=17784"}],"wp:term":[{"taxonomy":"product_cat","embeddable":true,"href":"https:\/\/gesundheitsberatung.com\/psychologie\/wp-json\/wp\/v2\/product_cat?post=17784"},{"taxonomy":"product_tag","embeddable":true,"href":"https:\/\/gesundheitsberatung.com\/psychologie\/wp-json\/wp\/v2\/product_tag?post=17784"}],"curies":[{"name":"wp","href":"https:\/\/api.w.org\/{rel}","templated":true}]}}