{"id":17778,"date":"2016-09-29T12:25:27","date_gmt":"2016-09-29T10:25:27","guid":{"rendered":"https:\/\/gesundheitsberatung.com\/psychologie\/?post_type=product&#038;p=17778"},"modified":"2020-01-22T14:17:46","modified_gmt":"2020-01-22T13:17:46","slug":"a-rose","status":"publish","type":"product","link":"https:\/\/gesundheitsberatung.com\/psychologie\/online-beratung\/diplompsychologen-msc-psychologie\/a-rose\/","title":{"rendered":"A. Rose"},"content":{"rendered":"<p><span class=\"hinweis_text_single_berater\">L\u00c3\u00b6sungsorientierte Beratung mit Herz und Verstand!<\/span><\/p>\n<p>Liebe Ratsuchende, Lieber Ratsuchender<br \/>\nPsychologische Beratung hei\u00dft f\u00fcr mich, Sie beim Finden f\u00fcr L\u00f6sungen Ihrer Probleme zu unterst\u00fctzen und Ihnen mit Ratschl\u00e4gen aus meiner Berufserfahrung und aus pers\u00f6nlichen Erfahrungen bei Seite zu stehen. Ich sehe mich selbst als positiven Psychologen. <br \/>\nDas hei\u00dft, ich werde Sie vor allem beim Auffinden Ihrer St\u00e4rken unterst\u00fctzen und Ihre vorhandenen Ressourcen und Probleml\u00f6sungen zusammen mit Ihnen aufdecken und diese auf Ihre aktuellen Problemlagen ausrichten. Ein Mensch existiert zudem immer im Zusammenhang mit anderen Menschen, so dass auch die systemische Sicht meine Arbeitsweise begleitet. <br \/>\nIch glaube fest daran, dass jeder Mensch in der Lage ist, mit seinen Problemen umgehen zu k\u00f6nnen und so seine Lebensqualtit\u00e4t und sein Wohlbefinden verbessern kann. <br \/>\nMir macht es einfach unheimlich Spass, die positiven Ver\u00e4nderungen von Lebenswegen begleiten zu d\u00fcrfen. Daher freue ich mich auf Ihren Anruf, Ihre Chatanfrage oder Ihre Vistano-Mail! <br \/>\nMit freundlichen Gr\u00fc\u00dfen, <br \/>\nIhr <br \/>\nAndreas Rose<br \/>\n<span class=\"display_none\">5946<\/span><\/p>\n","protected":false},"excerpt":{"rendered":"<p>Zusammen finden wir den Weg zur L\u00f6sung Ihrer Probleme, zu mehr Selbstvertrauen und Selbstbewusstsein! Ich berate Sie gerne am Telefon, per Chat oder per Vistano-Mail!<\/p>\n","protected":false},"featured_media":21363,"comment_status":"open","ping_status":"closed","template":"","meta":[],"product_cat":[],"product_tag":[],"class_list":["post-17778","product","type-product","status-publish","has-post-thumbnail","hentry","online_berater-diplompsychologen-msc-psychologie"],"yoast_head":"<!-- This site is optimized with the Yoast SEO plugin v26.0 - https:\/\/yoast.com\/wordpress\/plugins\/seo\/ -->\n<title>A. Rose &#187; Diplompsychologen \/ M.Sc. Psychologie &#187; Vistano \u260e Beratung<\/title>\n<meta name=\"description\" content=\"Vistano Diplompsychologen \/ M.Sc. Psychologie &#187; Zusammen finden wir den Weg zur L\u00f6sung Ihrer Probleme, zu mehr Selbstvertrauen und Selbstbewusstsein! Ich berate Sie gerne am Telefon, per Chat oder per Vistano-Mail!\" \/>\n<meta name=\"robots\" content=\"index, follow, max-snippet:-1, max-image-preview:large, max-video-preview:-1\" \/>\n<link rel=\"canonical\" href=\"https:\/\/gesundheitsberatung.com\/psychologie\/online-beratung\/diplompsychologen-msc-psychologie\/a-rose\/\" \/>\n<meta property=\"og:locale\" content=\"de_DE\" \/>\n<meta property=\"og:type\" content=\"article\" \/>\n<meta property=\"og:title\" content=\"A. Rose &#187; Diplompsychologen \/ M.Sc. Psychologie &#187; Vistano \u260e Beratung\" \/>\n<meta property=\"og:description\" content=\"Vistano Diplompsychologen \/ M.Sc. Psychologie &#187; Zusammen finden wir den Weg zur L\u00f6sung Ihrer Probleme, zu mehr Selbstvertrauen und Selbstbewusstsein! Ich berate Sie gerne am Telefon, per Chat oder per Vistano-Mail!\" \/>\n<meta property=\"og:url\" content=\"https:\/\/gesundheitsberatung.com\/psychologie\/online-beratung\/diplompsychologen-msc-psychologie\/a-rose\/\" \/>\n<meta property=\"og:site_name\" content=\"Psychologie\" \/>\n<meta property=\"article:publisher\" content=\"https:\/\/www.facebook.com\/psychologie\/\" \/>\n<meta property=\"article:modified_time\" content=\"2020-01-22T13:17:46+00:00\" \/>\n<meta property=\"og:image\" content=\"https:\/\/gesundheitsberatung.com\/psychologie\/wp-content\/uploads\/sites\/2\/a-rose-diplompsychologen-m-sc-psychologie--vistano-berater-id-5946.jpg\" \/>\n\t<meta property=\"og:image:width\" content=\"800\" \/>\n\t<meta property=\"og:image:height\" content=\"800\" \/>\n\t<meta property=\"og:image:type\" content=\"image\/jpeg\" \/>\n<meta name=\"twitter:card\" content=\"summary_large_image\" \/>\n<meta name=\"twitter:site\" content=\"@Vistano\" \/>\n<script type=\"application\/ld+json\" class=\"yoast-schema-graph\">{\"@context\":\"https:\/\/schema.org\",\"@graph\":[{\"@type\":\"WebPage\",\"@id\":\"https:\/\/gesundheitsberatung.com\/psychologie\/online-beratung\/diplompsychologen-msc-psychologie\/a-rose\/\",\"url\":\"https:\/\/gesundheitsberatung.com\/psychologie\/online-beratung\/diplompsychologen-msc-psychologie\/a-rose\/\",\"name\":\"A. Rose &#187; Diplompsychologen \/ M.Sc. Psychologie &#187; Vistano \u260e Beratung\",\"isPartOf\":{\"@id\":\"https:\/\/gesundheitsberatung.com\/psychologie\/#website\"},\"primaryImageOfPage\":{\"@id\":\"https:\/\/gesundheitsberatung.com\/psychologie\/online-beratung\/diplompsychologen-msc-psychologie\/a-rose\/#primaryimage\"},\"image\":{\"@id\":\"https:\/\/gesundheitsberatung.com\/psychologie\/online-beratung\/diplompsychologen-msc-psychologie\/a-rose\/#primaryimage\"},\"thumbnailUrl\":\"https:\/\/gesundheitsberatung.com\/psychologie\/wp-content\/uploads\/sites\/2\/a-rose-diplompsychologen-m-sc-psychologie--vistano-berater-id-5946.jpg\",\"datePublished\":\"2016-09-29T10:25:27+00:00\",\"dateModified\":\"2020-01-22T13:17:46+00:00\",\"description\":\"Vistano Diplompsychologen \/ M.Sc. Psychologie &#187; Zusammen finden wir den Weg zur L\u00f6sung Ihrer Probleme, zu mehr Selbstvertrauen und Selbstbewusstsein! Ich berate Sie gerne am Telefon, per Chat oder per Vistano-Mail!\",\"breadcrumb\":{\"@id\":\"https:\/\/gesundheitsberatung.com\/psychologie\/online-beratung\/diplompsychologen-msc-psychologie\/a-rose\/#breadcrumb\"},\"inLanguage\":\"de\",\"potentialAction\":[{\"@type\":\"ReadAction\",\"target\":[\"https:\/\/gesundheitsberatung.com\/psychologie\/online-beratung\/diplompsychologen-msc-psychologie\/a-rose\/\"]}]},{\"@type\":\"ImageObject\",\"inLanguage\":\"de\",\"@id\":\"https:\/\/gesundheitsberatung.com\/psychologie\/online-beratung\/diplompsychologen-msc-psychologie\/a-rose\/#primaryimage\",\"url\":\"https:\/\/gesundheitsberatung.com\/psychologie\/wp-content\/uploads\/sites\/2\/a-rose-diplompsychologen-m-sc-psychologie--vistano-berater-id-5946.jpg\",\"contentUrl\":\"https:\/\/gesundheitsberatung.com\/psychologie\/wp-content\/uploads\/sites\/2\/a-rose-diplompsychologen-m-sc-psychologie--vistano-berater-id-5946.jpg\",\"width\":800,\"height\":800,\"caption\":\"Diplompsychologen \/ M. Sc. Psychologie A. Rose - Berater-ID: 5946\"},{\"@type\":\"BreadcrumbList\",\"@id\":\"https:\/\/gesundheitsberatung.com\/psychologie\/online-beratung\/diplompsychologen-msc-psychologie\/a-rose\/#breadcrumb\",\"itemListElement\":[{\"@type\":\"ListItem\",\"position\":1,\"name\":\"Home\",\"item\":\"https:\/\/gesundheitsberatung.com\/psychologie\/\"},{\"@type\":\"ListItem\",\"position\":2,\"name\":\"Produkte\",\"item\":\"https:\/\/gesundheitsberatung.com\/psychologie\/shop\/\"},{\"@type\":\"ListItem\",\"position\":3,\"name\":\"Online Beratung\",\"item\":\"https:\/\/gesundheitsberatung.com\/psychologie\/online_berater\/online-beratung\/\"},{\"@type\":\"ListItem\",\"position\":4,\"name\":\"Diplompsychologen \/ M.Sc. Psychologie\",\"item\":\"https:\/\/gesundheitsberatung.com\/psychologie\/online_berater\/diplompsychologen-msc-psychologie\/\"},{\"@type\":\"ListItem\",\"position\":5,\"name\":\"A. Rose\"}]},{\"@type\":\"WebSite\",\"@id\":\"https:\/\/gesundheitsberatung.com\/psychologie\/#website\",\"url\":\"https:\/\/gesundheitsberatung.com\/psychologie\/\",\"name\":\"Psychologie\",\"description\":\"Psychologie \u260e Beratung durch Psychologen! Jetzt Gratis-Beratung sichern: \u2714 Diplom Psychologen \u2714 Heilpraktiker f\u00fcr Psychotherapie \u2714 Psychotherapeuten \u2714 Psychologische Berater bei Vistano Psychologie.\",\"potentialAction\":[{\"@type\":\"SearchAction\",\"target\":{\"@type\":\"EntryPoint\",\"urlTemplate\":\"https:\/\/gesundheitsberatung.com\/psychologie\/?s={search_term_string}\"},\"query-input\":{\"@type\":\"PropertyValueSpecification\",\"valueRequired\":true,\"valueName\":\"search_term_string\"}}],\"inLanguage\":\"de\"}]}<\/script>\n<!-- \/ Yoast SEO plugin. -->","yoast_head_json":{"title":"A. Rose &#187; Diplompsychologen \/ M.Sc. Psychologie &#187; Vistano \u260e Beratung","description":"Vistano Diplompsychologen \/ M.Sc. Psychologie &#187; Zusammen finden wir den Weg zur L\u00f6sung Ihrer Probleme, zu mehr Selbstvertrauen und Selbstbewusstsein! Ich berate Sie gerne am Telefon, per Chat oder per Vistano-Mail!","robots":{"index":"index","follow":"follow","max-snippet":"max-snippet:-1","max-image-preview":"max-image-preview:large","max-video-preview":"max-video-preview:-1"},"canonical":"https:\/\/gesundheitsberatung.com\/psychologie\/online-beratung\/diplompsychologen-msc-psychologie\/a-rose\/","og_locale":"de_DE","og_type":"article","og_title":"A. Rose &#187; Diplompsychologen \/ M.Sc. Psychologie &#187; Vistano \u260e Beratung","og_description":"Vistano Diplompsychologen \/ M.Sc. Psychologie &#187; Zusammen finden wir den Weg zur L\u00f6sung Ihrer Probleme, zu mehr Selbstvertrauen und Selbstbewusstsein! Ich berate Sie gerne am Telefon, per Chat oder per Vistano-Mail!","og_url":"https:\/\/gesundheitsberatung.com\/psychologie\/online-beratung\/diplompsychologen-msc-psychologie\/a-rose\/","og_site_name":"Psychologie","article_publisher":"https:\/\/www.facebook.com\/psychologie\/","article_modified_time":"2020-01-22T13:17:46+00:00","og_image":[{"width":800,"height":800,"url":"https:\/\/gesundheitsberatung.com\/psychologie\/wp-content\/uploads\/sites\/2\/a-rose-diplompsychologen-m-sc-psychologie--vistano-berater-id-5946.jpg","type":"image\/jpeg"}],"twitter_card":"summary_large_image","twitter_site":"@Vistano","schema":{"@context":"https:\/\/schema.org","@graph":[{"@type":"WebPage","@id":"https:\/\/gesundheitsberatung.com\/psychologie\/online-beratung\/diplompsychologen-msc-psychologie\/a-rose\/","url":"https:\/\/gesundheitsberatung.com\/psychologie\/online-beratung\/diplompsychologen-msc-psychologie\/a-rose\/","name":"A. Rose &#187; Diplompsychologen \/ M.Sc. Psychologie &#187; Vistano \u260e Beratung","isPartOf":{"@id":"https:\/\/gesundheitsberatung.com\/psychologie\/#website"},"primaryImageOfPage":{"@id":"https:\/\/gesundheitsberatung.com\/psychologie\/online-beratung\/diplompsychologen-msc-psychologie\/a-rose\/#primaryimage"},"image":{"@id":"https:\/\/gesundheitsberatung.com\/psychologie\/online-beratung\/diplompsychologen-msc-psychologie\/a-rose\/#primaryimage"},"thumbnailUrl":"https:\/\/gesundheitsberatung.com\/psychologie\/wp-content\/uploads\/sites\/2\/a-rose-diplompsychologen-m-sc-psychologie--vistano-berater-id-5946.jpg","datePublished":"2016-09-29T10:25:27+00:00","dateModified":"2020-01-22T13:17:46+00:00","description":"Vistano Diplompsychologen \/ M.Sc. Psychologie &#187; Zusammen finden wir den Weg zur L\u00f6sung Ihrer Probleme, zu mehr Selbstvertrauen und Selbstbewusstsein! Ich berate Sie gerne am Telefon, per Chat oder per Vistano-Mail!","breadcrumb":{"@id":"https:\/\/gesundheitsberatung.com\/psychologie\/online-beratung\/diplompsychologen-msc-psychologie\/a-rose\/#breadcrumb"},"inLanguage":"de","potentialAction":[{"@type":"ReadAction","target":["https:\/\/gesundheitsberatung.com\/psychologie\/online-beratung\/diplompsychologen-msc-psychologie\/a-rose\/"]}]},{"@type":"ImageObject","inLanguage":"de","@id":"https:\/\/gesundheitsberatung.com\/psychologie\/online-beratung\/diplompsychologen-msc-psychologie\/a-rose\/#primaryimage","url":"https:\/\/gesundheitsberatung.com\/psychologie\/wp-content\/uploads\/sites\/2\/a-rose-diplompsychologen-m-sc-psychologie--vistano-berater-id-5946.jpg","contentUrl":"https:\/\/gesundheitsberatung.com\/psychologie\/wp-content\/uploads\/sites\/2\/a-rose-diplompsychologen-m-sc-psychologie--vistano-berater-id-5946.jpg","width":800,"height":800,"caption":"Diplompsychologen \/ M. Sc. Psychologie A. Rose - Berater-ID: 5946"},{"@type":"BreadcrumbList","@id":"https:\/\/gesundheitsberatung.com\/psychologie\/online-beratung\/diplompsychologen-msc-psychologie\/a-rose\/#breadcrumb","itemListElement":[{"@type":"ListItem","position":1,"name":"Home","item":"https:\/\/gesundheitsberatung.com\/psychologie\/"},{"@type":"ListItem","position":2,"name":"Produkte","item":"https:\/\/gesundheitsberatung.com\/psychologie\/shop\/"},{"@type":"ListItem","position":3,"name":"Online Beratung","item":"https:\/\/gesundheitsberatung.com\/psychologie\/online_berater\/online-beratung\/"},{"@type":"ListItem","position":4,"name":"Diplompsychologen \/ M.Sc. Psychologie","item":"https:\/\/gesundheitsberatung.com\/psychologie\/online_berater\/diplompsychologen-msc-psychologie\/"},{"@type":"ListItem","position":5,"name":"A. Rose"}]},{"@type":"WebSite","@id":"https:\/\/gesundheitsberatung.com\/psychologie\/#website","url":"https:\/\/gesundheitsberatung.com\/psychologie\/","name":"Psychologie","description":"Psychologie \u260e Beratung durch Psychologen! Jetzt Gratis-Beratung sichern: \u2714 Diplom Psychologen \u2714 Heilpraktiker f\u00fcr Psychotherapie \u2714 Psychotherapeuten \u2714 Psychologische Berater bei Vistano Psychologie.","potentialAction":[{"@type":"SearchAction","target":{"@type":"EntryPoint","urlTemplate":"https:\/\/gesundheitsberatung.com\/psychologie\/?s={search_term_string}"},"query-input":{"@type":"PropertyValueSpecification","valueRequired":true,"valueName":"search_term_string"}}],"inLanguage":"de"}]}},"_links":{"self":[{"href":"https:\/\/gesundheitsberatung.com\/psychologie\/wp-json\/wp\/v2\/product\/17778","targetHints":{"allow":["GET"]}}],"collection":[{"href":"https:\/\/gesundheitsberatung.com\/psychologie\/wp-json\/wp\/v2\/product"}],"about":[{"href":"https:\/\/gesundheitsberatung.com\/psychologie\/wp-json\/wp\/v2\/types\/product"}],"replies":[{"embeddable":true,"href":"https:\/\/gesundheitsberatung.com\/psychologie\/wp-json\/wp\/v2\/comments?post=17778"}],"wp:featuredmedia":[{"embeddable":true,"href":"https:\/\/gesundheitsberatung.com\/psychologie\/wp-json\/wp\/v2\/media\/21363"}],"wp:attachment":[{"href":"https:\/\/gesundheitsberatung.com\/psychologie\/wp-json\/wp\/v2\/media?parent=17778"}],"wp:term":[{"taxonomy":"product_cat","embeddable":true,"href":"https:\/\/gesundheitsberatung.com\/psychologie\/wp-json\/wp\/v2\/product_cat?post=17778"},{"taxonomy":"product_tag","embeddable":true,"href":"https:\/\/gesundheitsberatung.com\/psychologie\/wp-json\/wp\/v2\/product_tag?post=17778"}],"curies":[{"name":"wp","href":"https:\/\/api.w.org\/{rel}","templated":true}]}}