{"id":17776,"date":"2016-08-04T16:54:13","date_gmt":"2016-08-04T14:54:13","guid":{"rendered":"https:\/\/gesundheitsberatung.com\/psychologie\/?post_type=product&#038;p=17776"},"modified":"2020-01-22T14:17:42","modified_gmt":"2020-01-22T13:17:42","slug":"a-reiter-torwesten","status":"publish","type":"product","link":"https:\/\/gesundheitsberatung.com\/psychologie\/online-beratung\/heilpraktiker-fuer-psychotherapie\/a-reiter-torwesten\/","title":{"rendered":"A. Reiter-Torwesten"},"content":{"rendered":"<p>Oftmals braucht es nur einen Perspektivwechsel um neue Wege aus der Situation zu finden.  Ich helfe Ihnen, eine neue Sichtweise auf Ihr Problem zu finden, neue Wege aufzuzeigen, konstruktive L\u00f6sungen zu entwickeln,  festgefahrene Kommunikationsmuster zu durchbrechen und alte behindernden Muster aufzudecken und zu ver\u00e4ndern.  Dabei wird der Fokus weniger darauf gelegt, was alles schief gelaufen ist, sondern was f\u00fcr M\u00f6glichkeiten es gibt, die Situation zu verbessern und die Chance daran zu erkennen. <\/p>\n<p>Vielleicht trifft das eine oder andere Problem auf sie zu (Beispiele):<br \/>\n&#8211; Ihre Beziehung ist problematisch, vielleicht hat sich Routine eingeschlichen oder <br \/>\n&#8211; Sie k\u00f6nnen nicht mehr  miteinander sprechen. <br \/>\n&#8211; Vielleicht ist der Partner oder Sie selbst fremd gegangen und Sie brauchen Klarheit in Ihrer Beziehung<br \/>\n&#8211; Oder Sie haben sich von Ihrem Partner getrennt und brauchen Unterst\u00fctzung in der Verarbeitung und Neufindung<br \/>\n&#8211; Sie befinden sich in einer (Lebens-) Krise? <br \/>\n&#8211; Sie wollen sich neu orientieren?  <br \/>\n&#8211; Sie haben Probleme im Job?<br \/>\n&#8211; \u00c4ngste, Selbstwertprobleme belasten Sie? <br \/>\n&#8211; Sie haben sich in Ihrer ??Komfortzone eingerichtet und haben das Gef\u00fchl zu stagnieren<\/p>\n<p>Ich freue mich auf Ihren Anruf.  Sie k\u00f6nnen auch per email nach einem Gespr\u00e4chstermin fragen. <span class=\"display_none\">5939<\/span><\/p>\n","protected":false},"excerpt":{"rendered":"<p>Ich unterst\u00fctze Sie bei  Beziehungsproblemen, Trennungen,  Lebenskrisen, Neuorientierung, Stagnation, Selbstwertproblemen,  Potentialentfaltung, \u00c4ngsten. <\/p>\n","protected":false},"featured_media":23516,"comment_status":"open","ping_status":"closed","template":"","meta":[],"product_cat":[],"product_tag":[],"class_list":["post-17776","product","type-product","status-publish","has-post-thumbnail","hentry","online_berater-heilpraktiker-fuer-psychotherapie"],"yoast_head":"<!-- This site is optimized with the Yoast SEO plugin v26.0 - https:\/\/yoast.com\/wordpress\/plugins\/seo\/ -->\n<title>A. Reiter-Torwesten &#187; Heilpraktiker f\u00fcr Psychotherapie &#187; Vistano \u260e Beratung<\/title>\n<meta name=\"description\" content=\"Vistano Heilpraktiker f\u00fcr Psychotherapie &#187; Ich unterst\u00fctze Sie bei Beziehungsproblemen, Trennungen, Lebenskrisen, Neuorientierung, Stagnation, Selbstwertproblemen, Potentialentfaltung, \u00c4ngsten.\" \/>\n<meta name=\"robots\" content=\"index, follow, max-snippet:-1, max-image-preview:large, max-video-preview:-1\" \/>\n<link rel=\"canonical\" href=\"https:\/\/gesundheitsberatung.com\/psychologie\/online-beratung\/heilpraktiker-fuer-psychotherapie\/a-reiter-torwesten\/\" \/>\n<meta property=\"og:locale\" content=\"de_DE\" \/>\n<meta property=\"og:type\" content=\"article\" \/>\n<meta property=\"og:title\" content=\"A. Reiter-Torwesten &#187; Heilpraktiker f\u00fcr Psychotherapie &#187; Vistano \u260e Beratung\" \/>\n<meta property=\"og:description\" content=\"Vistano Heilpraktiker f\u00fcr Psychotherapie &#187; Ich unterst\u00fctze Sie bei Beziehungsproblemen, Trennungen, Lebenskrisen, Neuorientierung, Stagnation, Selbstwertproblemen, Potentialentfaltung, \u00c4ngsten.\" \/>\n<meta property=\"og:url\" content=\"https:\/\/gesundheitsberatung.com\/psychologie\/online-beratung\/heilpraktiker-fuer-psychotherapie\/a-reiter-torwesten\/\" \/>\n<meta property=\"og:site_name\" content=\"Psychologie\" \/>\n<meta property=\"article:publisher\" content=\"https:\/\/www.facebook.com\/psychologie\/\" \/>\n<meta property=\"article:modified_time\" content=\"2020-01-22T13:17:42+00:00\" \/>\n<meta property=\"og:image\" content=\"https:\/\/gesundheitsberatung.com\/psychologie\/wp-content\/uploads\/sites\/2\/a-reiter-torwesten-heilpraktiker-f-r-psychotherapie-vistano-berater-id-5939.jpg\" \/>\n\t<meta property=\"og:image:width\" content=\"800\" \/>\n\t<meta property=\"og:image:height\" content=\"800\" \/>\n\t<meta property=\"og:image:type\" content=\"image\/jpeg\" \/>\n<meta name=\"twitter:card\" content=\"summary_large_image\" \/>\n<meta name=\"twitter:site\" content=\"@Vistano\" \/>\n<script type=\"application\/ld+json\" class=\"yoast-schema-graph\">{\"@context\":\"https:\/\/schema.org\",\"@graph\":[{\"@type\":\"WebPage\",\"@id\":\"https:\/\/gesundheitsberatung.com\/psychologie\/online-beratung\/heilpraktiker-fuer-psychotherapie\/a-reiter-torwesten\/\",\"url\":\"https:\/\/gesundheitsberatung.com\/psychologie\/online-beratung\/heilpraktiker-fuer-psychotherapie\/a-reiter-torwesten\/\",\"name\":\"A. Reiter-Torwesten &#187; Heilpraktiker f\u00fcr Psychotherapie &#187; Vistano \u260e Beratung\",\"isPartOf\":{\"@id\":\"https:\/\/gesundheitsberatung.com\/psychologie\/#website\"},\"primaryImageOfPage\":{\"@id\":\"https:\/\/gesundheitsberatung.com\/psychologie\/online-beratung\/heilpraktiker-fuer-psychotherapie\/a-reiter-torwesten\/#primaryimage\"},\"image\":{\"@id\":\"https:\/\/gesundheitsberatung.com\/psychologie\/online-beratung\/heilpraktiker-fuer-psychotherapie\/a-reiter-torwesten\/#primaryimage\"},\"thumbnailUrl\":\"https:\/\/gesundheitsberatung.com\/psychologie\/wp-content\/uploads\/sites\/2\/a-reiter-torwesten-heilpraktiker-f-r-psychotherapie-vistano-berater-id-5939.jpg\",\"datePublished\":\"2016-08-04T14:54:13+00:00\",\"dateModified\":\"2020-01-22T13:17:42+00:00\",\"description\":\"Vistano Heilpraktiker f\u00fcr Psychotherapie &#187; Ich unterst\u00fctze Sie bei Beziehungsproblemen, Trennungen, Lebenskrisen, Neuorientierung, Stagnation, Selbstwertproblemen, Potentialentfaltung, \u00c4ngsten.\",\"breadcrumb\":{\"@id\":\"https:\/\/gesundheitsberatung.com\/psychologie\/online-beratung\/heilpraktiker-fuer-psychotherapie\/a-reiter-torwesten\/#breadcrumb\"},\"inLanguage\":\"de\",\"potentialAction\":[{\"@type\":\"ReadAction\",\"target\":[\"https:\/\/gesundheitsberatung.com\/psychologie\/online-beratung\/heilpraktiker-fuer-psychotherapie\/a-reiter-torwesten\/\"]}]},{\"@type\":\"ImageObject\",\"inLanguage\":\"de\",\"@id\":\"https:\/\/gesundheitsberatung.com\/psychologie\/online-beratung\/heilpraktiker-fuer-psychotherapie\/a-reiter-torwesten\/#primaryimage\",\"url\":\"https:\/\/gesundheitsberatung.com\/psychologie\/wp-content\/uploads\/sites\/2\/a-reiter-torwesten-heilpraktiker-f-r-psychotherapie-vistano-berater-id-5939.jpg\",\"contentUrl\":\"https:\/\/gesundheitsberatung.com\/psychologie\/wp-content\/uploads\/sites\/2\/a-reiter-torwesten-heilpraktiker-f-r-psychotherapie-vistano-berater-id-5939.jpg\",\"width\":800,\"height\":800,\"caption\":\"Heilpraktiker f\u00fcr Psychotherapie A. Reiter-Torwesten - Berater-ID: 5939\"},{\"@type\":\"BreadcrumbList\",\"@id\":\"https:\/\/gesundheitsberatung.com\/psychologie\/online-beratung\/heilpraktiker-fuer-psychotherapie\/a-reiter-torwesten\/#breadcrumb\",\"itemListElement\":[{\"@type\":\"ListItem\",\"position\":1,\"name\":\"Home\",\"item\":\"https:\/\/gesundheitsberatung.com\/psychologie\/\"},{\"@type\":\"ListItem\",\"position\":2,\"name\":\"Produkte\",\"item\":\"https:\/\/gesundheitsberatung.com\/psychologie\/shop\/\"},{\"@type\":\"ListItem\",\"position\":3,\"name\":\"Online Beratung\",\"item\":\"https:\/\/gesundheitsberatung.com\/psychologie\/online_berater\/online-beratung\/\"},{\"@type\":\"ListItem\",\"position\":4,\"name\":\"Heilpraktiker f\u00fcr Psychotherapie\",\"item\":\"https:\/\/gesundheitsberatung.com\/psychologie\/online_berater\/heilpraktiker-fuer-psychotherapie\/\"},{\"@type\":\"ListItem\",\"position\":5,\"name\":\"A. Reiter-Torwesten\"}]},{\"@type\":\"WebSite\",\"@id\":\"https:\/\/gesundheitsberatung.com\/psychologie\/#website\",\"url\":\"https:\/\/gesundheitsberatung.com\/psychologie\/\",\"name\":\"Psychologie\",\"description\":\"Psychologie \u260e Beratung durch Psychologen! Jetzt Gratis-Beratung sichern: \u2714 Diplom Psychologen \u2714 Heilpraktiker f\u00fcr Psychotherapie \u2714 Psychotherapeuten \u2714 Psychologische Berater bei Vistano Psychologie.\",\"potentialAction\":[{\"@type\":\"SearchAction\",\"target\":{\"@type\":\"EntryPoint\",\"urlTemplate\":\"https:\/\/gesundheitsberatung.com\/psychologie\/?s={search_term_string}\"},\"query-input\":{\"@type\":\"PropertyValueSpecification\",\"valueRequired\":true,\"valueName\":\"search_term_string\"}}],\"inLanguage\":\"de\"}]}<\/script>\n<!-- \/ Yoast SEO plugin. -->","yoast_head_json":{"title":"A. Reiter-Torwesten &#187; Heilpraktiker f\u00fcr Psychotherapie &#187; Vistano \u260e Beratung","description":"Vistano Heilpraktiker f\u00fcr Psychotherapie &#187; Ich unterst\u00fctze Sie bei Beziehungsproblemen, Trennungen, Lebenskrisen, Neuorientierung, Stagnation, Selbstwertproblemen, Potentialentfaltung, \u00c4ngsten.","robots":{"index":"index","follow":"follow","max-snippet":"max-snippet:-1","max-image-preview":"max-image-preview:large","max-video-preview":"max-video-preview:-1"},"canonical":"https:\/\/gesundheitsberatung.com\/psychologie\/online-beratung\/heilpraktiker-fuer-psychotherapie\/a-reiter-torwesten\/","og_locale":"de_DE","og_type":"article","og_title":"A. Reiter-Torwesten &#187; Heilpraktiker f\u00fcr Psychotherapie &#187; Vistano \u260e Beratung","og_description":"Vistano Heilpraktiker f\u00fcr Psychotherapie &#187; Ich unterst\u00fctze Sie bei Beziehungsproblemen, Trennungen, Lebenskrisen, Neuorientierung, Stagnation, Selbstwertproblemen, Potentialentfaltung, \u00c4ngsten.","og_url":"https:\/\/gesundheitsberatung.com\/psychologie\/online-beratung\/heilpraktiker-fuer-psychotherapie\/a-reiter-torwesten\/","og_site_name":"Psychologie","article_publisher":"https:\/\/www.facebook.com\/psychologie\/","article_modified_time":"2020-01-22T13:17:42+00:00","og_image":[{"width":800,"height":800,"url":"https:\/\/gesundheitsberatung.com\/psychologie\/wp-content\/uploads\/sites\/2\/a-reiter-torwesten-heilpraktiker-f-r-psychotherapie-vistano-berater-id-5939.jpg","type":"image\/jpeg"}],"twitter_card":"summary_large_image","twitter_site":"@Vistano","schema":{"@context":"https:\/\/schema.org","@graph":[{"@type":"WebPage","@id":"https:\/\/gesundheitsberatung.com\/psychologie\/online-beratung\/heilpraktiker-fuer-psychotherapie\/a-reiter-torwesten\/","url":"https:\/\/gesundheitsberatung.com\/psychologie\/online-beratung\/heilpraktiker-fuer-psychotherapie\/a-reiter-torwesten\/","name":"A. Reiter-Torwesten &#187; Heilpraktiker f\u00fcr Psychotherapie &#187; Vistano \u260e Beratung","isPartOf":{"@id":"https:\/\/gesundheitsberatung.com\/psychologie\/#website"},"primaryImageOfPage":{"@id":"https:\/\/gesundheitsberatung.com\/psychologie\/online-beratung\/heilpraktiker-fuer-psychotherapie\/a-reiter-torwesten\/#primaryimage"},"image":{"@id":"https:\/\/gesundheitsberatung.com\/psychologie\/online-beratung\/heilpraktiker-fuer-psychotherapie\/a-reiter-torwesten\/#primaryimage"},"thumbnailUrl":"https:\/\/gesundheitsberatung.com\/psychologie\/wp-content\/uploads\/sites\/2\/a-reiter-torwesten-heilpraktiker-f-r-psychotherapie-vistano-berater-id-5939.jpg","datePublished":"2016-08-04T14:54:13+00:00","dateModified":"2020-01-22T13:17:42+00:00","description":"Vistano Heilpraktiker f\u00fcr Psychotherapie &#187; Ich unterst\u00fctze Sie bei Beziehungsproblemen, Trennungen, Lebenskrisen, Neuorientierung, Stagnation, Selbstwertproblemen, Potentialentfaltung, \u00c4ngsten.","breadcrumb":{"@id":"https:\/\/gesundheitsberatung.com\/psychologie\/online-beratung\/heilpraktiker-fuer-psychotherapie\/a-reiter-torwesten\/#breadcrumb"},"inLanguage":"de","potentialAction":[{"@type":"ReadAction","target":["https:\/\/gesundheitsberatung.com\/psychologie\/online-beratung\/heilpraktiker-fuer-psychotherapie\/a-reiter-torwesten\/"]}]},{"@type":"ImageObject","inLanguage":"de","@id":"https:\/\/gesundheitsberatung.com\/psychologie\/online-beratung\/heilpraktiker-fuer-psychotherapie\/a-reiter-torwesten\/#primaryimage","url":"https:\/\/gesundheitsberatung.com\/psychologie\/wp-content\/uploads\/sites\/2\/a-reiter-torwesten-heilpraktiker-f-r-psychotherapie-vistano-berater-id-5939.jpg","contentUrl":"https:\/\/gesundheitsberatung.com\/psychologie\/wp-content\/uploads\/sites\/2\/a-reiter-torwesten-heilpraktiker-f-r-psychotherapie-vistano-berater-id-5939.jpg","width":800,"height":800,"caption":"Heilpraktiker f\u00fcr Psychotherapie A. Reiter-Torwesten - Berater-ID: 5939"},{"@type":"BreadcrumbList","@id":"https:\/\/gesundheitsberatung.com\/psychologie\/online-beratung\/heilpraktiker-fuer-psychotherapie\/a-reiter-torwesten\/#breadcrumb","itemListElement":[{"@type":"ListItem","position":1,"name":"Home","item":"https:\/\/gesundheitsberatung.com\/psychologie\/"},{"@type":"ListItem","position":2,"name":"Produkte","item":"https:\/\/gesundheitsberatung.com\/psychologie\/shop\/"},{"@type":"ListItem","position":3,"name":"Online Beratung","item":"https:\/\/gesundheitsberatung.com\/psychologie\/online_berater\/online-beratung\/"},{"@type":"ListItem","position":4,"name":"Heilpraktiker f\u00fcr Psychotherapie","item":"https:\/\/gesundheitsberatung.com\/psychologie\/online_berater\/heilpraktiker-fuer-psychotherapie\/"},{"@type":"ListItem","position":5,"name":"A. Reiter-Torwesten"}]},{"@type":"WebSite","@id":"https:\/\/gesundheitsberatung.com\/psychologie\/#website","url":"https:\/\/gesundheitsberatung.com\/psychologie\/","name":"Psychologie","description":"Psychologie \u260e Beratung durch Psychologen! Jetzt Gratis-Beratung sichern: \u2714 Diplom Psychologen \u2714 Heilpraktiker f\u00fcr Psychotherapie \u2714 Psychotherapeuten \u2714 Psychologische Berater bei Vistano Psychologie.","potentialAction":[{"@type":"SearchAction","target":{"@type":"EntryPoint","urlTemplate":"https:\/\/gesundheitsberatung.com\/psychologie\/?s={search_term_string}"},"query-input":{"@type":"PropertyValueSpecification","valueRequired":true,"valueName":"search_term_string"}}],"inLanguage":"de"}]}},"_links":{"self":[{"href":"https:\/\/gesundheitsberatung.com\/psychologie\/wp-json\/wp\/v2\/product\/17776","targetHints":{"allow":["GET"]}}],"collection":[{"href":"https:\/\/gesundheitsberatung.com\/psychologie\/wp-json\/wp\/v2\/product"}],"about":[{"href":"https:\/\/gesundheitsberatung.com\/psychologie\/wp-json\/wp\/v2\/types\/product"}],"replies":[{"embeddable":true,"href":"https:\/\/gesundheitsberatung.com\/psychologie\/wp-json\/wp\/v2\/comments?post=17776"}],"wp:featuredmedia":[{"embeddable":true,"href":"https:\/\/gesundheitsberatung.com\/psychologie\/wp-json\/wp\/v2\/media\/23516"}],"wp:attachment":[{"href":"https:\/\/gesundheitsberatung.com\/psychologie\/wp-json\/wp\/v2\/media?parent=17776"}],"wp:term":[{"taxonomy":"product_cat","embeddable":true,"href":"https:\/\/gesundheitsberatung.com\/psychologie\/wp-json\/wp\/v2\/product_cat?post=17776"},{"taxonomy":"product_tag","embeddable":true,"href":"https:\/\/gesundheitsberatung.com\/psychologie\/wp-json\/wp\/v2\/product_tag?post=17776"}],"curies":[{"name":"wp","href":"https:\/\/api.w.org\/{rel}","templated":true}]}}