{"id":17756,"date":"2016-09-29T14:53:24","date_gmt":"2016-09-29T12:53:24","guid":{"rendered":"https:\/\/gesundheitsberatung.com\/psychologie\/?post_type=product&#038;p=17756"},"modified":"2020-01-22T14:18:17","modified_gmt":"2020-01-22T13:18:17","slug":"w-barton","status":"publish","type":"product","link":"https:\/\/gesundheitsberatung.com\/psychologie\/online-beratung\/heilpraktiker-fuer-psychotherapie\/w-barton\/","title":{"rendered":"W. Barton"},"content":{"rendered":"<p>Willkommen auf meinem Beraterprofil!\u00a0Gerne biete ich Ihnen meine jahrelange Berufserfahrung als Beraterin, sowie ausgiebige Lebenserfahrungen an. Ich bin eine gute Zuh\u00f6rerin und unterst\u00fctze Sie darin, L\u00f6sungswege f\u00fcr Ihr Anliegen gemeinsam zu finden. Oft sind es unangenehme Gef\u00fchle, die uns davon abhalten, klare Gedanken zu fassen, um eine neue Einstellung zu formen, die Sie in Ihrem Leben weiter bringen kann. Meine Themen sind:Depression\u00c4ngstePanikSuchtMobbingStress &amp; Burn-Out\u00a0\u00a0Ich freue mich auf Ihren Anruf.\u00a0<span class=\"display_none\">5856<\/span><\/p>\n","protected":false},"excerpt":{"rendered":"<p>Oft ist unsere Wahrnehmung durch Alltagsstress getr\u00fcbt und wir vergessen auf unser Bauchgef\u00fchl zu h\u00f6ren. Ich m\u00f6chte dich dabei unterst\u00fctzen, das Vertrauen zu dir selbst wieder aufzubauen.<\/p>\n","protected":false},"featured_media":23104,"comment_status":"open","ping_status":"closed","template":"","meta":[],"product_cat":[],"product_tag":[],"class_list":["post-17756","product","type-product","status-publish","has-post-thumbnail","hentry","online_berater-heilpraktiker-fuer-psychotherapie"],"yoast_head":"<!-- This site is optimized with the Yoast SEO plugin v26.0 - https:\/\/yoast.com\/wordpress\/plugins\/seo\/ -->\n<title>W. Barton &#187; Heilpraktiker f\u00fcr Psychotherapie &#187; Vistano \u260e Beratung<\/title>\n<meta name=\"description\" content=\"Vistano Heilpraktiker f\u00fcr Psychotherapie &#187; Oft ist unsere Wahrnehmung durch Alltagsstress getr\u00fcbt und wir vergessen auf unser Bauchgef\u00fchl zu h\u00f6ren. Ich m\u00f6chte dich dabei unterst\u00fctzen, das Vertrauen zu dir selbst wieder aufzubauen.\" \/>\n<meta name=\"robots\" content=\"index, follow, max-snippet:-1, max-image-preview:large, max-video-preview:-1\" \/>\n<link rel=\"canonical\" href=\"https:\/\/gesundheitsberatung.com\/psychologie\/online-beratung\/heilpraktiker-fuer-psychotherapie\/w-barton\/\" \/>\n<meta property=\"og:locale\" content=\"de_DE\" \/>\n<meta property=\"og:type\" content=\"article\" \/>\n<meta property=\"og:title\" content=\"W. Barton &#187; Heilpraktiker f\u00fcr Psychotherapie &#187; Vistano \u260e Beratung\" \/>\n<meta property=\"og:description\" content=\"Vistano Heilpraktiker f\u00fcr Psychotherapie &#187; Oft ist unsere Wahrnehmung durch Alltagsstress getr\u00fcbt und wir vergessen auf unser Bauchgef\u00fchl zu h\u00f6ren. Ich m\u00f6chte dich dabei unterst\u00fctzen, das Vertrauen zu dir selbst wieder aufzubauen.\" \/>\n<meta property=\"og:url\" content=\"https:\/\/gesundheitsberatung.com\/psychologie\/online-beratung\/heilpraktiker-fuer-psychotherapie\/w-barton\/\" \/>\n<meta property=\"og:site_name\" content=\"Psychologie\" \/>\n<meta property=\"article:publisher\" content=\"https:\/\/www.facebook.com\/psychologie\/\" \/>\n<meta property=\"article:modified_time\" content=\"2020-01-22T13:18:17+00:00\" \/>\n<meta property=\"og:image\" content=\"https:\/\/gesundheitsberatung.com\/psychologie\/wp-content\/uploads\/sites\/2\/w-barton-heilpraktiker-f-r-psychotherapie-vistano-berater-id-5856.jpg\" \/>\n\t<meta property=\"og:image:width\" content=\"700\" \/>\n\t<meta property=\"og:image:height\" content=\"700\" \/>\n\t<meta property=\"og:image:type\" content=\"image\/jpeg\" \/>\n<meta name=\"twitter:card\" content=\"summary_large_image\" \/>\n<meta name=\"twitter:site\" content=\"@Vistano\" \/>\n<script type=\"application\/ld+json\" class=\"yoast-schema-graph\">{\"@context\":\"https:\/\/schema.org\",\"@graph\":[{\"@type\":\"WebPage\",\"@id\":\"https:\/\/gesundheitsberatung.com\/psychologie\/online-beratung\/heilpraktiker-fuer-psychotherapie\/w-barton\/\",\"url\":\"https:\/\/gesundheitsberatung.com\/psychologie\/online-beratung\/heilpraktiker-fuer-psychotherapie\/w-barton\/\",\"name\":\"W. Barton &#187; Heilpraktiker f\u00fcr Psychotherapie &#187; Vistano \u260e Beratung\",\"isPartOf\":{\"@id\":\"https:\/\/gesundheitsberatung.com\/psychologie\/#website\"},\"primaryImageOfPage\":{\"@id\":\"https:\/\/gesundheitsberatung.com\/psychologie\/online-beratung\/heilpraktiker-fuer-psychotherapie\/w-barton\/#primaryimage\"},\"image\":{\"@id\":\"https:\/\/gesundheitsberatung.com\/psychologie\/online-beratung\/heilpraktiker-fuer-psychotherapie\/w-barton\/#primaryimage\"},\"thumbnailUrl\":\"https:\/\/gesundheitsberatung.com\/psychologie\/wp-content\/uploads\/sites\/2\/w-barton-heilpraktiker-f-r-psychotherapie-vistano-berater-id-5856.jpg\",\"datePublished\":\"2016-09-29T12:53:24+00:00\",\"dateModified\":\"2020-01-22T13:18:17+00:00\",\"description\":\"Vistano Heilpraktiker f\u00fcr Psychotherapie &#187; Oft ist unsere Wahrnehmung durch Alltagsstress getr\u00fcbt und wir vergessen auf unser Bauchgef\u00fchl zu h\u00f6ren. Ich m\u00f6chte dich dabei unterst\u00fctzen, das Vertrauen zu dir selbst wieder aufzubauen.\",\"breadcrumb\":{\"@id\":\"https:\/\/gesundheitsberatung.com\/psychologie\/online-beratung\/heilpraktiker-fuer-psychotherapie\/w-barton\/#breadcrumb\"},\"inLanguage\":\"de\",\"potentialAction\":[{\"@type\":\"ReadAction\",\"target\":[\"https:\/\/gesundheitsberatung.com\/psychologie\/online-beratung\/heilpraktiker-fuer-psychotherapie\/w-barton\/\"]}]},{\"@type\":\"ImageObject\",\"inLanguage\":\"de\",\"@id\":\"https:\/\/gesundheitsberatung.com\/psychologie\/online-beratung\/heilpraktiker-fuer-psychotherapie\/w-barton\/#primaryimage\",\"url\":\"https:\/\/gesundheitsberatung.com\/psychologie\/wp-content\/uploads\/sites\/2\/w-barton-heilpraktiker-f-r-psychotherapie-vistano-berater-id-5856.jpg\",\"contentUrl\":\"https:\/\/gesundheitsberatung.com\/psychologie\/wp-content\/uploads\/sites\/2\/w-barton-heilpraktiker-f-r-psychotherapie-vistano-berater-id-5856.jpg\",\"width\":700,\"height\":700,\"caption\":\"Heilpraktiker f\u00fcr Psychotherapie W. Barton - Berater-ID: 5856\"},{\"@type\":\"BreadcrumbList\",\"@id\":\"https:\/\/gesundheitsberatung.com\/psychologie\/online-beratung\/heilpraktiker-fuer-psychotherapie\/w-barton\/#breadcrumb\",\"itemListElement\":[{\"@type\":\"ListItem\",\"position\":1,\"name\":\"Home\",\"item\":\"https:\/\/gesundheitsberatung.com\/psychologie\/\"},{\"@type\":\"ListItem\",\"position\":2,\"name\":\"Produkte\",\"item\":\"https:\/\/gesundheitsberatung.com\/psychologie\/shop\/\"},{\"@type\":\"ListItem\",\"position\":3,\"name\":\"Online Beratung\",\"item\":\"https:\/\/gesundheitsberatung.com\/psychologie\/online_berater\/online-beratung\/\"},{\"@type\":\"ListItem\",\"position\":4,\"name\":\"Heilpraktiker f\u00fcr Psychotherapie\",\"item\":\"https:\/\/gesundheitsberatung.com\/psychologie\/online_berater\/heilpraktiker-fuer-psychotherapie\/\"},{\"@type\":\"ListItem\",\"position\":5,\"name\":\"W. Barton\"}]},{\"@type\":\"WebSite\",\"@id\":\"https:\/\/gesundheitsberatung.com\/psychologie\/#website\",\"url\":\"https:\/\/gesundheitsberatung.com\/psychologie\/\",\"name\":\"Psychologie\",\"description\":\"Psychologie \u260e Beratung durch Psychologen! Jetzt Gratis-Beratung sichern: \u2714 Diplom Psychologen \u2714 Heilpraktiker f\u00fcr Psychotherapie \u2714 Psychotherapeuten \u2714 Psychologische Berater bei Vistano Psychologie.\",\"potentialAction\":[{\"@type\":\"SearchAction\",\"target\":{\"@type\":\"EntryPoint\",\"urlTemplate\":\"https:\/\/gesundheitsberatung.com\/psychologie\/?s={search_term_string}\"},\"query-input\":{\"@type\":\"PropertyValueSpecification\",\"valueRequired\":true,\"valueName\":\"search_term_string\"}}],\"inLanguage\":\"de\"}]}<\/script>\n<!-- \/ Yoast SEO plugin. -->","yoast_head_json":{"title":"W. Barton &#187; Heilpraktiker f\u00fcr Psychotherapie &#187; Vistano \u260e Beratung","description":"Vistano Heilpraktiker f\u00fcr Psychotherapie &#187; Oft ist unsere Wahrnehmung durch Alltagsstress getr\u00fcbt und wir vergessen auf unser Bauchgef\u00fchl zu h\u00f6ren. Ich m\u00f6chte dich dabei unterst\u00fctzen, das Vertrauen zu dir selbst wieder aufzubauen.","robots":{"index":"index","follow":"follow","max-snippet":"max-snippet:-1","max-image-preview":"max-image-preview:large","max-video-preview":"max-video-preview:-1"},"canonical":"https:\/\/gesundheitsberatung.com\/psychologie\/online-beratung\/heilpraktiker-fuer-psychotherapie\/w-barton\/","og_locale":"de_DE","og_type":"article","og_title":"W. Barton &#187; Heilpraktiker f\u00fcr Psychotherapie &#187; Vistano \u260e Beratung","og_description":"Vistano Heilpraktiker f\u00fcr Psychotherapie &#187; Oft ist unsere Wahrnehmung durch Alltagsstress getr\u00fcbt und wir vergessen auf unser Bauchgef\u00fchl zu h\u00f6ren. Ich m\u00f6chte dich dabei unterst\u00fctzen, das Vertrauen zu dir selbst wieder aufzubauen.","og_url":"https:\/\/gesundheitsberatung.com\/psychologie\/online-beratung\/heilpraktiker-fuer-psychotherapie\/w-barton\/","og_site_name":"Psychologie","article_publisher":"https:\/\/www.facebook.com\/psychologie\/","article_modified_time":"2020-01-22T13:18:17+00:00","og_image":[{"width":700,"height":700,"url":"https:\/\/gesundheitsberatung.com\/psychologie\/wp-content\/uploads\/sites\/2\/w-barton-heilpraktiker-f-r-psychotherapie-vistano-berater-id-5856.jpg","type":"image\/jpeg"}],"twitter_card":"summary_large_image","twitter_site":"@Vistano","schema":{"@context":"https:\/\/schema.org","@graph":[{"@type":"WebPage","@id":"https:\/\/gesundheitsberatung.com\/psychologie\/online-beratung\/heilpraktiker-fuer-psychotherapie\/w-barton\/","url":"https:\/\/gesundheitsberatung.com\/psychologie\/online-beratung\/heilpraktiker-fuer-psychotherapie\/w-barton\/","name":"W. Barton &#187; Heilpraktiker f\u00fcr Psychotherapie &#187; Vistano \u260e Beratung","isPartOf":{"@id":"https:\/\/gesundheitsberatung.com\/psychologie\/#website"},"primaryImageOfPage":{"@id":"https:\/\/gesundheitsberatung.com\/psychologie\/online-beratung\/heilpraktiker-fuer-psychotherapie\/w-barton\/#primaryimage"},"image":{"@id":"https:\/\/gesundheitsberatung.com\/psychologie\/online-beratung\/heilpraktiker-fuer-psychotherapie\/w-barton\/#primaryimage"},"thumbnailUrl":"https:\/\/gesundheitsberatung.com\/psychologie\/wp-content\/uploads\/sites\/2\/w-barton-heilpraktiker-f-r-psychotherapie-vistano-berater-id-5856.jpg","datePublished":"2016-09-29T12:53:24+00:00","dateModified":"2020-01-22T13:18:17+00:00","description":"Vistano Heilpraktiker f\u00fcr Psychotherapie &#187; Oft ist unsere Wahrnehmung durch Alltagsstress getr\u00fcbt und wir vergessen auf unser Bauchgef\u00fchl zu h\u00f6ren. Ich m\u00f6chte dich dabei unterst\u00fctzen, das Vertrauen zu dir selbst wieder aufzubauen.","breadcrumb":{"@id":"https:\/\/gesundheitsberatung.com\/psychologie\/online-beratung\/heilpraktiker-fuer-psychotherapie\/w-barton\/#breadcrumb"},"inLanguage":"de","potentialAction":[{"@type":"ReadAction","target":["https:\/\/gesundheitsberatung.com\/psychologie\/online-beratung\/heilpraktiker-fuer-psychotherapie\/w-barton\/"]}]},{"@type":"ImageObject","inLanguage":"de","@id":"https:\/\/gesundheitsberatung.com\/psychologie\/online-beratung\/heilpraktiker-fuer-psychotherapie\/w-barton\/#primaryimage","url":"https:\/\/gesundheitsberatung.com\/psychologie\/wp-content\/uploads\/sites\/2\/w-barton-heilpraktiker-f-r-psychotherapie-vistano-berater-id-5856.jpg","contentUrl":"https:\/\/gesundheitsberatung.com\/psychologie\/wp-content\/uploads\/sites\/2\/w-barton-heilpraktiker-f-r-psychotherapie-vistano-berater-id-5856.jpg","width":700,"height":700,"caption":"Heilpraktiker f\u00fcr Psychotherapie W. Barton - Berater-ID: 5856"},{"@type":"BreadcrumbList","@id":"https:\/\/gesundheitsberatung.com\/psychologie\/online-beratung\/heilpraktiker-fuer-psychotherapie\/w-barton\/#breadcrumb","itemListElement":[{"@type":"ListItem","position":1,"name":"Home","item":"https:\/\/gesundheitsberatung.com\/psychologie\/"},{"@type":"ListItem","position":2,"name":"Produkte","item":"https:\/\/gesundheitsberatung.com\/psychologie\/shop\/"},{"@type":"ListItem","position":3,"name":"Online Beratung","item":"https:\/\/gesundheitsberatung.com\/psychologie\/online_berater\/online-beratung\/"},{"@type":"ListItem","position":4,"name":"Heilpraktiker f\u00fcr Psychotherapie","item":"https:\/\/gesundheitsberatung.com\/psychologie\/online_berater\/heilpraktiker-fuer-psychotherapie\/"},{"@type":"ListItem","position":5,"name":"W. Barton"}]},{"@type":"WebSite","@id":"https:\/\/gesundheitsberatung.com\/psychologie\/#website","url":"https:\/\/gesundheitsberatung.com\/psychologie\/","name":"Psychologie","description":"Psychologie \u260e Beratung durch Psychologen! Jetzt Gratis-Beratung sichern: \u2714 Diplom Psychologen \u2714 Heilpraktiker f\u00fcr Psychotherapie \u2714 Psychotherapeuten \u2714 Psychologische Berater bei Vistano Psychologie.","potentialAction":[{"@type":"SearchAction","target":{"@type":"EntryPoint","urlTemplate":"https:\/\/gesundheitsberatung.com\/psychologie\/?s={search_term_string}"},"query-input":{"@type":"PropertyValueSpecification","valueRequired":true,"valueName":"search_term_string"}}],"inLanguage":"de"}]}},"_links":{"self":[{"href":"https:\/\/gesundheitsberatung.com\/psychologie\/wp-json\/wp\/v2\/product\/17756","targetHints":{"allow":["GET"]}}],"collection":[{"href":"https:\/\/gesundheitsberatung.com\/psychologie\/wp-json\/wp\/v2\/product"}],"about":[{"href":"https:\/\/gesundheitsberatung.com\/psychologie\/wp-json\/wp\/v2\/types\/product"}],"replies":[{"embeddable":true,"href":"https:\/\/gesundheitsberatung.com\/psychologie\/wp-json\/wp\/v2\/comments?post=17756"}],"wp:featuredmedia":[{"embeddable":true,"href":"https:\/\/gesundheitsberatung.com\/psychologie\/wp-json\/wp\/v2\/media\/23104"}],"wp:attachment":[{"href":"https:\/\/gesundheitsberatung.com\/psychologie\/wp-json\/wp\/v2\/media?parent=17756"}],"wp:term":[{"taxonomy":"product_cat","embeddable":true,"href":"https:\/\/gesundheitsberatung.com\/psychologie\/wp-json\/wp\/v2\/product_cat?post=17756"},{"taxonomy":"product_tag","embeddable":true,"href":"https:\/\/gesundheitsberatung.com\/psychologie\/wp-json\/wp\/v2\/product_tag?post=17756"}],"curies":[{"name":"wp","href":"https:\/\/api.w.org\/{rel}","templated":true}]}}