{"id":17747,"date":"2016-09-29T15:47:22","date_gmt":"2016-09-29T13:47:22","guid":{"rendered":"https:\/\/gesundheitsberatung.com\/psychologie\/?post_type=product&#038;p=17747"},"modified":"2024-11-26T10:43:20","modified_gmt":"2024-11-26T09:43:20","slug":"i-schmidt","status":"publish","type":"product","link":"https:\/\/gesundheitsberatung.com\/psychologie\/online-beratung\/heilpraktiker-fuer-psychotherapie\/i-schmidt\/","title":{"rendered":"I. Schmidt"},"content":{"rendered":"<p>Herzlich Willkommenliebe Anruferin,lieber Anrufer!\u00a0<br \/>\ngerade in Krisenzeiten haben wir eine gro\u00dfe Chance unsere Kraft und unsere verborgenen F\u00e4higkeiten zu entdecken. Ebenso k\u00f6nnen uns unsere n\u00e4chtlichen Tr\u00e4ume, durch Traumsymbole, wichtige Hinweise \u00fcber unsere Lebenssituation und unsere m\u00f6glichen n\u00e4chsten Schritte geben.<br \/>\nGerne begleite und unterst\u00fctze ich Sie bei:<br \/>\n-der Deutung Ihrer Tr\u00e4ume<\/p>\n<p>-Neuorientierung<br \/>\n-Trauer<br \/>\n-Liebeskummer<br \/>\n-Ersch\u00f6pfung<br \/>\n-\u00dcberforderung<\/p>\n<p>-Unruhe und Angst.<br \/>\nIch freue mich auf unser Gespr\u00e4ch!<br \/>\nAlles Liebe, Ihre Isabella Alma<\/p>\n<p><span class=\"display_none\">5803<\/span><\/p>\n","protected":false},"excerpt":{"rendered":"<p>In Lebensherausforderungen, wie Liebeskummer,  Abschied und Neuorientierung, m\u00f6chte ich Ihnen gerne begleitend zur Seite stehen. Auf Wunsch unterst\u00fctze ich Sie bei der Deutung Ihrer Tr\u00e4ume.<\/p>\n","protected":false},"featured_media":23073,"comment_status":"open","ping_status":"closed","template":"","meta":[],"product_cat":[],"product_tag":[],"class_list":["post-17747","product","type-product","status-publish","has-post-thumbnail","hentry","online_berater-heilpraktiker-fuer-psychotherapie"],"yoast_head":"<!-- This site is optimized with the Yoast SEO plugin v26.0 - https:\/\/yoast.com\/wordpress\/plugins\/seo\/ -->\n<title>I. Schmidt &#187; Heilpraktiker f\u00fcr Psychotherapie &#187; Vistano \u260e Beratung<\/title>\n<meta name=\"description\" content=\"Vistano Heilpraktiker f\u00fcr Psychotherapie &#187; In Lebensherausforderungen, wie Liebeskummer, Abschied und Neuorientierung, m\u00f6chte ich Ihnen gerne begleitend zur Seite stehen. Auf Wunsch unterst\u00fctze ich Sie bei der Deutung Ihrer Tr\u00e4ume.\" \/>\n<meta name=\"robots\" content=\"index, follow, max-snippet:-1, max-image-preview:large, max-video-preview:-1\" \/>\n<link rel=\"canonical\" href=\"https:\/\/gesundheitsberatung.com\/psychologie\/online-beratung\/heilpraktiker-fuer-psychotherapie\/i-schmidt\/\" \/>\n<meta property=\"og:locale\" content=\"de_DE\" \/>\n<meta property=\"og:type\" content=\"article\" \/>\n<meta property=\"og:title\" content=\"I. Schmidt &#187; Heilpraktiker f\u00fcr Psychotherapie &#187; Vistano \u260e Beratung\" \/>\n<meta property=\"og:description\" content=\"Vistano Heilpraktiker f\u00fcr Psychotherapie &#187; In Lebensherausforderungen, wie Liebeskummer, Abschied und Neuorientierung, m\u00f6chte ich Ihnen gerne begleitend zur Seite stehen. Auf Wunsch unterst\u00fctze ich Sie bei der Deutung Ihrer Tr\u00e4ume.\" \/>\n<meta property=\"og:url\" content=\"https:\/\/gesundheitsberatung.com\/psychologie\/online-beratung\/heilpraktiker-fuer-psychotherapie\/i-schmidt\/\" \/>\n<meta property=\"og:site_name\" content=\"Psychologie\" \/>\n<meta property=\"article:publisher\" content=\"https:\/\/www.facebook.com\/psychologie\/\" \/>\n<meta property=\"article:modified_time\" content=\"2024-11-26T09:43:20+00:00\" \/>\n<meta property=\"og:image\" content=\"https:\/\/gesundheitsberatung.com\/psychologie\/wp-content\/uploads\/sites\/2\/i-schmidt-heilpraktiker-f-r-psychotherapie-vistano-berater-id-5803.jpg\" \/>\n\t<meta property=\"og:image:width\" content=\"700\" \/>\n\t<meta property=\"og:image:height\" content=\"700\" \/>\n\t<meta property=\"og:image:type\" content=\"image\/jpeg\" \/>\n<meta name=\"twitter:card\" content=\"summary_large_image\" \/>\n<meta name=\"twitter:site\" content=\"@Vistano\" \/>\n<script type=\"application\/ld+json\" class=\"yoast-schema-graph\">{\"@context\":\"https:\/\/schema.org\",\"@graph\":[{\"@type\":\"WebPage\",\"@id\":\"https:\/\/gesundheitsberatung.com\/psychologie\/online-beratung\/heilpraktiker-fuer-psychotherapie\/i-schmidt\/\",\"url\":\"https:\/\/gesundheitsberatung.com\/psychologie\/online-beratung\/heilpraktiker-fuer-psychotherapie\/i-schmidt\/\",\"name\":\"I. Schmidt &#187; Heilpraktiker f\u00fcr Psychotherapie &#187; Vistano \u260e Beratung\",\"isPartOf\":{\"@id\":\"https:\/\/gesundheitsberatung.com\/psychologie\/#website\"},\"primaryImageOfPage\":{\"@id\":\"https:\/\/gesundheitsberatung.com\/psychologie\/online-beratung\/heilpraktiker-fuer-psychotherapie\/i-schmidt\/#primaryimage\"},\"image\":{\"@id\":\"https:\/\/gesundheitsberatung.com\/psychologie\/online-beratung\/heilpraktiker-fuer-psychotherapie\/i-schmidt\/#primaryimage\"},\"thumbnailUrl\":\"https:\/\/gesundheitsberatung.com\/psychologie\/wp-content\/uploads\/sites\/2\/i-schmidt-heilpraktiker-f-r-psychotherapie-vistano-berater-id-5803.jpg\",\"datePublished\":\"2016-09-29T13:47:22+00:00\",\"dateModified\":\"2024-11-26T09:43:20+00:00\",\"description\":\"Vistano Heilpraktiker f\u00fcr Psychotherapie &#187; In Lebensherausforderungen, wie Liebeskummer, Abschied und Neuorientierung, m\u00f6chte ich Ihnen gerne begleitend zur Seite stehen. Auf Wunsch unterst\u00fctze ich Sie bei der Deutung Ihrer Tr\u00e4ume.\",\"breadcrumb\":{\"@id\":\"https:\/\/gesundheitsberatung.com\/psychologie\/online-beratung\/heilpraktiker-fuer-psychotherapie\/i-schmidt\/#breadcrumb\"},\"inLanguage\":\"de\",\"potentialAction\":[{\"@type\":\"ReadAction\",\"target\":[\"https:\/\/gesundheitsberatung.com\/psychologie\/online-beratung\/heilpraktiker-fuer-psychotherapie\/i-schmidt\/\"]}]},{\"@type\":\"ImageObject\",\"inLanguage\":\"de\",\"@id\":\"https:\/\/gesundheitsberatung.com\/psychologie\/online-beratung\/heilpraktiker-fuer-psychotherapie\/i-schmidt\/#primaryimage\",\"url\":\"https:\/\/gesundheitsberatung.com\/psychologie\/wp-content\/uploads\/sites\/2\/i-schmidt-heilpraktiker-f-r-psychotherapie-vistano-berater-id-5803.jpg\",\"contentUrl\":\"https:\/\/gesundheitsberatung.com\/psychologie\/wp-content\/uploads\/sites\/2\/i-schmidt-heilpraktiker-f-r-psychotherapie-vistano-berater-id-5803.jpg\",\"width\":700,\"height\":700,\"caption\":\"Heilpraktiker f\u00fcr Psychotherapie I. Schmidt - Berater-ID: 5803\"},{\"@type\":\"BreadcrumbList\",\"@id\":\"https:\/\/gesundheitsberatung.com\/psychologie\/online-beratung\/heilpraktiker-fuer-psychotherapie\/i-schmidt\/#breadcrumb\",\"itemListElement\":[{\"@type\":\"ListItem\",\"position\":1,\"name\":\"Home\",\"item\":\"https:\/\/gesundheitsberatung.com\/psychologie\/\"},{\"@type\":\"ListItem\",\"position\":2,\"name\":\"Produkte\",\"item\":\"https:\/\/gesundheitsberatung.com\/psychologie\/shop\/\"},{\"@type\":\"ListItem\",\"position\":3,\"name\":\"Online Beratung\",\"item\":\"https:\/\/gesundheitsberatung.com\/psychologie\/online_berater\/online-beratung\/\"},{\"@type\":\"ListItem\",\"position\":4,\"name\":\"Heilpraktiker f\u00fcr Psychotherapie\",\"item\":\"https:\/\/gesundheitsberatung.com\/psychologie\/online_berater\/heilpraktiker-fuer-psychotherapie\/\"},{\"@type\":\"ListItem\",\"position\":5,\"name\":\"I. Schmidt\"}]},{\"@type\":\"WebSite\",\"@id\":\"https:\/\/gesundheitsberatung.com\/psychologie\/#website\",\"url\":\"https:\/\/gesundheitsberatung.com\/psychologie\/\",\"name\":\"Psychologie\",\"description\":\"Psychologie \u260e Beratung durch Psychologen! Jetzt Gratis-Beratung sichern: \u2714 Diplom Psychologen \u2714 Heilpraktiker f\u00fcr Psychotherapie \u2714 Psychotherapeuten \u2714 Psychologische Berater bei Vistano Psychologie.\",\"potentialAction\":[{\"@type\":\"SearchAction\",\"target\":{\"@type\":\"EntryPoint\",\"urlTemplate\":\"https:\/\/gesundheitsberatung.com\/psychologie\/?s={search_term_string}\"},\"query-input\":{\"@type\":\"PropertyValueSpecification\",\"valueRequired\":true,\"valueName\":\"search_term_string\"}}],\"inLanguage\":\"de\"}]}<\/script>\n<!-- \/ Yoast SEO plugin. -->","yoast_head_json":{"title":"I. Schmidt &#187; Heilpraktiker f\u00fcr Psychotherapie &#187; Vistano \u260e Beratung","description":"Vistano Heilpraktiker f\u00fcr Psychotherapie &#187; In Lebensherausforderungen, wie Liebeskummer, Abschied und Neuorientierung, m\u00f6chte ich Ihnen gerne begleitend zur Seite stehen. Auf Wunsch unterst\u00fctze ich Sie bei der Deutung Ihrer Tr\u00e4ume.","robots":{"index":"index","follow":"follow","max-snippet":"max-snippet:-1","max-image-preview":"max-image-preview:large","max-video-preview":"max-video-preview:-1"},"canonical":"https:\/\/gesundheitsberatung.com\/psychologie\/online-beratung\/heilpraktiker-fuer-psychotherapie\/i-schmidt\/","og_locale":"de_DE","og_type":"article","og_title":"I. Schmidt &#187; Heilpraktiker f\u00fcr Psychotherapie &#187; Vistano \u260e Beratung","og_description":"Vistano Heilpraktiker f\u00fcr Psychotherapie &#187; In Lebensherausforderungen, wie Liebeskummer, Abschied und Neuorientierung, m\u00f6chte ich Ihnen gerne begleitend zur Seite stehen. Auf Wunsch unterst\u00fctze ich Sie bei der Deutung Ihrer Tr\u00e4ume.","og_url":"https:\/\/gesundheitsberatung.com\/psychologie\/online-beratung\/heilpraktiker-fuer-psychotherapie\/i-schmidt\/","og_site_name":"Psychologie","article_publisher":"https:\/\/www.facebook.com\/psychologie\/","article_modified_time":"2024-11-26T09:43:20+00:00","og_image":[{"width":700,"height":700,"url":"https:\/\/gesundheitsberatung.com\/psychologie\/wp-content\/uploads\/sites\/2\/i-schmidt-heilpraktiker-f-r-psychotherapie-vistano-berater-id-5803.jpg","type":"image\/jpeg"}],"twitter_card":"summary_large_image","twitter_site":"@Vistano","schema":{"@context":"https:\/\/schema.org","@graph":[{"@type":"WebPage","@id":"https:\/\/gesundheitsberatung.com\/psychologie\/online-beratung\/heilpraktiker-fuer-psychotherapie\/i-schmidt\/","url":"https:\/\/gesundheitsberatung.com\/psychologie\/online-beratung\/heilpraktiker-fuer-psychotherapie\/i-schmidt\/","name":"I. Schmidt &#187; Heilpraktiker f\u00fcr Psychotherapie &#187; Vistano \u260e Beratung","isPartOf":{"@id":"https:\/\/gesundheitsberatung.com\/psychologie\/#website"},"primaryImageOfPage":{"@id":"https:\/\/gesundheitsberatung.com\/psychologie\/online-beratung\/heilpraktiker-fuer-psychotherapie\/i-schmidt\/#primaryimage"},"image":{"@id":"https:\/\/gesundheitsberatung.com\/psychologie\/online-beratung\/heilpraktiker-fuer-psychotherapie\/i-schmidt\/#primaryimage"},"thumbnailUrl":"https:\/\/gesundheitsberatung.com\/psychologie\/wp-content\/uploads\/sites\/2\/i-schmidt-heilpraktiker-f-r-psychotherapie-vistano-berater-id-5803.jpg","datePublished":"2016-09-29T13:47:22+00:00","dateModified":"2024-11-26T09:43:20+00:00","description":"Vistano Heilpraktiker f\u00fcr Psychotherapie &#187; In Lebensherausforderungen, wie Liebeskummer, Abschied und Neuorientierung, m\u00f6chte ich Ihnen gerne begleitend zur Seite stehen. Auf Wunsch unterst\u00fctze ich Sie bei der Deutung Ihrer Tr\u00e4ume.","breadcrumb":{"@id":"https:\/\/gesundheitsberatung.com\/psychologie\/online-beratung\/heilpraktiker-fuer-psychotherapie\/i-schmidt\/#breadcrumb"},"inLanguage":"de","potentialAction":[{"@type":"ReadAction","target":["https:\/\/gesundheitsberatung.com\/psychologie\/online-beratung\/heilpraktiker-fuer-psychotherapie\/i-schmidt\/"]}]},{"@type":"ImageObject","inLanguage":"de","@id":"https:\/\/gesundheitsberatung.com\/psychologie\/online-beratung\/heilpraktiker-fuer-psychotherapie\/i-schmidt\/#primaryimage","url":"https:\/\/gesundheitsberatung.com\/psychologie\/wp-content\/uploads\/sites\/2\/i-schmidt-heilpraktiker-f-r-psychotherapie-vistano-berater-id-5803.jpg","contentUrl":"https:\/\/gesundheitsberatung.com\/psychologie\/wp-content\/uploads\/sites\/2\/i-schmidt-heilpraktiker-f-r-psychotherapie-vistano-berater-id-5803.jpg","width":700,"height":700,"caption":"Heilpraktiker f\u00fcr Psychotherapie I. Schmidt - Berater-ID: 5803"},{"@type":"BreadcrumbList","@id":"https:\/\/gesundheitsberatung.com\/psychologie\/online-beratung\/heilpraktiker-fuer-psychotherapie\/i-schmidt\/#breadcrumb","itemListElement":[{"@type":"ListItem","position":1,"name":"Home","item":"https:\/\/gesundheitsberatung.com\/psychologie\/"},{"@type":"ListItem","position":2,"name":"Produkte","item":"https:\/\/gesundheitsberatung.com\/psychologie\/shop\/"},{"@type":"ListItem","position":3,"name":"Online Beratung","item":"https:\/\/gesundheitsberatung.com\/psychologie\/online_berater\/online-beratung\/"},{"@type":"ListItem","position":4,"name":"Heilpraktiker f\u00fcr Psychotherapie","item":"https:\/\/gesundheitsberatung.com\/psychologie\/online_berater\/heilpraktiker-fuer-psychotherapie\/"},{"@type":"ListItem","position":5,"name":"I. Schmidt"}]},{"@type":"WebSite","@id":"https:\/\/gesundheitsberatung.com\/psychologie\/#website","url":"https:\/\/gesundheitsberatung.com\/psychologie\/","name":"Psychologie","description":"Psychologie \u260e Beratung durch Psychologen! Jetzt Gratis-Beratung sichern: \u2714 Diplom Psychologen \u2714 Heilpraktiker f\u00fcr Psychotherapie \u2714 Psychotherapeuten \u2714 Psychologische Berater bei Vistano Psychologie.","potentialAction":[{"@type":"SearchAction","target":{"@type":"EntryPoint","urlTemplate":"https:\/\/gesundheitsberatung.com\/psychologie\/?s={search_term_string}"},"query-input":{"@type":"PropertyValueSpecification","valueRequired":true,"valueName":"search_term_string"}}],"inLanguage":"de"}]}},"_links":{"self":[{"href":"https:\/\/gesundheitsberatung.com\/psychologie\/wp-json\/wp\/v2\/product\/17747","targetHints":{"allow":["GET"]}}],"collection":[{"href":"https:\/\/gesundheitsberatung.com\/psychologie\/wp-json\/wp\/v2\/product"}],"about":[{"href":"https:\/\/gesundheitsberatung.com\/psychologie\/wp-json\/wp\/v2\/types\/product"}],"replies":[{"embeddable":true,"href":"https:\/\/gesundheitsberatung.com\/psychologie\/wp-json\/wp\/v2\/comments?post=17747"}],"wp:featuredmedia":[{"embeddable":true,"href":"https:\/\/gesundheitsberatung.com\/psychologie\/wp-json\/wp\/v2\/media\/23073"}],"wp:attachment":[{"href":"https:\/\/gesundheitsberatung.com\/psychologie\/wp-json\/wp\/v2\/media?parent=17747"}],"wp:term":[{"taxonomy":"product_cat","embeddable":true,"href":"https:\/\/gesundheitsberatung.com\/psychologie\/wp-json\/wp\/v2\/product_cat?post=17747"},{"taxonomy":"product_tag","embeddable":true,"href":"https:\/\/gesundheitsberatung.com\/psychologie\/wp-json\/wp\/v2\/product_tag?post=17747"}],"curies":[{"name":"wp","href":"https:\/\/api.w.org\/{rel}","templated":true}]}}