{"id":17738,"date":"2016-09-29T20:10:54","date_gmt":"2016-09-29T18:10:54","guid":{"rendered":"https:\/\/gesundheitsberatung.com\/psychologie\/?post_type=product&#038;p=17738"},"modified":"2020-01-22T14:17:35","modified_gmt":"2020-01-22T13:17:35","slug":"a-marahrens","status":"publish","type":"product","link":"https:\/\/gesundheitsberatung.com\/psychologie\/online-beratung\/heilpraktiker-fuer-psychotherapie\/a-marahrens\/","title":{"rendered":"A. Marahrens"},"content":{"rendered":"<p>\u00a0Bitte beachten Sie: Oft au\u00dferhalb der Sprechzeiten erreichbar!Herzlich Willkommen liebe Ratsuchende, lieber Ratsuchender!<br \/>\n Ich freue mich, dass Sie zu mir gefunden haben. Mein Name ist Anette Mara Selina.\u00a0Es ist mir ein Herzensanliegen, Sie aufrichtig, empathisch und mit viel Humor ein St\u00fcck auf Ihrem Weg zu begleiten. <br \/>\n Ich schenke Ihnen ein offenes Ohr und unterst\u00fctze Sie bei Ihren Herausforderungen.<br \/>\n Ich helfe Ihnen, Ihre Probleme und deren Hintergr\u00fcnde besser zu verstehen und neue Sichtweisen zu finden. So, dass zu einem besseren Selbstverst\u00e4ndnis, mehr Lebenssinn und Lebensfreude finden. \u00a0Ich arbeite ziel-&amp; l\u00f6sungsorientiert und unterst\u00fctze Sie darin, Ihren Gef\u00fchlen und Bed\u00fcrfnissen Raum zu geben, neue Handlungsm\u00f6glichkeiten zu erarbeiten und Ihre Ressourcen und St\u00e4rken zu finden. \u00a0Ich stehe Ihnen zur Seite und unterst\u00fctze Sie darin, wieder in Ihre Mitte, Ihre Freiheit, Ihre Selbstst\u00e4ndigkeit und Selbstverantwortung zu kommen. Denn die L\u00f6sung Ihrer Probleme schlummert bereits in Ihnen selbst.\u00a0Ich berate in den Bereichen:<br \/>\n Liebe \/ Partnerschaft,<br \/>\n Arbeit, Beruf,<br \/>\n pers\u00f6nliche Entwicklung.<\/p>\n<p> Ein Anruf kann Ihnen helfen,<br \/>\n bei der Kl\u00e4rung von Konflikten, Situationen &amp; dem sogenannten blinden Fleck, <br \/>\n bei Um- und Neuorientierung, <br \/>\n bei Entscheidungsprozessen, <br \/>\n bei Sinnfragen &amp; seelischen Anliegen, <br \/>\n Unterst\u00fctzung zu finden, um wieder Lebensmut &amp; den Glauben an sich zur\u00fcck zu gewinnen. \u00a0Das kl\u00e4rende Gespr\u00e4ch steht an erster Stelle. Auf Wunsch arbeiten wir auch mit st\u00e4rkenden inneren Bildern und einfachen und kraftvollen Techniken zur Harmonisierung von K\u00f6rper, Seele und Geist. Diese k\u00f6nnen Sie dann auch im Alltag weiter nutzen und so klar auf Ihre Ziele ausgerichtet bleiben.\u00a0Ich freue mich auf Sie!<br \/>\n Ihre Anette Mara Selina\u00a0\u00a0\u00a0<br \/>\nWie erreichen Sie mich? <br \/>\n Grunds\u00e4tzlich k\u00f6nnen Sie k\u00f6nnen zwischen zwei Wegen der Kontaktaufnahme w\u00e4hlen. Per:<br \/>\n E-Mail oder Telefon. \u00a0\u00a0Sollten Sie mich zu den Sprechzeiten nicht anrufen k\u00f6nnen, senden Sie mir einfach eine kostenlose E-Mail und schlagen mir darin Termine vor. Ich melde mich schnellstm\u00f6glich bei Ihnen.   \u00a0M\u00f6gliche Themen:<br \/>\n Lebensbew\u00e4ltigungsschwierigkeiten, Beziehungs- bzw. Partnerschaftsprobleme, Trennungen, Famili\u00e4re Probleme, Einsamkeit, Trauer &amp; Verlust, mangelndes Selbstvertrauen, Selbstzweifel, Traurigkeit, \u00dcberforderung &amp; Stress, Burnout, Hochsensibilit\u00e4t, \u00c4ngste, depressive Verstimmung, Liebeskummer, Krisenbew\u00e4ltigung, Mobbing, Trauma, Ziele f\u00fcr Beruf und privat, Lebenskrisen, Sinnfragen, Selbstfindung.\u00a0Selbstverst\u00e4ndlichk\u00f6nnen Sie sich auch wegen anderer Themen, die hier nicht genannt sind, an mich wenden.\u00a0\u00a0Methoden u.a. :<br \/>\n Gespr\u00e4ch, <br \/>\n ergebnisorientierte Lebensberatung, <br \/>\n Neue Sinnfindung (z.B. im Leben nach der Trennung, K\u00fcndigung, dem Auszug der Kinder) <br \/>\n Systemische Beratung \u00e2\u0080\u0093 Aufstellungsarbeit (Ordnungen der Liebe), <br \/>\n Arbeit mit Affirmationen (Glaubenss\u00e4tze erkennen &#8211; Verhalten \u00e4ndern), Konfliktl\u00f6sungen, <br \/>\n Umgang mit Existenz- Pr\u00fcfungs-, Versagens\u00e4ngsten, <br \/>\n Traumreisen, Meditationen, Entspannungstechniken, <br \/>\n Arbeit mit dem inneren Kind (Wunden heilen), <br \/>\n Wertsch\u00e4tzung und Anerkennung \u00e2\u0080\u0093 (wie gebe ich mir diese selber?)<br \/>\n Eigenreflektion\u00a0 (was brauche ich, was strahle ich aus?)<br \/>\nHandlungskompetenz entwickeln lernen (Ressourcenst\u00e4rkung)\u00a0\u00a0\u00a0\u00a0\u00a0\u00a0\u00a0\u00a0\u00a0\u00a0\u00a0\u00a0\u00a0\u00a0\u00a0 Ich helfe Ihnen, wieder in den Flu\u00df zu kommen und gest\u00e4rkt in den Alltag zur\u00fcck zu kehren<br \/>\n\u00a0<span class=\"display_none\">5773<\/span><\/p>\n","protected":false},"excerpt":{"rendered":"<p>Kompetente Wegbegleitung, l\u00f6sungsorientiertes Coaching, erkenntnisgeleitete Lebensberatung<\/p>\n","protected":false},"featured_media":23029,"comment_status":"open","ping_status":"closed","template":"","meta":[],"product_cat":[],"product_tag":[],"class_list":["post-17738","product","type-product","status-publish","has-post-thumbnail","hentry","online_berater-heilpraktiker-fuer-psychotherapie"],"yoast_head":"<!-- This site is optimized with the Yoast SEO plugin v26.0 - https:\/\/yoast.com\/wordpress\/plugins\/seo\/ -->\n<title>A. Marahrens &#187; Heilpraktiker f\u00fcr Psychotherapie &#187; Vistano \u260e Beratung<\/title>\n<meta name=\"description\" content=\"Vistano Heilpraktiker f\u00fcr Psychotherapie &#187; Kompetente Wegbegleitung, l\u00f6sungsorientiertes Coaching, erkenntnisgeleitete Lebensberatung\" \/>\n<meta name=\"robots\" content=\"index, follow, max-snippet:-1, max-image-preview:large, max-video-preview:-1\" \/>\n<link rel=\"canonical\" href=\"https:\/\/gesundheitsberatung.com\/psychologie\/online-beratung\/heilpraktiker-fuer-psychotherapie\/a-marahrens\/\" \/>\n<meta property=\"og:locale\" content=\"de_DE\" \/>\n<meta property=\"og:type\" content=\"article\" \/>\n<meta property=\"og:title\" content=\"A. Marahrens &#187; Heilpraktiker f\u00fcr Psychotherapie &#187; Vistano \u260e Beratung\" \/>\n<meta property=\"og:description\" content=\"Vistano Heilpraktiker f\u00fcr Psychotherapie &#187; Kompetente Wegbegleitung, l\u00f6sungsorientiertes Coaching, erkenntnisgeleitete Lebensberatung\" \/>\n<meta property=\"og:url\" content=\"https:\/\/gesundheitsberatung.com\/psychologie\/online-beratung\/heilpraktiker-fuer-psychotherapie\/a-marahrens\/\" \/>\n<meta property=\"og:site_name\" content=\"Psychologie\" \/>\n<meta property=\"article:publisher\" content=\"https:\/\/www.facebook.com\/psychologie\/\" \/>\n<meta property=\"article:modified_time\" content=\"2020-01-22T13:17:35+00:00\" \/>\n<meta property=\"og:image\" content=\"https:\/\/gesundheitsberatung.com\/psychologie\/wp-content\/uploads\/sites\/2\/a-marahrens-heilpraktiker-f-r-psychotherapie-vistano-berater-id-5773.jpg\" \/>\n\t<meta property=\"og:image:width\" content=\"700\" \/>\n\t<meta property=\"og:image:height\" content=\"700\" \/>\n\t<meta property=\"og:image:type\" content=\"image\/jpeg\" \/>\n<meta name=\"twitter:card\" content=\"summary_large_image\" \/>\n<meta name=\"twitter:site\" content=\"@Vistano\" \/>\n<script type=\"application\/ld+json\" class=\"yoast-schema-graph\">{\"@context\":\"https:\/\/schema.org\",\"@graph\":[{\"@type\":\"WebPage\",\"@id\":\"https:\/\/gesundheitsberatung.com\/psychologie\/online-beratung\/heilpraktiker-fuer-psychotherapie\/a-marahrens\/\",\"url\":\"https:\/\/gesundheitsberatung.com\/psychologie\/online-beratung\/heilpraktiker-fuer-psychotherapie\/a-marahrens\/\",\"name\":\"A. Marahrens &#187; Heilpraktiker f\u00fcr Psychotherapie &#187; Vistano \u260e Beratung\",\"isPartOf\":{\"@id\":\"https:\/\/gesundheitsberatung.com\/psychologie\/#website\"},\"primaryImageOfPage\":{\"@id\":\"https:\/\/gesundheitsberatung.com\/psychologie\/online-beratung\/heilpraktiker-fuer-psychotherapie\/a-marahrens\/#primaryimage\"},\"image\":{\"@id\":\"https:\/\/gesundheitsberatung.com\/psychologie\/online-beratung\/heilpraktiker-fuer-psychotherapie\/a-marahrens\/#primaryimage\"},\"thumbnailUrl\":\"https:\/\/gesundheitsberatung.com\/psychologie\/wp-content\/uploads\/sites\/2\/a-marahrens-heilpraktiker-f-r-psychotherapie-vistano-berater-id-5773.jpg\",\"datePublished\":\"2016-09-29T18:10:54+00:00\",\"dateModified\":\"2020-01-22T13:17:35+00:00\",\"description\":\"Vistano Heilpraktiker f\u00fcr Psychotherapie &#187; Kompetente Wegbegleitung, l\u00f6sungsorientiertes Coaching, erkenntnisgeleitete Lebensberatung\",\"breadcrumb\":{\"@id\":\"https:\/\/gesundheitsberatung.com\/psychologie\/online-beratung\/heilpraktiker-fuer-psychotherapie\/a-marahrens\/#breadcrumb\"},\"inLanguage\":\"de\",\"potentialAction\":[{\"@type\":\"ReadAction\",\"target\":[\"https:\/\/gesundheitsberatung.com\/psychologie\/online-beratung\/heilpraktiker-fuer-psychotherapie\/a-marahrens\/\"]}]},{\"@type\":\"ImageObject\",\"inLanguage\":\"de\",\"@id\":\"https:\/\/gesundheitsberatung.com\/psychologie\/online-beratung\/heilpraktiker-fuer-psychotherapie\/a-marahrens\/#primaryimage\",\"url\":\"https:\/\/gesundheitsberatung.com\/psychologie\/wp-content\/uploads\/sites\/2\/a-marahrens-heilpraktiker-f-r-psychotherapie-vistano-berater-id-5773.jpg\",\"contentUrl\":\"https:\/\/gesundheitsberatung.com\/psychologie\/wp-content\/uploads\/sites\/2\/a-marahrens-heilpraktiker-f-r-psychotherapie-vistano-berater-id-5773.jpg\",\"width\":700,\"height\":700,\"caption\":\"Heilpraktiker f\u00fcr Psychotherapie A. Marahrens - Berater-ID: 5773\"},{\"@type\":\"BreadcrumbList\",\"@id\":\"https:\/\/gesundheitsberatung.com\/psychologie\/online-beratung\/heilpraktiker-fuer-psychotherapie\/a-marahrens\/#breadcrumb\",\"itemListElement\":[{\"@type\":\"ListItem\",\"position\":1,\"name\":\"Home\",\"item\":\"https:\/\/gesundheitsberatung.com\/psychologie\/\"},{\"@type\":\"ListItem\",\"position\":2,\"name\":\"Produkte\",\"item\":\"https:\/\/gesundheitsberatung.com\/psychologie\/shop\/\"},{\"@type\":\"ListItem\",\"position\":3,\"name\":\"Online Beratung\",\"item\":\"https:\/\/gesundheitsberatung.com\/psychologie\/online_berater\/online-beratung\/\"},{\"@type\":\"ListItem\",\"position\":4,\"name\":\"Heilpraktiker f\u00fcr Psychotherapie\",\"item\":\"https:\/\/gesundheitsberatung.com\/psychologie\/online_berater\/heilpraktiker-fuer-psychotherapie\/\"},{\"@type\":\"ListItem\",\"position\":5,\"name\":\"A. Marahrens\"}]},{\"@type\":\"WebSite\",\"@id\":\"https:\/\/gesundheitsberatung.com\/psychologie\/#website\",\"url\":\"https:\/\/gesundheitsberatung.com\/psychologie\/\",\"name\":\"Psychologie\",\"description\":\"Psychologie \u260e Beratung durch Psychologen! Jetzt Gratis-Beratung sichern: \u2714 Diplom Psychologen \u2714 Heilpraktiker f\u00fcr Psychotherapie \u2714 Psychotherapeuten \u2714 Psychologische Berater bei Vistano Psychologie.\",\"potentialAction\":[{\"@type\":\"SearchAction\",\"target\":{\"@type\":\"EntryPoint\",\"urlTemplate\":\"https:\/\/gesundheitsberatung.com\/psychologie\/?s={search_term_string}\"},\"query-input\":{\"@type\":\"PropertyValueSpecification\",\"valueRequired\":true,\"valueName\":\"search_term_string\"}}],\"inLanguage\":\"de\"}]}<\/script>\n<!-- \/ Yoast SEO plugin. -->","yoast_head_json":{"title":"A. Marahrens &#187; Heilpraktiker f\u00fcr Psychotherapie &#187; Vistano \u260e Beratung","description":"Vistano Heilpraktiker f\u00fcr Psychotherapie &#187; Kompetente Wegbegleitung, l\u00f6sungsorientiertes Coaching, erkenntnisgeleitete Lebensberatung","robots":{"index":"index","follow":"follow","max-snippet":"max-snippet:-1","max-image-preview":"max-image-preview:large","max-video-preview":"max-video-preview:-1"},"canonical":"https:\/\/gesundheitsberatung.com\/psychologie\/online-beratung\/heilpraktiker-fuer-psychotherapie\/a-marahrens\/","og_locale":"de_DE","og_type":"article","og_title":"A. Marahrens &#187; Heilpraktiker f\u00fcr Psychotherapie &#187; Vistano \u260e Beratung","og_description":"Vistano Heilpraktiker f\u00fcr Psychotherapie &#187; Kompetente Wegbegleitung, l\u00f6sungsorientiertes Coaching, erkenntnisgeleitete Lebensberatung","og_url":"https:\/\/gesundheitsberatung.com\/psychologie\/online-beratung\/heilpraktiker-fuer-psychotherapie\/a-marahrens\/","og_site_name":"Psychologie","article_publisher":"https:\/\/www.facebook.com\/psychologie\/","article_modified_time":"2020-01-22T13:17:35+00:00","og_image":[{"width":700,"height":700,"url":"https:\/\/gesundheitsberatung.com\/psychologie\/wp-content\/uploads\/sites\/2\/a-marahrens-heilpraktiker-f-r-psychotherapie-vistano-berater-id-5773.jpg","type":"image\/jpeg"}],"twitter_card":"summary_large_image","twitter_site":"@Vistano","schema":{"@context":"https:\/\/schema.org","@graph":[{"@type":"WebPage","@id":"https:\/\/gesundheitsberatung.com\/psychologie\/online-beratung\/heilpraktiker-fuer-psychotherapie\/a-marahrens\/","url":"https:\/\/gesundheitsberatung.com\/psychologie\/online-beratung\/heilpraktiker-fuer-psychotherapie\/a-marahrens\/","name":"A. Marahrens &#187; Heilpraktiker f\u00fcr Psychotherapie &#187; Vistano \u260e Beratung","isPartOf":{"@id":"https:\/\/gesundheitsberatung.com\/psychologie\/#website"},"primaryImageOfPage":{"@id":"https:\/\/gesundheitsberatung.com\/psychologie\/online-beratung\/heilpraktiker-fuer-psychotherapie\/a-marahrens\/#primaryimage"},"image":{"@id":"https:\/\/gesundheitsberatung.com\/psychologie\/online-beratung\/heilpraktiker-fuer-psychotherapie\/a-marahrens\/#primaryimage"},"thumbnailUrl":"https:\/\/gesundheitsberatung.com\/psychologie\/wp-content\/uploads\/sites\/2\/a-marahrens-heilpraktiker-f-r-psychotherapie-vistano-berater-id-5773.jpg","datePublished":"2016-09-29T18:10:54+00:00","dateModified":"2020-01-22T13:17:35+00:00","description":"Vistano Heilpraktiker f\u00fcr Psychotherapie &#187; Kompetente Wegbegleitung, l\u00f6sungsorientiertes Coaching, erkenntnisgeleitete Lebensberatung","breadcrumb":{"@id":"https:\/\/gesundheitsberatung.com\/psychologie\/online-beratung\/heilpraktiker-fuer-psychotherapie\/a-marahrens\/#breadcrumb"},"inLanguage":"de","potentialAction":[{"@type":"ReadAction","target":["https:\/\/gesundheitsberatung.com\/psychologie\/online-beratung\/heilpraktiker-fuer-psychotherapie\/a-marahrens\/"]}]},{"@type":"ImageObject","inLanguage":"de","@id":"https:\/\/gesundheitsberatung.com\/psychologie\/online-beratung\/heilpraktiker-fuer-psychotherapie\/a-marahrens\/#primaryimage","url":"https:\/\/gesundheitsberatung.com\/psychologie\/wp-content\/uploads\/sites\/2\/a-marahrens-heilpraktiker-f-r-psychotherapie-vistano-berater-id-5773.jpg","contentUrl":"https:\/\/gesundheitsberatung.com\/psychologie\/wp-content\/uploads\/sites\/2\/a-marahrens-heilpraktiker-f-r-psychotherapie-vistano-berater-id-5773.jpg","width":700,"height":700,"caption":"Heilpraktiker f\u00fcr Psychotherapie A. Marahrens - Berater-ID: 5773"},{"@type":"BreadcrumbList","@id":"https:\/\/gesundheitsberatung.com\/psychologie\/online-beratung\/heilpraktiker-fuer-psychotherapie\/a-marahrens\/#breadcrumb","itemListElement":[{"@type":"ListItem","position":1,"name":"Home","item":"https:\/\/gesundheitsberatung.com\/psychologie\/"},{"@type":"ListItem","position":2,"name":"Produkte","item":"https:\/\/gesundheitsberatung.com\/psychologie\/shop\/"},{"@type":"ListItem","position":3,"name":"Online Beratung","item":"https:\/\/gesundheitsberatung.com\/psychologie\/online_berater\/online-beratung\/"},{"@type":"ListItem","position":4,"name":"Heilpraktiker f\u00fcr Psychotherapie","item":"https:\/\/gesundheitsberatung.com\/psychologie\/online_berater\/heilpraktiker-fuer-psychotherapie\/"},{"@type":"ListItem","position":5,"name":"A. Marahrens"}]},{"@type":"WebSite","@id":"https:\/\/gesundheitsberatung.com\/psychologie\/#website","url":"https:\/\/gesundheitsberatung.com\/psychologie\/","name":"Psychologie","description":"Psychologie \u260e Beratung durch Psychologen! Jetzt Gratis-Beratung sichern: \u2714 Diplom Psychologen \u2714 Heilpraktiker f\u00fcr Psychotherapie \u2714 Psychotherapeuten \u2714 Psychologische Berater bei Vistano Psychologie.","potentialAction":[{"@type":"SearchAction","target":{"@type":"EntryPoint","urlTemplate":"https:\/\/gesundheitsberatung.com\/psychologie\/?s={search_term_string}"},"query-input":{"@type":"PropertyValueSpecification","valueRequired":true,"valueName":"search_term_string"}}],"inLanguage":"de"}]}},"_links":{"self":[{"href":"https:\/\/gesundheitsberatung.com\/psychologie\/wp-json\/wp\/v2\/product\/17738","targetHints":{"allow":["GET"]}}],"collection":[{"href":"https:\/\/gesundheitsberatung.com\/psychologie\/wp-json\/wp\/v2\/product"}],"about":[{"href":"https:\/\/gesundheitsberatung.com\/psychologie\/wp-json\/wp\/v2\/types\/product"}],"replies":[{"embeddable":true,"href":"https:\/\/gesundheitsberatung.com\/psychologie\/wp-json\/wp\/v2\/comments?post=17738"}],"wp:featuredmedia":[{"embeddable":true,"href":"https:\/\/gesundheitsberatung.com\/psychologie\/wp-json\/wp\/v2\/media\/23029"}],"wp:attachment":[{"href":"https:\/\/gesundheitsberatung.com\/psychologie\/wp-json\/wp\/v2\/media?parent=17738"}],"wp:term":[{"taxonomy":"product_cat","embeddable":true,"href":"https:\/\/gesundheitsberatung.com\/psychologie\/wp-json\/wp\/v2\/product_cat?post=17738"},{"taxonomy":"product_tag","embeddable":true,"href":"https:\/\/gesundheitsberatung.com\/psychologie\/wp-json\/wp\/v2\/product_tag?post=17738"}],"curies":[{"name":"wp","href":"https:\/\/api.w.org\/{rel}","templated":true}]}}