{"id":17721,"date":"2016-09-29T16:01:50","date_gmt":"2016-09-29T14:01:50","guid":{"rendered":"https:\/\/gesundheitsberatung.com\/psychologie\/?post_type=product&#038;p=17721"},"modified":"2020-01-22T14:17:06","modified_gmt":"2020-01-22T13:17:06","slug":"j-schweissgut","status":"publish","type":"product","link":"https:\/\/gesundheitsberatung.com\/psychologie\/online-beratung\/diplompsychologen-msc-psychologie\/j-schweissgut\/","title":{"rendered":"J. Schwei\u00dfgut"},"content":{"rendered":"<p>\u00a0\u00a0\u00a0\u00a0\u00a0\u00a0\u00a0\u00a0\u00a0\u00a0\u00a0\u00a0\u00a0\u00a0\u00a0\u00a0\u00a0\u00a0\u00a0\u00a0\u00a0 <br \/>\n\u00a0<br \/>\nWillkommen auf meiner pers\u00f6nlichen Seite auf Vistano. <br \/>\nF\u00fcr unsere Zusammenarbeit in der Beratung hier auf Vistano kann ich Ihnen meine Kompetenz als Diplom-Psychologe, mehr als 30 Jahre Berufserfahrung und mehr als 60 Jahre Lebenserfahrung anbieten.<br \/>\nSie k\u00f6nnen mich ansprechen f\u00fcr eine psychologische und systemische Beratung zum Beispiel zu folgenden Themen:<br \/>\n\u00c4ngste, Depressive Verstimmung, Burnout, Ehe\/Beziehung, Erziehungsberatung, Krisenbew\u00e4ltigung, Lebensberatung, Selbstfindung, Sinn und Ziele f\u00fcr Beruf und privat, Trauerbew\u00e4ltigung, Homo- oder Heterosexualit\u00e4t, Sexualberatung, Mobbing, Essst\u00f6rungen, Selbstverletzung, Trauma, Zwang, Sucht, Hilfe f\u00fcr Angeh\u00f6rige von psychisch Kranken. <br \/>\nSelbstverst\u00e4ndlich k\u00f6nnen Sie sich auch wegen anderer Themen, die hier nicht genannt sind, an mich wenden.\u00a0<span class=\"display_none\">5716<\/span><\/p>\n","protected":false},"excerpt":{"rendered":"<p>Am Anfang stehen Ihre Fragen und Probleme, dann finden wir gemeinsam Antworten und L\u00f6sungen &#8211; hin zu mehr Selbstvertrauen, Gelassenheit, Gesundheit und Erfolg.<\/p>\n","protected":false},"featured_media":22937,"comment_status":"open","ping_status":"closed","template":"","meta":[],"product_cat":[],"product_tag":[],"class_list":["post-17721","product","type-product","status-publish","has-post-thumbnail","hentry","online_berater-diplompsychologen-msc-psychologie"],"yoast_head":"<!-- This site is optimized with the Yoast SEO plugin v26.0 - https:\/\/yoast.com\/wordpress\/plugins\/seo\/ -->\n<title>J. Schwei\u00dfgut &#187; Diplompsychologen \/ M.Sc. Psychologie &#187; Vistano \u260e Beratung<\/title>\n<meta name=\"description\" content=\"Vistano Diplompsychologen \/ M.Sc. Psychologie &#187; Am Anfang stehen Ihre Fragen und Probleme, dann finden wir gemeinsam Antworten und L\u00f6sungen - hin zu mehr Selbstvertrauen, Gelassenheit, Gesundheit und Erfolg.\" \/>\n<meta name=\"robots\" content=\"index, follow, max-snippet:-1, max-image-preview:large, max-video-preview:-1\" \/>\n<link rel=\"canonical\" href=\"https:\/\/gesundheitsberatung.com\/psychologie\/online-beratung\/diplompsychologen-msc-psychologie\/j-schweissgut\/\" \/>\n<meta property=\"og:locale\" content=\"de_DE\" \/>\n<meta property=\"og:type\" content=\"article\" \/>\n<meta property=\"og:title\" content=\"J. Schwei\u00dfgut &#187; Diplompsychologen \/ M.Sc. Psychologie &#187; Vistano \u260e Beratung\" \/>\n<meta property=\"og:description\" content=\"Vistano Diplompsychologen \/ M.Sc. Psychologie &#187; Am Anfang stehen Ihre Fragen und Probleme, dann finden wir gemeinsam Antworten und L\u00f6sungen - hin zu mehr Selbstvertrauen, Gelassenheit, Gesundheit und Erfolg.\" \/>\n<meta property=\"og:url\" content=\"https:\/\/gesundheitsberatung.com\/psychologie\/online-beratung\/diplompsychologen-msc-psychologie\/j-schweissgut\/\" \/>\n<meta property=\"og:site_name\" content=\"Psychologie\" \/>\n<meta property=\"article:publisher\" content=\"https:\/\/www.facebook.com\/psychologie\/\" \/>\n<meta property=\"article:modified_time\" content=\"2020-01-22T13:17:06+00:00\" \/>\n<meta property=\"og:image\" content=\"https:\/\/gesundheitsberatung.com\/psychologie\/wp-content\/uploads\/sites\/2\/j-schwei-gut-diplompsychologen-m-sc-psychologie--vistano-berater-id-5716.jpg\" \/>\n\t<meta property=\"og:image:width\" content=\"700\" \/>\n\t<meta property=\"og:image:height\" content=\"700\" \/>\n\t<meta property=\"og:image:type\" content=\"image\/jpeg\" \/>\n<meta name=\"twitter:card\" content=\"summary_large_image\" \/>\n<meta name=\"twitter:site\" content=\"@Vistano\" \/>\n<script type=\"application\/ld+json\" class=\"yoast-schema-graph\">{\"@context\":\"https:\/\/schema.org\",\"@graph\":[{\"@type\":\"WebPage\",\"@id\":\"https:\/\/gesundheitsberatung.com\/psychologie\/online-beratung\/diplompsychologen-msc-psychologie\/j-schweissgut\/\",\"url\":\"https:\/\/gesundheitsberatung.com\/psychologie\/online-beratung\/diplompsychologen-msc-psychologie\/j-schweissgut\/\",\"name\":\"J. Schwei\u00dfgut &#187; Diplompsychologen \/ M.Sc. Psychologie &#187; Vistano \u260e Beratung\",\"isPartOf\":{\"@id\":\"https:\/\/gesundheitsberatung.com\/psychologie\/#website\"},\"primaryImageOfPage\":{\"@id\":\"https:\/\/gesundheitsberatung.com\/psychologie\/online-beratung\/diplompsychologen-msc-psychologie\/j-schweissgut\/#primaryimage\"},\"image\":{\"@id\":\"https:\/\/gesundheitsberatung.com\/psychologie\/online-beratung\/diplompsychologen-msc-psychologie\/j-schweissgut\/#primaryimage\"},\"thumbnailUrl\":\"https:\/\/gesundheitsberatung.com\/psychologie\/wp-content\/uploads\/sites\/2\/j-schwei-gut-diplompsychologen-m-sc-psychologie--vistano-berater-id-5716.jpg\",\"datePublished\":\"2016-09-29T14:01:50+00:00\",\"dateModified\":\"2020-01-22T13:17:06+00:00\",\"description\":\"Vistano Diplompsychologen \/ M.Sc. Psychologie &#187; Am Anfang stehen Ihre Fragen und Probleme, dann finden wir gemeinsam Antworten und L\u00f6sungen - hin zu mehr Selbstvertrauen, Gelassenheit, Gesundheit und Erfolg.\",\"breadcrumb\":{\"@id\":\"https:\/\/gesundheitsberatung.com\/psychologie\/online-beratung\/diplompsychologen-msc-psychologie\/j-schweissgut\/#breadcrumb\"},\"inLanguage\":\"de\",\"potentialAction\":[{\"@type\":\"ReadAction\",\"target\":[\"https:\/\/gesundheitsberatung.com\/psychologie\/online-beratung\/diplompsychologen-msc-psychologie\/j-schweissgut\/\"]}]},{\"@type\":\"ImageObject\",\"inLanguage\":\"de\",\"@id\":\"https:\/\/gesundheitsberatung.com\/psychologie\/online-beratung\/diplompsychologen-msc-psychologie\/j-schweissgut\/#primaryimage\",\"url\":\"https:\/\/gesundheitsberatung.com\/psychologie\/wp-content\/uploads\/sites\/2\/j-schwei-gut-diplompsychologen-m-sc-psychologie--vistano-berater-id-5716.jpg\",\"contentUrl\":\"https:\/\/gesundheitsberatung.com\/psychologie\/wp-content\/uploads\/sites\/2\/j-schwei-gut-diplompsychologen-m-sc-psychologie--vistano-berater-id-5716.jpg\",\"width\":700,\"height\":700,\"caption\":\"Diplompsychologen \/ M. Sc. Psychologie J. Schwei\u00dfgut - Berater-ID: 5716\"},{\"@type\":\"BreadcrumbList\",\"@id\":\"https:\/\/gesundheitsberatung.com\/psychologie\/online-beratung\/diplompsychologen-msc-psychologie\/j-schweissgut\/#breadcrumb\",\"itemListElement\":[{\"@type\":\"ListItem\",\"position\":1,\"name\":\"Home\",\"item\":\"https:\/\/gesundheitsberatung.com\/psychologie\/\"},{\"@type\":\"ListItem\",\"position\":2,\"name\":\"Produkte\",\"item\":\"https:\/\/gesundheitsberatung.com\/psychologie\/shop\/\"},{\"@type\":\"ListItem\",\"position\":3,\"name\":\"Online Beratung\",\"item\":\"https:\/\/gesundheitsberatung.com\/psychologie\/online_berater\/online-beratung\/\"},{\"@type\":\"ListItem\",\"position\":4,\"name\":\"Diplompsychologen \/ M.Sc. Psychologie\",\"item\":\"https:\/\/gesundheitsberatung.com\/psychologie\/online_berater\/diplompsychologen-msc-psychologie\/\"},{\"@type\":\"ListItem\",\"position\":5,\"name\":\"J. Schwei\u00dfgut\"}]},{\"@type\":\"WebSite\",\"@id\":\"https:\/\/gesundheitsberatung.com\/psychologie\/#website\",\"url\":\"https:\/\/gesundheitsberatung.com\/psychologie\/\",\"name\":\"Psychologie\",\"description\":\"Psychologie \u260e Beratung durch Psychologen! Jetzt Gratis-Beratung sichern: \u2714 Diplom Psychologen \u2714 Heilpraktiker f\u00fcr Psychotherapie \u2714 Psychotherapeuten \u2714 Psychologische Berater bei Vistano Psychologie.\",\"potentialAction\":[{\"@type\":\"SearchAction\",\"target\":{\"@type\":\"EntryPoint\",\"urlTemplate\":\"https:\/\/gesundheitsberatung.com\/psychologie\/?s={search_term_string}\"},\"query-input\":{\"@type\":\"PropertyValueSpecification\",\"valueRequired\":true,\"valueName\":\"search_term_string\"}}],\"inLanguage\":\"de\"}]}<\/script>\n<!-- \/ Yoast SEO plugin. -->","yoast_head_json":{"title":"J. Schwei\u00dfgut &#187; Diplompsychologen \/ M.Sc. Psychologie &#187; Vistano \u260e Beratung","description":"Vistano Diplompsychologen \/ M.Sc. Psychologie &#187; Am Anfang stehen Ihre Fragen und Probleme, dann finden wir gemeinsam Antworten und L\u00f6sungen - hin zu mehr Selbstvertrauen, Gelassenheit, Gesundheit und Erfolg.","robots":{"index":"index","follow":"follow","max-snippet":"max-snippet:-1","max-image-preview":"max-image-preview:large","max-video-preview":"max-video-preview:-1"},"canonical":"https:\/\/gesundheitsberatung.com\/psychologie\/online-beratung\/diplompsychologen-msc-psychologie\/j-schweissgut\/","og_locale":"de_DE","og_type":"article","og_title":"J. Schwei\u00dfgut &#187; Diplompsychologen \/ M.Sc. Psychologie &#187; Vistano \u260e Beratung","og_description":"Vistano Diplompsychologen \/ M.Sc. Psychologie &#187; Am Anfang stehen Ihre Fragen und Probleme, dann finden wir gemeinsam Antworten und L\u00f6sungen - hin zu mehr Selbstvertrauen, Gelassenheit, Gesundheit und Erfolg.","og_url":"https:\/\/gesundheitsberatung.com\/psychologie\/online-beratung\/diplompsychologen-msc-psychologie\/j-schweissgut\/","og_site_name":"Psychologie","article_publisher":"https:\/\/www.facebook.com\/psychologie\/","article_modified_time":"2020-01-22T13:17:06+00:00","og_image":[{"width":700,"height":700,"url":"https:\/\/gesundheitsberatung.com\/psychologie\/wp-content\/uploads\/sites\/2\/j-schwei-gut-diplompsychologen-m-sc-psychologie--vistano-berater-id-5716.jpg","type":"image\/jpeg"}],"twitter_card":"summary_large_image","twitter_site":"@Vistano","schema":{"@context":"https:\/\/schema.org","@graph":[{"@type":"WebPage","@id":"https:\/\/gesundheitsberatung.com\/psychologie\/online-beratung\/diplompsychologen-msc-psychologie\/j-schweissgut\/","url":"https:\/\/gesundheitsberatung.com\/psychologie\/online-beratung\/diplompsychologen-msc-psychologie\/j-schweissgut\/","name":"J. Schwei\u00dfgut &#187; Diplompsychologen \/ M.Sc. Psychologie &#187; Vistano \u260e Beratung","isPartOf":{"@id":"https:\/\/gesundheitsberatung.com\/psychologie\/#website"},"primaryImageOfPage":{"@id":"https:\/\/gesundheitsberatung.com\/psychologie\/online-beratung\/diplompsychologen-msc-psychologie\/j-schweissgut\/#primaryimage"},"image":{"@id":"https:\/\/gesundheitsberatung.com\/psychologie\/online-beratung\/diplompsychologen-msc-psychologie\/j-schweissgut\/#primaryimage"},"thumbnailUrl":"https:\/\/gesundheitsberatung.com\/psychologie\/wp-content\/uploads\/sites\/2\/j-schwei-gut-diplompsychologen-m-sc-psychologie--vistano-berater-id-5716.jpg","datePublished":"2016-09-29T14:01:50+00:00","dateModified":"2020-01-22T13:17:06+00:00","description":"Vistano Diplompsychologen \/ M.Sc. Psychologie &#187; Am Anfang stehen Ihre Fragen und Probleme, dann finden wir gemeinsam Antworten und L\u00f6sungen - hin zu mehr Selbstvertrauen, Gelassenheit, Gesundheit und Erfolg.","breadcrumb":{"@id":"https:\/\/gesundheitsberatung.com\/psychologie\/online-beratung\/diplompsychologen-msc-psychologie\/j-schweissgut\/#breadcrumb"},"inLanguage":"de","potentialAction":[{"@type":"ReadAction","target":["https:\/\/gesundheitsberatung.com\/psychologie\/online-beratung\/diplompsychologen-msc-psychologie\/j-schweissgut\/"]}]},{"@type":"ImageObject","inLanguage":"de","@id":"https:\/\/gesundheitsberatung.com\/psychologie\/online-beratung\/diplompsychologen-msc-psychologie\/j-schweissgut\/#primaryimage","url":"https:\/\/gesundheitsberatung.com\/psychologie\/wp-content\/uploads\/sites\/2\/j-schwei-gut-diplompsychologen-m-sc-psychologie--vistano-berater-id-5716.jpg","contentUrl":"https:\/\/gesundheitsberatung.com\/psychologie\/wp-content\/uploads\/sites\/2\/j-schwei-gut-diplompsychologen-m-sc-psychologie--vistano-berater-id-5716.jpg","width":700,"height":700,"caption":"Diplompsychologen \/ M. Sc. Psychologie J. Schwei\u00dfgut - Berater-ID: 5716"},{"@type":"BreadcrumbList","@id":"https:\/\/gesundheitsberatung.com\/psychologie\/online-beratung\/diplompsychologen-msc-psychologie\/j-schweissgut\/#breadcrumb","itemListElement":[{"@type":"ListItem","position":1,"name":"Home","item":"https:\/\/gesundheitsberatung.com\/psychologie\/"},{"@type":"ListItem","position":2,"name":"Produkte","item":"https:\/\/gesundheitsberatung.com\/psychologie\/shop\/"},{"@type":"ListItem","position":3,"name":"Online Beratung","item":"https:\/\/gesundheitsberatung.com\/psychologie\/online_berater\/online-beratung\/"},{"@type":"ListItem","position":4,"name":"Diplompsychologen \/ M.Sc. Psychologie","item":"https:\/\/gesundheitsberatung.com\/psychologie\/online_berater\/diplompsychologen-msc-psychologie\/"},{"@type":"ListItem","position":5,"name":"J. Schwei\u00dfgut"}]},{"@type":"WebSite","@id":"https:\/\/gesundheitsberatung.com\/psychologie\/#website","url":"https:\/\/gesundheitsberatung.com\/psychologie\/","name":"Psychologie","description":"Psychologie \u260e Beratung durch Psychologen! Jetzt Gratis-Beratung sichern: \u2714 Diplom Psychologen \u2714 Heilpraktiker f\u00fcr Psychotherapie \u2714 Psychotherapeuten \u2714 Psychologische Berater bei Vistano Psychologie.","potentialAction":[{"@type":"SearchAction","target":{"@type":"EntryPoint","urlTemplate":"https:\/\/gesundheitsberatung.com\/psychologie\/?s={search_term_string}"},"query-input":{"@type":"PropertyValueSpecification","valueRequired":true,"valueName":"search_term_string"}}],"inLanguage":"de"}]}},"_links":{"self":[{"href":"https:\/\/gesundheitsberatung.com\/psychologie\/wp-json\/wp\/v2\/product\/17721","targetHints":{"allow":["GET"]}}],"collection":[{"href":"https:\/\/gesundheitsberatung.com\/psychologie\/wp-json\/wp\/v2\/product"}],"about":[{"href":"https:\/\/gesundheitsberatung.com\/psychologie\/wp-json\/wp\/v2\/types\/product"}],"replies":[{"embeddable":true,"href":"https:\/\/gesundheitsberatung.com\/psychologie\/wp-json\/wp\/v2\/comments?post=17721"}],"wp:featuredmedia":[{"embeddable":true,"href":"https:\/\/gesundheitsberatung.com\/psychologie\/wp-json\/wp\/v2\/media\/22937"}],"wp:attachment":[{"href":"https:\/\/gesundheitsberatung.com\/psychologie\/wp-json\/wp\/v2\/media?parent=17721"}],"wp:term":[{"taxonomy":"product_cat","embeddable":true,"href":"https:\/\/gesundheitsberatung.com\/psychologie\/wp-json\/wp\/v2\/product_cat?post=17721"},{"taxonomy":"product_tag","embeddable":true,"href":"https:\/\/gesundheitsberatung.com\/psychologie\/wp-json\/wp\/v2\/product_tag?post=17721"}],"curies":[{"name":"wp","href":"https:\/\/api.w.org\/{rel}","templated":true}]}}