{"id":17718,"date":"2016-09-29T22:46:09","date_gmt":"2016-09-29T20:46:09","guid":{"rendered":"https:\/\/gesundheitsberatung.com\/psychologie\/?post_type=product&#038;p=17718"},"modified":"2025-11-28T23:00:06","modified_gmt":"2025-11-28T22:00:06","slug":"u-dietze","status":"publish","type":"product","link":"https:\/\/gesundheitsberatung.com\/psychologie\/online-beratung\/heilpraktiker-fuer-psychotherapie\/u-dietze\/","title":{"rendered":"U. Dietze"},"content":{"rendered":"<p>Herzlich willkommen, ich freue mich, dass wir uns hier begegnen. Mein Name ist Uschi und mit viel Berufs- und Lebenserfahrung begleite ich Menschen gerne auf ihrem ganz pers\u00f6nlichen Weg. Am liebsten zu ihrem h\u00f6chsten Gl\u00fcck. Dabei steht die Wertsch\u00e4tzung f\u00fcr das, was gerade da ist, stets im Vordergrund.<\/p>\n<p>Jeder Mensch sucht, mehr oder weniger sein ganzes Leben, nach Gl\u00fcck. Alle Entscheidungen, die wir treffen, beruhen auf dieser Suche und der Hoffnung, das Gl\u00fcck damit zu finden.<br \/>\nOft haben wir das Gef\u00fchl, Gl\u00fcck sei Zufall.<br \/>\nDabei haben wir es voll und ganz selbst in der Hand, zu einem gl\u00fccklichen Menschen zu werden.<br \/>\nAuf der Reise dorthin begleite ich Menschen mit meinen breit gef\u00e4cherten psychologischen Ausbildungen und einer spirituellen Ausrichtung.<br \/>\nNeue Erkenntnisse aus der Epigenetik oder der Quantenphysik flie\u00dfen auch in meine Beratungen ein.<br \/>\nDas Ziel ist Wohlstand auf allen Ebenen, spirituell, gesundheitlich, finanziell, beruflich,  in Beziehungen, im Wachstum, in der Verwirklichung.<\/p>\n<p>Wer sein Gl\u00fcck in die Hand nehmen und sein Leben nicht mehr von den Pr\u00e4gungen und Programmierungen aus der Vergangenheit gestalten lassen, sondern seine Zukunft selbst gestalten m\u00f6chte, ist bei mir richtig.<\/p>\n<p>Probleme und Krisen sind dabei ein Hinweis darauf, dass jetzt der richtige Zeitpunkt f\u00fcr Ver\u00e4nderung ist.<\/p>\n<p>Ich freue mich auf unser Gespr\u00e4ch und die spannende Reise.<\/p>\n<p>Uschi<br \/>\n<span class=\"display_none\">5708<\/span><\/p>\n","protected":false},"excerpt":{"rendered":"<p>Gl\u00fcck ist Hauptsache, denn es entsteht im Kopf. Es ist kein Geschenk der G\u00f6tter oder des Zufalls, sondern das Ergebnis unserer inneren Einstellung.<\/p>\n","protected":false},"featured_media":381362,"comment_status":"open","ping_status":"closed","template":"","meta":[],"product_cat":[],"product_tag":[],"class_list":["post-17718","product","type-product","status-publish","has-post-thumbnail","hentry","online_berater-heilpraktiker-fuer-psychotherapie"],"yoast_head":"<!-- This site is optimized with the Yoast SEO plugin v26.0 - https:\/\/yoast.com\/wordpress\/plugins\/seo\/ -->\n<title>U. Dietze &#187; Heilpraktiker f\u00fcr Psychotherapie &#187; Vistano \u260e Beratung<\/title>\n<meta name=\"description\" content=\"Vistano Heilpraktiker f\u00fcr Psychotherapie &#187; Gl\u00fcck ist Hauptsache, denn es entsteht im Kopf. Es ist kein Geschenk der G\u00f6tter oder des Zufalls, sondern das Ergebnis unserer inneren Einstellung.\" \/>\n<meta name=\"robots\" content=\"index, follow, max-snippet:-1, max-image-preview:large, max-video-preview:-1\" \/>\n<link rel=\"canonical\" href=\"https:\/\/gesundheitsberatung.com\/psychologie\/online-beratung\/heilpraktiker-fuer-psychotherapie\/u-dietze\/\" \/>\n<meta property=\"og:locale\" content=\"de_DE\" \/>\n<meta property=\"og:type\" content=\"article\" \/>\n<meta property=\"og:title\" content=\"U. Dietze &#187; Heilpraktiker f\u00fcr Psychotherapie &#187; Vistano \u260e Beratung\" \/>\n<meta property=\"og:description\" content=\"Vistano Heilpraktiker f\u00fcr Psychotherapie &#187; Gl\u00fcck ist Hauptsache, denn es entsteht im Kopf. Es ist kein Geschenk der G\u00f6tter oder des Zufalls, sondern das Ergebnis unserer inneren Einstellung.\" \/>\n<meta property=\"og:url\" content=\"https:\/\/gesundheitsberatung.com\/psychologie\/online-beratung\/heilpraktiker-fuer-psychotherapie\/u-dietze\/\" \/>\n<meta property=\"og:site_name\" content=\"Psychologie\" \/>\n<meta property=\"article:publisher\" content=\"https:\/\/www.facebook.com\/psychologie\/\" \/>\n<meta property=\"article:modified_time\" content=\"2025-11-28T22:00:06+00:00\" \/>\n<meta property=\"og:image\" content=\"https:\/\/gesundheitsberatung.com\/psychologie\/wp-content\/uploads\/sites\/2\/u-dietze-heilpraktiker-f-r-psychotherapie-vistano-berater-id-5708.jpg\" \/>\n\t<meta property=\"og:image:width\" content=\"700\" \/>\n\t<meta property=\"og:image:height\" content=\"700\" \/>\n\t<meta property=\"og:image:type\" content=\"image\/jpeg\" \/>\n<meta name=\"twitter:card\" content=\"summary_large_image\" \/>\n<meta name=\"twitter:site\" content=\"@Vistano\" \/>\n<script type=\"application\/ld+json\" class=\"yoast-schema-graph\">{\"@context\":\"https:\/\/schema.org\",\"@graph\":[{\"@type\":\"WebPage\",\"@id\":\"https:\/\/gesundheitsberatung.com\/psychologie\/online-beratung\/heilpraktiker-fuer-psychotherapie\/u-dietze\/\",\"url\":\"https:\/\/gesundheitsberatung.com\/psychologie\/online-beratung\/heilpraktiker-fuer-psychotherapie\/u-dietze\/\",\"name\":\"U. Dietze &#187; Heilpraktiker f\u00fcr Psychotherapie &#187; Vistano \u260e Beratung\",\"isPartOf\":{\"@id\":\"https:\/\/gesundheitsberatung.com\/psychologie\/#website\"},\"primaryImageOfPage\":{\"@id\":\"https:\/\/gesundheitsberatung.com\/psychologie\/online-beratung\/heilpraktiker-fuer-psychotherapie\/u-dietze\/#primaryimage\"},\"image\":{\"@id\":\"https:\/\/gesundheitsberatung.com\/psychologie\/online-beratung\/heilpraktiker-fuer-psychotherapie\/u-dietze\/#primaryimage\"},\"thumbnailUrl\":\"https:\/\/gesundheitsberatung.com\/psychologie\/wp-content\/uploads\/sites\/2\/u-dietze-heilpraktiker-f-r-psychotherapie-vistano-berater-id-5708.jpg\",\"datePublished\":\"2016-09-29T20:46:09+00:00\",\"dateModified\":\"2025-11-28T22:00:06+00:00\",\"description\":\"Vistano Heilpraktiker f\u00fcr Psychotherapie &#187; Gl\u00fcck ist Hauptsache, denn es entsteht im Kopf. Es ist kein Geschenk der G\u00f6tter oder des Zufalls, sondern das Ergebnis unserer inneren Einstellung.\",\"breadcrumb\":{\"@id\":\"https:\/\/gesundheitsberatung.com\/psychologie\/online-beratung\/heilpraktiker-fuer-psychotherapie\/u-dietze\/#breadcrumb\"},\"inLanguage\":\"de\",\"potentialAction\":[{\"@type\":\"ReadAction\",\"target\":[\"https:\/\/gesundheitsberatung.com\/psychologie\/online-beratung\/heilpraktiker-fuer-psychotherapie\/u-dietze\/\"]}]},{\"@type\":\"ImageObject\",\"inLanguage\":\"de\",\"@id\":\"https:\/\/gesundheitsberatung.com\/psychologie\/online-beratung\/heilpraktiker-fuer-psychotherapie\/u-dietze\/#primaryimage\",\"url\":\"https:\/\/gesundheitsberatung.com\/psychologie\/wp-content\/uploads\/sites\/2\/u-dietze-heilpraktiker-f-r-psychotherapie-vistano-berater-id-5708.jpg\",\"contentUrl\":\"https:\/\/gesundheitsberatung.com\/psychologie\/wp-content\/uploads\/sites\/2\/u-dietze-heilpraktiker-f-r-psychotherapie-vistano-berater-id-5708.jpg\",\"width\":2345,\"height\":2345,\"caption\":\"Heilpraktiker f\u00fcr Psychotherapie U. Dietze - Berater-ID: 5708\"},{\"@type\":\"BreadcrumbList\",\"@id\":\"https:\/\/gesundheitsberatung.com\/psychologie\/online-beratung\/heilpraktiker-fuer-psychotherapie\/u-dietze\/#breadcrumb\",\"itemListElement\":[{\"@type\":\"ListItem\",\"position\":1,\"name\":\"Home\",\"item\":\"https:\/\/gesundheitsberatung.com\/psychologie\/\"},{\"@type\":\"ListItem\",\"position\":2,\"name\":\"Produkte\",\"item\":\"https:\/\/gesundheitsberatung.com\/psychologie\/shop\/\"},{\"@type\":\"ListItem\",\"position\":3,\"name\":\"Online Beratung\",\"item\":\"https:\/\/gesundheitsberatung.com\/psychologie\/online_berater\/online-beratung\/\"},{\"@type\":\"ListItem\",\"position\":4,\"name\":\"Heilpraktiker f\u00fcr Psychotherapie\",\"item\":\"https:\/\/gesundheitsberatung.com\/psychologie\/online_berater\/heilpraktiker-fuer-psychotherapie\/\"},{\"@type\":\"ListItem\",\"position\":5,\"name\":\"U. Dietze\"}]},{\"@type\":\"WebSite\",\"@id\":\"https:\/\/gesundheitsberatung.com\/psychologie\/#website\",\"url\":\"https:\/\/gesundheitsberatung.com\/psychologie\/\",\"name\":\"Psychologie\",\"description\":\"Psychologie \u260e Beratung durch Psychologen! Jetzt Gratis-Beratung sichern: \u2714 Diplom Psychologen \u2714 Heilpraktiker f\u00fcr Psychotherapie \u2714 Psychotherapeuten \u2714 Psychologische Berater bei Vistano Psychologie.\",\"potentialAction\":[{\"@type\":\"SearchAction\",\"target\":{\"@type\":\"EntryPoint\",\"urlTemplate\":\"https:\/\/gesundheitsberatung.com\/psychologie\/?s={search_term_string}\"},\"query-input\":{\"@type\":\"PropertyValueSpecification\",\"valueRequired\":true,\"valueName\":\"search_term_string\"}}],\"inLanguage\":\"de\"}]}<\/script>\n<!-- \/ Yoast SEO plugin. -->","yoast_head_json":{"title":"U. Dietze &#187; Heilpraktiker f\u00fcr Psychotherapie &#187; Vistano \u260e Beratung","description":"Vistano Heilpraktiker f\u00fcr Psychotherapie &#187; Gl\u00fcck ist Hauptsache, denn es entsteht im Kopf. Es ist kein Geschenk der G\u00f6tter oder des Zufalls, sondern das Ergebnis unserer inneren Einstellung.","robots":{"index":"index","follow":"follow","max-snippet":"max-snippet:-1","max-image-preview":"max-image-preview:large","max-video-preview":"max-video-preview:-1"},"canonical":"https:\/\/gesundheitsberatung.com\/psychologie\/online-beratung\/heilpraktiker-fuer-psychotherapie\/u-dietze\/","og_locale":"de_DE","og_type":"article","og_title":"U. Dietze &#187; Heilpraktiker f\u00fcr Psychotherapie &#187; Vistano \u260e Beratung","og_description":"Vistano Heilpraktiker f\u00fcr Psychotherapie &#187; Gl\u00fcck ist Hauptsache, denn es entsteht im Kopf. Es ist kein Geschenk der G\u00f6tter oder des Zufalls, sondern das Ergebnis unserer inneren Einstellung.","og_url":"https:\/\/gesundheitsberatung.com\/psychologie\/online-beratung\/heilpraktiker-fuer-psychotherapie\/u-dietze\/","og_site_name":"Psychologie","article_publisher":"https:\/\/www.facebook.com\/psychologie\/","article_modified_time":"2025-11-28T22:00:06+00:00","og_image":[{"width":700,"height":700,"url":"https:\/\/gesundheitsberatung.com\/psychologie\/wp-content\/uploads\/sites\/2\/u-dietze-heilpraktiker-f-r-psychotherapie-vistano-berater-id-5708.jpg","type":"image\/jpeg"}],"twitter_card":"summary_large_image","twitter_site":"@Vistano","schema":{"@context":"https:\/\/schema.org","@graph":[{"@type":"WebPage","@id":"https:\/\/gesundheitsberatung.com\/psychologie\/online-beratung\/heilpraktiker-fuer-psychotherapie\/u-dietze\/","url":"https:\/\/gesundheitsberatung.com\/psychologie\/online-beratung\/heilpraktiker-fuer-psychotherapie\/u-dietze\/","name":"U. Dietze &#187; Heilpraktiker f\u00fcr Psychotherapie &#187; Vistano \u260e Beratung","isPartOf":{"@id":"https:\/\/gesundheitsberatung.com\/psychologie\/#website"},"primaryImageOfPage":{"@id":"https:\/\/gesundheitsberatung.com\/psychologie\/online-beratung\/heilpraktiker-fuer-psychotherapie\/u-dietze\/#primaryimage"},"image":{"@id":"https:\/\/gesundheitsberatung.com\/psychologie\/online-beratung\/heilpraktiker-fuer-psychotherapie\/u-dietze\/#primaryimage"},"thumbnailUrl":"https:\/\/gesundheitsberatung.com\/psychologie\/wp-content\/uploads\/sites\/2\/u-dietze-heilpraktiker-f-r-psychotherapie-vistano-berater-id-5708.jpg","datePublished":"2016-09-29T20:46:09+00:00","dateModified":"2025-11-28T22:00:06+00:00","description":"Vistano Heilpraktiker f\u00fcr Psychotherapie &#187; Gl\u00fcck ist Hauptsache, denn es entsteht im Kopf. Es ist kein Geschenk der G\u00f6tter oder des Zufalls, sondern das Ergebnis unserer inneren Einstellung.","breadcrumb":{"@id":"https:\/\/gesundheitsberatung.com\/psychologie\/online-beratung\/heilpraktiker-fuer-psychotherapie\/u-dietze\/#breadcrumb"},"inLanguage":"de","potentialAction":[{"@type":"ReadAction","target":["https:\/\/gesundheitsberatung.com\/psychologie\/online-beratung\/heilpraktiker-fuer-psychotherapie\/u-dietze\/"]}]},{"@type":"ImageObject","inLanguage":"de","@id":"https:\/\/gesundheitsberatung.com\/psychologie\/online-beratung\/heilpraktiker-fuer-psychotherapie\/u-dietze\/#primaryimage","url":"https:\/\/gesundheitsberatung.com\/psychologie\/wp-content\/uploads\/sites\/2\/u-dietze-heilpraktiker-f-r-psychotherapie-vistano-berater-id-5708.jpg","contentUrl":"https:\/\/gesundheitsberatung.com\/psychologie\/wp-content\/uploads\/sites\/2\/u-dietze-heilpraktiker-f-r-psychotherapie-vistano-berater-id-5708.jpg","width":2345,"height":2345,"caption":"Heilpraktiker f\u00fcr Psychotherapie U. Dietze - Berater-ID: 5708"},{"@type":"BreadcrumbList","@id":"https:\/\/gesundheitsberatung.com\/psychologie\/online-beratung\/heilpraktiker-fuer-psychotherapie\/u-dietze\/#breadcrumb","itemListElement":[{"@type":"ListItem","position":1,"name":"Home","item":"https:\/\/gesundheitsberatung.com\/psychologie\/"},{"@type":"ListItem","position":2,"name":"Produkte","item":"https:\/\/gesundheitsberatung.com\/psychologie\/shop\/"},{"@type":"ListItem","position":3,"name":"Online Beratung","item":"https:\/\/gesundheitsberatung.com\/psychologie\/online_berater\/online-beratung\/"},{"@type":"ListItem","position":4,"name":"Heilpraktiker f\u00fcr Psychotherapie","item":"https:\/\/gesundheitsberatung.com\/psychologie\/online_berater\/heilpraktiker-fuer-psychotherapie\/"},{"@type":"ListItem","position":5,"name":"U. Dietze"}]},{"@type":"WebSite","@id":"https:\/\/gesundheitsberatung.com\/psychologie\/#website","url":"https:\/\/gesundheitsberatung.com\/psychologie\/","name":"Psychologie","description":"Psychologie \u260e Beratung durch Psychologen! Jetzt Gratis-Beratung sichern: \u2714 Diplom Psychologen \u2714 Heilpraktiker f\u00fcr Psychotherapie \u2714 Psychotherapeuten \u2714 Psychologische Berater bei Vistano Psychologie.","potentialAction":[{"@type":"SearchAction","target":{"@type":"EntryPoint","urlTemplate":"https:\/\/gesundheitsberatung.com\/psychologie\/?s={search_term_string}"},"query-input":{"@type":"PropertyValueSpecification","valueRequired":true,"valueName":"search_term_string"}}],"inLanguage":"de"}]}},"_links":{"self":[{"href":"https:\/\/gesundheitsberatung.com\/psychologie\/wp-json\/wp\/v2\/product\/17718","targetHints":{"allow":["GET"]}}],"collection":[{"href":"https:\/\/gesundheitsberatung.com\/psychologie\/wp-json\/wp\/v2\/product"}],"about":[{"href":"https:\/\/gesundheitsberatung.com\/psychologie\/wp-json\/wp\/v2\/types\/product"}],"replies":[{"embeddable":true,"href":"https:\/\/gesundheitsberatung.com\/psychologie\/wp-json\/wp\/v2\/comments?post=17718"}],"wp:featuredmedia":[{"embeddable":true,"href":"https:\/\/gesundheitsberatung.com\/psychologie\/wp-json\/wp\/v2\/media\/381362"}],"wp:attachment":[{"href":"https:\/\/gesundheitsberatung.com\/psychologie\/wp-json\/wp\/v2\/media?parent=17718"}],"wp:term":[{"taxonomy":"product_cat","embeddable":true,"href":"https:\/\/gesundheitsberatung.com\/psychologie\/wp-json\/wp\/v2\/product_cat?post=17718"},{"taxonomy":"product_tag","embeddable":true,"href":"https:\/\/gesundheitsberatung.com\/psychologie\/wp-json\/wp\/v2\/product_tag?post=17718"}],"curies":[{"name":"wp","href":"https:\/\/api.w.org\/{rel}","templated":true}]}}