{"id":17705,"date":"2016-09-29T12:53:27","date_gmt":"2016-09-29T10:53:27","guid":{"rendered":"https:\/\/gesundheitsberatung.com\/psychologie\/?post_type=product&#038;p=17705"},"modified":"2025-06-24T03:48:08","modified_gmt":"2025-06-24T01:48:08","slug":"c-reiss","status":"publish","type":"product","link":"https:\/\/gesundheitsberatung.com\/psychologie\/online-beratung\/paedagogen\/c-reiss\/","title":{"rendered":"C. Reiss"},"content":{"rendered":"<p><span class=\"hinweis_text_single_berater\">K\u00f6rperzentrierte Psychotherapie\/Tiefenpsychologiesche Traumatherapie seit 1999, <\/span><\/p>\n<p>Liebe\/r Ratsuchende\/r, bitte beachte: Meine eingetragenen Sprechzeiten sind nur Eckdaten. Schau einfach, ob ich online bin, oder schreib mir eine email, dann machen wir eine Zeit aus, die f\u00fcr dich passt.<\/p>\n<p>DIE HEILKRAFT DER GEF\u00dcHLE Integrative Prim\u00e4rtherapie &#8211; Tiefenpsychologische Traumatherapie seit 1999.<\/p>\n<p>Meine Beratungs-Schwerpunkte:<br \/>\nGEF\u00dcHLE UND EMOTIONEN: Kindheitstrauma, Missbrauch\/Ausstiegsbegleitung, traumatische Erlebnisse, DIS, Depression, Trauerbegleitung, Lebenskrisen, S\u00fcchte&#8230; <br \/>\nSEXUALIT\u00c4T: sexueller Missbrauch, Sexsucht, Pornosucht, sexuelle Funktionsst\u00f6rungen, Paarbindung durch Karezza&#8230; <br \/>\nBEZIEHUNGSGEWALT: (durch Partner, Familie, Freunde, Arbeitskollegen) verbale\/psychische Gewalt, Gaslighting, Manipulation, Narzissmus, h\u00e4usliche Gewalt&#8230;<br \/>\nVORT\u00c4USCHUNG VON BEZIEHUNGEN: Casanova-Komplex, Bezness, Loverboy-Masche&#8230;<br \/>\nSPIRITUALIT\u00c4T: spirituelle Krisen, Seelsorge (auch zu religi\u00f6sen Themen), geistlicher Missbrauch in der Glaubensgemeinschaft&#8230;<br \/>\nERZIEHUNG: wie geht das: konsequent sein? gute Grenzen liebevoll setzen<\/p>\n<p>\\\\\\\\\\\\\\&#8221;Nach innen f\u00fchrt der geheimnisvolle Weg.\\\\\\\\\\\\\\&#8221; (Novalis)<\/p>\n<p>(f\u00fcr den anonymen Anruf gelten folgende Preise: Kosten AuskunftNr 11838: 1,99 \u20ac\/Min. aus dem dt. Festnetz, mobil abweichend;<br \/>\nKosten ab Weitervermittlung: 1,86 \u20ac\/Min. aus dem dt. Festnetz, mobil abweichend)<span class=\"display_none\">5638<\/span><\/p>\n","protected":false},"excerpt":{"rendered":"<p>Professionelle Beratung zu den Themen vorget\u00e4uschte Beziehungen (Narzissmus, Bezness, Loverboy, Casanova-Komplex), Missbrauch, Trauma, Pornosucht.<\/p>\n","protected":false},"featured_media":25931,"comment_status":"open","ping_status":"closed","template":"","meta":[],"product_cat":[],"product_tag":[],"class_list":["post-17705","product","type-product","status-publish","has-post-thumbnail","hentry","online_berater-heilpraktiker-fuer-psychotherapie","online_berater-paedagogen"],"yoast_head":"<!-- This site is optimized with the Yoast SEO plugin v26.0 - https:\/\/yoast.com\/wordpress\/plugins\/seo\/ -->\n<title>C. Reiss &#187; Heilpraktiker f\u00fcr Psychotherapie, P\u00e4dagogen &#187; Vistano \u260e Beratung<\/title>\n<meta name=\"description\" content=\"Vistano Heilpraktiker f\u00fcr Psychotherapie, P\u00e4dagogen &#187; Professionelle Beratung zu den Themen vorget\u00e4uschte Beziehungen (Narzissmus, Bezness, Loverboy, Casanova-Komplex), Missbrauch, Trauma, Pornosucht.\" \/>\n<meta name=\"robots\" content=\"index, follow, max-snippet:-1, max-image-preview:large, max-video-preview:-1\" \/>\n<link rel=\"canonical\" href=\"https:\/\/gesundheitsberatung.com\/psychologie\/online-beratung\/paedagogen\/c-reiss\/\" \/>\n<meta property=\"og:locale\" content=\"de_DE\" \/>\n<meta property=\"og:type\" content=\"article\" \/>\n<meta property=\"og:title\" content=\"C. Reiss &#187; Heilpraktiker f\u00fcr Psychotherapie, P\u00e4dagogen &#187; Vistano \u260e Beratung\" \/>\n<meta property=\"og:description\" content=\"Vistano Heilpraktiker f\u00fcr Psychotherapie, P\u00e4dagogen &#187; Professionelle Beratung zu den Themen vorget\u00e4uschte Beziehungen (Narzissmus, Bezness, Loverboy, Casanova-Komplex), Missbrauch, Trauma, Pornosucht.\" \/>\n<meta property=\"og:url\" content=\"https:\/\/gesundheitsberatung.com\/psychologie\/online-beratung\/paedagogen\/c-reiss\/\" \/>\n<meta property=\"og:site_name\" content=\"Psychologie\" \/>\n<meta property=\"article:publisher\" content=\"https:\/\/www.facebook.com\/psychologie\/\" \/>\n<meta property=\"article:modified_time\" content=\"2025-06-24T01:48:08+00:00\" \/>\n<meta property=\"og:image\" content=\"https:\/\/gesundheitsberatung.com\/psychologie\/wp-content\/uploads\/sites\/2\/c-reiss-heilpraktiker-f-r-psychotherapie-vistano-berater-id-5638.jpg\" \/>\n\t<meta property=\"og:image:width\" content=\"800\" \/>\n\t<meta property=\"og:image:height\" content=\"800\" \/>\n\t<meta property=\"og:image:type\" content=\"image\/jpeg\" \/>\n<meta name=\"twitter:card\" content=\"summary_large_image\" \/>\n<meta name=\"twitter:site\" content=\"@Vistano\" \/>\n<script type=\"application\/ld+json\" class=\"yoast-schema-graph\">{\"@context\":\"https:\/\/schema.org\",\"@graph\":[{\"@type\":\"WebPage\",\"@id\":\"https:\/\/gesundheitsberatung.com\/psychologie\/online-beratung\/paedagogen\/c-reiss\/\",\"url\":\"https:\/\/gesundheitsberatung.com\/psychologie\/online-beratung\/paedagogen\/c-reiss\/\",\"name\":\"C. Reiss &#187; Heilpraktiker f\u00fcr Psychotherapie, P\u00e4dagogen &#187; Vistano \u260e Beratung\",\"isPartOf\":{\"@id\":\"https:\/\/gesundheitsberatung.com\/psychologie\/#website\"},\"primaryImageOfPage\":{\"@id\":\"https:\/\/gesundheitsberatung.com\/psychologie\/online-beratung\/paedagogen\/c-reiss\/#primaryimage\"},\"image\":{\"@id\":\"https:\/\/gesundheitsberatung.com\/psychologie\/online-beratung\/paedagogen\/c-reiss\/#primaryimage\"},\"thumbnailUrl\":\"https:\/\/gesundheitsberatung.com\/psychologie\/wp-content\/uploads\/sites\/2\/c-reiss-heilpraktiker-f-r-psychotherapie-vistano-berater-id-5638.jpg\",\"datePublished\":\"2016-09-29T10:53:27+00:00\",\"dateModified\":\"2025-06-24T01:48:08+00:00\",\"description\":\"Vistano Heilpraktiker f\u00fcr Psychotherapie, P\u00e4dagogen &#187; Professionelle Beratung zu den Themen vorget\u00e4uschte Beziehungen (Narzissmus, Bezness, Loverboy, Casanova-Komplex), Missbrauch, Trauma, Pornosucht.\",\"breadcrumb\":{\"@id\":\"https:\/\/gesundheitsberatung.com\/psychologie\/online-beratung\/paedagogen\/c-reiss\/#breadcrumb\"},\"inLanguage\":\"de\",\"potentialAction\":[{\"@type\":\"ReadAction\",\"target\":[\"https:\/\/gesundheitsberatung.com\/psychologie\/online-beratung\/paedagogen\/c-reiss\/\"]}]},{\"@type\":\"ImageObject\",\"inLanguage\":\"de\",\"@id\":\"https:\/\/gesundheitsberatung.com\/psychologie\/online-beratung\/paedagogen\/c-reiss\/#primaryimage\",\"url\":\"https:\/\/gesundheitsberatung.com\/psychologie\/wp-content\/uploads\/sites\/2\/c-reiss-heilpraktiker-f-r-psychotherapie-vistano-berater-id-5638.jpg\",\"contentUrl\":\"https:\/\/gesundheitsberatung.com\/psychologie\/wp-content\/uploads\/sites\/2\/c-reiss-heilpraktiker-f-r-psychotherapie-vistano-berater-id-5638.jpg\",\"width\":800,\"height\":800,\"caption\":\"Heilpraktiker f\u00fcr Psychotherapie C. Reiss - Berater-ID: 5638\"},{\"@type\":\"BreadcrumbList\",\"@id\":\"https:\/\/gesundheitsberatung.com\/psychologie\/online-beratung\/paedagogen\/c-reiss\/#breadcrumb\",\"itemListElement\":[{\"@type\":\"ListItem\",\"position\":1,\"name\":\"Home\",\"item\":\"https:\/\/gesundheitsberatung.com\/psychologie\/\"},{\"@type\":\"ListItem\",\"position\":2,\"name\":\"Produkte\",\"item\":\"https:\/\/gesundheitsberatung.com\/psychologie\/shop\/\"},{\"@type\":\"ListItem\",\"position\":3,\"name\":\"Online Beratung\",\"item\":\"https:\/\/gesundheitsberatung.com\/psychologie\/online_berater\/online-beratung\/\"},{\"@type\":\"ListItem\",\"position\":4,\"name\":\"Heilpraktiker f\u00fcr Psychotherapie\",\"item\":\"https:\/\/gesundheitsberatung.com\/psychologie\/online_berater\/heilpraktiker-fuer-psychotherapie\/\"},{\"@type\":\"ListItem\",\"position\":5,\"name\":\"C. Reiss\"}]},{\"@type\":\"WebSite\",\"@id\":\"https:\/\/gesundheitsberatung.com\/psychologie\/#website\",\"url\":\"https:\/\/gesundheitsberatung.com\/psychologie\/\",\"name\":\"Psychologie\",\"description\":\"Psychologie \u260e Beratung durch Psychologen! Jetzt Gratis-Beratung sichern: \u2714 Diplom Psychologen \u2714 Heilpraktiker f\u00fcr Psychotherapie \u2714 Psychotherapeuten \u2714 Psychologische Berater bei Vistano Psychologie.\",\"potentialAction\":[{\"@type\":\"SearchAction\",\"target\":{\"@type\":\"EntryPoint\",\"urlTemplate\":\"https:\/\/gesundheitsberatung.com\/psychologie\/?s={search_term_string}\"},\"query-input\":{\"@type\":\"PropertyValueSpecification\",\"valueRequired\":true,\"valueName\":\"search_term_string\"}}],\"inLanguage\":\"de\"}]}<\/script>\n<!-- \/ Yoast SEO plugin. -->","yoast_head_json":{"title":"C. Reiss &#187; Heilpraktiker f\u00fcr Psychotherapie, P\u00e4dagogen &#187; Vistano \u260e Beratung","description":"Vistano Heilpraktiker f\u00fcr Psychotherapie, P\u00e4dagogen &#187; Professionelle Beratung zu den Themen vorget\u00e4uschte Beziehungen (Narzissmus, Bezness, Loverboy, Casanova-Komplex), Missbrauch, Trauma, Pornosucht.","robots":{"index":"index","follow":"follow","max-snippet":"max-snippet:-1","max-image-preview":"max-image-preview:large","max-video-preview":"max-video-preview:-1"},"canonical":"https:\/\/gesundheitsberatung.com\/psychologie\/online-beratung\/paedagogen\/c-reiss\/","og_locale":"de_DE","og_type":"article","og_title":"C. Reiss &#187; Heilpraktiker f\u00fcr Psychotherapie, P\u00e4dagogen &#187; Vistano \u260e Beratung","og_description":"Vistano Heilpraktiker f\u00fcr Psychotherapie, P\u00e4dagogen &#187; Professionelle Beratung zu den Themen vorget\u00e4uschte Beziehungen (Narzissmus, Bezness, Loverboy, Casanova-Komplex), Missbrauch, Trauma, Pornosucht.","og_url":"https:\/\/gesundheitsberatung.com\/psychologie\/online-beratung\/paedagogen\/c-reiss\/","og_site_name":"Psychologie","article_publisher":"https:\/\/www.facebook.com\/psychologie\/","article_modified_time":"2025-06-24T01:48:08+00:00","og_image":[{"width":800,"height":800,"url":"https:\/\/gesundheitsberatung.com\/psychologie\/wp-content\/uploads\/sites\/2\/c-reiss-heilpraktiker-f-r-psychotherapie-vistano-berater-id-5638.jpg","type":"image\/jpeg"}],"twitter_card":"summary_large_image","twitter_site":"@Vistano","schema":{"@context":"https:\/\/schema.org","@graph":[{"@type":"WebPage","@id":"https:\/\/gesundheitsberatung.com\/psychologie\/online-beratung\/paedagogen\/c-reiss\/","url":"https:\/\/gesundheitsberatung.com\/psychologie\/online-beratung\/paedagogen\/c-reiss\/","name":"C. Reiss &#187; Heilpraktiker f\u00fcr Psychotherapie, P\u00e4dagogen &#187; Vistano \u260e Beratung","isPartOf":{"@id":"https:\/\/gesundheitsberatung.com\/psychologie\/#website"},"primaryImageOfPage":{"@id":"https:\/\/gesundheitsberatung.com\/psychologie\/online-beratung\/paedagogen\/c-reiss\/#primaryimage"},"image":{"@id":"https:\/\/gesundheitsberatung.com\/psychologie\/online-beratung\/paedagogen\/c-reiss\/#primaryimage"},"thumbnailUrl":"https:\/\/gesundheitsberatung.com\/psychologie\/wp-content\/uploads\/sites\/2\/c-reiss-heilpraktiker-f-r-psychotherapie-vistano-berater-id-5638.jpg","datePublished":"2016-09-29T10:53:27+00:00","dateModified":"2025-06-24T01:48:08+00:00","description":"Vistano Heilpraktiker f\u00fcr Psychotherapie, P\u00e4dagogen &#187; Professionelle Beratung zu den Themen vorget\u00e4uschte Beziehungen (Narzissmus, Bezness, Loverboy, Casanova-Komplex), Missbrauch, Trauma, Pornosucht.","breadcrumb":{"@id":"https:\/\/gesundheitsberatung.com\/psychologie\/online-beratung\/paedagogen\/c-reiss\/#breadcrumb"},"inLanguage":"de","potentialAction":[{"@type":"ReadAction","target":["https:\/\/gesundheitsberatung.com\/psychologie\/online-beratung\/paedagogen\/c-reiss\/"]}]},{"@type":"ImageObject","inLanguage":"de","@id":"https:\/\/gesundheitsberatung.com\/psychologie\/online-beratung\/paedagogen\/c-reiss\/#primaryimage","url":"https:\/\/gesundheitsberatung.com\/psychologie\/wp-content\/uploads\/sites\/2\/c-reiss-heilpraktiker-f-r-psychotherapie-vistano-berater-id-5638.jpg","contentUrl":"https:\/\/gesundheitsberatung.com\/psychologie\/wp-content\/uploads\/sites\/2\/c-reiss-heilpraktiker-f-r-psychotherapie-vistano-berater-id-5638.jpg","width":800,"height":800,"caption":"Heilpraktiker f\u00fcr Psychotherapie C. Reiss - Berater-ID: 5638"},{"@type":"BreadcrumbList","@id":"https:\/\/gesundheitsberatung.com\/psychologie\/online-beratung\/paedagogen\/c-reiss\/#breadcrumb","itemListElement":[{"@type":"ListItem","position":1,"name":"Home","item":"https:\/\/gesundheitsberatung.com\/psychologie\/"},{"@type":"ListItem","position":2,"name":"Produkte","item":"https:\/\/gesundheitsberatung.com\/psychologie\/shop\/"},{"@type":"ListItem","position":3,"name":"Online Beratung","item":"https:\/\/gesundheitsberatung.com\/psychologie\/online_berater\/online-beratung\/"},{"@type":"ListItem","position":4,"name":"Heilpraktiker f\u00fcr Psychotherapie","item":"https:\/\/gesundheitsberatung.com\/psychologie\/online_berater\/heilpraktiker-fuer-psychotherapie\/"},{"@type":"ListItem","position":5,"name":"C. Reiss"}]},{"@type":"WebSite","@id":"https:\/\/gesundheitsberatung.com\/psychologie\/#website","url":"https:\/\/gesundheitsberatung.com\/psychologie\/","name":"Psychologie","description":"Psychologie \u260e Beratung durch Psychologen! Jetzt Gratis-Beratung sichern: \u2714 Diplom Psychologen \u2714 Heilpraktiker f\u00fcr Psychotherapie \u2714 Psychotherapeuten \u2714 Psychologische Berater bei Vistano Psychologie.","potentialAction":[{"@type":"SearchAction","target":{"@type":"EntryPoint","urlTemplate":"https:\/\/gesundheitsberatung.com\/psychologie\/?s={search_term_string}"},"query-input":{"@type":"PropertyValueSpecification","valueRequired":true,"valueName":"search_term_string"}}],"inLanguage":"de"}]}},"_links":{"self":[{"href":"https:\/\/gesundheitsberatung.com\/psychologie\/wp-json\/wp\/v2\/product\/17705","targetHints":{"allow":["GET"]}}],"collection":[{"href":"https:\/\/gesundheitsberatung.com\/psychologie\/wp-json\/wp\/v2\/product"}],"about":[{"href":"https:\/\/gesundheitsberatung.com\/psychologie\/wp-json\/wp\/v2\/types\/product"}],"replies":[{"embeddable":true,"href":"https:\/\/gesundheitsberatung.com\/psychologie\/wp-json\/wp\/v2\/comments?post=17705"}],"wp:featuredmedia":[{"embeddable":true,"href":"https:\/\/gesundheitsberatung.com\/psychologie\/wp-json\/wp\/v2\/media\/25931"}],"wp:attachment":[{"href":"https:\/\/gesundheitsberatung.com\/psychologie\/wp-json\/wp\/v2\/media?parent=17705"}],"wp:term":[{"taxonomy":"product_cat","embeddable":true,"href":"https:\/\/gesundheitsberatung.com\/psychologie\/wp-json\/wp\/v2\/product_cat?post=17705"},{"taxonomy":"product_tag","embeddable":true,"href":"https:\/\/gesundheitsberatung.com\/psychologie\/wp-json\/wp\/v2\/product_tag?post=17705"}],"curies":[{"name":"wp","href":"https:\/\/api.w.org\/{rel}","templated":true}]}}