{"id":17686,"date":"2016-09-29T15:51:06","date_gmt":"2016-09-29T13:51:06","guid":{"rendered":"https:\/\/gesundheitsberatung.com\/psychologie\/?post_type=product&#038;p=17686"},"modified":"2020-01-22T15:06:35","modified_gmt":"2020-01-22T14:06:35","slug":"e-lang","status":"publish","type":"product","link":"https:\/\/gesundheitsberatung.com\/psychologie\/online-beratung\/heilpraktiker-fuer-psychotherapie\/e-lang\/","title":{"rendered":"E. Lang"},"content":{"rendered":"<p>Ich biete Ihnen einf\u00fchlsame Hilfe, Beratung und Coaching bei Schwierigkeiten im zwischenmenschlichen Miteinander, mit Partner, Kindern, Kollegen oder mit sich selbst. Gerne berate ich Sie in folgenden Bereichen: &#8211; \u00c4ngste &#8211; Burnout &#8211; Depressive Verstimmung &#8211; Erziehungsberatung &#8211; Hilfe f\u00fcr Angeh\u00f6rige von psychisch Kranken &#8211; Krisenbew\u00e4ltigung &#8211; Lebensberatung &#8211; Liebeskummer &#8211; Trauerbew\u00e4ltigung &#8211; Wie rette ich meine Ehe \/ Beziehung &#8211; Zielsetzung &#8211; Psycholgische Hilfe anonym. Das Thema, weswegen Sie mich kontaktieren, ist vielleicht lediglich ein Symptom f\u00fcr tiefer liegende Ursachen. Gerne helfe ich Ihnen, die Ursachen und Umst\u00e4nde Ihrer Konfliktsituation zu durchleuchten und nach konstruktiven L\u00f6sungswegen zu suchen. Mithilfe von unterschiedlichen Verfahren k\u00f6nnen Sie zu einem besseren Wohlbefinden gelangen, ihre \u00c4ngste \u00fcberwinden, neues Verhalten erlernen oder Wege zu Ihrem pers\u00f6nlichen Inneren finden. Dabei werden Ihre individuellen F\u00e4higkeiten und Ressourcen ber\u00fccksichtigt, die Ihnen n\u00fctzlich sein werden, Ihre Ziele zu erreichen. Sie erfahren, wie Sie Ihr Leben erfolgreicher gestalten k\u00f6nnen, indem Sie gewohnte Denkmuster durchbrechen und ver\u00e4nderte Sichtweisen erlangen. Bei Beziehungs- oder Erziehungsschwierigkeiten wird Ihnen Werkzeug an die Hand gegeben, das es Ihnen erleichtert, mit schwierigen Situationen umzugehen und entsprechende Konflikte zu l\u00f6sen. Wir analysieren gemeinsam Ihre Problemsituation, um dann Ihre pers\u00f6nlichen Ziele konkret zu definieren. Anhand unterschiedlicher Techniken wird Ihr individuelles Potential ausgesch\u00f6pft, damit Sie in einer Ihnen angemessenen Art und Weise Ihre Ziele m\u00f6glichst bald und langfristig verwirklichen k\u00f6nnen. Ich freue mich auf Ihre Kontaktaufnahme. Herzlich, Edith Lang<span class=\"display_none\">5554<\/span><\/p>\n","protected":false},"excerpt":{"rendered":"<p>Haben Sie das Gef\u00fchl, in manchen Situationen mit anderen Menschen \u00fcberfordert zu sein? Ich helfe Ihnen schnell und einf\u00fchlsam. Gemeinsam finden wir eine L\u00f6sung f\u00fcr Sie.<\/p>\n","protected":false},"featured_media":22906,"comment_status":"open","ping_status":"closed","template":"","meta":[],"product_cat":[],"product_tag":[],"class_list":["post-17686","product","type-product","status-publish","has-post-thumbnail","hentry","online_berater-heilpraktiker-fuer-psychotherapie"],"yoast_head":"<!-- This site is optimized with the Yoast SEO plugin v26.0 - https:\/\/yoast.com\/wordpress\/plugins\/seo\/ -->\n<title>E. Lang &#187; Heilpraktiker f\u00fcr Psychotherapie &#187; Vistano \u260e Beratung<\/title>\n<meta name=\"description\" content=\"Vistano Heilpraktiker f\u00fcr Psychotherapie &#187; Haben Sie das Gef\u00fchl, in manchen Situationen mit anderen Menschen \u00fcberfordert zu sein? Ich helfe Ihnen schnell und einf\u00fchlsam. Gemeinsam finden wir eine L\u00f6sung f\u00fcr Sie.\" \/>\n<meta name=\"robots\" content=\"index, follow, max-snippet:-1, max-image-preview:large, max-video-preview:-1\" \/>\n<link rel=\"canonical\" href=\"https:\/\/gesundheitsberatung.com\/psychologie\/online-beratung\/heilpraktiker-fuer-psychotherapie\/e-lang\/\" \/>\n<meta property=\"og:locale\" content=\"de_DE\" \/>\n<meta property=\"og:type\" content=\"article\" \/>\n<meta property=\"og:title\" content=\"E. Lang &#187; Heilpraktiker f\u00fcr Psychotherapie &#187; Vistano \u260e Beratung\" \/>\n<meta property=\"og:description\" content=\"Vistano Heilpraktiker f\u00fcr Psychotherapie &#187; Haben Sie das Gef\u00fchl, in manchen Situationen mit anderen Menschen \u00fcberfordert zu sein? Ich helfe Ihnen schnell und einf\u00fchlsam. Gemeinsam finden wir eine L\u00f6sung f\u00fcr Sie.\" \/>\n<meta property=\"og:url\" content=\"https:\/\/gesundheitsberatung.com\/psychologie\/online-beratung\/heilpraktiker-fuer-psychotherapie\/e-lang\/\" \/>\n<meta property=\"og:site_name\" content=\"Psychologie\" \/>\n<meta property=\"article:publisher\" content=\"https:\/\/www.facebook.com\/psychologie\/\" \/>\n<meta property=\"article:modified_time\" content=\"2020-01-22T14:06:35+00:00\" \/>\n<meta property=\"og:image\" content=\"https:\/\/gesundheitsberatung.com\/psychologie\/wp-content\/uploads\/sites\/2\/e-lang-heilpraktiker-f-r-psychotherapie-vistano-berater-id-5554.jpg\" \/>\n\t<meta property=\"og:image:width\" content=\"700\" \/>\n\t<meta property=\"og:image:height\" content=\"700\" \/>\n\t<meta property=\"og:image:type\" content=\"image\/jpeg\" \/>\n<meta name=\"twitter:card\" content=\"summary_large_image\" \/>\n<meta name=\"twitter:site\" content=\"@Vistano\" \/>\n<script type=\"application\/ld+json\" class=\"yoast-schema-graph\">{\"@context\":\"https:\/\/schema.org\",\"@graph\":[{\"@type\":\"WebPage\",\"@id\":\"https:\/\/gesundheitsberatung.com\/psychologie\/online-beratung\/heilpraktiker-fuer-psychotherapie\/e-lang\/\",\"url\":\"https:\/\/gesundheitsberatung.com\/psychologie\/online-beratung\/heilpraktiker-fuer-psychotherapie\/e-lang\/\",\"name\":\"E. Lang &#187; Heilpraktiker f\u00fcr Psychotherapie &#187; Vistano \u260e Beratung\",\"isPartOf\":{\"@id\":\"https:\/\/gesundheitsberatung.com\/psychologie\/#website\"},\"primaryImageOfPage\":{\"@id\":\"https:\/\/gesundheitsberatung.com\/psychologie\/online-beratung\/heilpraktiker-fuer-psychotherapie\/e-lang\/#primaryimage\"},\"image\":{\"@id\":\"https:\/\/gesundheitsberatung.com\/psychologie\/online-beratung\/heilpraktiker-fuer-psychotherapie\/e-lang\/#primaryimage\"},\"thumbnailUrl\":\"https:\/\/gesundheitsberatung.com\/psychologie\/wp-content\/uploads\/sites\/2\/e-lang-heilpraktiker-f-r-psychotherapie-vistano-berater-id-5554.jpg\",\"datePublished\":\"2016-09-29T13:51:06+00:00\",\"dateModified\":\"2020-01-22T14:06:35+00:00\",\"description\":\"Vistano Heilpraktiker f\u00fcr Psychotherapie &#187; Haben Sie das Gef\u00fchl, in manchen Situationen mit anderen Menschen \u00fcberfordert zu sein? Ich helfe Ihnen schnell und einf\u00fchlsam. Gemeinsam finden wir eine L\u00f6sung f\u00fcr Sie.\",\"breadcrumb\":{\"@id\":\"https:\/\/gesundheitsberatung.com\/psychologie\/online-beratung\/heilpraktiker-fuer-psychotherapie\/e-lang\/#breadcrumb\"},\"inLanguage\":\"de\",\"potentialAction\":[{\"@type\":\"ReadAction\",\"target\":[\"https:\/\/gesundheitsberatung.com\/psychologie\/online-beratung\/heilpraktiker-fuer-psychotherapie\/e-lang\/\"]}]},{\"@type\":\"ImageObject\",\"inLanguage\":\"de\",\"@id\":\"https:\/\/gesundheitsberatung.com\/psychologie\/online-beratung\/heilpraktiker-fuer-psychotherapie\/e-lang\/#primaryimage\",\"url\":\"https:\/\/gesundheitsberatung.com\/psychologie\/wp-content\/uploads\/sites\/2\/e-lang-heilpraktiker-f-r-psychotherapie-vistano-berater-id-5554.jpg\",\"contentUrl\":\"https:\/\/gesundheitsberatung.com\/psychologie\/wp-content\/uploads\/sites\/2\/e-lang-heilpraktiker-f-r-psychotherapie-vistano-berater-id-5554.jpg\",\"width\":700,\"height\":700,\"caption\":\"Heilpraktiker f\u00fcr Psychotherapie E. Lang - Berater-ID: 5554\"},{\"@type\":\"BreadcrumbList\",\"@id\":\"https:\/\/gesundheitsberatung.com\/psychologie\/online-beratung\/heilpraktiker-fuer-psychotherapie\/e-lang\/#breadcrumb\",\"itemListElement\":[{\"@type\":\"ListItem\",\"position\":1,\"name\":\"Home\",\"item\":\"https:\/\/gesundheitsberatung.com\/psychologie\/\"},{\"@type\":\"ListItem\",\"position\":2,\"name\":\"Produkte\",\"item\":\"https:\/\/gesundheitsberatung.com\/psychologie\/shop\/\"},{\"@type\":\"ListItem\",\"position\":3,\"name\":\"Online Beratung\",\"item\":\"https:\/\/gesundheitsberatung.com\/psychologie\/online_berater\/online-beratung\/\"},{\"@type\":\"ListItem\",\"position\":4,\"name\":\"Heilpraktiker f\u00fcr Psychotherapie\",\"item\":\"https:\/\/gesundheitsberatung.com\/psychologie\/online_berater\/heilpraktiker-fuer-psychotherapie\/\"},{\"@type\":\"ListItem\",\"position\":5,\"name\":\"E. Lang\"}]},{\"@type\":\"WebSite\",\"@id\":\"https:\/\/gesundheitsberatung.com\/psychologie\/#website\",\"url\":\"https:\/\/gesundheitsberatung.com\/psychologie\/\",\"name\":\"Psychologie\",\"description\":\"Psychologie \u260e Beratung durch Psychologen! Jetzt Gratis-Beratung sichern: \u2714 Diplom Psychologen \u2714 Heilpraktiker f\u00fcr Psychotherapie \u2714 Psychotherapeuten \u2714 Psychologische Berater bei Vistano Psychologie.\",\"potentialAction\":[{\"@type\":\"SearchAction\",\"target\":{\"@type\":\"EntryPoint\",\"urlTemplate\":\"https:\/\/gesundheitsberatung.com\/psychologie\/?s={search_term_string}\"},\"query-input\":{\"@type\":\"PropertyValueSpecification\",\"valueRequired\":true,\"valueName\":\"search_term_string\"}}],\"inLanguage\":\"de\"}]}<\/script>\n<!-- \/ Yoast SEO plugin. -->","yoast_head_json":{"title":"E. Lang &#187; Heilpraktiker f\u00fcr Psychotherapie &#187; Vistano \u260e Beratung","description":"Vistano Heilpraktiker f\u00fcr Psychotherapie &#187; Haben Sie das Gef\u00fchl, in manchen Situationen mit anderen Menschen \u00fcberfordert zu sein? Ich helfe Ihnen schnell und einf\u00fchlsam. Gemeinsam finden wir eine L\u00f6sung f\u00fcr Sie.","robots":{"index":"index","follow":"follow","max-snippet":"max-snippet:-1","max-image-preview":"max-image-preview:large","max-video-preview":"max-video-preview:-1"},"canonical":"https:\/\/gesundheitsberatung.com\/psychologie\/online-beratung\/heilpraktiker-fuer-psychotherapie\/e-lang\/","og_locale":"de_DE","og_type":"article","og_title":"E. Lang &#187; Heilpraktiker f\u00fcr Psychotherapie &#187; Vistano \u260e Beratung","og_description":"Vistano Heilpraktiker f\u00fcr Psychotherapie &#187; Haben Sie das Gef\u00fchl, in manchen Situationen mit anderen Menschen \u00fcberfordert zu sein? Ich helfe Ihnen schnell und einf\u00fchlsam. Gemeinsam finden wir eine L\u00f6sung f\u00fcr Sie.","og_url":"https:\/\/gesundheitsberatung.com\/psychologie\/online-beratung\/heilpraktiker-fuer-psychotherapie\/e-lang\/","og_site_name":"Psychologie","article_publisher":"https:\/\/www.facebook.com\/psychologie\/","article_modified_time":"2020-01-22T14:06:35+00:00","og_image":[{"width":700,"height":700,"url":"https:\/\/gesundheitsberatung.com\/psychologie\/wp-content\/uploads\/sites\/2\/e-lang-heilpraktiker-f-r-psychotherapie-vistano-berater-id-5554.jpg","type":"image\/jpeg"}],"twitter_card":"summary_large_image","twitter_site":"@Vistano","schema":{"@context":"https:\/\/schema.org","@graph":[{"@type":"WebPage","@id":"https:\/\/gesundheitsberatung.com\/psychologie\/online-beratung\/heilpraktiker-fuer-psychotherapie\/e-lang\/","url":"https:\/\/gesundheitsberatung.com\/psychologie\/online-beratung\/heilpraktiker-fuer-psychotherapie\/e-lang\/","name":"E. Lang &#187; Heilpraktiker f\u00fcr Psychotherapie &#187; Vistano \u260e Beratung","isPartOf":{"@id":"https:\/\/gesundheitsberatung.com\/psychologie\/#website"},"primaryImageOfPage":{"@id":"https:\/\/gesundheitsberatung.com\/psychologie\/online-beratung\/heilpraktiker-fuer-psychotherapie\/e-lang\/#primaryimage"},"image":{"@id":"https:\/\/gesundheitsberatung.com\/psychologie\/online-beratung\/heilpraktiker-fuer-psychotherapie\/e-lang\/#primaryimage"},"thumbnailUrl":"https:\/\/gesundheitsberatung.com\/psychologie\/wp-content\/uploads\/sites\/2\/e-lang-heilpraktiker-f-r-psychotherapie-vistano-berater-id-5554.jpg","datePublished":"2016-09-29T13:51:06+00:00","dateModified":"2020-01-22T14:06:35+00:00","description":"Vistano Heilpraktiker f\u00fcr Psychotherapie &#187; Haben Sie das Gef\u00fchl, in manchen Situationen mit anderen Menschen \u00fcberfordert zu sein? Ich helfe Ihnen schnell und einf\u00fchlsam. Gemeinsam finden wir eine L\u00f6sung f\u00fcr Sie.","breadcrumb":{"@id":"https:\/\/gesundheitsberatung.com\/psychologie\/online-beratung\/heilpraktiker-fuer-psychotherapie\/e-lang\/#breadcrumb"},"inLanguage":"de","potentialAction":[{"@type":"ReadAction","target":["https:\/\/gesundheitsberatung.com\/psychologie\/online-beratung\/heilpraktiker-fuer-psychotherapie\/e-lang\/"]}]},{"@type":"ImageObject","inLanguage":"de","@id":"https:\/\/gesundheitsberatung.com\/psychologie\/online-beratung\/heilpraktiker-fuer-psychotherapie\/e-lang\/#primaryimage","url":"https:\/\/gesundheitsberatung.com\/psychologie\/wp-content\/uploads\/sites\/2\/e-lang-heilpraktiker-f-r-psychotherapie-vistano-berater-id-5554.jpg","contentUrl":"https:\/\/gesundheitsberatung.com\/psychologie\/wp-content\/uploads\/sites\/2\/e-lang-heilpraktiker-f-r-psychotherapie-vistano-berater-id-5554.jpg","width":700,"height":700,"caption":"Heilpraktiker f\u00fcr Psychotherapie E. Lang - Berater-ID: 5554"},{"@type":"BreadcrumbList","@id":"https:\/\/gesundheitsberatung.com\/psychologie\/online-beratung\/heilpraktiker-fuer-psychotherapie\/e-lang\/#breadcrumb","itemListElement":[{"@type":"ListItem","position":1,"name":"Home","item":"https:\/\/gesundheitsberatung.com\/psychologie\/"},{"@type":"ListItem","position":2,"name":"Produkte","item":"https:\/\/gesundheitsberatung.com\/psychologie\/shop\/"},{"@type":"ListItem","position":3,"name":"Online Beratung","item":"https:\/\/gesundheitsberatung.com\/psychologie\/online_berater\/online-beratung\/"},{"@type":"ListItem","position":4,"name":"Heilpraktiker f\u00fcr Psychotherapie","item":"https:\/\/gesundheitsberatung.com\/psychologie\/online_berater\/heilpraktiker-fuer-psychotherapie\/"},{"@type":"ListItem","position":5,"name":"E. Lang"}]},{"@type":"WebSite","@id":"https:\/\/gesundheitsberatung.com\/psychologie\/#website","url":"https:\/\/gesundheitsberatung.com\/psychologie\/","name":"Psychologie","description":"Psychologie \u260e Beratung durch Psychologen! Jetzt Gratis-Beratung sichern: \u2714 Diplom Psychologen \u2714 Heilpraktiker f\u00fcr Psychotherapie \u2714 Psychotherapeuten \u2714 Psychologische Berater bei Vistano Psychologie.","potentialAction":[{"@type":"SearchAction","target":{"@type":"EntryPoint","urlTemplate":"https:\/\/gesundheitsberatung.com\/psychologie\/?s={search_term_string}"},"query-input":{"@type":"PropertyValueSpecification","valueRequired":true,"valueName":"search_term_string"}}],"inLanguage":"de"}]}},"_links":{"self":[{"href":"https:\/\/gesundheitsberatung.com\/psychologie\/wp-json\/wp\/v2\/product\/17686","targetHints":{"allow":["GET"]}}],"collection":[{"href":"https:\/\/gesundheitsberatung.com\/psychologie\/wp-json\/wp\/v2\/product"}],"about":[{"href":"https:\/\/gesundheitsberatung.com\/psychologie\/wp-json\/wp\/v2\/types\/product"}],"replies":[{"embeddable":true,"href":"https:\/\/gesundheitsberatung.com\/psychologie\/wp-json\/wp\/v2\/comments?post=17686"}],"wp:featuredmedia":[{"embeddable":true,"href":"https:\/\/gesundheitsberatung.com\/psychologie\/wp-json\/wp\/v2\/media\/22906"}],"wp:attachment":[{"href":"https:\/\/gesundheitsberatung.com\/psychologie\/wp-json\/wp\/v2\/media?parent=17686"}],"wp:term":[{"taxonomy":"product_cat","embeddable":true,"href":"https:\/\/gesundheitsberatung.com\/psychologie\/wp-json\/wp\/v2\/product_cat?post=17686"},{"taxonomy":"product_tag","embeddable":true,"href":"https:\/\/gesundheitsberatung.com\/psychologie\/wp-json\/wp\/v2\/product_tag?post=17686"}],"curies":[{"name":"wp","href":"https:\/\/api.w.org\/{rel}","templated":true}]}}