{"id":17680,"date":"2016-09-29T22:37:18","date_gmt":"2016-09-29T20:37:18","guid":{"rendered":"https:\/\/gesundheitsberatung.com\/psychologie\/?post_type=product&#038;p=17680"},"modified":"2020-01-22T15:05:49","modified_gmt":"2020-01-22T14:05:49","slug":"t-hegewald","status":"publish","type":"product","link":"https:\/\/gesundheitsberatung.com\/psychologie\/online-beratung\/psychologische-berater\/t-hegewald\/","title":{"rendered":"T. Hegewald"},"content":{"rendered":"<p>Lieber Freund,meine Intention und Berufung ist es, viele Menschen auf ihrem Lebensweg zu begleiten und ihnen beratend und unterst\u00fctzend zur Seite zu stehen.Sehr gern m\u00f6chte ich gemeinsam mit ihnen ihre aktuelle Lebenssituation analysieren, nach neuen L\u00f6sungsans\u00e4tzen und Impulsen forschen und die Freude und Harmonie in ihr Leben zur\u00fcck holen.Meinem eigenen Lebensweg bin ich mit gro\u00dfem Bewusstsein und dem immer w\u00e4hrenden Interesse am Menschen gefolgt. Meine Studien an den Entwicklungswegen und der Psychologie, meine Lebenserfahrung und meine Ausbildung zum Psychologischen Berater, sind Eckpfeiler meiner Berufung und diese hat mich hierher zu VISTANO gef\u00fchrt. Heute lebe ich gl\u00fccklich als alleinerziehender Papa mit meinem Sohn und unserem Hund und arbeite in eigener Praxis.Ganz besonders am Herzen liegen mir die Psychologie der Pers\u00f6nlichkeit, die Familien- und Sozial-psychologie, die Kinder-, Jugend- und Entwicklungspsychologie.Gern begleite ich sie auf ihrem Lebensweg und ich freue mich auf unseren Kontakt und ich bedanke mich bei ihnen f\u00fcr ihr Vertrauen.Ihr Toralf Hegewald**Meine Beratungen erfolgen ausschlie\u00dflich zur Aufarbeitung und \u00dcberwindung sozialer Konflikte au\u00dferhalb der Heilkunde**<span class=\"display_none\">5511<\/span><\/p>\n","protected":false},"excerpt":{"rendered":"<p>Einf\u00fchlsame Beratung bei der Bew\u00e4ltigung ihrer Lebensthemen und in Krisensituationen zu den Themen die jeden von uns bewegen.Familie, Kinder, Liebe, Beruf &amp; Berufung, Finanzen, Entwicklung<\/p>\n","protected":false},"featured_media":20997,"comment_status":"open","ping_status":"closed","template":"","meta":[],"product_cat":[],"product_tag":[],"class_list":["post-17680","product","type-product","status-publish","has-post-thumbnail","hentry","online_berater-psychologische-berater"],"yoast_head":"<!-- This site is optimized with the Yoast SEO plugin v26.0 - https:\/\/yoast.com\/wordpress\/plugins\/seo\/ -->\n<title>T. Hegewald &#187; Psychologische Berater &#187; Vistano \u260e Beratung<\/title>\n<meta name=\"description\" content=\"Vistano Psychologische Berater &#187; Einf\u00fchlsame Beratung bei der Bew\u00e4ltigung ihrer Lebensthemen und in Krisensituationen zu den Themen die jeden von uns bewegen.Familie, Kinder, Liebe, Beruf &amp; Berufung, Finanzen, Entwicklung\" \/>\n<meta name=\"robots\" content=\"index, follow, max-snippet:-1, max-image-preview:large, max-video-preview:-1\" \/>\n<link rel=\"canonical\" href=\"https:\/\/gesundheitsberatung.com\/psychologie\/online-beratung\/psychologische-berater\/t-hegewald\/\" \/>\n<meta property=\"og:locale\" content=\"de_DE\" \/>\n<meta property=\"og:type\" content=\"article\" \/>\n<meta property=\"og:title\" content=\"T. Hegewald &#187; Psychologische Berater &#187; Vistano \u260e Beratung\" \/>\n<meta property=\"og:description\" content=\"Vistano Psychologische Berater &#187; Einf\u00fchlsame Beratung bei der Bew\u00e4ltigung ihrer Lebensthemen und in Krisensituationen zu den Themen die jeden von uns bewegen.Familie, Kinder, Liebe, Beruf &amp; Berufung, Finanzen, Entwicklung\" \/>\n<meta property=\"og:url\" content=\"https:\/\/gesundheitsberatung.com\/psychologie\/online-beratung\/psychologische-berater\/t-hegewald\/\" \/>\n<meta property=\"og:site_name\" content=\"Psychologie\" \/>\n<meta property=\"article:publisher\" content=\"https:\/\/www.facebook.com\/psychologie\/\" \/>\n<meta property=\"article:modified_time\" content=\"2020-01-22T14:05:49+00:00\" \/>\n<meta property=\"og:image\" content=\"https:\/\/gesundheitsberatung.com\/psychologie\/wp-content\/uploads\/sites\/2\/t-hegewald-psychologische-berater-vistano-berater-id-5511.jpg\" \/>\n\t<meta property=\"og:image:width\" content=\"700\" \/>\n\t<meta property=\"og:image:height\" content=\"700\" \/>\n\t<meta property=\"og:image:type\" content=\"image\/jpeg\" \/>\n<meta name=\"twitter:card\" content=\"summary_large_image\" \/>\n<meta name=\"twitter:site\" content=\"@Vistano\" \/>\n<script type=\"application\/ld+json\" class=\"yoast-schema-graph\">{\"@context\":\"https:\/\/schema.org\",\"@graph\":[{\"@type\":\"WebPage\",\"@id\":\"https:\/\/gesundheitsberatung.com\/psychologie\/online-beratung\/psychologische-berater\/t-hegewald\/\",\"url\":\"https:\/\/gesundheitsberatung.com\/psychologie\/online-beratung\/psychologische-berater\/t-hegewald\/\",\"name\":\"T. Hegewald &#187; Psychologische Berater &#187; Vistano \u260e Beratung\",\"isPartOf\":{\"@id\":\"https:\/\/gesundheitsberatung.com\/psychologie\/#website\"},\"primaryImageOfPage\":{\"@id\":\"https:\/\/gesundheitsberatung.com\/psychologie\/online-beratung\/psychologische-berater\/t-hegewald\/#primaryimage\"},\"image\":{\"@id\":\"https:\/\/gesundheitsberatung.com\/psychologie\/online-beratung\/psychologische-berater\/t-hegewald\/#primaryimage\"},\"thumbnailUrl\":\"https:\/\/gesundheitsberatung.com\/psychologie\/wp-content\/uploads\/sites\/2\/t-hegewald-psychologische-berater-vistano-berater-id-5511.jpg\",\"datePublished\":\"2016-09-29T20:37:18+00:00\",\"dateModified\":\"2020-01-22T14:05:49+00:00\",\"description\":\"Vistano Psychologische Berater &#187; Einf\u00fchlsame Beratung bei der Bew\u00e4ltigung ihrer Lebensthemen und in Krisensituationen zu den Themen die jeden von uns bewegen.Familie, Kinder, Liebe, Beruf &amp; Berufung, Finanzen, Entwicklung\",\"breadcrumb\":{\"@id\":\"https:\/\/gesundheitsberatung.com\/psychologie\/online-beratung\/psychologische-berater\/t-hegewald\/#breadcrumb\"},\"inLanguage\":\"de\",\"potentialAction\":[{\"@type\":\"ReadAction\",\"target\":[\"https:\/\/gesundheitsberatung.com\/psychologie\/online-beratung\/psychologische-berater\/t-hegewald\/\"]}]},{\"@type\":\"ImageObject\",\"inLanguage\":\"de\",\"@id\":\"https:\/\/gesundheitsberatung.com\/psychologie\/online-beratung\/psychologische-berater\/t-hegewald\/#primaryimage\",\"url\":\"https:\/\/gesundheitsberatung.com\/psychologie\/wp-content\/uploads\/sites\/2\/t-hegewald-psychologische-berater-vistano-berater-id-5511.jpg\",\"contentUrl\":\"https:\/\/gesundheitsberatung.com\/psychologie\/wp-content\/uploads\/sites\/2\/t-hegewald-psychologische-berater-vistano-berater-id-5511.jpg\",\"width\":700,\"height\":700,\"caption\":\"Psychologische Berater T. Hegewald - Berater-ID: 5511\"},{\"@type\":\"BreadcrumbList\",\"@id\":\"https:\/\/gesundheitsberatung.com\/psychologie\/online-beratung\/psychologische-berater\/t-hegewald\/#breadcrumb\",\"itemListElement\":[{\"@type\":\"ListItem\",\"position\":1,\"name\":\"Home\",\"item\":\"https:\/\/gesundheitsberatung.com\/psychologie\/\"},{\"@type\":\"ListItem\",\"position\":2,\"name\":\"Produkte\",\"item\":\"https:\/\/gesundheitsberatung.com\/psychologie\/shop\/\"},{\"@type\":\"ListItem\",\"position\":3,\"name\":\"Online Beratung\",\"item\":\"https:\/\/gesundheitsberatung.com\/psychologie\/online_berater\/online-beratung\/\"},{\"@type\":\"ListItem\",\"position\":4,\"name\":\"Psychologische Berater\",\"item\":\"https:\/\/gesundheitsberatung.com\/psychologie\/online_berater\/psychologische-berater\/\"},{\"@type\":\"ListItem\",\"position\":5,\"name\":\"T. Hegewald\"}]},{\"@type\":\"WebSite\",\"@id\":\"https:\/\/gesundheitsberatung.com\/psychologie\/#website\",\"url\":\"https:\/\/gesundheitsberatung.com\/psychologie\/\",\"name\":\"Psychologie\",\"description\":\"Psychologie \u260e Beratung durch Psychologen! Jetzt Gratis-Beratung sichern: \u2714 Diplom Psychologen \u2714 Heilpraktiker f\u00fcr Psychotherapie \u2714 Psychotherapeuten \u2714 Psychologische Berater bei Vistano Psychologie.\",\"potentialAction\":[{\"@type\":\"SearchAction\",\"target\":{\"@type\":\"EntryPoint\",\"urlTemplate\":\"https:\/\/gesundheitsberatung.com\/psychologie\/?s={search_term_string}\"},\"query-input\":{\"@type\":\"PropertyValueSpecification\",\"valueRequired\":true,\"valueName\":\"search_term_string\"}}],\"inLanguage\":\"de\"}]}<\/script>\n<!-- \/ Yoast SEO plugin. -->","yoast_head_json":{"title":"T. Hegewald &#187; Psychologische Berater &#187; Vistano \u260e Beratung","description":"Vistano Psychologische Berater &#187; Einf\u00fchlsame Beratung bei der Bew\u00e4ltigung ihrer Lebensthemen und in Krisensituationen zu den Themen die jeden von uns bewegen.Familie, Kinder, Liebe, Beruf &amp; Berufung, Finanzen, Entwicklung","robots":{"index":"index","follow":"follow","max-snippet":"max-snippet:-1","max-image-preview":"max-image-preview:large","max-video-preview":"max-video-preview:-1"},"canonical":"https:\/\/gesundheitsberatung.com\/psychologie\/online-beratung\/psychologische-berater\/t-hegewald\/","og_locale":"de_DE","og_type":"article","og_title":"T. Hegewald &#187; Psychologische Berater &#187; Vistano \u260e Beratung","og_description":"Vistano Psychologische Berater &#187; Einf\u00fchlsame Beratung bei der Bew\u00e4ltigung ihrer Lebensthemen und in Krisensituationen zu den Themen die jeden von uns bewegen.Familie, Kinder, Liebe, Beruf &amp; Berufung, Finanzen, Entwicklung","og_url":"https:\/\/gesundheitsberatung.com\/psychologie\/online-beratung\/psychologische-berater\/t-hegewald\/","og_site_name":"Psychologie","article_publisher":"https:\/\/www.facebook.com\/psychologie\/","article_modified_time":"2020-01-22T14:05:49+00:00","og_image":[{"width":700,"height":700,"url":"https:\/\/gesundheitsberatung.com\/psychologie\/wp-content\/uploads\/sites\/2\/t-hegewald-psychologische-berater-vistano-berater-id-5511.jpg","type":"image\/jpeg"}],"twitter_card":"summary_large_image","twitter_site":"@Vistano","schema":{"@context":"https:\/\/schema.org","@graph":[{"@type":"WebPage","@id":"https:\/\/gesundheitsberatung.com\/psychologie\/online-beratung\/psychologische-berater\/t-hegewald\/","url":"https:\/\/gesundheitsberatung.com\/psychologie\/online-beratung\/psychologische-berater\/t-hegewald\/","name":"T. Hegewald &#187; Psychologische Berater &#187; Vistano \u260e Beratung","isPartOf":{"@id":"https:\/\/gesundheitsberatung.com\/psychologie\/#website"},"primaryImageOfPage":{"@id":"https:\/\/gesundheitsberatung.com\/psychologie\/online-beratung\/psychologische-berater\/t-hegewald\/#primaryimage"},"image":{"@id":"https:\/\/gesundheitsberatung.com\/psychologie\/online-beratung\/psychologische-berater\/t-hegewald\/#primaryimage"},"thumbnailUrl":"https:\/\/gesundheitsberatung.com\/psychologie\/wp-content\/uploads\/sites\/2\/t-hegewald-psychologische-berater-vistano-berater-id-5511.jpg","datePublished":"2016-09-29T20:37:18+00:00","dateModified":"2020-01-22T14:05:49+00:00","description":"Vistano Psychologische Berater &#187; Einf\u00fchlsame Beratung bei der Bew\u00e4ltigung ihrer Lebensthemen und in Krisensituationen zu den Themen die jeden von uns bewegen.Familie, Kinder, Liebe, Beruf &amp; Berufung, Finanzen, Entwicklung","breadcrumb":{"@id":"https:\/\/gesundheitsberatung.com\/psychologie\/online-beratung\/psychologische-berater\/t-hegewald\/#breadcrumb"},"inLanguage":"de","potentialAction":[{"@type":"ReadAction","target":["https:\/\/gesundheitsberatung.com\/psychologie\/online-beratung\/psychologische-berater\/t-hegewald\/"]}]},{"@type":"ImageObject","inLanguage":"de","@id":"https:\/\/gesundheitsberatung.com\/psychologie\/online-beratung\/psychologische-berater\/t-hegewald\/#primaryimage","url":"https:\/\/gesundheitsberatung.com\/psychologie\/wp-content\/uploads\/sites\/2\/t-hegewald-psychologische-berater-vistano-berater-id-5511.jpg","contentUrl":"https:\/\/gesundheitsberatung.com\/psychologie\/wp-content\/uploads\/sites\/2\/t-hegewald-psychologische-berater-vistano-berater-id-5511.jpg","width":700,"height":700,"caption":"Psychologische Berater T. Hegewald - Berater-ID: 5511"},{"@type":"BreadcrumbList","@id":"https:\/\/gesundheitsberatung.com\/psychologie\/online-beratung\/psychologische-berater\/t-hegewald\/#breadcrumb","itemListElement":[{"@type":"ListItem","position":1,"name":"Home","item":"https:\/\/gesundheitsberatung.com\/psychologie\/"},{"@type":"ListItem","position":2,"name":"Produkte","item":"https:\/\/gesundheitsberatung.com\/psychologie\/shop\/"},{"@type":"ListItem","position":3,"name":"Online Beratung","item":"https:\/\/gesundheitsberatung.com\/psychologie\/online_berater\/online-beratung\/"},{"@type":"ListItem","position":4,"name":"Psychologische Berater","item":"https:\/\/gesundheitsberatung.com\/psychologie\/online_berater\/psychologische-berater\/"},{"@type":"ListItem","position":5,"name":"T. Hegewald"}]},{"@type":"WebSite","@id":"https:\/\/gesundheitsberatung.com\/psychologie\/#website","url":"https:\/\/gesundheitsberatung.com\/psychologie\/","name":"Psychologie","description":"Psychologie \u260e Beratung durch Psychologen! Jetzt Gratis-Beratung sichern: \u2714 Diplom Psychologen \u2714 Heilpraktiker f\u00fcr Psychotherapie \u2714 Psychotherapeuten \u2714 Psychologische Berater bei Vistano Psychologie.","potentialAction":[{"@type":"SearchAction","target":{"@type":"EntryPoint","urlTemplate":"https:\/\/gesundheitsberatung.com\/psychologie\/?s={search_term_string}"},"query-input":{"@type":"PropertyValueSpecification","valueRequired":true,"valueName":"search_term_string"}}],"inLanguage":"de"}]}},"_links":{"self":[{"href":"https:\/\/gesundheitsberatung.com\/psychologie\/wp-json\/wp\/v2\/product\/17680","targetHints":{"allow":["GET"]}}],"collection":[{"href":"https:\/\/gesundheitsberatung.com\/psychologie\/wp-json\/wp\/v2\/product"}],"about":[{"href":"https:\/\/gesundheitsberatung.com\/psychologie\/wp-json\/wp\/v2\/types\/product"}],"replies":[{"embeddable":true,"href":"https:\/\/gesundheitsberatung.com\/psychologie\/wp-json\/wp\/v2\/comments?post=17680"}],"wp:featuredmedia":[{"embeddable":true,"href":"https:\/\/gesundheitsberatung.com\/psychologie\/wp-json\/wp\/v2\/media\/20997"}],"wp:attachment":[{"href":"https:\/\/gesundheitsberatung.com\/psychologie\/wp-json\/wp\/v2\/media?parent=17680"}],"wp:term":[{"taxonomy":"product_cat","embeddable":true,"href":"https:\/\/gesundheitsberatung.com\/psychologie\/wp-json\/wp\/v2\/product_cat?post=17680"},{"taxonomy":"product_tag","embeddable":true,"href":"https:\/\/gesundheitsberatung.com\/psychologie\/wp-json\/wp\/v2\/product_tag?post=17680"}],"curies":[{"name":"wp","href":"https:\/\/api.w.org\/{rel}","templated":true}]}}