{"id":17658,"date":"2016-09-29T12:25:56","date_gmt":"2016-09-29T10:25:56","guid":{"rendered":"https:\/\/gesundheitsberatung.com\/psychologie\/?post_type=product&#038;p=17658"},"modified":"2020-01-22T14:12:49","modified_gmt":"2020-01-22T13:12:49","slug":"a-pistelok","status":"publish","type":"product","link":"https:\/\/gesundheitsberatung.com\/psychologie\/online-beratung\/psychologische-berater\/a-pistelok\/","title":{"rendered":"A. Pistelok"},"content":{"rendered":"<p>Unser Denken bestimmt unsere t\u00e4glichen Entscheidungen &#8211; denken wir. Ist das wirklich so? Was w\u00e4re, wenn wir mehr auf unser Bauchgef\u00fchl, unsere Intuition h\u00f6ren w\u00fcrden?Wo f\u00fchlen wir uns wohl?Lassen Sie uns in einem Gespr\u00e4ch herausfinden, wo Sie sich wohl f\u00fchlen und wo das nicht der Fall ist. Gemeinsam k\u00f6nnen wir einen Weg zur L\u00f6sung finden und mit Achtsamkeit Ihrer Intuition, Ihrer inneren Stimme wieder n\u00e4her kommen.Ich freue mich auf Sie.Herzliche Gr\u00fc\u00dfe,Anne Pistelok <span class=\"display_none\">5408<\/span><\/p>\n","protected":false},"excerpt":{"rendered":"<p>In der heutigen Zeit stellt der t\u00e4gliche Stress hohe Anforderungen an das Denken. Viele Entscheidungen m\u00fcssen getroffen werden. Wo bleibt uns Zeit zum intuitiven Nachf\u00fchlen?<\/p>\n","protected":false},"featured_media":23061,"comment_status":"open","ping_status":"closed","template":"","meta":[],"product_cat":[],"product_tag":[],"class_list":["post-17658","product","type-product","status-publish","has-post-thumbnail","hentry","online_berater-psychologische-berater"],"yoast_head":"<!-- This site is optimized with the Yoast SEO plugin v26.0 - https:\/\/yoast.com\/wordpress\/plugins\/seo\/ -->\n<title>A. Pistelok &#187; Psychologische Berater &#187; Vistano \u260e Beratung<\/title>\n<meta name=\"description\" content=\"Vistano Psychologische Berater &#187; In der heutigen Zeit stellt der t\u00e4gliche Stress hohe Anforderungen an das Denken. Viele Entscheidungen m\u00fcssen getroffen werden. Wo bleibt uns Zeit zum intuitiven Nachf\u00fchlen?\" \/>\n<meta name=\"robots\" content=\"index, follow, max-snippet:-1, max-image-preview:large, max-video-preview:-1\" \/>\n<link rel=\"canonical\" href=\"https:\/\/gesundheitsberatung.com\/psychologie\/online-beratung\/psychologische-berater\/a-pistelok\/\" \/>\n<meta property=\"og:locale\" content=\"de_DE\" \/>\n<meta property=\"og:type\" content=\"article\" \/>\n<meta property=\"og:title\" content=\"A. Pistelok &#187; Psychologische Berater &#187; Vistano \u260e Beratung\" \/>\n<meta property=\"og:description\" content=\"Vistano Psychologische Berater &#187; In der heutigen Zeit stellt der t\u00e4gliche Stress hohe Anforderungen an das Denken. Viele Entscheidungen m\u00fcssen getroffen werden. Wo bleibt uns Zeit zum intuitiven Nachf\u00fchlen?\" \/>\n<meta property=\"og:url\" content=\"https:\/\/gesundheitsberatung.com\/psychologie\/online-beratung\/psychologische-berater\/a-pistelok\/\" \/>\n<meta property=\"og:site_name\" content=\"Psychologie\" \/>\n<meta property=\"article:publisher\" content=\"https:\/\/www.facebook.com\/psychologie\/\" \/>\n<meta property=\"article:modified_time\" content=\"2020-01-22T13:12:49+00:00\" \/>\n<meta property=\"og:image\" content=\"https:\/\/gesundheitsberatung.com\/psychologie\/wp-content\/uploads\/sites\/2\/a-pistelok-psychologische-berater-vistano-berater-id-5408.jpg\" \/>\n\t<meta property=\"og:image:width\" content=\"700\" \/>\n\t<meta property=\"og:image:height\" content=\"700\" \/>\n\t<meta property=\"og:image:type\" content=\"image\/jpeg\" \/>\n<meta name=\"twitter:card\" content=\"summary_large_image\" \/>\n<meta name=\"twitter:site\" content=\"@Vistano\" \/>\n<script type=\"application\/ld+json\" class=\"yoast-schema-graph\">{\"@context\":\"https:\/\/schema.org\",\"@graph\":[{\"@type\":\"WebPage\",\"@id\":\"https:\/\/gesundheitsberatung.com\/psychologie\/online-beratung\/psychologische-berater\/a-pistelok\/\",\"url\":\"https:\/\/gesundheitsberatung.com\/psychologie\/online-beratung\/psychologische-berater\/a-pistelok\/\",\"name\":\"A. Pistelok &#187; Psychologische Berater &#187; Vistano \u260e Beratung\",\"isPartOf\":{\"@id\":\"https:\/\/gesundheitsberatung.com\/psychologie\/#website\"},\"primaryImageOfPage\":{\"@id\":\"https:\/\/gesundheitsberatung.com\/psychologie\/online-beratung\/psychologische-berater\/a-pistelok\/#primaryimage\"},\"image\":{\"@id\":\"https:\/\/gesundheitsberatung.com\/psychologie\/online-beratung\/psychologische-berater\/a-pistelok\/#primaryimage\"},\"thumbnailUrl\":\"https:\/\/gesundheitsberatung.com\/psychologie\/wp-content\/uploads\/sites\/2\/a-pistelok-psychologische-berater-vistano-berater-id-5408.jpg\",\"datePublished\":\"2016-09-29T10:25:56+00:00\",\"dateModified\":\"2020-01-22T13:12:49+00:00\",\"description\":\"Vistano Psychologische Berater &#187; In der heutigen Zeit stellt der t\u00e4gliche Stress hohe Anforderungen an das Denken. Viele Entscheidungen m\u00fcssen getroffen werden. Wo bleibt uns Zeit zum intuitiven Nachf\u00fchlen?\",\"breadcrumb\":{\"@id\":\"https:\/\/gesundheitsberatung.com\/psychologie\/online-beratung\/psychologische-berater\/a-pistelok\/#breadcrumb\"},\"inLanguage\":\"de\",\"potentialAction\":[{\"@type\":\"ReadAction\",\"target\":[\"https:\/\/gesundheitsberatung.com\/psychologie\/online-beratung\/psychologische-berater\/a-pistelok\/\"]}]},{\"@type\":\"ImageObject\",\"inLanguage\":\"de\",\"@id\":\"https:\/\/gesundheitsberatung.com\/psychologie\/online-beratung\/psychologische-berater\/a-pistelok\/#primaryimage\",\"url\":\"https:\/\/gesundheitsberatung.com\/psychologie\/wp-content\/uploads\/sites\/2\/a-pistelok-psychologische-berater-vistano-berater-id-5408.jpg\",\"contentUrl\":\"https:\/\/gesundheitsberatung.com\/psychologie\/wp-content\/uploads\/sites\/2\/a-pistelok-psychologische-berater-vistano-berater-id-5408.jpg\",\"width\":700,\"height\":700,\"caption\":\"Psychologische Berater A. Pistelok - Berater-ID: 5408\"},{\"@type\":\"BreadcrumbList\",\"@id\":\"https:\/\/gesundheitsberatung.com\/psychologie\/online-beratung\/psychologische-berater\/a-pistelok\/#breadcrumb\",\"itemListElement\":[{\"@type\":\"ListItem\",\"position\":1,\"name\":\"Home\",\"item\":\"https:\/\/gesundheitsberatung.com\/psychologie\/\"},{\"@type\":\"ListItem\",\"position\":2,\"name\":\"Produkte\",\"item\":\"https:\/\/gesundheitsberatung.com\/psychologie\/shop\/\"},{\"@type\":\"ListItem\",\"position\":3,\"name\":\"Online Beratung\",\"item\":\"https:\/\/gesundheitsberatung.com\/psychologie\/online_berater\/online-beratung\/\"},{\"@type\":\"ListItem\",\"position\":4,\"name\":\"Psychologische Berater\",\"item\":\"https:\/\/gesundheitsberatung.com\/psychologie\/online_berater\/psychologische-berater\/\"},{\"@type\":\"ListItem\",\"position\":5,\"name\":\"A. Pistelok\"}]},{\"@type\":\"WebSite\",\"@id\":\"https:\/\/gesundheitsberatung.com\/psychologie\/#website\",\"url\":\"https:\/\/gesundheitsberatung.com\/psychologie\/\",\"name\":\"Psychologie\",\"description\":\"Psychologie \u260e Beratung durch Psychologen! Jetzt Gratis-Beratung sichern: \u2714 Diplom Psychologen \u2714 Heilpraktiker f\u00fcr Psychotherapie \u2714 Psychotherapeuten \u2714 Psychologische Berater bei Vistano Psychologie.\",\"potentialAction\":[{\"@type\":\"SearchAction\",\"target\":{\"@type\":\"EntryPoint\",\"urlTemplate\":\"https:\/\/gesundheitsberatung.com\/psychologie\/?s={search_term_string}\"},\"query-input\":{\"@type\":\"PropertyValueSpecification\",\"valueRequired\":true,\"valueName\":\"search_term_string\"}}],\"inLanguage\":\"de\"}]}<\/script>\n<!-- \/ Yoast SEO plugin. -->","yoast_head_json":{"title":"A. Pistelok &#187; Psychologische Berater &#187; Vistano \u260e Beratung","description":"Vistano Psychologische Berater &#187; In der heutigen Zeit stellt der t\u00e4gliche Stress hohe Anforderungen an das Denken. Viele Entscheidungen m\u00fcssen getroffen werden. Wo bleibt uns Zeit zum intuitiven Nachf\u00fchlen?","robots":{"index":"index","follow":"follow","max-snippet":"max-snippet:-1","max-image-preview":"max-image-preview:large","max-video-preview":"max-video-preview:-1"},"canonical":"https:\/\/gesundheitsberatung.com\/psychologie\/online-beratung\/psychologische-berater\/a-pistelok\/","og_locale":"de_DE","og_type":"article","og_title":"A. Pistelok &#187; Psychologische Berater &#187; Vistano \u260e Beratung","og_description":"Vistano Psychologische Berater &#187; In der heutigen Zeit stellt der t\u00e4gliche Stress hohe Anforderungen an das Denken. Viele Entscheidungen m\u00fcssen getroffen werden. Wo bleibt uns Zeit zum intuitiven Nachf\u00fchlen?","og_url":"https:\/\/gesundheitsberatung.com\/psychologie\/online-beratung\/psychologische-berater\/a-pistelok\/","og_site_name":"Psychologie","article_publisher":"https:\/\/www.facebook.com\/psychologie\/","article_modified_time":"2020-01-22T13:12:49+00:00","og_image":[{"width":700,"height":700,"url":"https:\/\/gesundheitsberatung.com\/psychologie\/wp-content\/uploads\/sites\/2\/a-pistelok-psychologische-berater-vistano-berater-id-5408.jpg","type":"image\/jpeg"}],"twitter_card":"summary_large_image","twitter_site":"@Vistano","schema":{"@context":"https:\/\/schema.org","@graph":[{"@type":"WebPage","@id":"https:\/\/gesundheitsberatung.com\/psychologie\/online-beratung\/psychologische-berater\/a-pistelok\/","url":"https:\/\/gesundheitsberatung.com\/psychologie\/online-beratung\/psychologische-berater\/a-pistelok\/","name":"A. Pistelok &#187; Psychologische Berater &#187; Vistano \u260e Beratung","isPartOf":{"@id":"https:\/\/gesundheitsberatung.com\/psychologie\/#website"},"primaryImageOfPage":{"@id":"https:\/\/gesundheitsberatung.com\/psychologie\/online-beratung\/psychologische-berater\/a-pistelok\/#primaryimage"},"image":{"@id":"https:\/\/gesundheitsberatung.com\/psychologie\/online-beratung\/psychologische-berater\/a-pistelok\/#primaryimage"},"thumbnailUrl":"https:\/\/gesundheitsberatung.com\/psychologie\/wp-content\/uploads\/sites\/2\/a-pistelok-psychologische-berater-vistano-berater-id-5408.jpg","datePublished":"2016-09-29T10:25:56+00:00","dateModified":"2020-01-22T13:12:49+00:00","description":"Vistano Psychologische Berater &#187; In der heutigen Zeit stellt der t\u00e4gliche Stress hohe Anforderungen an das Denken. Viele Entscheidungen m\u00fcssen getroffen werden. Wo bleibt uns Zeit zum intuitiven Nachf\u00fchlen?","breadcrumb":{"@id":"https:\/\/gesundheitsberatung.com\/psychologie\/online-beratung\/psychologische-berater\/a-pistelok\/#breadcrumb"},"inLanguage":"de","potentialAction":[{"@type":"ReadAction","target":["https:\/\/gesundheitsberatung.com\/psychologie\/online-beratung\/psychologische-berater\/a-pistelok\/"]}]},{"@type":"ImageObject","inLanguage":"de","@id":"https:\/\/gesundheitsberatung.com\/psychologie\/online-beratung\/psychologische-berater\/a-pistelok\/#primaryimage","url":"https:\/\/gesundheitsberatung.com\/psychologie\/wp-content\/uploads\/sites\/2\/a-pistelok-psychologische-berater-vistano-berater-id-5408.jpg","contentUrl":"https:\/\/gesundheitsberatung.com\/psychologie\/wp-content\/uploads\/sites\/2\/a-pistelok-psychologische-berater-vistano-berater-id-5408.jpg","width":700,"height":700,"caption":"Psychologische Berater A. Pistelok - Berater-ID: 5408"},{"@type":"BreadcrumbList","@id":"https:\/\/gesundheitsberatung.com\/psychologie\/online-beratung\/psychologische-berater\/a-pistelok\/#breadcrumb","itemListElement":[{"@type":"ListItem","position":1,"name":"Home","item":"https:\/\/gesundheitsberatung.com\/psychologie\/"},{"@type":"ListItem","position":2,"name":"Produkte","item":"https:\/\/gesundheitsberatung.com\/psychologie\/shop\/"},{"@type":"ListItem","position":3,"name":"Online Beratung","item":"https:\/\/gesundheitsberatung.com\/psychologie\/online_berater\/online-beratung\/"},{"@type":"ListItem","position":4,"name":"Psychologische Berater","item":"https:\/\/gesundheitsberatung.com\/psychologie\/online_berater\/psychologische-berater\/"},{"@type":"ListItem","position":5,"name":"A. Pistelok"}]},{"@type":"WebSite","@id":"https:\/\/gesundheitsberatung.com\/psychologie\/#website","url":"https:\/\/gesundheitsberatung.com\/psychologie\/","name":"Psychologie","description":"Psychologie \u260e Beratung durch Psychologen! Jetzt Gratis-Beratung sichern: \u2714 Diplom Psychologen \u2714 Heilpraktiker f\u00fcr Psychotherapie \u2714 Psychotherapeuten \u2714 Psychologische Berater bei Vistano Psychologie.","potentialAction":[{"@type":"SearchAction","target":{"@type":"EntryPoint","urlTemplate":"https:\/\/gesundheitsberatung.com\/psychologie\/?s={search_term_string}"},"query-input":{"@type":"PropertyValueSpecification","valueRequired":true,"valueName":"search_term_string"}}],"inLanguage":"de"}]}},"_links":{"self":[{"href":"https:\/\/gesundheitsberatung.com\/psychologie\/wp-json\/wp\/v2\/product\/17658","targetHints":{"allow":["GET"]}}],"collection":[{"href":"https:\/\/gesundheitsberatung.com\/psychologie\/wp-json\/wp\/v2\/product"}],"about":[{"href":"https:\/\/gesundheitsberatung.com\/psychologie\/wp-json\/wp\/v2\/types\/product"}],"replies":[{"embeddable":true,"href":"https:\/\/gesundheitsberatung.com\/psychologie\/wp-json\/wp\/v2\/comments?post=17658"}],"wp:featuredmedia":[{"embeddable":true,"href":"https:\/\/gesundheitsberatung.com\/psychologie\/wp-json\/wp\/v2\/media\/23061"}],"wp:attachment":[{"href":"https:\/\/gesundheitsberatung.com\/psychologie\/wp-json\/wp\/v2\/media?parent=17658"}],"wp:term":[{"taxonomy":"product_cat","embeddable":true,"href":"https:\/\/gesundheitsberatung.com\/psychologie\/wp-json\/wp\/v2\/product_cat?post=17658"},{"taxonomy":"product_tag","embeddable":true,"href":"https:\/\/gesundheitsberatung.com\/psychologie\/wp-json\/wp\/v2\/product_tag?post=17658"}],"curies":[{"name":"wp","href":"https:\/\/api.w.org\/{rel}","templated":true}]}}