{"id":17652,"date":"2016-09-26T11:30:21","date_gmt":"2016-09-26T09:30:21","guid":{"rendered":"https:\/\/gesundheitsberatung.com\/psychologie\/?post_type=product&#038;p=17652"},"modified":"2025-06-25T09:42:07","modified_gmt":"2025-06-25T07:42:07","slug":"w-grosse","status":"publish","type":"product","link":"https:\/\/gesundheitsberatung.com\/psychologie\/online-beratung\/heilpraktiker-fuer-psychotherapie\/w-grosse\/","title":{"rendered":"W. Gro\u00dfe"},"content":{"rendered":"<p>Ob in der Krankheit, im Beruf, in der Beziehung oder ganz allgemein haben auch Sie es sich verdient wieder gl\u00fccklich zu sein.\u00a0<\/p>\n<p>\nGern berate ich Sie auch in den Bereichen:<br \/>\n\u00a0<br \/>\n&#8211; \u00c4ngste\u00a0<br \/>\n&#8211; Angst und Therapie<\/p>\n<p>&#8211; Burnout<\/p>\n<p>&#8211; Depressionen<\/p>\n<p>&#8211; Krisenbew\u00e4ltigung<br \/>\n\u00a0<br \/>\n&#8211; Einsamkeit<\/p>\n<p>&#8211; Lebensberatung<\/p>\n<p>&#8211;\u00a0Paarberatung\u00a0<\/p>\n<p>&#8211; Liebeskummer<\/p>\n<p>&#8211; Psychologische Hilfe anonym<\/p>\n<p>&#8211; Hilfe Angeh\u00f6rige<\/p>\n<p>&#8211; Selbstfindung<\/p>\n<p>&#8211; Trauerbew\u00e4ltigung<\/p>\n<p>&#8211; Ziele\u00a0<\/p>\n<p>Arbeiten wir gemeinsam am Problem\u00a0<\/p>\n<p>Ihr Werner Gro\u00dfe<\/p>\n<p>Heilpraktiker f\u00fcr Psychotherapie<span class=\"display_none\">5384<\/span><\/p>\n","protected":false},"excerpt":{"rendered":"<p>Beziehung, Partnerschaft, Familie, Krankheit, Beruf, Krise, \u00c4ngste, Ziele \u2013 Gemeinsam kl\u00e4ren wir offene Fragen und finden Schritt f\u00fcr Schritt mit Ihren M\u00f6glichkeiten L\u00f6sungen.<\/p>\n","protected":false},"featured_media":381988,"comment_status":"open","ping_status":"closed","template":"","meta":[],"product_cat":[],"product_tag":[],"class_list":["post-17652","product","type-product","status-publish","has-post-thumbnail","hentry","online_berater-heilpraktiker-fuer-psychotherapie"],"yoast_head":"<!-- This site is optimized with the Yoast SEO plugin v26.0 - https:\/\/yoast.com\/wordpress\/plugins\/seo\/ -->\n<title>W. Gro\u00dfe &#187; Heilpraktiker f\u00fcr Psychotherapie &#187; Vistano \u260e Beratung<\/title>\n<meta name=\"description\" content=\"Vistano Heilpraktiker f\u00fcr Psychotherapie &#187; Beziehung, Partnerschaft, Familie, Krankheit, Beruf, Krise, \u00c4ngste, Ziele \u2013 Gemeinsam kl\u00e4ren wir offene Fragen und finden Schritt f\u00fcr Schritt mit Ihren M\u00f6glichkeiten L\u00f6sungen.\" \/>\n<meta name=\"robots\" content=\"index, follow, max-snippet:-1, max-image-preview:large, max-video-preview:-1\" \/>\n<link rel=\"canonical\" href=\"https:\/\/gesundheitsberatung.com\/psychologie\/online-beratung\/heilpraktiker-fuer-psychotherapie\/w-grosse\/\" \/>\n<meta property=\"og:locale\" content=\"de_DE\" \/>\n<meta property=\"og:type\" content=\"article\" \/>\n<meta property=\"og:title\" content=\"W. Gro\u00dfe &#187; Heilpraktiker f\u00fcr Psychotherapie &#187; Vistano \u260e Beratung\" \/>\n<meta property=\"og:description\" content=\"Vistano Heilpraktiker f\u00fcr Psychotherapie &#187; Beziehung, Partnerschaft, Familie, Krankheit, Beruf, Krise, \u00c4ngste, Ziele \u2013 Gemeinsam kl\u00e4ren wir offene Fragen und finden Schritt f\u00fcr Schritt mit Ihren M\u00f6glichkeiten L\u00f6sungen.\" \/>\n<meta property=\"og:url\" content=\"https:\/\/gesundheitsberatung.com\/psychologie\/online-beratung\/heilpraktiker-fuer-psychotherapie\/w-grosse\/\" \/>\n<meta property=\"og:site_name\" content=\"Psychologie\" \/>\n<meta property=\"article:publisher\" content=\"https:\/\/www.facebook.com\/psychologie\/\" \/>\n<meta property=\"article:modified_time\" content=\"2025-06-25T07:42:07+00:00\" \/>\n<meta property=\"og:image\" content=\"https:\/\/gesundheitsberatung.com\/psychologie\/wp-content\/uploads\/sites\/2\/w-gro-e-heilpraktiker-f-r-psychotherapie-vistano-berater-id-5384.jpg\" \/>\n\t<meta property=\"og:image:width\" content=\"800\" \/>\n\t<meta property=\"og:image:height\" content=\"800\" \/>\n\t<meta property=\"og:image:type\" content=\"image\/jpeg\" \/>\n<meta name=\"twitter:card\" content=\"summary_large_image\" \/>\n<meta name=\"twitter:site\" content=\"@Vistano\" \/>\n<script type=\"application\/ld+json\" class=\"yoast-schema-graph\">{\"@context\":\"https:\/\/schema.org\",\"@graph\":[{\"@type\":\"WebPage\",\"@id\":\"https:\/\/gesundheitsberatung.com\/psychologie\/online-beratung\/heilpraktiker-fuer-psychotherapie\/w-grosse\/\",\"url\":\"https:\/\/gesundheitsberatung.com\/psychologie\/online-beratung\/heilpraktiker-fuer-psychotherapie\/w-grosse\/\",\"name\":\"W. Gro\u00dfe &#187; Heilpraktiker f\u00fcr Psychotherapie &#187; Vistano \u260e Beratung\",\"isPartOf\":{\"@id\":\"https:\/\/gesundheitsberatung.com\/psychologie\/#website\"},\"primaryImageOfPage\":{\"@id\":\"https:\/\/gesundheitsberatung.com\/psychologie\/online-beratung\/heilpraktiker-fuer-psychotherapie\/w-grosse\/#primaryimage\"},\"image\":{\"@id\":\"https:\/\/gesundheitsberatung.com\/psychologie\/online-beratung\/heilpraktiker-fuer-psychotherapie\/w-grosse\/#primaryimage\"},\"thumbnailUrl\":\"https:\/\/gesundheitsberatung.com\/psychologie\/wp-content\/uploads\/sites\/2\/w-gro-e-heilpraktiker-f-r-psychotherapie-vistano-berater-id-5384-scaled.jpg\",\"datePublished\":\"2016-09-26T09:30:21+00:00\",\"dateModified\":\"2025-06-25T07:42:07+00:00\",\"description\":\"Vistano Heilpraktiker f\u00fcr Psychotherapie &#187; Beziehung, Partnerschaft, Familie, Krankheit, Beruf, Krise, \u00c4ngste, Ziele \u2013 Gemeinsam kl\u00e4ren wir offene Fragen und finden Schritt f\u00fcr Schritt mit Ihren M\u00f6glichkeiten L\u00f6sungen.\",\"breadcrumb\":{\"@id\":\"https:\/\/gesundheitsberatung.com\/psychologie\/online-beratung\/heilpraktiker-fuer-psychotherapie\/w-grosse\/#breadcrumb\"},\"inLanguage\":\"de\",\"potentialAction\":[{\"@type\":\"ReadAction\",\"target\":[\"https:\/\/gesundheitsberatung.com\/psychologie\/online-beratung\/heilpraktiker-fuer-psychotherapie\/w-grosse\/\"]}]},{\"@type\":\"ImageObject\",\"inLanguage\":\"de\",\"@id\":\"https:\/\/gesundheitsberatung.com\/psychologie\/online-beratung\/heilpraktiker-fuer-psychotherapie\/w-grosse\/#primaryimage\",\"url\":\"https:\/\/gesundheitsberatung.com\/psychologie\/wp-content\/uploads\/sites\/2\/w-gro-e-heilpraktiker-f-r-psychotherapie-vistano-berater-id-5384-scaled.jpg\",\"contentUrl\":\"https:\/\/gesundheitsberatung.com\/psychologie\/wp-content\/uploads\/sites\/2\/w-gro-e-heilpraktiker-f-r-psychotherapie-vistano-berater-id-5384-scaled.jpg\",\"width\":2560,\"height\":2560,\"caption\":\"Heilpraktiker f\u00fcr Psychotherapie W. Gro\u00dfe - Berater-ID: 5384\"},{\"@type\":\"BreadcrumbList\",\"@id\":\"https:\/\/gesundheitsberatung.com\/psychologie\/online-beratung\/heilpraktiker-fuer-psychotherapie\/w-grosse\/#breadcrumb\",\"itemListElement\":[{\"@type\":\"ListItem\",\"position\":1,\"name\":\"Home\",\"item\":\"https:\/\/gesundheitsberatung.com\/psychologie\/\"},{\"@type\":\"ListItem\",\"position\":2,\"name\":\"Produkte\",\"item\":\"https:\/\/gesundheitsberatung.com\/psychologie\/shop\/\"},{\"@type\":\"ListItem\",\"position\":3,\"name\":\"Online Beratung\",\"item\":\"https:\/\/gesundheitsberatung.com\/psychologie\/online_berater\/online-beratung\/\"},{\"@type\":\"ListItem\",\"position\":4,\"name\":\"Heilpraktiker f\u00fcr Psychotherapie\",\"item\":\"https:\/\/gesundheitsberatung.com\/psychologie\/online_berater\/heilpraktiker-fuer-psychotherapie\/\"},{\"@type\":\"ListItem\",\"position\":5,\"name\":\"W. Gro\u00dfe\"}]},{\"@type\":\"WebSite\",\"@id\":\"https:\/\/gesundheitsberatung.com\/psychologie\/#website\",\"url\":\"https:\/\/gesundheitsberatung.com\/psychologie\/\",\"name\":\"Psychologie\",\"description\":\"Psychologie \u260e Beratung durch Psychologen! Jetzt Gratis-Beratung sichern: \u2714 Diplom Psychologen \u2714 Heilpraktiker f\u00fcr Psychotherapie \u2714 Psychotherapeuten \u2714 Psychologische Berater bei Vistano Psychologie.\",\"potentialAction\":[{\"@type\":\"SearchAction\",\"target\":{\"@type\":\"EntryPoint\",\"urlTemplate\":\"https:\/\/gesundheitsberatung.com\/psychologie\/?s={search_term_string}\"},\"query-input\":{\"@type\":\"PropertyValueSpecification\",\"valueRequired\":true,\"valueName\":\"search_term_string\"}}],\"inLanguage\":\"de\"}]}<\/script>\n<!-- \/ Yoast SEO plugin. -->","yoast_head_json":{"title":"W. Gro\u00dfe &#187; Heilpraktiker f\u00fcr Psychotherapie &#187; Vistano \u260e Beratung","description":"Vistano Heilpraktiker f\u00fcr Psychotherapie &#187; Beziehung, Partnerschaft, Familie, Krankheit, Beruf, Krise, \u00c4ngste, Ziele \u2013 Gemeinsam kl\u00e4ren wir offene Fragen und finden Schritt f\u00fcr Schritt mit Ihren M\u00f6glichkeiten L\u00f6sungen.","robots":{"index":"index","follow":"follow","max-snippet":"max-snippet:-1","max-image-preview":"max-image-preview:large","max-video-preview":"max-video-preview:-1"},"canonical":"https:\/\/gesundheitsberatung.com\/psychologie\/online-beratung\/heilpraktiker-fuer-psychotherapie\/w-grosse\/","og_locale":"de_DE","og_type":"article","og_title":"W. Gro\u00dfe &#187; Heilpraktiker f\u00fcr Psychotherapie &#187; Vistano \u260e Beratung","og_description":"Vistano Heilpraktiker f\u00fcr Psychotherapie &#187; Beziehung, Partnerschaft, Familie, Krankheit, Beruf, Krise, \u00c4ngste, Ziele \u2013 Gemeinsam kl\u00e4ren wir offene Fragen und finden Schritt f\u00fcr Schritt mit Ihren M\u00f6glichkeiten L\u00f6sungen.","og_url":"https:\/\/gesundheitsberatung.com\/psychologie\/online-beratung\/heilpraktiker-fuer-psychotherapie\/w-grosse\/","og_site_name":"Psychologie","article_publisher":"https:\/\/www.facebook.com\/psychologie\/","article_modified_time":"2025-06-25T07:42:07+00:00","og_image":[{"width":800,"height":800,"url":"https:\/\/gesundheitsberatung.com\/psychologie\/wp-content\/uploads\/sites\/2\/w-gro-e-heilpraktiker-f-r-psychotherapie-vistano-berater-id-5384.jpg","type":"image\/jpeg"}],"twitter_card":"summary_large_image","twitter_site":"@Vistano","schema":{"@context":"https:\/\/schema.org","@graph":[{"@type":"WebPage","@id":"https:\/\/gesundheitsberatung.com\/psychologie\/online-beratung\/heilpraktiker-fuer-psychotherapie\/w-grosse\/","url":"https:\/\/gesundheitsberatung.com\/psychologie\/online-beratung\/heilpraktiker-fuer-psychotherapie\/w-grosse\/","name":"W. Gro\u00dfe &#187; Heilpraktiker f\u00fcr Psychotherapie &#187; Vistano \u260e Beratung","isPartOf":{"@id":"https:\/\/gesundheitsberatung.com\/psychologie\/#website"},"primaryImageOfPage":{"@id":"https:\/\/gesundheitsberatung.com\/psychologie\/online-beratung\/heilpraktiker-fuer-psychotherapie\/w-grosse\/#primaryimage"},"image":{"@id":"https:\/\/gesundheitsberatung.com\/psychologie\/online-beratung\/heilpraktiker-fuer-psychotherapie\/w-grosse\/#primaryimage"},"thumbnailUrl":"https:\/\/gesundheitsberatung.com\/psychologie\/wp-content\/uploads\/sites\/2\/w-gro-e-heilpraktiker-f-r-psychotherapie-vistano-berater-id-5384-scaled.jpg","datePublished":"2016-09-26T09:30:21+00:00","dateModified":"2025-06-25T07:42:07+00:00","description":"Vistano Heilpraktiker f\u00fcr Psychotherapie &#187; Beziehung, Partnerschaft, Familie, Krankheit, Beruf, Krise, \u00c4ngste, Ziele \u2013 Gemeinsam kl\u00e4ren wir offene Fragen und finden Schritt f\u00fcr Schritt mit Ihren M\u00f6glichkeiten L\u00f6sungen.","breadcrumb":{"@id":"https:\/\/gesundheitsberatung.com\/psychologie\/online-beratung\/heilpraktiker-fuer-psychotherapie\/w-grosse\/#breadcrumb"},"inLanguage":"de","potentialAction":[{"@type":"ReadAction","target":["https:\/\/gesundheitsberatung.com\/psychologie\/online-beratung\/heilpraktiker-fuer-psychotherapie\/w-grosse\/"]}]},{"@type":"ImageObject","inLanguage":"de","@id":"https:\/\/gesundheitsberatung.com\/psychologie\/online-beratung\/heilpraktiker-fuer-psychotherapie\/w-grosse\/#primaryimage","url":"https:\/\/gesundheitsberatung.com\/psychologie\/wp-content\/uploads\/sites\/2\/w-gro-e-heilpraktiker-f-r-psychotherapie-vistano-berater-id-5384-scaled.jpg","contentUrl":"https:\/\/gesundheitsberatung.com\/psychologie\/wp-content\/uploads\/sites\/2\/w-gro-e-heilpraktiker-f-r-psychotherapie-vistano-berater-id-5384-scaled.jpg","width":2560,"height":2560,"caption":"Heilpraktiker f\u00fcr Psychotherapie W. Gro\u00dfe - Berater-ID: 5384"},{"@type":"BreadcrumbList","@id":"https:\/\/gesundheitsberatung.com\/psychologie\/online-beratung\/heilpraktiker-fuer-psychotherapie\/w-grosse\/#breadcrumb","itemListElement":[{"@type":"ListItem","position":1,"name":"Home","item":"https:\/\/gesundheitsberatung.com\/psychologie\/"},{"@type":"ListItem","position":2,"name":"Produkte","item":"https:\/\/gesundheitsberatung.com\/psychologie\/shop\/"},{"@type":"ListItem","position":3,"name":"Online Beratung","item":"https:\/\/gesundheitsberatung.com\/psychologie\/online_berater\/online-beratung\/"},{"@type":"ListItem","position":4,"name":"Heilpraktiker f\u00fcr Psychotherapie","item":"https:\/\/gesundheitsberatung.com\/psychologie\/online_berater\/heilpraktiker-fuer-psychotherapie\/"},{"@type":"ListItem","position":5,"name":"W. Gro\u00dfe"}]},{"@type":"WebSite","@id":"https:\/\/gesundheitsberatung.com\/psychologie\/#website","url":"https:\/\/gesundheitsberatung.com\/psychologie\/","name":"Psychologie","description":"Psychologie \u260e Beratung durch Psychologen! Jetzt Gratis-Beratung sichern: \u2714 Diplom Psychologen \u2714 Heilpraktiker f\u00fcr Psychotherapie \u2714 Psychotherapeuten \u2714 Psychologische Berater bei Vistano Psychologie.","potentialAction":[{"@type":"SearchAction","target":{"@type":"EntryPoint","urlTemplate":"https:\/\/gesundheitsberatung.com\/psychologie\/?s={search_term_string}"},"query-input":{"@type":"PropertyValueSpecification","valueRequired":true,"valueName":"search_term_string"}}],"inLanguage":"de"}]}},"_links":{"self":[{"href":"https:\/\/gesundheitsberatung.com\/psychologie\/wp-json\/wp\/v2\/product\/17652","targetHints":{"allow":["GET"]}}],"collection":[{"href":"https:\/\/gesundheitsberatung.com\/psychologie\/wp-json\/wp\/v2\/product"}],"about":[{"href":"https:\/\/gesundheitsberatung.com\/psychologie\/wp-json\/wp\/v2\/types\/product"}],"replies":[{"embeddable":true,"href":"https:\/\/gesundheitsberatung.com\/psychologie\/wp-json\/wp\/v2\/comments?post=17652"}],"wp:featuredmedia":[{"embeddable":true,"href":"https:\/\/gesundheitsberatung.com\/psychologie\/wp-json\/wp\/v2\/media\/381988"}],"wp:attachment":[{"href":"https:\/\/gesundheitsberatung.com\/psychologie\/wp-json\/wp\/v2\/media?parent=17652"}],"wp:term":[{"taxonomy":"product_cat","embeddable":true,"href":"https:\/\/gesundheitsberatung.com\/psychologie\/wp-json\/wp\/v2\/product_cat?post=17652"},{"taxonomy":"product_tag","embeddable":true,"href":"https:\/\/gesundheitsberatung.com\/psychologie\/wp-json\/wp\/v2\/product_tag?post=17652"}],"curies":[{"name":"wp","href":"https:\/\/api.w.org\/{rel}","templated":true}]}}