{"id":17641,"date":"2016-09-29T22:12:56","date_gmt":"2016-09-29T20:12:56","guid":{"rendered":"https:\/\/gesundheitsberatung.com\/psychologie\/?post_type=product&#038;p=17641"},"modified":"2020-01-22T15:04:49","modified_gmt":"2020-01-22T14:04:49","slug":"s-mueller","status":"publish","type":"product","link":"https:\/\/gesundheitsberatung.com\/psychologie\/online-beratung\/diplompsychologen-msc-psychologie\/s-mueller\/","title":{"rendered":"S. M\u00fcller"},"content":{"rendered":"<p>\u00a0\u00a0&#8220;Pers\u00f6nliche gewonnene Einsicht beeinflusst das Verhalten weit st\u00e4rker als blo\u00dfes Faktenwissen.&#8221; A.W. Hunziker Ohne gro\u00dfe Worte&#8230;Sie brauchen Hilfe und ich bin f\u00fcr Sie da. Individuelle Beratung.- Paar- und Familienberatung- Beratung bei Trennungsprozessen- Beratung bei Trauer\u00a0 &#8211; Krisenintervention- ErziehungsberatungManchmal reichen &#8220;Worte&#8221; die eine Situation aus anderer Sicht beschreiben, um zu VERSTEHEN. <span class=\"display_none\">5360<\/span><\/p>\n","protected":false},"excerpt":{"rendered":"<p>Ich bin Familientherapeutin in eignener Praxis (M\u00fcnchen). Mein Schwerpunkt liegt in der Erziehungsberatung\/Erziehungshilfe, Paartherapie und Einzeltherapie (humanistische Verfahren).<\/p>\n","protected":false},"featured_media":22978,"comment_status":"open","ping_status":"closed","template":"","meta":[],"product_cat":[],"product_tag":[],"class_list":["post-17641","product","type-product","status-publish","has-post-thumbnail","hentry","online_berater-diplompsychologen-msc-psychologie"],"yoast_head":"<!-- This site is optimized with the Yoast SEO plugin v26.0 - https:\/\/yoast.com\/wordpress\/plugins\/seo\/ -->\n<title>S. M\u00fcller &#187; Diplompsychologen \/ M.Sc. Psychologie &#187; Vistano \u260e Beratung<\/title>\n<meta name=\"description\" content=\"Vistano Diplompsychologen \/ M.Sc. Psychologie &#187; Ich bin Familientherapeutin in eignener Praxis (M\u00fcnchen). Mein Schwerpunkt liegt in der Erziehungsberatung\/Erziehungshilfe, Paartherapie und Einzeltherapie (humanistische Verfahren).\" \/>\n<meta name=\"robots\" content=\"index, follow, max-snippet:-1, max-image-preview:large, max-video-preview:-1\" \/>\n<link rel=\"canonical\" href=\"https:\/\/gesundheitsberatung.com\/psychologie\/online-beratung\/diplompsychologen-msc-psychologie\/s-mueller\/\" \/>\n<meta property=\"og:locale\" content=\"de_DE\" \/>\n<meta property=\"og:type\" content=\"article\" \/>\n<meta property=\"og:title\" content=\"S. M\u00fcller &#187; Diplompsychologen \/ M.Sc. Psychologie &#187; Vistano \u260e Beratung\" \/>\n<meta property=\"og:description\" content=\"Vistano Diplompsychologen \/ M.Sc. Psychologie &#187; Ich bin Familientherapeutin in eignener Praxis (M\u00fcnchen). Mein Schwerpunkt liegt in der Erziehungsberatung\/Erziehungshilfe, Paartherapie und Einzeltherapie (humanistische Verfahren).\" \/>\n<meta property=\"og:url\" content=\"https:\/\/gesundheitsberatung.com\/psychologie\/online-beratung\/diplompsychologen-msc-psychologie\/s-mueller\/\" \/>\n<meta property=\"og:site_name\" content=\"Psychologie\" \/>\n<meta property=\"article:publisher\" content=\"https:\/\/www.facebook.com\/psychologie\/\" \/>\n<meta property=\"article:modified_time\" content=\"2020-01-22T14:04:49+00:00\" \/>\n<meta property=\"og:image\" content=\"https:\/\/gesundheitsberatung.com\/psychologie\/wp-content\/uploads\/sites\/2\/s-m-ller-diplompsychologen-m-sc-psychologie--vistano-berater-id-5360.jpg\" \/>\n\t<meta property=\"og:image:width\" content=\"700\" \/>\n\t<meta property=\"og:image:height\" content=\"700\" \/>\n\t<meta property=\"og:image:type\" content=\"image\/jpeg\" \/>\n<meta name=\"twitter:card\" content=\"summary_large_image\" \/>\n<meta name=\"twitter:site\" content=\"@Vistano\" \/>\n<script type=\"application\/ld+json\" class=\"yoast-schema-graph\">{\"@context\":\"https:\/\/schema.org\",\"@graph\":[{\"@type\":\"WebPage\",\"@id\":\"https:\/\/gesundheitsberatung.com\/psychologie\/online-beratung\/diplompsychologen-msc-psychologie\/s-mueller\/\",\"url\":\"https:\/\/gesundheitsberatung.com\/psychologie\/online-beratung\/diplompsychologen-msc-psychologie\/s-mueller\/\",\"name\":\"S. M\u00fcller &#187; Diplompsychologen \/ M.Sc. Psychologie &#187; Vistano \u260e Beratung\",\"isPartOf\":{\"@id\":\"https:\/\/gesundheitsberatung.com\/psychologie\/#website\"},\"primaryImageOfPage\":{\"@id\":\"https:\/\/gesundheitsberatung.com\/psychologie\/online-beratung\/diplompsychologen-msc-psychologie\/s-mueller\/#primaryimage\"},\"image\":{\"@id\":\"https:\/\/gesundheitsberatung.com\/psychologie\/online-beratung\/diplompsychologen-msc-psychologie\/s-mueller\/#primaryimage\"},\"thumbnailUrl\":\"https:\/\/gesundheitsberatung.com\/psychologie\/wp-content\/uploads\/sites\/2\/s-m-ller-diplompsychologen-m-sc-psychologie--vistano-berater-id-5360.jpg\",\"datePublished\":\"2016-09-29T20:12:56+00:00\",\"dateModified\":\"2020-01-22T14:04:49+00:00\",\"description\":\"Vistano Diplompsychologen \/ M.Sc. Psychologie &#187; Ich bin Familientherapeutin in eignener Praxis (M\u00fcnchen). Mein Schwerpunkt liegt in der Erziehungsberatung\/Erziehungshilfe, Paartherapie und Einzeltherapie (humanistische Verfahren).\",\"breadcrumb\":{\"@id\":\"https:\/\/gesundheitsberatung.com\/psychologie\/online-beratung\/diplompsychologen-msc-psychologie\/s-mueller\/#breadcrumb\"},\"inLanguage\":\"de\",\"potentialAction\":[{\"@type\":\"ReadAction\",\"target\":[\"https:\/\/gesundheitsberatung.com\/psychologie\/online-beratung\/diplompsychologen-msc-psychologie\/s-mueller\/\"]}]},{\"@type\":\"ImageObject\",\"inLanguage\":\"de\",\"@id\":\"https:\/\/gesundheitsberatung.com\/psychologie\/online-beratung\/diplompsychologen-msc-psychologie\/s-mueller\/#primaryimage\",\"url\":\"https:\/\/gesundheitsberatung.com\/psychologie\/wp-content\/uploads\/sites\/2\/s-m-ller-diplompsychologen-m-sc-psychologie--vistano-berater-id-5360.jpg\",\"contentUrl\":\"https:\/\/gesundheitsberatung.com\/psychologie\/wp-content\/uploads\/sites\/2\/s-m-ller-diplompsychologen-m-sc-psychologie--vistano-berater-id-5360.jpg\",\"width\":700,\"height\":700,\"caption\":\"Diplompsychologen \/ M. Sc. Psychologie S. M\u00fcller - Berater-ID: 5360\"},{\"@type\":\"BreadcrumbList\",\"@id\":\"https:\/\/gesundheitsberatung.com\/psychologie\/online-beratung\/diplompsychologen-msc-psychologie\/s-mueller\/#breadcrumb\",\"itemListElement\":[{\"@type\":\"ListItem\",\"position\":1,\"name\":\"Home\",\"item\":\"https:\/\/gesundheitsberatung.com\/psychologie\/\"},{\"@type\":\"ListItem\",\"position\":2,\"name\":\"Produkte\",\"item\":\"https:\/\/gesundheitsberatung.com\/psychologie\/shop\/\"},{\"@type\":\"ListItem\",\"position\":3,\"name\":\"Online Beratung\",\"item\":\"https:\/\/gesundheitsberatung.com\/psychologie\/online_berater\/online-beratung\/\"},{\"@type\":\"ListItem\",\"position\":4,\"name\":\"Diplompsychologen \/ M.Sc. Psychologie\",\"item\":\"https:\/\/gesundheitsberatung.com\/psychologie\/online_berater\/diplompsychologen-msc-psychologie\/\"},{\"@type\":\"ListItem\",\"position\":5,\"name\":\"S. M\u00fcller\"}]},{\"@type\":\"WebSite\",\"@id\":\"https:\/\/gesundheitsberatung.com\/psychologie\/#website\",\"url\":\"https:\/\/gesundheitsberatung.com\/psychologie\/\",\"name\":\"Psychologie\",\"description\":\"Psychologie \u260e Beratung durch Psychologen! Jetzt Gratis-Beratung sichern: \u2714 Diplom Psychologen \u2714 Heilpraktiker f\u00fcr Psychotherapie \u2714 Psychotherapeuten \u2714 Psychologische Berater bei Vistano Psychologie.\",\"potentialAction\":[{\"@type\":\"SearchAction\",\"target\":{\"@type\":\"EntryPoint\",\"urlTemplate\":\"https:\/\/gesundheitsberatung.com\/psychologie\/?s={search_term_string}\"},\"query-input\":{\"@type\":\"PropertyValueSpecification\",\"valueRequired\":true,\"valueName\":\"search_term_string\"}}],\"inLanguage\":\"de\"}]}<\/script>\n<!-- \/ Yoast SEO plugin. -->","yoast_head_json":{"title":"S. M\u00fcller &#187; Diplompsychologen \/ M.Sc. Psychologie &#187; Vistano \u260e Beratung","description":"Vistano Diplompsychologen \/ M.Sc. Psychologie &#187; Ich bin Familientherapeutin in eignener Praxis (M\u00fcnchen). Mein Schwerpunkt liegt in der Erziehungsberatung\/Erziehungshilfe, Paartherapie und Einzeltherapie (humanistische Verfahren).","robots":{"index":"index","follow":"follow","max-snippet":"max-snippet:-1","max-image-preview":"max-image-preview:large","max-video-preview":"max-video-preview:-1"},"canonical":"https:\/\/gesundheitsberatung.com\/psychologie\/online-beratung\/diplompsychologen-msc-psychologie\/s-mueller\/","og_locale":"de_DE","og_type":"article","og_title":"S. M\u00fcller &#187; Diplompsychologen \/ M.Sc. Psychologie &#187; Vistano \u260e Beratung","og_description":"Vistano Diplompsychologen \/ M.Sc. Psychologie &#187; Ich bin Familientherapeutin in eignener Praxis (M\u00fcnchen). Mein Schwerpunkt liegt in der Erziehungsberatung\/Erziehungshilfe, Paartherapie und Einzeltherapie (humanistische Verfahren).","og_url":"https:\/\/gesundheitsberatung.com\/psychologie\/online-beratung\/diplompsychologen-msc-psychologie\/s-mueller\/","og_site_name":"Psychologie","article_publisher":"https:\/\/www.facebook.com\/psychologie\/","article_modified_time":"2020-01-22T14:04:49+00:00","og_image":[{"width":700,"height":700,"url":"https:\/\/gesundheitsberatung.com\/psychologie\/wp-content\/uploads\/sites\/2\/s-m-ller-diplompsychologen-m-sc-psychologie--vistano-berater-id-5360.jpg","type":"image\/jpeg"}],"twitter_card":"summary_large_image","twitter_site":"@Vistano","schema":{"@context":"https:\/\/schema.org","@graph":[{"@type":"WebPage","@id":"https:\/\/gesundheitsberatung.com\/psychologie\/online-beratung\/diplompsychologen-msc-psychologie\/s-mueller\/","url":"https:\/\/gesundheitsberatung.com\/psychologie\/online-beratung\/diplompsychologen-msc-psychologie\/s-mueller\/","name":"S. M\u00fcller &#187; Diplompsychologen \/ M.Sc. Psychologie &#187; Vistano \u260e Beratung","isPartOf":{"@id":"https:\/\/gesundheitsberatung.com\/psychologie\/#website"},"primaryImageOfPage":{"@id":"https:\/\/gesundheitsberatung.com\/psychologie\/online-beratung\/diplompsychologen-msc-psychologie\/s-mueller\/#primaryimage"},"image":{"@id":"https:\/\/gesundheitsberatung.com\/psychologie\/online-beratung\/diplompsychologen-msc-psychologie\/s-mueller\/#primaryimage"},"thumbnailUrl":"https:\/\/gesundheitsberatung.com\/psychologie\/wp-content\/uploads\/sites\/2\/s-m-ller-diplompsychologen-m-sc-psychologie--vistano-berater-id-5360.jpg","datePublished":"2016-09-29T20:12:56+00:00","dateModified":"2020-01-22T14:04:49+00:00","description":"Vistano Diplompsychologen \/ M.Sc. Psychologie &#187; Ich bin Familientherapeutin in eignener Praxis (M\u00fcnchen). Mein Schwerpunkt liegt in der Erziehungsberatung\/Erziehungshilfe, Paartherapie und Einzeltherapie (humanistische Verfahren).","breadcrumb":{"@id":"https:\/\/gesundheitsberatung.com\/psychologie\/online-beratung\/diplompsychologen-msc-psychologie\/s-mueller\/#breadcrumb"},"inLanguage":"de","potentialAction":[{"@type":"ReadAction","target":["https:\/\/gesundheitsberatung.com\/psychologie\/online-beratung\/diplompsychologen-msc-psychologie\/s-mueller\/"]}]},{"@type":"ImageObject","inLanguage":"de","@id":"https:\/\/gesundheitsberatung.com\/psychologie\/online-beratung\/diplompsychologen-msc-psychologie\/s-mueller\/#primaryimage","url":"https:\/\/gesundheitsberatung.com\/psychologie\/wp-content\/uploads\/sites\/2\/s-m-ller-diplompsychologen-m-sc-psychologie--vistano-berater-id-5360.jpg","contentUrl":"https:\/\/gesundheitsberatung.com\/psychologie\/wp-content\/uploads\/sites\/2\/s-m-ller-diplompsychologen-m-sc-psychologie--vistano-berater-id-5360.jpg","width":700,"height":700,"caption":"Diplompsychologen \/ M. Sc. Psychologie S. M\u00fcller - Berater-ID: 5360"},{"@type":"BreadcrumbList","@id":"https:\/\/gesundheitsberatung.com\/psychologie\/online-beratung\/diplompsychologen-msc-psychologie\/s-mueller\/#breadcrumb","itemListElement":[{"@type":"ListItem","position":1,"name":"Home","item":"https:\/\/gesundheitsberatung.com\/psychologie\/"},{"@type":"ListItem","position":2,"name":"Produkte","item":"https:\/\/gesundheitsberatung.com\/psychologie\/shop\/"},{"@type":"ListItem","position":3,"name":"Online Beratung","item":"https:\/\/gesundheitsberatung.com\/psychologie\/online_berater\/online-beratung\/"},{"@type":"ListItem","position":4,"name":"Diplompsychologen \/ M.Sc. Psychologie","item":"https:\/\/gesundheitsberatung.com\/psychologie\/online_berater\/diplompsychologen-msc-psychologie\/"},{"@type":"ListItem","position":5,"name":"S. M\u00fcller"}]},{"@type":"WebSite","@id":"https:\/\/gesundheitsberatung.com\/psychologie\/#website","url":"https:\/\/gesundheitsberatung.com\/psychologie\/","name":"Psychologie","description":"Psychologie \u260e Beratung durch Psychologen! Jetzt Gratis-Beratung sichern: \u2714 Diplom Psychologen \u2714 Heilpraktiker f\u00fcr Psychotherapie \u2714 Psychotherapeuten \u2714 Psychologische Berater bei Vistano Psychologie.","potentialAction":[{"@type":"SearchAction","target":{"@type":"EntryPoint","urlTemplate":"https:\/\/gesundheitsberatung.com\/psychologie\/?s={search_term_string}"},"query-input":{"@type":"PropertyValueSpecification","valueRequired":true,"valueName":"search_term_string"}}],"inLanguage":"de"}]}},"_links":{"self":[{"href":"https:\/\/gesundheitsberatung.com\/psychologie\/wp-json\/wp\/v2\/product\/17641","targetHints":{"allow":["GET"]}}],"collection":[{"href":"https:\/\/gesundheitsberatung.com\/psychologie\/wp-json\/wp\/v2\/product"}],"about":[{"href":"https:\/\/gesundheitsberatung.com\/psychologie\/wp-json\/wp\/v2\/types\/product"}],"replies":[{"embeddable":true,"href":"https:\/\/gesundheitsberatung.com\/psychologie\/wp-json\/wp\/v2\/comments?post=17641"}],"wp:featuredmedia":[{"embeddable":true,"href":"https:\/\/gesundheitsberatung.com\/psychologie\/wp-json\/wp\/v2\/media\/22978"}],"wp:attachment":[{"href":"https:\/\/gesundheitsberatung.com\/psychologie\/wp-json\/wp\/v2\/media?parent=17641"}],"wp:term":[{"taxonomy":"product_cat","embeddable":true,"href":"https:\/\/gesundheitsberatung.com\/psychologie\/wp-json\/wp\/v2\/product_cat?post=17641"},{"taxonomy":"product_tag","embeddable":true,"href":"https:\/\/gesundheitsberatung.com\/psychologie\/wp-json\/wp\/v2\/product_tag?post=17641"}],"curies":[{"name":"wp","href":"https:\/\/api.w.org\/{rel}","templated":true}]}}