{"id":17636,"date":"2016-09-29T14:36:37","date_gmt":"2016-09-29T12:36:37","guid":{"rendered":"https:\/\/gesundheitsberatung.com\/psychologie\/?post_type=product&#038;p=17636"},"modified":"2025-06-25T08:20:09","modified_gmt":"2025-06-25T06:20:09","slug":"j-wilhelm","status":"publish","type":"product","link":"https:\/\/gesundheitsberatung.com\/psychologie\/online-beratung\/heilpraktiker-fuer-psychotherapie\/j-wilhelm\/","title":{"rendered":"J. M\u00e4nnl"},"content":{"rendered":"<p><span class=\"hinweis_text_single_berater\">Du vermeidest allt\u00e4gliche Situationen und Konflikte? Sagst immer &#8220;Ja&#8221;?<\/span><\/p>\n<p>W\u00fcnschst Du Dir das?<br \/>\nInnere St\u00e4rke &amp; Selbstbewusstsein<br \/>\n&#8211; Du stehst zu dir selbst, ohne dich st\u00e4ndig zu hinterfragen.<br \/>\n&#8211; Du f\u00fchlst dich sicher in deinem Auftreten egal, mit wem du sprichst.<br \/>\n&#8211; Du traust dich, deine Meinung zu sagen, ohne Angst vor Ablehnung.<\/p>\n<p>&#8211; Du schiebst Dinge nicht mehr ewig auf, sondern packst sie an.<br \/>\n&#8211; Du kannst ohne Druck jemanden anrufen oder ansprechen.<br \/>\n&#8211; Du meldest dich zu Wort, wenn du etwas brauchst oder m\u00f6chtest.<\/p>\n<p>&#8211; Du gehst entspannt auf neue Menschen zu.<br \/>\n&#8211; Du kannst Smalltalk f\u00fchren, ohne dich unwohl zu f\u00fchlen.<br \/>\n&#8211; Du lernst, dich in Gruppen wohlzuf\u00fchlen, statt dich zur\u00fcckzuziehen.<\/p>\n<p>&#8211; Du sagst \u201eJa\u201c zu Gelegenheiten, die du fr\u00fcher aus Angst gemieden h\u00e4ttest.<br \/>\n&#8211; Du \u00fcberwindest Selbstzweifel und h\u00f6rst auf, dich selbst klein zu machen.<br \/>\n&#8211; Du kannst dein Leben nach deinen W\u00fcnschen gestalten. Ohne st\u00e4ndig R\u00fccksicht auf die Erwartungen Anderer zu nehmen.<\/p>\n<p>&#8211; Du lernst, deine eigenen Bed\u00fcrfnisse genauso wichtig zu nehmen wie die der Anderen.<br \/>\n&#8211; Du h\u00f6rst auf, dich st\u00e4ndig zu entschuldigen oder zu rechtfertigen.<br \/>\n&#8211; Du kannst stolz auf dich sein, ohne das Gef\u00fchl zu haben, anma\u00dfend zu wirken.<\/p>\n<p>Stell Dir Dein Leben ohne Einschr\u00e4nkungen vor. <br \/>\nWie frei Du sein k\u00f6nntest und wie zufrieden!<\/p>\n<p>Mir ging es mal genauso wie Dir!<br \/>\nSeit 2008 unterst\u00fctze ich Frauen auf ihrem Weg zu mehr Zufriedenheit, Mut &amp; Leichtigkeit!<\/p>\n<p>Deine Julia von Selbstvertrauen f\u00fcr Frauen<span class=\"display_none\">5328<\/span><\/p>\n","protected":false},"excerpt":{"rendered":"<p>Kennst du das Gef\u00fchl, dass schon allt\u00e4gliche Situationen zu gro\u00dfen H\u00fcrden werdenDu traust dich nicht.Du willst etwas \u00e4ndern, aber wei\u00dft nicht wie?!<\/p>\n","protected":false},"featured_media":0,"comment_status":"open","ping_status":"closed","template":"","meta":[],"product_cat":[],"product_tag":[],"class_list":["post-17636","product","type-product","status-publish","hentry","online_berater-heilpraktiker-fuer-psychotherapie"],"yoast_head":"<!-- This site is optimized with the Yoast SEO plugin v26.0 - https:\/\/yoast.com\/wordpress\/plugins\/seo\/ -->\n<title>J. M\u00e4nnl &#187; Heilpraktiker f\u00fcr Psychotherapie &#187; Vistano \u260e Beratung<\/title>\n<meta name=\"description\" content=\"Vistano Heilpraktiker f\u00fcr Psychotherapie &#187; Kennst du das Gef\u00fchl, dass schon allt\u00e4gliche Situationen zu gro\u00dfen H\u00fcrden werdenDu traust dich nicht.Du willst etwas \u00e4ndern, aber wei\u00dft nicht wie?!\" \/>\n<meta name=\"robots\" content=\"index, follow, max-snippet:-1, max-image-preview:large, max-video-preview:-1\" \/>\n<link rel=\"canonical\" href=\"https:\/\/gesundheitsberatung.com\/psychologie\/online-beratung\/heilpraktiker-fuer-psychotherapie\/j-wilhelm\/\" \/>\n<meta property=\"og:locale\" content=\"de_DE\" \/>\n<meta property=\"og:type\" content=\"article\" \/>\n<meta property=\"og:title\" content=\"J. M\u00e4nnl &#187; Heilpraktiker f\u00fcr Psychotherapie &#187; Vistano \u260e Beratung\" \/>\n<meta property=\"og:description\" content=\"Vistano Heilpraktiker f\u00fcr Psychotherapie &#187; Kennst du das Gef\u00fchl, dass schon allt\u00e4gliche Situationen zu gro\u00dfen H\u00fcrden werdenDu traust dich nicht.Du willst etwas \u00e4ndern, aber wei\u00dft nicht wie?!\" \/>\n<meta property=\"og:url\" content=\"https:\/\/gesundheitsberatung.com\/psychologie\/online-beratung\/heilpraktiker-fuer-psychotherapie\/j-wilhelm\/\" \/>\n<meta property=\"og:site_name\" content=\"Psychologie\" \/>\n<meta property=\"article:publisher\" content=\"https:\/\/www.facebook.com\/psychologie\/\" \/>\n<meta property=\"article:modified_time\" content=\"2025-06-25T06:20:09+00:00\" \/>\n<meta property=\"og:image\" content=\"https:\/\/gesundheitsberatung.com\/psychologie\/wp-content\/uploads\/sites\/2\/j-wilhelm-heilpraktiker-f-r-psychotherapie-vistano-berater-id-5328.jpg\" \/>\n\t<meta property=\"og:image:width\" content=\"800\" \/>\n\t<meta property=\"og:image:height\" content=\"800\" \/>\n\t<meta property=\"og:image:type\" content=\"image\/jpeg\" \/>\n<meta name=\"twitter:card\" content=\"summary_large_image\" \/>\n<meta name=\"twitter:site\" content=\"@Vistano\" \/>\n<script type=\"application\/ld+json\" class=\"yoast-schema-graph\">{\"@context\":\"https:\/\/schema.org\",\"@graph\":[{\"@type\":\"WebPage\",\"@id\":\"https:\/\/gesundheitsberatung.com\/psychologie\/online-beratung\/heilpraktiker-fuer-psychotherapie\/j-wilhelm\/\",\"url\":\"https:\/\/gesundheitsberatung.com\/psychologie\/online-beratung\/heilpraktiker-fuer-psychotherapie\/j-wilhelm\/\",\"name\":\"J. M\u00e4nnl &#187; Heilpraktiker f\u00fcr Psychotherapie &#187; Vistano \u260e Beratung\",\"isPartOf\":{\"@id\":\"https:\/\/gesundheitsberatung.com\/psychologie\/#website\"},\"datePublished\":\"2016-09-29T12:36:37+00:00\",\"dateModified\":\"2025-06-25T06:20:09+00:00\",\"description\":\"Vistano Heilpraktiker f\u00fcr Psychotherapie &#187; Kennst du das Gef\u00fchl, dass schon allt\u00e4gliche Situationen zu gro\u00dfen H\u00fcrden werdenDu traust dich nicht.Du willst etwas \u00e4ndern, aber wei\u00dft nicht wie?!\",\"breadcrumb\":{\"@id\":\"https:\/\/gesundheitsberatung.com\/psychologie\/online-beratung\/heilpraktiker-fuer-psychotherapie\/j-wilhelm\/#breadcrumb\"},\"inLanguage\":\"de\",\"potentialAction\":[{\"@type\":\"ReadAction\",\"target\":[\"https:\/\/gesundheitsberatung.com\/psychologie\/online-beratung\/heilpraktiker-fuer-psychotherapie\/j-wilhelm\/\"]}]},{\"@type\":\"BreadcrumbList\",\"@id\":\"https:\/\/gesundheitsberatung.com\/psychologie\/online-beratung\/heilpraktiker-fuer-psychotherapie\/j-wilhelm\/#breadcrumb\",\"itemListElement\":[{\"@type\":\"ListItem\",\"position\":1,\"name\":\"Home\",\"item\":\"https:\/\/gesundheitsberatung.com\/psychologie\/\"},{\"@type\":\"ListItem\",\"position\":2,\"name\":\"Produkte\",\"item\":\"https:\/\/gesundheitsberatung.com\/psychologie\/shop\/\"},{\"@type\":\"ListItem\",\"position\":3,\"name\":\"Online Beratung\",\"item\":\"https:\/\/gesundheitsberatung.com\/psychologie\/online_berater\/online-beratung\/\"},{\"@type\":\"ListItem\",\"position\":4,\"name\":\"Heilpraktiker f\u00fcr Psychotherapie\",\"item\":\"https:\/\/gesundheitsberatung.com\/psychologie\/online_berater\/heilpraktiker-fuer-psychotherapie\/\"},{\"@type\":\"ListItem\",\"position\":5,\"name\":\"J. Wilhelm\"}]},{\"@type\":\"WebSite\",\"@id\":\"https:\/\/gesundheitsberatung.com\/psychologie\/#website\",\"url\":\"https:\/\/gesundheitsberatung.com\/psychologie\/\",\"name\":\"Psychologie\",\"description\":\"Psychologie \u260e Beratung durch Psychologen! Jetzt Gratis-Beratung sichern: \u2714 Diplom Psychologen \u2714 Heilpraktiker f\u00fcr Psychotherapie \u2714 Psychotherapeuten \u2714 Psychologische Berater bei Vistano Psychologie.\",\"potentialAction\":[{\"@type\":\"SearchAction\",\"target\":{\"@type\":\"EntryPoint\",\"urlTemplate\":\"https:\/\/gesundheitsberatung.com\/psychologie\/?s={search_term_string}\"},\"query-input\":{\"@type\":\"PropertyValueSpecification\",\"valueRequired\":true,\"valueName\":\"search_term_string\"}}],\"inLanguage\":\"de\"}]}<\/script>\n<!-- \/ Yoast SEO plugin. -->","yoast_head_json":{"title":"J. M\u00e4nnl &#187; Heilpraktiker f\u00fcr Psychotherapie &#187; Vistano \u260e Beratung","description":"Vistano Heilpraktiker f\u00fcr Psychotherapie &#187; Kennst du das Gef\u00fchl, dass schon allt\u00e4gliche Situationen zu gro\u00dfen H\u00fcrden werdenDu traust dich nicht.Du willst etwas \u00e4ndern, aber wei\u00dft nicht wie?!","robots":{"index":"index","follow":"follow","max-snippet":"max-snippet:-1","max-image-preview":"max-image-preview:large","max-video-preview":"max-video-preview:-1"},"canonical":"https:\/\/gesundheitsberatung.com\/psychologie\/online-beratung\/heilpraktiker-fuer-psychotherapie\/j-wilhelm\/","og_locale":"de_DE","og_type":"article","og_title":"J. M\u00e4nnl &#187; Heilpraktiker f\u00fcr Psychotherapie &#187; Vistano \u260e Beratung","og_description":"Vistano Heilpraktiker f\u00fcr Psychotherapie &#187; Kennst du das Gef\u00fchl, dass schon allt\u00e4gliche Situationen zu gro\u00dfen H\u00fcrden werdenDu traust dich nicht.Du willst etwas \u00e4ndern, aber wei\u00dft nicht wie?!","og_url":"https:\/\/gesundheitsberatung.com\/psychologie\/online-beratung\/heilpraktiker-fuer-psychotherapie\/j-wilhelm\/","og_site_name":"Psychologie","article_publisher":"https:\/\/www.facebook.com\/psychologie\/","article_modified_time":"2025-06-25T06:20:09+00:00","og_image":[{"width":800,"height":800,"url":"https:\/\/gesundheitsberatung.com\/psychologie\/wp-content\/uploads\/sites\/2\/j-wilhelm-heilpraktiker-f-r-psychotherapie-vistano-berater-id-5328.jpg","type":"image\/jpeg"}],"twitter_card":"summary_large_image","twitter_site":"@Vistano","schema":{"@context":"https:\/\/schema.org","@graph":[{"@type":"WebPage","@id":"https:\/\/gesundheitsberatung.com\/psychologie\/online-beratung\/heilpraktiker-fuer-psychotherapie\/j-wilhelm\/","url":"https:\/\/gesundheitsberatung.com\/psychologie\/online-beratung\/heilpraktiker-fuer-psychotherapie\/j-wilhelm\/","name":"J. M\u00e4nnl &#187; Heilpraktiker f\u00fcr Psychotherapie &#187; Vistano \u260e Beratung","isPartOf":{"@id":"https:\/\/gesundheitsberatung.com\/psychologie\/#website"},"datePublished":"2016-09-29T12:36:37+00:00","dateModified":"2025-06-25T06:20:09+00:00","description":"Vistano Heilpraktiker f\u00fcr Psychotherapie &#187; Kennst du das Gef\u00fchl, dass schon allt\u00e4gliche Situationen zu gro\u00dfen H\u00fcrden werdenDu traust dich nicht.Du willst etwas \u00e4ndern, aber wei\u00dft nicht wie?!","breadcrumb":{"@id":"https:\/\/gesundheitsberatung.com\/psychologie\/online-beratung\/heilpraktiker-fuer-psychotherapie\/j-wilhelm\/#breadcrumb"},"inLanguage":"de","potentialAction":[{"@type":"ReadAction","target":["https:\/\/gesundheitsberatung.com\/psychologie\/online-beratung\/heilpraktiker-fuer-psychotherapie\/j-wilhelm\/"]}]},{"@type":"BreadcrumbList","@id":"https:\/\/gesundheitsberatung.com\/psychologie\/online-beratung\/heilpraktiker-fuer-psychotherapie\/j-wilhelm\/#breadcrumb","itemListElement":[{"@type":"ListItem","position":1,"name":"Home","item":"https:\/\/gesundheitsberatung.com\/psychologie\/"},{"@type":"ListItem","position":2,"name":"Produkte","item":"https:\/\/gesundheitsberatung.com\/psychologie\/shop\/"},{"@type":"ListItem","position":3,"name":"Online Beratung","item":"https:\/\/gesundheitsberatung.com\/psychologie\/online_berater\/online-beratung\/"},{"@type":"ListItem","position":4,"name":"Heilpraktiker f\u00fcr Psychotherapie","item":"https:\/\/gesundheitsberatung.com\/psychologie\/online_berater\/heilpraktiker-fuer-psychotherapie\/"},{"@type":"ListItem","position":5,"name":"J. Wilhelm"}]},{"@type":"WebSite","@id":"https:\/\/gesundheitsberatung.com\/psychologie\/#website","url":"https:\/\/gesundheitsberatung.com\/psychologie\/","name":"Psychologie","description":"Psychologie \u260e Beratung durch Psychologen! Jetzt Gratis-Beratung sichern: \u2714 Diplom Psychologen \u2714 Heilpraktiker f\u00fcr Psychotherapie \u2714 Psychotherapeuten \u2714 Psychologische Berater bei Vistano Psychologie.","potentialAction":[{"@type":"SearchAction","target":{"@type":"EntryPoint","urlTemplate":"https:\/\/gesundheitsberatung.com\/psychologie\/?s={search_term_string}"},"query-input":{"@type":"PropertyValueSpecification","valueRequired":true,"valueName":"search_term_string"}}],"inLanguage":"de"}]}},"_links":{"self":[{"href":"https:\/\/gesundheitsberatung.com\/psychologie\/wp-json\/wp\/v2\/product\/17636","targetHints":{"allow":["GET"]}}],"collection":[{"href":"https:\/\/gesundheitsberatung.com\/psychologie\/wp-json\/wp\/v2\/product"}],"about":[{"href":"https:\/\/gesundheitsberatung.com\/psychologie\/wp-json\/wp\/v2\/types\/product"}],"replies":[{"embeddable":true,"href":"https:\/\/gesundheitsberatung.com\/psychologie\/wp-json\/wp\/v2\/comments?post=17636"}],"wp:attachment":[{"href":"https:\/\/gesundheitsberatung.com\/psychologie\/wp-json\/wp\/v2\/media?parent=17636"}],"wp:term":[{"taxonomy":"product_cat","embeddable":true,"href":"https:\/\/gesundheitsberatung.com\/psychologie\/wp-json\/wp\/v2\/product_cat?post=17636"},{"taxonomy":"product_tag","embeddable":true,"href":"https:\/\/gesundheitsberatung.com\/psychologie\/wp-json\/wp\/v2\/product_tag?post=17636"}],"curies":[{"name":"wp","href":"https:\/\/api.w.org\/{rel}","templated":true}]}}