{"id":17630,"date":"2016-09-29T13:00:08","date_gmt":"2016-09-29T11:00:08","guid":{"rendered":"https:\/\/gesundheitsberatung.com\/psychologie\/?post_type=product&#038;p=17630"},"modified":"2020-01-22T15:06:49","modified_gmt":"2020-01-22T14:06:49","slug":"c-haas","status":"publish","type":"product","link":"https:\/\/gesundheitsberatung.com\/psychologie\/online-beratung\/diplompsychologen-msc-psychologie\/c-haas\/","title":{"rendered":"C. Haas"},"content":{"rendered":"<p>\u00a0Jeder kennt Situationen, in denen es die Dinge festgefahren zu sein scheinen &#8211; sei es in der Partnerschaft, der Familie, im Beruf oder in der Ausbildung, in Freundschaften oder auch wenn es um den richtigen Umgang mit sich selbst geht. \u00a0Auch  wenn es manchmal nicht so aussieht, so gibt es in jeder noch so  verfahrerenen Lage immer verschiedenen M\u00f6glichkeiten damit umzugehen.  Vielfach scheitern wir alleine an Herausforderungen, weil uns die  richtige Strategie fehlt und wir mit ungeeigneten Methoden an sie  herangehen. Dabei gibt es f\u00fcr fast alle Problemsituationen wirksame  Weg, die zur L\u00f6sung f\u00fchren, man muss Sie nur kennen.\u00a0\u00a0Wenn Sie das Gef\u00fchl haben, dass Ihnen der richtige Ansatz fehlt, ist es oft hilfreich, jemand zweiten hinzuzuziehen, der nicht &#8220;betriebsblind&#8221; ist und Sie ein St\u00fcck begleitet und Ihnen Werkzeuge an die Hand gibt, mit denen Sie Ihre spezielle Situation effektiver anpacken k\u00f6nnen. \u00a0Speziell bei folgenen Themen stehe ich Ihnen gerne zur Seite:<br \/>\nKonflikte l\u00f6senEntscheidung treffen\u00fcberzeugend verhandelnStressabbauSelbstorganisation und ZeitmanagementSteigerung der eigenen Produktivit\u00e4tPr\u00fcfungsvorbereitung, Lernen und Ged\u00e4chtnisZielerreichungMotivationSinnfindungLebensfreude\u00a0 \u00a0In einem ersten Schritt betrachten wir Ihre ganz pers\u00f6nliche Situation, um dann den f\u00fcr Sie am besten passenden Ansatz zu finden, den ich Ihnen in einem zweiten Schritt erkl\u00e4re, so dass Sie in einem dritten Schritt selbst\u00e4ndig besser mit Ihrer Situation zurechtkommen. \u00a0<br \/>\n\u00a0\u00a0 \u03c8 \u03c8 \u03c8In der Regel bin ich werktags in den Abendstunden und am Wochenende erreichbar.\u03c8 \u03c8 \u03c8\u00a0Ich freue mich auf Ihren Anruf! \u00a0Wichtig ist mir an dieser Stelle zu sagen, dass ich als  Diplom-Psychologin mit den Abl\u00e4ufen und Hintergr\u00fcnden des Verhaltens und  Erlebens seelisch gesunder Menschen vertraut bin, nicht jedoch  Therapeutin f\u00fcr klinisch relevante Leiden bin. Hier sind extra daf\u00fcr  ausgebildete Fachkr\u00e4fte die richtigen Ansprechpartner.\u00a0\u00a0 <br \/>\n\u00a0 <br \/>\n<span class=\"display_none\">5298<\/span><\/p>\n","protected":false},"excerpt":{"rendered":"<p>Wirkunsvolle Tipps f\u00fcr pers\u00f6nliche Herausforderungen wie z.B.: Unerledigtes erledigt bekommen (Aufschieberitis meistern), Umgang mit Finanzen, Wohlbefinden + Lebensgl\u00fcck, Lernen und Pr\u00fcfungen etc.<\/p>\n","protected":false},"featured_media":23008,"comment_status":"open","ping_status":"closed","template":"","meta":[],"product_cat":[],"product_tag":[],"class_list":["post-17630","product","type-product","status-publish","has-post-thumbnail","hentry","online_berater-diplompsychologen-msc-psychologie"],"yoast_head":"<!-- This site is optimized with the Yoast SEO plugin v26.0 - https:\/\/yoast.com\/wordpress\/plugins\/seo\/ -->\n<title>C. Haas &#187; Diplompsychologen \/ M.Sc. Psychologie &#187; Vistano \u260e Beratung<\/title>\n<meta name=\"description\" content=\"Vistano Diplompsychologen \/ M.Sc. Psychologie &#187; Wirkunsvolle Tipps f\u00fcr pers\u00f6nliche Herausforderungen wie z.B.: Unerledigtes erledigt bekommen (Aufschieberitis meistern), Umgang mit Finanzen, Wohlbefinden + Lebensgl\u00fcck, Lernen und Pr\u00fcfungen etc.\" \/>\n<meta name=\"robots\" content=\"index, follow, max-snippet:-1, max-image-preview:large, max-video-preview:-1\" \/>\n<link rel=\"canonical\" href=\"https:\/\/gesundheitsberatung.com\/psychologie\/online-beratung\/diplompsychologen-msc-psychologie\/c-haas\/\" \/>\n<meta property=\"og:locale\" content=\"de_DE\" \/>\n<meta property=\"og:type\" content=\"article\" \/>\n<meta property=\"og:title\" content=\"C. Haas &#187; Diplompsychologen \/ M.Sc. Psychologie &#187; Vistano \u260e Beratung\" \/>\n<meta property=\"og:description\" content=\"Vistano Diplompsychologen \/ M.Sc. Psychologie &#187; Wirkunsvolle Tipps f\u00fcr pers\u00f6nliche Herausforderungen wie z.B.: Unerledigtes erledigt bekommen (Aufschieberitis meistern), Umgang mit Finanzen, Wohlbefinden + Lebensgl\u00fcck, Lernen und Pr\u00fcfungen etc.\" \/>\n<meta property=\"og:url\" content=\"https:\/\/gesundheitsberatung.com\/psychologie\/online-beratung\/diplompsychologen-msc-psychologie\/c-haas\/\" \/>\n<meta property=\"og:site_name\" content=\"Psychologie\" \/>\n<meta property=\"article:publisher\" content=\"https:\/\/www.facebook.com\/psychologie\/\" \/>\n<meta property=\"article:modified_time\" content=\"2020-01-22T14:06:49+00:00\" \/>\n<meta property=\"og:image\" content=\"https:\/\/gesundheitsberatung.com\/psychologie\/wp-content\/uploads\/sites\/2\/c-haas-diplompsychologen-m-sc-psychologie--vistano-berater-id-5298.jpg\" \/>\n\t<meta property=\"og:image:width\" content=\"700\" \/>\n\t<meta property=\"og:image:height\" content=\"700\" \/>\n\t<meta property=\"og:image:type\" content=\"image\/jpeg\" \/>\n<meta name=\"twitter:card\" content=\"summary_large_image\" \/>\n<meta name=\"twitter:site\" content=\"@Vistano\" \/>\n<script type=\"application\/ld+json\" class=\"yoast-schema-graph\">{\"@context\":\"https:\/\/schema.org\",\"@graph\":[{\"@type\":\"WebPage\",\"@id\":\"https:\/\/gesundheitsberatung.com\/psychologie\/online-beratung\/diplompsychologen-msc-psychologie\/c-haas\/\",\"url\":\"https:\/\/gesundheitsberatung.com\/psychologie\/online-beratung\/diplompsychologen-msc-psychologie\/c-haas\/\",\"name\":\"C. Haas &#187; Diplompsychologen \/ M.Sc. Psychologie &#187; Vistano \u260e Beratung\",\"isPartOf\":{\"@id\":\"https:\/\/gesundheitsberatung.com\/psychologie\/#website\"},\"primaryImageOfPage\":{\"@id\":\"https:\/\/gesundheitsberatung.com\/psychologie\/online-beratung\/diplompsychologen-msc-psychologie\/c-haas\/#primaryimage\"},\"image\":{\"@id\":\"https:\/\/gesundheitsberatung.com\/psychologie\/online-beratung\/diplompsychologen-msc-psychologie\/c-haas\/#primaryimage\"},\"thumbnailUrl\":\"https:\/\/gesundheitsberatung.com\/psychologie\/wp-content\/uploads\/sites\/2\/c-haas-diplompsychologen-m-sc-psychologie--vistano-berater-id-5298.jpg\",\"datePublished\":\"2016-09-29T11:00:08+00:00\",\"dateModified\":\"2020-01-22T14:06:49+00:00\",\"description\":\"Vistano Diplompsychologen \/ M.Sc. Psychologie &#187; Wirkunsvolle Tipps f\u00fcr pers\u00f6nliche Herausforderungen wie z.B.: Unerledigtes erledigt bekommen (Aufschieberitis meistern), Umgang mit Finanzen, Wohlbefinden + Lebensgl\u00fcck, Lernen und Pr\u00fcfungen etc.\",\"breadcrumb\":{\"@id\":\"https:\/\/gesundheitsberatung.com\/psychologie\/online-beratung\/diplompsychologen-msc-psychologie\/c-haas\/#breadcrumb\"},\"inLanguage\":\"de\",\"potentialAction\":[{\"@type\":\"ReadAction\",\"target\":[\"https:\/\/gesundheitsberatung.com\/psychologie\/online-beratung\/diplompsychologen-msc-psychologie\/c-haas\/\"]}]},{\"@type\":\"ImageObject\",\"inLanguage\":\"de\",\"@id\":\"https:\/\/gesundheitsberatung.com\/psychologie\/online-beratung\/diplompsychologen-msc-psychologie\/c-haas\/#primaryimage\",\"url\":\"https:\/\/gesundheitsberatung.com\/psychologie\/wp-content\/uploads\/sites\/2\/c-haas-diplompsychologen-m-sc-psychologie--vistano-berater-id-5298.jpg\",\"contentUrl\":\"https:\/\/gesundheitsberatung.com\/psychologie\/wp-content\/uploads\/sites\/2\/c-haas-diplompsychologen-m-sc-psychologie--vistano-berater-id-5298.jpg\",\"width\":700,\"height\":700,\"caption\":\"Diplompsychologen \/ M. Sc. Psychologie C. Haas - Berater-ID: 5298\"},{\"@type\":\"BreadcrumbList\",\"@id\":\"https:\/\/gesundheitsberatung.com\/psychologie\/online-beratung\/diplompsychologen-msc-psychologie\/c-haas\/#breadcrumb\",\"itemListElement\":[{\"@type\":\"ListItem\",\"position\":1,\"name\":\"Home\",\"item\":\"https:\/\/gesundheitsberatung.com\/psychologie\/\"},{\"@type\":\"ListItem\",\"position\":2,\"name\":\"Produkte\",\"item\":\"https:\/\/gesundheitsberatung.com\/psychologie\/shop\/\"},{\"@type\":\"ListItem\",\"position\":3,\"name\":\"Online Beratung\",\"item\":\"https:\/\/gesundheitsberatung.com\/psychologie\/online_berater\/online-beratung\/\"},{\"@type\":\"ListItem\",\"position\":4,\"name\":\"Diplompsychologen \/ M.Sc. Psychologie\",\"item\":\"https:\/\/gesundheitsberatung.com\/psychologie\/online_berater\/diplompsychologen-msc-psychologie\/\"},{\"@type\":\"ListItem\",\"position\":5,\"name\":\"C. Haas\"}]},{\"@type\":\"WebSite\",\"@id\":\"https:\/\/gesundheitsberatung.com\/psychologie\/#website\",\"url\":\"https:\/\/gesundheitsberatung.com\/psychologie\/\",\"name\":\"Psychologie\",\"description\":\"Psychologie \u260e Beratung durch Psychologen! Jetzt Gratis-Beratung sichern: \u2714 Diplom Psychologen \u2714 Heilpraktiker f\u00fcr Psychotherapie \u2714 Psychotherapeuten \u2714 Psychologische Berater bei Vistano Psychologie.\",\"potentialAction\":[{\"@type\":\"SearchAction\",\"target\":{\"@type\":\"EntryPoint\",\"urlTemplate\":\"https:\/\/gesundheitsberatung.com\/psychologie\/?s={search_term_string}\"},\"query-input\":{\"@type\":\"PropertyValueSpecification\",\"valueRequired\":true,\"valueName\":\"search_term_string\"}}],\"inLanguage\":\"de\"}]}<\/script>\n<!-- \/ Yoast SEO plugin. -->","yoast_head_json":{"title":"C. Haas &#187; Diplompsychologen \/ M.Sc. Psychologie &#187; Vistano \u260e Beratung","description":"Vistano Diplompsychologen \/ M.Sc. Psychologie &#187; Wirkunsvolle Tipps f\u00fcr pers\u00f6nliche Herausforderungen wie z.B.: Unerledigtes erledigt bekommen (Aufschieberitis meistern), Umgang mit Finanzen, Wohlbefinden + Lebensgl\u00fcck, Lernen und Pr\u00fcfungen etc.","robots":{"index":"index","follow":"follow","max-snippet":"max-snippet:-1","max-image-preview":"max-image-preview:large","max-video-preview":"max-video-preview:-1"},"canonical":"https:\/\/gesundheitsberatung.com\/psychologie\/online-beratung\/diplompsychologen-msc-psychologie\/c-haas\/","og_locale":"de_DE","og_type":"article","og_title":"C. Haas &#187; Diplompsychologen \/ M.Sc. Psychologie &#187; Vistano \u260e Beratung","og_description":"Vistano Diplompsychologen \/ M.Sc. Psychologie &#187; Wirkunsvolle Tipps f\u00fcr pers\u00f6nliche Herausforderungen wie z.B.: Unerledigtes erledigt bekommen (Aufschieberitis meistern), Umgang mit Finanzen, Wohlbefinden + Lebensgl\u00fcck, Lernen und Pr\u00fcfungen etc.","og_url":"https:\/\/gesundheitsberatung.com\/psychologie\/online-beratung\/diplompsychologen-msc-psychologie\/c-haas\/","og_site_name":"Psychologie","article_publisher":"https:\/\/www.facebook.com\/psychologie\/","article_modified_time":"2020-01-22T14:06:49+00:00","og_image":[{"width":700,"height":700,"url":"https:\/\/gesundheitsberatung.com\/psychologie\/wp-content\/uploads\/sites\/2\/c-haas-diplompsychologen-m-sc-psychologie--vistano-berater-id-5298.jpg","type":"image\/jpeg"}],"twitter_card":"summary_large_image","twitter_site":"@Vistano","schema":{"@context":"https:\/\/schema.org","@graph":[{"@type":"WebPage","@id":"https:\/\/gesundheitsberatung.com\/psychologie\/online-beratung\/diplompsychologen-msc-psychologie\/c-haas\/","url":"https:\/\/gesundheitsberatung.com\/psychologie\/online-beratung\/diplompsychologen-msc-psychologie\/c-haas\/","name":"C. Haas &#187; Diplompsychologen \/ M.Sc. Psychologie &#187; Vistano \u260e Beratung","isPartOf":{"@id":"https:\/\/gesundheitsberatung.com\/psychologie\/#website"},"primaryImageOfPage":{"@id":"https:\/\/gesundheitsberatung.com\/psychologie\/online-beratung\/diplompsychologen-msc-psychologie\/c-haas\/#primaryimage"},"image":{"@id":"https:\/\/gesundheitsberatung.com\/psychologie\/online-beratung\/diplompsychologen-msc-psychologie\/c-haas\/#primaryimage"},"thumbnailUrl":"https:\/\/gesundheitsberatung.com\/psychologie\/wp-content\/uploads\/sites\/2\/c-haas-diplompsychologen-m-sc-psychologie--vistano-berater-id-5298.jpg","datePublished":"2016-09-29T11:00:08+00:00","dateModified":"2020-01-22T14:06:49+00:00","description":"Vistano Diplompsychologen \/ M.Sc. Psychologie &#187; Wirkunsvolle Tipps f\u00fcr pers\u00f6nliche Herausforderungen wie z.B.: Unerledigtes erledigt bekommen (Aufschieberitis meistern), Umgang mit Finanzen, Wohlbefinden + Lebensgl\u00fcck, Lernen und Pr\u00fcfungen etc.","breadcrumb":{"@id":"https:\/\/gesundheitsberatung.com\/psychologie\/online-beratung\/diplompsychologen-msc-psychologie\/c-haas\/#breadcrumb"},"inLanguage":"de","potentialAction":[{"@type":"ReadAction","target":["https:\/\/gesundheitsberatung.com\/psychologie\/online-beratung\/diplompsychologen-msc-psychologie\/c-haas\/"]}]},{"@type":"ImageObject","inLanguage":"de","@id":"https:\/\/gesundheitsberatung.com\/psychologie\/online-beratung\/diplompsychologen-msc-psychologie\/c-haas\/#primaryimage","url":"https:\/\/gesundheitsberatung.com\/psychologie\/wp-content\/uploads\/sites\/2\/c-haas-diplompsychologen-m-sc-psychologie--vistano-berater-id-5298.jpg","contentUrl":"https:\/\/gesundheitsberatung.com\/psychologie\/wp-content\/uploads\/sites\/2\/c-haas-diplompsychologen-m-sc-psychologie--vistano-berater-id-5298.jpg","width":700,"height":700,"caption":"Diplompsychologen \/ M. Sc. Psychologie C. Haas - Berater-ID: 5298"},{"@type":"BreadcrumbList","@id":"https:\/\/gesundheitsberatung.com\/psychologie\/online-beratung\/diplompsychologen-msc-psychologie\/c-haas\/#breadcrumb","itemListElement":[{"@type":"ListItem","position":1,"name":"Home","item":"https:\/\/gesundheitsberatung.com\/psychologie\/"},{"@type":"ListItem","position":2,"name":"Produkte","item":"https:\/\/gesundheitsberatung.com\/psychologie\/shop\/"},{"@type":"ListItem","position":3,"name":"Online Beratung","item":"https:\/\/gesundheitsberatung.com\/psychologie\/online_berater\/online-beratung\/"},{"@type":"ListItem","position":4,"name":"Diplompsychologen \/ M.Sc. Psychologie","item":"https:\/\/gesundheitsberatung.com\/psychologie\/online_berater\/diplompsychologen-msc-psychologie\/"},{"@type":"ListItem","position":5,"name":"C. Haas"}]},{"@type":"WebSite","@id":"https:\/\/gesundheitsberatung.com\/psychologie\/#website","url":"https:\/\/gesundheitsberatung.com\/psychologie\/","name":"Psychologie","description":"Psychologie \u260e Beratung durch Psychologen! Jetzt Gratis-Beratung sichern: \u2714 Diplom Psychologen \u2714 Heilpraktiker f\u00fcr Psychotherapie \u2714 Psychotherapeuten \u2714 Psychologische Berater bei Vistano Psychologie.","potentialAction":[{"@type":"SearchAction","target":{"@type":"EntryPoint","urlTemplate":"https:\/\/gesundheitsberatung.com\/psychologie\/?s={search_term_string}"},"query-input":{"@type":"PropertyValueSpecification","valueRequired":true,"valueName":"search_term_string"}}],"inLanguage":"de"}]}},"_links":{"self":[{"href":"https:\/\/gesundheitsberatung.com\/psychologie\/wp-json\/wp\/v2\/product\/17630","targetHints":{"allow":["GET"]}}],"collection":[{"href":"https:\/\/gesundheitsberatung.com\/psychologie\/wp-json\/wp\/v2\/product"}],"about":[{"href":"https:\/\/gesundheitsberatung.com\/psychologie\/wp-json\/wp\/v2\/types\/product"}],"replies":[{"embeddable":true,"href":"https:\/\/gesundheitsberatung.com\/psychologie\/wp-json\/wp\/v2\/comments?post=17630"}],"wp:featuredmedia":[{"embeddable":true,"href":"https:\/\/gesundheitsberatung.com\/psychologie\/wp-json\/wp\/v2\/media\/23008"}],"wp:attachment":[{"href":"https:\/\/gesundheitsberatung.com\/psychologie\/wp-json\/wp\/v2\/media?parent=17630"}],"wp:term":[{"taxonomy":"product_cat","embeddable":true,"href":"https:\/\/gesundheitsberatung.com\/psychologie\/wp-json\/wp\/v2\/product_cat?post=17630"},{"taxonomy":"product_tag","embeddable":true,"href":"https:\/\/gesundheitsberatung.com\/psychologie\/wp-json\/wp\/v2\/product_tag?post=17630"}],"curies":[{"name":"wp","href":"https:\/\/api.w.org\/{rel}","templated":true}]}}