{"id":17622,"date":"2016-08-04T16:50:57","date_gmt":"2016-08-04T14:50:57","guid":{"rendered":"https:\/\/gesundheitsberatung.com\/psychologie\/?post_type=product&#038;p=17622"},"modified":"2020-01-22T14:32:54","modified_gmt":"2020-01-22T13:32:54","slug":"b-pecher","status":"publish","type":"product","link":"https:\/\/gesundheitsberatung.com\/psychologie\/online-beratung\/heilpraktiker-fuer-psychotherapie\/b-pecher\/","title":{"rendered":"B. Pecher"},"content":{"rendered":"<p>Gerne helfe ich Ihnen, einer L\u00f6sung f\u00fcr Ihre Probleme n\u00e4her zu kommen. <br \/>\n\u00a0&#8230;. denn das Leben konfrontiert uns manchmal mit Problemen und Schwierigkeiten, die wir alleine nicht l\u00f6sen k\u00f6nnen. <\/p>\n<p>In einem einf\u00fchlsamen und vertrauensvollen Gespr\u00e4ch biete ich Ihnen die M\u00f6glichkeit, \u00fcber Ihre Belastungen zu sprechen, vielleicht einen Rat oder Trost einzuholen, L\u00f6sungen zu finden oder die Dinge aus einer anderen Perspektive zu betrachten.<\/p>\n<p>Oft sind Lebenskrisen Wege, die wir nutzen k\u00f6nnen; als M\u00f6glichkeiten f\u00fcr Neuanf\u00e4nge, Ver\u00e4nderungen und Entwicklungen.<\/p>\n<p>\nIn jeder Krise steckt auch immer eine Chance.<\/p>\n<p>\nOb&#8230;<\/p>\n<p>\nberufliche oder private Probleme,<\/p>\n<p>\nBeziehungsprobleme,<\/p>\n<p>\n\u00c4ngste oder Zweifel,<\/p>\n<p>\nKummer und Depressionen,<\/p>\n<p>\nschizophrene St\u00f6rungen,<\/p>\n<p>\nKrankheiten mit ihren Begleiterscheinungen,<\/p>\n<p>\nTrauer, Verlust oder Trennung,<\/p>\n<p>\nEinsamkeit,<\/p>\n<p>\nKrisen,<\/p>\n<p>\nPers\u00f6nlichkeitsprobleme,<\/p>\n<p>\nStress, Burnout oder Mobbing,<\/p>\n<p>\n&#8230;. oder sind Sie einfach nur unzufrieden und wissen nicht, &#8220;wo eigentlich der Schuh dr\u00fcckt&#8221;?<\/p>\n<p>\nIch biete Ihnen&#8230;.<\/p>\n<p>\nein gemeinsames &#8220;sich auf die Suche machen&#8221; nach Ursachen und L\u00f6sungen,<br \/>\ndas Aufzeigen von Wegen zur individuellen Probleml\u00f6sung und Unterst\u00fctzung in Krisen und \u00dcberforderungssituationen.<\/p>\n<p>\nGerne biete ich Ihnen auch Freiminuten zum Kennenlernen an.<\/p>\n<p>Ich freue mich auf unser Gespr\u00e4ch.<\/p>\n<p>\nMit freundlichen Gr\u00fc\u00dfen,<\/p>\n<p>\n \u00a0 \u00a0 \u00a0 \u00a0 \u00a0 \u00a0 \u00a0 \u00a0 \u00a0 \u00a0 \u00a0 \u00a0 Ihre B. Pecher\u00a0 <span class=\"display_none\">5240<\/span><\/p>\n","protected":false},"excerpt":{"rendered":"<p>Oft sind Lebenskrisen Wege, die wir nutzen k\u00f6nnen; als M\u00f6glichkeiten f\u00fcr Neuanf\u00e4nge, Ver\u00e4nderungen und Entwicklungen. Einf\u00fchlsam und verst\u00e4ndnisvoll m\u00f6chte ich mit Ihnen nach L\u00f6sungen schauen.<\/p>\n","protected":false},"featured_media":22877,"comment_status":"open","ping_status":"closed","template":"","meta":[],"product_cat":[],"product_tag":[],"class_list":["post-17622","product","type-product","status-publish","has-post-thumbnail","hentry","online_berater-heilpraktiker-fuer-psychotherapie"],"yoast_head":"<!-- This site is optimized with the Yoast SEO plugin v26.0 - https:\/\/yoast.com\/wordpress\/plugins\/seo\/ -->\n<title>B. Pecher &#187; Heilpraktiker f\u00fcr Psychotherapie &#187; Vistano \u260e Beratung<\/title>\n<meta name=\"description\" content=\"Vistano Heilpraktiker f\u00fcr Psychotherapie &#187; Oft sind Lebenskrisen Wege, die wir nutzen k\u00f6nnen; als M\u00f6glichkeiten f\u00fcr Neuanf\u00e4nge, Ver\u00e4nderungen und Entwicklungen. Einf\u00fchlsam und verst\u00e4ndnisvoll m\u00f6chte ich mit Ihnen nach L\u00f6sungen schauen.\" \/>\n<meta name=\"robots\" content=\"index, follow, max-snippet:-1, max-image-preview:large, max-video-preview:-1\" \/>\n<link rel=\"canonical\" href=\"https:\/\/gesundheitsberatung.com\/psychologie\/online-beratung\/heilpraktiker-fuer-psychotherapie\/b-pecher\/\" \/>\n<meta property=\"og:locale\" content=\"de_DE\" \/>\n<meta property=\"og:type\" content=\"article\" \/>\n<meta property=\"og:title\" content=\"B. Pecher &#187; Heilpraktiker f\u00fcr Psychotherapie &#187; Vistano \u260e Beratung\" \/>\n<meta property=\"og:description\" content=\"Vistano Heilpraktiker f\u00fcr Psychotherapie &#187; Oft sind Lebenskrisen Wege, die wir nutzen k\u00f6nnen; als M\u00f6glichkeiten f\u00fcr Neuanf\u00e4nge, Ver\u00e4nderungen und Entwicklungen. Einf\u00fchlsam und verst\u00e4ndnisvoll m\u00f6chte ich mit Ihnen nach L\u00f6sungen schauen.\" \/>\n<meta property=\"og:url\" content=\"https:\/\/gesundheitsberatung.com\/psychologie\/online-beratung\/heilpraktiker-fuer-psychotherapie\/b-pecher\/\" \/>\n<meta property=\"og:site_name\" content=\"Psychologie\" \/>\n<meta property=\"article:publisher\" content=\"https:\/\/www.facebook.com\/psychologie\/\" \/>\n<meta property=\"article:modified_time\" content=\"2020-01-22T13:32:54+00:00\" \/>\n<meta property=\"og:image\" content=\"https:\/\/gesundheitsberatung.com\/psychologie\/wp-content\/uploads\/sites\/2\/b-pecher-heilpraktiker-f-r-psychotherapie-vistano-berater-id-5240.jpg\" \/>\n\t<meta property=\"og:image:width\" content=\"490\" \/>\n\t<meta property=\"og:image:height\" content=\"490\" \/>\n\t<meta property=\"og:image:type\" content=\"image\/jpeg\" \/>\n<meta name=\"twitter:card\" content=\"summary_large_image\" \/>\n<meta name=\"twitter:site\" content=\"@Vistano\" \/>\n<script type=\"application\/ld+json\" class=\"yoast-schema-graph\">{\"@context\":\"https:\/\/schema.org\",\"@graph\":[{\"@type\":\"WebPage\",\"@id\":\"https:\/\/gesundheitsberatung.com\/psychologie\/online-beratung\/heilpraktiker-fuer-psychotherapie\/b-pecher\/\",\"url\":\"https:\/\/gesundheitsberatung.com\/psychologie\/online-beratung\/heilpraktiker-fuer-psychotherapie\/b-pecher\/\",\"name\":\"B. Pecher &#187; Heilpraktiker f\u00fcr Psychotherapie &#187; Vistano \u260e Beratung\",\"isPartOf\":{\"@id\":\"https:\/\/gesundheitsberatung.com\/psychologie\/#website\"},\"primaryImageOfPage\":{\"@id\":\"https:\/\/gesundheitsberatung.com\/psychologie\/online-beratung\/heilpraktiker-fuer-psychotherapie\/b-pecher\/#primaryimage\"},\"image\":{\"@id\":\"https:\/\/gesundheitsberatung.com\/psychologie\/online-beratung\/heilpraktiker-fuer-psychotherapie\/b-pecher\/#primaryimage\"},\"thumbnailUrl\":\"https:\/\/gesundheitsberatung.com\/psychologie\/wp-content\/uploads\/sites\/2\/b-pecher-heilpraktiker-f-r-psychotherapie-vistano-berater-id-5240.jpg\",\"datePublished\":\"2016-08-04T14:50:57+00:00\",\"dateModified\":\"2020-01-22T13:32:54+00:00\",\"description\":\"Vistano Heilpraktiker f\u00fcr Psychotherapie &#187; Oft sind Lebenskrisen Wege, die wir nutzen k\u00f6nnen; als M\u00f6glichkeiten f\u00fcr Neuanf\u00e4nge, Ver\u00e4nderungen und Entwicklungen. Einf\u00fchlsam und verst\u00e4ndnisvoll m\u00f6chte ich mit Ihnen nach L\u00f6sungen schauen.\",\"breadcrumb\":{\"@id\":\"https:\/\/gesundheitsberatung.com\/psychologie\/online-beratung\/heilpraktiker-fuer-psychotherapie\/b-pecher\/#breadcrumb\"},\"inLanguage\":\"de\",\"potentialAction\":[{\"@type\":\"ReadAction\",\"target\":[\"https:\/\/gesundheitsberatung.com\/psychologie\/online-beratung\/heilpraktiker-fuer-psychotherapie\/b-pecher\/\"]}]},{\"@type\":\"ImageObject\",\"inLanguage\":\"de\",\"@id\":\"https:\/\/gesundheitsberatung.com\/psychologie\/online-beratung\/heilpraktiker-fuer-psychotherapie\/b-pecher\/#primaryimage\",\"url\":\"https:\/\/gesundheitsberatung.com\/psychologie\/wp-content\/uploads\/sites\/2\/b-pecher-heilpraktiker-f-r-psychotherapie-vistano-berater-id-5240.jpg\",\"contentUrl\":\"https:\/\/gesundheitsberatung.com\/psychologie\/wp-content\/uploads\/sites\/2\/b-pecher-heilpraktiker-f-r-psychotherapie-vistano-berater-id-5240.jpg\",\"width\":490,\"height\":490,\"caption\":\"Heilpraktiker f\u00fcr Psychotherapie B. Pecher - Berater-ID: 5240\"},{\"@type\":\"BreadcrumbList\",\"@id\":\"https:\/\/gesundheitsberatung.com\/psychologie\/online-beratung\/heilpraktiker-fuer-psychotherapie\/b-pecher\/#breadcrumb\",\"itemListElement\":[{\"@type\":\"ListItem\",\"position\":1,\"name\":\"Home\",\"item\":\"https:\/\/gesundheitsberatung.com\/psychologie\/\"},{\"@type\":\"ListItem\",\"position\":2,\"name\":\"Produkte\",\"item\":\"https:\/\/gesundheitsberatung.com\/psychologie\/shop\/\"},{\"@type\":\"ListItem\",\"position\":3,\"name\":\"Online Beratung\",\"item\":\"https:\/\/gesundheitsberatung.com\/psychologie\/online_berater\/online-beratung\/\"},{\"@type\":\"ListItem\",\"position\":4,\"name\":\"Heilpraktiker f\u00fcr Psychotherapie\",\"item\":\"https:\/\/gesundheitsberatung.com\/psychologie\/online_berater\/heilpraktiker-fuer-psychotherapie\/\"},{\"@type\":\"ListItem\",\"position\":5,\"name\":\"B. Pecher\"}]},{\"@type\":\"WebSite\",\"@id\":\"https:\/\/gesundheitsberatung.com\/psychologie\/#website\",\"url\":\"https:\/\/gesundheitsberatung.com\/psychologie\/\",\"name\":\"Psychologie\",\"description\":\"Psychologie \u260e Beratung durch Psychologen! Jetzt Gratis-Beratung sichern: \u2714 Diplom Psychologen \u2714 Heilpraktiker f\u00fcr Psychotherapie \u2714 Psychotherapeuten \u2714 Psychologische Berater bei Vistano Psychologie.\",\"potentialAction\":[{\"@type\":\"SearchAction\",\"target\":{\"@type\":\"EntryPoint\",\"urlTemplate\":\"https:\/\/gesundheitsberatung.com\/psychologie\/?s={search_term_string}\"},\"query-input\":{\"@type\":\"PropertyValueSpecification\",\"valueRequired\":true,\"valueName\":\"search_term_string\"}}],\"inLanguage\":\"de\"}]}<\/script>\n<!-- \/ Yoast SEO plugin. -->","yoast_head_json":{"title":"B. Pecher &#187; Heilpraktiker f\u00fcr Psychotherapie &#187; Vistano \u260e Beratung","description":"Vistano Heilpraktiker f\u00fcr Psychotherapie &#187; Oft sind Lebenskrisen Wege, die wir nutzen k\u00f6nnen; als M\u00f6glichkeiten f\u00fcr Neuanf\u00e4nge, Ver\u00e4nderungen und Entwicklungen. Einf\u00fchlsam und verst\u00e4ndnisvoll m\u00f6chte ich mit Ihnen nach L\u00f6sungen schauen.","robots":{"index":"index","follow":"follow","max-snippet":"max-snippet:-1","max-image-preview":"max-image-preview:large","max-video-preview":"max-video-preview:-1"},"canonical":"https:\/\/gesundheitsberatung.com\/psychologie\/online-beratung\/heilpraktiker-fuer-psychotherapie\/b-pecher\/","og_locale":"de_DE","og_type":"article","og_title":"B. Pecher &#187; Heilpraktiker f\u00fcr Psychotherapie &#187; Vistano \u260e Beratung","og_description":"Vistano Heilpraktiker f\u00fcr Psychotherapie &#187; Oft sind Lebenskrisen Wege, die wir nutzen k\u00f6nnen; als M\u00f6glichkeiten f\u00fcr Neuanf\u00e4nge, Ver\u00e4nderungen und Entwicklungen. Einf\u00fchlsam und verst\u00e4ndnisvoll m\u00f6chte ich mit Ihnen nach L\u00f6sungen schauen.","og_url":"https:\/\/gesundheitsberatung.com\/psychologie\/online-beratung\/heilpraktiker-fuer-psychotherapie\/b-pecher\/","og_site_name":"Psychologie","article_publisher":"https:\/\/www.facebook.com\/psychologie\/","article_modified_time":"2020-01-22T13:32:54+00:00","og_image":[{"width":490,"height":490,"url":"https:\/\/gesundheitsberatung.com\/psychologie\/wp-content\/uploads\/sites\/2\/b-pecher-heilpraktiker-f-r-psychotherapie-vistano-berater-id-5240.jpg","type":"image\/jpeg"}],"twitter_card":"summary_large_image","twitter_site":"@Vistano","schema":{"@context":"https:\/\/schema.org","@graph":[{"@type":"WebPage","@id":"https:\/\/gesundheitsberatung.com\/psychologie\/online-beratung\/heilpraktiker-fuer-psychotherapie\/b-pecher\/","url":"https:\/\/gesundheitsberatung.com\/psychologie\/online-beratung\/heilpraktiker-fuer-psychotherapie\/b-pecher\/","name":"B. Pecher &#187; Heilpraktiker f\u00fcr Psychotherapie &#187; Vistano \u260e Beratung","isPartOf":{"@id":"https:\/\/gesundheitsberatung.com\/psychologie\/#website"},"primaryImageOfPage":{"@id":"https:\/\/gesundheitsberatung.com\/psychologie\/online-beratung\/heilpraktiker-fuer-psychotherapie\/b-pecher\/#primaryimage"},"image":{"@id":"https:\/\/gesundheitsberatung.com\/psychologie\/online-beratung\/heilpraktiker-fuer-psychotherapie\/b-pecher\/#primaryimage"},"thumbnailUrl":"https:\/\/gesundheitsberatung.com\/psychologie\/wp-content\/uploads\/sites\/2\/b-pecher-heilpraktiker-f-r-psychotherapie-vistano-berater-id-5240.jpg","datePublished":"2016-08-04T14:50:57+00:00","dateModified":"2020-01-22T13:32:54+00:00","description":"Vistano Heilpraktiker f\u00fcr Psychotherapie &#187; Oft sind Lebenskrisen Wege, die wir nutzen k\u00f6nnen; als M\u00f6glichkeiten f\u00fcr Neuanf\u00e4nge, Ver\u00e4nderungen und Entwicklungen. Einf\u00fchlsam und verst\u00e4ndnisvoll m\u00f6chte ich mit Ihnen nach L\u00f6sungen schauen.","breadcrumb":{"@id":"https:\/\/gesundheitsberatung.com\/psychologie\/online-beratung\/heilpraktiker-fuer-psychotherapie\/b-pecher\/#breadcrumb"},"inLanguage":"de","potentialAction":[{"@type":"ReadAction","target":["https:\/\/gesundheitsberatung.com\/psychologie\/online-beratung\/heilpraktiker-fuer-psychotherapie\/b-pecher\/"]}]},{"@type":"ImageObject","inLanguage":"de","@id":"https:\/\/gesundheitsberatung.com\/psychologie\/online-beratung\/heilpraktiker-fuer-psychotherapie\/b-pecher\/#primaryimage","url":"https:\/\/gesundheitsberatung.com\/psychologie\/wp-content\/uploads\/sites\/2\/b-pecher-heilpraktiker-f-r-psychotherapie-vistano-berater-id-5240.jpg","contentUrl":"https:\/\/gesundheitsberatung.com\/psychologie\/wp-content\/uploads\/sites\/2\/b-pecher-heilpraktiker-f-r-psychotherapie-vistano-berater-id-5240.jpg","width":490,"height":490,"caption":"Heilpraktiker f\u00fcr Psychotherapie B. Pecher - Berater-ID: 5240"},{"@type":"BreadcrumbList","@id":"https:\/\/gesundheitsberatung.com\/psychologie\/online-beratung\/heilpraktiker-fuer-psychotherapie\/b-pecher\/#breadcrumb","itemListElement":[{"@type":"ListItem","position":1,"name":"Home","item":"https:\/\/gesundheitsberatung.com\/psychologie\/"},{"@type":"ListItem","position":2,"name":"Produkte","item":"https:\/\/gesundheitsberatung.com\/psychologie\/shop\/"},{"@type":"ListItem","position":3,"name":"Online Beratung","item":"https:\/\/gesundheitsberatung.com\/psychologie\/online_berater\/online-beratung\/"},{"@type":"ListItem","position":4,"name":"Heilpraktiker f\u00fcr Psychotherapie","item":"https:\/\/gesundheitsberatung.com\/psychologie\/online_berater\/heilpraktiker-fuer-psychotherapie\/"},{"@type":"ListItem","position":5,"name":"B. Pecher"}]},{"@type":"WebSite","@id":"https:\/\/gesundheitsberatung.com\/psychologie\/#website","url":"https:\/\/gesundheitsberatung.com\/psychologie\/","name":"Psychologie","description":"Psychologie \u260e Beratung durch Psychologen! Jetzt Gratis-Beratung sichern: \u2714 Diplom Psychologen \u2714 Heilpraktiker f\u00fcr Psychotherapie \u2714 Psychotherapeuten \u2714 Psychologische Berater bei Vistano Psychologie.","potentialAction":[{"@type":"SearchAction","target":{"@type":"EntryPoint","urlTemplate":"https:\/\/gesundheitsberatung.com\/psychologie\/?s={search_term_string}"},"query-input":{"@type":"PropertyValueSpecification","valueRequired":true,"valueName":"search_term_string"}}],"inLanguage":"de"}]}},"_links":{"self":[{"href":"https:\/\/gesundheitsberatung.com\/psychologie\/wp-json\/wp\/v2\/product\/17622","targetHints":{"allow":["GET"]}}],"collection":[{"href":"https:\/\/gesundheitsberatung.com\/psychologie\/wp-json\/wp\/v2\/product"}],"about":[{"href":"https:\/\/gesundheitsberatung.com\/psychologie\/wp-json\/wp\/v2\/types\/product"}],"replies":[{"embeddable":true,"href":"https:\/\/gesundheitsberatung.com\/psychologie\/wp-json\/wp\/v2\/comments?post=17622"}],"wp:featuredmedia":[{"embeddable":true,"href":"https:\/\/gesundheitsberatung.com\/psychologie\/wp-json\/wp\/v2\/media\/22877"}],"wp:attachment":[{"href":"https:\/\/gesundheitsberatung.com\/psychologie\/wp-json\/wp\/v2\/media?parent=17622"}],"wp:term":[{"taxonomy":"product_cat","embeddable":true,"href":"https:\/\/gesundheitsberatung.com\/psychologie\/wp-json\/wp\/v2\/product_cat?post=17622"},{"taxonomy":"product_tag","embeddable":true,"href":"https:\/\/gesundheitsberatung.com\/psychologie\/wp-json\/wp\/v2\/product_tag?post=17622"}],"curies":[{"name":"wp","href":"https:\/\/api.w.org\/{rel}","templated":true}]}}