{"id":17618,"date":"2016-08-04T16:50:48","date_gmt":"2016-08-04T14:50:48","guid":{"rendered":"https:\/\/gesundheitsberatung.com\/psychologie\/?post_type=product&#038;p=17618"},"modified":"2020-01-22T14:32:11","modified_gmt":"2020-01-22T13:32:11","slug":"m-stefan","status":"publish","type":"product","link":"https:\/\/gesundheitsberatung.com\/psychologie\/online-beratung\/psychologische-berater\/m-stefan\/","title":{"rendered":"M. Stefan"},"content":{"rendered":"<p><span class=\"hinweis_text_single_berater\">Der Kummer der nicht spricht, nagt am Herzen bis es bricht. William Shakespeare<\/span><\/p>\n<p>Liebe Anrufer,<\/p>\n<p>Beratung\/Hilfe in Anspruch zu nehmen, spricht f\u00fcr Ihre pers\u00f6nliche St\u00e4rke.<\/p>\n<p>Ich biete Ihnen eine emphatische, fundierte psychologische Beratung und Coaching an zu allen Themen die Sie aktuell pers\u00f6nlich besch\u00e4ftigen, zur Wiedererlangung einer positiven Sicht der Situation und des Lebens. Ich arbeite l\u00f6sungsorientiert- und fokussiert.<br \/>\nMir ist es wichtig, dass Sie aus unserem Gespr\u00e4ch zufrieden, mit einem L\u00e4cheln und neuen Impulsen und Denkanst\u00f6\u00dfe f\u00fcr Ihr per-s\u00f6nliches Anliegen, Ihre Thematik raus gehen und bereits die positive Ver\u00e4nderung vor Augen sehen.<\/p>\n<p>Unsere Beratung ist anonym und vertraulich.<\/p>\n<p>Ich helfe Ihnen neue Impulse, Denkanst\u00f6\u00dfe, Strategien und L\u00f6sungsans\u00e4tze zu erkennen und sie auf Dauer erfolg-reich und gezielt anzuwenden. Geht nicht gibt\u2019s bei mir nicht, es gibt immer eine individuell auf Ihr pers\u00f6nliches Anliegen passende L\u00f6sung\/Hilfestellung. In meinen Beratungen h\u00f6re ich oft die S\u00e4tze&#8230; wieso habe ich kein Gl\u00fcck, warum geht\u2019s nur mir so, wieso bin ich depressiv, niedergeschlagen und andere sind st\u00e4ndig gut drauf, haben nur Gl\u00fcck&#8230;<\/p>\n<p>Dazu m\u00f6chte ich Ihnen mal folgende Weisheiten einer Geschichte kurz auff\u00fchren, die ich hierzu passend finde&#8230;<\/p>\n<p>Die Geschichte von den zwei W\u00f6lfen<\/p>\n<p>Ein Indianerh\u00e4uptling erz\u00e4hlt seinem Sohn folgende Geschichte: <\/p>\n<p>&#8220;Mein Sohn, in jedem von uns tobt ein Kampf zwischen 2 W\u00f6lfen.<\/p>\n<p>Der eine Wolf ist b\u00f6se. Er k\u00e4mpft mit \u00c4rger, Neid, Eifersucht, Sorgen, Gier, Arroganz, Selbstmitleid, L\u00fcgen, \u00dcberheblichkeit, Egoismus<br \/>\nund Missgunst.<\/p>\n<p>Der andere Wolf ist gut. Er k\u00e4mpft mit Liebe, Freude, Frieden, Hoffnung, Gelassenheit, G\u00fcte, Mitgef\u00fchl, Gro\u00dfz\u00fcgigkeit, Dankbarkeit, Vertrauen und Wahrheit.<\/p>\n<p>&#8221; Der Sohn fragt: &#8220;Und welcher der beiden W\u00f6lfe gewinnt?&#8221;<br \/>\n&#8220;Der H\u00e4uptling antwortet ihm: <br \/>\n&#8220;Der, den du f\u00fctterst.&#8221;<\/p>\n<p>Je mehr wir den negativen Gef\u00fchlen freien Lauf lassen, umso m\u00e4chtiger und st\u00e4rker werden diese. Je mehr wir unsere positiven Ge-<br \/>\nf\u00fchle pflegen, um so st\u00e4rker werden diese und um so h\u00e4ufiger sp\u00fcren wir diese. Welcher der beiden W\u00f6lfe in Ihnen den Kampf<br \/>\ngewinnt, darauf haben Sie eine Menge Einfluss.<\/p>\n<p>Hierzu erarbeite ich gerne mit Ihnen zusammen positive Glaubenss\u00e4tze, halten Sie einen Stift dazu bereit.<\/p>\n<p>Qualifikation:<\/p>\n<p>Zertifizierte Psychologische Beraterin<br \/>\nAutogenes Training<br \/>\nMeditation und Entspannungstechniken<\/p>\n<p>Meine Spezialgebiete:<\/p>\n<p>Gespr\u00e4chspsychotherapie nach Rogers<br \/>\nP\u00e4dagogische Beratung<br \/>\nMotivationscoaching<br \/>\nDepressionen<br \/>\nPartnerschaftsprobleme<br \/>\nLiebeskummer<br \/>\nPaarberatung<br \/>\nFragen zur Sexualit\u00e4t<br \/>\nBerufsprobleme, Mobbing im Beruf<br \/>\nKonfliktberatung<br \/>\nPr\u00fcfungsangst, Lernprobleme<br \/>\nTrauerbew\u00e4ltigung<br \/>\nSuizidgedanken<br \/>\nAkute Notsituationen<br \/>\nSucht<\/p>\n<p>Ich freue mich auf weitere sch\u00f6ne und erfolgreiche Gespr\u00e4che<\/p>\n<p>Herzlichst, Ihre M. Stefan<span class=\"display_none\">5218<\/span><\/p>\n","protected":false},"excerpt":{"rendered":"<p>Beratungscoaching bei Partnerschaftsproblemen, Burnout, Sucht, Angstst\u00f6rungen, Stressbew\u00e4ltigung, Depressionen u.v.<\/p>\n","protected":false},"featured_media":22870,"comment_status":"open","ping_status":"closed","template":"","meta":[],"product_cat":[],"product_tag":[],"class_list":["post-17618","product","type-product","status-publish","has-post-thumbnail","hentry","online_berater-psychologische-berater"],"yoast_head":"<!-- This site is optimized with the Yoast SEO plugin v26.0 - https:\/\/yoast.com\/wordpress\/plugins\/seo\/ -->\n<title>M. Stefan &#187; Psychologische Berater &#187; Vistano \u260e Beratung<\/title>\n<meta name=\"description\" content=\"Vistano Psychologische Berater &#187; Beratungscoaching bei Partnerschaftsproblemen, Burnout, Sucht, Angstst\u00f6rungen, Stressbew\u00e4ltigung, Depressionen u.v.\" \/>\n<meta name=\"robots\" content=\"index, follow, max-snippet:-1, max-image-preview:large, max-video-preview:-1\" \/>\n<link rel=\"canonical\" href=\"https:\/\/gesundheitsberatung.com\/psychologie\/online-beratung\/psychologische-berater\/m-stefan\/\" \/>\n<meta property=\"og:locale\" content=\"de_DE\" \/>\n<meta property=\"og:type\" content=\"article\" \/>\n<meta property=\"og:title\" content=\"M. Stefan &#187; Psychologische Berater &#187; Vistano \u260e Beratung\" \/>\n<meta property=\"og:description\" content=\"Vistano Psychologische Berater &#187; Beratungscoaching bei Partnerschaftsproblemen, Burnout, Sucht, Angstst\u00f6rungen, Stressbew\u00e4ltigung, Depressionen u.v.\" \/>\n<meta property=\"og:url\" content=\"https:\/\/gesundheitsberatung.com\/psychologie\/online-beratung\/psychologische-berater\/m-stefan\/\" \/>\n<meta property=\"og:site_name\" content=\"Psychologie\" \/>\n<meta property=\"article:publisher\" content=\"https:\/\/www.facebook.com\/psychologie\/\" \/>\n<meta property=\"article:modified_time\" content=\"2020-01-22T13:32:11+00:00\" \/>\n<meta property=\"og:image\" content=\"https:\/\/gesundheitsberatung.com\/psychologie\/wp-content\/uploads\/sites\/2\/m-stefan-psychologische-berater-vistano-berater-id-5218.jpg\" \/>\n\t<meta property=\"og:image:width\" content=\"1695\" \/>\n\t<meta property=\"og:image:height\" content=\"1695\" \/>\n\t<meta property=\"og:image:type\" content=\"image\/jpeg\" \/>\n<meta name=\"twitter:card\" content=\"summary_large_image\" \/>\n<meta name=\"twitter:site\" content=\"@Vistano\" \/>\n<script type=\"application\/ld+json\" class=\"yoast-schema-graph\">{\"@context\":\"https:\/\/schema.org\",\"@graph\":[{\"@type\":\"WebPage\",\"@id\":\"https:\/\/gesundheitsberatung.com\/psychologie\/online-beratung\/psychologische-berater\/m-stefan\/\",\"url\":\"https:\/\/gesundheitsberatung.com\/psychologie\/online-beratung\/psychologische-berater\/m-stefan\/\",\"name\":\"M. Stefan &#187; Psychologische Berater &#187; Vistano \u260e Beratung\",\"isPartOf\":{\"@id\":\"https:\/\/gesundheitsberatung.com\/psychologie\/#website\"},\"primaryImageOfPage\":{\"@id\":\"https:\/\/gesundheitsberatung.com\/psychologie\/online-beratung\/psychologische-berater\/m-stefan\/#primaryimage\"},\"image\":{\"@id\":\"https:\/\/gesundheitsberatung.com\/psychologie\/online-beratung\/psychologische-berater\/m-stefan\/#primaryimage\"},\"thumbnailUrl\":\"https:\/\/gesundheitsberatung.com\/psychologie\/wp-content\/uploads\/sites\/2\/m-stefan-psychologische-berater-vistano-berater-id-5218.jpg\",\"datePublished\":\"2016-08-04T14:50:48+00:00\",\"dateModified\":\"2020-01-22T13:32:11+00:00\",\"description\":\"Vistano Psychologische Berater &#187; Beratungscoaching bei Partnerschaftsproblemen, Burnout, Sucht, Angstst\u00f6rungen, Stressbew\u00e4ltigung, Depressionen u.v.\",\"breadcrumb\":{\"@id\":\"https:\/\/gesundheitsberatung.com\/psychologie\/online-beratung\/psychologische-berater\/m-stefan\/#breadcrumb\"},\"inLanguage\":\"de\",\"potentialAction\":[{\"@type\":\"ReadAction\",\"target\":[\"https:\/\/gesundheitsberatung.com\/psychologie\/online-beratung\/psychologische-berater\/m-stefan\/\"]}]},{\"@type\":\"ImageObject\",\"inLanguage\":\"de\",\"@id\":\"https:\/\/gesundheitsberatung.com\/psychologie\/online-beratung\/psychologische-berater\/m-stefan\/#primaryimage\",\"url\":\"https:\/\/gesundheitsberatung.com\/psychologie\/wp-content\/uploads\/sites\/2\/m-stefan-psychologische-berater-vistano-berater-id-5218.jpg\",\"contentUrl\":\"https:\/\/gesundheitsberatung.com\/psychologie\/wp-content\/uploads\/sites\/2\/m-stefan-psychologische-berater-vistano-berater-id-5218.jpg\",\"width\":1695,\"height\":1695,\"caption\":\"Psychologische Berater M. Stefan - Berater-ID: 5218\"},{\"@type\":\"BreadcrumbList\",\"@id\":\"https:\/\/gesundheitsberatung.com\/psychologie\/online-beratung\/psychologische-berater\/m-stefan\/#breadcrumb\",\"itemListElement\":[{\"@type\":\"ListItem\",\"position\":1,\"name\":\"Home\",\"item\":\"https:\/\/gesundheitsberatung.com\/psychologie\/\"},{\"@type\":\"ListItem\",\"position\":2,\"name\":\"Produkte\",\"item\":\"https:\/\/gesundheitsberatung.com\/psychologie\/shop\/\"},{\"@type\":\"ListItem\",\"position\":3,\"name\":\"Online Beratung\",\"item\":\"https:\/\/gesundheitsberatung.com\/psychologie\/online_berater\/online-beratung\/\"},{\"@type\":\"ListItem\",\"position\":4,\"name\":\"Psychologische Berater\",\"item\":\"https:\/\/gesundheitsberatung.com\/psychologie\/online_berater\/psychologische-berater\/\"},{\"@type\":\"ListItem\",\"position\":5,\"name\":\"M. Stefan\"}]},{\"@type\":\"WebSite\",\"@id\":\"https:\/\/gesundheitsberatung.com\/psychologie\/#website\",\"url\":\"https:\/\/gesundheitsberatung.com\/psychologie\/\",\"name\":\"Psychologie\",\"description\":\"Psychologie \u260e Beratung durch Psychologen! Jetzt Gratis-Beratung sichern: \u2714 Diplom Psychologen \u2714 Heilpraktiker f\u00fcr Psychotherapie \u2714 Psychotherapeuten \u2714 Psychologische Berater bei Vistano Psychologie.\",\"potentialAction\":[{\"@type\":\"SearchAction\",\"target\":{\"@type\":\"EntryPoint\",\"urlTemplate\":\"https:\/\/gesundheitsberatung.com\/psychologie\/?s={search_term_string}\"},\"query-input\":{\"@type\":\"PropertyValueSpecification\",\"valueRequired\":true,\"valueName\":\"search_term_string\"}}],\"inLanguage\":\"de\"}]}<\/script>\n<!-- \/ Yoast SEO plugin. -->","yoast_head_json":{"title":"M. Stefan &#187; Psychologische Berater &#187; Vistano \u260e Beratung","description":"Vistano Psychologische Berater &#187; Beratungscoaching bei Partnerschaftsproblemen, Burnout, Sucht, Angstst\u00f6rungen, Stressbew\u00e4ltigung, Depressionen u.v.","robots":{"index":"index","follow":"follow","max-snippet":"max-snippet:-1","max-image-preview":"max-image-preview:large","max-video-preview":"max-video-preview:-1"},"canonical":"https:\/\/gesundheitsberatung.com\/psychologie\/online-beratung\/psychologische-berater\/m-stefan\/","og_locale":"de_DE","og_type":"article","og_title":"M. Stefan &#187; Psychologische Berater &#187; Vistano \u260e Beratung","og_description":"Vistano Psychologische Berater &#187; Beratungscoaching bei Partnerschaftsproblemen, Burnout, Sucht, Angstst\u00f6rungen, Stressbew\u00e4ltigung, Depressionen u.v.","og_url":"https:\/\/gesundheitsberatung.com\/psychologie\/online-beratung\/psychologische-berater\/m-stefan\/","og_site_name":"Psychologie","article_publisher":"https:\/\/www.facebook.com\/psychologie\/","article_modified_time":"2020-01-22T13:32:11+00:00","og_image":[{"width":1695,"height":1695,"url":"https:\/\/gesundheitsberatung.com\/psychologie\/wp-content\/uploads\/sites\/2\/m-stefan-psychologische-berater-vistano-berater-id-5218.jpg","type":"image\/jpeg"}],"twitter_card":"summary_large_image","twitter_site":"@Vistano","schema":{"@context":"https:\/\/schema.org","@graph":[{"@type":"WebPage","@id":"https:\/\/gesundheitsberatung.com\/psychologie\/online-beratung\/psychologische-berater\/m-stefan\/","url":"https:\/\/gesundheitsberatung.com\/psychologie\/online-beratung\/psychologische-berater\/m-stefan\/","name":"M. Stefan &#187; Psychologische Berater &#187; Vistano \u260e Beratung","isPartOf":{"@id":"https:\/\/gesundheitsberatung.com\/psychologie\/#website"},"primaryImageOfPage":{"@id":"https:\/\/gesundheitsberatung.com\/psychologie\/online-beratung\/psychologische-berater\/m-stefan\/#primaryimage"},"image":{"@id":"https:\/\/gesundheitsberatung.com\/psychologie\/online-beratung\/psychologische-berater\/m-stefan\/#primaryimage"},"thumbnailUrl":"https:\/\/gesundheitsberatung.com\/psychologie\/wp-content\/uploads\/sites\/2\/m-stefan-psychologische-berater-vistano-berater-id-5218.jpg","datePublished":"2016-08-04T14:50:48+00:00","dateModified":"2020-01-22T13:32:11+00:00","description":"Vistano Psychologische Berater &#187; Beratungscoaching bei Partnerschaftsproblemen, Burnout, Sucht, Angstst\u00f6rungen, Stressbew\u00e4ltigung, Depressionen u.v.","breadcrumb":{"@id":"https:\/\/gesundheitsberatung.com\/psychologie\/online-beratung\/psychologische-berater\/m-stefan\/#breadcrumb"},"inLanguage":"de","potentialAction":[{"@type":"ReadAction","target":["https:\/\/gesundheitsberatung.com\/psychologie\/online-beratung\/psychologische-berater\/m-stefan\/"]}]},{"@type":"ImageObject","inLanguage":"de","@id":"https:\/\/gesundheitsberatung.com\/psychologie\/online-beratung\/psychologische-berater\/m-stefan\/#primaryimage","url":"https:\/\/gesundheitsberatung.com\/psychologie\/wp-content\/uploads\/sites\/2\/m-stefan-psychologische-berater-vistano-berater-id-5218.jpg","contentUrl":"https:\/\/gesundheitsberatung.com\/psychologie\/wp-content\/uploads\/sites\/2\/m-stefan-psychologische-berater-vistano-berater-id-5218.jpg","width":1695,"height":1695,"caption":"Psychologische Berater M. Stefan - Berater-ID: 5218"},{"@type":"BreadcrumbList","@id":"https:\/\/gesundheitsberatung.com\/psychologie\/online-beratung\/psychologische-berater\/m-stefan\/#breadcrumb","itemListElement":[{"@type":"ListItem","position":1,"name":"Home","item":"https:\/\/gesundheitsberatung.com\/psychologie\/"},{"@type":"ListItem","position":2,"name":"Produkte","item":"https:\/\/gesundheitsberatung.com\/psychologie\/shop\/"},{"@type":"ListItem","position":3,"name":"Online Beratung","item":"https:\/\/gesundheitsberatung.com\/psychologie\/online_berater\/online-beratung\/"},{"@type":"ListItem","position":4,"name":"Psychologische Berater","item":"https:\/\/gesundheitsberatung.com\/psychologie\/online_berater\/psychologische-berater\/"},{"@type":"ListItem","position":5,"name":"M. Stefan"}]},{"@type":"WebSite","@id":"https:\/\/gesundheitsberatung.com\/psychologie\/#website","url":"https:\/\/gesundheitsberatung.com\/psychologie\/","name":"Psychologie","description":"Psychologie \u260e Beratung durch Psychologen! Jetzt Gratis-Beratung sichern: \u2714 Diplom Psychologen \u2714 Heilpraktiker f\u00fcr Psychotherapie \u2714 Psychotherapeuten \u2714 Psychologische Berater bei Vistano Psychologie.","potentialAction":[{"@type":"SearchAction","target":{"@type":"EntryPoint","urlTemplate":"https:\/\/gesundheitsberatung.com\/psychologie\/?s={search_term_string}"},"query-input":{"@type":"PropertyValueSpecification","valueRequired":true,"valueName":"search_term_string"}}],"inLanguage":"de"}]}},"_links":{"self":[{"href":"https:\/\/gesundheitsberatung.com\/psychologie\/wp-json\/wp\/v2\/product\/17618","targetHints":{"allow":["GET"]}}],"collection":[{"href":"https:\/\/gesundheitsberatung.com\/psychologie\/wp-json\/wp\/v2\/product"}],"about":[{"href":"https:\/\/gesundheitsberatung.com\/psychologie\/wp-json\/wp\/v2\/types\/product"}],"replies":[{"embeddable":true,"href":"https:\/\/gesundheitsberatung.com\/psychologie\/wp-json\/wp\/v2\/comments?post=17618"}],"wp:featuredmedia":[{"embeddable":true,"href":"https:\/\/gesundheitsberatung.com\/psychologie\/wp-json\/wp\/v2\/media\/22870"}],"wp:attachment":[{"href":"https:\/\/gesundheitsberatung.com\/psychologie\/wp-json\/wp\/v2\/media?parent=17618"}],"wp:term":[{"taxonomy":"product_cat","embeddable":true,"href":"https:\/\/gesundheitsberatung.com\/psychologie\/wp-json\/wp\/v2\/product_cat?post=17618"},{"taxonomy":"product_tag","embeddable":true,"href":"https:\/\/gesundheitsberatung.com\/psychologie\/wp-json\/wp\/v2\/product_tag?post=17618"}],"curies":[{"name":"wp","href":"https:\/\/api.w.org\/{rel}","templated":true}]}}